{"id":22378,"date":"2024-03-01T16:51:25","date_gmt":"2024-03-01T15:51:25","guid":{"rendered":"https:\/\/u15jnbdpoq.preview.infomaniak.website\/produit\/100-sacos-medios-de-batatas-fritas-kraft\/"},"modified":"2026-04-10T02:14:28","modified_gmt":"2026-04-10T00:14:28","slug":"100-sacos-medios-de-batatas-fritas-kraft","status":"publish","type":"product","link":"https:\/\/www.csj-emballages.com\/pt-pt\/produit\/100-sacos-medios-de-batatas-fritas-kraft\/","title":{"rendered":"Saco m\u00e9dio de cart\u00e3o para batatas fritas, 100"},"content":{"rendered":"<h2>Batatas fritas<\/h2>\n<hr>\n<h3>Descri\u00e7\u00e3o do nosso saco de cart\u00e3o m\u00e9dio de Chips, embalagem de 100<\/h3>\n<p><!--more--><\/p>\n<p data-start=\"187\" data-end=\"623\">Se procura uma forma simples e eficaz de apresentar as suas <strong>batatas fritas<\/strong>, mantendo o servi\u00e7o fluido, esta<strong> bolsa<\/strong> <strong>de cart\u00e3o<\/strong> \u00e9 para si. Concebida para ser leve, pr\u00e1tica e f\u00e1cil de segurar, tem o tamanho perfeito para <g id=\"gid_4\">por\u00e7\u00f5es<\/g> <g id=\"gid_3\">de tamanho m\u00e9dio<\/g>. Assim que a enche, mant\u00e9m a sua forma, para que as suas batatas fritas n\u00e3o se esmaguem ou caiam durante o servi\u00e7o.  <\/p>\n<p data-start=\"625\" data-end=\"1057\">Gra\u00e7as ao seu <strong>cart\u00e3o<\/strong> <strong>resistente<\/strong>, resiste ao calor e \u00e0 humidade sem qualquer problema, o que \u00e9 ideal quando as encomendas chegam umas a seguir \u00e0s outras. Os clientes podem saborear as suas batatas fritas sem o risco de se queimarem ou de a gordura se infiltrar, o que melhora realmente a experi\u00eancia de comer. O seu<strong> tamanho<\/strong> tamb\u00e9m o torna muito \u00fatil para snack-bares, cami\u00f5es de transporte de alimentos, stands de feiras ou restaurantes que ofere\u00e7am acompanhamentos r\u00e1pidos.  <\/p>\n<p data-start=\"1059\" data-end=\"1378\">Como \u00e9 fornecido em <strong data-start=\"1083\" data-end=\"1097\">lotes de 100<\/strong>, tem um stock confort\u00e1vel quando precisa dele. Isto significa que pode lidar com as pressas sem stress, mantendo o seu posto de trabalho organizado. <\/p>\n<p data-start=\"1059\" data-end=\"1378\">Com o seu aspeto <strong>natural<\/strong>, integra-se facilmente em qualquer ambiente culin\u00e1rio. Pode mesmo ser combinada com outras embalagens para criar uma apresenta\u00e7\u00e3o harmoniosa: tabuleiros, saquetas ou <span style=\"color: #d12727;\"><a style=\"color: #d12727;\" href=\"https:\/\/www.csj-emballages.com\/pt-pt\/categorie-produit\/embalagem-de-alimentos\/restauracao\/caixas-tabuleiros-bolsas-cones\/tabuleiros-caixas-de-cartao\/lancheiras\/\">caixas de hamb\u00fargueres<\/a><\/span>. A sua simplicidade torna-o um meio vers\u00e1til, perfeito para uma cozedura r\u00e1pida mas de qualidade.  <\/p>\n<p data-start=\"1734\" data-end=\"1898\">Em suma, este<strong> saco para batatas fritas<\/strong> combina praticidade, facilidade de utiliza\u00e7\u00e3o e um bom ajuste. Um must-have para servir os alimentos de forma limpa, r\u00e1pida e com estilo. <\/p>\n<p data-start=\"931\" data-end=\"1119\"><!--more--><\/p>\n<h4 data-start=\"931\" data-end=\"1119\">Vantagens :<\/h4>\n<ul>\n<li data-start=\"1926\" data-end=\"1984\">Formato compacto, perfeito para<strong> por\u00e7\u00f5es padr\u00e3o<\/strong>.<\/li>\n<li data-start=\"1987\" data-end=\"2025\"><strong>Cart\u00e3o s\u00f3lido<\/strong> que n\u00e3o se deforma.<\/li>\n<li data-start=\"2028\" data-end=\"2067\">Resistente ao calor e \u00e0 gordura.<\/li>\n<li data-start=\"2070\" data-end=\"2112\">R\u00e1pido de abrir e f\u00e1cil de manusear.<\/li>\n<li data-start=\"2115\" data-end=\"2159\"><strong>Lote de 100<\/strong> para uma boa gest\u00e3o de stocks.<\/li>\n<\/ul>\n<p>.<\/p>\n<p data-start=\"931\" data-end=\"1119\"><!--more--><\/p>\n<h4>Outras informa\u00e7\u00f5es :<\/h4>\n<ul>\n<li><strong>Embalagem<\/strong>: Pacote de 100<\/li>\n<li><strong>Dimens\u00f5es<\/strong>: 90 x 132 x 130 mm (C x L x A)<\/li>\n<li><strong>Material<\/strong>: Cart\u00e3o<\/li>\n<li><strong>Modelo<\/strong>: M\u00e9dio<\/li>\n<\/ul>\n<p>&nbsp;<\/p>\n<p><!--more--><\/p>\n<p>Este produto est\u00e1 dispon\u00edvel em v\u00e1rios tamanhos: <span style=\"color: #d12727;\"><a style=\"color: #d12727;\" href=\"https:\/\/www.csj-emballages.com\/pt-pt\/produit\/100-sacos-pequenos-de-batatas-fritas-kraft\/\">Pequeno<\/a><\/span> \/ <span style=\"color: #d12727;\"><a style=\"color: #d12727;\" href=\"https:\/\/www.csj-emballages.com\/produit\/100-pochette-carton-pour-frites-kraft-grande-large-cornet\/\">Grande<\/a><\/span><\/p>\n<p>&nbsp;<\/p>\n<p><!--more--><\/p>\n<p><a href=\"https:\/\/www.csj-emballages.com\/pt-pt\/categorie-produit\/embalagem-de-alimentos\/restauracao\/caixas-tabuleiros-bolsas-cones\/batatas-fritas-panquecas-tacos-wraps\/\">Ver o resto da nossa gama de bolsas para batatas fritas \/ panquecas \/ tacos \/ wraps<\/a><\/p>\n","protected":false},"excerpt":{"rendered":"<p>Batatas fritas Descri\u00e7\u00e3o do nosso saco de cart\u00e3o m\u00e9dio de Chips, embalagem de 100<\/p>\n","protected":false},"featured_media":230445,"template":"","meta":{"_acf_changed":false},"product_brand":[],"product_cat":[1141,1138,3088],"product_tag":[],"class_list":{"0":"post-22378","1":"product","2":"type-product","3":"status-publish","4":"has-post-thumbnail","6":"product_cat-embalagem-de-alimentos","7":"product_cat-restauracao","8":"product_cat-batatas-fritas-panquecas-tacos-wraps","10":"first","11":"instock","12":"taxable","13":"shipping-taxable","14":"purchasable","15":"product-type-simple"},"acf":[],"yoast_head":"<!-- This site is optimized with the Yoast SEO Premium plugin v26.6 (Yoast SEO v26.6) - https:\/\/yoast.com\/wordpress\/plugins\/seo\/ -->\n<title>Bolsa para batatas fritas Caixa m\u00e9dia 100<\/title>\n<meta name=\"description\" content=\"Saco m\u00e9dio de cart\u00e3o para batatas fritas, vendido em embalagens de 100 unidades. Pr\u00e1tico, resistente e ideal para snack-bares, cami\u00f5es de transporte de alimentos e restaurantes take-away.\" \/>\n<meta name=\"robots\" content=\"index, follow, max-snippet:-1, max-image-preview:large, max-video-preview:-1\" \/>\n<link rel=\"canonical\" href=\"https:\/\/www.csj-emballages.com\/pt-pt\/produit\/100-sacos-medios-de-batatas-fritas-kraft\/\" \/>\n<meta property=\"og:locale\" content=\"pt_PT\" \/>\n<meta property=\"og:type\" content=\"article\" \/>\n<meta property=\"og:title\" content=\"Saco m\u00e9dio de cart\u00e3o para batatas fritas, 100\" \/>\n<meta property=\"og:description\" content=\"Saco m\u00e9dio de cart\u00e3o para batatas fritas, vendido em embalagens de 100 unidades. Pr\u00e1tico, resistente e ideal para snack-bares, cami\u00f5es de transporte de alimentos e restaurantes take-away.\" \/>\n<meta property=\"og:url\" content=\"https:\/\/www.csj-emballages.com\/pt-pt\/produit\/100-sacos-medios-de-batatas-fritas-kraft\/\" \/>\n<meta property=\"og:site_name\" content=\"CSJ Emballages\" \/>\n<meta property=\"article:publisher\" content=\"https:\/\/www.facebook.com\/csjemballages\" \/>\n<meta property=\"article:modified_time\" content=\"2026-04-10T00:14:28+00:00\" \/>\n<meta property=\"og:image\" content=\"https:\/\/www.csj-emballages.com\/wp-content\/uploads\/2024\/03\/PF2K.webp\" \/>\n\t<meta property=\"og:image:width\" content=\"800\" \/>\n\t<meta property=\"og:image:height\" content=\"800\" \/>\n\t<meta property=\"og:image:type\" content=\"image\/webp\" \/>\n<meta name=\"twitter:card\" content=\"summary_large_image\" \/>\n<meta name=\"twitter:label1\" content=\"Tempo estimado de leitura\" \/>\n\t<meta name=\"twitter:data1\" content=\"2 minutos\" \/>\n<script type=\"application\/ld+json\" class=\"yoast-schema-graph\">{\"@context\":\"https:\/\/schema.org\",\"@graph\":[{\"@type\":\"WebPage\",\"@id\":\"https:\/\/www.csj-emballages.com\/pt-pt\/produit\/100-sacos-medios-de-batatas-fritas-kraft\/\",\"url\":\"https:\/\/www.csj-emballages.com\/pt-pt\/produit\/100-sacos-medios-de-batatas-fritas-kraft\/\",\"name\":\"Bolsa para batatas fritas Caixa m\u00e9dia 100\",\"isPartOf\":{\"@id\":\"https:\/\/www.csj-emballages.com\/pt-pt\/#website\"},\"primaryImageOfPage\":{\"@id\":\"https:\/\/www.csj-emballages.com\/pt-pt\/produit\/100-sacos-medios-de-batatas-fritas-kraft\/#primaryimage\"},\"image\":{\"@id\":\"https:\/\/www.csj-emballages.com\/pt-pt\/produit\/100-sacos-medios-de-batatas-fritas-kraft\/#primaryimage\"},\"thumbnailUrl\":\"https:\/\/www.csj-emballages.com\/wp-content\/uploads\/2024\/03\/PF2K.webp\",\"datePublished\":\"2024-03-01T15:51:25+00:00\",\"dateModified\":\"2026-04-10T00:14:28+00:00\",\"description\":\"Saco m\u00e9dio de cart\u00e3o para batatas fritas, vendido em embalagens de 100 unidades. Pr\u00e1tico, resistente e ideal para snack-bares, cami\u00f5es de transporte de alimentos e restaurantes take-away.\",\"breadcrumb\":{\"@id\":\"https:\/\/www.csj-emballages.com\/pt-pt\/produit\/100-sacos-medios-de-batatas-fritas-kraft\/#breadcrumb\"},\"inLanguage\":\"pt-PT\",\"potentialAction\":[{\"@type\":\"ReadAction\",\"target\":[\"https:\/\/www.csj-emballages.com\/pt-pt\/produit\/100-sacos-medios-de-batatas-fritas-kraft\/\"]}]},{\"@type\":\"ImageObject\",\"inLanguage\":\"pt-PT\",\"@id\":\"https:\/\/www.csj-emballages.com\/pt-pt\/produit\/100-sacos-medios-de-batatas-fritas-kraft\/#primaryimage\",\"url\":\"https:\/\/www.csj-emballages.com\/wp-content\/uploads\/2024\/03\/PF2K.webp\",\"contentUrl\":\"https:\/\/www.csj-emballages.com\/wp-content\/uploads\/2024\/03\/PF2K.webp\",\"width\":800,\"height\":800,\"caption\":\"Pochette frites\"},{\"@type\":\"BreadcrumbList\",\"@id\":\"https:\/\/www.csj-emballages.com\/pt-pt\/produit\/100-sacos-medios-de-batatas-fritas-kraft\/#breadcrumb\",\"itemListElement\":[{\"@type\":\"ListItem\",\"position\":1,\"name\":\"Acolhimento\",\"item\":\"https:\/\/www.csj-emballages.com\/pt-pt\/universo-das-embalagens-alimentares\/\"},{\"@type\":\"ListItem\",\"position\":2,\"name\":\"Shop\",\"item\":\"https:\/\/www.csj-emballages.com\/shop\/\"},{\"@type\":\"ListItem\",\"position\":3,\"name\":\"Saco m\u00e9dio de cart\u00e3o para batatas fritas, 100\"}]},{\"@type\":\"WebSite\",\"@id\":\"https:\/\/www.csj-emballages.com\/pt-pt\/#website\",\"url\":\"https:\/\/www.csj-emballages.com\/pt-pt\/\",\"name\":\"CSJ Emballages\",\"description\":\"\",\"publisher\":{\"@id\":\"https:\/\/www.csj-emballages.com\/pt-pt\/#organization\"},\"potentialAction\":[{\"@type\":\"SearchAction\",\"target\":{\"@type\":\"EntryPoint\",\"urlTemplate\":\"https:\/\/www.csj-emballages.com\/pt-pt\/?s={search_term_string}\"},\"query-input\":{\"@type\":\"PropertyValueSpecification\",\"valueRequired\":true,\"valueName\":\"search_term_string\"}}],\"inLanguage\":\"pt-PT\"},{\"@type\":\"Organization\",\"@id\":\"https:\/\/www.csj-emballages.com\/pt-pt\/#Organization\/\",\"name\":\"CSJ Emballages\",\"url\":\"https:\/\/www.csj-emballages.com\/pt-pt\/\",\"logo\":{\"@type\":\"ImageObject\",\"inLanguage\":\"pt-PT\",\"@id\":\"https:\/\/www.csj-emballages.com\/pt-pt\/#\/schema\/logo\/image\/\",\"url\":\"https:\/\/www.csj-emballages.com\/wp-content\/uploads\/2023\/10\/logo_csj.webp\",\"contentUrl\":\"https:\/\/www.csj-emballages.com\/wp-content\/uploads\/2023\/10\/logo_csj.webp\",\"width\":250,\"height\":95,\"caption\":\"CSJ Emballages\"},\"image\":{\"@id\":\"https:\/\/www.csj-emballages.com\/pt-pt\/#\/schema\/logo\/image\/\"},\"sameAs\":[\"https:\/\/www.facebook.com\/csjemballages\"],\"address\":{\"@type\":\"PostalAddress\",\"streetAddress\":\"ZI La Lechere\",\"addressLocality\":\"Patornay\",\"postalCode\":\"39130\",\"addressCountry\":\"FR\"},\"contactPoint\":[{\"@type\":\"ContactPoint\",\"contactType\":\"Service client\",\"telephone\":\"0384254272\",\"email\":\"contact@csj-emballages.com\"}]}]}<\/script>\n<!-- \/ Yoast SEO Premium plugin. -->","yoast_head_json":{"title":"Bolsa para batatas fritas Caixa m\u00e9dia 100","description":"Saco m\u00e9dio de cart\u00e3o para batatas fritas, vendido em embalagens de 100 unidades. Pr\u00e1tico, resistente e ideal para snack-bares, cami\u00f5es de transporte de alimentos e restaurantes take-away.","robots":{"index":"index","follow":"follow","max-snippet":"max-snippet:-1","max-image-preview":"max-image-preview:large","max-video-preview":"max-video-preview:-1"},"canonical":"https:\/\/www.csj-emballages.com\/pt-pt\/produit\/100-sacos-medios-de-batatas-fritas-kraft\/","og_locale":"pt_PT","og_type":"article","og_title":"Saco m\u00e9dio de cart\u00e3o para batatas fritas, 100","og_description":"Saco m\u00e9dio de cart\u00e3o para batatas fritas, vendido em embalagens de 100 unidades. Pr\u00e1tico, resistente e ideal para snack-bares, cami\u00f5es de transporte de alimentos e restaurantes take-away.","og_url":"https:\/\/www.csj-emballages.com\/pt-pt\/produit\/100-sacos-medios-de-batatas-fritas-kraft\/","og_site_name":"CSJ Emballages","article_publisher":"https:\/\/www.facebook.com\/csjemballages","article_modified_time":"2026-04-10T00:14:28+00:00","og_image":[{"width":800,"height":800,"url":"https:\/\/www.csj-emballages.com\/wp-content\/uploads\/2024\/03\/PF2K.webp","type":"image\/webp"}],"twitter_card":"summary_large_image","twitter_misc":{"Tempo estimado de leitura":"2 minutos"},"schema":{"@context":"https:\/\/schema.org","@graph":[{"@type":"WebPage","@id":"https:\/\/www.csj-emballages.com\/pt-pt\/produit\/100-sacos-medios-de-batatas-fritas-kraft\/","url":"https:\/\/www.csj-emballages.com\/pt-pt\/produit\/100-sacos-medios-de-batatas-fritas-kraft\/","name":"Bolsa para batatas fritas Caixa m\u00e9dia 100","isPartOf":{"@id":"https:\/\/www.csj-emballages.com\/pt-pt\/#website"},"primaryImageOfPage":{"@id":"https:\/\/www.csj-emballages.com\/pt-pt\/produit\/100-sacos-medios-de-batatas-fritas-kraft\/#primaryimage"},"image":{"@id":"https:\/\/www.csj-emballages.com\/pt-pt\/produit\/100-sacos-medios-de-batatas-fritas-kraft\/#primaryimage"},"thumbnailUrl":"https:\/\/www.csj-emballages.com\/wp-content\/uploads\/2024\/03\/PF2K.webp","datePublished":"2024-03-01T15:51:25+00:00","dateModified":"2026-04-10T00:14:28+00:00","description":"Saco m\u00e9dio de cart\u00e3o para batatas fritas, vendido em embalagens de 100 unidades. Pr\u00e1tico, resistente e ideal para snack-bares, cami\u00f5es de transporte de alimentos e restaurantes take-away.","breadcrumb":{"@id":"https:\/\/www.csj-emballages.com\/pt-pt\/produit\/100-sacos-medios-de-batatas-fritas-kraft\/#breadcrumb"},"inLanguage":"pt-PT","potentialAction":[{"@type":"ReadAction","target":["https:\/\/www.csj-emballages.com\/pt-pt\/produit\/100-sacos-medios-de-batatas-fritas-kraft\/"]}]},{"@type":"ImageObject","inLanguage":"pt-PT","@id":"https:\/\/www.csj-emballages.com\/pt-pt\/produit\/100-sacos-medios-de-batatas-fritas-kraft\/#primaryimage","url":"https:\/\/www.csj-emballages.com\/wp-content\/uploads\/2024\/03\/PF2K.webp","contentUrl":"https:\/\/www.csj-emballages.com\/wp-content\/uploads\/2024\/03\/PF2K.webp","width":800,"height":800,"caption":"Pochette frites"},{"@type":"BreadcrumbList","@id":"https:\/\/www.csj-emballages.com\/pt-pt\/produit\/100-sacos-medios-de-batatas-fritas-kraft\/#breadcrumb","itemListElement":[{"@type":"ListItem","position":1,"name":"Acolhimento","item":"https:\/\/www.csj-emballages.com\/pt-pt\/universo-das-embalagens-alimentares\/"},{"@type":"ListItem","position":2,"name":"Shop","item":"https:\/\/www.csj-emballages.com\/shop\/"},{"@type":"ListItem","position":3,"name":"Saco m\u00e9dio de cart\u00e3o para batatas fritas, 100"}]},{"@type":"WebSite","@id":"https:\/\/www.csj-emballages.com\/pt-pt\/#website","url":"https:\/\/www.csj-emballages.com\/pt-pt\/","name":"CSJ Emballages","description":"","publisher":{"@id":"https:\/\/www.csj-emballages.com\/pt-pt\/#organization"},"potentialAction":[{"@type":"SearchAction","target":{"@type":"EntryPoint","urlTemplate":"https:\/\/www.csj-emballages.com\/pt-pt\/?s={search_term_string}"},"query-input":{"@type":"PropertyValueSpecification","valueRequired":true,"valueName":"search_term_string"}}],"inLanguage":"pt-PT"},{"@type":"Organization","@id":"https:\/\/www.csj-emballages.com\/pt-pt\/#Organization\/","name":"CSJ Emballages","url":"https:\/\/www.csj-emballages.com\/pt-pt\/","logo":{"@type":"ImageObject","inLanguage":"pt-PT","@id":"https:\/\/www.csj-emballages.com\/pt-pt\/#\/schema\/logo\/image\/","url":"https:\/\/www.csj-emballages.com\/wp-content\/uploads\/2023\/10\/logo_csj.webp","contentUrl":"https:\/\/www.csj-emballages.com\/wp-content\/uploads\/2023\/10\/logo_csj.webp","width":250,"height":95,"caption":"CSJ Emballages"},"image":{"@id":"https:\/\/www.csj-emballages.com\/pt-pt\/#\/schema\/logo\/image\/"},"sameAs":["https:\/\/www.facebook.com\/csjemballages"],"address":{"@type":"PostalAddress","streetAddress":"ZI La Lechere","addressLocality":"Patornay","postalCode":"39130","addressCountry":"FR"},"contactPoint":[{"@type":"ContactPoint","contactType":"Service client","telephone":"0384254272","email":"contact@csj-emballages.com"}]}]}},"df_price":8.22,"df_sale_price":"","df_regular_price":8.22,"df_image_link":"https:\/\/www.csj-emballages.com\/wp-content\/uploads\/2024\/03\/PF2K-300x300.webp","tiered_pricing_type":"fixed","tiered_pricing_fixed_rules":[],"tiered_pricing_percentage_rules":[],"tiered_pricing_minimum":1,"tiered_pricing_roles_data":[],"_links":{"self":[{"href":"https:\/\/www.csj-emballages.com\/pt-pt\/wp-json\/wp\/v2\/product\/22378","targetHints":{"allow":["GET"]}}],"collection":[{"href":"https:\/\/www.csj-emballages.com\/pt-pt\/wp-json\/wp\/v2\/product"}],"about":[{"href":"https:\/\/www.csj-emballages.com\/pt-pt\/wp-json\/wp\/v2\/types\/product"}],"wp:featuredmedia":[{"embeddable":true,"href":"https:\/\/www.csj-emballages.com\/pt-pt\/wp-json\/wp\/v2\/media\/230445"}],"wp:attachment":[{"href":"https:\/\/www.csj-emballages.com\/pt-pt\/wp-json\/wp\/v2\/media?parent=22378"}],"wp:term":[{"taxonomy":"product_brand","embeddable":true,"href":"https:\/\/www.csj-emballages.com\/pt-pt\/wp-json\/wp\/v2\/product_brand?post=22378"},{"taxonomy":"product_cat","embeddable":true,"href":"https:\/\/www.csj-emballages.com\/pt-pt\/wp-json\/wp\/v2\/product_cat?post=22378"},{"taxonomy":"product_tag","embeddable":true,"href":"https:\/\/www.csj-emballages.com\/pt-pt\/wp-json\/wp\/v2\/product_tag?post=22378"}],"curies":[{"name":"wp","href":"https:\/\/api.w.org\/{rel}","templated":true}]}}