{"id":22372,"date":"2024-03-01T16:51:24","date_gmt":"2024-03-01T15:51:24","guid":{"rendered":"https:\/\/u15jnbdpoq.preview.infomaniak.website\/produit\/bola-de-rafia-laranja-chocolate-200m-x-125-mm\/"},"modified":"2026-03-12T16:31:57","modified_gmt":"2026-03-12T15:31:57","slug":"bola-de-rafia-laranja-chocolate-200m-x-125-mm","status":"publish","type":"product","link":"https:\/\/www.csj-emballages.com\/pt-pt\/produit\/bola-de-rafia-laranja-chocolate-200m-x-125-mm\/","title":{"rendered":"Bola de r\u00e1fia laranja \/ chocolate 200m x 12,5 mm"},"content":{"rendered":"<h2 style=\"text-indent: 0px; box-sizing: inherit; font-family: Roboto, sans-serif;\">Novelo de r\u00e1fia<\/h2>\n<hr>\n<h3>Descubra o nosso novelo de r\u00e1fia laranja \/ chocolate 200 m x 12,5 mm<\/h3>\n<p><!--more--><\/p>\n<p data-start=\"227\" data-end=\"610\">Este <strong>novelo de r\u00e1fia<\/strong> <strong data-start=\"250\" data-end=\"271\">laranja \/ chocolate<\/strong> joga com tons quentes e deliciosos que conferem imediatamente car\u00e1cter \u00e0s suas embalagens. A combina\u00e7\u00e3o do <strong>laranja<\/strong> <strong>luminoso<\/strong> e do <strong>castanho profundo<\/strong> cria um contraste elegante, simultaneamente moderno e acolhedor. \u00c9 o tipo de detalhe que atrai o olhar sem exagerar e que d\u00e1 imediatamente uma impress\u00e3o de cuidado e qualidade.  <\/p>\n<p data-start=\"612\" data-end=\"991\">Com os seus <strong data-start=\"621\" data-end=\"647\">200 metros de comprimento<\/strong>, este <strong>novelo<\/strong> acompanha-o a longo prazo. Pode utiliz\u00e1-lo para in\u00fameras cria\u00e7\u00f5es sem ter de renovar o seu stock com muita frequ\u00eancia. A sua largura de <strong data-start=\"811\" data-end=\"820\">12,5 mm<\/strong> oferece uma boa resist\u00eancia e permite realizar <strong>n\u00f3s precisos<\/strong>, <strong>limpos<\/strong> e <strong>regulares<\/strong>. Manipula-se facilmente, corta-se sem esfor\u00e7o e permanece bem no lugar depois de atado.   <\/p>\n<p data-start=\"993\" data-end=\"1353\">Esta <strong>r\u00e1fia bicolor<\/strong> adapta-se a diversos universos. \u00c9 perfeita para o com\u00e9rcio alimentar, lojas, cestos gourmet, embalagens de presentes ou decora\u00e7\u00f5es sazonais. As cores <strong>laranja<\/strong> e <strong>chocolate<\/strong> funcionam particularmente bem no outono, durante as festas ou para destacar produtos artesanais e gourmet.  <\/p>\n<p data-start=\"1355\" data-end=\"1571\">Na pr\u00e1tica, esta <strong>r\u00e1fia<\/strong> permite transformar uma embalagem simples numa apresenta\u00e7\u00e3o mais elaborada, sem complicar o seu dia a dia. Acrescenta um toque visual forte, mantendo-se discreta e f\u00e1cil de utilizar. <\/p>\n<p data-start=\"1573\" data-end=\"1704\">Em resumo, este <strong>novelo de r\u00e1fia laranja \/ chocolate<\/strong> \u00e9 uma excelente escolha se procura aliar efic\u00e1cia, est\u00e9tica e originalidade nas suas embalagens.<\/p>\n<p data-start=\"1573\" data-end=\"1704\">\n<p data-start=\"1643\" data-end=\"1786\"><!--more--><\/p>\n<h4 data-start=\"1643\" data-end=\"1786\">Vantagens :<\/h4>\n<ul>\n<li data-start=\"1733\" data-end=\"1778\">Combina\u00e7\u00e3o de cores quente e elegante.<\/li>\n<li data-start=\"1781\" data-end=\"1824\"><strong>Comprimento de 200 m<\/strong> para uma utiliza\u00e7\u00e3o prolongada.<\/li>\n<li data-start=\"1827\" data-end=\"1867\"><strong>Largura<\/strong> <strong>de<\/strong> <strong>10 mm<\/strong> para uma boa resist\u00eancia.<\/li>\n<li data-start=\"1870\" data-end=\"1899\">F\u00e1cil de cortar e atar.<\/li>\n<li data-start=\"1902\" data-end=\"1951\">Ideal para embalagem, decora\u00e7\u00e3o e apresenta\u00e7\u00e3o.<\/li>\n<\/ul>\n<p>&nbsp;<\/p>\n<p><!--more--><\/p>\n<h4 style=\"text-indent: 0px; box-sizing: inherit; font-family: Roboto, sans-serif;\">Outras informa\u00e7\u00f5es :<\/h4>\n<ul>\n<li><strong>Embalagem<\/strong>: Por unidade<\/li>\n<li><strong>Largura<\/strong>: 12,5 mm<\/li>\n<li><strong>Comprimento<\/strong>: 200 m<\/li>\n<li><strong>Cor<\/strong>: Laranja \/ chocolate<\/li>\n<li><strong>Modelo<\/strong>: R\u00e1fia &#8220;Papermat&#8221;<\/li>\n<li><strong>Material<\/strong>: PP<\/li>\n<\/ul>\n<h2 style=\"font-family: Roboto, sans-serif; box-sizing: inherit;\"><\/h2>\n<p><!--more--><\/p>\n<p>Este novelo de r\u00e1fia est\u00e1 dispon\u00edvel em diferentes cores: <span style=\"color: #d12727;\"><a style=\"color: #d12727;\" href=\"https:\/\/www.csj-emballages.com\/es\/produit\/bola-de-rafia-blanca-plateada-100m-x-10mm\/\">Branco &#8211; Prata<\/a><\/span> \/ <span style=\"color: #d12727;\"><a style=\"color: #d12727;\" href=\"https:\/\/www.csj-emballages.com\/es\/produit\/bola-de-rafia-kraft-100m-x-10mm\/\">Kraft<\/a><\/span> \/ <span style=\"color: #d12727;\"><a style=\"color: #d12727;\" href=\"https:\/\/www.csj-emballages.com\/es\/produit\/rafia-maiz-amapola-bola-200m-x-10mm\/\">Milho &#8211; Papoila<\/a><\/span> \/ <span style=\"color: #d12727;\"><a style=\"color: #d12727;\" href=\"https:\/\/www.csj-emballages.com\/es\/produit\/bola-de-rafia-roja-burdeos-200-m-x-125-mm\/\">Vermelho &#8211; Bord\u00f4<\/a><\/span><\/p>\n<p>&nbsp;<\/p>\n<p><!--more--><\/p>\n<p><a href=\"https:\/\/www.csj-emballages.com\/pt-pt\/categorie-produit\/embalagem-de-alimentos\/padaria-e-pastelaria\/acessorios-e-equipamentos\/acessorios-decorativos\/bolas-de-rafia-pt-pt\/\">Consulte o resto da nossa gama de novelos de r\u00e1fia<\/a><\/p>\n","protected":false},"excerpt":{"rendered":"<p>Novelo de r\u00e1fia Descubra o nosso novelo de r\u00e1fia laranja \/ chocolate 200 m x 12,5 mm<\/p>\n","protected":false},"featured_media":259500,"template":"","meta":{"_acf_changed":false},"product_brand":[],"product_cat":[1141,1177,1796,3082,1482,1805,3084],"product_tag":[],"class_list":{"0":"post-22372","1":"product","2":"type-product","3":"status-publish","4":"has-post-thumbnail","6":"product_cat-embalagem-de-alimentos","7":"product_cat-padaria-e-pastelaria","8":"product_cat-acessorios-decorativos","9":"product_cat-bolas-de-rafia-pt-pt","10":"product_cat-loja-e-armazem","11":"product_cat-acessorios-decorativos-pt-pt","12":"product_cat-bolas-de-rafia-pt-pt-2","14":"first","15":"instock","16":"taxable","17":"shipping-taxable","18":"purchasable","19":"product-type-simple"},"acf":[],"yoast_head":"<!-- This site is optimized with the Yoast SEO Premium plugin v26.6 (Yoast SEO v26.6) - https:\/\/yoast.com\/wordpress\/plugins\/seo\/ -->\n<title>Novelo de R\u00e1fia Laranja \/ Chocolate 200 m x 12,5 mm<\/title>\n<meta name=\"description\" content=\"Novelo de r\u00e1fia laranja\/chocolate 200 m x 12,5 mm, bicolor e resistente. Perfeito para valorizar as suas embalagens e decora\u00e7\u00f5es com estilo.\" \/>\n<meta name=\"robots\" content=\"index, follow, max-snippet:-1, max-image-preview:large, max-video-preview:-1\" \/>\n<link rel=\"canonical\" href=\"https:\/\/www.csj-emballages.com\/pt-pt\/produit\/bola-de-rafia-laranja-chocolate-200m-x-125-mm\/\" \/>\n<meta property=\"og:locale\" content=\"pt_PT\" \/>\n<meta property=\"og:type\" content=\"article\" \/>\n<meta property=\"og:title\" content=\"Bola de r\u00e1fia laranja \/ chocolate 200m x 12,5 mm\" \/>\n<meta property=\"og:description\" content=\"Novelo de r\u00e1fia laranja\/chocolate 200 m x 12,5 mm, bicolor e resistente. Perfeito para valorizar as suas embalagens e decora\u00e7\u00f5es com estilo.\" \/>\n<meta property=\"og:url\" content=\"https:\/\/www.csj-emballages.com\/pt-pt\/produit\/bola-de-rafia-laranja-chocolate-200m-x-125-mm\/\" \/>\n<meta property=\"og:site_name\" content=\"CSJ Emballages\" \/>\n<meta property=\"article:publisher\" content=\"https:\/\/www.facebook.com\/csjemballages\" \/>\n<meta property=\"article:modified_time\" content=\"2026-03-12T15:31:57+00:00\" \/>\n<meta property=\"og:image\" content=\"https:\/\/www.csj-emballages.com\/wp-content\/uploads\/2024\/03\/PELORAF81.webp\" \/>\n\t<meta property=\"og:image:width\" content=\"800\" \/>\n\t<meta property=\"og:image:height\" content=\"800\" \/>\n\t<meta property=\"og:image:type\" content=\"image\/webp\" \/>\n<meta name=\"twitter:card\" content=\"summary_large_image\" \/>\n<meta name=\"twitter:label1\" content=\"Tempo estimado de leitura\" \/>\n\t<meta name=\"twitter:data1\" content=\"2 minutos\" \/>\n<script type=\"application\/ld+json\" class=\"yoast-schema-graph\">{\"@context\":\"https:\/\/schema.org\",\"@graph\":[{\"@type\":\"WebPage\",\"@id\":\"https:\/\/www.csj-emballages.com\/pt-pt\/produit\/bola-de-rafia-laranja-chocolate-200m-x-125-mm\/\",\"url\":\"https:\/\/www.csj-emballages.com\/pt-pt\/produit\/bola-de-rafia-laranja-chocolate-200m-x-125-mm\/\",\"name\":\"Novelo de R\u00e1fia Laranja \/ Chocolate 200 m x 12,5 mm\",\"isPartOf\":{\"@id\":\"https:\/\/www.csj-emballages.com\/pt-pt\/#website\"},\"primaryImageOfPage\":{\"@id\":\"https:\/\/www.csj-emballages.com\/pt-pt\/produit\/bola-de-rafia-laranja-chocolate-200m-x-125-mm\/#primaryimage\"},\"image\":{\"@id\":\"https:\/\/www.csj-emballages.com\/pt-pt\/produit\/bola-de-rafia-laranja-chocolate-200m-x-125-mm\/#primaryimage\"},\"thumbnailUrl\":\"https:\/\/www.csj-emballages.com\/wp-content\/uploads\/2024\/03\/PELORAF81.webp\",\"datePublished\":\"2024-03-01T15:51:24+00:00\",\"dateModified\":\"2026-03-12T15:31:57+00:00\",\"description\":\"Novelo de r\u00e1fia laranja\/chocolate 200 m x 12,5 mm, bicolor e resistente. Perfeito para valorizar as suas embalagens e decora\u00e7\u00f5es com estilo.\",\"breadcrumb\":{\"@id\":\"https:\/\/www.csj-emballages.com\/pt-pt\/produit\/bola-de-rafia-laranja-chocolate-200m-x-125-mm\/#breadcrumb\"},\"inLanguage\":\"pt-PT\",\"potentialAction\":[{\"@type\":\"ReadAction\",\"target\":[\"https:\/\/www.csj-emballages.com\/pt-pt\/produit\/bola-de-rafia-laranja-chocolate-200m-x-125-mm\/\"]}]},{\"@type\":\"ImageObject\",\"inLanguage\":\"pt-PT\",\"@id\":\"https:\/\/www.csj-emballages.com\/pt-pt\/produit\/bola-de-rafia-laranja-chocolate-200m-x-125-mm\/#primaryimage\",\"url\":\"https:\/\/www.csj-emballages.com\/wp-content\/uploads\/2024\/03\/PELORAF81.webp\",\"contentUrl\":\"https:\/\/www.csj-emballages.com\/wp-content\/uploads\/2024\/03\/PELORAF81.webp\",\"width\":800,\"height\":800,\"caption\":\"Pelote raffia\"},{\"@type\":\"BreadcrumbList\",\"@id\":\"https:\/\/www.csj-emballages.com\/pt-pt\/produit\/bola-de-rafia-laranja-chocolate-200m-x-125-mm\/#breadcrumb\",\"itemListElement\":[{\"@type\":\"ListItem\",\"position\":1,\"name\":\"Acolhimento\",\"item\":\"https:\/\/www.csj-emballages.com\/pt-pt\/universo-das-embalagens-alimentares\/\"},{\"@type\":\"ListItem\",\"position\":2,\"name\":\"Shop\",\"item\":\"https:\/\/www.csj-emballages.com\/shop\/\"},{\"@type\":\"ListItem\",\"position\":3,\"name\":\"Bola de r\u00e1fia laranja \/ chocolate 200m x 12,5 mm\"}]},{\"@type\":\"WebSite\",\"@id\":\"https:\/\/www.csj-emballages.com\/pt-pt\/#website\",\"url\":\"https:\/\/www.csj-emballages.com\/pt-pt\/\",\"name\":\"CSJ Emballages\",\"description\":\"\",\"publisher\":{\"@id\":\"https:\/\/www.csj-emballages.com\/pt-pt\/#organization\"},\"potentialAction\":[{\"@type\":\"SearchAction\",\"target\":{\"@type\":\"EntryPoint\",\"urlTemplate\":\"https:\/\/www.csj-emballages.com\/pt-pt\/?s={search_term_string}\"},\"query-input\":{\"@type\":\"PropertyValueSpecification\",\"valueRequired\":true,\"valueName\":\"search_term_string\"}}],\"inLanguage\":\"pt-PT\"},{\"@type\":\"Organization\",\"@id\":\"https:\/\/www.csj-emballages.com\/pt-pt\/#Organization\/\",\"name\":\"CSJ Emballages\",\"url\":\"https:\/\/www.csj-emballages.com\/pt-pt\/\",\"logo\":{\"@type\":\"ImageObject\",\"inLanguage\":\"pt-PT\",\"@id\":\"https:\/\/www.csj-emballages.com\/pt-pt\/#\/schema\/logo\/image\/\",\"url\":\"https:\/\/www.csj-emballages.com\/wp-content\/uploads\/2023\/10\/logo_csj.webp\",\"contentUrl\":\"https:\/\/www.csj-emballages.com\/wp-content\/uploads\/2023\/10\/logo_csj.webp\",\"width\":250,\"height\":95,\"caption\":\"CSJ Emballages\"},\"image\":{\"@id\":\"https:\/\/www.csj-emballages.com\/pt-pt\/#\/schema\/logo\/image\/\"},\"sameAs\":[\"https:\/\/www.facebook.com\/csjemballages\"],\"address\":{\"@type\":\"PostalAddress\",\"streetAddress\":\"ZI La Lechere\",\"addressLocality\":\"Patornay\",\"postalCode\":\"39130\",\"addressCountry\":\"FR\"},\"contactPoint\":[{\"@type\":\"ContactPoint\",\"contactType\":\"Service client\",\"telephone\":\"0384254272\",\"email\":\"contact@csj-emballages.com\"}]}]}<\/script>\n<!-- \/ Yoast SEO Premium plugin. -->","yoast_head_json":{"title":"Novelo de R\u00e1fia Laranja \/ Chocolate 200 m x 12,5 mm","description":"Novelo de r\u00e1fia laranja\/chocolate 200 m x 12,5 mm, bicolor e resistente. Perfeito para valorizar as suas embalagens e decora\u00e7\u00f5es com estilo.","robots":{"index":"index","follow":"follow","max-snippet":"max-snippet:-1","max-image-preview":"max-image-preview:large","max-video-preview":"max-video-preview:-1"},"canonical":"https:\/\/www.csj-emballages.com\/pt-pt\/produit\/bola-de-rafia-laranja-chocolate-200m-x-125-mm\/","og_locale":"pt_PT","og_type":"article","og_title":"Bola de r\u00e1fia laranja \/ chocolate 200m x 12,5 mm","og_description":"Novelo de r\u00e1fia laranja\/chocolate 200 m x 12,5 mm, bicolor e resistente. Perfeito para valorizar as suas embalagens e decora\u00e7\u00f5es com estilo.","og_url":"https:\/\/www.csj-emballages.com\/pt-pt\/produit\/bola-de-rafia-laranja-chocolate-200m-x-125-mm\/","og_site_name":"CSJ Emballages","article_publisher":"https:\/\/www.facebook.com\/csjemballages","article_modified_time":"2026-03-12T15:31:57+00:00","og_image":[{"width":800,"height":800,"url":"https:\/\/www.csj-emballages.com\/wp-content\/uploads\/2024\/03\/PELORAF81.webp","type":"image\/webp"}],"twitter_card":"summary_large_image","twitter_misc":{"Tempo estimado de leitura":"2 minutos"},"schema":{"@context":"https:\/\/schema.org","@graph":[{"@type":"WebPage","@id":"https:\/\/www.csj-emballages.com\/pt-pt\/produit\/bola-de-rafia-laranja-chocolate-200m-x-125-mm\/","url":"https:\/\/www.csj-emballages.com\/pt-pt\/produit\/bola-de-rafia-laranja-chocolate-200m-x-125-mm\/","name":"Novelo de R\u00e1fia Laranja \/ Chocolate 200 m x 12,5 mm","isPartOf":{"@id":"https:\/\/www.csj-emballages.com\/pt-pt\/#website"},"primaryImageOfPage":{"@id":"https:\/\/www.csj-emballages.com\/pt-pt\/produit\/bola-de-rafia-laranja-chocolate-200m-x-125-mm\/#primaryimage"},"image":{"@id":"https:\/\/www.csj-emballages.com\/pt-pt\/produit\/bola-de-rafia-laranja-chocolate-200m-x-125-mm\/#primaryimage"},"thumbnailUrl":"https:\/\/www.csj-emballages.com\/wp-content\/uploads\/2024\/03\/PELORAF81.webp","datePublished":"2024-03-01T15:51:24+00:00","dateModified":"2026-03-12T15:31:57+00:00","description":"Novelo de r\u00e1fia laranja\/chocolate 200 m x 12,5 mm, bicolor e resistente. Perfeito para valorizar as suas embalagens e decora\u00e7\u00f5es com estilo.","breadcrumb":{"@id":"https:\/\/www.csj-emballages.com\/pt-pt\/produit\/bola-de-rafia-laranja-chocolate-200m-x-125-mm\/#breadcrumb"},"inLanguage":"pt-PT","potentialAction":[{"@type":"ReadAction","target":["https:\/\/www.csj-emballages.com\/pt-pt\/produit\/bola-de-rafia-laranja-chocolate-200m-x-125-mm\/"]}]},{"@type":"ImageObject","inLanguage":"pt-PT","@id":"https:\/\/www.csj-emballages.com\/pt-pt\/produit\/bola-de-rafia-laranja-chocolate-200m-x-125-mm\/#primaryimage","url":"https:\/\/www.csj-emballages.com\/wp-content\/uploads\/2024\/03\/PELORAF81.webp","contentUrl":"https:\/\/www.csj-emballages.com\/wp-content\/uploads\/2024\/03\/PELORAF81.webp","width":800,"height":800,"caption":"Pelote raffia"},{"@type":"BreadcrumbList","@id":"https:\/\/www.csj-emballages.com\/pt-pt\/produit\/bola-de-rafia-laranja-chocolate-200m-x-125-mm\/#breadcrumb","itemListElement":[{"@type":"ListItem","position":1,"name":"Acolhimento","item":"https:\/\/www.csj-emballages.com\/pt-pt\/universo-das-embalagens-alimentares\/"},{"@type":"ListItem","position":2,"name":"Shop","item":"https:\/\/www.csj-emballages.com\/shop\/"},{"@type":"ListItem","position":3,"name":"Bola de r\u00e1fia laranja \/ chocolate 200m x 12,5 mm"}]},{"@type":"WebSite","@id":"https:\/\/www.csj-emballages.com\/pt-pt\/#website","url":"https:\/\/www.csj-emballages.com\/pt-pt\/","name":"CSJ Emballages","description":"","publisher":{"@id":"https:\/\/www.csj-emballages.com\/pt-pt\/#organization"},"potentialAction":[{"@type":"SearchAction","target":{"@type":"EntryPoint","urlTemplate":"https:\/\/www.csj-emballages.com\/pt-pt\/?s={search_term_string}"},"query-input":{"@type":"PropertyValueSpecification","valueRequired":true,"valueName":"search_term_string"}}],"inLanguage":"pt-PT"},{"@type":"Organization","@id":"https:\/\/www.csj-emballages.com\/pt-pt\/#Organization\/","name":"CSJ Emballages","url":"https:\/\/www.csj-emballages.com\/pt-pt\/","logo":{"@type":"ImageObject","inLanguage":"pt-PT","@id":"https:\/\/www.csj-emballages.com\/pt-pt\/#\/schema\/logo\/image\/","url":"https:\/\/www.csj-emballages.com\/wp-content\/uploads\/2023\/10\/logo_csj.webp","contentUrl":"https:\/\/www.csj-emballages.com\/wp-content\/uploads\/2023\/10\/logo_csj.webp","width":250,"height":95,"caption":"CSJ Emballages"},"image":{"@id":"https:\/\/www.csj-emballages.com\/pt-pt\/#\/schema\/logo\/image\/"},"sameAs":["https:\/\/www.facebook.com\/csjemballages"],"address":{"@type":"PostalAddress","streetAddress":"ZI La Lechere","addressLocality":"Patornay","postalCode":"39130","addressCountry":"FR"},"contactPoint":[{"@type":"ContactPoint","contactType":"Service client","telephone":"0384254272","email":"contact@csj-emballages.com"}]}]}},"df_price":8.64,"df_sale_price":"","df_regular_price":8.64,"df_image_link":"https:\/\/www.csj-emballages.com\/wp-content\/uploads\/2024\/03\/PELORAF81-300x300.webp","tiered_pricing_type":"fixed","tiered_pricing_fixed_rules":[],"tiered_pricing_percentage_rules":[],"tiered_pricing_minimum":1,"tiered_pricing_roles_data":[],"_links":{"self":[{"href":"https:\/\/www.csj-emballages.com\/pt-pt\/wp-json\/wp\/v2\/product\/22372","targetHints":{"allow":["GET"]}}],"collection":[{"href":"https:\/\/www.csj-emballages.com\/pt-pt\/wp-json\/wp\/v2\/product"}],"about":[{"href":"https:\/\/www.csj-emballages.com\/pt-pt\/wp-json\/wp\/v2\/types\/product"}],"wp:featuredmedia":[{"embeddable":true,"href":"https:\/\/www.csj-emballages.com\/pt-pt\/wp-json\/wp\/v2\/media\/259500"}],"wp:attachment":[{"href":"https:\/\/www.csj-emballages.com\/pt-pt\/wp-json\/wp\/v2\/media?parent=22372"}],"wp:term":[{"taxonomy":"product_brand","embeddable":true,"href":"https:\/\/www.csj-emballages.com\/pt-pt\/wp-json\/wp\/v2\/product_brand?post=22372"},{"taxonomy":"product_cat","embeddable":true,"href":"https:\/\/www.csj-emballages.com\/pt-pt\/wp-json\/wp\/v2\/product_cat?post=22372"},{"taxonomy":"product_tag","embeddable":true,"href":"https:\/\/www.csj-emballages.com\/pt-pt\/wp-json\/wp\/v2\/product_tag?post=22372"}],"curies":[{"name":"wp","href":"https:\/\/api.w.org\/{rel}","templated":true}]}}