{"id":22362,"date":"2024-03-01T16:51:25","date_gmt":"2024-03-01T15:51:25","guid":{"rendered":"https:\/\/u15jnbdpoq.preview.infomaniak.website\/produit\/bola-de-rafia-branca-prateada-100m-x-10mm\/"},"modified":"2026-03-12T16:31:55","modified_gmt":"2026-03-12T15:31:55","slug":"bola-de-rafia-branca-prateada-100m-x-10mm","status":"publish","type":"product","link":"https:\/\/www.csj-emballages.com\/pt-pt\/produit\/bola-de-rafia-branca-prateada-100m-x-10mm\/","title":{"rendered":"Bola de r\u00e1fia branca \/ prateada 100m x 10mm"},"content":{"rendered":"<h2 style=\"text-indent: 0px; box-sizing: inherit; font-family: Roboto, sans-serif;\">Novelo de r\u00e1fia<\/h2>\n<hr>\n<h3>Descubra o nosso novelo de r\u00e1fia branco \/ prateado 100 m x 10 mm<\/h3>\n<p><!--more--><\/p>\n<p data-start=\"240\" data-end=\"649\">Por vezes, s\u00e3o os pequenos detalhes que fazem toda a diferen\u00e7a. Este <strong data-start=\"312\" data-end=\"348\">novelo de r\u00e1fia branco e prateado<\/strong> traz precisamente aquele toque extra que transforma uma embalagem simples numa apresenta\u00e7\u00e3o cuidada e elegante. A sua mistura de branco luminoso e reflexos prateados capta a luz com subtileza, sem nunca exagerar. Resultado: um aspeto elegante, limpo e moderno, perfeito para todas as ocasi\u00f5es.   <\/p>\n<p data-start=\"651\" data-end=\"1040\">Com os seus <strong data-start=\"660\" data-end=\"686\">100 metros de comprimento<\/strong> e a sua largura de <strong data-start=\"704\" data-end=\"713\">10 mm<\/strong>, esta r\u00e1fia oferece uma verdadeira liberdade de utiliza\u00e7\u00e3o. Pode facilmente fazer n\u00f3s, envolver caixas, fechar sacos ou decorar cestos de presentes. \u00c9 f\u00e1cil de manusear, n\u00e3o parte ao dobrar e mant\u00e9m-se bem depois de atada. Por outras palavras, poupa tempo e obt\u00e9m um resultado impec\u00e1vel.   <\/p>\n<p data-start=\"1042\" data-end=\"1377\">Esta r\u00e1fia \u00e9 adequada tanto para profissionais como para particulares. Adapta-se a embalagens de alimentos, caixas de presentes, decora\u00e7\u00f5es de festas ou cria\u00e7\u00f5es artesanais. Seja para o Natal, um evento, uma montra ou um simples presente, confere um toque requintado sem sobrecarregar a apresenta\u00e7\u00e3o.  <\/p>\n<p data-start=\"1379\" data-end=\"1641\">Al\u00e9m disso, o seu aspeto de papel confere-lhe um estilo natural, mantendo-se resistente. Pode utiliz\u00e1-la diariamente sem receio de que perca o seu brilho ou a sua forma. \u00c9 o tipo de acess\u00f3rio discreto, mas eficaz, que gostamos sempre de ter \u00e0 m\u00e3o.  <\/p>\n<p data-start=\"1643\" data-end=\"1786\">Em resumo, este novelo de r\u00e1fia branco e prateado \u00e9 ideal para valorizar as suas embalagens e cria\u00e7\u00f5es com simplicidade, eleg\u00e2ncia e coer\u00eancia.<\/p>\n<p data-start=\"1643\" data-end=\"1786\">\n<p data-start=\"1643\" data-end=\"1786\"><!--more--><\/p>\n<h4 data-start=\"1643\" data-end=\"1786\">Vantagens :<\/h4>\n<ul>\n<li data-start=\"1814\" data-end=\"1860\">Associa\u00e7\u00e3o elegante do <strong>branco<\/strong> e da <strong>prata<\/strong>.<\/li>\n<li data-start=\"1863\" data-end=\"1892\">Comprimento generoso de <strong>100 m<\/strong>.<\/li>\n<li data-start=\"1895\" data-end=\"1926\">F\u00e1cil de atar e manusear.<\/li>\n<li data-start=\"1929\" data-end=\"1960\">Boa fixa\u00e7\u00e3o depois de colocada.<\/li>\n<li data-start=\"1963\" data-end=\"2005\">Adequado para muitos usos decorativos.<\/li>\n<\/ul>\n<p>&nbsp;<\/p>\n<p><!--more--><\/p>\n<h4 style=\"text-indent: 0px; box-sizing: inherit; font-family: Roboto, sans-serif;\">Outras informa\u00e7\u00f5es :<\/h4>\n<ul>\n<li><strong>Embalagem<\/strong>: Por unidade<\/li>\n<li><strong>Largura<\/strong>: 10 mm<\/li>\n<li><strong>Comprimento<\/strong>: 100 m<\/li>\n<li><strong>Cor<\/strong>: Branco \/ Prateado<\/li>\n<li><strong>Modelo<\/strong>: R\u00e1fia &#8220;Papermat&#8221;<\/li>\n<li><strong>Material<\/strong>: PP<\/li>\n<\/ul>\n<h2 style=\"font-family: Roboto, sans-serif; box-sizing: inherit;\"><\/h2>\n<p><!--more--><\/p>\n<p>Este novelo de r\u00e1fia est\u00e1 dispon\u00edvel em diferentes cores: <span style=\"color: #d12727;\"><a style=\"color: #d12727;\" href=\"https:\/\/www.csj-emballages.com\/pt-pt\/produit\/bola-de-rafia-kraft-100m-x-10mm\/\">Kraft<\/a><\/span> \/ <span style=\"color: #d12727;\"><a style=\"color: #d12727;\" href=\"https:\/\/www.csj-emballages.com\/pt-pt\/produit\/rafia-de-milho-bola-de-papoila-200m-x-10mm\/\">Milho &#8211; Papoila<\/a><\/span> \/ <span style=\"color: #d12727;\"><a style=\"color: #d12727;\" href=\"https:\/\/www.csj-emballages.com\/pt-pt\/produit\/bola-de-rafia-laranja-chocolate-200m-x-125-mm\/\">Laranja &#8211; Chocolate<\/a><\/span> \/ <span style=\"color: #d12727;\"><a style=\"color: #d12727;\" href=\"https:\/\/www.csj-emballages.com\/pt-pt\/produit\/bola-de-rafia-vermelha-borgonha-200m-x-125-mm\/\">Vermelho &#8211; Bord\u00f4<\/a><\/span><\/p>\n<p>&nbsp;<\/p>\n<p><!--more--><\/p>\n<p><a href=\"https:\/\/www.csj-emballages.com\/pt-pt\/categorie-produit\/embalagem-de-alimentos\/padaria-e-pastelaria\/acessorios-e-equipamentos\/acessorios-decorativos\/bolas-de-rafia-pt-pt\/\">Consulte o resto da nossa gama de novelos de r\u00e1fia<\/a><\/p>\n","protected":false},"excerpt":{"rendered":"<p>Novelo de r\u00e1fia Descubra o nosso novelo de r\u00e1fia branco \/ prateado 100 m x 10 mm<\/p>\n","protected":false},"featured_media":259480,"template":"","meta":{"_acf_changed":false},"product_brand":[],"product_cat":[1141,1177,1796,3082,1482,1805,3084,1267],"product_tag":[],"class_list":{"0":"post-22362","1":"product","2":"type-product","3":"status-publish","4":"has-post-thumbnail","6":"product_cat-embalagem-de-alimentos","7":"product_cat-padaria-e-pastelaria","8":"product_cat-acessorios-decorativos","9":"product_cat-bolas-de-rafia-pt-pt","10":"product_cat-loja-e-armazem","11":"product_cat-acessorios-decorativos-pt-pt","12":"product_cat-bolas-de-rafia-pt-pt-2","13":"product_cat-descontos-promocoes","15":"first","16":"instock","17":"sale","18":"taxable","19":"shipping-taxable","20":"purchasable","21":"product-type-simple"},"acf":[],"yoast_head":"<!-- This site is optimized with the Yoast SEO Premium plugin v26.6 (Yoast SEO v26.6) - https:\/\/yoast.com\/wordpress\/plugins\/seo\/ -->\n<title>Novelo de R\u00e1fia Branco \/ Prateado 100 m x 10 mm<\/title>\n<meta name=\"description\" content=\"Novelo de r\u00e1fia branco e prateado 100 m x 10 mm, ideal para embalagens de presentes, decora\u00e7\u00f5es e cria\u00e7\u00f5es elegantes, f\u00e1cil de atar e resistente.\" \/>\n<meta name=\"robots\" content=\"index, follow, max-snippet:-1, max-image-preview:large, max-video-preview:-1\" \/>\n<link rel=\"canonical\" href=\"https:\/\/www.csj-emballages.com\/pt-pt\/produit\/bola-de-rafia-branca-prateada-100m-x-10mm\/\" \/>\n<meta property=\"og:locale\" content=\"pt_PT\" \/>\n<meta property=\"og:type\" content=\"article\" \/>\n<meta property=\"og:title\" content=\"Bola de r\u00e1fia branca \/ prateada 100m x 10mm\" \/>\n<meta property=\"og:description\" content=\"Novelo de r\u00e1fia branco e prateado 100 m x 10 mm, ideal para embalagens de presentes, decora\u00e7\u00f5es e cria\u00e7\u00f5es elegantes, f\u00e1cil de atar e resistente.\" \/>\n<meta property=\"og:url\" content=\"https:\/\/www.csj-emballages.com\/pt-pt\/produit\/bola-de-rafia-branca-prateada-100m-x-10mm\/\" \/>\n<meta property=\"og:site_name\" content=\"CSJ Emballages\" \/>\n<meta property=\"article:publisher\" content=\"https:\/\/www.facebook.com\/csjemballages\" \/>\n<meta property=\"article:modified_time\" content=\"2026-03-12T15:31:55+00:00\" \/>\n<meta property=\"og:image\" content=\"https:\/\/www.csj-emballages.com\/wp-content\/uploads\/2024\/03\/PELORAF51.webp\" \/>\n\t<meta property=\"og:image:width\" content=\"800\" \/>\n\t<meta property=\"og:image:height\" content=\"800\" \/>\n\t<meta property=\"og:image:type\" content=\"image\/webp\" \/>\n<meta name=\"twitter:card\" content=\"summary_large_image\" \/>\n<meta name=\"twitter:label1\" content=\"Tempo estimado de leitura\" \/>\n\t<meta name=\"twitter:data1\" content=\"2 minutos\" \/>\n<script type=\"application\/ld+json\" class=\"yoast-schema-graph\">{\"@context\":\"https:\/\/schema.org\",\"@graph\":[{\"@type\":\"WebPage\",\"@id\":\"https:\/\/www.csj-emballages.com\/pt-pt\/produit\/bola-de-rafia-branca-prateada-100m-x-10mm\/\",\"url\":\"https:\/\/www.csj-emballages.com\/pt-pt\/produit\/bola-de-rafia-branca-prateada-100m-x-10mm\/\",\"name\":\"Novelo de R\u00e1fia Branco \/ Prateado 100 m x 10 mm\",\"isPartOf\":{\"@id\":\"https:\/\/www.csj-emballages.com\/pt-pt\/#website\"},\"primaryImageOfPage\":{\"@id\":\"https:\/\/www.csj-emballages.com\/pt-pt\/produit\/bola-de-rafia-branca-prateada-100m-x-10mm\/#primaryimage\"},\"image\":{\"@id\":\"https:\/\/www.csj-emballages.com\/pt-pt\/produit\/bola-de-rafia-branca-prateada-100m-x-10mm\/#primaryimage\"},\"thumbnailUrl\":\"https:\/\/www.csj-emballages.com\/wp-content\/uploads\/2024\/03\/PELORAF51.webp\",\"datePublished\":\"2024-03-01T15:51:25+00:00\",\"dateModified\":\"2026-03-12T15:31:55+00:00\",\"description\":\"Novelo de r\u00e1fia branco e prateado 100 m x 10 mm, ideal para embalagens de presentes, decora\u00e7\u00f5es e cria\u00e7\u00f5es elegantes, f\u00e1cil de atar e resistente.\",\"breadcrumb\":{\"@id\":\"https:\/\/www.csj-emballages.com\/pt-pt\/produit\/bola-de-rafia-branca-prateada-100m-x-10mm\/#breadcrumb\"},\"inLanguage\":\"pt-PT\",\"potentialAction\":[{\"@type\":\"ReadAction\",\"target\":[\"https:\/\/www.csj-emballages.com\/pt-pt\/produit\/bola-de-rafia-branca-prateada-100m-x-10mm\/\"]}]},{\"@type\":\"ImageObject\",\"inLanguage\":\"pt-PT\",\"@id\":\"https:\/\/www.csj-emballages.com\/pt-pt\/produit\/bola-de-rafia-branca-prateada-100m-x-10mm\/#primaryimage\",\"url\":\"https:\/\/www.csj-emballages.com\/wp-content\/uploads\/2024\/03\/PELORAF51.webp\",\"contentUrl\":\"https:\/\/www.csj-emballages.com\/wp-content\/uploads\/2024\/03\/PELORAF51.webp\",\"width\":800,\"height\":800,\"caption\":\"Pelote raffia\"},{\"@type\":\"BreadcrumbList\",\"@id\":\"https:\/\/www.csj-emballages.com\/pt-pt\/produit\/bola-de-rafia-branca-prateada-100m-x-10mm\/#breadcrumb\",\"itemListElement\":[{\"@type\":\"ListItem\",\"position\":1,\"name\":\"Acolhimento\",\"item\":\"https:\/\/www.csj-emballages.com\/pt-pt\/universo-das-embalagens-alimentares\/\"},{\"@type\":\"ListItem\",\"position\":2,\"name\":\"Shop\",\"item\":\"https:\/\/www.csj-emballages.com\/shop\/\"},{\"@type\":\"ListItem\",\"position\":3,\"name\":\"Bola de r\u00e1fia branca \/ prateada 100m x 10mm\"}]},{\"@type\":\"WebSite\",\"@id\":\"https:\/\/www.csj-emballages.com\/pt-pt\/#website\",\"url\":\"https:\/\/www.csj-emballages.com\/pt-pt\/\",\"name\":\"CSJ Emballages\",\"description\":\"\",\"publisher\":{\"@id\":\"https:\/\/www.csj-emballages.com\/pt-pt\/#organization\"},\"potentialAction\":[{\"@type\":\"SearchAction\",\"target\":{\"@type\":\"EntryPoint\",\"urlTemplate\":\"https:\/\/www.csj-emballages.com\/pt-pt\/?s={search_term_string}\"},\"query-input\":{\"@type\":\"PropertyValueSpecification\",\"valueRequired\":true,\"valueName\":\"search_term_string\"}}],\"inLanguage\":\"pt-PT\"},{\"@type\":\"Organization\",\"@id\":\"https:\/\/www.csj-emballages.com\/pt-pt\/#Organization\/\",\"name\":\"CSJ Emballages\",\"url\":\"https:\/\/www.csj-emballages.com\/pt-pt\/\",\"logo\":{\"@type\":\"ImageObject\",\"inLanguage\":\"pt-PT\",\"@id\":\"https:\/\/www.csj-emballages.com\/pt-pt\/#\/schema\/logo\/image\/\",\"url\":\"https:\/\/www.csj-emballages.com\/wp-content\/uploads\/2023\/10\/logo_csj.webp\",\"contentUrl\":\"https:\/\/www.csj-emballages.com\/wp-content\/uploads\/2023\/10\/logo_csj.webp\",\"width\":250,\"height\":95,\"caption\":\"CSJ Emballages\"},\"image\":{\"@id\":\"https:\/\/www.csj-emballages.com\/pt-pt\/#\/schema\/logo\/image\/\"},\"sameAs\":[\"https:\/\/www.facebook.com\/csjemballages\"],\"address\":{\"@type\":\"PostalAddress\",\"streetAddress\":\"ZI La Lechere\",\"addressLocality\":\"Patornay\",\"postalCode\":\"39130\",\"addressCountry\":\"FR\"},\"contactPoint\":[{\"@type\":\"ContactPoint\",\"contactType\":\"Service client\",\"telephone\":\"0384254272\",\"email\":\"contact@csj-emballages.com\"}]}]}<\/script>\n<!-- \/ Yoast SEO Premium plugin. -->","yoast_head_json":{"title":"Novelo de R\u00e1fia Branco \/ Prateado 100 m x 10 mm","description":"Novelo de r\u00e1fia branco e prateado 100 m x 10 mm, ideal para embalagens de presentes, decora\u00e7\u00f5es e cria\u00e7\u00f5es elegantes, f\u00e1cil de atar e resistente.","robots":{"index":"index","follow":"follow","max-snippet":"max-snippet:-1","max-image-preview":"max-image-preview:large","max-video-preview":"max-video-preview:-1"},"canonical":"https:\/\/www.csj-emballages.com\/pt-pt\/produit\/bola-de-rafia-branca-prateada-100m-x-10mm\/","og_locale":"pt_PT","og_type":"article","og_title":"Bola de r\u00e1fia branca \/ prateada 100m x 10mm","og_description":"Novelo de r\u00e1fia branco e prateado 100 m x 10 mm, ideal para embalagens de presentes, decora\u00e7\u00f5es e cria\u00e7\u00f5es elegantes, f\u00e1cil de atar e resistente.","og_url":"https:\/\/www.csj-emballages.com\/pt-pt\/produit\/bola-de-rafia-branca-prateada-100m-x-10mm\/","og_site_name":"CSJ Emballages","article_publisher":"https:\/\/www.facebook.com\/csjemballages","article_modified_time":"2026-03-12T15:31:55+00:00","og_image":[{"width":800,"height":800,"url":"https:\/\/www.csj-emballages.com\/wp-content\/uploads\/2024\/03\/PELORAF51.webp","type":"image\/webp"}],"twitter_card":"summary_large_image","twitter_misc":{"Tempo estimado de leitura":"2 minutos"},"schema":{"@context":"https:\/\/schema.org","@graph":[{"@type":"WebPage","@id":"https:\/\/www.csj-emballages.com\/pt-pt\/produit\/bola-de-rafia-branca-prateada-100m-x-10mm\/","url":"https:\/\/www.csj-emballages.com\/pt-pt\/produit\/bola-de-rafia-branca-prateada-100m-x-10mm\/","name":"Novelo de R\u00e1fia Branco \/ Prateado 100 m x 10 mm","isPartOf":{"@id":"https:\/\/www.csj-emballages.com\/pt-pt\/#website"},"primaryImageOfPage":{"@id":"https:\/\/www.csj-emballages.com\/pt-pt\/produit\/bola-de-rafia-branca-prateada-100m-x-10mm\/#primaryimage"},"image":{"@id":"https:\/\/www.csj-emballages.com\/pt-pt\/produit\/bola-de-rafia-branca-prateada-100m-x-10mm\/#primaryimage"},"thumbnailUrl":"https:\/\/www.csj-emballages.com\/wp-content\/uploads\/2024\/03\/PELORAF51.webp","datePublished":"2024-03-01T15:51:25+00:00","dateModified":"2026-03-12T15:31:55+00:00","description":"Novelo de r\u00e1fia branco e prateado 100 m x 10 mm, ideal para embalagens de presentes, decora\u00e7\u00f5es e cria\u00e7\u00f5es elegantes, f\u00e1cil de atar e resistente.","breadcrumb":{"@id":"https:\/\/www.csj-emballages.com\/pt-pt\/produit\/bola-de-rafia-branca-prateada-100m-x-10mm\/#breadcrumb"},"inLanguage":"pt-PT","potentialAction":[{"@type":"ReadAction","target":["https:\/\/www.csj-emballages.com\/pt-pt\/produit\/bola-de-rafia-branca-prateada-100m-x-10mm\/"]}]},{"@type":"ImageObject","inLanguage":"pt-PT","@id":"https:\/\/www.csj-emballages.com\/pt-pt\/produit\/bola-de-rafia-branca-prateada-100m-x-10mm\/#primaryimage","url":"https:\/\/www.csj-emballages.com\/wp-content\/uploads\/2024\/03\/PELORAF51.webp","contentUrl":"https:\/\/www.csj-emballages.com\/wp-content\/uploads\/2024\/03\/PELORAF51.webp","width":800,"height":800,"caption":"Pelote raffia"},{"@type":"BreadcrumbList","@id":"https:\/\/www.csj-emballages.com\/pt-pt\/produit\/bola-de-rafia-branca-prateada-100m-x-10mm\/#breadcrumb","itemListElement":[{"@type":"ListItem","position":1,"name":"Acolhimento","item":"https:\/\/www.csj-emballages.com\/pt-pt\/universo-das-embalagens-alimentares\/"},{"@type":"ListItem","position":2,"name":"Shop","item":"https:\/\/www.csj-emballages.com\/shop\/"},{"@type":"ListItem","position":3,"name":"Bola de r\u00e1fia branca \/ prateada 100m x 10mm"}]},{"@type":"WebSite","@id":"https:\/\/www.csj-emballages.com\/pt-pt\/#website","url":"https:\/\/www.csj-emballages.com\/pt-pt\/","name":"CSJ Emballages","description":"","publisher":{"@id":"https:\/\/www.csj-emballages.com\/pt-pt\/#organization"},"potentialAction":[{"@type":"SearchAction","target":{"@type":"EntryPoint","urlTemplate":"https:\/\/www.csj-emballages.com\/pt-pt\/?s={search_term_string}"},"query-input":{"@type":"PropertyValueSpecification","valueRequired":true,"valueName":"search_term_string"}}],"inLanguage":"pt-PT"},{"@type":"Organization","@id":"https:\/\/www.csj-emballages.com\/pt-pt\/#Organization\/","name":"CSJ Emballages","url":"https:\/\/www.csj-emballages.com\/pt-pt\/","logo":{"@type":"ImageObject","inLanguage":"pt-PT","@id":"https:\/\/www.csj-emballages.com\/pt-pt\/#\/schema\/logo\/image\/","url":"https:\/\/www.csj-emballages.com\/wp-content\/uploads\/2023\/10\/logo_csj.webp","contentUrl":"https:\/\/www.csj-emballages.com\/wp-content\/uploads\/2023\/10\/logo_csj.webp","width":250,"height":95,"caption":"CSJ Emballages"},"image":{"@id":"https:\/\/www.csj-emballages.com\/pt-pt\/#\/schema\/logo\/image\/"},"sameAs":["https:\/\/www.facebook.com\/csjemballages"],"address":{"@type":"PostalAddress","streetAddress":"ZI La Lechere","addressLocality":"Patornay","postalCode":"39130","addressCountry":"FR"},"contactPoint":[{"@type":"ContactPoint","contactType":"Service client","telephone":"0384254272","email":"contact@csj-emballages.com"}]}]}},"df_price":3.52,"df_sale_price":3.52,"df_regular_price":4.39,"df_image_link":"https:\/\/www.csj-emballages.com\/wp-content\/uploads\/2024\/03\/PELORAF51-300x300.webp","tiered_pricing_type":"fixed","tiered_pricing_fixed_rules":[],"tiered_pricing_percentage_rules":[],"tiered_pricing_minimum":1,"tiered_pricing_roles_data":[],"_links":{"self":[{"href":"https:\/\/www.csj-emballages.com\/pt-pt\/wp-json\/wp\/v2\/product\/22362","targetHints":{"allow":["GET"]}}],"collection":[{"href":"https:\/\/www.csj-emballages.com\/pt-pt\/wp-json\/wp\/v2\/product"}],"about":[{"href":"https:\/\/www.csj-emballages.com\/pt-pt\/wp-json\/wp\/v2\/types\/product"}],"wp:featuredmedia":[{"embeddable":true,"href":"https:\/\/www.csj-emballages.com\/pt-pt\/wp-json\/wp\/v2\/media\/259480"}],"wp:attachment":[{"href":"https:\/\/www.csj-emballages.com\/pt-pt\/wp-json\/wp\/v2\/media?parent=22362"}],"wp:term":[{"taxonomy":"product_brand","embeddable":true,"href":"https:\/\/www.csj-emballages.com\/pt-pt\/wp-json\/wp\/v2\/product_brand?post=22362"},{"taxonomy":"product_cat","embeddable":true,"href":"https:\/\/www.csj-emballages.com\/pt-pt\/wp-json\/wp\/v2\/product_cat?post=22362"},{"taxonomy":"product_tag","embeddable":true,"href":"https:\/\/www.csj-emballages.com\/pt-pt\/wp-json\/wp\/v2\/product_tag?post=22362"}],"curies":[{"name":"wp","href":"https:\/\/api.w.org\/{rel}","templated":true}]}}