{"id":22332,"date":"2024-03-01T16:51:30","date_gmt":"2024-03-01T15:51:30","guid":{"rendered":"https:\/\/u15jnbdpoq.preview.infomaniak.website\/produit\/cesto-de-vime-de-ameixa-35-x-25-x-9-cm\/"},"modified":"2026-03-19T02:12:56","modified_gmt":"2026-03-19T01:12:56","slug":"cesto-de-vime-de-ameixa-35-x-25-x-9-cm","status":"publish","type":"product","link":"https:\/\/www.csj-emballages.com\/pt-pt\/produit\/cesto-de-vime-de-ameixa-35-x-25-x-9-cm\/","title":{"rendered":"Cesto de vime de ameixa 35 x 25 x 9 cm"},"content":{"rendered":"<h2 class=\"p1\">Cesto de vime<\/h2>\n<hr>\n<h3>Descri\u00e7\u00e3o do nosso cesto de vime de ameixa 35 x 25 x 9 cm<\/h3>\n<p><!--more--><\/p>\n<p data-start=\"177\" data-end=\"509\">D\u00ea um <strong data-start=\"190\" data-end=\"221\">toque de eleg\u00e2ncia natural<\/strong> \u00e0s suas apresenta\u00e7\u00f5es com o nosso <strong data-start=\"253\" data-end=\"278\">cesto de vime<\/strong> de <strong data-start=\"253\" data-end=\"278\">ameixa<\/strong>, com <strong data-start=\"293\" data-end=\"311\">35 x 25 x 9 cm<\/strong>. Concebido com cuidado, \u00e9 robusto, atraente e pr\u00e1tico para apresentar ou oferecer as suas caixas de oferta ou composi\u00e7\u00f5es gourmet. <\/p>\n<p data-start=\"511\" data-end=\"911\">Fabricado em <strong data-start=\"523\" data-end=\"539\">vime tran\u00e7ado<\/strong>, este <strong>cesto de vime<\/strong> tem um aspeto quente e aut\u00eantico que \u00e9 imediatamente apelativo. Al\u00e9m disso, a sua <strong data-start=\"629\" data-end=\"645\">cor ameixa<\/strong> confere-lhe um toque original e requintado, perfeito para se destacar em eventos, vendas em boutiques ou mercados. Gra\u00e7as \u00e0 sua <strong data-start=\"785\" data-end=\"808\">forma retangular<\/strong>, permite dispor os produtos de forma harmoniosa, garantindo uma excelente estabilidade.  <\/p>\n<p data-start=\"913\" data-end=\"1202\">Este <strong>cesto de vime<\/strong> \u00e9 tamb\u00e9m <strong data-start=\"936\" data-end=\"952\">reutiliz\u00e1vel<\/strong>, o que o torna uma solu\u00e7\u00e3o <strong data-start=\"982\" data-end=\"1010\">ecol\u00f3gica e econ\u00f3mica<\/strong>. Pode utiliz\u00e1-lo para embrulhar produtos gourmet, chocolates, biscoitos ou produtos artesanais. Tornar-se-\u00e1 rapidamente um <strong data-start=\"1163\" data-end=\"1199\">elemento-chave nas suas apresenta\u00e7\u00f5es<\/strong>.  <\/p>\n<p data-start=\"1204\" data-end=\"1558\">Em suma, este <strong data-start=\"1217\" data-end=\"1236\">cesto de vime<\/strong> combina o charme r\u00fastico com a versatilidade moderna. Quer seja artes\u00e3o, merceeiro, fornecedor de refei\u00e7\u00f5es ou restaurador, ele ajud\u00e1-lo-\u00e1 a mostrar as suas cria\u00e7\u00f5es com gosto e autenticidade. Ofere\u00e7a aos seus clientes uma apresenta\u00e7\u00e3o cuidada e profissional, respeitando uma abordagem natural e respons\u00e1vel.  <\/p>\n<p data-start=\"1204\" data-end=\"1558\">\n<p data-start=\"1378\" data-end=\"1605\"><!--more--><\/p>\n<h4 data-start=\"1378\" data-end=\"1605\">Vantagens :<\/h4>\n<ul>\n<li data-start=\"1601\" data-end=\"1671\"><strong data-start=\"1603\" data-end=\"1635\">Fabricado em vime natural<\/strong>: robusto, duradouro e atraente.<\/li>\n<li data-start=\"1674\" data-end=\"1758\"><strong data-start=\"1677\" data-end=\"1703\">Ameixa elegante<\/strong>: d\u00e1 um toque de modernidade e de requinte.<\/li>\n<li data-start=\"1761\" data-end=\"1839\"><strong data-start=\"1764\" data-end=\"1794\">Reutiliz\u00e1vel e amigo do ambiente<\/strong>: ideal para uma abordagem eco-respons\u00e1vel.<\/li>\n<li data-start=\"1842\" data-end=\"1946\"><strong data-start=\"1845\" data-end=\"1881\">35 x 25 x 9 cm<\/strong>: perfeito para as suas caixas gourmet ou composi\u00e7\u00f5es para presentes.<\/li>\n<li data-start=\"1949\" data-end=\"2035\"><strong data-start=\"1952\" data-end=\"1966\">Vers\u00e1til<\/strong>: adequado para expor produtos alimentares e artesanais.<\/li>\n<\/ul>\n<p>&nbsp;<\/p>\n<p><!--more--><\/p>\n<h4>Outras informa\u00e7\u00f5es :<\/h4>\n<ul>\n<li><strong>Embalagem<\/strong>: Por unidade<\/li>\n<li><strong>Dimens\u00f5es<\/strong>: 35 x 25 x 9 cm<\/li>\n<li><strong>Material<\/strong>: Vime<\/li>\n<li><strong>Cor<\/strong>: Ameixa<\/li>\n<\/ul>\n<p>&nbsp;<\/p>\n<p><!--more--><\/p>\n<p><a href=\"https:\/\/www.csj-emballages.com\/pt-pt\/categorie-produit\/embalagem-de-alimentos\/loja-e-armazem\/acessorios-e-equipamentos-pt-pt\/cesto-de-vime\/\">Ver o resto da nossa gama de cestos<\/a><\/p>\n","protected":false},"excerpt":{"rendered":"<p>Cesto de vime Descri\u00e7\u00e3o do nosso cesto de vime de ameixa 35 x 25 x 9 cm<\/p>\n","protected":false},"featured_media":8328,"template":"","meta":{"_acf_changed":false},"product_brand":[],"product_cat":[1141,1482,3065],"product_tag":[],"class_list":{"0":"post-22332","1":"product","2":"type-product","3":"status-publish","4":"has-post-thumbnail","6":"product_cat-embalagem-de-alimentos","7":"product_cat-loja-e-armazem","8":"product_cat-cesto-de-vime","10":"first","11":"instock","12":"taxable","13":"shipping-taxable","14":"purchasable","15":"product-type-simple"},"acf":[],"yoast_head":"<!-- This site is optimized with the Yoast SEO Premium plugin v26.6 (Yoast SEO v26.6) - https:\/\/yoast.com\/wordpress\/plugins\/seo\/ -->\n<title>Cesto de vime de ameixa 35 x 25 x 9 cm<\/title>\n<meta name=\"description\" content=\"Cesto de vime de ameixa 35 x 25 x 9 cm: elegante, natural e reutiliz\u00e1vel para valorizar as suas apresenta\u00e7\u00f5es e caixas gourmet.\" \/>\n<meta name=\"robots\" content=\"index, follow, max-snippet:-1, max-image-preview:large, max-video-preview:-1\" \/>\n<link rel=\"canonical\" href=\"https:\/\/www.csj-emballages.com\/pt-pt\/produit\/cesto-de-vime-de-ameixa-35-x-25-x-9-cm\/\" \/>\n<meta property=\"og:locale\" content=\"pt_PT\" \/>\n<meta property=\"og:type\" content=\"article\" \/>\n<meta property=\"og:title\" content=\"Cesto de vime de ameixa 35 x 25 x 9 cm\" \/>\n<meta property=\"og:description\" content=\"Cesto de vime de ameixa 35 x 25 x 9 cm: elegante, natural e reutiliz\u00e1vel para valorizar as suas apresenta\u00e7\u00f5es e caixas gourmet.\" \/>\n<meta property=\"og:url\" content=\"https:\/\/www.csj-emballages.com\/pt-pt\/produit\/cesto-de-vime-de-ameixa-35-x-25-x-9-cm\/\" \/>\n<meta property=\"og:site_name\" content=\"CSJ Emballages\" \/>\n<meta property=\"article:publisher\" content=\"https:\/\/www.facebook.com\/csjemballages\" \/>\n<meta property=\"article:modified_time\" content=\"2026-03-19T01:12:56+00:00\" \/>\n<meta property=\"og:image\" content=\"https:\/\/www.csj-emballages.com\/wp-content\/uploads\/2024\/03\/panier-paniere-osier-prune-cadeau-grossiste-csj-emballages-zoom-jpg.webp\" \/>\n\t<meta property=\"og:image:width\" content=\"600\" \/>\n\t<meta property=\"og:image:height\" content=\"600\" \/>\n\t<meta property=\"og:image:type\" content=\"image\/jpeg\" \/>\n<meta name=\"twitter:card\" content=\"summary_large_image\" \/>\n<meta name=\"twitter:label1\" content=\"Tempo estimado de leitura\" \/>\n\t<meta name=\"twitter:data1\" content=\"1 minuto\" \/>\n<script type=\"application\/ld+json\" class=\"yoast-schema-graph\">{\"@context\":\"https:\/\/schema.org\",\"@graph\":[{\"@type\":\"WebPage\",\"@id\":\"https:\/\/www.csj-emballages.com\/pt-pt\/produit\/cesto-de-vime-de-ameixa-35-x-25-x-9-cm\/\",\"url\":\"https:\/\/www.csj-emballages.com\/pt-pt\/produit\/cesto-de-vime-de-ameixa-35-x-25-x-9-cm\/\",\"name\":\"Cesto de vime de ameixa 35 x 25 x 9 cm\",\"isPartOf\":{\"@id\":\"https:\/\/www.csj-emballages.com\/pt-pt\/#website\"},\"primaryImageOfPage\":{\"@id\":\"https:\/\/www.csj-emballages.com\/pt-pt\/produit\/cesto-de-vime-de-ameixa-35-x-25-x-9-cm\/#primaryimage\"},\"image\":{\"@id\":\"https:\/\/www.csj-emballages.com\/pt-pt\/produit\/cesto-de-vime-de-ameixa-35-x-25-x-9-cm\/#primaryimage\"},\"thumbnailUrl\":\"https:\/\/www.csj-emballages.com\/wp-content\/uploads\/2024\/03\/panier-paniere-osier-prune-cadeau-grossiste-csj-emballages-zoom-jpg.webp\",\"datePublished\":\"2024-03-01T15:51:30+00:00\",\"dateModified\":\"2026-03-19T01:12:56+00:00\",\"description\":\"Cesto de vime de ameixa 35 x 25 x 9 cm: elegante, natural e reutiliz\u00e1vel para valorizar as suas apresenta\u00e7\u00f5es e caixas gourmet.\",\"breadcrumb\":{\"@id\":\"https:\/\/www.csj-emballages.com\/pt-pt\/produit\/cesto-de-vime-de-ameixa-35-x-25-x-9-cm\/#breadcrumb\"},\"inLanguage\":\"pt-PT\",\"potentialAction\":[{\"@type\":\"ReadAction\",\"target\":[\"https:\/\/www.csj-emballages.com\/pt-pt\/produit\/cesto-de-vime-de-ameixa-35-x-25-x-9-cm\/\"]}]},{\"@type\":\"ImageObject\",\"inLanguage\":\"pt-PT\",\"@id\":\"https:\/\/www.csj-emballages.com\/pt-pt\/produit\/cesto-de-vime-de-ameixa-35-x-25-x-9-cm\/#primaryimage\",\"url\":\"https:\/\/www.csj-emballages.com\/wp-content\/uploads\/2024\/03\/panier-paniere-osier-prune-cadeau-grossiste-csj-emballages-zoom-jpg.webp\",\"contentUrl\":\"https:\/\/www.csj-emballages.com\/wp-content\/uploads\/2024\/03\/panier-paniere-osier-prune-cadeau-grossiste-csj-emballages-zoom-jpg.webp\",\"width\":600,\"height\":600},{\"@type\":\"BreadcrumbList\",\"@id\":\"https:\/\/www.csj-emballages.com\/pt-pt\/produit\/cesto-de-vime-de-ameixa-35-x-25-x-9-cm\/#breadcrumb\",\"itemListElement\":[{\"@type\":\"ListItem\",\"position\":1,\"name\":\"Acolhimento\",\"item\":\"https:\/\/www.csj-emballages.com\/pt-pt\/universo-das-embalagens-alimentares\/\"},{\"@type\":\"ListItem\",\"position\":2,\"name\":\"Shop\",\"item\":\"https:\/\/www.csj-emballages.com\/shop\/\"},{\"@type\":\"ListItem\",\"position\":3,\"name\":\"Cesto de vime de ameixa 35 x 25 x 9 cm\"}]},{\"@type\":\"WebSite\",\"@id\":\"https:\/\/www.csj-emballages.com\/pt-pt\/#website\",\"url\":\"https:\/\/www.csj-emballages.com\/pt-pt\/\",\"name\":\"CSJ Emballages\",\"description\":\"\",\"publisher\":{\"@id\":\"https:\/\/www.csj-emballages.com\/pt-pt\/#organization\"},\"potentialAction\":[{\"@type\":\"SearchAction\",\"target\":{\"@type\":\"EntryPoint\",\"urlTemplate\":\"https:\/\/www.csj-emballages.com\/pt-pt\/?s={search_term_string}\"},\"query-input\":{\"@type\":\"PropertyValueSpecification\",\"valueRequired\":true,\"valueName\":\"search_term_string\"}}],\"inLanguage\":\"pt-PT\"},{\"@type\":\"Organization\",\"@id\":\"https:\/\/www.csj-emballages.com\/pt-pt\/#Organization\/\",\"name\":\"CSJ Emballages\",\"url\":\"https:\/\/www.csj-emballages.com\/pt-pt\/\",\"logo\":{\"@type\":\"ImageObject\",\"inLanguage\":\"pt-PT\",\"@id\":\"https:\/\/www.csj-emballages.com\/pt-pt\/#\/schema\/logo\/image\/\",\"url\":\"https:\/\/www.csj-emballages.com\/wp-content\/uploads\/2023\/10\/logo_csj.webp\",\"contentUrl\":\"https:\/\/www.csj-emballages.com\/wp-content\/uploads\/2023\/10\/logo_csj.webp\",\"width\":250,\"height\":95,\"caption\":\"CSJ Emballages\"},\"image\":{\"@id\":\"https:\/\/www.csj-emballages.com\/pt-pt\/#\/schema\/logo\/image\/\"},\"sameAs\":[\"https:\/\/www.facebook.com\/csjemballages\"],\"address\":{\"@type\":\"PostalAddress\",\"streetAddress\":\"ZI La Lechere\",\"addressLocality\":\"Patornay\",\"postalCode\":\"39130\",\"addressCountry\":\"FR\"},\"contactPoint\":[{\"@type\":\"ContactPoint\",\"contactType\":\"Service client\",\"telephone\":\"0384254272\",\"email\":\"contact@csj-emballages.com\"}]}]}<\/script>\n<!-- \/ Yoast SEO Premium plugin. -->","yoast_head_json":{"title":"Cesto de vime de ameixa 35 x 25 x 9 cm","description":"Cesto de vime de ameixa 35 x 25 x 9 cm: elegante, natural e reutiliz\u00e1vel para valorizar as suas apresenta\u00e7\u00f5es e caixas gourmet.","robots":{"index":"index","follow":"follow","max-snippet":"max-snippet:-1","max-image-preview":"max-image-preview:large","max-video-preview":"max-video-preview:-1"},"canonical":"https:\/\/www.csj-emballages.com\/pt-pt\/produit\/cesto-de-vime-de-ameixa-35-x-25-x-9-cm\/","og_locale":"pt_PT","og_type":"article","og_title":"Cesto de vime de ameixa 35 x 25 x 9 cm","og_description":"Cesto de vime de ameixa 35 x 25 x 9 cm: elegante, natural e reutiliz\u00e1vel para valorizar as suas apresenta\u00e7\u00f5es e caixas gourmet.","og_url":"https:\/\/www.csj-emballages.com\/pt-pt\/produit\/cesto-de-vime-de-ameixa-35-x-25-x-9-cm\/","og_site_name":"CSJ Emballages","article_publisher":"https:\/\/www.facebook.com\/csjemballages","article_modified_time":"2026-03-19T01:12:56+00:00","og_image":[{"width":600,"height":600,"url":"https:\/\/www.csj-emballages.com\/wp-content\/uploads\/2024\/03\/panier-paniere-osier-prune-cadeau-grossiste-csj-emballages-zoom-jpg.webp","type":"image\/jpeg"}],"twitter_card":"summary_large_image","twitter_misc":{"Tempo estimado de leitura":"1 minuto"},"schema":{"@context":"https:\/\/schema.org","@graph":[{"@type":"WebPage","@id":"https:\/\/www.csj-emballages.com\/pt-pt\/produit\/cesto-de-vime-de-ameixa-35-x-25-x-9-cm\/","url":"https:\/\/www.csj-emballages.com\/pt-pt\/produit\/cesto-de-vime-de-ameixa-35-x-25-x-9-cm\/","name":"Cesto de vime de ameixa 35 x 25 x 9 cm","isPartOf":{"@id":"https:\/\/www.csj-emballages.com\/pt-pt\/#website"},"primaryImageOfPage":{"@id":"https:\/\/www.csj-emballages.com\/pt-pt\/produit\/cesto-de-vime-de-ameixa-35-x-25-x-9-cm\/#primaryimage"},"image":{"@id":"https:\/\/www.csj-emballages.com\/pt-pt\/produit\/cesto-de-vime-de-ameixa-35-x-25-x-9-cm\/#primaryimage"},"thumbnailUrl":"https:\/\/www.csj-emballages.com\/wp-content\/uploads\/2024\/03\/panier-paniere-osier-prune-cadeau-grossiste-csj-emballages-zoom-jpg.webp","datePublished":"2024-03-01T15:51:30+00:00","dateModified":"2026-03-19T01:12:56+00:00","description":"Cesto de vime de ameixa 35 x 25 x 9 cm: elegante, natural e reutiliz\u00e1vel para valorizar as suas apresenta\u00e7\u00f5es e caixas gourmet.","breadcrumb":{"@id":"https:\/\/www.csj-emballages.com\/pt-pt\/produit\/cesto-de-vime-de-ameixa-35-x-25-x-9-cm\/#breadcrumb"},"inLanguage":"pt-PT","potentialAction":[{"@type":"ReadAction","target":["https:\/\/www.csj-emballages.com\/pt-pt\/produit\/cesto-de-vime-de-ameixa-35-x-25-x-9-cm\/"]}]},{"@type":"ImageObject","inLanguage":"pt-PT","@id":"https:\/\/www.csj-emballages.com\/pt-pt\/produit\/cesto-de-vime-de-ameixa-35-x-25-x-9-cm\/#primaryimage","url":"https:\/\/www.csj-emballages.com\/wp-content\/uploads\/2024\/03\/panier-paniere-osier-prune-cadeau-grossiste-csj-emballages-zoom-jpg.webp","contentUrl":"https:\/\/www.csj-emballages.com\/wp-content\/uploads\/2024\/03\/panier-paniere-osier-prune-cadeau-grossiste-csj-emballages-zoom-jpg.webp","width":600,"height":600},{"@type":"BreadcrumbList","@id":"https:\/\/www.csj-emballages.com\/pt-pt\/produit\/cesto-de-vime-de-ameixa-35-x-25-x-9-cm\/#breadcrumb","itemListElement":[{"@type":"ListItem","position":1,"name":"Acolhimento","item":"https:\/\/www.csj-emballages.com\/pt-pt\/universo-das-embalagens-alimentares\/"},{"@type":"ListItem","position":2,"name":"Shop","item":"https:\/\/www.csj-emballages.com\/shop\/"},{"@type":"ListItem","position":3,"name":"Cesto de vime de ameixa 35 x 25 x 9 cm"}]},{"@type":"WebSite","@id":"https:\/\/www.csj-emballages.com\/pt-pt\/#website","url":"https:\/\/www.csj-emballages.com\/pt-pt\/","name":"CSJ Emballages","description":"","publisher":{"@id":"https:\/\/www.csj-emballages.com\/pt-pt\/#organization"},"potentialAction":[{"@type":"SearchAction","target":{"@type":"EntryPoint","urlTemplate":"https:\/\/www.csj-emballages.com\/pt-pt\/?s={search_term_string}"},"query-input":{"@type":"PropertyValueSpecification","valueRequired":true,"valueName":"search_term_string"}}],"inLanguage":"pt-PT"},{"@type":"Organization","@id":"https:\/\/www.csj-emballages.com\/pt-pt\/#Organization\/","name":"CSJ Emballages","url":"https:\/\/www.csj-emballages.com\/pt-pt\/","logo":{"@type":"ImageObject","inLanguage":"pt-PT","@id":"https:\/\/www.csj-emballages.com\/pt-pt\/#\/schema\/logo\/image\/","url":"https:\/\/www.csj-emballages.com\/wp-content\/uploads\/2023\/10\/logo_csj.webp","contentUrl":"https:\/\/www.csj-emballages.com\/wp-content\/uploads\/2023\/10\/logo_csj.webp","width":250,"height":95,"caption":"CSJ Emballages"},"image":{"@id":"https:\/\/www.csj-emballages.com\/pt-pt\/#\/schema\/logo\/image\/"},"sameAs":["https:\/\/www.facebook.com\/csjemballages"],"address":{"@type":"PostalAddress","streetAddress":"ZI La Lechere","addressLocality":"Patornay","postalCode":"39130","addressCountry":"FR"},"contactPoint":[{"@type":"ContactPoint","contactType":"Service client","telephone":"0384254272","email":"contact@csj-emballages.com"}]}]}},"df_price":4.8,"df_sale_price":"","df_regular_price":4.8,"df_image_link":"https:\/\/www.csj-emballages.com\/wp-content\/uploads\/2024\/03\/panier-paniere-osier-prune-cadeau-grossiste-csj-emballages-zoom-300x300.webp","tiered_pricing_type":"fixed","tiered_pricing_fixed_rules":[],"tiered_pricing_percentage_rules":[],"tiered_pricing_minimum":1,"tiered_pricing_roles_data":[],"_links":{"self":[{"href":"https:\/\/www.csj-emballages.com\/pt-pt\/wp-json\/wp\/v2\/product\/22332","targetHints":{"allow":["GET"]}}],"collection":[{"href":"https:\/\/www.csj-emballages.com\/pt-pt\/wp-json\/wp\/v2\/product"}],"about":[{"href":"https:\/\/www.csj-emballages.com\/pt-pt\/wp-json\/wp\/v2\/types\/product"}],"wp:featuredmedia":[{"embeddable":true,"href":"https:\/\/www.csj-emballages.com\/pt-pt\/wp-json\/wp\/v2\/media\/8328"}],"wp:attachment":[{"href":"https:\/\/www.csj-emballages.com\/pt-pt\/wp-json\/wp\/v2\/media?parent=22332"}],"wp:term":[{"taxonomy":"product_brand","embeddable":true,"href":"https:\/\/www.csj-emballages.com\/pt-pt\/wp-json\/wp\/v2\/product_brand?post=22332"},{"taxonomy":"product_cat","embeddable":true,"href":"https:\/\/www.csj-emballages.com\/pt-pt\/wp-json\/wp\/v2\/product_cat?post=22332"},{"taxonomy":"product_tag","embeddable":true,"href":"https:\/\/www.csj-emballages.com\/pt-pt\/wp-json\/wp\/v2\/product_tag?post=22332"}],"curies":[{"name":"wp","href":"https:\/\/api.w.org\/{rel}","templated":true}]}}