{"id":22310,"date":"2024-03-01T16:51:28","date_gmt":"2024-03-01T15:51:28","guid":{"rendered":"https:\/\/u15jnbdpoq.preview.infomaniak.website\/produit\/50-frascos-de-plastico-descartaveis-brancos-para-natas-com-tampa-de-250-ml\/"},"modified":"2026-04-21T02:15:01","modified_gmt":"2026-04-21T00:15:01","slug":"50-frascos-de-plastico-descartaveis-brancos-para-natas-com-tampa-de-250-ml","status":"publish","type":"product","link":"https:\/\/www.csj-emballages.com\/pt-pt\/produit\/50-frascos-de-plastico-descartaveis-brancos-para-natas-com-tampa-de-250-ml\/","title":{"rendered":"Jarro de pl\u00e1stico branco para natas 250 ml com tampa 50 unid."},"content":{"rendered":"<h2>Jarro de creme<\/h2>\n<hr>\n<h3>Descri\u00e7\u00e3o do nosso pote de pl\u00e1stico branco para natas 250 ml com tampa, embalagem de 50<\/h3>\n<p><!--more--><\/p>\n<p data-start=\"264\" data-end=\"646\">Quando se procura um recipiente simples mas realmente eficaz, este <strong data-start=\"328\" data-end=\"371\">jarro branco de 250 ml para natas com tampa<\/strong> cumpre claramente a sua fun\u00e7\u00e3o. O seu tamanho \u00e9 ideal para <g id=\"gid_1\">sobremesas<\/g> \u00e0 base de <g id=\"gid_1\">natas<\/g>, <g id=\"gid_2\">molhos caseiros<\/g> e outras prepara\u00e7\u00f5es. Nem demasiado grande nem demasiado pequeno, \u00e9 f\u00e1cil de adaptar a uma vasta gama de utiliza\u00e7\u00f5es na restaura\u00e7\u00e3o.  <\/p>\n<p data-start=\"648\" data-end=\"1009\">Em primeiro lugar, o seu <strong>pl\u00e1stico r\u00edgido<\/strong> inspira confian\u00e7a. O frasco assenta bem na m\u00e3o, n\u00e3o se deforma e protege bem o conte\u00fado, mesmo durante o transporte. A <strong>tampa<\/strong> encaixa facilmente e sela com seguran\u00e7a, para que n\u00e3o haja derrames ou surpresas desagrad\u00e1veis nos sacos. O resultado: serve de forma limpa e os seus clientes saem com tranquilidade.   <\/p>\n<p data-start=\"1011\" data-end=\"1314\">Em segundo lugar, a sua <strong>cor branca<\/strong> confere-lhe um aspeto limpo e elegante. Real\u00e7a o conte\u00fado, especialmente para prepara\u00e7\u00f5es vis\u00edveis, como sobremesas, molhos ou cremes. \u00c9 tamb\u00e9m um bom suporte se quiser acrescentar uma etiqueta ou um autocolante com o seu log\u00f3tipo ou o nome da receita.  <\/p>\n<p data-start=\"1316\" data-end=\"1583\">Al\u00e9m disso, este <strong>jarro de natas<\/strong> \u00e9 muito pr\u00e1tico para o dia a dia. \u00c9 f\u00e1cil de empilhar, o que poupa espa\u00e7o tanto na arrecada\u00e7\u00e3o como na cozinha. E com um <strong data-start=\"1469\" data-end=\"1482\">pacote de 50<\/strong>, tem um stock confort\u00e1vel, perfeito para um servi\u00e7o regular sem sobrecarregar o seu espa\u00e7o.  <\/p>\n<p data-start=\"1585\" data-end=\"1761\">Em suma, este <strong>jarro para natas de 250 ml<\/strong> \u00e9 uma solu\u00e7\u00e3o fi\u00e1vel, limpa e vers\u00e1til. Simplifica o servi\u00e7o, torna o transporte mais seguro e melhora as suas prepara\u00e7\u00f5es sem exagerar. <\/p>\n<p data-start=\"1585\" data-end=\"1761\"><!--more--><\/p>\n<h4 data-start=\"1585\" data-end=\"1761\">Vantagens :<\/h4>\n<ul>\n<li data-start=\"1789\" data-end=\"1851\">Capacidade ideal de <strong>250 ml<\/strong> para uma vasta gama de prepara\u00e7\u00f5es.<\/li>\n<li data-start=\"1854\" data-end=\"1886\">Pl\u00e1stico r\u00edgido e resistente.<\/li>\n<li data-start=\"1889\" data-end=\"1940\">Tampa de fecho herm\u00e9tico para um transporte seguro.<\/li>\n<li data-start=\"1943\" data-end=\"1982\"><strong>Aspeto branco<\/strong>, limpo e profissional.<\/li>\n<li data-start=\"1985\" data-end=\"2017\">Empilh\u00e1vel e f\u00e1cil de guardar.<\/li>\n<li data-start=\"2020\" data-end=\"2046\">Embalagem pr\u00e1tica de <strong>50<\/strong>.<\/li>\n<\/ul>\n<p>&nbsp;<\/p>\n<p><!--more--><\/p>\n<h4>Outras informa\u00e7\u00f5es :<\/h4>\n<ul>\n<li><strong>Embalagem<\/strong>: Pacote de 50<\/li>\n<li><strong>Volume<\/strong>: 250 ml<\/li>\n<li><strong>Cor<\/strong>: Branco<\/li>\n<li><strong>Material<\/strong>: Polipropileno<\/li>\n<\/ul>\n<p>&nbsp;<\/p>\n<p><!--more--><\/p>\n<p>Este jarro de natas tamb\u00e9m est\u00e1 dispon\u00edvel em 500 ml: <span style=\"color: #d12727;\"><a style=\"color: #d12727;\" href=\"https:\/\/www.csj-emballages.com\/es\/produit\/40-tarros-de-crema-de-plastico-desechables-blancos-con-tapa-500-ml\/\">PC500BP<\/a><\/span><\/p>\n<p>&nbsp;<\/p>\n<p><!--more--><\/p>\n<p><a href=\"https:\/\/www.csj-emballages.com\/pt-pt\/categorie-produit\/embalagem-de-alimentos\/restauracao\/tachos-tigelas-suportes-para-copos\/boioes-de-creme\/\">Ver o resto da nossa gama de boi\u00f5es de creme  <\/a><\/p>\n","protected":false},"excerpt":{"rendered":"<p>Jarro de creme Descri\u00e7\u00e3o do nosso pote de pl\u00e1stico branco para natas 250 ml com tampa, embalagem de 50<\/p>\n","protected":false},"featured_media":203599,"template":"","meta":{"_acf_changed":false},"product_brand":[],"product_cat":[1138,3048],"product_tag":[],"class_list":{"0":"post-22310","1":"product","2":"type-product","3":"status-publish","4":"has-post-thumbnail","6":"product_cat-restauracao","7":"product_cat-boioes-de-creme","9":"first","10":"instock","11":"taxable","12":"shipping-taxable","13":"purchasable","14":"product-type-simple"},"acf":[],"yoast_head":"<!-- This site is optimized with the Yoast SEO Premium plugin v26.6 (Yoast SEO v26.6) - https:\/\/yoast.com\/wordpress\/plugins\/seo\/ -->\n<title>Frasco de pl\u00e1stico branco para natas com tampa - 250 ml<\/title>\n<meta name=\"description\" content=\"Descubra os nossos potes para natas de pl\u00e1stico branco de 250 ml. Ideal para natas, queijo, iogurte e muito mais.\" \/>\n<meta name=\"robots\" content=\"index, follow, max-snippet:-1, max-image-preview:large, max-video-preview:-1\" \/>\n<link rel=\"canonical\" href=\"https:\/\/www.csj-emballages.com\/pt-pt\/produit\/50-frascos-de-plastico-descartaveis-brancos-para-natas-com-tampa-de-250-ml\/\" \/>\n<meta property=\"og:locale\" content=\"pt_PT\" \/>\n<meta property=\"og:type\" content=\"article\" \/>\n<meta property=\"og:title\" content=\"Jarro de pl\u00e1stico branco para natas 250 ml com tampa 50 unid.\" \/>\n<meta property=\"og:description\" content=\"Descubra os nossos potes para natas de pl\u00e1stico branco de 250 ml. Ideal para natas, queijo, iogurte e muito mais.\" \/>\n<meta property=\"og:url\" content=\"https:\/\/www.csj-emballages.com\/pt-pt\/produit\/50-frascos-de-plastico-descartaveis-brancos-para-natas-com-tampa-de-250-ml\/\" \/>\n<meta property=\"og:site_name\" content=\"CSJ Emballages\" \/>\n<meta property=\"article:publisher\" content=\"https:\/\/www.facebook.com\/csjemballages\" \/>\n<meta property=\"article:modified_time\" content=\"2026-04-21T00:15:01+00:00\" \/>\n<meta property=\"og:image\" content=\"https:\/\/www.csj-emballages.com\/wp-content\/uploads\/2024\/03\/POC-CREME-250.webp\" \/>\n\t<meta property=\"og:image:width\" content=\"800\" \/>\n\t<meta property=\"og:image:height\" content=\"800\" \/>\n\t<meta property=\"og:image:type\" content=\"image\/webp\" \/>\n<meta name=\"twitter:card\" content=\"summary_large_image\" \/>\n<meta name=\"twitter:label1\" content=\"Tempo estimado de leitura\" \/>\n\t<meta name=\"twitter:data1\" content=\"2 minutos\" \/>\n<script type=\"application\/ld+json\" class=\"yoast-schema-graph\">{\"@context\":\"https:\/\/schema.org\",\"@graph\":[{\"@type\":\"WebPage\",\"@id\":\"https:\/\/www.csj-emballages.com\/pt-pt\/produit\/50-frascos-de-plastico-descartaveis-brancos-para-natas-com-tampa-de-250-ml\/\",\"url\":\"https:\/\/www.csj-emballages.com\/pt-pt\/produit\/50-frascos-de-plastico-descartaveis-brancos-para-natas-com-tampa-de-250-ml\/\",\"name\":\"Frasco de pl\u00e1stico branco para natas com tampa - 250 ml\",\"isPartOf\":{\"@id\":\"https:\/\/www.csj-emballages.com\/pt-pt\/#website\"},\"primaryImageOfPage\":{\"@id\":\"https:\/\/www.csj-emballages.com\/pt-pt\/produit\/50-frascos-de-plastico-descartaveis-brancos-para-natas-com-tampa-de-250-ml\/#primaryimage\"},\"image\":{\"@id\":\"https:\/\/www.csj-emballages.com\/pt-pt\/produit\/50-frascos-de-plastico-descartaveis-brancos-para-natas-com-tampa-de-250-ml\/#primaryimage\"},\"thumbnailUrl\":\"https:\/\/www.csj-emballages.com\/wp-content\/uploads\/2024\/03\/POC-CREME-250.webp\",\"datePublished\":\"2024-03-01T15:51:28+00:00\",\"dateModified\":\"2026-04-21T00:15:01+00:00\",\"description\":\"Descubra os nossos potes para natas de pl\u00e1stico branco de 250 ml. Ideal para natas, queijo, iogurte e muito mais.\",\"breadcrumb\":{\"@id\":\"https:\/\/www.csj-emballages.com\/pt-pt\/produit\/50-frascos-de-plastico-descartaveis-brancos-para-natas-com-tampa-de-250-ml\/#breadcrumb\"},\"inLanguage\":\"pt-PT\",\"potentialAction\":[{\"@type\":\"ReadAction\",\"target\":[\"https:\/\/www.csj-emballages.com\/pt-pt\/produit\/50-frascos-de-plastico-descartaveis-brancos-para-natas-com-tampa-de-250-ml\/\"]}]},{\"@type\":\"ImageObject\",\"inLanguage\":\"pt-PT\",\"@id\":\"https:\/\/www.csj-emballages.com\/pt-pt\/produit\/50-frascos-de-plastico-descartaveis-brancos-para-natas-com-tampa-de-250-ml\/#primaryimage\",\"url\":\"https:\/\/www.csj-emballages.com\/wp-content\/uploads\/2024\/03\/POC-CREME-250.webp\",\"contentUrl\":\"https:\/\/www.csj-emballages.com\/wp-content\/uploads\/2024\/03\/POC-CREME-250.webp\",\"width\":800,\"height\":800,\"caption\":\"po\"},{\"@type\":\"BreadcrumbList\",\"@id\":\"https:\/\/www.csj-emballages.com\/pt-pt\/produit\/50-frascos-de-plastico-descartaveis-brancos-para-natas-com-tampa-de-250-ml\/#breadcrumb\",\"itemListElement\":[{\"@type\":\"ListItem\",\"position\":1,\"name\":\"Acolhimento\",\"item\":\"https:\/\/www.csj-emballages.com\/pt-pt\/universo-das-embalagens-alimentares\/\"},{\"@type\":\"ListItem\",\"position\":2,\"name\":\"Shop\",\"item\":\"https:\/\/www.csj-emballages.com\/shop\/\"},{\"@type\":\"ListItem\",\"position\":3,\"name\":\"Jarro de pl\u00e1stico branco para natas 250 ml com tampa 50 unid.\"}]},{\"@type\":\"WebSite\",\"@id\":\"https:\/\/www.csj-emballages.com\/pt-pt\/#website\",\"url\":\"https:\/\/www.csj-emballages.com\/pt-pt\/\",\"name\":\"CSJ Emballages\",\"description\":\"\",\"publisher\":{\"@id\":\"https:\/\/www.csj-emballages.com\/pt-pt\/#organization\"},\"potentialAction\":[{\"@type\":\"SearchAction\",\"target\":{\"@type\":\"EntryPoint\",\"urlTemplate\":\"https:\/\/www.csj-emballages.com\/pt-pt\/?s={search_term_string}\"},\"query-input\":{\"@type\":\"PropertyValueSpecification\",\"valueRequired\":true,\"valueName\":\"search_term_string\"}}],\"inLanguage\":\"pt-PT\"},{\"@type\":\"Organization\",\"@id\":\"https:\/\/www.csj-emballages.com\/pt-pt\/#Organization\/\",\"name\":\"CSJ Emballages\",\"url\":\"https:\/\/www.csj-emballages.com\/pt-pt\/\",\"logo\":{\"@type\":\"ImageObject\",\"inLanguage\":\"pt-PT\",\"@id\":\"https:\/\/www.csj-emballages.com\/pt-pt\/#\/schema\/logo\/image\/\",\"url\":\"https:\/\/www.csj-emballages.com\/wp-content\/uploads\/2023\/10\/logo_csj.webp\",\"contentUrl\":\"https:\/\/www.csj-emballages.com\/wp-content\/uploads\/2023\/10\/logo_csj.webp\",\"width\":250,\"height\":95,\"caption\":\"CSJ Emballages\"},\"image\":{\"@id\":\"https:\/\/www.csj-emballages.com\/pt-pt\/#\/schema\/logo\/image\/\"},\"sameAs\":[\"https:\/\/www.facebook.com\/csjemballages\"],\"address\":{\"@type\":\"PostalAddress\",\"streetAddress\":\"ZI La Lechere\",\"addressLocality\":\"Patornay\",\"postalCode\":\"39130\",\"addressCountry\":\"FR\"},\"contactPoint\":[{\"@type\":\"ContactPoint\",\"contactType\":\"Service client\",\"telephone\":\"0384254272\",\"email\":\"contact@csj-emballages.com\"}]}]}<\/script>\n<!-- \/ Yoast SEO Premium plugin. -->","yoast_head_json":{"title":"Frasco de pl\u00e1stico branco para natas com tampa - 250 ml","description":"Descubra os nossos potes para natas de pl\u00e1stico branco de 250 ml. Ideal para natas, queijo, iogurte e muito mais.","robots":{"index":"index","follow":"follow","max-snippet":"max-snippet:-1","max-image-preview":"max-image-preview:large","max-video-preview":"max-video-preview:-1"},"canonical":"https:\/\/www.csj-emballages.com\/pt-pt\/produit\/50-frascos-de-plastico-descartaveis-brancos-para-natas-com-tampa-de-250-ml\/","og_locale":"pt_PT","og_type":"article","og_title":"Jarro de pl\u00e1stico branco para natas 250 ml com tampa 50 unid.","og_description":"Descubra os nossos potes para natas de pl\u00e1stico branco de 250 ml. Ideal para natas, queijo, iogurte e muito mais.","og_url":"https:\/\/www.csj-emballages.com\/pt-pt\/produit\/50-frascos-de-plastico-descartaveis-brancos-para-natas-com-tampa-de-250-ml\/","og_site_name":"CSJ Emballages","article_publisher":"https:\/\/www.facebook.com\/csjemballages","article_modified_time":"2026-04-21T00:15:01+00:00","og_image":[{"width":800,"height":800,"url":"https:\/\/www.csj-emballages.com\/wp-content\/uploads\/2024\/03\/POC-CREME-250.webp","type":"image\/webp"}],"twitter_card":"summary_large_image","twitter_misc":{"Tempo estimado de leitura":"2 minutos"},"schema":{"@context":"https:\/\/schema.org","@graph":[{"@type":"WebPage","@id":"https:\/\/www.csj-emballages.com\/pt-pt\/produit\/50-frascos-de-plastico-descartaveis-brancos-para-natas-com-tampa-de-250-ml\/","url":"https:\/\/www.csj-emballages.com\/pt-pt\/produit\/50-frascos-de-plastico-descartaveis-brancos-para-natas-com-tampa-de-250-ml\/","name":"Frasco de pl\u00e1stico branco para natas com tampa - 250 ml","isPartOf":{"@id":"https:\/\/www.csj-emballages.com\/pt-pt\/#website"},"primaryImageOfPage":{"@id":"https:\/\/www.csj-emballages.com\/pt-pt\/produit\/50-frascos-de-plastico-descartaveis-brancos-para-natas-com-tampa-de-250-ml\/#primaryimage"},"image":{"@id":"https:\/\/www.csj-emballages.com\/pt-pt\/produit\/50-frascos-de-plastico-descartaveis-brancos-para-natas-com-tampa-de-250-ml\/#primaryimage"},"thumbnailUrl":"https:\/\/www.csj-emballages.com\/wp-content\/uploads\/2024\/03\/POC-CREME-250.webp","datePublished":"2024-03-01T15:51:28+00:00","dateModified":"2026-04-21T00:15:01+00:00","description":"Descubra os nossos potes para natas de pl\u00e1stico branco de 250 ml. Ideal para natas, queijo, iogurte e muito mais.","breadcrumb":{"@id":"https:\/\/www.csj-emballages.com\/pt-pt\/produit\/50-frascos-de-plastico-descartaveis-brancos-para-natas-com-tampa-de-250-ml\/#breadcrumb"},"inLanguage":"pt-PT","potentialAction":[{"@type":"ReadAction","target":["https:\/\/www.csj-emballages.com\/pt-pt\/produit\/50-frascos-de-plastico-descartaveis-brancos-para-natas-com-tampa-de-250-ml\/"]}]},{"@type":"ImageObject","inLanguage":"pt-PT","@id":"https:\/\/www.csj-emballages.com\/pt-pt\/produit\/50-frascos-de-plastico-descartaveis-brancos-para-natas-com-tampa-de-250-ml\/#primaryimage","url":"https:\/\/www.csj-emballages.com\/wp-content\/uploads\/2024\/03\/POC-CREME-250.webp","contentUrl":"https:\/\/www.csj-emballages.com\/wp-content\/uploads\/2024\/03\/POC-CREME-250.webp","width":800,"height":800,"caption":"po"},{"@type":"BreadcrumbList","@id":"https:\/\/www.csj-emballages.com\/pt-pt\/produit\/50-frascos-de-plastico-descartaveis-brancos-para-natas-com-tampa-de-250-ml\/#breadcrumb","itemListElement":[{"@type":"ListItem","position":1,"name":"Acolhimento","item":"https:\/\/www.csj-emballages.com\/pt-pt\/universo-das-embalagens-alimentares\/"},{"@type":"ListItem","position":2,"name":"Shop","item":"https:\/\/www.csj-emballages.com\/shop\/"},{"@type":"ListItem","position":3,"name":"Jarro de pl\u00e1stico branco para natas 250 ml com tampa 50 unid."}]},{"@type":"WebSite","@id":"https:\/\/www.csj-emballages.com\/pt-pt\/#website","url":"https:\/\/www.csj-emballages.com\/pt-pt\/","name":"CSJ Emballages","description":"","publisher":{"@id":"https:\/\/www.csj-emballages.com\/pt-pt\/#organization"},"potentialAction":[{"@type":"SearchAction","target":{"@type":"EntryPoint","urlTemplate":"https:\/\/www.csj-emballages.com\/pt-pt\/?s={search_term_string}"},"query-input":{"@type":"PropertyValueSpecification","valueRequired":true,"valueName":"search_term_string"}}],"inLanguage":"pt-PT"},{"@type":"Organization","@id":"https:\/\/www.csj-emballages.com\/pt-pt\/#Organization\/","name":"CSJ Emballages","url":"https:\/\/www.csj-emballages.com\/pt-pt\/","logo":{"@type":"ImageObject","inLanguage":"pt-PT","@id":"https:\/\/www.csj-emballages.com\/pt-pt\/#\/schema\/logo\/image\/","url":"https:\/\/www.csj-emballages.com\/wp-content\/uploads\/2023\/10\/logo_csj.webp","contentUrl":"https:\/\/www.csj-emballages.com\/wp-content\/uploads\/2023\/10\/logo_csj.webp","width":250,"height":95,"caption":"CSJ Emballages"},"image":{"@id":"https:\/\/www.csj-emballages.com\/pt-pt\/#\/schema\/logo\/image\/"},"sameAs":["https:\/\/www.facebook.com\/csjemballages"],"address":{"@type":"PostalAddress","streetAddress":"ZI La Lechere","addressLocality":"Patornay","postalCode":"39130","addressCountry":"FR"},"contactPoint":[{"@type":"ContactPoint","contactType":"Service client","telephone":"0384254272","email":"contact@csj-emballages.com"}]}]}},"df_price":13.13,"df_sale_price":"","df_regular_price":13.13,"df_image_link":"https:\/\/www.csj-emballages.com\/wp-content\/uploads\/2024\/03\/POC-CREME-250-300x300.webp","tiered_pricing_type":"fixed","tiered_pricing_fixed_rules":[],"tiered_pricing_percentage_rules":[],"tiered_pricing_minimum":1,"tiered_pricing_roles_data":[],"_links":{"self":[{"href":"https:\/\/www.csj-emballages.com\/pt-pt\/wp-json\/wp\/v2\/product\/22310","targetHints":{"allow":["GET"]}}],"collection":[{"href":"https:\/\/www.csj-emballages.com\/pt-pt\/wp-json\/wp\/v2\/product"}],"about":[{"href":"https:\/\/www.csj-emballages.com\/pt-pt\/wp-json\/wp\/v2\/types\/product"}],"wp:featuredmedia":[{"embeddable":true,"href":"https:\/\/www.csj-emballages.com\/pt-pt\/wp-json\/wp\/v2\/media\/203599"}],"wp:attachment":[{"href":"https:\/\/www.csj-emballages.com\/pt-pt\/wp-json\/wp\/v2\/media?parent=22310"}],"wp:term":[{"taxonomy":"product_brand","embeddable":true,"href":"https:\/\/www.csj-emballages.com\/pt-pt\/wp-json\/wp\/v2\/product_brand?post=22310"},{"taxonomy":"product_cat","embeddable":true,"href":"https:\/\/www.csj-emballages.com\/pt-pt\/wp-json\/wp\/v2\/product_cat?post=22310"},{"taxonomy":"product_tag","embeddable":true,"href":"https:\/\/www.csj-emballages.com\/pt-pt\/wp-json\/wp\/v2\/product_tag?post=22310"}],"curies":[{"name":"wp","href":"https:\/\/api.w.org\/{rel}","templated":true}]}}