{"id":22303,"date":"2024-03-01T16:51:32","date_gmt":"2024-03-01T15:51:32","guid":{"rendered":"https:\/\/u15jnbdpoq.preview.infomaniak.website\/produit\/50-palhinhas-rectas-210-mm-papel-kraft-bubble-tea-o-12-mm\/"},"modified":"2026-04-05T02:11:08","modified_gmt":"2026-04-05T00:11:08","slug":"50-palhinhas-rectas-210-mm-papel-kraft-bubble-tea-o-12-mm","status":"publish","type":"product","link":"https:\/\/www.csj-emballages.com\/pt-pt\/produit\/50-palhinhas-rectas-210-mm-papel-kraft-bubble-tea-o-12-mm\/","title":{"rendered":"Palhinha para ch\u00e1 Bubble Tea em papel kraft reto 210 mm \u00d8 12 mm por 50"},"content":{"rendered":"<h2>Palhinha de Bubble Tea<\/h2>\n<div style=\"box-sizing: inherit; font-family: Roboto, sans-serif;\">\n<div style=\"box-sizing: inherit; font-family: Roboto, sans-serif;\">\n<div style=\"box-sizing: inherit; font-family: Roboto, sans-serif;\">\n<div style=\"box-sizing: inherit; font-family: Roboto, sans-serif;\">\n<div style=\"box-sizing: inherit; font-family: Roboto, sans-serif;\">\n<div style=\"box-sizing: inherit; font-family: Roboto, sans-serif;\">\n<hr>\n<h3>Descri\u00e7\u00e3o da nossa palhinha Bubble Tea em papel kraft reto 210 mm \u00d8 12 mm por 50<\/h3>\n<p><!--more--><\/p>\n<div class=\"flex-shrink-0 flex flex-col relative items-end\">\n<div class=\"pt-0.5 juice:pt-0\">\n<div class=\"gizmo-bot-avatar flex h-6 w-6 items-center justify-center overflow-hidden rounded-full juice:h-8 juice:w-8\">\n<div class=\"relative p-1 rounded-sm flex items-center justify-center bg-token-main-surface-primary text-token-text-primary h-8 w-8\">\n<p data-start=\"272\" data-end=\"694\">Como todos os f\u00e3s de <strong>bubble<\/strong> tea sabem, n\u00e3o \u00e9 poss\u00edvel desfrutar ao m\u00e1ximo desta deliciosa bebida sem a palhinha certa. \u00c9 a\u00ed que entram <strong data-start=\"411\" data-end=\"457\">as<\/strong> nossas <strong data-start=\"411\" data-end=\"457\">palhinhas de papel kraft rectas de \u00d8 12 mm para o bubble tea<\/strong>. Especialmente concebidas para <strong data-start=\"504\" data-end=\"525\">p\u00e9rolas de tapioca<\/strong> e outros toppings generosos, estas palhinhas <strong data-start=\"570\" data-end=\"588\">de di\u00e2metro largo<\/strong> facilitam a aspira\u00e7\u00e3o das p\u00e9rolas sem obstru\u00e7\u00e3o, ao mesmo tempo que permitem desfrutar de um bom fluxo de bebida.  <\/p>\n<p data-start=\"696\" data-end=\"1104\">Com um <strong data-start=\"702\" data-end=\"724\">comprimento de 210 mm<\/strong>, s\u00e3o compat\u00edveis com a maioria das <strong>ch\u00e1venas utilizadas no ch\u00e1 de bolhas <\/strong>(<span style=\"color: #d12727;\"><a style=\"color: #d12727;\" href=\"https:\/\/www.csj-emballages.com\/es\/produit\/48-tarros-de-plastico-95o-rpet-termosellables-de-500-ml-para-te-de-burbujas\/\">GM500BUBBLE<\/a><\/span>), smoothies, sumos frescos ou batidos. A sua <strong data-start=\"843\" data-end=\"871\">cor brilhante e atraente<\/strong> d\u00e1 um toque de divers\u00e3o \u00e0s suas bebidas, ideal para um servi\u00e7o profissional ou para um ambiente amig\u00e1vel com os amigos. Fabricadas em <strong data-start=\"1004\" data-end=\"1023\">papel refor\u00e7ado<\/strong>, combinam desempenho, facilidade de utiliza\u00e7\u00e3o e respeito pelo ambiente.  <\/p>\n<p data-start=\"1106\" data-end=\"1391\">Estas <strong>palhinhas de papel<\/strong> s\u00e3o descart\u00e1veis <strong data-start=\"1123\" data-end=\"1155\">mas biodegrad\u00e1veis<\/strong>, perfeitas para profissionais de restaura\u00e7\u00e3o empenhados numa abordagem mais eco-respons\u00e1vel. Vendidas em <strong data-start=\"1269\" data-end=\"1282\">embalagens de 50<\/strong>, est\u00e3o prontas a utilizar nos seus bares de <strong>bubble<\/strong> tea, food trucks, caf\u00e9s ou eventos privados. <\/p>\n<p data-start=\"1393\" data-end=\"1506\">Escolha um acess\u00f3rio pr\u00e1tico, atraente e duradouro para acompanhar as suas bebidas da moda.<\/p>\n<\/div>\n<p>&nbsp;<\/p>\n<p data-start=\"1467\" data-end=\"1712\"><!--more--><\/p>\n<\/div>\n<\/div>\n<\/div>\n<h4>As vantagens:<\/h4>\n<ul>\n<li>Grande di\u00e2metro (\u00d8 12 mm) perfeito para p\u00e9rolas de tapioca.<\/li>\n<li><strong>Papel refor\u00e7ado<\/strong>: resistente e biodegrad\u00e1vel.<\/li>\n<li>Comprimento ideal (210 mm) para ch\u00e1venas cl\u00e1ssicas.<\/li>\n<li>Cor kraft para servi\u00e7o natural.<\/li>\n<li>Embalagem de 50 palhinhas, prontas a utilizar<\/li>\n<\/ul>\n<p>.<\/p>\n<p>&nbsp;<\/p>\n<\/div>\n<\/div>\n<p><!--more--><\/p>\n<div style=\"box-sizing: inherit; font-family: Roboto, sans-serif;\">\n<div style=\"box-sizing: inherit; font-family: Roboto, sans-serif;\">\n<h4>Outras informa\u00e7\u00f5es :<\/h4>\n<ul>\n<li><strong>Embalagem<\/strong>: Pacote de 50<\/li>\n<li><b>Altura: <\/b>210 mm<\/li>\n<li><strong>Di\u00e2metro<\/strong>: 12 mm<\/li>\n<li><strong>Materiais<\/strong>: Papel<\/li>\n<li><strong>Cor: <\/strong>Kraft<\/li>\n<\/ul>\n<\/div>\n<\/div>\n<p>&nbsp;<\/p>\n<div style=\"box-sizing: inherit; font-family: Roboto, sans-serif;\">\n<div style=\"box-sizing: inherit; font-family: Roboto, sans-serif;\">\n<p><!--more--><\/p>\n<p><span style=\"color: #d12727;\"><span style=\"color: #000000;\">Encontre aqui a nossa palhinha colorida para ch\u00e1 com bolhas<\/span> <\/span>: <span style=\"color: #d12727;\"><a style=\"color: #d12727;\" href=\"https:\/\/www.csj-emballages.com\/es\/produit\/pajita-bubble-tea-de-colores-de-papel-recto-200-mm-o-12-mm-por-50\/\">PAILP200X12C<\/a><\/span><\/p>\n<p><!--more--><\/p>\n<p><a href=\"https:\/\/www.csj-emballages.com\/pt-pt\/categorie-produit\/embalagem-de-alimentos\/gama-biologica\/talheres-palhinhas\/palhinhas-organicas\/\">Veja o resto da nossa gama de palhinhas de papel aqui<\/a><\/div>\n<\/div>\n<\/div>\n<\/div>\n<\/div>\n<\/div>\n","protected":false},"excerpt":{"rendered":"<p>Palhinha de Bubble Tea Descri\u00e7\u00e3o da nossa palhinha Bubble Tea em papel kraft reto 210 mm \u00d8 12 mm por 50<\/p>\n","protected":false},"featured_media":240065,"template":"","meta":{"_acf_changed":false},"product_brand":[],"product_cat":[1141,1138,3035,1152,3034],"product_tag":[],"class_list":{"0":"post-22303","1":"product","2":"type-product","3":"status-publish","4":"has-post-thumbnail","6":"product_cat-embalagem-de-alimentos","7":"product_cat-restauracao","8":"product_cat-palhinhas","9":"product_cat-gama-biologica","10":"product_cat-palhinhas-organicas","12":"first","13":"instock","14":"taxable","15":"shipping-taxable","16":"purchasable","17":"product-type-simple"},"acf":[],"yoast_head":"<!-- This site is optimized with the Yoast SEO Premium plugin v26.6 (Yoast SEO v26.6) - https:\/\/yoast.com\/wordpress\/plugins\/seo\/ -->\n<title>Palhinha para ch\u00e1 Bubble Tea Papel Kraft Reto 210 mm \u00d8 12 mm por 50<\/title>\n<meta name=\"description\" content=\"Palhinha para Bubble Tea em papel kraft 210 mm x 12 mm! Oferecemos-te um pacote de 50 palhinhas de Bubble Tea a PRE\u00c7OS DE DESCONTO\" \/>\n<meta name=\"robots\" content=\"index, follow, max-snippet:-1, max-image-preview:large, max-video-preview:-1\" \/>\n<link rel=\"canonical\" href=\"https:\/\/www.csj-emballages.com\/pt-pt\/produit\/50-palhinhas-rectas-210-mm-papel-kraft-bubble-tea-o-12-mm\/\" \/>\n<meta property=\"og:locale\" content=\"pt_PT\" \/>\n<meta property=\"og:type\" content=\"article\" \/>\n<meta property=\"og:title\" content=\"Palhinha para ch\u00e1 Bubble Tea em papel kraft reto 210 mm \u00d8 12 mm por 50\" \/>\n<meta property=\"og:description\" content=\"Palhinha para Bubble Tea em papel kraft 210 mm x 12 mm! Oferecemos-te um pacote de 50 palhinhas de Bubble Tea a PRE\u00c7OS DE DESCONTO\" \/>\n<meta property=\"og:url\" content=\"https:\/\/www.csj-emballages.com\/pt-pt\/produit\/50-palhinhas-rectas-210-mm-papel-kraft-bubble-tea-o-12-mm\/\" \/>\n<meta property=\"og:site_name\" content=\"CSJ Emballages\" \/>\n<meta property=\"article:publisher\" content=\"https:\/\/www.facebook.com\/csjemballages\" \/>\n<meta property=\"article:modified_time\" content=\"2026-04-05T00:11:08+00:00\" \/>\n<meta property=\"og:image\" content=\"https:\/\/www.csj-emballages.com\/wp-content\/uploads\/2024\/03\/PAILP210X12K.jpeg\" \/>\n\t<meta property=\"og:image:width\" content=\"800\" \/>\n\t<meta property=\"og:image:height\" content=\"800\" \/>\n\t<meta property=\"og:image:type\" content=\"image\/jpeg\" \/>\n<meta name=\"twitter:card\" content=\"summary_large_image\" \/>\n<meta name=\"twitter:label1\" content=\"Tempo estimado de leitura\" \/>\n\t<meta name=\"twitter:data1\" content=\"2 minutos\" \/>\n<script type=\"application\/ld+json\" class=\"yoast-schema-graph\">{\"@context\":\"https:\/\/schema.org\",\"@graph\":[{\"@type\":\"WebPage\",\"@id\":\"https:\/\/www.csj-emballages.com\/pt-pt\/produit\/50-palhinhas-rectas-210-mm-papel-kraft-bubble-tea-o-12-mm\/\",\"url\":\"https:\/\/www.csj-emballages.com\/pt-pt\/produit\/50-palhinhas-rectas-210-mm-papel-kraft-bubble-tea-o-12-mm\/\",\"name\":\"Palhinha para ch\u00e1 Bubble Tea Papel Kraft Reto 210 mm \u00d8 12 mm por 50\",\"isPartOf\":{\"@id\":\"https:\/\/www.csj-emballages.com\/pt-pt\/#website\"},\"primaryImageOfPage\":{\"@id\":\"https:\/\/www.csj-emballages.com\/pt-pt\/produit\/50-palhinhas-rectas-210-mm-papel-kraft-bubble-tea-o-12-mm\/#primaryimage\"},\"image\":{\"@id\":\"https:\/\/www.csj-emballages.com\/pt-pt\/produit\/50-palhinhas-rectas-210-mm-papel-kraft-bubble-tea-o-12-mm\/#primaryimage\"},\"thumbnailUrl\":\"https:\/\/www.csj-emballages.com\/wp-content\/uploads\/2024\/03\/PAILP210X12K.jpeg\",\"datePublished\":\"2024-03-01T15:51:32+00:00\",\"dateModified\":\"2026-04-05T00:11:08+00:00\",\"description\":\"Palhinha para Bubble Tea em papel kraft 210 mm x 12 mm! Oferecemos-te um pacote de 50 palhinhas de Bubble Tea a PRE\u00c7OS DE DESCONTO\",\"breadcrumb\":{\"@id\":\"https:\/\/www.csj-emballages.com\/pt-pt\/produit\/50-palhinhas-rectas-210-mm-papel-kraft-bubble-tea-o-12-mm\/#breadcrumb\"},\"inLanguage\":\"pt-PT\",\"potentialAction\":[{\"@type\":\"ReadAction\",\"target\":[\"https:\/\/www.csj-emballages.com\/pt-pt\/produit\/50-palhinhas-rectas-210-mm-papel-kraft-bubble-tea-o-12-mm\/\"]}]},{\"@type\":\"ImageObject\",\"inLanguage\":\"pt-PT\",\"@id\":\"https:\/\/www.csj-emballages.com\/pt-pt\/produit\/50-palhinhas-rectas-210-mm-papel-kraft-bubble-tea-o-12-mm\/#primaryimage\",\"url\":\"https:\/\/www.csj-emballages.com\/wp-content\/uploads\/2024\/03\/PAILP210X12K.jpeg\",\"contentUrl\":\"https:\/\/www.csj-emballages.com\/wp-content\/uploads\/2024\/03\/PAILP210X12K.jpeg\",\"width\":800,\"height\":800,\"caption\":\"Paille Bubble Tea\"},{\"@type\":\"BreadcrumbList\",\"@id\":\"https:\/\/www.csj-emballages.com\/pt-pt\/produit\/50-palhinhas-rectas-210-mm-papel-kraft-bubble-tea-o-12-mm\/#breadcrumb\",\"itemListElement\":[{\"@type\":\"ListItem\",\"position\":1,\"name\":\"Acolhimento\",\"item\":\"https:\/\/www.csj-emballages.com\/pt-pt\/universo-das-embalagens-alimentares\/\"},{\"@type\":\"ListItem\",\"position\":2,\"name\":\"Shop\",\"item\":\"https:\/\/www.csj-emballages.com\/shop\/\"},{\"@type\":\"ListItem\",\"position\":3,\"name\":\"Palhinha para ch\u00e1 Bubble Tea em papel kraft reto 210 mm \u00d8 12 mm por 50\"}]},{\"@type\":\"WebSite\",\"@id\":\"https:\/\/www.csj-emballages.com\/pt-pt\/#website\",\"url\":\"https:\/\/www.csj-emballages.com\/pt-pt\/\",\"name\":\"CSJ Emballages\",\"description\":\"\",\"publisher\":{\"@id\":\"https:\/\/www.csj-emballages.com\/pt-pt\/#organization\"},\"potentialAction\":[{\"@type\":\"SearchAction\",\"target\":{\"@type\":\"EntryPoint\",\"urlTemplate\":\"https:\/\/www.csj-emballages.com\/pt-pt\/?s={search_term_string}\"},\"query-input\":{\"@type\":\"PropertyValueSpecification\",\"valueRequired\":true,\"valueName\":\"search_term_string\"}}],\"inLanguage\":\"pt-PT\"},{\"@type\":\"Organization\",\"@id\":\"https:\/\/www.csj-emballages.com\/pt-pt\/#Organization\/\",\"name\":\"CSJ Emballages\",\"url\":\"https:\/\/www.csj-emballages.com\/pt-pt\/\",\"logo\":{\"@type\":\"ImageObject\",\"inLanguage\":\"pt-PT\",\"@id\":\"https:\/\/www.csj-emballages.com\/pt-pt\/#\/schema\/logo\/image\/\",\"url\":\"https:\/\/www.csj-emballages.com\/wp-content\/uploads\/2023\/10\/logo_csj.webp\",\"contentUrl\":\"https:\/\/www.csj-emballages.com\/wp-content\/uploads\/2023\/10\/logo_csj.webp\",\"width\":250,\"height\":95,\"caption\":\"CSJ Emballages\"},\"image\":{\"@id\":\"https:\/\/www.csj-emballages.com\/pt-pt\/#\/schema\/logo\/image\/\"},\"sameAs\":[\"https:\/\/www.facebook.com\/csjemballages\"],\"address\":{\"@type\":\"PostalAddress\",\"streetAddress\":\"ZI La Lechere\",\"addressLocality\":\"Patornay\",\"postalCode\":\"39130\",\"addressCountry\":\"FR\"},\"contactPoint\":[{\"@type\":\"ContactPoint\",\"contactType\":\"Service client\",\"telephone\":\"0384254272\",\"email\":\"contact@csj-emballages.com\"}]}]}<\/script>\n<!-- \/ Yoast SEO Premium plugin. -->","yoast_head_json":{"title":"Palhinha para ch\u00e1 Bubble Tea Papel Kraft Reto 210 mm \u00d8 12 mm por 50","description":"Palhinha para Bubble Tea em papel kraft 210 mm x 12 mm! Oferecemos-te um pacote de 50 palhinhas de Bubble Tea a PRE\u00c7OS DE DESCONTO","robots":{"index":"index","follow":"follow","max-snippet":"max-snippet:-1","max-image-preview":"max-image-preview:large","max-video-preview":"max-video-preview:-1"},"canonical":"https:\/\/www.csj-emballages.com\/pt-pt\/produit\/50-palhinhas-rectas-210-mm-papel-kraft-bubble-tea-o-12-mm\/","og_locale":"pt_PT","og_type":"article","og_title":"Palhinha para ch\u00e1 Bubble Tea em papel kraft reto 210 mm \u00d8 12 mm por 50","og_description":"Palhinha para Bubble Tea em papel kraft 210 mm x 12 mm! Oferecemos-te um pacote de 50 palhinhas de Bubble Tea a PRE\u00c7OS DE DESCONTO","og_url":"https:\/\/www.csj-emballages.com\/pt-pt\/produit\/50-palhinhas-rectas-210-mm-papel-kraft-bubble-tea-o-12-mm\/","og_site_name":"CSJ Emballages","article_publisher":"https:\/\/www.facebook.com\/csjemballages","article_modified_time":"2026-04-05T00:11:08+00:00","og_image":[{"width":800,"height":800,"url":"https:\/\/www.csj-emballages.com\/wp-content\/uploads\/2024\/03\/PAILP210X12K.jpeg","type":"image\/jpeg"}],"twitter_card":"summary_large_image","twitter_misc":{"Tempo estimado de leitura":"2 minutos"},"schema":{"@context":"https:\/\/schema.org","@graph":[{"@type":"WebPage","@id":"https:\/\/www.csj-emballages.com\/pt-pt\/produit\/50-palhinhas-rectas-210-mm-papel-kraft-bubble-tea-o-12-mm\/","url":"https:\/\/www.csj-emballages.com\/pt-pt\/produit\/50-palhinhas-rectas-210-mm-papel-kraft-bubble-tea-o-12-mm\/","name":"Palhinha para ch\u00e1 Bubble Tea Papel Kraft Reto 210 mm \u00d8 12 mm por 50","isPartOf":{"@id":"https:\/\/www.csj-emballages.com\/pt-pt\/#website"},"primaryImageOfPage":{"@id":"https:\/\/www.csj-emballages.com\/pt-pt\/produit\/50-palhinhas-rectas-210-mm-papel-kraft-bubble-tea-o-12-mm\/#primaryimage"},"image":{"@id":"https:\/\/www.csj-emballages.com\/pt-pt\/produit\/50-palhinhas-rectas-210-mm-papel-kraft-bubble-tea-o-12-mm\/#primaryimage"},"thumbnailUrl":"https:\/\/www.csj-emballages.com\/wp-content\/uploads\/2024\/03\/PAILP210X12K.jpeg","datePublished":"2024-03-01T15:51:32+00:00","dateModified":"2026-04-05T00:11:08+00:00","description":"Palhinha para Bubble Tea em papel kraft 210 mm x 12 mm! Oferecemos-te um pacote de 50 palhinhas de Bubble Tea a PRE\u00c7OS DE DESCONTO","breadcrumb":{"@id":"https:\/\/www.csj-emballages.com\/pt-pt\/produit\/50-palhinhas-rectas-210-mm-papel-kraft-bubble-tea-o-12-mm\/#breadcrumb"},"inLanguage":"pt-PT","potentialAction":[{"@type":"ReadAction","target":["https:\/\/www.csj-emballages.com\/pt-pt\/produit\/50-palhinhas-rectas-210-mm-papel-kraft-bubble-tea-o-12-mm\/"]}]},{"@type":"ImageObject","inLanguage":"pt-PT","@id":"https:\/\/www.csj-emballages.com\/pt-pt\/produit\/50-palhinhas-rectas-210-mm-papel-kraft-bubble-tea-o-12-mm\/#primaryimage","url":"https:\/\/www.csj-emballages.com\/wp-content\/uploads\/2024\/03\/PAILP210X12K.jpeg","contentUrl":"https:\/\/www.csj-emballages.com\/wp-content\/uploads\/2024\/03\/PAILP210X12K.jpeg","width":800,"height":800,"caption":"Paille Bubble Tea"},{"@type":"BreadcrumbList","@id":"https:\/\/www.csj-emballages.com\/pt-pt\/produit\/50-palhinhas-rectas-210-mm-papel-kraft-bubble-tea-o-12-mm\/#breadcrumb","itemListElement":[{"@type":"ListItem","position":1,"name":"Acolhimento","item":"https:\/\/www.csj-emballages.com\/pt-pt\/universo-das-embalagens-alimentares\/"},{"@type":"ListItem","position":2,"name":"Shop","item":"https:\/\/www.csj-emballages.com\/shop\/"},{"@type":"ListItem","position":3,"name":"Palhinha para ch\u00e1 Bubble Tea em papel kraft reto 210 mm \u00d8 12 mm por 50"}]},{"@type":"WebSite","@id":"https:\/\/www.csj-emballages.com\/pt-pt\/#website","url":"https:\/\/www.csj-emballages.com\/pt-pt\/","name":"CSJ Emballages","description":"","publisher":{"@id":"https:\/\/www.csj-emballages.com\/pt-pt\/#organization"},"potentialAction":[{"@type":"SearchAction","target":{"@type":"EntryPoint","urlTemplate":"https:\/\/www.csj-emballages.com\/pt-pt\/?s={search_term_string}"},"query-input":{"@type":"PropertyValueSpecification","valueRequired":true,"valueName":"search_term_string"}}],"inLanguage":"pt-PT"},{"@type":"Organization","@id":"https:\/\/www.csj-emballages.com\/pt-pt\/#Organization\/","name":"CSJ Emballages","url":"https:\/\/www.csj-emballages.com\/pt-pt\/","logo":{"@type":"ImageObject","inLanguage":"pt-PT","@id":"https:\/\/www.csj-emballages.com\/pt-pt\/#\/schema\/logo\/image\/","url":"https:\/\/www.csj-emballages.com\/wp-content\/uploads\/2023\/10\/logo_csj.webp","contentUrl":"https:\/\/www.csj-emballages.com\/wp-content\/uploads\/2023\/10\/logo_csj.webp","width":250,"height":95,"caption":"CSJ Emballages"},"image":{"@id":"https:\/\/www.csj-emballages.com\/pt-pt\/#\/schema\/logo\/image\/"},"sameAs":["https:\/\/www.facebook.com\/csjemballages"],"address":{"@type":"PostalAddress","streetAddress":"ZI La Lechere","addressLocality":"Patornay","postalCode":"39130","addressCountry":"FR"},"contactPoint":[{"@type":"ContactPoint","contactType":"Service client","telephone":"0384254272","email":"contact@csj-emballages.com"}]}]}},"df_price":2.74,"df_sale_price":"","df_regular_price":2.74,"df_image_link":"https:\/\/www.csj-emballages.com\/wp-content\/uploads\/2024\/03\/PAILP210X12K-300x300.jpeg","tiered_pricing_type":"fixed","tiered_pricing_fixed_rules":[],"tiered_pricing_percentage_rules":[],"tiered_pricing_minimum":1,"tiered_pricing_roles_data":[],"_links":{"self":[{"href":"https:\/\/www.csj-emballages.com\/pt-pt\/wp-json\/wp\/v2\/product\/22303","targetHints":{"allow":["GET"]}}],"collection":[{"href":"https:\/\/www.csj-emballages.com\/pt-pt\/wp-json\/wp\/v2\/product"}],"about":[{"href":"https:\/\/www.csj-emballages.com\/pt-pt\/wp-json\/wp\/v2\/types\/product"}],"wp:featuredmedia":[{"embeddable":true,"href":"https:\/\/www.csj-emballages.com\/pt-pt\/wp-json\/wp\/v2\/media\/240065"}],"wp:attachment":[{"href":"https:\/\/www.csj-emballages.com\/pt-pt\/wp-json\/wp\/v2\/media?parent=22303"}],"wp:term":[{"taxonomy":"product_brand","embeddable":true,"href":"https:\/\/www.csj-emballages.com\/pt-pt\/wp-json\/wp\/v2\/product_brand?post=22303"},{"taxonomy":"product_cat","embeddable":true,"href":"https:\/\/www.csj-emballages.com\/pt-pt\/wp-json\/wp\/v2\/product_cat?post=22303"},{"taxonomy":"product_tag","embeddable":true,"href":"https:\/\/www.csj-emballages.com\/pt-pt\/wp-json\/wp\/v2\/product_tag?post=22303"}],"curies":[{"name":"wp","href":"https:\/\/api.w.org\/{rel}","templated":true}]}}