{"id":22295,"date":"2024-03-01T16:51:33","date_gmt":"2024-03-01T15:51:33","guid":{"rendered":"https:\/\/u15jnbdpoq.preview.infomaniak.website\/produit\/100-palhinhas-rectas-200-mm-de-papel-branco-embaladas-individualmente-o-6-mm\/"},"modified":"2026-04-14T02:18:13","modified_gmt":"2026-04-14T00:18:13","slug":"100-palhinhas-rectas-200-mm-de-papel-branco-embaladas-individualmente-o-6-mm","status":"publish","type":"product","link":"https:\/\/www.csj-emballages.com\/pt-pt\/produit\/100-palhinhas-rectas-200-mm-de-papel-branco-embaladas-individualmente-o-6-mm\/","title":{"rendered":"Palhinha direita de papel branco, embalada individualmente, 200 mm \u00d8 6 mm por 100"},"content":{"rendered":"<h2>Palhinha embalada individualmente<\/h2>\n<hr>\n<h3>Descubra a nossa palhinha embrulhada individualmente em papel branco reto 200 mm \u00d8 6 mm por 100<\/h3>\n<p><!--more--><\/p>\n<p data-start=\"133\" data-end=\"629\">Ofere\u00e7a aos seus clientes uma solu\u00e7\u00e3o higi\u00e9nica, pr\u00e1tica e amiga do ambiente com estas <strong data-start=\"232\" data-end=\"270\">palhinhas de papel brancas rectas embaladas individualmente<\/strong>. Cada palhinha tem <strong data-start=\"325\" data-end=\"343\">200 mm de comprimento<\/strong> e <strong data-start=\"352\" data-end=\"372\">6 mm de di\u00e2metro<\/strong>, perfeitamente adequada para bebidas frias, refrigerantes, sumos de fruta ou cocktails. A embalagem individual garante <strong data-start=\"496\" data-end=\"521\">uma higiene impec\u00e1vel<\/strong>, ideal para utiliza\u00e7\u00e3o em restaurantes, takeaways, eventos ou mesmo em casa.  <\/p>\n<p data-start=\"631\" data-end=\"1102\">Concebidas para profissionais de fast-food, caf\u00e9s, bares de sumos e empresas de catering, estas <strong>palhinhas brancas<\/strong> s\u00e3o f\u00e1ceis de utilizar, f\u00e1ceis de apresentar e f\u00e1ceis de limpar. Gra\u00e7as ao seu material <strong>de papel branco<\/strong> resistente, s\u00e3o uma verdadeira alternativa eco-respons\u00e1vel \u00e0s palhinhas de pl\u00e1stico. Foram concebidas para n\u00e3o amolecerem rapidamente em contacto com o l\u00edquido, garantindo uma experi\u00eancia agrad\u00e1vel do princ\u00edpio ao fim.  <\/p>\n<p data-start=\"1104\" data-end=\"1351\">E porque cada palhinha est\u00e1 <strong data-start=\"1124\" data-end=\"1162\">protegida no seu pr\u00f3prio inv\u00f3lucro de papel<\/strong>, pode oferecer aos seus clientes uma solu\u00e7\u00e3o <strong data-start=\"1207\" data-end=\"1235\">segura e atractiva<\/strong>, particularmente apreciada em ambientes onde a higiene \u00e9 essencial (self-service, hospitais, hot\u00e9is, etc.).<\/p>\n<p data-start=\"1353\" data-end=\"1514\"><strong data-start=\"1353\" data-end=\"1389\">Pr\u00e1ticas, s\u00f3brias e com um design ecol\u00f3gico<\/strong>, estas <strong>palhinhas embaladas individualmente<\/strong> s\u00e3o tamb\u00e9m ideais para os consumidores que procuram produtos simples, elegantes e amigos do ambiente.<\/p>\n<p data-start=\"1353\" data-end=\"1514\">\n<p data-start=\"1353\" data-end=\"1514\"><!--more--><\/p>\n<h4>Vantagens :<\/h4>\n<ul>\n<li>Higiene assegurada gra\u00e7as \u00e0 embalagem individual.<\/li>\n<li>Comprimento ideal para ch\u00e1venas normais (200 mm).<\/li>\n<li>Di\u00e2metro vers\u00e1til (\u00d8 6 mm) para uma variedade de bebidas.<\/li>\n<li>Papel branco robusto, n\u00e3o amolece demasiado depressa.<\/li>\n<li>Produto eco-respons\u00e1vel, sem pl\u00e1stico.<\/li>\n<li>Adequado para profissionais e clientes particulares.<\/li>\n<\/ul>\n<h3><\/h3>\n<p><!--more--><\/p>\n<h4>Outras informa\u00e7\u00f5es :<\/h4>\n<ul>\n<li><strong>Embalagem<\/strong>: Pacote de 100<\/li>\n<li><strong>Di\u00e2metro<\/strong>: 6 mm<\/li>\n<li><strong>Comprimento<\/strong>: 200 mm<\/li>\n<li><strong>Cor<\/strong>: Branco<\/li>\n<li><strong>Material<\/strong>: Papel<\/li>\n<\/ul>\n<p>&nbsp;<\/p>\n<p><!--more--><\/p>\n<p><a href=\"https:\/\/www.csj-emballages.com\/pt-pt\/categorie-produit\/embalagem-de-alimentos\/gama-biologica\/talheres-palhinhas\/palhinhas-organicas\/\">Ver o resto da nossa gama de palhinhas de papel aqui<\/a><\/p>\n","protected":false},"excerpt":{"rendered":"<p>Palhinha embalada individualmente Descubra a nossa palhinha embrulhada individualmente em papel branco reto 200 mm \u00d8 6 mm por 100<\/p>\n","protected":false},"featured_media":240077,"template":"","meta":{"_acf_changed":false},"product_brand":[],"product_cat":[1141,1138,3035,1152,3034,1267],"product_tag":[],"class_list":{"0":"post-22295","1":"product","2":"type-product","3":"status-publish","4":"has-post-thumbnail","6":"product_cat-embalagem-de-alimentos","7":"product_cat-restauracao","8":"product_cat-palhinhas","9":"product_cat-gama-biologica","10":"product_cat-palhinhas-organicas","11":"product_cat-descontos-promocoes","13":"first","14":"instock","15":"sale","16":"taxable","17":"shipping-taxable","18":"purchasable","19":"product-type-simple"},"acf":[],"yoast_head":"<!-- This site is optimized with the Yoast SEO Premium plugin v26.6 (Yoast SEO v26.6) - https:\/\/yoast.com\/wordpress\/plugins\/seo\/ -->\n<title>Palhinha Embalada Individualmente - Papel Branco 200 mm \u00d8 6 mm<\/title>\n<meta name=\"description\" content=\"Palhinha direita de papel branco, embalada individualmente - 200 mm \u00d8 6 mm, embalagem de 100. Ideal para uso profissional e privado, higi\u00e9nica e amiga do ambiente.\" \/>\n<meta name=\"robots\" content=\"index, follow, max-snippet:-1, max-image-preview:large, max-video-preview:-1\" \/>\n<link rel=\"canonical\" href=\"https:\/\/www.csj-emballages.com\/pt-pt\/produit\/100-palhinhas-rectas-200-mm-de-papel-branco-embaladas-individualmente-o-6-mm\/\" \/>\n<meta property=\"og:locale\" content=\"pt_PT\" \/>\n<meta property=\"og:type\" content=\"article\" \/>\n<meta property=\"og:title\" content=\"Palhinha direita de papel branco, embalada individualmente, 200 mm \u00d8 6 mm por 100\" \/>\n<meta property=\"og:description\" content=\"Palhinha direita de papel branco, embalada individualmente - 200 mm \u00d8 6 mm, embalagem de 100. Ideal para uso profissional e privado, higi\u00e9nica e amiga do ambiente.\" \/>\n<meta property=\"og:url\" content=\"https:\/\/www.csj-emballages.com\/pt-pt\/produit\/100-palhinhas-rectas-200-mm-de-papel-branco-embaladas-individualmente-o-6-mm\/\" \/>\n<meta property=\"og:site_name\" content=\"CSJ Emballages\" \/>\n<meta property=\"article:publisher\" content=\"https:\/\/www.facebook.com\/csjemballages\" \/>\n<meta property=\"article:modified_time\" content=\"2026-04-14T00:18:13+00:00\" \/>\n<meta property=\"og:image\" content=\"https:\/\/www.csj-emballages.com\/wp-content\/uploads\/2024\/03\/PAILP200X6BLIND.webp\" \/>\n\t<meta property=\"og:image:width\" content=\"800\" \/>\n\t<meta property=\"og:image:height\" content=\"800\" \/>\n\t<meta property=\"og:image:type\" content=\"image\/webp\" \/>\n<meta name=\"twitter:card\" content=\"summary_large_image\" \/>\n<meta name=\"twitter:label1\" content=\"Tempo estimado de leitura\" \/>\n\t<meta name=\"twitter:data1\" content=\"2 minutos\" \/>\n<script type=\"application\/ld+json\" class=\"yoast-schema-graph\">{\"@context\":\"https:\/\/schema.org\",\"@graph\":[{\"@type\":\"WebPage\",\"@id\":\"https:\/\/www.csj-emballages.com\/pt-pt\/produit\/100-palhinhas-rectas-200-mm-de-papel-branco-embaladas-individualmente-o-6-mm\/\",\"url\":\"https:\/\/www.csj-emballages.com\/pt-pt\/produit\/100-palhinhas-rectas-200-mm-de-papel-branco-embaladas-individualmente-o-6-mm\/\",\"name\":\"Palhinha Embalada Individualmente - Papel Branco 200 mm \u00d8 6 mm\",\"isPartOf\":{\"@id\":\"https:\/\/www.csj-emballages.com\/pt-pt\/#website\"},\"primaryImageOfPage\":{\"@id\":\"https:\/\/www.csj-emballages.com\/pt-pt\/produit\/100-palhinhas-rectas-200-mm-de-papel-branco-embaladas-individualmente-o-6-mm\/#primaryimage\"},\"image\":{\"@id\":\"https:\/\/www.csj-emballages.com\/pt-pt\/produit\/100-palhinhas-rectas-200-mm-de-papel-branco-embaladas-individualmente-o-6-mm\/#primaryimage\"},\"thumbnailUrl\":\"https:\/\/www.csj-emballages.com\/wp-content\/uploads\/2024\/03\/PAILP200X6BLIND.webp\",\"datePublished\":\"2024-03-01T15:51:33+00:00\",\"dateModified\":\"2026-04-14T00:18:13+00:00\",\"description\":\"Palhinha direita de papel branco, embalada individualmente - 200 mm \u00d8 6 mm, embalagem de 100. Ideal para uso profissional e privado, higi\u00e9nica e amiga do ambiente.\",\"breadcrumb\":{\"@id\":\"https:\/\/www.csj-emballages.com\/pt-pt\/produit\/100-palhinhas-rectas-200-mm-de-papel-branco-embaladas-individualmente-o-6-mm\/#breadcrumb\"},\"inLanguage\":\"pt-PT\",\"potentialAction\":[{\"@type\":\"ReadAction\",\"target\":[\"https:\/\/www.csj-emballages.com\/pt-pt\/produit\/100-palhinhas-rectas-200-mm-de-papel-branco-embaladas-individualmente-o-6-mm\/\"]}]},{\"@type\":\"ImageObject\",\"inLanguage\":\"pt-PT\",\"@id\":\"https:\/\/www.csj-emballages.com\/pt-pt\/produit\/100-palhinhas-rectas-200-mm-de-papel-branco-embaladas-individualmente-o-6-mm\/#primaryimage\",\"url\":\"https:\/\/www.csj-emballages.com\/wp-content\/uploads\/2024\/03\/PAILP200X6BLIND.webp\",\"contentUrl\":\"https:\/\/www.csj-emballages.com\/wp-content\/uploads\/2024\/03\/PAILP200X6BLIND.webp\",\"width\":800,\"height\":800,\"caption\":\"Paille emball\u00e9e individuellement\"},{\"@type\":\"BreadcrumbList\",\"@id\":\"https:\/\/www.csj-emballages.com\/pt-pt\/produit\/100-palhinhas-rectas-200-mm-de-papel-branco-embaladas-individualmente-o-6-mm\/#breadcrumb\",\"itemListElement\":[{\"@type\":\"ListItem\",\"position\":1,\"name\":\"Acolhimento\",\"item\":\"https:\/\/www.csj-emballages.com\/pt-pt\/universo-das-embalagens-alimentares\/\"},{\"@type\":\"ListItem\",\"position\":2,\"name\":\"Shop\",\"item\":\"https:\/\/www.csj-emballages.com\/shop\/\"},{\"@type\":\"ListItem\",\"position\":3,\"name\":\"Palhinha direita de papel branco, embalada individualmente, 200 mm \u00d8 6 mm por 100\"}]},{\"@type\":\"WebSite\",\"@id\":\"https:\/\/www.csj-emballages.com\/pt-pt\/#website\",\"url\":\"https:\/\/www.csj-emballages.com\/pt-pt\/\",\"name\":\"CSJ Emballages\",\"description\":\"\",\"publisher\":{\"@id\":\"https:\/\/www.csj-emballages.com\/pt-pt\/#organization\"},\"potentialAction\":[{\"@type\":\"SearchAction\",\"target\":{\"@type\":\"EntryPoint\",\"urlTemplate\":\"https:\/\/www.csj-emballages.com\/pt-pt\/?s={search_term_string}\"},\"query-input\":{\"@type\":\"PropertyValueSpecification\",\"valueRequired\":true,\"valueName\":\"search_term_string\"}}],\"inLanguage\":\"pt-PT\"},{\"@type\":\"Organization\",\"@id\":\"https:\/\/www.csj-emballages.com\/pt-pt\/#Organization\/\",\"name\":\"CSJ Emballages\",\"url\":\"https:\/\/www.csj-emballages.com\/pt-pt\/\",\"logo\":{\"@type\":\"ImageObject\",\"inLanguage\":\"pt-PT\",\"@id\":\"https:\/\/www.csj-emballages.com\/pt-pt\/#\/schema\/logo\/image\/\",\"url\":\"https:\/\/www.csj-emballages.com\/wp-content\/uploads\/2023\/10\/logo_csj.webp\",\"contentUrl\":\"https:\/\/www.csj-emballages.com\/wp-content\/uploads\/2023\/10\/logo_csj.webp\",\"width\":250,\"height\":95,\"caption\":\"CSJ Emballages\"},\"image\":{\"@id\":\"https:\/\/www.csj-emballages.com\/pt-pt\/#\/schema\/logo\/image\/\"},\"sameAs\":[\"https:\/\/www.facebook.com\/csjemballages\"],\"address\":{\"@type\":\"PostalAddress\",\"streetAddress\":\"ZI La Lechere\",\"addressLocality\":\"Patornay\",\"postalCode\":\"39130\",\"addressCountry\":\"FR\"},\"contactPoint\":[{\"@type\":\"ContactPoint\",\"contactType\":\"Service client\",\"telephone\":\"0384254272\",\"email\":\"contact@csj-emballages.com\"}]}]}<\/script>\n<!-- \/ Yoast SEO Premium plugin. -->","yoast_head_json":{"title":"Palhinha Embalada Individualmente - Papel Branco 200 mm \u00d8 6 mm","description":"Palhinha direita de papel branco, embalada individualmente - 200 mm \u00d8 6 mm, embalagem de 100. Ideal para uso profissional e privado, higi\u00e9nica e amiga do ambiente.","robots":{"index":"index","follow":"follow","max-snippet":"max-snippet:-1","max-image-preview":"max-image-preview:large","max-video-preview":"max-video-preview:-1"},"canonical":"https:\/\/www.csj-emballages.com\/pt-pt\/produit\/100-palhinhas-rectas-200-mm-de-papel-branco-embaladas-individualmente-o-6-mm\/","og_locale":"pt_PT","og_type":"article","og_title":"Palhinha direita de papel branco, embalada individualmente, 200 mm \u00d8 6 mm por 100","og_description":"Palhinha direita de papel branco, embalada individualmente - 200 mm \u00d8 6 mm, embalagem de 100. Ideal para uso profissional e privado, higi\u00e9nica e amiga do ambiente.","og_url":"https:\/\/www.csj-emballages.com\/pt-pt\/produit\/100-palhinhas-rectas-200-mm-de-papel-branco-embaladas-individualmente-o-6-mm\/","og_site_name":"CSJ Emballages","article_publisher":"https:\/\/www.facebook.com\/csjemballages","article_modified_time":"2026-04-14T00:18:13+00:00","og_image":[{"width":800,"height":800,"url":"https:\/\/www.csj-emballages.com\/wp-content\/uploads\/2024\/03\/PAILP200X6BLIND.webp","type":"image\/webp"}],"twitter_card":"summary_large_image","twitter_misc":{"Tempo estimado de leitura":"2 minutos"},"schema":{"@context":"https:\/\/schema.org","@graph":[{"@type":"WebPage","@id":"https:\/\/www.csj-emballages.com\/pt-pt\/produit\/100-palhinhas-rectas-200-mm-de-papel-branco-embaladas-individualmente-o-6-mm\/","url":"https:\/\/www.csj-emballages.com\/pt-pt\/produit\/100-palhinhas-rectas-200-mm-de-papel-branco-embaladas-individualmente-o-6-mm\/","name":"Palhinha Embalada Individualmente - Papel Branco 200 mm \u00d8 6 mm","isPartOf":{"@id":"https:\/\/www.csj-emballages.com\/pt-pt\/#website"},"primaryImageOfPage":{"@id":"https:\/\/www.csj-emballages.com\/pt-pt\/produit\/100-palhinhas-rectas-200-mm-de-papel-branco-embaladas-individualmente-o-6-mm\/#primaryimage"},"image":{"@id":"https:\/\/www.csj-emballages.com\/pt-pt\/produit\/100-palhinhas-rectas-200-mm-de-papel-branco-embaladas-individualmente-o-6-mm\/#primaryimage"},"thumbnailUrl":"https:\/\/www.csj-emballages.com\/wp-content\/uploads\/2024\/03\/PAILP200X6BLIND.webp","datePublished":"2024-03-01T15:51:33+00:00","dateModified":"2026-04-14T00:18:13+00:00","description":"Palhinha direita de papel branco, embalada individualmente - 200 mm \u00d8 6 mm, embalagem de 100. Ideal para uso profissional e privado, higi\u00e9nica e amiga do ambiente.","breadcrumb":{"@id":"https:\/\/www.csj-emballages.com\/pt-pt\/produit\/100-palhinhas-rectas-200-mm-de-papel-branco-embaladas-individualmente-o-6-mm\/#breadcrumb"},"inLanguage":"pt-PT","potentialAction":[{"@type":"ReadAction","target":["https:\/\/www.csj-emballages.com\/pt-pt\/produit\/100-palhinhas-rectas-200-mm-de-papel-branco-embaladas-individualmente-o-6-mm\/"]}]},{"@type":"ImageObject","inLanguage":"pt-PT","@id":"https:\/\/www.csj-emballages.com\/pt-pt\/produit\/100-palhinhas-rectas-200-mm-de-papel-branco-embaladas-individualmente-o-6-mm\/#primaryimage","url":"https:\/\/www.csj-emballages.com\/wp-content\/uploads\/2024\/03\/PAILP200X6BLIND.webp","contentUrl":"https:\/\/www.csj-emballages.com\/wp-content\/uploads\/2024\/03\/PAILP200X6BLIND.webp","width":800,"height":800,"caption":"Paille emball\u00e9e individuellement"},{"@type":"BreadcrumbList","@id":"https:\/\/www.csj-emballages.com\/pt-pt\/produit\/100-palhinhas-rectas-200-mm-de-papel-branco-embaladas-individualmente-o-6-mm\/#breadcrumb","itemListElement":[{"@type":"ListItem","position":1,"name":"Acolhimento","item":"https:\/\/www.csj-emballages.com\/pt-pt\/universo-das-embalagens-alimentares\/"},{"@type":"ListItem","position":2,"name":"Shop","item":"https:\/\/www.csj-emballages.com\/shop\/"},{"@type":"ListItem","position":3,"name":"Palhinha direita de papel branco, embalada individualmente, 200 mm \u00d8 6 mm por 100"}]},{"@type":"WebSite","@id":"https:\/\/www.csj-emballages.com\/pt-pt\/#website","url":"https:\/\/www.csj-emballages.com\/pt-pt\/","name":"CSJ Emballages","description":"","publisher":{"@id":"https:\/\/www.csj-emballages.com\/pt-pt\/#organization"},"potentialAction":[{"@type":"SearchAction","target":{"@type":"EntryPoint","urlTemplate":"https:\/\/www.csj-emballages.com\/pt-pt\/?s={search_term_string}"},"query-input":{"@type":"PropertyValueSpecification","valueRequired":true,"valueName":"search_term_string"}}],"inLanguage":"pt-PT"},{"@type":"Organization","@id":"https:\/\/www.csj-emballages.com\/pt-pt\/#Organization\/","name":"CSJ Emballages","url":"https:\/\/www.csj-emballages.com\/pt-pt\/","logo":{"@type":"ImageObject","inLanguage":"pt-PT","@id":"https:\/\/www.csj-emballages.com\/pt-pt\/#\/schema\/logo\/image\/","url":"https:\/\/www.csj-emballages.com\/wp-content\/uploads\/2023\/10\/logo_csj.webp","contentUrl":"https:\/\/www.csj-emballages.com\/wp-content\/uploads\/2023\/10\/logo_csj.webp","width":250,"height":95,"caption":"CSJ Emballages"},"image":{"@id":"https:\/\/www.csj-emballages.com\/pt-pt\/#\/schema\/logo\/image\/"},"sameAs":["https:\/\/www.facebook.com\/csjemballages"],"address":{"@type":"PostalAddress","streetAddress":"ZI La Lechere","addressLocality":"Patornay","postalCode":"39130","addressCountry":"FR"},"contactPoint":[{"@type":"ContactPoint","contactType":"Service client","telephone":"0384254272","email":"contact@csj-emballages.com"}]}]}},"df_price":1.56,"df_sale_price":1.56,"df_regular_price":3.12,"df_image_link":"https:\/\/www.csj-emballages.com\/wp-content\/uploads\/2024\/03\/PAILP200X6BLIND-300x300.webp","tiered_pricing_type":"fixed","tiered_pricing_fixed_rules":[],"tiered_pricing_percentage_rules":[],"tiered_pricing_minimum":1,"tiered_pricing_roles_data":[],"_links":{"self":[{"href":"https:\/\/www.csj-emballages.com\/pt-pt\/wp-json\/wp\/v2\/product\/22295","targetHints":{"allow":["GET"]}}],"collection":[{"href":"https:\/\/www.csj-emballages.com\/pt-pt\/wp-json\/wp\/v2\/product"}],"about":[{"href":"https:\/\/www.csj-emballages.com\/pt-pt\/wp-json\/wp\/v2\/types\/product"}],"wp:featuredmedia":[{"embeddable":true,"href":"https:\/\/www.csj-emballages.com\/pt-pt\/wp-json\/wp\/v2\/media\/240077"}],"wp:attachment":[{"href":"https:\/\/www.csj-emballages.com\/pt-pt\/wp-json\/wp\/v2\/media?parent=22295"}],"wp:term":[{"taxonomy":"product_brand","embeddable":true,"href":"https:\/\/www.csj-emballages.com\/pt-pt\/wp-json\/wp\/v2\/product_brand?post=22295"},{"taxonomy":"product_cat","embeddable":true,"href":"https:\/\/www.csj-emballages.com\/pt-pt\/wp-json\/wp\/v2\/product_cat?post=22295"},{"taxonomy":"product_tag","embeddable":true,"href":"https:\/\/www.csj-emballages.com\/pt-pt\/wp-json\/wp\/v2\/product_tag?post=22295"}],"curies":[{"name":"wp","href":"https:\/\/api.w.org\/{rel}","templated":true}]}}