{"id":22291,"date":"2024-03-01T16:51:32","date_gmt":"2024-03-01T15:51:32","guid":{"rendered":"https:\/\/u15jnbdpoq.preview.infomaniak.website\/produit\/100-palhinhas-rectas-colheres-200-mm-papel-colorido-o-8-mm\/"},"modified":"2026-05-05T02:17:05","modified_gmt":"2026-05-05T00:17:05","slug":"100-palhinhas-rectas-colheres-200-mm-papel-colorido-o-8-mm","status":"publish","type":"product","link":"https:\/\/www.csj-emballages.com\/pt-pt\/produit\/100-palhinhas-rectas-colheres-200-mm-papel-colorido-o-8-mm\/","title":{"rendered":"Colher de palha de papel preta \/ branca direita 200 mm \u00d8 8 mm por 100"},"content":{"rendered":"<h2>Palha<\/h2>\n<hr>\n<h3>Descri\u00e7\u00e3o da nossa Colher de palha de papel preta \/ branca reta 200 mm \u00d8 8 mm por 100<\/h3>\n<p><!--more--><\/p>\n<p>Descubra a nossa incr\u00edvel palhinha de papel de 200 mm x 8 mm em forma de colher, concebida para dar um toque de divers\u00e3o a todas as bebidas. Fabricada em papel colorido, \u00e9 ecol\u00f3gica e biodegrad\u00e1vel, perfeita para o ambiente. O seu di\u00e2metro de 8 mm \u00e9 ideal para saborear smoothies, batidos, granita e outras bebidas espessas. Gra\u00e7as ao seu design inteligente, estas palhinhas combinam uma colher e uma palhinha num \u00fanico produto pr\u00e1tico. Ofere\u00e7a aos seus convidados uma experi\u00eancia de degusta\u00e7\u00e3o \u00fanica com estas palhinhas multifuncionais. Resistentes e duradouras, n\u00e3o se desfazem nem mesmo nas bebidas mais espessas. S\u00e3o perfeitas para caf\u00e9s, restaurantes, bares e, claro, em casa. F\u00e1ceis de utilizar e descart\u00e1veis, s\u00e3o pr\u00e1ticas para todas as ocasi\u00f5es.       <\/p>\n<p>&nbsp;<\/p>\n<p><!--more--><\/p>\n<p>O seu design inovador \u00e9 popular entre crian\u00e7as e adultos.<\/p>\n<p>&nbsp;<\/p>\n<p><!--more--><\/p>\n<p><strong>As suas vantagens:<\/strong><\/p>\n<ul>\n<li><strong>Multifuncional: Uma <\/strong>combina\u00e7\u00e3o engenhosa de palhinha e colher, \u00e9 perfeita para bebidas espessas como batidos e batidos.<\/li>\n<li><strong>Ideal para uso profissional e privado<\/strong>: perfeito para caf\u00e9s, restaurantes, bares e tamb\u00e9m para uso dom\u00e9stico em festas ou refei\u00e7\u00f5es em fam\u00edlia.<\/li>\n<li><strong>Ecol\u00f3gicos e biodegrad\u00e1veis<\/strong>: Fabricados em papel, s\u00e3o amigos do ambiente e ajudam a reduzir os res\u00edduos de pl\u00e1stico.<\/li>\n<li><strong>Pr\u00e1ticas e descart\u00e1veis<\/strong>: F\u00e1ceis de utilizar, oferecem uma solu\u00e7\u00e3o pr\u00e1tica para todas as tuas bebidas, sem o inc\u00f3modo da limpeza.<\/li>\n<\/ul>\n<p>&nbsp;<\/p>\n<p><!--more--><\/p>\n<p><a href=\"\/?product_cat=pailles\">Ver o resto da nossa gama de palhinhas biodegrad\u00e1veis<\/a><\/p>\n","protected":false},"excerpt":{"rendered":"<p>Palha Descri\u00e7\u00e3o da nossa Colher de palha de papel preta \/ branca reta 200 mm \u00d8 8 mm por 100<\/p>\n","protected":false},"featured_media":32434,"template":"","meta":{"_acf_changed":false},"product_brand":[],"product_cat":[1141,1138,3035,1152,3034],"product_tag":[],"class_list":{"0":"post-22291","1":"product","2":"type-product","3":"status-publish","4":"has-post-thumbnail","6":"product_cat-embalagem-de-alimentos","7":"product_cat-restauracao","8":"product_cat-palhinhas","9":"product_cat-gama-biologica","10":"product_cat-palhinhas-organicas","12":"first","13":"instock","14":"taxable","15":"shipping-taxable","16":"purchasable","17":"product-type-simple"},"acf":[],"yoast_head":"<!-- This site is optimized with the Yoast SEO Premium plugin v26.6 (Yoast SEO v26.6) - https:\/\/yoast.com\/wordpress\/plugins\/seo\/ -->\n<title>Colheres de palha de papel coloridas - 200 mm x 8 mm<\/title>\n<meta name=\"description\" content=\"Descubra as nossas palhinhas de papel com colher rectas de 200 mm x 8 mm: ecol\u00f3gicas, multifuncionais, resistentes e perfeitas para todas as suas bebidas.\" \/>\n<meta name=\"robots\" content=\"index, follow, max-snippet:-1, max-image-preview:large, max-video-preview:-1\" \/>\n<link rel=\"canonical\" href=\"https:\/\/www.csj-emballages.com\/pt-pt\/produit\/100-palhinhas-rectas-colheres-200-mm-papel-colorido-o-8-mm\/\" \/>\n<meta property=\"og:locale\" content=\"pt_PT\" \/>\n<meta property=\"og:type\" content=\"article\" \/>\n<meta property=\"og:title\" content=\"Colheres de palha de papel coloridas - 200 mm x 8 mm\" \/>\n<meta property=\"og:description\" content=\"Descubra as nossas palhinhas de papel com colher rectas de 200 mm x 8 mm: ecol\u00f3gicas, multifuncionais, resistentes e perfeitas para todas as suas bebidas.\" \/>\n<meta property=\"og:url\" content=\"https:\/\/www.csj-emballages.com\/pt-pt\/produit\/100-palhinhas-rectas-colheres-200-mm-papel-colorido-o-8-mm\/\" \/>\n<meta property=\"og:site_name\" content=\"CSJ Emballages\" \/>\n<meta property=\"article:publisher\" content=\"https:\/\/www.facebook.com\/csjemballages\" \/>\n<meta property=\"article:modified_time\" content=\"2026-05-05T00:17:05+00:00\" \/>\n<meta property=\"og:image\" content=\"https:\/\/www.csj-emballages.com\/wp-content\/uploads\/2024\/03\/001010794-1-scaled-e1721638323186.webp\" \/>\n\t<meta property=\"og:image:width\" content=\"2560\" \/>\n\t<meta property=\"og:image:height\" content=\"1707\" \/>\n\t<meta property=\"og:image:type\" content=\"image\/jpeg\" \/>\n<meta name=\"twitter:card\" content=\"summary_large_image\" \/>\n<meta name=\"twitter:title\" content=\"Colheres de palha de papel coloridas - 200 mm x 8 mm\" \/>\n<meta name=\"twitter:description\" content=\"Descubra as nossas palhinhas de papel com colher rectas de 200 mm x 8 mm: ecol\u00f3gicas, multifuncionais, resistentes e perfeitas para todas as suas bebidas.\" \/>\n<meta name=\"twitter:label1\" content=\"Tempo estimado de leitura\" \/>\n\t<meta name=\"twitter:data1\" content=\"1 minuto\" \/>\n<script type=\"application\/ld+json\" class=\"yoast-schema-graph\">{\"@context\":\"https:\/\/schema.org\",\"@graph\":[{\"@type\":\"WebPage\",\"@id\":\"https:\/\/www.csj-emballages.com\/pt-pt\/produit\/100-palhinhas-rectas-colheres-200-mm-papel-colorido-o-8-mm\/\",\"url\":\"https:\/\/www.csj-emballages.com\/pt-pt\/produit\/100-palhinhas-rectas-colheres-200-mm-papel-colorido-o-8-mm\/\",\"name\":\"Colheres de palha de papel coloridas - 200 mm x 8 mm\",\"isPartOf\":{\"@id\":\"https:\/\/www.csj-emballages.com\/pt-pt\/#website\"},\"primaryImageOfPage\":{\"@id\":\"https:\/\/www.csj-emballages.com\/pt-pt\/produit\/100-palhinhas-rectas-colheres-200-mm-papel-colorido-o-8-mm\/#primaryimage\"},\"image\":{\"@id\":\"https:\/\/www.csj-emballages.com\/pt-pt\/produit\/100-palhinhas-rectas-colheres-200-mm-papel-colorido-o-8-mm\/#primaryimage\"},\"thumbnailUrl\":\"https:\/\/www.csj-emballages.com\/wp-content\/uploads\/2024\/03\/001010794-1-scaled-e1721638323186.webp\",\"datePublished\":\"2024-03-01T15:51:32+00:00\",\"dateModified\":\"2026-05-05T00:17:05+00:00\",\"description\":\"Descubra as nossas palhinhas de papel com colher rectas de 200 mm x 8 mm: ecol\u00f3gicas, multifuncionais, resistentes e perfeitas para todas as suas bebidas.\",\"breadcrumb\":{\"@id\":\"https:\/\/www.csj-emballages.com\/pt-pt\/produit\/100-palhinhas-rectas-colheres-200-mm-papel-colorido-o-8-mm\/#breadcrumb\"},\"inLanguage\":\"pt-PT\",\"potentialAction\":[{\"@type\":\"ReadAction\",\"target\":[\"https:\/\/www.csj-emballages.com\/pt-pt\/produit\/100-palhinhas-rectas-colheres-200-mm-papel-colorido-o-8-mm\/\"]}]},{\"@type\":\"ImageObject\",\"inLanguage\":\"pt-PT\",\"@id\":\"https:\/\/www.csj-emballages.com\/pt-pt\/produit\/100-palhinhas-rectas-colheres-200-mm-papel-colorido-o-8-mm\/#primaryimage\",\"url\":\"https:\/\/www.csj-emballages.com\/wp-content\/uploads\/2024\/03\/001010794-1-scaled-e1721638323186.webp\",\"contentUrl\":\"https:\/\/www.csj-emballages.com\/wp-content\/uploads\/2024\/03\/001010794-1-scaled-e1721638323186.webp\",\"width\":2560,\"height\":1707,\"caption\":\"Pailles droites cuill\u00e8res 200mm\"},{\"@type\":\"BreadcrumbList\",\"@id\":\"https:\/\/www.csj-emballages.com\/pt-pt\/produit\/100-palhinhas-rectas-colheres-200-mm-papel-colorido-o-8-mm\/#breadcrumb\",\"itemListElement\":[{\"@type\":\"ListItem\",\"position\":1,\"name\":\"Acolhimento\",\"item\":\"https:\/\/www.csj-emballages.com\/pt-pt\/universo-das-embalagens-alimentares\/\"},{\"@type\":\"ListItem\",\"position\":2,\"name\":\"Shop\",\"item\":\"https:\/\/www.csj-emballages.com\/shop\/\"},{\"@type\":\"ListItem\",\"position\":3,\"name\":\"Colher de palha de papel preta \/ branca direita 200 mm \u00d8 8 mm por 100\"}]},{\"@type\":\"WebSite\",\"@id\":\"https:\/\/www.csj-emballages.com\/pt-pt\/#website\",\"url\":\"https:\/\/www.csj-emballages.com\/pt-pt\/\",\"name\":\"CSJ Emballages\",\"description\":\"\",\"publisher\":{\"@id\":\"https:\/\/www.csj-emballages.com\/pt-pt\/#organization\"},\"potentialAction\":[{\"@type\":\"SearchAction\",\"target\":{\"@type\":\"EntryPoint\",\"urlTemplate\":\"https:\/\/www.csj-emballages.com\/pt-pt\/?s={search_term_string}\"},\"query-input\":{\"@type\":\"PropertyValueSpecification\",\"valueRequired\":true,\"valueName\":\"search_term_string\"}}],\"inLanguage\":\"pt-PT\"},{\"@type\":\"Organization\",\"@id\":\"https:\/\/www.csj-emballages.com\/pt-pt\/#Organization\/\",\"name\":\"CSJ Emballages\",\"url\":\"https:\/\/www.csj-emballages.com\/pt-pt\/\",\"logo\":{\"@type\":\"ImageObject\",\"inLanguage\":\"pt-PT\",\"@id\":\"https:\/\/www.csj-emballages.com\/pt-pt\/#\/schema\/logo\/image\/\",\"url\":\"https:\/\/www.csj-emballages.com\/wp-content\/uploads\/2023\/10\/logo_csj.webp\",\"contentUrl\":\"https:\/\/www.csj-emballages.com\/wp-content\/uploads\/2023\/10\/logo_csj.webp\",\"width\":250,\"height\":95,\"caption\":\"CSJ Emballages\"},\"image\":{\"@id\":\"https:\/\/www.csj-emballages.com\/pt-pt\/#\/schema\/logo\/image\/\"},\"sameAs\":[\"https:\/\/www.facebook.com\/csjemballages\"],\"address\":{\"@type\":\"PostalAddress\",\"streetAddress\":\"ZI La Lechere\",\"addressLocality\":\"Patornay\",\"postalCode\":\"39130\",\"addressCountry\":\"FR\"},\"contactPoint\":[{\"@type\":\"ContactPoint\",\"contactType\":\"Service client\",\"telephone\":\"0384254272\",\"email\":\"contact@csj-emballages.com\"}]}]}<\/script>\n<!-- \/ Yoast SEO Premium plugin. -->","yoast_head_json":{"title":"Colheres de palha de papel coloridas - 200 mm x 8 mm","description":"Descubra as nossas palhinhas de papel com colher rectas de 200 mm x 8 mm: ecol\u00f3gicas, multifuncionais, resistentes e perfeitas para todas as suas bebidas.","robots":{"index":"index","follow":"follow","max-snippet":"max-snippet:-1","max-image-preview":"max-image-preview:large","max-video-preview":"max-video-preview:-1"},"canonical":"https:\/\/www.csj-emballages.com\/pt-pt\/produit\/100-palhinhas-rectas-colheres-200-mm-papel-colorido-o-8-mm\/","og_locale":"pt_PT","og_type":"article","og_title":"Colheres de palha de papel coloridas - 200 mm x 8 mm","og_description":"Descubra as nossas palhinhas de papel com colher rectas de 200 mm x 8 mm: ecol\u00f3gicas, multifuncionais, resistentes e perfeitas para todas as suas bebidas.","og_url":"https:\/\/www.csj-emballages.com\/pt-pt\/produit\/100-palhinhas-rectas-colheres-200-mm-papel-colorido-o-8-mm\/","og_site_name":"CSJ Emballages","article_publisher":"https:\/\/www.facebook.com\/csjemballages","article_modified_time":"2026-05-05T00:17:05+00:00","og_image":[{"width":2560,"height":1707,"url":"https:\/\/www.csj-emballages.com\/wp-content\/uploads\/2024\/03\/001010794-1-scaled-e1721638323186.webp","type":"image\/jpeg"}],"twitter_card":"summary_large_image","twitter_title":"Colheres de palha de papel coloridas - 200 mm x 8 mm","twitter_description":"Descubra as nossas palhinhas de papel com colher rectas de 200 mm x 8 mm: ecol\u00f3gicas, multifuncionais, resistentes e perfeitas para todas as suas bebidas.","twitter_misc":{"Tempo estimado de leitura":"1 minuto"},"schema":{"@context":"https:\/\/schema.org","@graph":[{"@type":"WebPage","@id":"https:\/\/www.csj-emballages.com\/pt-pt\/produit\/100-palhinhas-rectas-colheres-200-mm-papel-colorido-o-8-mm\/","url":"https:\/\/www.csj-emballages.com\/pt-pt\/produit\/100-palhinhas-rectas-colheres-200-mm-papel-colorido-o-8-mm\/","name":"Colheres de palha de papel coloridas - 200 mm x 8 mm","isPartOf":{"@id":"https:\/\/www.csj-emballages.com\/pt-pt\/#website"},"primaryImageOfPage":{"@id":"https:\/\/www.csj-emballages.com\/pt-pt\/produit\/100-palhinhas-rectas-colheres-200-mm-papel-colorido-o-8-mm\/#primaryimage"},"image":{"@id":"https:\/\/www.csj-emballages.com\/pt-pt\/produit\/100-palhinhas-rectas-colheres-200-mm-papel-colorido-o-8-mm\/#primaryimage"},"thumbnailUrl":"https:\/\/www.csj-emballages.com\/wp-content\/uploads\/2024\/03\/001010794-1-scaled-e1721638323186.webp","datePublished":"2024-03-01T15:51:32+00:00","dateModified":"2026-05-05T00:17:05+00:00","description":"Descubra as nossas palhinhas de papel com colher rectas de 200 mm x 8 mm: ecol\u00f3gicas, multifuncionais, resistentes e perfeitas para todas as suas bebidas.","breadcrumb":{"@id":"https:\/\/www.csj-emballages.com\/pt-pt\/produit\/100-palhinhas-rectas-colheres-200-mm-papel-colorido-o-8-mm\/#breadcrumb"},"inLanguage":"pt-PT","potentialAction":[{"@type":"ReadAction","target":["https:\/\/www.csj-emballages.com\/pt-pt\/produit\/100-palhinhas-rectas-colheres-200-mm-papel-colorido-o-8-mm\/"]}]},{"@type":"ImageObject","inLanguage":"pt-PT","@id":"https:\/\/www.csj-emballages.com\/pt-pt\/produit\/100-palhinhas-rectas-colheres-200-mm-papel-colorido-o-8-mm\/#primaryimage","url":"https:\/\/www.csj-emballages.com\/wp-content\/uploads\/2024\/03\/001010794-1-scaled-e1721638323186.webp","contentUrl":"https:\/\/www.csj-emballages.com\/wp-content\/uploads\/2024\/03\/001010794-1-scaled-e1721638323186.webp","width":2560,"height":1707,"caption":"Pailles droites cuill\u00e8res 200mm"},{"@type":"BreadcrumbList","@id":"https:\/\/www.csj-emballages.com\/pt-pt\/produit\/100-palhinhas-rectas-colheres-200-mm-papel-colorido-o-8-mm\/#breadcrumb","itemListElement":[{"@type":"ListItem","position":1,"name":"Acolhimento","item":"https:\/\/www.csj-emballages.com\/pt-pt\/universo-das-embalagens-alimentares\/"},{"@type":"ListItem","position":2,"name":"Shop","item":"https:\/\/www.csj-emballages.com\/shop\/"},{"@type":"ListItem","position":3,"name":"Colher de palha de papel preta \/ branca direita 200 mm \u00d8 8 mm por 100"}]},{"@type":"WebSite","@id":"https:\/\/www.csj-emballages.com\/pt-pt\/#website","url":"https:\/\/www.csj-emballages.com\/pt-pt\/","name":"CSJ Emballages","description":"","publisher":{"@id":"https:\/\/www.csj-emballages.com\/pt-pt\/#organization"},"potentialAction":[{"@type":"SearchAction","target":{"@type":"EntryPoint","urlTemplate":"https:\/\/www.csj-emballages.com\/pt-pt\/?s={search_term_string}"},"query-input":{"@type":"PropertyValueSpecification","valueRequired":true,"valueName":"search_term_string"}}],"inLanguage":"pt-PT"},{"@type":"Organization","@id":"https:\/\/www.csj-emballages.com\/pt-pt\/#Organization\/","name":"CSJ Emballages","url":"https:\/\/www.csj-emballages.com\/pt-pt\/","logo":{"@type":"ImageObject","inLanguage":"pt-PT","@id":"https:\/\/www.csj-emballages.com\/pt-pt\/#\/schema\/logo\/image\/","url":"https:\/\/www.csj-emballages.com\/wp-content\/uploads\/2023\/10\/logo_csj.webp","contentUrl":"https:\/\/www.csj-emballages.com\/wp-content\/uploads\/2023\/10\/logo_csj.webp","width":250,"height":95,"caption":"CSJ Emballages"},"image":{"@id":"https:\/\/www.csj-emballages.com\/pt-pt\/#\/schema\/logo\/image\/"},"sameAs":["https:\/\/www.facebook.com\/csjemballages"],"address":{"@type":"PostalAddress","streetAddress":"ZI La Lechere","addressLocality":"Patornay","postalCode":"39130","addressCountry":"FR"},"contactPoint":[{"@type":"ContactPoint","contactType":"Service client","telephone":"0384254272","email":"contact@csj-emballages.com"}]}]}},"df_price":2.02,"df_sale_price":"","df_regular_price":2.02,"df_image_link":"https:\/\/www.csj-emballages.com\/wp-content\/uploads\/2024\/03\/001010794-1-300x200.webp","tiered_pricing_type":"fixed","tiered_pricing_fixed_rules":[],"tiered_pricing_percentage_rules":[],"tiered_pricing_minimum":1,"tiered_pricing_roles_data":[],"_links":{"self":[{"href":"https:\/\/www.csj-emballages.com\/pt-pt\/wp-json\/wp\/v2\/product\/22291","targetHints":{"allow":["GET"]}}],"collection":[{"href":"https:\/\/www.csj-emballages.com\/pt-pt\/wp-json\/wp\/v2\/product"}],"about":[{"href":"https:\/\/www.csj-emballages.com\/pt-pt\/wp-json\/wp\/v2\/types\/product"}],"wp:featuredmedia":[{"embeddable":true,"href":"https:\/\/www.csj-emballages.com\/pt-pt\/wp-json\/wp\/v2\/media\/32434"}],"wp:attachment":[{"href":"https:\/\/www.csj-emballages.com\/pt-pt\/wp-json\/wp\/v2\/media?parent=22291"}],"wp:term":[{"taxonomy":"product_brand","embeddable":true,"href":"https:\/\/www.csj-emballages.com\/pt-pt\/wp-json\/wp\/v2\/product_brand?post=22291"},{"taxonomy":"product_cat","embeddable":true,"href":"https:\/\/www.csj-emballages.com\/pt-pt\/wp-json\/wp\/v2\/product_cat?post=22291"},{"taxonomy":"product_tag","embeddable":true,"href":"https:\/\/www.csj-emballages.com\/pt-pt\/wp-json\/wp\/v2\/product_tag?post=22291"}],"curies":[{"name":"wp","href":"https:\/\/api.w.org\/{rel}","templated":true}]}}