{"id":22288,"date":"2024-03-01T16:51:31","date_gmt":"2024-03-01T15:51:31","guid":{"rendered":"https:\/\/u15jnbdpoq.preview.infomaniak.website\/produit\/jornal-branco-40-x-60-cm-em-10-kg\/"},"modified":"2026-04-17T10:22:01","modified_gmt":"2026-04-17T08:22:01","slug":"jornal-branco-40-x-60-cm-em-10-kg","status":"publish","type":"product","link":"https:\/\/www.csj-emballages.com\/pt-pt\/produit\/jornal-branco-40-x-60-cm-em-10-kg\/","title":{"rendered":"Papel branco de jornal 40 x 60 cm em resma de 10 kg"},"content":{"rendered":"<h2>Papel branco<\/h2>\n<hr>\n<h3>Descubra o nosso papel branco de jornal 40 x 60 cm em resma de 10 kg<\/h3>\n<p><!--more--><\/p>\n<p data-start=\"201\" data-end=\"526\">Este <strong data-start=\"204\" data-end=\"254\">papel branco tipo jornal no formato 40 x 60 cm<\/strong> \u00e9 uma solu\u00e7\u00e3o simples e eficaz para proteger, cal\u00e7ar e embalar os seus produtos com toda a tranquilidade. Leve, mas resistente, adapta-se facilmente a todas as formas e a todos os volumes, o que o torna um aliado precioso para a prepara\u00e7\u00e3o de encomendas e o armazenamento. <\/p>\n<p data-start=\"528\" data-end=\"899\">Gra\u00e7as \u00e0 sua flexibilidade, este papel amachuca-se rapidamente e permite <strong data-start=\"595\" data-end=\"627\">encher os espa\u00e7os vazios<\/strong> nas caixas de cart\u00e3o. Absorve os choques leves, limita o atrito e ajuda a manter os produtos no lugar durante o transporte. \u00c9 uma alternativa pr\u00e1tica \u00e0s solu\u00e7\u00f5es de cal\u00e7o mais volumosas, sobretudo quando procura ganhar tempo e espa\u00e7o.  <\/p>\n<p data-start=\"901\" data-end=\"1215\">A sua cor <strong data-start=\"912\" data-end=\"923\">branca<\/strong> proporciona um aspeto limpo e neutro, apreciado tanto na log\u00edstica como em loja ou oficina. \u00c9 perfeito para embalar objetos fr\u00e1geis, proteger superf\u00edcies ou separar produtos entre si. F\u00e1cil de manusear, permite uma embalagem r\u00e1pida sem material espec\u00edfico.  <\/p>\n<p data-start=\"1217\" data-end=\"1556\">Proposto em <strong data-start=\"1228\" data-end=\"1245\">resma de 10 kg<\/strong>, este papel de jornal oferece uma grande autonomia, ideal para os profissionais que expedem regularmente. Integra-se naturalmente nas atividades de e-commerce, mudan\u00e7as, artesanato ou armazenamento industrial. Tem sempre a quantidade certa \u00e0 m\u00e3o para garantir uma prote\u00e7\u00e3o eficaz.  <\/p>\n<p data-start=\"1558\" data-end=\"1758\">Em resumo, este papel branco tipo jornal \u00e9 uma solu\u00e7\u00e3o vers\u00e1til, econ\u00f3mica e pr\u00e1tica para proteger os seus produtos e melhorar a qualidade das suas expedi\u00e7\u00f5es, sem complicar a sua organiza\u00e7\u00e3o.<\/p>\n<p data-start=\"1558\" data-end=\"1758\">\n<p data-start=\"1558\" data-end=\"1758\"><!--more--><\/p>\n<h4 data-start=\"1558\" data-end=\"1758\">Vantagens :<\/h4>\n<ul>\n<li data-start=\"1786\" data-end=\"1815\">Formato <strong>40 x 60 cm<\/strong> pr\u00e1tico.<\/li>\n<li data-start=\"1818\" data-end=\"1859\">Ideal para enchimento e cal\u00e7o.<\/li>\n<li data-start=\"1862\" data-end=\"1904\">Protege contra choques e atritos.<\/li>\n<li data-start=\"1907\" data-end=\"1944\"><strong>Papel flex\u00edvel<\/strong> e f\u00e1cil de usar.<\/li>\n<li data-start=\"1947\" data-end=\"1972\">Aspeto limpo e neutro.<\/li>\n<li data-start=\"1975\" data-end=\"2000\">Resma econ\u00f3mica de <strong>10 kg<\/strong>.<\/li>\n<\/ul>\n<p>&nbsp;<\/p>\n<p><!--more--><\/p>\n<h4>Outras informa\u00e7\u00f5es :<\/h4>\n<ul>\n<li><strong>Acondicionamento<\/strong>: Resma de 10kg<\/li>\n<li><strong>Dimens\u00f5es<\/strong>: 40 x 60 cm<\/li>\n<li><strong>Gramagem<\/strong>: 65 g\/m\u00b2<\/li>\n<li><strong>Cor<\/strong>: Branco<\/li>\n<li><strong>Material<\/strong>: Papel<\/li>\n<\/ul>\n<p>&nbsp;<\/p>\n<p><!--more--><\/p>\n<p>Encontre aqui o nosso papel de enchimento interkraft: <span style=\"color: #d12727;\"><a style=\"color: #d12727;\" href=\"https:\/\/www.csj-emballages.com\/es\/produit\/papel-de-embalaje-interkraft-1m-x-400ml\/\">PB1X400<\/a><\/span><\/p>\n<p>&nbsp;<\/p>\n<p><!--more--><\/p>\n<p><a href=\"https:\/\/www.csj-emballages.com\/pt-pt\/categorie-produit\/embalagens-industriais\/papel-encravado\/\">Consulte o resto da nossa gama de papel de enchimento<\/a><\/p>\n","protected":false},"excerpt":{"rendered":"<p>Papel branco Descubra o nosso papel branco de jornal 40 x 60 cm em resma de 10 kg<\/p>\n","protected":false},"featured_media":263342,"template":"","meta":{"_acf_changed":false},"product_brand":[],"product_cat":[1141,2678,3040],"product_tag":[],"class_list":{"0":"post-22288","1":"product","2":"type-product","3":"status-publish","4":"has-post-thumbnail","6":"product_cat-embalagem-de-alimentos","7":"product_cat-cartao","8":"product_cat-papel-encravado","10":"first","11":"instock","12":"taxable","13":"shipping-taxable","14":"purchasable","15":"product-type-simple"},"acf":[],"yoast_head":"<!-- This site is optimized with the Yoast SEO Premium plugin v26.6 (Yoast SEO v26.6) - https:\/\/yoast.com\/wordpress\/plugins\/seo\/ -->\n<title>Papel Branco de Jornal 40 x 60 cm em Resma de 10 kg<\/title>\n<meta name=\"description\" content=\"Papel branco tipo jornal 40x60 cm em resma de 10 kg. Ideal para enchimento, cal\u00e7o e prote\u00e7\u00e3o de produtos durante as expedi\u00e7\u00f5es.\" \/>\n<meta name=\"robots\" content=\"index, follow, max-snippet:-1, max-image-preview:large, max-video-preview:-1\" \/>\n<link rel=\"canonical\" href=\"https:\/\/www.csj-emballages.com\/pt-pt\/produit\/jornal-branco-40-x-60-cm-em-10-kg\/\" \/>\n<meta property=\"og:locale\" content=\"pt_PT\" \/>\n<meta property=\"og:type\" content=\"article\" \/>\n<meta property=\"og:title\" content=\"Papel branco de jornal 40 x 60 cm em resma de 10 kg\" \/>\n<meta property=\"og:description\" content=\"Papel branco tipo jornal 40x60 cm em resma de 10 kg. Ideal para enchimento, cal\u00e7o e prote\u00e7\u00e3o de produtos durante as expedi\u00e7\u00f5es.\" \/>\n<meta property=\"og:url\" content=\"https:\/\/www.csj-emballages.com\/pt-pt\/produit\/jornal-branco-40-x-60-cm-em-10-kg\/\" \/>\n<meta property=\"og:site_name\" content=\"CSJ Emballages\" \/>\n<meta property=\"article:publisher\" content=\"https:\/\/www.facebook.com\/csjemballages\" \/>\n<meta property=\"article:modified_time\" content=\"2026-04-17T08:22:01+00:00\" \/>\n<meta property=\"og:image\" content=\"https:\/\/www.csj-emballages.com\/wp-content\/uploads\/2024\/03\/PAPJOUR.webp\" \/>\n\t<meta property=\"og:image:width\" content=\"800\" \/>\n\t<meta property=\"og:image:height\" content=\"800\" \/>\n\t<meta property=\"og:image:type\" content=\"image\/webp\" \/>\n<meta name=\"twitter:card\" content=\"summary_large_image\" \/>\n<meta name=\"twitter:label1\" content=\"Tempo estimado de leitura\" \/>\n\t<meta name=\"twitter:data1\" content=\"2 minutos\" \/>\n<script type=\"application\/ld+json\" class=\"yoast-schema-graph\">{\"@context\":\"https:\/\/schema.org\",\"@graph\":[{\"@type\":\"WebPage\",\"@id\":\"https:\/\/www.csj-emballages.com\/pt-pt\/produit\/jornal-branco-40-x-60-cm-em-10-kg\/\",\"url\":\"https:\/\/www.csj-emballages.com\/pt-pt\/produit\/jornal-branco-40-x-60-cm-em-10-kg\/\",\"name\":\"Papel Branco de Jornal 40 x 60 cm em Resma de 10 kg\",\"isPartOf\":{\"@id\":\"https:\/\/www.csj-emballages.com\/pt-pt\/#website\"},\"primaryImageOfPage\":{\"@id\":\"https:\/\/www.csj-emballages.com\/pt-pt\/produit\/jornal-branco-40-x-60-cm-em-10-kg\/#primaryimage\"},\"image\":{\"@id\":\"https:\/\/www.csj-emballages.com\/pt-pt\/produit\/jornal-branco-40-x-60-cm-em-10-kg\/#primaryimage\"},\"thumbnailUrl\":\"https:\/\/www.csj-emballages.com\/wp-content\/uploads\/2024\/03\/PAPJOUR.webp\",\"datePublished\":\"2024-03-01T15:51:31+00:00\",\"dateModified\":\"2026-04-17T08:22:01+00:00\",\"description\":\"Papel branco tipo jornal 40x60 cm em resma de 10 kg. Ideal para enchimento, cal\u00e7o e prote\u00e7\u00e3o de produtos durante as expedi\u00e7\u00f5es.\",\"breadcrumb\":{\"@id\":\"https:\/\/www.csj-emballages.com\/pt-pt\/produit\/jornal-branco-40-x-60-cm-em-10-kg\/#breadcrumb\"},\"inLanguage\":\"pt-PT\",\"potentialAction\":[{\"@type\":\"ReadAction\",\"target\":[\"https:\/\/www.csj-emballages.com\/pt-pt\/produit\/jornal-branco-40-x-60-cm-em-10-kg\/\"]}]},{\"@type\":\"ImageObject\",\"inLanguage\":\"pt-PT\",\"@id\":\"https:\/\/www.csj-emballages.com\/pt-pt\/produit\/jornal-branco-40-x-60-cm-em-10-kg\/#primaryimage\",\"url\":\"https:\/\/www.csj-emballages.com\/wp-content\/uploads\/2024\/03\/PAPJOUR.webp\",\"contentUrl\":\"https:\/\/www.csj-emballages.com\/wp-content\/uploads\/2024\/03\/PAPJOUR.webp\",\"width\":800,\"height\":800,\"caption\":\"Papier blanc\"},{\"@type\":\"BreadcrumbList\",\"@id\":\"https:\/\/www.csj-emballages.com\/pt-pt\/produit\/jornal-branco-40-x-60-cm-em-10-kg\/#breadcrumb\",\"itemListElement\":[{\"@type\":\"ListItem\",\"position\":1,\"name\":\"Acolhimento\",\"item\":\"https:\/\/www.csj-emballages.com\/pt-pt\/universo-das-embalagens-alimentares\/\"},{\"@type\":\"ListItem\",\"position\":2,\"name\":\"Shop\",\"item\":\"https:\/\/www.csj-emballages.com\/shop\/\"},{\"@type\":\"ListItem\",\"position\":3,\"name\":\"Papel branco de jornal 40 x 60 cm em resma de 10 kg\"}]},{\"@type\":\"WebSite\",\"@id\":\"https:\/\/www.csj-emballages.com\/pt-pt\/#website\",\"url\":\"https:\/\/www.csj-emballages.com\/pt-pt\/\",\"name\":\"CSJ Emballages\",\"description\":\"\",\"publisher\":{\"@id\":\"https:\/\/www.csj-emballages.com\/pt-pt\/#organization\"},\"potentialAction\":[{\"@type\":\"SearchAction\",\"target\":{\"@type\":\"EntryPoint\",\"urlTemplate\":\"https:\/\/www.csj-emballages.com\/pt-pt\/?s={search_term_string}\"},\"query-input\":{\"@type\":\"PropertyValueSpecification\",\"valueRequired\":true,\"valueName\":\"search_term_string\"}}],\"inLanguage\":\"pt-PT\"},{\"@type\":\"Organization\",\"@id\":\"https:\/\/www.csj-emballages.com\/pt-pt\/#Organization\/\",\"name\":\"CSJ Emballages\",\"url\":\"https:\/\/www.csj-emballages.com\/pt-pt\/\",\"logo\":{\"@type\":\"ImageObject\",\"inLanguage\":\"pt-PT\",\"@id\":\"https:\/\/www.csj-emballages.com\/pt-pt\/#\/schema\/logo\/image\/\",\"url\":\"https:\/\/www.csj-emballages.com\/wp-content\/uploads\/2023\/10\/logo_csj.webp\",\"contentUrl\":\"https:\/\/www.csj-emballages.com\/wp-content\/uploads\/2023\/10\/logo_csj.webp\",\"width\":250,\"height\":95,\"caption\":\"CSJ Emballages\"},\"image\":{\"@id\":\"https:\/\/www.csj-emballages.com\/pt-pt\/#\/schema\/logo\/image\/\"},\"sameAs\":[\"https:\/\/www.facebook.com\/csjemballages\"],\"address\":{\"@type\":\"PostalAddress\",\"streetAddress\":\"ZI La Lechere\",\"addressLocality\":\"Patornay\",\"postalCode\":\"39130\",\"addressCountry\":\"FR\"},\"contactPoint\":[{\"@type\":\"ContactPoint\",\"contactType\":\"Service client\",\"telephone\":\"0384254272\",\"email\":\"contact@csj-emballages.com\"}]}]}<\/script>\n<!-- \/ Yoast SEO Premium plugin. -->","yoast_head_json":{"title":"Papel Branco de Jornal 40 x 60 cm em Resma de 10 kg","description":"Papel branco tipo jornal 40x60 cm em resma de 10 kg. Ideal para enchimento, cal\u00e7o e prote\u00e7\u00e3o de produtos durante as expedi\u00e7\u00f5es.","robots":{"index":"index","follow":"follow","max-snippet":"max-snippet:-1","max-image-preview":"max-image-preview:large","max-video-preview":"max-video-preview:-1"},"canonical":"https:\/\/www.csj-emballages.com\/pt-pt\/produit\/jornal-branco-40-x-60-cm-em-10-kg\/","og_locale":"pt_PT","og_type":"article","og_title":"Papel branco de jornal 40 x 60 cm em resma de 10 kg","og_description":"Papel branco tipo jornal 40x60 cm em resma de 10 kg. Ideal para enchimento, cal\u00e7o e prote\u00e7\u00e3o de produtos durante as expedi\u00e7\u00f5es.","og_url":"https:\/\/www.csj-emballages.com\/pt-pt\/produit\/jornal-branco-40-x-60-cm-em-10-kg\/","og_site_name":"CSJ Emballages","article_publisher":"https:\/\/www.facebook.com\/csjemballages","article_modified_time":"2026-04-17T08:22:01+00:00","og_image":[{"width":800,"height":800,"url":"https:\/\/www.csj-emballages.com\/wp-content\/uploads\/2024\/03\/PAPJOUR.webp","type":"image\/webp"}],"twitter_card":"summary_large_image","twitter_misc":{"Tempo estimado de leitura":"2 minutos"},"schema":{"@context":"https:\/\/schema.org","@graph":[{"@type":"WebPage","@id":"https:\/\/www.csj-emballages.com\/pt-pt\/produit\/jornal-branco-40-x-60-cm-em-10-kg\/","url":"https:\/\/www.csj-emballages.com\/pt-pt\/produit\/jornal-branco-40-x-60-cm-em-10-kg\/","name":"Papel Branco de Jornal 40 x 60 cm em Resma de 10 kg","isPartOf":{"@id":"https:\/\/www.csj-emballages.com\/pt-pt\/#website"},"primaryImageOfPage":{"@id":"https:\/\/www.csj-emballages.com\/pt-pt\/produit\/jornal-branco-40-x-60-cm-em-10-kg\/#primaryimage"},"image":{"@id":"https:\/\/www.csj-emballages.com\/pt-pt\/produit\/jornal-branco-40-x-60-cm-em-10-kg\/#primaryimage"},"thumbnailUrl":"https:\/\/www.csj-emballages.com\/wp-content\/uploads\/2024\/03\/PAPJOUR.webp","datePublished":"2024-03-01T15:51:31+00:00","dateModified":"2026-04-17T08:22:01+00:00","description":"Papel branco tipo jornal 40x60 cm em resma de 10 kg. Ideal para enchimento, cal\u00e7o e prote\u00e7\u00e3o de produtos durante as expedi\u00e7\u00f5es.","breadcrumb":{"@id":"https:\/\/www.csj-emballages.com\/pt-pt\/produit\/jornal-branco-40-x-60-cm-em-10-kg\/#breadcrumb"},"inLanguage":"pt-PT","potentialAction":[{"@type":"ReadAction","target":["https:\/\/www.csj-emballages.com\/pt-pt\/produit\/jornal-branco-40-x-60-cm-em-10-kg\/"]}]},{"@type":"ImageObject","inLanguage":"pt-PT","@id":"https:\/\/www.csj-emballages.com\/pt-pt\/produit\/jornal-branco-40-x-60-cm-em-10-kg\/#primaryimage","url":"https:\/\/www.csj-emballages.com\/wp-content\/uploads\/2024\/03\/PAPJOUR.webp","contentUrl":"https:\/\/www.csj-emballages.com\/wp-content\/uploads\/2024\/03\/PAPJOUR.webp","width":800,"height":800,"caption":"Papier blanc"},{"@type":"BreadcrumbList","@id":"https:\/\/www.csj-emballages.com\/pt-pt\/produit\/jornal-branco-40-x-60-cm-em-10-kg\/#breadcrumb","itemListElement":[{"@type":"ListItem","position":1,"name":"Acolhimento","item":"https:\/\/www.csj-emballages.com\/pt-pt\/universo-das-embalagens-alimentares\/"},{"@type":"ListItem","position":2,"name":"Shop","item":"https:\/\/www.csj-emballages.com\/shop\/"},{"@type":"ListItem","position":3,"name":"Papel branco de jornal 40 x 60 cm em resma de 10 kg"}]},{"@type":"WebSite","@id":"https:\/\/www.csj-emballages.com\/pt-pt\/#website","url":"https:\/\/www.csj-emballages.com\/pt-pt\/","name":"CSJ Emballages","description":"","publisher":{"@id":"https:\/\/www.csj-emballages.com\/pt-pt\/#organization"},"potentialAction":[{"@type":"SearchAction","target":{"@type":"EntryPoint","urlTemplate":"https:\/\/www.csj-emballages.com\/pt-pt\/?s={search_term_string}"},"query-input":{"@type":"PropertyValueSpecification","valueRequired":true,"valueName":"search_term_string"}}],"inLanguage":"pt-PT"},{"@type":"Organization","@id":"https:\/\/www.csj-emballages.com\/pt-pt\/#Organization\/","name":"CSJ Emballages","url":"https:\/\/www.csj-emballages.com\/pt-pt\/","logo":{"@type":"ImageObject","inLanguage":"pt-PT","@id":"https:\/\/www.csj-emballages.com\/pt-pt\/#\/schema\/logo\/image\/","url":"https:\/\/www.csj-emballages.com\/wp-content\/uploads\/2023\/10\/logo_csj.webp","contentUrl":"https:\/\/www.csj-emballages.com\/wp-content\/uploads\/2023\/10\/logo_csj.webp","width":250,"height":95,"caption":"CSJ Emballages"},"image":{"@id":"https:\/\/www.csj-emballages.com\/pt-pt\/#\/schema\/logo\/image\/"},"sameAs":["https:\/\/www.facebook.com\/csjemballages"],"address":{"@type":"PostalAddress","streetAddress":"ZI La Lechere","addressLocality":"Patornay","postalCode":"39130","addressCountry":"FR"},"contactPoint":[{"@type":"ContactPoint","contactType":"Service client","telephone":"0384254272","email":"contact@csj-emballages.com"}]}]}},"df_price":53.93,"df_sale_price":"","df_regular_price":53.93,"df_image_link":"https:\/\/www.csj-emballages.com\/wp-content\/uploads\/2024\/03\/PAPJOUR-300x300.webp","tiered_pricing_type":"fixed","tiered_pricing_fixed_rules":[],"tiered_pricing_percentage_rules":[],"tiered_pricing_minimum":1,"tiered_pricing_roles_data":[],"_links":{"self":[{"href":"https:\/\/www.csj-emballages.com\/pt-pt\/wp-json\/wp\/v2\/product\/22288","targetHints":{"allow":["GET"]}}],"collection":[{"href":"https:\/\/www.csj-emballages.com\/pt-pt\/wp-json\/wp\/v2\/product"}],"about":[{"href":"https:\/\/www.csj-emballages.com\/pt-pt\/wp-json\/wp\/v2\/types\/product"}],"wp:featuredmedia":[{"embeddable":true,"href":"https:\/\/www.csj-emballages.com\/pt-pt\/wp-json\/wp\/v2\/media\/263342"}],"wp:attachment":[{"href":"https:\/\/www.csj-emballages.com\/pt-pt\/wp-json\/wp\/v2\/media?parent=22288"}],"wp:term":[{"taxonomy":"product_brand","embeddable":true,"href":"https:\/\/www.csj-emballages.com\/pt-pt\/wp-json\/wp\/v2\/product_brand?post=22288"},{"taxonomy":"product_cat","embeddable":true,"href":"https:\/\/www.csj-emballages.com\/pt-pt\/wp-json\/wp\/v2\/product_cat?post=22288"},{"taxonomy":"product_tag","embeddable":true,"href":"https:\/\/www.csj-emballages.com\/pt-pt\/wp-json\/wp\/v2\/product_tag?post=22288"}],"curies":[{"name":"wp","href":"https:\/\/api.w.org\/{rel}","templated":true}]}}