{"id":22276,"date":"2024-03-01T16:51:33","date_gmt":"2024-03-01T15:51:33","guid":{"rendered":"https:\/\/u15jnbdpoq.preview.infomaniak.website\/produit\/100-palhinhas-rectas-200-mm-papel-kraft-o-6-mm\/"},"modified":"2026-04-25T02:14:05","modified_gmt":"2026-04-25T00:14:05","slug":"100-palhinhas-rectas-200-mm-papel-kraft-o-6-mm","status":"publish","type":"product","link":"https:\/\/www.csj-emballages.com\/pt-pt\/produit\/100-palhinhas-rectas-200-mm-papel-kraft-o-6-mm\/","title":{"rendered":"Palha de papel kraft reto 200 mm \u00d8 6 mm por 100"},"content":{"rendered":"<h2>Palha de papel<\/h2>\n<hr>\n<h3>Descri\u00e7\u00e3o da nossa palhinha de papel kraft reto 200 mm \u00d8 6 mm por 100<\/h3>\n<p><!--more--><\/p>\n<p data-start=\"113\" data-end=\"387\">Ecol\u00f3gicas, pr\u00e1ticas e elegantes, as nossas <strong data-start=\"154\" data-end=\"211\">palhinhas rectas de papel kraft 200 mm \u00d8 6 mm por 100<\/strong> foram concebidas para responder \u00e0s necessidades dos profissionais da restaura\u00e7\u00e3o e dos particulares que desejam aliar a praticidade ao respeito pelo ambiente.<\/p>\n<p data-start=\"389\" data-end=\"923\">Fabricados em <strong>papel kraft<\/strong> robusto e de qualidade alimentar, oferecem uma excelente resist\u00eancia e n\u00e3o amolecem demasiado depressa em contacto com os l\u00edquidos, ao contr\u00e1rio de algumas alternativas de qualidade inferior. O seu <strong>di\u00e2metro de 6 mm<\/strong> torna-os a escolha ideal para desfrutar de todos os tipos de bebidas: refrigerantes, sumos de fruta, cocktails, batidos ligeiros ou mesmo bebidas frias. Com o seu <strong data-start=\"793\" data-end=\"823\">comprimento padr\u00e3o de 20 cm<\/strong>, encaixam perfeitamente na maioria dos copos e tumblers utilizados no servi\u00e7o quotidiano.  <\/p>\n<p data-start=\"925\" data-end=\"1301\">Estas <strong>palhinhas de papel<\/strong> d\u00e3o um <strong data-start=\"951\" data-end=\"986\">toque natural e aut\u00eantico<\/strong> \u00e0s suas apresenta\u00e7\u00f5es, particularmente apreciadas em bares, restaurantes, eventos, food trucks ou em casa para recep\u00e7\u00f5es. O seu design s\u00f3brio em kraft complementa tanto os ambientes modernos como os r\u00fasticos, ao mesmo tempo que representa um compromisso claro com um consumo mais respons\u00e1vel. <\/p>\n<p data-start=\"1303\" data-end=\"1608\">Ao escolher este pacote de <strong>100 palhinhas<\/strong>, est\u00e1 a adquirir uma embalagem pr\u00e1tica, ideal para o servi\u00e7o profissional. F\u00e1ceis de guardar, est\u00e3o prontas a utilizar num instante e garantem conforto de utiliza\u00e7\u00e3o, respeitando as normas de higiene alimentar. <\/p>\n<p data-start=\"1610\" data-end=\"1830\">Escolha as nossas <strong>palhinhas de papel kraft<\/strong> e ofere\u00e7a aos seus clientes ou convidados uma <strong data-start=\"1688\" data-end=\"1714\">alternativa ecol\u00f3gica<\/strong> \u00e0s <strong>palhinhas de pl\u00e1stico<\/strong>.<\/p>\n<p data-start=\"1610\" data-end=\"1830\">\n<p data-start=\"1610\" data-end=\"1830\"><!--more--><\/p>\n<h4>Vantagens :<\/h4>\n<ul>\n<li>Amigo do ambiente e sem pl\u00e1stico.<\/li>\n<li>Dur\u00e1vel e adequado para bebidas frias.<\/li>\n<li>Tamanho standard (200 mm) pr\u00e1tico para a maioria das objectivas.<\/li>\n<li>Di\u00e2metro de 6 mm, ideal para sumos, refrigerantes e cocktails.<\/li>\n<li>Embalagem econ\u00f3mica de 100 palhinhas para particulares e profissionais.<\/li>\n<li>Design natural, atrativo e moderno em kraft.<\/li>\n<\/ul>\n<p>&nbsp;<\/p>\n<p><!--more--><\/p>\n<h4>Outras informa\u00e7\u00f5es :<\/h4>\n<ul>\n<li><strong>Embalagem<\/strong>: Pacote de 100<\/li>\n<li><strong>Dimens\u00f5es<\/strong>: 200 \u00d8 6 mm<\/li>\n<li><strong>Material<\/strong>: Papel<\/li>\n<li><strong>Cor<\/strong>: Kraft<\/li>\n<\/ul>\n<p>&nbsp;<\/p>\n<p><!--more--><\/p>\n<p>Estas palhinhas tamb\u00e9m est\u00e3o dispon\u00edveis na cor : <span style=\"color: #d12727;\"><a style=\"color: #d12727;\" href=\"https:\/\/www.csj-emballages.com\/pt-pt\/produit\/100-palhinhas-rectas-200-mm-papel-colorido-o-6-mm\/\">PAILP200X6C<\/a><\/span><\/p>\n<h2><\/h2>\n<p><!--more--><\/p>\n<p><a href=\"https:\/\/www.csj-emballages.com\/pt-pt\/categorie-produit\/embalagem-de-alimentos\/gama-biologica\/talheres-palhinhas\/palhinhas-organicas\/\">Ver o resto da nossa gama de palhinhas de papel aqui<\/a><\/p>\n","protected":false},"excerpt":{"rendered":"<p>Palha de papel Descri\u00e7\u00e3o da nossa palhinha de papel kraft reto 200 mm \u00d8 6 mm por 100<\/p>\n","protected":false},"featured_media":240833,"template":"","meta":{"_acf_changed":false},"product_brand":[],"product_cat":[1141,1138,3035,1152,3034],"product_tag":[],"class_list":{"0":"post-22276","1":"product","2":"type-product","3":"status-publish","4":"has-post-thumbnail","6":"product_cat-embalagem-de-alimentos","7":"product_cat-restauracao","8":"product_cat-palhinhas","9":"product_cat-gama-biologica","10":"product_cat-palhinhas-organicas","12":"first","13":"instock","14":"taxable","15":"shipping-taxable","16":"purchasable","17":"product-type-simple"},"acf":[],"yoast_head":"<!-- This site is optimized with the Yoast SEO Premium plugin v26.6 (Yoast SEO v26.6) - https:\/\/yoast.com\/wordpress\/plugins\/seo\/ -->\n<title>Palha de papel kraft direita 200 mm \u00d8 6 mm por 100<\/title>\n<meta name=\"description\" content=\"Descubra a nossa palhinha de papel reto de 200 mm em papel de \u00d86 mm. Escolha uma alternativa sustent\u00e1vel e amiga do ambiente!\" \/>\n<meta name=\"robots\" content=\"index, follow, max-snippet:-1, max-image-preview:large, max-video-preview:-1\" \/>\n<link rel=\"canonical\" href=\"https:\/\/www.csj-emballages.com\/pt-pt\/produit\/100-palhinhas-rectas-200-mm-papel-kraft-o-6-mm\/\" \/>\n<meta property=\"og:locale\" content=\"pt_PT\" \/>\n<meta property=\"og:type\" content=\"article\" \/>\n<meta property=\"og:title\" content=\"Palha de papel kraft reto 200 mm \u00d8 6 mm por 100\" \/>\n<meta property=\"og:description\" content=\"Descubra a nossa palhinha de papel reto de 200 mm em papel de \u00d86 mm. Escolha uma alternativa sustent\u00e1vel e amiga do ambiente!\" \/>\n<meta property=\"og:url\" content=\"https:\/\/www.csj-emballages.com\/pt-pt\/produit\/100-palhinhas-rectas-200-mm-papel-kraft-o-6-mm\/\" \/>\n<meta property=\"og:site_name\" content=\"CSJ Emballages\" \/>\n<meta property=\"article:publisher\" content=\"https:\/\/www.facebook.com\/csjemballages\" \/>\n<meta property=\"article:modified_time\" content=\"2026-04-25T00:14:05+00:00\" \/>\n<meta property=\"og:image\" content=\"https:\/\/www.csj-emballages.com\/wp-content\/uploads\/2024\/03\/PAILP200X6KRA-1.webp\" \/>\n\t<meta property=\"og:image:width\" content=\"800\" \/>\n\t<meta property=\"og:image:height\" content=\"800\" \/>\n\t<meta property=\"og:image:type\" content=\"image\/webp\" \/>\n<meta name=\"twitter:card\" content=\"summary_large_image\" \/>\n<meta name=\"twitter:label1\" content=\"Tempo estimado de leitura\" \/>\n\t<meta name=\"twitter:data1\" content=\"2 minutos\" \/>\n<script type=\"application\/ld+json\" class=\"yoast-schema-graph\">{\"@context\":\"https:\/\/schema.org\",\"@graph\":[{\"@type\":\"WebPage\",\"@id\":\"https:\/\/www.csj-emballages.com\/pt-pt\/produit\/100-palhinhas-rectas-200-mm-papel-kraft-o-6-mm\/\",\"url\":\"https:\/\/www.csj-emballages.com\/pt-pt\/produit\/100-palhinhas-rectas-200-mm-papel-kraft-o-6-mm\/\",\"name\":\"Palha de papel kraft direita 200 mm \u00d8 6 mm por 100\",\"isPartOf\":{\"@id\":\"https:\/\/www.csj-emballages.com\/pt-pt\/#website\"},\"primaryImageOfPage\":{\"@id\":\"https:\/\/www.csj-emballages.com\/pt-pt\/produit\/100-palhinhas-rectas-200-mm-papel-kraft-o-6-mm\/#primaryimage\"},\"image\":{\"@id\":\"https:\/\/www.csj-emballages.com\/pt-pt\/produit\/100-palhinhas-rectas-200-mm-papel-kraft-o-6-mm\/#primaryimage\"},\"thumbnailUrl\":\"https:\/\/www.csj-emballages.com\/wp-content\/uploads\/2024\/03\/PAILP200X6KRA-1.webp\",\"datePublished\":\"2024-03-01T15:51:33+00:00\",\"dateModified\":\"2026-04-25T00:14:05+00:00\",\"description\":\"Descubra a nossa palhinha de papel reto de 200 mm em papel de \u00d86 mm. Escolha uma alternativa sustent\u00e1vel e amiga do ambiente!\",\"breadcrumb\":{\"@id\":\"https:\/\/www.csj-emballages.com\/pt-pt\/produit\/100-palhinhas-rectas-200-mm-papel-kraft-o-6-mm\/#breadcrumb\"},\"inLanguage\":\"pt-PT\",\"potentialAction\":[{\"@type\":\"ReadAction\",\"target\":[\"https:\/\/www.csj-emballages.com\/pt-pt\/produit\/100-palhinhas-rectas-200-mm-papel-kraft-o-6-mm\/\"]}]},{\"@type\":\"ImageObject\",\"inLanguage\":\"pt-PT\",\"@id\":\"https:\/\/www.csj-emballages.com\/pt-pt\/produit\/100-palhinhas-rectas-200-mm-papel-kraft-o-6-mm\/#primaryimage\",\"url\":\"https:\/\/www.csj-emballages.com\/wp-content\/uploads\/2024\/03\/PAILP200X6KRA-1.webp\",\"contentUrl\":\"https:\/\/www.csj-emballages.com\/wp-content\/uploads\/2024\/03\/PAILP200X6KRA-1.webp\",\"width\":800,\"height\":800,\"caption\":\"Paille en papier\"},{\"@type\":\"BreadcrumbList\",\"@id\":\"https:\/\/www.csj-emballages.com\/pt-pt\/produit\/100-palhinhas-rectas-200-mm-papel-kraft-o-6-mm\/#breadcrumb\",\"itemListElement\":[{\"@type\":\"ListItem\",\"position\":1,\"name\":\"Acolhimento\",\"item\":\"https:\/\/www.csj-emballages.com\/pt-pt\/universo-das-embalagens-alimentares\/\"},{\"@type\":\"ListItem\",\"position\":2,\"name\":\"Shop\",\"item\":\"https:\/\/www.csj-emballages.com\/shop\/\"},{\"@type\":\"ListItem\",\"position\":3,\"name\":\"Palha de papel kraft reto 200 mm \u00d8 6 mm por 100\"}]},{\"@type\":\"WebSite\",\"@id\":\"https:\/\/www.csj-emballages.com\/pt-pt\/#website\",\"url\":\"https:\/\/www.csj-emballages.com\/pt-pt\/\",\"name\":\"CSJ Emballages\",\"description\":\"\",\"publisher\":{\"@id\":\"https:\/\/www.csj-emballages.com\/pt-pt\/#organization\"},\"potentialAction\":[{\"@type\":\"SearchAction\",\"target\":{\"@type\":\"EntryPoint\",\"urlTemplate\":\"https:\/\/www.csj-emballages.com\/pt-pt\/?s={search_term_string}\"},\"query-input\":{\"@type\":\"PropertyValueSpecification\",\"valueRequired\":true,\"valueName\":\"search_term_string\"}}],\"inLanguage\":\"pt-PT\"},{\"@type\":\"Organization\",\"@id\":\"https:\/\/www.csj-emballages.com\/pt-pt\/#Organization\/\",\"name\":\"CSJ Emballages\",\"url\":\"https:\/\/www.csj-emballages.com\/pt-pt\/\",\"logo\":{\"@type\":\"ImageObject\",\"inLanguage\":\"pt-PT\",\"@id\":\"https:\/\/www.csj-emballages.com\/pt-pt\/#\/schema\/logo\/image\/\",\"url\":\"https:\/\/www.csj-emballages.com\/wp-content\/uploads\/2023\/10\/logo_csj.webp\",\"contentUrl\":\"https:\/\/www.csj-emballages.com\/wp-content\/uploads\/2023\/10\/logo_csj.webp\",\"width\":250,\"height\":95,\"caption\":\"CSJ Emballages\"},\"image\":{\"@id\":\"https:\/\/www.csj-emballages.com\/pt-pt\/#\/schema\/logo\/image\/\"},\"sameAs\":[\"https:\/\/www.facebook.com\/csjemballages\"],\"address\":{\"@type\":\"PostalAddress\",\"streetAddress\":\"ZI La Lechere\",\"addressLocality\":\"Patornay\",\"postalCode\":\"39130\",\"addressCountry\":\"FR\"},\"contactPoint\":[{\"@type\":\"ContactPoint\",\"contactType\":\"Service client\",\"telephone\":\"0384254272\",\"email\":\"contact@csj-emballages.com\"}]}]}<\/script>\n<!-- \/ Yoast SEO Premium plugin. -->","yoast_head_json":{"title":"Palha de papel kraft direita 200 mm \u00d8 6 mm por 100","description":"Descubra a nossa palhinha de papel reto de 200 mm em papel de \u00d86 mm. Escolha uma alternativa sustent\u00e1vel e amiga do ambiente!","robots":{"index":"index","follow":"follow","max-snippet":"max-snippet:-1","max-image-preview":"max-image-preview:large","max-video-preview":"max-video-preview:-1"},"canonical":"https:\/\/www.csj-emballages.com\/pt-pt\/produit\/100-palhinhas-rectas-200-mm-papel-kraft-o-6-mm\/","og_locale":"pt_PT","og_type":"article","og_title":"Palha de papel kraft reto 200 mm \u00d8 6 mm por 100","og_description":"Descubra a nossa palhinha de papel reto de 200 mm em papel de \u00d86 mm. Escolha uma alternativa sustent\u00e1vel e amiga do ambiente!","og_url":"https:\/\/www.csj-emballages.com\/pt-pt\/produit\/100-palhinhas-rectas-200-mm-papel-kraft-o-6-mm\/","og_site_name":"CSJ Emballages","article_publisher":"https:\/\/www.facebook.com\/csjemballages","article_modified_time":"2026-04-25T00:14:05+00:00","og_image":[{"width":800,"height":800,"url":"https:\/\/www.csj-emballages.com\/wp-content\/uploads\/2024\/03\/PAILP200X6KRA-1.webp","type":"image\/webp"}],"twitter_card":"summary_large_image","twitter_misc":{"Tempo estimado de leitura":"2 minutos"},"schema":{"@context":"https:\/\/schema.org","@graph":[{"@type":"WebPage","@id":"https:\/\/www.csj-emballages.com\/pt-pt\/produit\/100-palhinhas-rectas-200-mm-papel-kraft-o-6-mm\/","url":"https:\/\/www.csj-emballages.com\/pt-pt\/produit\/100-palhinhas-rectas-200-mm-papel-kraft-o-6-mm\/","name":"Palha de papel kraft direita 200 mm \u00d8 6 mm por 100","isPartOf":{"@id":"https:\/\/www.csj-emballages.com\/pt-pt\/#website"},"primaryImageOfPage":{"@id":"https:\/\/www.csj-emballages.com\/pt-pt\/produit\/100-palhinhas-rectas-200-mm-papel-kraft-o-6-mm\/#primaryimage"},"image":{"@id":"https:\/\/www.csj-emballages.com\/pt-pt\/produit\/100-palhinhas-rectas-200-mm-papel-kraft-o-6-mm\/#primaryimage"},"thumbnailUrl":"https:\/\/www.csj-emballages.com\/wp-content\/uploads\/2024\/03\/PAILP200X6KRA-1.webp","datePublished":"2024-03-01T15:51:33+00:00","dateModified":"2026-04-25T00:14:05+00:00","description":"Descubra a nossa palhinha de papel reto de 200 mm em papel de \u00d86 mm. Escolha uma alternativa sustent\u00e1vel e amiga do ambiente!","breadcrumb":{"@id":"https:\/\/www.csj-emballages.com\/pt-pt\/produit\/100-palhinhas-rectas-200-mm-papel-kraft-o-6-mm\/#breadcrumb"},"inLanguage":"pt-PT","potentialAction":[{"@type":"ReadAction","target":["https:\/\/www.csj-emballages.com\/pt-pt\/produit\/100-palhinhas-rectas-200-mm-papel-kraft-o-6-mm\/"]}]},{"@type":"ImageObject","inLanguage":"pt-PT","@id":"https:\/\/www.csj-emballages.com\/pt-pt\/produit\/100-palhinhas-rectas-200-mm-papel-kraft-o-6-mm\/#primaryimage","url":"https:\/\/www.csj-emballages.com\/wp-content\/uploads\/2024\/03\/PAILP200X6KRA-1.webp","contentUrl":"https:\/\/www.csj-emballages.com\/wp-content\/uploads\/2024\/03\/PAILP200X6KRA-1.webp","width":800,"height":800,"caption":"Paille en papier"},{"@type":"BreadcrumbList","@id":"https:\/\/www.csj-emballages.com\/pt-pt\/produit\/100-palhinhas-rectas-200-mm-papel-kraft-o-6-mm\/#breadcrumb","itemListElement":[{"@type":"ListItem","position":1,"name":"Acolhimento","item":"https:\/\/www.csj-emballages.com\/pt-pt\/universo-das-embalagens-alimentares\/"},{"@type":"ListItem","position":2,"name":"Shop","item":"https:\/\/www.csj-emballages.com\/shop\/"},{"@type":"ListItem","position":3,"name":"Palha de papel kraft reto 200 mm \u00d8 6 mm por 100"}]},{"@type":"WebSite","@id":"https:\/\/www.csj-emballages.com\/pt-pt\/#website","url":"https:\/\/www.csj-emballages.com\/pt-pt\/","name":"CSJ Emballages","description":"","publisher":{"@id":"https:\/\/www.csj-emballages.com\/pt-pt\/#organization"},"potentialAction":[{"@type":"SearchAction","target":{"@type":"EntryPoint","urlTemplate":"https:\/\/www.csj-emballages.com\/pt-pt\/?s={search_term_string}"},"query-input":{"@type":"PropertyValueSpecification","valueRequired":true,"valueName":"search_term_string"}}],"inLanguage":"pt-PT"},{"@type":"Organization","@id":"https:\/\/www.csj-emballages.com\/pt-pt\/#Organization\/","name":"CSJ Emballages","url":"https:\/\/www.csj-emballages.com\/pt-pt\/","logo":{"@type":"ImageObject","inLanguage":"pt-PT","@id":"https:\/\/www.csj-emballages.com\/pt-pt\/#\/schema\/logo\/image\/","url":"https:\/\/www.csj-emballages.com\/wp-content\/uploads\/2023\/10\/logo_csj.webp","contentUrl":"https:\/\/www.csj-emballages.com\/wp-content\/uploads\/2023\/10\/logo_csj.webp","width":250,"height":95,"caption":"CSJ Emballages"},"image":{"@id":"https:\/\/www.csj-emballages.com\/pt-pt\/#\/schema\/logo\/image\/"},"sameAs":["https:\/\/www.facebook.com\/csjemballages"],"address":{"@type":"PostalAddress","streetAddress":"ZI La Lechere","addressLocality":"Patornay","postalCode":"39130","addressCountry":"FR"},"contactPoint":[{"@type":"ContactPoint","contactType":"Service client","telephone":"0384254272","email":"contact@csj-emballages.com"}]}]}},"df_price":1.14,"df_sale_price":"","df_regular_price":1.14,"df_image_link":"https:\/\/www.csj-emballages.com\/wp-content\/uploads\/2024\/03\/PAILP200X6KRA-1-300x300.webp","tiered_pricing_type":"fixed","tiered_pricing_fixed_rules":[],"tiered_pricing_percentage_rules":[],"tiered_pricing_minimum":1,"tiered_pricing_roles_data":[],"_links":{"self":[{"href":"https:\/\/www.csj-emballages.com\/pt-pt\/wp-json\/wp\/v2\/product\/22276","targetHints":{"allow":["GET"]}}],"collection":[{"href":"https:\/\/www.csj-emballages.com\/pt-pt\/wp-json\/wp\/v2\/product"}],"about":[{"href":"https:\/\/www.csj-emballages.com\/pt-pt\/wp-json\/wp\/v2\/types\/product"}],"wp:featuredmedia":[{"embeddable":true,"href":"https:\/\/www.csj-emballages.com\/pt-pt\/wp-json\/wp\/v2\/media\/240833"}],"wp:attachment":[{"href":"https:\/\/www.csj-emballages.com\/pt-pt\/wp-json\/wp\/v2\/media?parent=22276"}],"wp:term":[{"taxonomy":"product_brand","embeddable":true,"href":"https:\/\/www.csj-emballages.com\/pt-pt\/wp-json\/wp\/v2\/product_brand?post=22276"},{"taxonomy":"product_cat","embeddable":true,"href":"https:\/\/www.csj-emballages.com\/pt-pt\/wp-json\/wp\/v2\/product_cat?post=22276"},{"taxonomy":"product_tag","embeddable":true,"href":"https:\/\/www.csj-emballages.com\/pt-pt\/wp-json\/wp\/v2\/product_tag?post=22276"}],"curies":[{"name":"wp","href":"https:\/\/api.w.org\/{rel}","templated":true}]}}