{"id":22267,"date":"2024-03-01T16:51:33","date_gmt":"2024-03-01T15:51:33","guid":{"rendered":"https:\/\/u15jnbdpoq.preview.infomaniak.website\/produit\/100-palhinhas-rectas-200-mm-papel-preto-o-6-mm\/"},"modified":"2026-04-29T13:00:48","modified_gmt":"2026-04-29T11:00:48","slug":"100-palhinhas-rectas-200-mm-papel-preto-o-6-mm","status":"publish","type":"product","link":"https:\/\/www.csj-emballages.com\/pt-pt\/produit\/100-palhinhas-rectas-200-mm-papel-preto-o-6-mm\/","title":{"rendered":"Palha de papel preta reta 200 mm \u00d8 6 mm por 100"},"content":{"rendered":"<h2>Palha preta<\/h2>\n<hr>\n<h3>Descubra a nossa palhinha de papel reto preta 200 mm \u00d8 6 mm por 100<\/h3>\n<p><!--more--><\/p>\n<p data-start=\"261\" data-end=\"745\">S\u00f3bria, elegante e sobretudo <strong data-start=\"289\" data-end=\"308\">eco-respons\u00e1vel<\/strong>, esta <strong>palhinha de papel preta<\/strong> \u00e9 a alternativa perfeita \u00e0s palhinhas de pl\u00e1stico de utiliza\u00e7\u00e3o \u00fanica. Com <strong data-start=\"416\" data-end=\"438\">200 mm de comprimento<\/strong> e <strong data-start=\"445\" data-end=\"465\">6 mm de di\u00e2metro<\/strong>, \u00e9 ideal para uma grande variedade de bebidas: cocktails, refrigerantes, sumos, batidos ligeiros&#8230; \u00c9 direita, r\u00edgida e concebida para resistir \u00e0 humidade durante toda a dura\u00e7\u00e3o da bebida, sem amolecer nos primeiros minutos como algumas palhinhas de qualidade inferior. <\/p>\n<p data-start=\"747\" data-end=\"1008\">Destina-se a <strong data-start=\"777\" data-end=\"814\">profissionais da restaura\u00e7\u00e3o<\/strong> &#8211; caf\u00e9s, bares, empresas de catering, estabelecimentos de fast-food &#8211; bem como a <strong data-start=\"861\" data-end=\"877\">particulares<\/strong> interessados em oferecer uma alternativa respons\u00e1vel aos seus convidados num evento privado, piquenique ou festa de anivers\u00e1rio.<\/p>\n<p data-start=\"1010\" data-end=\"1269\">O seu <strong data-start=\"1014\" data-end=\"1033\">design em preto mate<\/strong> confere um toque de modernidade e de requinte \u00e0s suas bebidas, respeitando simultaneamente as normas ambientais. Fabricado em <strong>papel<\/strong> de qualidade alimentar, \u00e9 <strong data-start=\"1211\" data-end=\"1228\">biodegrad\u00e1vel<\/strong> e <strong data-start=\"1232\" data-end=\"1247\">inofensivo<\/strong> para o ambiente. <\/p>\n<p data-start=\"1271\" data-end=\"1467\"><strong>Embalada em 100<\/strong> unidades, esta <strong>palhinha de papel<\/strong> \u00e9 f\u00e1cil de guardar e ideal para uma utiliza\u00e7\u00e3o regular. Uma solu\u00e7\u00e3o simples, econ\u00f3mica e respons\u00e1vel para acompanhar as suas bebidas no dia a dia ou em servi\u00e7o. <\/p>\n<p><!--more--><\/p>\n<h4>Vantagens :<\/h4>\n<ul>\n<li>100% biodegrad\u00e1vel e sem pl\u00e1stico.<\/li>\n<li>Resiste \u00e0 humidade durante v\u00e1rias horas.<\/li>\n<li>Comprimento ideal para objectivas altas (200 mm).<\/li>\n<li>Preto s\u00f3brio e elegante.<\/li>\n<li>Perfeito para bebidas frias, cocktails e refrigerantes.<\/li>\n<\/ul>\n<p>&nbsp;<\/p>\n<p><!--more--><\/p>\n<h4>Outras informa\u00e7\u00f5es :<\/h4>\n<ul>\n<li><strong>Embalagem<\/strong>: Pacote de 100<\/li>\n<li><strong>Dimens\u00f5es<\/strong>: 200 mm \u00d8 6 mm<\/li>\n<li><strong>Cor<\/strong>: preto<\/li>\n<li><strong>Material<\/strong>: Papel<\/li>\n<\/ul>\n<h2><\/h2>\n<p><!--more--><\/p>\n<p>Todos os tamanhos dispon\u00edveis de palhinhas pretas podem ser encontrados aqui: <span style=\"color: #d12727;\"><a style=\"color: #d12727;\" href=\"https:\/\/www.csj-emballages.com\/es\/produit\/100-pajitas-rectas-120-mm-papel-negro-o-6-mm\/\">120 mm x \u00d8 6 mm<\/a><\/span> \/ <span style=\"color: #d12727;\"><a style=\"color: #d12727;\" href=\"https:\/\/www.csj-emballages.com\/es\/produit\/16-pajitas-de-papel-negras-rectas-de-20-cm\/\">200 mm x \u00d8 8 mm<\/a><\/span><\/p>\n<p>&nbsp;<\/p>\n<p><!--more--><\/p>\n<p><a href=\"https:\/\/www.csj-emballages.com\/pt-pt\/categorie-produit\/embalagem-de-alimentos\/gama-biologica\/talheres-palhinhas\/palhinhas-organicas\/\">Ver o resto da nossa gama de palhinhas de papel<\/a><\/p>\n","protected":false},"excerpt":{"rendered":"<p>Palha preta Descubra a nossa palhinha de papel reto preta 200 mm \u00d8 6 mm por 100<\/p>\n","protected":false},"featured_media":8404,"template":"","meta":{"_acf_changed":false},"product_brand":[],"product_cat":[1141,1138,3035,1152,3034],"product_tag":[],"class_list":{"0":"post-22267","1":"product","2":"type-product","3":"status-publish","4":"has-post-thumbnail","6":"product_cat-embalagem-de-alimentos","7":"product_cat-restauracao","8":"product_cat-palhinhas","9":"product_cat-gama-biologica","10":"product_cat-palhinhas-organicas","12":"first","13":"instock","14":"taxable","15":"shipping-taxable","16":"purchasable","17":"product-type-simple"},"acf":[],"yoast_head":"<!-- This site is optimized with the Yoast SEO Premium plugin v26.6 (Yoast SEO v26.6) - https:\/\/yoast.com\/wordpress\/plugins\/seo\/ -->\n<title>Palha de papel preta direita 200 mm \u00d8 6 mm por 100<\/title>\n<meta name=\"description\" content=\"Descubra a nossa palhinha de papel preta reta 200mm \u00d86mm. Escolha uma alternativa sustent\u00e1vel e amiga do ambiente!\" \/>\n<meta name=\"robots\" content=\"index, follow, max-snippet:-1, max-image-preview:large, max-video-preview:-1\" \/>\n<link rel=\"canonical\" href=\"https:\/\/www.csj-emballages.com\/pt-pt\/produit\/100-palhinhas-rectas-200-mm-papel-preto-o-6-mm\/\" \/>\n<meta property=\"og:locale\" content=\"pt_PT\" \/>\n<meta property=\"og:type\" content=\"article\" \/>\n<meta property=\"og:title\" content=\"Palha de papel preta reta 200 mm \u00d8 6 mm por 100\" \/>\n<meta property=\"og:description\" content=\"Descubra a nossa palhinha de papel preta reta 200mm \u00d86mm. Escolha uma alternativa sustent\u00e1vel e amiga do ambiente!\" \/>\n<meta property=\"og:url\" content=\"https:\/\/www.csj-emballages.com\/pt-pt\/produit\/100-palhinhas-rectas-200-mm-papel-preto-o-6-mm\/\" \/>\n<meta property=\"og:site_name\" content=\"CSJ Emballages\" \/>\n<meta property=\"article:publisher\" content=\"https:\/\/www.facebook.com\/csjemballages\" \/>\n<meta property=\"article:modified_time\" content=\"2026-04-29T11:00:48+00:00\" \/>\n<meta property=\"og:image\" content=\"https:\/\/www.csj-emballages.com\/wp-content\/uploads\/2024\/03\/paille-papier-noir-cocoktail-noir-grossiste-csj-emballages-zoom-jpg.webp\" \/>\n\t<meta property=\"og:image:width\" content=\"800\" \/>\n\t<meta property=\"og:image:height\" content=\"800\" \/>\n\t<meta property=\"og:image:type\" content=\"image\/jpeg\" \/>\n<meta name=\"twitter:card\" content=\"summary_large_image\" \/>\n<meta name=\"twitter:label1\" content=\"Tempo estimado de leitura\" \/>\n\t<meta name=\"twitter:data1\" content=\"1 minuto\" \/>\n<script type=\"application\/ld+json\" class=\"yoast-schema-graph\">{\"@context\":\"https:\/\/schema.org\",\"@graph\":[{\"@type\":\"WebPage\",\"@id\":\"https:\/\/www.csj-emballages.com\/pt-pt\/produit\/100-palhinhas-rectas-200-mm-papel-preto-o-6-mm\/\",\"url\":\"https:\/\/www.csj-emballages.com\/pt-pt\/produit\/100-palhinhas-rectas-200-mm-papel-preto-o-6-mm\/\",\"name\":\"Palha de papel preta direita 200 mm \u00d8 6 mm por 100\",\"isPartOf\":{\"@id\":\"https:\/\/www.csj-emballages.com\/pt-pt\/#website\"},\"primaryImageOfPage\":{\"@id\":\"https:\/\/www.csj-emballages.com\/pt-pt\/produit\/100-palhinhas-rectas-200-mm-papel-preto-o-6-mm\/#primaryimage\"},\"image\":{\"@id\":\"https:\/\/www.csj-emballages.com\/pt-pt\/produit\/100-palhinhas-rectas-200-mm-papel-preto-o-6-mm\/#primaryimage\"},\"thumbnailUrl\":\"https:\/\/www.csj-emballages.com\/wp-content\/uploads\/2024\/03\/paille-papier-noir-cocoktail-noir-grossiste-csj-emballages-zoom-jpg.webp\",\"datePublished\":\"2024-03-01T15:51:33+00:00\",\"dateModified\":\"2026-04-29T11:00:48+00:00\",\"description\":\"Descubra a nossa palhinha de papel preta reta 200mm \u00d86mm. Escolha uma alternativa sustent\u00e1vel e amiga do ambiente!\",\"breadcrumb\":{\"@id\":\"https:\/\/www.csj-emballages.com\/pt-pt\/produit\/100-palhinhas-rectas-200-mm-papel-preto-o-6-mm\/#breadcrumb\"},\"inLanguage\":\"pt-PT\",\"potentialAction\":[{\"@type\":\"ReadAction\",\"target\":[\"https:\/\/www.csj-emballages.com\/pt-pt\/produit\/100-palhinhas-rectas-200-mm-papel-preto-o-6-mm\/\"]}]},{\"@type\":\"ImageObject\",\"inLanguage\":\"pt-PT\",\"@id\":\"https:\/\/www.csj-emballages.com\/pt-pt\/produit\/100-palhinhas-rectas-200-mm-papel-preto-o-6-mm\/#primaryimage\",\"url\":\"https:\/\/www.csj-emballages.com\/wp-content\/uploads\/2024\/03\/paille-papier-noir-cocoktail-noir-grossiste-csj-emballages-zoom-jpg.webp\",\"contentUrl\":\"https:\/\/www.csj-emballages.com\/wp-content\/uploads\/2024\/03\/paille-papier-noir-cocoktail-noir-grossiste-csj-emballages-zoom-jpg.webp\",\"width\":800,\"height\":800,\"caption\":\"Paille\"},{\"@type\":\"BreadcrumbList\",\"@id\":\"https:\/\/www.csj-emballages.com\/pt-pt\/produit\/100-palhinhas-rectas-200-mm-papel-preto-o-6-mm\/#breadcrumb\",\"itemListElement\":[{\"@type\":\"ListItem\",\"position\":1,\"name\":\"Acolhimento\",\"item\":\"https:\/\/www.csj-emballages.com\/pt-pt\/universo-das-embalagens-alimentares\/\"},{\"@type\":\"ListItem\",\"position\":2,\"name\":\"Shop\",\"item\":\"https:\/\/www.csj-emballages.com\/shop\/\"},{\"@type\":\"ListItem\",\"position\":3,\"name\":\"Palha de papel preta reta 200 mm \u00d8 6 mm por 100\"}]},{\"@type\":\"WebSite\",\"@id\":\"https:\/\/www.csj-emballages.com\/pt-pt\/#website\",\"url\":\"https:\/\/www.csj-emballages.com\/pt-pt\/\",\"name\":\"CSJ Emballages\",\"description\":\"\",\"publisher\":{\"@id\":\"https:\/\/www.csj-emballages.com\/pt-pt\/#organization\"},\"potentialAction\":[{\"@type\":\"SearchAction\",\"target\":{\"@type\":\"EntryPoint\",\"urlTemplate\":\"https:\/\/www.csj-emballages.com\/pt-pt\/?s={search_term_string}\"},\"query-input\":{\"@type\":\"PropertyValueSpecification\",\"valueRequired\":true,\"valueName\":\"search_term_string\"}}],\"inLanguage\":\"pt-PT\"},{\"@type\":\"Organization\",\"@id\":\"https:\/\/www.csj-emballages.com\/pt-pt\/#Organization\/\",\"name\":\"CSJ Emballages\",\"url\":\"https:\/\/www.csj-emballages.com\/pt-pt\/\",\"logo\":{\"@type\":\"ImageObject\",\"inLanguage\":\"pt-PT\",\"@id\":\"https:\/\/www.csj-emballages.com\/pt-pt\/#\/schema\/logo\/image\/\",\"url\":\"https:\/\/www.csj-emballages.com\/wp-content\/uploads\/2023\/10\/logo_csj.webp\",\"contentUrl\":\"https:\/\/www.csj-emballages.com\/wp-content\/uploads\/2023\/10\/logo_csj.webp\",\"width\":250,\"height\":95,\"caption\":\"CSJ Emballages\"},\"image\":{\"@id\":\"https:\/\/www.csj-emballages.com\/pt-pt\/#\/schema\/logo\/image\/\"},\"sameAs\":[\"https:\/\/www.facebook.com\/csjemballages\"],\"address\":{\"@type\":\"PostalAddress\",\"streetAddress\":\"ZI La Lechere\",\"addressLocality\":\"Patornay\",\"postalCode\":\"39130\",\"addressCountry\":\"FR\"},\"contactPoint\":[{\"@type\":\"ContactPoint\",\"contactType\":\"Service client\",\"telephone\":\"0384254272\",\"email\":\"contact@csj-emballages.com\"}]}]}<\/script>\n<!-- \/ Yoast SEO Premium plugin. -->","yoast_head_json":{"title":"Palha de papel preta direita 200 mm \u00d8 6 mm por 100","description":"Descubra a nossa palhinha de papel preta reta 200mm \u00d86mm. Escolha uma alternativa sustent\u00e1vel e amiga do ambiente!","robots":{"index":"index","follow":"follow","max-snippet":"max-snippet:-1","max-image-preview":"max-image-preview:large","max-video-preview":"max-video-preview:-1"},"canonical":"https:\/\/www.csj-emballages.com\/pt-pt\/produit\/100-palhinhas-rectas-200-mm-papel-preto-o-6-mm\/","og_locale":"pt_PT","og_type":"article","og_title":"Palha de papel preta reta 200 mm \u00d8 6 mm por 100","og_description":"Descubra a nossa palhinha de papel preta reta 200mm \u00d86mm. Escolha uma alternativa sustent\u00e1vel e amiga do ambiente!","og_url":"https:\/\/www.csj-emballages.com\/pt-pt\/produit\/100-palhinhas-rectas-200-mm-papel-preto-o-6-mm\/","og_site_name":"CSJ Emballages","article_publisher":"https:\/\/www.facebook.com\/csjemballages","article_modified_time":"2026-04-29T11:00:48+00:00","og_image":[{"width":800,"height":800,"url":"https:\/\/www.csj-emballages.com\/wp-content\/uploads\/2024\/03\/paille-papier-noir-cocoktail-noir-grossiste-csj-emballages-zoom-jpg.webp","type":"image\/jpeg"}],"twitter_card":"summary_large_image","twitter_misc":{"Tempo estimado de leitura":"1 minuto"},"schema":{"@context":"https:\/\/schema.org","@graph":[{"@type":"WebPage","@id":"https:\/\/www.csj-emballages.com\/pt-pt\/produit\/100-palhinhas-rectas-200-mm-papel-preto-o-6-mm\/","url":"https:\/\/www.csj-emballages.com\/pt-pt\/produit\/100-palhinhas-rectas-200-mm-papel-preto-o-6-mm\/","name":"Palha de papel preta direita 200 mm \u00d8 6 mm por 100","isPartOf":{"@id":"https:\/\/www.csj-emballages.com\/pt-pt\/#website"},"primaryImageOfPage":{"@id":"https:\/\/www.csj-emballages.com\/pt-pt\/produit\/100-palhinhas-rectas-200-mm-papel-preto-o-6-mm\/#primaryimage"},"image":{"@id":"https:\/\/www.csj-emballages.com\/pt-pt\/produit\/100-palhinhas-rectas-200-mm-papel-preto-o-6-mm\/#primaryimage"},"thumbnailUrl":"https:\/\/www.csj-emballages.com\/wp-content\/uploads\/2024\/03\/paille-papier-noir-cocoktail-noir-grossiste-csj-emballages-zoom-jpg.webp","datePublished":"2024-03-01T15:51:33+00:00","dateModified":"2026-04-29T11:00:48+00:00","description":"Descubra a nossa palhinha de papel preta reta 200mm \u00d86mm. Escolha uma alternativa sustent\u00e1vel e amiga do ambiente!","breadcrumb":{"@id":"https:\/\/www.csj-emballages.com\/pt-pt\/produit\/100-palhinhas-rectas-200-mm-papel-preto-o-6-mm\/#breadcrumb"},"inLanguage":"pt-PT","potentialAction":[{"@type":"ReadAction","target":["https:\/\/www.csj-emballages.com\/pt-pt\/produit\/100-palhinhas-rectas-200-mm-papel-preto-o-6-mm\/"]}]},{"@type":"ImageObject","inLanguage":"pt-PT","@id":"https:\/\/www.csj-emballages.com\/pt-pt\/produit\/100-palhinhas-rectas-200-mm-papel-preto-o-6-mm\/#primaryimage","url":"https:\/\/www.csj-emballages.com\/wp-content\/uploads\/2024\/03\/paille-papier-noir-cocoktail-noir-grossiste-csj-emballages-zoom-jpg.webp","contentUrl":"https:\/\/www.csj-emballages.com\/wp-content\/uploads\/2024\/03\/paille-papier-noir-cocoktail-noir-grossiste-csj-emballages-zoom-jpg.webp","width":800,"height":800,"caption":"Paille"},{"@type":"BreadcrumbList","@id":"https:\/\/www.csj-emballages.com\/pt-pt\/produit\/100-palhinhas-rectas-200-mm-papel-preto-o-6-mm\/#breadcrumb","itemListElement":[{"@type":"ListItem","position":1,"name":"Acolhimento","item":"https:\/\/www.csj-emballages.com\/pt-pt\/universo-das-embalagens-alimentares\/"},{"@type":"ListItem","position":2,"name":"Shop","item":"https:\/\/www.csj-emballages.com\/shop\/"},{"@type":"ListItem","position":3,"name":"Palha de papel preta reta 200 mm \u00d8 6 mm por 100"}]},{"@type":"WebSite","@id":"https:\/\/www.csj-emballages.com\/pt-pt\/#website","url":"https:\/\/www.csj-emballages.com\/pt-pt\/","name":"CSJ Emballages","description":"","publisher":{"@id":"https:\/\/www.csj-emballages.com\/pt-pt\/#organization"},"potentialAction":[{"@type":"SearchAction","target":{"@type":"EntryPoint","urlTemplate":"https:\/\/www.csj-emballages.com\/pt-pt\/?s={search_term_string}"},"query-input":{"@type":"PropertyValueSpecification","valueRequired":true,"valueName":"search_term_string"}}],"inLanguage":"pt-PT"},{"@type":"Organization","@id":"https:\/\/www.csj-emballages.com\/pt-pt\/#Organization\/","name":"CSJ Emballages","url":"https:\/\/www.csj-emballages.com\/pt-pt\/","logo":{"@type":"ImageObject","inLanguage":"pt-PT","@id":"https:\/\/www.csj-emballages.com\/pt-pt\/#\/schema\/logo\/image\/","url":"https:\/\/www.csj-emballages.com\/wp-content\/uploads\/2023\/10\/logo_csj.webp","contentUrl":"https:\/\/www.csj-emballages.com\/wp-content\/uploads\/2023\/10\/logo_csj.webp","width":250,"height":95,"caption":"CSJ Emballages"},"image":{"@id":"https:\/\/www.csj-emballages.com\/pt-pt\/#\/schema\/logo\/image\/"},"sameAs":["https:\/\/www.facebook.com\/csjemballages"],"address":{"@type":"PostalAddress","streetAddress":"ZI La Lechere","addressLocality":"Patornay","postalCode":"39130","addressCountry":"FR"},"contactPoint":[{"@type":"ContactPoint","contactType":"Service client","telephone":"0384254272","email":"contact@csj-emballages.com"}]}]}},"df_price":1.14,"df_sale_price":"","df_regular_price":1.14,"df_image_link":"https:\/\/www.csj-emballages.com\/wp-content\/uploads\/2024\/03\/paille-papier-noir-cocoktail-noir-grossiste-csj-emballages-zoom-300x300.webp","tiered_pricing_type":"fixed","tiered_pricing_fixed_rules":[],"tiered_pricing_percentage_rules":[],"tiered_pricing_minimum":1,"tiered_pricing_roles_data":[],"_links":{"self":[{"href":"https:\/\/www.csj-emballages.com\/pt-pt\/wp-json\/wp\/v2\/product\/22267","targetHints":{"allow":["GET"]}}],"collection":[{"href":"https:\/\/www.csj-emballages.com\/pt-pt\/wp-json\/wp\/v2\/product"}],"about":[{"href":"https:\/\/www.csj-emballages.com\/pt-pt\/wp-json\/wp\/v2\/types\/product"}],"wp:featuredmedia":[{"embeddable":true,"href":"https:\/\/www.csj-emballages.com\/pt-pt\/wp-json\/wp\/v2\/media\/8404"}],"wp:attachment":[{"href":"https:\/\/www.csj-emballages.com\/pt-pt\/wp-json\/wp\/v2\/media?parent=22267"}],"wp:term":[{"taxonomy":"product_brand","embeddable":true,"href":"https:\/\/www.csj-emballages.com\/pt-pt\/wp-json\/wp\/v2\/product_brand?post=22267"},{"taxonomy":"product_cat","embeddable":true,"href":"https:\/\/www.csj-emballages.com\/pt-pt\/wp-json\/wp\/v2\/product_cat?post=22267"},{"taxonomy":"product_tag","embeddable":true,"href":"https:\/\/www.csj-emballages.com\/pt-pt\/wp-json\/wp\/v2\/product_tag?post=22267"}],"curies":[{"name":"wp","href":"https:\/\/api.w.org\/{rel}","templated":true}]}}