{"id":22258,"date":"2024-03-01T16:51:32","date_gmt":"2024-03-01T15:51:32","guid":{"rendered":"https:\/\/u15jnbdpoq.preview.infomaniak.website\/produit\/100-palhinhas-rectas-200-mm-papel-colorido-o-6-mm\/"},"modified":"2026-04-28T02:16:51","modified_gmt":"2026-04-28T00:16:51","slug":"100-palhinhas-rectas-200-mm-papel-colorido-o-6-mm","status":"publish","type":"product","link":"https:\/\/www.csj-emballages.com\/pt-pt\/produit\/100-palhinhas-rectas-200-mm-papel-colorido-o-6-mm\/","title":{"rendered":"Palhinha de papel colorida reta 200 mm \u00d8 6 mm por 100"},"content":{"rendered":"<h2>Palhinha de papel colorido<\/h2>\n<hr>\n<h3>Descubra as nossas palhinhas de papel coloridas rectas 200 mm \u00d8 6 mm por 100<\/h3>\n<p><!--more--><\/p>\n<p data-start=\"223\" data-end=\"747\">D\u00ea um toque de divers\u00e3o \u00e0s suas bebidas com estas palhinhas de papel retas e coloridas, ideais para todas as suas prepara\u00e7\u00f5es frias: sumos, refrigerantes, cocktails, smoothies, ch\u00e1s gelados, etc. Com 200 mm de comprimento e 6 mm de di\u00e2metro, s\u00e3o perfeitas tanto para copos normais como para copos para levar. Vendidos em embalagens de 100 unidades, foram concebidos para uso profissional e pessoal: perfeitos para <strong data-start=\"644\" data-end=\"696\">bares, empresas de catering, food trucks, eventos festivos<\/strong> ou simplesmente para receber amigos. <\/p>\n<p data-start=\"749\" data-end=\"1097\">Fabricadas em <strong data-start=\"763\" data-end=\"807\">papel de alta qualidade e seguro para alimentos<\/strong>, estas palhinhas s\u00e3o resistentes \u00e0 humidade e mant\u00eam a sua rigidez durante toda a experi\u00eancia de consumo. O seu design colorido confere imediatamente uma atmosfera amig\u00e1vel e din\u00e2mica \u00e0 mesa e \u00e9 um substituto bem-vindo para as alternativas de pl\u00e1stico agora proibidas. <\/p>\n<p data-start=\"1099\" data-end=\"1408\">Como profissional, mostra aos seus clientes que presta aten\u00e7\u00e3o aos <strong data-start=\"1187\" data-end=\"1198\">pormenores<\/strong>, mas tamb\u00e9m ao<strong data-start=\"1215\" data-end=\"1232\">ambiente<\/strong>: estas palhinhas s\u00e3o <strong data-start=\"1252\" data-end=\"1286\">biodegrad\u00e1veis e compost\u00e1veis<\/strong>. Uma solu\u00e7\u00e3o simples, econ\u00f3mica e atractiva para cumprir a regulamenta\u00e7\u00e3o e melhorar a imagem da sua marca. <\/p>\n<p data-start=\"1410\" data-end=\"1583\">Prontos a utilizar, podem ser dispensados rapidamente, sem prepara\u00e7\u00e3o nem perda de tempo. Individualmente ou a granel, adaptam-se facilmente a todos os tipos de recipientes. <\/p>\n<p data-start=\"1410\" data-end=\"1583\">\n<p data-start=\"1410\" data-end=\"1583\"><!--more--><\/p>\n<h4 data-start=\"1410\" data-end=\"1583\">Vantagens :<\/h4>\n<ul>\n<li>Colorido, divertido e perfeito para todos os tipos de bebidas.<\/li>\n<li>Resistentes \u00e0 humidade, duram v\u00e1rias horas.<\/li>\n<li>Papel de qualidade, ins\u00edpido e inodoro.<\/li>\n<li>100% biodegrad\u00e1vel e compost\u00e1vel.<\/li>\n<li><strong>Tamanho padr\u00e3o<\/strong>: 200 mm de comprimento, 6 mm de di\u00e2metro.<\/li>\n<li>Em conformidade com as normas alimentares europeias.<\/li>\n<\/ul>\n<p>&nbsp;<\/p>\n<p><!--more--><\/p>\n<h4>Outras informa\u00e7\u00f5es :<\/h4>\n<ul>\n<li><strong>Embalagem<\/strong>: Pacote de 100<\/li>\n<li><strong>Dimens\u00f5es<\/strong>: 200 mm \u00d8 6 mm<\/li>\n<li><strong>Cor<\/strong>: Azul \/ Vermelho \/ Verde \/ Amarelo<\/li>\n<li><strong>Material<\/strong>: Papel<\/li>\n<\/ul>\n<h2><\/h2>\n<p><!--more--><\/p>\n<p><a href=\"https:\/\/www.csj-emballages.com\/pt-pt\/categorie-produit\/embalagem-de-alimentos\/gama-biologica\/talheres-palhinhas\/palhinhas-organicas\/\">Ver o resto da nossa gama de palhinhas de papel aqui<\/a><\/p>\n","protected":false},"excerpt":{"rendered":"<p>Palhinha de papel colorido Descubra as nossas palhinhas de papel coloridas rectas 200 mm \u00d8 6 mm por 100<\/p>\n","protected":false},"featured_media":240082,"template":"","meta":{"_acf_changed":false},"product_brand":[],"product_cat":[1141,1138,3035,1152,3034],"product_tag":[],"class_list":{"0":"post-22258","1":"product","2":"type-product","3":"status-publish","4":"has-post-thumbnail","6":"product_cat-embalagem-de-alimentos","7":"product_cat-restauracao","8":"product_cat-palhinhas","9":"product_cat-gama-biologica","10":"product_cat-palhinhas-organicas","12":"first","13":"instock","14":"taxable","15":"shipping-taxable","16":"purchasable","17":"product-type-simple"},"acf":[],"yoast_head":"<!-- This site is optimized with the Yoast SEO Premium plugin v26.6 (Yoast SEO v26.6) - https:\/\/yoast.com\/wordpress\/plugins\/seo\/ -->\n<title>Palha de papel colorida Reta 200 mm \u00d8 6 mm por 100<\/title>\n<meta name=\"description\" content=\"Embalagem de 100 palhinhas de papel rectas e coloridas, 200 mm x 6 mm. Resistentes, compost\u00e1veis e ideais para bebidas frias, para profissionais ou particulares.\" \/>\n<meta name=\"robots\" content=\"index, follow, max-snippet:-1, max-image-preview:large, max-video-preview:-1\" \/>\n<link rel=\"canonical\" href=\"https:\/\/www.csj-emballages.com\/pt-pt\/produit\/100-palhinhas-rectas-200-mm-papel-colorido-o-6-mm\/\" \/>\n<meta property=\"og:locale\" content=\"pt_PT\" \/>\n<meta property=\"og:type\" content=\"article\" \/>\n<meta property=\"og:title\" content=\"Palhinha de papel colorida reta 200 mm \u00d8 6 mm por 100\" \/>\n<meta property=\"og:description\" content=\"Embalagem de 100 palhinhas de papel rectas e coloridas, 200 mm x 6 mm. Resistentes, compost\u00e1veis e ideais para bebidas frias, para profissionais ou particulares.\" \/>\n<meta property=\"og:url\" content=\"https:\/\/www.csj-emballages.com\/pt-pt\/produit\/100-palhinhas-rectas-200-mm-papel-colorido-o-6-mm\/\" \/>\n<meta property=\"og:site_name\" content=\"CSJ Emballages\" \/>\n<meta property=\"article:publisher\" content=\"https:\/\/www.facebook.com\/csjemballages\" \/>\n<meta property=\"article:modified_time\" content=\"2026-04-28T00:16:51+00:00\" \/>\n<meta property=\"og:image\" content=\"https:\/\/www.csj-emballages.com\/wp-content\/uploads\/2024\/03\/GCANAPCL-800x800-Photoroom.png\" \/>\n\t<meta property=\"og:image:width\" content=\"800\" \/>\n\t<meta property=\"og:image:height\" content=\"800\" \/>\n\t<meta property=\"og:image:type\" content=\"image\/png\" \/>\n<meta name=\"twitter:card\" content=\"summary_large_image\" \/>\n<meta name=\"twitter:label1\" content=\"Tempo estimado de leitura\" \/>\n\t<meta name=\"twitter:data1\" content=\"1 minuto\" \/>\n<script type=\"application\/ld+json\" class=\"yoast-schema-graph\">{\"@context\":\"https:\/\/schema.org\",\"@graph\":[{\"@type\":\"WebPage\",\"@id\":\"https:\/\/www.csj-emballages.com\/pt-pt\/produit\/100-palhinhas-rectas-200-mm-papel-colorido-o-6-mm\/\",\"url\":\"https:\/\/www.csj-emballages.com\/pt-pt\/produit\/100-palhinhas-rectas-200-mm-papel-colorido-o-6-mm\/\",\"name\":\"Palha de papel colorida Reta 200 mm \u00d8 6 mm por 100\",\"isPartOf\":{\"@id\":\"https:\/\/www.csj-emballages.com\/pt-pt\/#website\"},\"primaryImageOfPage\":{\"@id\":\"https:\/\/www.csj-emballages.com\/pt-pt\/produit\/100-palhinhas-rectas-200-mm-papel-colorido-o-6-mm\/#primaryimage\"},\"image\":{\"@id\":\"https:\/\/www.csj-emballages.com\/pt-pt\/produit\/100-palhinhas-rectas-200-mm-papel-colorido-o-6-mm\/#primaryimage\"},\"thumbnailUrl\":\"https:\/\/www.csj-emballages.com\/wp-content\/uploads\/2024\/03\/GCANAPCL-800x800-Photoroom.png\",\"datePublished\":\"2024-03-01T15:51:32+00:00\",\"dateModified\":\"2026-04-28T00:16:51+00:00\",\"description\":\"Embalagem de 100 palhinhas de papel rectas e coloridas, 200 mm x 6 mm. Resistentes, compost\u00e1veis e ideais para bebidas frias, para profissionais ou particulares.\",\"breadcrumb\":{\"@id\":\"https:\/\/www.csj-emballages.com\/pt-pt\/produit\/100-palhinhas-rectas-200-mm-papel-colorido-o-6-mm\/#breadcrumb\"},\"inLanguage\":\"pt-PT\",\"potentialAction\":[{\"@type\":\"ReadAction\",\"target\":[\"https:\/\/www.csj-emballages.com\/pt-pt\/produit\/100-palhinhas-rectas-200-mm-papel-colorido-o-6-mm\/\"]}]},{\"@type\":\"ImageObject\",\"inLanguage\":\"pt-PT\",\"@id\":\"https:\/\/www.csj-emballages.com\/pt-pt\/produit\/100-palhinhas-rectas-200-mm-papel-colorido-o-6-mm\/#primaryimage\",\"url\":\"https:\/\/www.csj-emballages.com\/wp-content\/uploads\/2024\/03\/GCANAPCL-800x800-Photoroom.png\",\"contentUrl\":\"https:\/\/www.csj-emballages.com\/wp-content\/uploads\/2024\/03\/GCANAPCL-800x800-Photoroom.png\",\"width\":800,\"height\":800,\"caption\":\"Paille en papier color\u00e9e\"},{\"@type\":\"BreadcrumbList\",\"@id\":\"https:\/\/www.csj-emballages.com\/pt-pt\/produit\/100-palhinhas-rectas-200-mm-papel-colorido-o-6-mm\/#breadcrumb\",\"itemListElement\":[{\"@type\":\"ListItem\",\"position\":1,\"name\":\"Acolhimento\",\"item\":\"https:\/\/www.csj-emballages.com\/pt-pt\/universo-das-embalagens-alimentares\/\"},{\"@type\":\"ListItem\",\"position\":2,\"name\":\"Shop\",\"item\":\"https:\/\/www.csj-emballages.com\/shop\/\"},{\"@type\":\"ListItem\",\"position\":3,\"name\":\"Palhinha de papel colorida reta 200 mm \u00d8 6 mm por 100\"}]},{\"@type\":\"WebSite\",\"@id\":\"https:\/\/www.csj-emballages.com\/pt-pt\/#website\",\"url\":\"https:\/\/www.csj-emballages.com\/pt-pt\/\",\"name\":\"CSJ Emballages\",\"description\":\"\",\"publisher\":{\"@id\":\"https:\/\/www.csj-emballages.com\/pt-pt\/#organization\"},\"potentialAction\":[{\"@type\":\"SearchAction\",\"target\":{\"@type\":\"EntryPoint\",\"urlTemplate\":\"https:\/\/www.csj-emballages.com\/pt-pt\/?s={search_term_string}\"},\"query-input\":{\"@type\":\"PropertyValueSpecification\",\"valueRequired\":true,\"valueName\":\"search_term_string\"}}],\"inLanguage\":\"pt-PT\"},{\"@type\":\"Organization\",\"@id\":\"https:\/\/www.csj-emballages.com\/pt-pt\/#Organization\/\",\"name\":\"CSJ Emballages\",\"url\":\"https:\/\/www.csj-emballages.com\/pt-pt\/\",\"logo\":{\"@type\":\"ImageObject\",\"inLanguage\":\"pt-PT\",\"@id\":\"https:\/\/www.csj-emballages.com\/pt-pt\/#\/schema\/logo\/image\/\",\"url\":\"https:\/\/www.csj-emballages.com\/wp-content\/uploads\/2023\/10\/logo_csj.webp\",\"contentUrl\":\"https:\/\/www.csj-emballages.com\/wp-content\/uploads\/2023\/10\/logo_csj.webp\",\"width\":250,\"height\":95,\"caption\":\"CSJ Emballages\"},\"image\":{\"@id\":\"https:\/\/www.csj-emballages.com\/pt-pt\/#\/schema\/logo\/image\/\"},\"sameAs\":[\"https:\/\/www.facebook.com\/csjemballages\"],\"address\":{\"@type\":\"PostalAddress\",\"streetAddress\":\"ZI La Lechere\",\"addressLocality\":\"Patornay\",\"postalCode\":\"39130\",\"addressCountry\":\"FR\"},\"contactPoint\":[{\"@type\":\"ContactPoint\",\"contactType\":\"Service client\",\"telephone\":\"0384254272\",\"email\":\"contact@csj-emballages.com\"}]}]}<\/script>\n<!-- \/ Yoast SEO Premium plugin. -->","yoast_head_json":{"title":"Palha de papel colorida Reta 200 mm \u00d8 6 mm por 100","description":"Embalagem de 100 palhinhas de papel rectas e coloridas, 200 mm x 6 mm. Resistentes, compost\u00e1veis e ideais para bebidas frias, para profissionais ou particulares.","robots":{"index":"index","follow":"follow","max-snippet":"max-snippet:-1","max-image-preview":"max-image-preview:large","max-video-preview":"max-video-preview:-1"},"canonical":"https:\/\/www.csj-emballages.com\/pt-pt\/produit\/100-palhinhas-rectas-200-mm-papel-colorido-o-6-mm\/","og_locale":"pt_PT","og_type":"article","og_title":"Palhinha de papel colorida reta 200 mm \u00d8 6 mm por 100","og_description":"Embalagem de 100 palhinhas de papel rectas e coloridas, 200 mm x 6 mm. Resistentes, compost\u00e1veis e ideais para bebidas frias, para profissionais ou particulares.","og_url":"https:\/\/www.csj-emballages.com\/pt-pt\/produit\/100-palhinhas-rectas-200-mm-papel-colorido-o-6-mm\/","og_site_name":"CSJ Emballages","article_publisher":"https:\/\/www.facebook.com\/csjemballages","article_modified_time":"2026-04-28T00:16:51+00:00","og_image":[{"width":800,"height":800,"url":"https:\/\/www.csj-emballages.com\/wp-content\/uploads\/2024\/03\/GCANAPCL-800x800-Photoroom.png","type":"image\/png"}],"twitter_card":"summary_large_image","twitter_misc":{"Tempo estimado de leitura":"1 minuto"},"schema":{"@context":"https:\/\/schema.org","@graph":[{"@type":"WebPage","@id":"https:\/\/www.csj-emballages.com\/pt-pt\/produit\/100-palhinhas-rectas-200-mm-papel-colorido-o-6-mm\/","url":"https:\/\/www.csj-emballages.com\/pt-pt\/produit\/100-palhinhas-rectas-200-mm-papel-colorido-o-6-mm\/","name":"Palha de papel colorida Reta 200 mm \u00d8 6 mm por 100","isPartOf":{"@id":"https:\/\/www.csj-emballages.com\/pt-pt\/#website"},"primaryImageOfPage":{"@id":"https:\/\/www.csj-emballages.com\/pt-pt\/produit\/100-palhinhas-rectas-200-mm-papel-colorido-o-6-mm\/#primaryimage"},"image":{"@id":"https:\/\/www.csj-emballages.com\/pt-pt\/produit\/100-palhinhas-rectas-200-mm-papel-colorido-o-6-mm\/#primaryimage"},"thumbnailUrl":"https:\/\/www.csj-emballages.com\/wp-content\/uploads\/2024\/03\/GCANAPCL-800x800-Photoroom.png","datePublished":"2024-03-01T15:51:32+00:00","dateModified":"2026-04-28T00:16:51+00:00","description":"Embalagem de 100 palhinhas de papel rectas e coloridas, 200 mm x 6 mm. Resistentes, compost\u00e1veis e ideais para bebidas frias, para profissionais ou particulares.","breadcrumb":{"@id":"https:\/\/www.csj-emballages.com\/pt-pt\/produit\/100-palhinhas-rectas-200-mm-papel-colorido-o-6-mm\/#breadcrumb"},"inLanguage":"pt-PT","potentialAction":[{"@type":"ReadAction","target":["https:\/\/www.csj-emballages.com\/pt-pt\/produit\/100-palhinhas-rectas-200-mm-papel-colorido-o-6-mm\/"]}]},{"@type":"ImageObject","inLanguage":"pt-PT","@id":"https:\/\/www.csj-emballages.com\/pt-pt\/produit\/100-palhinhas-rectas-200-mm-papel-colorido-o-6-mm\/#primaryimage","url":"https:\/\/www.csj-emballages.com\/wp-content\/uploads\/2024\/03\/GCANAPCL-800x800-Photoroom.png","contentUrl":"https:\/\/www.csj-emballages.com\/wp-content\/uploads\/2024\/03\/GCANAPCL-800x800-Photoroom.png","width":800,"height":800,"caption":"Paille en papier color\u00e9e"},{"@type":"BreadcrumbList","@id":"https:\/\/www.csj-emballages.com\/pt-pt\/produit\/100-palhinhas-rectas-200-mm-papel-colorido-o-6-mm\/#breadcrumb","itemListElement":[{"@type":"ListItem","position":1,"name":"Acolhimento","item":"https:\/\/www.csj-emballages.com\/pt-pt\/universo-das-embalagens-alimentares\/"},{"@type":"ListItem","position":2,"name":"Shop","item":"https:\/\/www.csj-emballages.com\/shop\/"},{"@type":"ListItem","position":3,"name":"Palhinha de papel colorida reta 200 mm \u00d8 6 mm por 100"}]},{"@type":"WebSite","@id":"https:\/\/www.csj-emballages.com\/pt-pt\/#website","url":"https:\/\/www.csj-emballages.com\/pt-pt\/","name":"CSJ Emballages","description":"","publisher":{"@id":"https:\/\/www.csj-emballages.com\/pt-pt\/#organization"},"potentialAction":[{"@type":"SearchAction","target":{"@type":"EntryPoint","urlTemplate":"https:\/\/www.csj-emballages.com\/pt-pt\/?s={search_term_string}"},"query-input":{"@type":"PropertyValueSpecification","valueRequired":true,"valueName":"search_term_string"}}],"inLanguage":"pt-PT"},{"@type":"Organization","@id":"https:\/\/www.csj-emballages.com\/pt-pt\/#Organization\/","name":"CSJ Emballages","url":"https:\/\/www.csj-emballages.com\/pt-pt\/","logo":{"@type":"ImageObject","inLanguage":"pt-PT","@id":"https:\/\/www.csj-emballages.com\/pt-pt\/#\/schema\/logo\/image\/","url":"https:\/\/www.csj-emballages.com\/wp-content\/uploads\/2023\/10\/logo_csj.webp","contentUrl":"https:\/\/www.csj-emballages.com\/wp-content\/uploads\/2023\/10\/logo_csj.webp","width":250,"height":95,"caption":"CSJ Emballages"},"image":{"@id":"https:\/\/www.csj-emballages.com\/pt-pt\/#\/schema\/logo\/image\/"},"sameAs":["https:\/\/www.facebook.com\/csjemballages"],"address":{"@type":"PostalAddress","streetAddress":"ZI La Lechere","addressLocality":"Patornay","postalCode":"39130","addressCountry":"FR"},"contactPoint":[{"@type":"ContactPoint","contactType":"Service client","telephone":"0384254272","email":"contact@csj-emballages.com"}]}]}},"df_price":1.7,"df_sale_price":"","df_regular_price":1.7,"df_image_link":"https:\/\/www.csj-emballages.com\/wp-content\/uploads\/2024\/03\/GCANAPCL-800x800-Photoroom-300x300.png","tiered_pricing_type":"fixed","tiered_pricing_fixed_rules":[],"tiered_pricing_percentage_rules":[],"tiered_pricing_minimum":1,"tiered_pricing_roles_data":[],"_links":{"self":[{"href":"https:\/\/www.csj-emballages.com\/pt-pt\/wp-json\/wp\/v2\/product\/22258","targetHints":{"allow":["GET"]}}],"collection":[{"href":"https:\/\/www.csj-emballages.com\/pt-pt\/wp-json\/wp\/v2\/product"}],"about":[{"href":"https:\/\/www.csj-emballages.com\/pt-pt\/wp-json\/wp\/v2\/types\/product"}],"wp:featuredmedia":[{"embeddable":true,"href":"https:\/\/www.csj-emballages.com\/pt-pt\/wp-json\/wp\/v2\/media\/240082"}],"wp:attachment":[{"href":"https:\/\/www.csj-emballages.com\/pt-pt\/wp-json\/wp\/v2\/media?parent=22258"}],"wp:term":[{"taxonomy":"product_brand","embeddable":true,"href":"https:\/\/www.csj-emballages.com\/pt-pt\/wp-json\/wp\/v2\/product_brand?post=22258"},{"taxonomy":"product_cat","embeddable":true,"href":"https:\/\/www.csj-emballages.com\/pt-pt\/wp-json\/wp\/v2\/product_cat?post=22258"},{"taxonomy":"product_tag","embeddable":true,"href":"https:\/\/www.csj-emballages.com\/pt-pt\/wp-json\/wp\/v2\/product_tag?post=22258"}],"curies":[{"name":"wp","href":"https:\/\/api.w.org\/{rel}","templated":true}]}}