{"id":22253,"date":"2024-03-01T16:51:35","date_gmt":"2024-03-01T15:51:35","guid":{"rendered":"https:\/\/u15jnbdpoq.preview.infomaniak.website\/produit\/600-rpet-500-ml-latas-de-frescura-ovais-com-tampa-articulada\/"},"modified":"2026-03-12T16:31:16","modified_gmt":"2026-03-12T15:31:16","slug":"600-rpet-500-ml-latas-de-frescura-ovais-com-tampa-articulada","status":"publish","type":"product","link":"https:\/\/www.csj-emballages.com\/pt-pt\/produit\/600-rpet-500-ml-latas-de-frescura-ovais-com-tampa-articulada\/","title":{"rendered":"Tabuleiro oval para alimentos com tampa articulada 500 ml x 600"},"content":{"rendered":"<h2>Tabuleiro para alimentos<\/h2>\n<hr>\n<h3><span style=\"color: #000000;\">Descri\u00e7\u00e3o do nosso tabuleiro oval para alimentos com tampa articulada 500 ml por 600<\/span><\/h3>\n<p><!--more--><\/p>\n<p>Descubra o nosso <strong>tabuleiro oval para alimentos<\/strong> <strong>de 500 ml<\/strong> <strong>com tampa articulada<\/strong>, especialmente concebido para satisfazer as necessidades dos profissionais do sector alimentar. A sua <strong>tampa articulada<\/strong> proporciona um fecho herm\u00e9tico seguro, oferecendo uma prote\u00e7\u00e3o \u00f3ptima contra os derrames, para um transporte sem preocupa\u00e7\u00f5es. Este <strong>tabuleiro de pl\u00e1stico<\/strong> <strong>de 500 ml<\/strong> \u00e9 ideal para uma grande variedade de pratos, desde saladas frescas a refei\u00e7\u00f5es prontas e sobremesas. A sua forma <strong>oval<\/strong> confere-lhe um toque elegante e moderno, ideal para real\u00e7ar os seus pratos. Al\u00e9m disso, \u00e9 transparente, para que possa ver exatamente o que est\u00e1 no interior, real\u00e7ando as suas cria\u00e7\u00f5es e tornando-as f\u00e1ceis de identificar.    <\/p>\n<p>&nbsp;<\/p>\n<p><!--more--><\/p>\n<h4><strong>Embalagem pr\u00e1tica e econ\u00f3mica<\/strong><\/h4>\n<p>Embalado em lotes de <strong>600<\/strong> unidades, este <strong>tabuleiro de pl\u00e1stico com tampa<\/strong> \u00e9 uma solu\u00e7\u00e3o econ\u00f3mica para empresas de catering, restaurantes e outros profissionais. Leve, empilh\u00e1vel e resistente \u00e0s varia\u00e7\u00f5es de temperatura, pode ser adaptado \u00e0s suas necessidades di\u00e1rias de armazenamento e transporte. Em suma, escolha este <strong>tabuleiro de alimentos<\/strong> fi\u00e1vel e duradouro para simplificar a conserva\u00e7\u00e3o e o transporte dos seus pratos.  <\/p>\n<p>&nbsp;<\/p>\n<div style=\"text-align: left;\">\n<div style=\"text-align: left;\">\n<div style=\"text-align: left;\">\n<div style=\"text-align: left;\">\n<p><!--more--><\/p>\n<h4>Outras informa\u00e7\u00f5es :<\/h4>\n<div style=\"text-align: left;\">\n<ul>\n<li><strong>Temperatura de funcionamento<\/strong>: -\u00b020C\/+60\u00b0C<\/li>\n<li><strong>Dimens\u00f5es interiores: <\/strong>130 x 98 x 50 (C x L x A em mm)<\/li>\n<li><strong>Dimens\u00f5es exteriores<\/strong>: 152 x 125 x 57 (C x L x A em mm)<\/li>\n<li><strong>Embalagem<\/strong>: Embalagem de 600<\/li>\n<li><strong>Volume<\/strong>: 500 ml<\/li>\n<li><strong>Material<\/strong>: PET<\/li>\n<\/ul>\n<p>&nbsp;<\/p>\n<\/div>\n<\/div>\n<\/div>\n<\/div>\n<\/div>\n<p>&nbsp;<\/p>\n<p><!--more--><\/p>\n<p>Dispon\u00edvel em v\u00e1rios tamanhos: <span style=\"color: #d12727;\"><a style=\"color: #d12727;\" href=\"https:\/\/www.csj-emballages.com\/produit\/50-boites-ovales-fraicheurs-a-couvercle-charniere-rpet-150-ml\/\">150 ml<\/a><\/span> \/ <span style=\"color: #d12727;\"><a style=\"color: #d12727;\" href=\"https:\/\/www.csj-emballages.com\/es\/produit\/600-latas-ovaladas-frescas-con-tapa-abatible-rpet-250-ml\/\">250 ml<\/a><\/span> \/ <span style=\"color: #d12727;\"><a style=\"color: #d12727;\" href=\"https:\/\/www.csj-emballages.com\/produit\/50-boites-ovales-fraicheurs-a-couvercle-charniere-rpet-375-ml\/\">375 ml<\/a><\/span><\/p>\n<p>&nbsp;<\/p>\n<p><!--more--><\/p>\n<p><a href=\"\/?product_cat=barquettes-fraicheurs\"><span style=\"font-style: italic; text-decoration: underline;\">Descubra o resto dos nossos tabuleiros de frescura<\/span><\/a><\/p>\n","protected":false},"excerpt":{"rendered":"<p>Tabuleiro para alimentos Descri\u00e7\u00e3o do nosso tabuleiro oval para alimentos com tampa articulada 500 ml por 600<\/p>\n","protected":false},"featured_media":219543,"template":"","meta":{"_acf_changed":false},"product_brand":[],"product_cat":[1141,1176,1525,2848],"product_tag":[],"class_list":{"0":"post-22253","1":"product","2":"type-product","3":"status-publish","4":"has-post-thumbnail","6":"product_cat-embalagem-de-alimentos","7":"product_cat-talho-e-charcutaria","8":"product_cat-tabuleiros-latas-frascos-para-alimentos","9":"product_cat-tabuleiros-de-frescura","11":"first","12":"instock","13":"taxable","14":"shipping-taxable","15":"purchasable","16":"product-type-simple"},"acf":[],"yoast_head":"<!-- This site is optimized with the Yoast SEO Premium plugin v26.6 (Yoast SEO v26.6) - https:\/\/yoast.com\/wordpress\/plugins\/seo\/ -->\n<title>Tabuleiro para alimentos com tampa articulada - 500 ml<\/title>\n<meta name=\"description\" content=\"Descubra o nosso tabuleiro de pl\u00e1stico para alimentos de 500 ml com tampa articulada, ideal para guardar e transportar em seguran\u00e7a pratos frescos.\" \/>\n<meta name=\"robots\" content=\"index, follow, max-snippet:-1, max-image-preview:large, max-video-preview:-1\" \/>\n<link rel=\"canonical\" href=\"https:\/\/www.csj-emballages.com\/pt-pt\/produit\/600-rpet-500-ml-latas-de-frescura-ovais-com-tampa-articulada\/\" \/>\n<meta property=\"og:locale\" content=\"pt_PT\" \/>\n<meta property=\"og:type\" content=\"article\" \/>\n<meta property=\"og:title\" content=\"Tabuleiro oval para alimentos com tampa articulada 500 ml x 600\" \/>\n<meta property=\"og:description\" content=\"Descubra o nosso tabuleiro de pl\u00e1stico para alimentos de 500 ml com tampa articulada, ideal para guardar e transportar em seguran\u00e7a pratos frescos.\" \/>\n<meta property=\"og:url\" content=\"https:\/\/www.csj-emballages.com\/pt-pt\/produit\/600-rpet-500-ml-latas-de-frescura-ovais-com-tampa-articulada\/\" \/>\n<meta property=\"og:site_name\" content=\"CSJ Emballages\" \/>\n<meta property=\"article:publisher\" content=\"https:\/\/www.facebook.com\/csjemballages\" \/>\n<meta property=\"article:modified_time\" content=\"2026-03-12T15:31:16+00:00\" \/>\n<meta property=\"og:image\" content=\"https:\/\/www.csj-emballages.com\/wp-content\/uploads\/2024\/03\/OV500.webp\" \/>\n\t<meta property=\"og:image:width\" content=\"800\" \/>\n\t<meta property=\"og:image:height\" content=\"800\" \/>\n\t<meta property=\"og:image:type\" content=\"image\/webp\" \/>\n<meta name=\"twitter:card\" content=\"summary_large_image\" \/>\n<meta name=\"twitter:label1\" content=\"Tempo estimado de leitura\" \/>\n\t<meta name=\"twitter:data1\" content=\"1 minuto\" \/>\n<script type=\"application\/ld+json\" class=\"yoast-schema-graph\">{\"@context\":\"https:\/\/schema.org\",\"@graph\":[{\"@type\":\"WebPage\",\"@id\":\"https:\/\/www.csj-emballages.com\/pt-pt\/produit\/600-rpet-500-ml-latas-de-frescura-ovais-com-tampa-articulada\/\",\"url\":\"https:\/\/www.csj-emballages.com\/pt-pt\/produit\/600-rpet-500-ml-latas-de-frescura-ovais-com-tampa-articulada\/\",\"name\":\"Tabuleiro para alimentos com tampa articulada - 500 ml\",\"isPartOf\":{\"@id\":\"https:\/\/www.csj-emballages.com\/pt-pt\/#website\"},\"primaryImageOfPage\":{\"@id\":\"https:\/\/www.csj-emballages.com\/pt-pt\/produit\/600-rpet-500-ml-latas-de-frescura-ovais-com-tampa-articulada\/#primaryimage\"},\"image\":{\"@id\":\"https:\/\/www.csj-emballages.com\/pt-pt\/produit\/600-rpet-500-ml-latas-de-frescura-ovais-com-tampa-articulada\/#primaryimage\"},\"thumbnailUrl\":\"https:\/\/www.csj-emballages.com\/wp-content\/uploads\/2024\/03\/OV500.webp\",\"datePublished\":\"2024-03-01T15:51:35+00:00\",\"dateModified\":\"2026-03-12T15:31:16+00:00\",\"description\":\"Descubra o nosso tabuleiro de pl\u00e1stico para alimentos de 500 ml com tampa articulada, ideal para guardar e transportar em seguran\u00e7a pratos frescos.\",\"breadcrumb\":{\"@id\":\"https:\/\/www.csj-emballages.com\/pt-pt\/produit\/600-rpet-500-ml-latas-de-frescura-ovais-com-tampa-articulada\/#breadcrumb\"},\"inLanguage\":\"pt-PT\",\"potentialAction\":[{\"@type\":\"ReadAction\",\"target\":[\"https:\/\/www.csj-emballages.com\/pt-pt\/produit\/600-rpet-500-ml-latas-de-frescura-ovais-com-tampa-articulada\/\"]}]},{\"@type\":\"ImageObject\",\"inLanguage\":\"pt-PT\",\"@id\":\"https:\/\/www.csj-emballages.com\/pt-pt\/produit\/600-rpet-500-ml-latas-de-frescura-ovais-com-tampa-articulada\/#primaryimage\",\"url\":\"https:\/\/www.csj-emballages.com\/wp-content\/uploads\/2024\/03\/OV500.webp\",\"contentUrl\":\"https:\/\/www.csj-emballages.com\/wp-content\/uploads\/2024\/03\/OV500.webp\",\"width\":800,\"height\":800,\"caption\":\"Barquette alimentaire\"},{\"@type\":\"BreadcrumbList\",\"@id\":\"https:\/\/www.csj-emballages.com\/pt-pt\/produit\/600-rpet-500-ml-latas-de-frescura-ovais-com-tampa-articulada\/#breadcrumb\",\"itemListElement\":[{\"@type\":\"ListItem\",\"position\":1,\"name\":\"Acolhimento\",\"item\":\"https:\/\/www.csj-emballages.com\/pt-pt\/universo-das-embalagens-alimentares\/\"},{\"@type\":\"ListItem\",\"position\":2,\"name\":\"Shop\",\"item\":\"https:\/\/www.csj-emballages.com\/shop\/\"},{\"@type\":\"ListItem\",\"position\":3,\"name\":\"Tabuleiro oval para alimentos com tampa articulada 500 ml x 600\"}]},{\"@type\":\"WebSite\",\"@id\":\"https:\/\/www.csj-emballages.com\/pt-pt\/#website\",\"url\":\"https:\/\/www.csj-emballages.com\/pt-pt\/\",\"name\":\"CSJ Emballages\",\"description\":\"\",\"publisher\":{\"@id\":\"https:\/\/www.csj-emballages.com\/pt-pt\/#organization\"},\"potentialAction\":[{\"@type\":\"SearchAction\",\"target\":{\"@type\":\"EntryPoint\",\"urlTemplate\":\"https:\/\/www.csj-emballages.com\/pt-pt\/?s={search_term_string}\"},\"query-input\":{\"@type\":\"PropertyValueSpecification\",\"valueRequired\":true,\"valueName\":\"search_term_string\"}}],\"inLanguage\":\"pt-PT\"},{\"@type\":\"Organization\",\"@id\":\"https:\/\/www.csj-emballages.com\/pt-pt\/#Organization\/\",\"name\":\"CSJ Emballages\",\"url\":\"https:\/\/www.csj-emballages.com\/pt-pt\/\",\"logo\":{\"@type\":\"ImageObject\",\"inLanguage\":\"pt-PT\",\"@id\":\"https:\/\/www.csj-emballages.com\/pt-pt\/#\/schema\/logo\/image\/\",\"url\":\"https:\/\/www.csj-emballages.com\/wp-content\/uploads\/2023\/10\/logo_csj.webp\",\"contentUrl\":\"https:\/\/www.csj-emballages.com\/wp-content\/uploads\/2023\/10\/logo_csj.webp\",\"width\":250,\"height\":95,\"caption\":\"CSJ Emballages\"},\"image\":{\"@id\":\"https:\/\/www.csj-emballages.com\/pt-pt\/#\/schema\/logo\/image\/\"},\"sameAs\":[\"https:\/\/www.facebook.com\/csjemballages\"],\"address\":{\"@type\":\"PostalAddress\",\"streetAddress\":\"ZI La Lechere\",\"addressLocality\":\"Patornay\",\"postalCode\":\"39130\",\"addressCountry\":\"FR\"},\"contactPoint\":[{\"@type\":\"ContactPoint\",\"contactType\":\"Service client\",\"telephone\":\"0384254272\",\"email\":\"contact@csj-emballages.com\"}]}]}<\/script>\n<!-- \/ Yoast SEO Premium plugin. -->","yoast_head_json":{"title":"Tabuleiro para alimentos com tampa articulada - 500 ml","description":"Descubra o nosso tabuleiro de pl\u00e1stico para alimentos de 500 ml com tampa articulada, ideal para guardar e transportar em seguran\u00e7a pratos frescos.","robots":{"index":"index","follow":"follow","max-snippet":"max-snippet:-1","max-image-preview":"max-image-preview:large","max-video-preview":"max-video-preview:-1"},"canonical":"https:\/\/www.csj-emballages.com\/pt-pt\/produit\/600-rpet-500-ml-latas-de-frescura-ovais-com-tampa-articulada\/","og_locale":"pt_PT","og_type":"article","og_title":"Tabuleiro oval para alimentos com tampa articulada 500 ml x 600","og_description":"Descubra o nosso tabuleiro de pl\u00e1stico para alimentos de 500 ml com tampa articulada, ideal para guardar e transportar em seguran\u00e7a pratos frescos.","og_url":"https:\/\/www.csj-emballages.com\/pt-pt\/produit\/600-rpet-500-ml-latas-de-frescura-ovais-com-tampa-articulada\/","og_site_name":"CSJ Emballages","article_publisher":"https:\/\/www.facebook.com\/csjemballages","article_modified_time":"2026-03-12T15:31:16+00:00","og_image":[{"width":800,"height":800,"url":"https:\/\/www.csj-emballages.com\/wp-content\/uploads\/2024\/03\/OV500.webp","type":"image\/webp"}],"twitter_card":"summary_large_image","twitter_misc":{"Tempo estimado de leitura":"1 minuto"},"schema":{"@context":"https:\/\/schema.org","@graph":[{"@type":"WebPage","@id":"https:\/\/www.csj-emballages.com\/pt-pt\/produit\/600-rpet-500-ml-latas-de-frescura-ovais-com-tampa-articulada\/","url":"https:\/\/www.csj-emballages.com\/pt-pt\/produit\/600-rpet-500-ml-latas-de-frescura-ovais-com-tampa-articulada\/","name":"Tabuleiro para alimentos com tampa articulada - 500 ml","isPartOf":{"@id":"https:\/\/www.csj-emballages.com\/pt-pt\/#website"},"primaryImageOfPage":{"@id":"https:\/\/www.csj-emballages.com\/pt-pt\/produit\/600-rpet-500-ml-latas-de-frescura-ovais-com-tampa-articulada\/#primaryimage"},"image":{"@id":"https:\/\/www.csj-emballages.com\/pt-pt\/produit\/600-rpet-500-ml-latas-de-frescura-ovais-com-tampa-articulada\/#primaryimage"},"thumbnailUrl":"https:\/\/www.csj-emballages.com\/wp-content\/uploads\/2024\/03\/OV500.webp","datePublished":"2024-03-01T15:51:35+00:00","dateModified":"2026-03-12T15:31:16+00:00","description":"Descubra o nosso tabuleiro de pl\u00e1stico para alimentos de 500 ml com tampa articulada, ideal para guardar e transportar em seguran\u00e7a pratos frescos.","breadcrumb":{"@id":"https:\/\/www.csj-emballages.com\/pt-pt\/produit\/600-rpet-500-ml-latas-de-frescura-ovais-com-tampa-articulada\/#breadcrumb"},"inLanguage":"pt-PT","potentialAction":[{"@type":"ReadAction","target":["https:\/\/www.csj-emballages.com\/pt-pt\/produit\/600-rpet-500-ml-latas-de-frescura-ovais-com-tampa-articulada\/"]}]},{"@type":"ImageObject","inLanguage":"pt-PT","@id":"https:\/\/www.csj-emballages.com\/pt-pt\/produit\/600-rpet-500-ml-latas-de-frescura-ovais-com-tampa-articulada\/#primaryimage","url":"https:\/\/www.csj-emballages.com\/wp-content\/uploads\/2024\/03\/OV500.webp","contentUrl":"https:\/\/www.csj-emballages.com\/wp-content\/uploads\/2024\/03\/OV500.webp","width":800,"height":800,"caption":"Barquette alimentaire"},{"@type":"BreadcrumbList","@id":"https:\/\/www.csj-emballages.com\/pt-pt\/produit\/600-rpet-500-ml-latas-de-frescura-ovais-com-tampa-articulada\/#breadcrumb","itemListElement":[{"@type":"ListItem","position":1,"name":"Acolhimento","item":"https:\/\/www.csj-emballages.com\/pt-pt\/universo-das-embalagens-alimentares\/"},{"@type":"ListItem","position":2,"name":"Shop","item":"https:\/\/www.csj-emballages.com\/shop\/"},{"@type":"ListItem","position":3,"name":"Tabuleiro oval para alimentos com tampa articulada 500 ml x 600"}]},{"@type":"WebSite","@id":"https:\/\/www.csj-emballages.com\/pt-pt\/#website","url":"https:\/\/www.csj-emballages.com\/pt-pt\/","name":"CSJ Emballages","description":"","publisher":{"@id":"https:\/\/www.csj-emballages.com\/pt-pt\/#organization"},"potentialAction":[{"@type":"SearchAction","target":{"@type":"EntryPoint","urlTemplate":"https:\/\/www.csj-emballages.com\/pt-pt\/?s={search_term_string}"},"query-input":{"@type":"PropertyValueSpecification","valueRequired":true,"valueName":"search_term_string"}}],"inLanguage":"pt-PT"},{"@type":"Organization","@id":"https:\/\/www.csj-emballages.com\/pt-pt\/#Organization\/","name":"CSJ Emballages","url":"https:\/\/www.csj-emballages.com\/pt-pt\/","logo":{"@type":"ImageObject","inLanguage":"pt-PT","@id":"https:\/\/www.csj-emballages.com\/pt-pt\/#\/schema\/logo\/image\/","url":"https:\/\/www.csj-emballages.com\/wp-content\/uploads\/2023\/10\/logo_csj.webp","contentUrl":"https:\/\/www.csj-emballages.com\/wp-content\/uploads\/2023\/10\/logo_csj.webp","width":250,"height":95,"caption":"CSJ Emballages"},"image":{"@id":"https:\/\/www.csj-emballages.com\/pt-pt\/#\/schema\/logo\/image\/"},"sameAs":["https:\/\/www.facebook.com\/csjemballages"],"address":{"@type":"PostalAddress","streetAddress":"ZI La Lechere","addressLocality":"Patornay","postalCode":"39130","addressCountry":"FR"},"contactPoint":[{"@type":"ContactPoint","contactType":"Service client","telephone":"0384254272","email":"contact@csj-emballages.com"}]}]}},"df_price":70.45,"df_sale_price":"","df_regular_price":70.45,"df_image_link":"https:\/\/www.csj-emballages.com\/wp-content\/uploads\/2024\/03\/OV500-300x300.webp","tiered_pricing_type":"fixed","tiered_pricing_fixed_rules":[],"tiered_pricing_percentage_rules":[],"tiered_pricing_minimum":1,"tiered_pricing_roles_data":[],"_links":{"self":[{"href":"https:\/\/www.csj-emballages.com\/pt-pt\/wp-json\/wp\/v2\/product\/22253","targetHints":{"allow":["GET"]}}],"collection":[{"href":"https:\/\/www.csj-emballages.com\/pt-pt\/wp-json\/wp\/v2\/product"}],"about":[{"href":"https:\/\/www.csj-emballages.com\/pt-pt\/wp-json\/wp\/v2\/types\/product"}],"wp:featuredmedia":[{"embeddable":true,"href":"https:\/\/www.csj-emballages.com\/pt-pt\/wp-json\/wp\/v2\/media\/219543"}],"wp:attachment":[{"href":"https:\/\/www.csj-emballages.com\/pt-pt\/wp-json\/wp\/v2\/media?parent=22253"}],"wp:term":[{"taxonomy":"product_brand","embeddable":true,"href":"https:\/\/www.csj-emballages.com\/pt-pt\/wp-json\/wp\/v2\/product_brand?post=22253"},{"taxonomy":"product_cat","embeddable":true,"href":"https:\/\/www.csj-emballages.com\/pt-pt\/wp-json\/wp\/v2\/product_cat?post=22253"},{"taxonomy":"product_tag","embeddable":true,"href":"https:\/\/www.csj-emballages.com\/pt-pt\/wp-json\/wp\/v2\/product_tag?post=22253"}],"curies":[{"name":"wp","href":"https:\/\/api.w.org\/{rel}","templated":true}]}}