{"id":22230,"date":"2024-03-01T16:51:35","date_gmt":"2024-03-01T15:51:35","guid":{"rendered":"https:\/\/u15jnbdpoq.preview.infomaniak.website\/produit\/600-latas-ovais-frescas-com-tampa-articulada-rpet-250-ml\/"},"modified":"2026-04-17T02:14:41","modified_gmt":"2026-04-17T00:14:41","slug":"600-latas-ovais-frescas-com-tampa-articulada-rpet-250-ml","status":"publish","type":"product","link":"https:\/\/www.csj-emballages.com\/pt-pt\/produit\/600-latas-ovais-frescas-com-tampa-articulada-rpet-250-ml\/","title":{"rendered":"Tabuleiro oval para alimentos com tampa articulada 250 ml x 600"},"content":{"rendered":"<h2>Tabuleiro para alimentos<\/h2>\n<hr>\n<h3><span style=\"color: #000000;\">Descri\u00e7\u00e3o do nosso tabuleiro oval para alimentos com tampa articulada 250 ml x 600<\/span><\/h3>\n<p><!--more--><\/p>\n<p>Concebido para uma <strong>conserva\u00e7\u00e3o \u00f3ptima<\/strong>, este <strong>tabuleiro de pl\u00e1stico para alimentos<\/strong> proporciona uma prote\u00e7\u00e3o eficaz para os seus pratos frescos. A sua <strong>tampa de pl\u00e1stico articulada<\/strong> garante uma veda\u00e7\u00e3o segura, evitando quaisquer fugas e mantendo os seus alimentos frescos. Perfeitamente estanque, \u00e9 f\u00e1cil e seguro de transportar, preservando a qualidade dos seus alimentos. Ideal para armazenar e transportar produtos como saladas, frutas ou outros pratos frescos, este <strong>tabuleiro de pl\u00e1stico<\/strong> oferece <strong>uma \u00f3ptima visibilidade<\/strong> gra\u00e7as \u00e0 sua transpar\u00eancia. Destaca os seus produtos e torna-os f\u00e1ceis de identificar, oferecendo aos seus clientes uma apresenta\u00e7\u00e3o pr\u00e1tica e cuidada.    <\/p>\n<p>Quer seja um <strong>fornecedor de catering<\/strong>, um <strong>restaurador<\/strong> ou um vendedor de <strong>comida para levar<\/strong>, este <strong>tabuleiro de pl\u00e1stico com tampa<\/strong> satisfaz as suas necessidades de armazenamento e transporte. Leve, empilh\u00e1vel e resistente \u00e0s varia\u00e7\u00f5es de temperatura, \u00e9 ideal para a utiliza\u00e7\u00e3o quotidiana, oferecendo ao mesmo tempo uma solu\u00e7\u00e3o fi\u00e1vel e atraente para as suas necessidades profissionais. <\/p>\n<p>&nbsp;<\/p>\n<div style=\"text-align: left;\">\n<div style=\"text-align: left;\">\n<div style=\"text-align: left;\">\n<div style=\"text-align: left;\">\n<p><!--more--><\/p>\n<h4>Outras informa\u00e7\u00f5es :<\/h4>\n<div style=\"text-align: left;\">\n<ul>\n<li><strong>Temperatura de funcionamento<\/strong>: -\u00b020C\/+60\u00b0C<\/li>\n<li><strong>Dimens\u00f5es interiores: <\/strong>107 x 78 x 35 (C x L x A em mm)<\/li>\n<li><strong>Dimens\u00f5es exteriores<\/strong>: 135 x 105 x 45 (C x L x A em mm)<\/li>\n<li><strong>Embalagem<\/strong>: Embalagem de 600<\/li>\n<li><strong>Volume<\/strong>: 250 ml<\/li>\n<li><strong>Material<\/strong>: PET<\/li>\n<\/ul>\n<p>&nbsp;<\/p>\n<\/div>\n<\/div>\n<\/div>\n<\/div>\n<\/div>\n<p>&nbsp;<\/p>\n<p><!--more--><\/p>\n<p>Dispon\u00edvel em v\u00e1rios tamanhos: <span style=\"color: #d12727;\"><a style=\"color: #d12727;\" href=\"https:\/\/www.csj-emballages.com\/produit\/50-boites-ovales-fraicheurs-a-couvercle-charniere-rpet-150-ml\/\">150 ml<\/a><\/span> \/ <span style=\"color: #d12727;\"><a style=\"color: #d12727;\" href=\"https:\/\/www.csj-emballages.com\/produit\/50-boites-ovales-fraicheurs-a-couvercle-charniere-rpet-375-ml\/\">375 ml<\/a><\/span> \/ <span style=\"color: #d12727;\"><a style=\"color: #d12727;\" href=\"https:\/\/www.csj-emballages.com\/produit\/50-boites-ovales-fraicheurs-a-couvercle-charniere-rpet-500-ml\/\">500 ml<\/a><\/span><\/p>\n<p>&nbsp;<\/p>\n<p><!--more--><\/p>\n<p><a href=\"\/?product_cat=barquettes-fraicheurs\"><span style=\"font-style: italic; text-decoration: underline;\">Descubra o resto dos nossos tabuleiros de frescura<\/span><\/a><\/p>\n","protected":false},"excerpt":{"rendered":"<p>Tabuleiro para alimentos Descri\u00e7\u00e3o do nosso tabuleiro oval para alimentos com tampa articulada 250 ml x 600<\/p>\n","protected":false},"featured_media":219531,"template":"","meta":{"_acf_changed":false},"product_brand":[],"product_cat":[1141,1176,1525,2848],"product_tag":[],"class_list":{"0":"post-22230","1":"product","2":"type-product","3":"status-publish","4":"has-post-thumbnail","6":"product_cat-embalagem-de-alimentos","7":"product_cat-talho-e-charcutaria","8":"product_cat-tabuleiros-latas-frascos-para-alimentos","9":"product_cat-tabuleiros-de-frescura","11":"first","12":"instock","13":"taxable","14":"shipping-taxable","15":"purchasable","16":"product-type-simple"},"acf":[],"yoast_head":"<!-- This site is optimized with the Yoast SEO Premium plugin v26.6 (Yoast SEO v26.6) - https:\/\/yoast.com\/wordpress\/plugins\/seo\/ -->\n<title>Frasco para alimentos com tampa articulada - 250 ml<\/title>\n<meta name=\"description\" content=\"Descubra o nosso tabuleiro de pl\u00e1stico para alimentos de 250 ml com tampa articulada, ideal para armazenar e transportar em seguran\u00e7a pratos frescos.\" \/>\n<meta name=\"robots\" content=\"index, follow, max-snippet:-1, max-image-preview:large, max-video-preview:-1\" \/>\n<link rel=\"canonical\" href=\"https:\/\/www.csj-emballages.com\/pt-pt\/produit\/600-latas-ovais-frescas-com-tampa-articulada-rpet-250-ml\/\" \/>\n<meta property=\"og:locale\" content=\"pt_PT\" \/>\n<meta property=\"og:type\" content=\"article\" \/>\n<meta property=\"og:title\" content=\"Tabuleiro oval para alimentos com tampa articulada 250 ml x 600\" \/>\n<meta property=\"og:description\" content=\"Descubra o nosso tabuleiro de pl\u00e1stico para alimentos de 250 ml com tampa articulada, ideal para armazenar e transportar em seguran\u00e7a pratos frescos.\" \/>\n<meta property=\"og:url\" content=\"https:\/\/www.csj-emballages.com\/pt-pt\/produit\/600-latas-ovais-frescas-com-tampa-articulada-rpet-250-ml\/\" \/>\n<meta property=\"og:site_name\" content=\"CSJ Emballages\" \/>\n<meta property=\"article:publisher\" content=\"https:\/\/www.facebook.com\/csjemballages\" \/>\n<meta property=\"article:modified_time\" content=\"2026-04-17T00:14:41+00:00\" \/>\n<meta property=\"og:image\" content=\"https:\/\/www.csj-emballages.com\/wp-content\/uploads\/2024\/03\/OV250.webp\" \/>\n\t<meta property=\"og:image:width\" content=\"801\" \/>\n\t<meta property=\"og:image:height\" content=\"801\" \/>\n\t<meta property=\"og:image:type\" content=\"image\/webp\" \/>\n<meta name=\"twitter:card\" content=\"summary_large_image\" \/>\n<meta name=\"twitter:label1\" content=\"Tempo estimado de leitura\" \/>\n\t<meta name=\"twitter:data1\" content=\"1 minuto\" \/>\n<script type=\"application\/ld+json\" class=\"yoast-schema-graph\">{\"@context\":\"https:\/\/schema.org\",\"@graph\":[{\"@type\":\"WebPage\",\"@id\":\"https:\/\/www.csj-emballages.com\/pt-pt\/produit\/600-latas-ovais-frescas-com-tampa-articulada-rpet-250-ml\/\",\"url\":\"https:\/\/www.csj-emballages.com\/pt-pt\/produit\/600-latas-ovais-frescas-com-tampa-articulada-rpet-250-ml\/\",\"name\":\"Frasco para alimentos com tampa articulada - 250 ml\",\"isPartOf\":{\"@id\":\"https:\/\/www.csj-emballages.com\/pt-pt\/#website\"},\"primaryImageOfPage\":{\"@id\":\"https:\/\/www.csj-emballages.com\/pt-pt\/produit\/600-latas-ovais-frescas-com-tampa-articulada-rpet-250-ml\/#primaryimage\"},\"image\":{\"@id\":\"https:\/\/www.csj-emballages.com\/pt-pt\/produit\/600-latas-ovais-frescas-com-tampa-articulada-rpet-250-ml\/#primaryimage\"},\"thumbnailUrl\":\"https:\/\/www.csj-emballages.com\/wp-content\/uploads\/2024\/03\/OV250.webp\",\"datePublished\":\"2024-03-01T15:51:35+00:00\",\"dateModified\":\"2026-04-17T00:14:41+00:00\",\"description\":\"Descubra o nosso tabuleiro de pl\u00e1stico para alimentos de 250 ml com tampa articulada, ideal para armazenar e transportar em seguran\u00e7a pratos frescos.\",\"breadcrumb\":{\"@id\":\"https:\/\/www.csj-emballages.com\/pt-pt\/produit\/600-latas-ovais-frescas-com-tampa-articulada-rpet-250-ml\/#breadcrumb\"},\"inLanguage\":\"pt-PT\",\"potentialAction\":[{\"@type\":\"ReadAction\",\"target\":[\"https:\/\/www.csj-emballages.com\/pt-pt\/produit\/600-latas-ovais-frescas-com-tampa-articulada-rpet-250-ml\/\"]}]},{\"@type\":\"ImageObject\",\"inLanguage\":\"pt-PT\",\"@id\":\"https:\/\/www.csj-emballages.com\/pt-pt\/produit\/600-latas-ovais-frescas-com-tampa-articulada-rpet-250-ml\/#primaryimage\",\"url\":\"https:\/\/www.csj-emballages.com\/wp-content\/uploads\/2024\/03\/OV250.webp\",\"contentUrl\":\"https:\/\/www.csj-emballages.com\/wp-content\/uploads\/2024\/03\/OV250.webp\",\"width\":801,\"height\":801,\"caption\":\"Barquette alimentaire\"},{\"@type\":\"BreadcrumbList\",\"@id\":\"https:\/\/www.csj-emballages.com\/pt-pt\/produit\/600-latas-ovais-frescas-com-tampa-articulada-rpet-250-ml\/#breadcrumb\",\"itemListElement\":[{\"@type\":\"ListItem\",\"position\":1,\"name\":\"Acolhimento\",\"item\":\"https:\/\/www.csj-emballages.com\/pt-pt\/universo-das-embalagens-alimentares\/\"},{\"@type\":\"ListItem\",\"position\":2,\"name\":\"Shop\",\"item\":\"https:\/\/www.csj-emballages.com\/shop\/\"},{\"@type\":\"ListItem\",\"position\":3,\"name\":\"Tabuleiro oval para alimentos com tampa articulada 250 ml x 600\"}]},{\"@type\":\"WebSite\",\"@id\":\"https:\/\/www.csj-emballages.com\/pt-pt\/#website\",\"url\":\"https:\/\/www.csj-emballages.com\/pt-pt\/\",\"name\":\"CSJ Emballages\",\"description\":\"\",\"publisher\":{\"@id\":\"https:\/\/www.csj-emballages.com\/pt-pt\/#organization\"},\"potentialAction\":[{\"@type\":\"SearchAction\",\"target\":{\"@type\":\"EntryPoint\",\"urlTemplate\":\"https:\/\/www.csj-emballages.com\/pt-pt\/?s={search_term_string}\"},\"query-input\":{\"@type\":\"PropertyValueSpecification\",\"valueRequired\":true,\"valueName\":\"search_term_string\"}}],\"inLanguage\":\"pt-PT\"},{\"@type\":\"Organization\",\"@id\":\"https:\/\/www.csj-emballages.com\/pt-pt\/#Organization\/\",\"name\":\"CSJ Emballages\",\"url\":\"https:\/\/www.csj-emballages.com\/pt-pt\/\",\"logo\":{\"@type\":\"ImageObject\",\"inLanguage\":\"pt-PT\",\"@id\":\"https:\/\/www.csj-emballages.com\/pt-pt\/#\/schema\/logo\/image\/\",\"url\":\"https:\/\/www.csj-emballages.com\/wp-content\/uploads\/2023\/10\/logo_csj.webp\",\"contentUrl\":\"https:\/\/www.csj-emballages.com\/wp-content\/uploads\/2023\/10\/logo_csj.webp\",\"width\":250,\"height\":95,\"caption\":\"CSJ Emballages\"},\"image\":{\"@id\":\"https:\/\/www.csj-emballages.com\/pt-pt\/#\/schema\/logo\/image\/\"},\"sameAs\":[\"https:\/\/www.facebook.com\/csjemballages\"],\"address\":{\"@type\":\"PostalAddress\",\"streetAddress\":\"ZI La Lechere\",\"addressLocality\":\"Patornay\",\"postalCode\":\"39130\",\"addressCountry\":\"FR\"},\"contactPoint\":[{\"@type\":\"ContactPoint\",\"contactType\":\"Service client\",\"telephone\":\"0384254272\",\"email\":\"contact@csj-emballages.com\"}]}]}<\/script>\n<!-- \/ Yoast SEO Premium plugin. -->","yoast_head_json":{"title":"Frasco para alimentos com tampa articulada - 250 ml","description":"Descubra o nosso tabuleiro de pl\u00e1stico para alimentos de 250 ml com tampa articulada, ideal para armazenar e transportar em seguran\u00e7a pratos frescos.","robots":{"index":"index","follow":"follow","max-snippet":"max-snippet:-1","max-image-preview":"max-image-preview:large","max-video-preview":"max-video-preview:-1"},"canonical":"https:\/\/www.csj-emballages.com\/pt-pt\/produit\/600-latas-ovais-frescas-com-tampa-articulada-rpet-250-ml\/","og_locale":"pt_PT","og_type":"article","og_title":"Tabuleiro oval para alimentos com tampa articulada 250 ml x 600","og_description":"Descubra o nosso tabuleiro de pl\u00e1stico para alimentos de 250 ml com tampa articulada, ideal para armazenar e transportar em seguran\u00e7a pratos frescos.","og_url":"https:\/\/www.csj-emballages.com\/pt-pt\/produit\/600-latas-ovais-frescas-com-tampa-articulada-rpet-250-ml\/","og_site_name":"CSJ Emballages","article_publisher":"https:\/\/www.facebook.com\/csjemballages","article_modified_time":"2026-04-17T00:14:41+00:00","og_image":[{"width":801,"height":801,"url":"https:\/\/www.csj-emballages.com\/wp-content\/uploads\/2024\/03\/OV250.webp","type":"image\/webp"}],"twitter_card":"summary_large_image","twitter_misc":{"Tempo estimado de leitura":"1 minuto"},"schema":{"@context":"https:\/\/schema.org","@graph":[{"@type":"WebPage","@id":"https:\/\/www.csj-emballages.com\/pt-pt\/produit\/600-latas-ovais-frescas-com-tampa-articulada-rpet-250-ml\/","url":"https:\/\/www.csj-emballages.com\/pt-pt\/produit\/600-latas-ovais-frescas-com-tampa-articulada-rpet-250-ml\/","name":"Frasco para alimentos com tampa articulada - 250 ml","isPartOf":{"@id":"https:\/\/www.csj-emballages.com\/pt-pt\/#website"},"primaryImageOfPage":{"@id":"https:\/\/www.csj-emballages.com\/pt-pt\/produit\/600-latas-ovais-frescas-com-tampa-articulada-rpet-250-ml\/#primaryimage"},"image":{"@id":"https:\/\/www.csj-emballages.com\/pt-pt\/produit\/600-latas-ovais-frescas-com-tampa-articulada-rpet-250-ml\/#primaryimage"},"thumbnailUrl":"https:\/\/www.csj-emballages.com\/wp-content\/uploads\/2024\/03\/OV250.webp","datePublished":"2024-03-01T15:51:35+00:00","dateModified":"2026-04-17T00:14:41+00:00","description":"Descubra o nosso tabuleiro de pl\u00e1stico para alimentos de 250 ml com tampa articulada, ideal para armazenar e transportar em seguran\u00e7a pratos frescos.","breadcrumb":{"@id":"https:\/\/www.csj-emballages.com\/pt-pt\/produit\/600-latas-ovais-frescas-com-tampa-articulada-rpet-250-ml\/#breadcrumb"},"inLanguage":"pt-PT","potentialAction":[{"@type":"ReadAction","target":["https:\/\/www.csj-emballages.com\/pt-pt\/produit\/600-latas-ovais-frescas-com-tampa-articulada-rpet-250-ml\/"]}]},{"@type":"ImageObject","inLanguage":"pt-PT","@id":"https:\/\/www.csj-emballages.com\/pt-pt\/produit\/600-latas-ovais-frescas-com-tampa-articulada-rpet-250-ml\/#primaryimage","url":"https:\/\/www.csj-emballages.com\/wp-content\/uploads\/2024\/03\/OV250.webp","contentUrl":"https:\/\/www.csj-emballages.com\/wp-content\/uploads\/2024\/03\/OV250.webp","width":801,"height":801,"caption":"Barquette alimentaire"},{"@type":"BreadcrumbList","@id":"https:\/\/www.csj-emballages.com\/pt-pt\/produit\/600-latas-ovais-frescas-com-tampa-articulada-rpet-250-ml\/#breadcrumb","itemListElement":[{"@type":"ListItem","position":1,"name":"Acolhimento","item":"https:\/\/www.csj-emballages.com\/pt-pt\/universo-das-embalagens-alimentares\/"},{"@type":"ListItem","position":2,"name":"Shop","item":"https:\/\/www.csj-emballages.com\/shop\/"},{"@type":"ListItem","position":3,"name":"Tabuleiro oval para alimentos com tampa articulada 250 ml x 600"}]},{"@type":"WebSite","@id":"https:\/\/www.csj-emballages.com\/pt-pt\/#website","url":"https:\/\/www.csj-emballages.com\/pt-pt\/","name":"CSJ Emballages","description":"","publisher":{"@id":"https:\/\/www.csj-emballages.com\/pt-pt\/#organization"},"potentialAction":[{"@type":"SearchAction","target":{"@type":"EntryPoint","urlTemplate":"https:\/\/www.csj-emballages.com\/pt-pt\/?s={search_term_string}"},"query-input":{"@type":"PropertyValueSpecification","valueRequired":true,"valueName":"search_term_string"}}],"inLanguage":"pt-PT"},{"@type":"Organization","@id":"https:\/\/www.csj-emballages.com\/pt-pt\/#Organization\/","name":"CSJ Emballages","url":"https:\/\/www.csj-emballages.com\/pt-pt\/","logo":{"@type":"ImageObject","inLanguage":"pt-PT","@id":"https:\/\/www.csj-emballages.com\/pt-pt\/#\/schema\/logo\/image\/","url":"https:\/\/www.csj-emballages.com\/wp-content\/uploads\/2023\/10\/logo_csj.webp","contentUrl":"https:\/\/www.csj-emballages.com\/wp-content\/uploads\/2023\/10\/logo_csj.webp","width":250,"height":95,"caption":"CSJ Emballages"},"image":{"@id":"https:\/\/www.csj-emballages.com\/pt-pt\/#\/schema\/logo\/image\/"},"sameAs":["https:\/\/www.facebook.com\/csjemballages"],"address":{"@type":"PostalAddress","streetAddress":"ZI La Lechere","addressLocality":"Patornay","postalCode":"39130","addressCountry":"FR"},"contactPoint":[{"@type":"ContactPoint","contactType":"Service client","telephone":"0384254272","email":"contact@csj-emballages.com"}]}]}},"df_price":51.34,"df_sale_price":"","df_regular_price":51.34,"df_image_link":"https:\/\/www.csj-emballages.com\/wp-content\/uploads\/2024\/03\/OV250-300x300.webp","tiered_pricing_type":"fixed","tiered_pricing_fixed_rules":[],"tiered_pricing_percentage_rules":[],"tiered_pricing_minimum":1,"tiered_pricing_roles_data":[],"_links":{"self":[{"href":"https:\/\/www.csj-emballages.com\/pt-pt\/wp-json\/wp\/v2\/product\/22230","targetHints":{"allow":["GET"]}}],"collection":[{"href":"https:\/\/www.csj-emballages.com\/pt-pt\/wp-json\/wp\/v2\/product"}],"about":[{"href":"https:\/\/www.csj-emballages.com\/pt-pt\/wp-json\/wp\/v2\/types\/product"}],"wp:featuredmedia":[{"embeddable":true,"href":"https:\/\/www.csj-emballages.com\/pt-pt\/wp-json\/wp\/v2\/media\/219531"}],"wp:attachment":[{"href":"https:\/\/www.csj-emballages.com\/pt-pt\/wp-json\/wp\/v2\/media?parent=22230"}],"wp:term":[{"taxonomy":"product_brand","embeddable":true,"href":"https:\/\/www.csj-emballages.com\/pt-pt\/wp-json\/wp\/v2\/product_brand?post=22230"},{"taxonomy":"product_cat","embeddable":true,"href":"https:\/\/www.csj-emballages.com\/pt-pt\/wp-json\/wp\/v2\/product_cat?post=22230"},{"taxonomy":"product_tag","embeddable":true,"href":"https:\/\/www.csj-emballages.com\/pt-pt\/wp-json\/wp\/v2\/product_tag?post=22230"}],"curies":[{"name":"wp","href":"https:\/\/api.w.org\/{rel}","templated":true}]}}