{"id":22202,"date":"2024-03-01T16:51:36","date_gmt":"2024-03-01T15:51:36","guid":{"rendered":"https:\/\/u15jnbdpoq.preview.infomaniak.website\/produit\/50-tampas-planas-de-aluminio-para-gastronomia-pg6800-pg8850-pg11450\/"},"modified":"2026-03-31T02:15:32","modified_gmt":"2026-03-31T00:15:32","slug":"50-tampas-planas-de-aluminio-para-gastronomia-pg6800-pg8850-pg11450","status":"publish","type":"product","link":"https:\/\/www.csj-emballages.com\/pt-pt\/produit\/50-tampas-planas-de-aluminio-para-gastronomia-pg6800-pg8850-pg11450\/","title":{"rendered":"Tampa plana de alum\u00ednio para gastr\u00f3nomo PG6800 \/ PG8850 \/ PG11450 50 unid."},"content":{"rendered":"<h2>Tampa para prato gastron\u00f3mico<\/h2>\n<hr>\n<h3>Descri\u00e7\u00e3o da nossa tampa de alum\u00ednio para pratos gastron\u00f3micos, 50 unidades<\/h3>\n<p><!--more--><\/p>\n<p data-start=\"31\" data-end=\"327\">Esta <strong data-start=\"34\" data-end=\"65\">tampa plana em alum\u00ednio<\/strong> \u00e9 o acess\u00f3rio indispens\u00e1vel para cobrir facilmente os seus <strong>pratos gourmet<\/strong>. Concebida para os <strong data-start=\"168\" data-end=\"213\">propriet\u00e1rios de restaurantes, catering e institui\u00e7\u00f5es<\/strong>, protege eficazmente os seus <strong>pratos<\/strong>, quer seja para armazenamento, transporte ou apresenta\u00e7\u00e3o. <\/p>\n<p data-start=\"329\" data-end=\"637\">Fabricado em <strong data-start=\"341\" data-end=\"364\">alum\u00ednio<\/strong>, ajuda a <strong data-start=\"376\" data-end=\"404\">manter a temperatura<\/strong> dos alimentos e evita os derrames. O seu formato <strong>plano<\/strong> tamb\u00e9m facilita <strong data-start=\"471\" data-end=\"491\">a arruma\u00e7\u00e3o<\/strong> na cozinha ou na c\u00e2mara frigor\u00edfica, sem ocupar muito espa\u00e7o. <\/p>\n<p><!--more--><\/p>\n<h4>Vantagens :<\/h4>\n<ul>\n<li data-start=\"1063\" data-end=\"1163\">Evita a contamina\u00e7\u00e3o e mant\u00e9m a temperatura<\/li>\n<li data-start=\"1164\" data-end=\"1241\">Resistente e adequado para uso intensivo<\/li>\n<li data-start=\"1164\" data-end=\"1241\">Formato plano para um armazenamento otimizado<\/li>\n<li data-start=\"1328\" data-end=\"1424\">Ideal para profissionais da restaura\u00e7\u00e3o e catering<\/li>\n<li data-start=\"1425\" data-end=\"1500\">Protege contra o p\u00f3 e a sujidade.<\/li>\n<\/ul>\n<p>&nbsp;<\/p>\n<p><!--more--><\/p>\n<h4>Outras informa\u00e7\u00f5es :<\/h4>\n<ul>\n<li><strong>Embalagem<\/strong>: Pacote de 50<\/li>\n<li><strong>Dimens\u00f5es<\/strong>: 325 x 265 x 18 ( C x L x A em mm )<\/li>\n<li><strong>Material<\/strong>: Alum\u00ednio<\/li>\n<li><strong>Temperatura de funcionamento<\/strong>: -40\u00b0C \/ +350\u00b0C<\/li>\n<\/ul>\n<p>&nbsp;<\/p>\n<p><!--more--><\/p>\n<p>Este produto \u00e9 compat\u00edvel com v\u00e1rios pratos gourmet:<span style=\"color: #d12727;\"> <a style=\"color: #d12727;\" href=\"https:\/\/www.csj-emballages.com\/es\/produit\/50-platos-desechables-de-aluminio-6500ml\/\">PG6800<\/a> <span style=\"color: #000000;\">\/<\/span> <a style=\"color: #d12727;\" href=\"https:\/\/www.csj-emballages.com\/es\/produit\/50-platos-desechables-de-aluminio-8850ml\/\">PG8850<\/a> <span style=\"color: #000000;\">\/<\/span> <a style=\"color: #d12727;\" href=\"https:\/\/www.csj-emballages.com\/es\/produit\/50-platos-de-aluminio-desechables-11450ml\/\">PG11450<\/a> <\/span> <\/p>\n<p>&nbsp;<\/p>\n<p><!--more--><\/p>\n<p><a href=\"https:\/\/www.csj-emballages.com\/pt-pt\/categorie-produit\/embalagem-de-alimentos\/talho-e-charcutaria\/tabuleiros-latas-e-frascos\/tabuleiros-de-aluminio-pratos-formas-tabuleiros-de-refeicao-copos-ramequins-empadas-de-carne\/pratos-gourmet\/\">Ver o resto da nossa gama de pratos gourmet em alum\u00ednio<\/a><\/p>\n","protected":false},"excerpt":{"rendered":"<p>Tampa para prato gastron\u00f3mico Descri\u00e7\u00e3o da nossa tampa de alum\u00ednio para pratos gastron\u00f3micos, 50 unidades<\/p>\n","protected":false},"featured_media":228969,"template":"","meta":{"_acf_changed":false},"product_brand":[],"product_cat":[1176,2001,2925],"product_tag":[],"class_list":{"0":"post-22202","1":"product","2":"type-product","3":"status-publish","4":"has-post-thumbnail","6":"product_cat-talho-e-charcutaria","7":"product_cat-tabuleiros-de-aluminio-pratos-formas-tabuleiros-de-refeicao-copos-ramequins-empadas-de-carne","8":"product_cat-pratos-gourmet","10":"first","11":"instock","12":"taxable","13":"shipping-taxable","14":"purchasable","15":"product-type-simple"},"acf":[],"yoast_head":"<!-- This site is optimized with the Yoast SEO Premium plugin v26.6 (Yoast SEO v26.6) - https:\/\/yoast.com\/wordpress\/plugins\/seo\/ -->\n<title>Tampa de alum\u00ednio para pratos Gastronome, 50<\/title>\n<meta name=\"description\" content=\"Tampa gastron\u00f3mica de alum\u00ednio, embalagem de 50 unidades, ideal para proteger, guardar e transportar os seus pratos com toda a seguran\u00e7a.\" \/>\n<meta name=\"robots\" content=\"index, follow, max-snippet:-1, max-image-preview:large, max-video-preview:-1\" \/>\n<link rel=\"canonical\" href=\"https:\/\/www.csj-emballages.com\/pt-pt\/produit\/50-tampas-planas-de-aluminio-para-gastronomia-pg6800-pg8850-pg11450\/\" \/>\n<meta property=\"og:locale\" content=\"pt_PT\" \/>\n<meta property=\"og:type\" content=\"article\" \/>\n<meta property=\"og:title\" content=\"Tampa plana de alum\u00ednio para gastr\u00f3nomo PG6800 \/ PG8850 \/ PG11450 50 unid.\" \/>\n<meta property=\"og:description\" content=\"Tampa gastron\u00f3mica de alum\u00ednio, embalagem de 50 unidades, ideal para proteger, guardar e transportar os seus pratos com toda a seguran\u00e7a.\" \/>\n<meta property=\"og:url\" content=\"https:\/\/www.csj-emballages.com\/pt-pt\/produit\/50-tampas-planas-de-aluminio-para-gastronomia-pg6800-pg8850-pg11450\/\" \/>\n<meta property=\"og:site_name\" content=\"CSJ Emballages\" \/>\n<meta property=\"article:publisher\" content=\"https:\/\/www.facebook.com\/csjemballages\" \/>\n<meta property=\"article:modified_time\" content=\"2026-03-31T00:15:32+00:00\" \/>\n<meta property=\"og:image\" content=\"https:\/\/www.csj-emballages.com\/wp-content\/uploads\/2024\/03\/OP-1_1-PG-1.webp\" \/>\n\t<meta property=\"og:image:width\" content=\"800\" \/>\n\t<meta property=\"og:image:height\" content=\"800\" \/>\n\t<meta property=\"og:image:type\" content=\"image\/webp\" \/>\n<meta name=\"twitter:card\" content=\"summary_large_image\" \/>\n<meta name=\"twitter:label1\" content=\"Tempo estimado de leitura\" \/>\n\t<meta name=\"twitter:data1\" content=\"1 minuto\" \/>\n<script type=\"application\/ld+json\" class=\"yoast-schema-graph\">{\"@context\":\"https:\/\/schema.org\",\"@graph\":[{\"@type\":\"WebPage\",\"@id\":\"https:\/\/www.csj-emballages.com\/pt-pt\/produit\/50-tampas-planas-de-aluminio-para-gastronomia-pg6800-pg8850-pg11450\/\",\"url\":\"https:\/\/www.csj-emballages.com\/pt-pt\/produit\/50-tampas-planas-de-aluminio-para-gastronomia-pg6800-pg8850-pg11450\/\",\"name\":\"Tampa de alum\u00ednio para pratos Gastronome, 50\",\"isPartOf\":{\"@id\":\"https:\/\/www.csj-emballages.com\/pt-pt\/#website\"},\"primaryImageOfPage\":{\"@id\":\"https:\/\/www.csj-emballages.com\/pt-pt\/produit\/50-tampas-planas-de-aluminio-para-gastronomia-pg6800-pg8850-pg11450\/#primaryimage\"},\"image\":{\"@id\":\"https:\/\/www.csj-emballages.com\/pt-pt\/produit\/50-tampas-planas-de-aluminio-para-gastronomia-pg6800-pg8850-pg11450\/#primaryimage\"},\"thumbnailUrl\":\"https:\/\/www.csj-emballages.com\/wp-content\/uploads\/2024\/03\/OP-1_1-PG-1.webp\",\"datePublished\":\"2024-03-01T15:51:36+00:00\",\"dateModified\":\"2026-03-31T00:15:32+00:00\",\"description\":\"Tampa gastron\u00f3mica de alum\u00ednio, embalagem de 50 unidades, ideal para proteger, guardar e transportar os seus pratos com toda a seguran\u00e7a.\",\"breadcrumb\":{\"@id\":\"https:\/\/www.csj-emballages.com\/pt-pt\/produit\/50-tampas-planas-de-aluminio-para-gastronomia-pg6800-pg8850-pg11450\/#breadcrumb\"},\"inLanguage\":\"pt-PT\",\"potentialAction\":[{\"@type\":\"ReadAction\",\"target\":[\"https:\/\/www.csj-emballages.com\/pt-pt\/produit\/50-tampas-planas-de-aluminio-para-gastronomia-pg6800-pg8850-pg11450\/\"]}]},{\"@type\":\"ImageObject\",\"inLanguage\":\"pt-PT\",\"@id\":\"https:\/\/www.csj-emballages.com\/pt-pt\/produit\/50-tampas-planas-de-aluminio-para-gastronomia-pg6800-pg8850-pg11450\/#primaryimage\",\"url\":\"https:\/\/www.csj-emballages.com\/wp-content\/uploads\/2024\/03\/OP-1_1-PG-1.webp\",\"contentUrl\":\"https:\/\/www.csj-emballages.com\/wp-content\/uploads\/2024\/03\/OP-1_1-PG-1.webp\",\"width\":800,\"height\":800,\"caption\":\"Couvercle plat gastronome\"},{\"@type\":\"BreadcrumbList\",\"@id\":\"https:\/\/www.csj-emballages.com\/pt-pt\/produit\/50-tampas-planas-de-aluminio-para-gastronomia-pg6800-pg8850-pg11450\/#breadcrumb\",\"itemListElement\":[{\"@type\":\"ListItem\",\"position\":1,\"name\":\"Acolhimento\",\"item\":\"https:\/\/www.csj-emballages.com\/pt-pt\/universo-das-embalagens-alimentares\/\"},{\"@type\":\"ListItem\",\"position\":2,\"name\":\"Shop\",\"item\":\"https:\/\/www.csj-emballages.com\/shop\/\"},{\"@type\":\"ListItem\",\"position\":3,\"name\":\"Tampa plana de alum\u00ednio para gastr\u00f3nomo PG6800 \/ PG8850 \/ PG11450 50 unid.\"}]},{\"@type\":\"WebSite\",\"@id\":\"https:\/\/www.csj-emballages.com\/pt-pt\/#website\",\"url\":\"https:\/\/www.csj-emballages.com\/pt-pt\/\",\"name\":\"CSJ Emballages\",\"description\":\"\",\"publisher\":{\"@id\":\"https:\/\/www.csj-emballages.com\/pt-pt\/#organization\"},\"potentialAction\":[{\"@type\":\"SearchAction\",\"target\":{\"@type\":\"EntryPoint\",\"urlTemplate\":\"https:\/\/www.csj-emballages.com\/pt-pt\/?s={search_term_string}\"},\"query-input\":{\"@type\":\"PropertyValueSpecification\",\"valueRequired\":true,\"valueName\":\"search_term_string\"}}],\"inLanguage\":\"pt-PT\"},{\"@type\":\"Organization\",\"@id\":\"https:\/\/www.csj-emballages.com\/pt-pt\/#Organization\/\",\"name\":\"CSJ Emballages\",\"url\":\"https:\/\/www.csj-emballages.com\/pt-pt\/\",\"logo\":{\"@type\":\"ImageObject\",\"inLanguage\":\"pt-PT\",\"@id\":\"https:\/\/www.csj-emballages.com\/pt-pt\/#\/schema\/logo\/image\/\",\"url\":\"https:\/\/www.csj-emballages.com\/wp-content\/uploads\/2023\/10\/logo_csj.webp\",\"contentUrl\":\"https:\/\/www.csj-emballages.com\/wp-content\/uploads\/2023\/10\/logo_csj.webp\",\"width\":250,\"height\":95,\"caption\":\"CSJ Emballages\"},\"image\":{\"@id\":\"https:\/\/www.csj-emballages.com\/pt-pt\/#\/schema\/logo\/image\/\"},\"sameAs\":[\"https:\/\/www.facebook.com\/csjemballages\"],\"address\":{\"@type\":\"PostalAddress\",\"streetAddress\":\"ZI La Lechere\",\"addressLocality\":\"Patornay\",\"postalCode\":\"39130\",\"addressCountry\":\"FR\"},\"contactPoint\":[{\"@type\":\"ContactPoint\",\"contactType\":\"Service client\",\"telephone\":\"0384254272\",\"email\":\"contact@csj-emballages.com\"}]}]}<\/script>\n<!-- \/ Yoast SEO Premium plugin. -->","yoast_head_json":{"title":"Tampa de alum\u00ednio para pratos Gastronome, 50","description":"Tampa gastron\u00f3mica de alum\u00ednio, embalagem de 50 unidades, ideal para proteger, guardar e transportar os seus pratos com toda a seguran\u00e7a.","robots":{"index":"index","follow":"follow","max-snippet":"max-snippet:-1","max-image-preview":"max-image-preview:large","max-video-preview":"max-video-preview:-1"},"canonical":"https:\/\/www.csj-emballages.com\/pt-pt\/produit\/50-tampas-planas-de-aluminio-para-gastronomia-pg6800-pg8850-pg11450\/","og_locale":"pt_PT","og_type":"article","og_title":"Tampa plana de alum\u00ednio para gastr\u00f3nomo PG6800 \/ PG8850 \/ PG11450 50 unid.","og_description":"Tampa gastron\u00f3mica de alum\u00ednio, embalagem de 50 unidades, ideal para proteger, guardar e transportar os seus pratos com toda a seguran\u00e7a.","og_url":"https:\/\/www.csj-emballages.com\/pt-pt\/produit\/50-tampas-planas-de-aluminio-para-gastronomia-pg6800-pg8850-pg11450\/","og_site_name":"CSJ Emballages","article_publisher":"https:\/\/www.facebook.com\/csjemballages","article_modified_time":"2026-03-31T00:15:32+00:00","og_image":[{"width":800,"height":800,"url":"https:\/\/www.csj-emballages.com\/wp-content\/uploads\/2024\/03\/OP-1_1-PG-1.webp","type":"image\/webp"}],"twitter_card":"summary_large_image","twitter_misc":{"Tempo estimado de leitura":"1 minuto"},"schema":{"@context":"https:\/\/schema.org","@graph":[{"@type":"WebPage","@id":"https:\/\/www.csj-emballages.com\/pt-pt\/produit\/50-tampas-planas-de-aluminio-para-gastronomia-pg6800-pg8850-pg11450\/","url":"https:\/\/www.csj-emballages.com\/pt-pt\/produit\/50-tampas-planas-de-aluminio-para-gastronomia-pg6800-pg8850-pg11450\/","name":"Tampa de alum\u00ednio para pratos Gastronome, 50","isPartOf":{"@id":"https:\/\/www.csj-emballages.com\/pt-pt\/#website"},"primaryImageOfPage":{"@id":"https:\/\/www.csj-emballages.com\/pt-pt\/produit\/50-tampas-planas-de-aluminio-para-gastronomia-pg6800-pg8850-pg11450\/#primaryimage"},"image":{"@id":"https:\/\/www.csj-emballages.com\/pt-pt\/produit\/50-tampas-planas-de-aluminio-para-gastronomia-pg6800-pg8850-pg11450\/#primaryimage"},"thumbnailUrl":"https:\/\/www.csj-emballages.com\/wp-content\/uploads\/2024\/03\/OP-1_1-PG-1.webp","datePublished":"2024-03-01T15:51:36+00:00","dateModified":"2026-03-31T00:15:32+00:00","description":"Tampa gastron\u00f3mica de alum\u00ednio, embalagem de 50 unidades, ideal para proteger, guardar e transportar os seus pratos com toda a seguran\u00e7a.","breadcrumb":{"@id":"https:\/\/www.csj-emballages.com\/pt-pt\/produit\/50-tampas-planas-de-aluminio-para-gastronomia-pg6800-pg8850-pg11450\/#breadcrumb"},"inLanguage":"pt-PT","potentialAction":[{"@type":"ReadAction","target":["https:\/\/www.csj-emballages.com\/pt-pt\/produit\/50-tampas-planas-de-aluminio-para-gastronomia-pg6800-pg8850-pg11450\/"]}]},{"@type":"ImageObject","inLanguage":"pt-PT","@id":"https:\/\/www.csj-emballages.com\/pt-pt\/produit\/50-tampas-planas-de-aluminio-para-gastronomia-pg6800-pg8850-pg11450\/#primaryimage","url":"https:\/\/www.csj-emballages.com\/wp-content\/uploads\/2024\/03\/OP-1_1-PG-1.webp","contentUrl":"https:\/\/www.csj-emballages.com\/wp-content\/uploads\/2024\/03\/OP-1_1-PG-1.webp","width":800,"height":800,"caption":"Couvercle plat gastronome"},{"@type":"BreadcrumbList","@id":"https:\/\/www.csj-emballages.com\/pt-pt\/produit\/50-tampas-planas-de-aluminio-para-gastronomia-pg6800-pg8850-pg11450\/#breadcrumb","itemListElement":[{"@type":"ListItem","position":1,"name":"Acolhimento","item":"https:\/\/www.csj-emballages.com\/pt-pt\/universo-das-embalagens-alimentares\/"},{"@type":"ListItem","position":2,"name":"Shop","item":"https:\/\/www.csj-emballages.com\/shop\/"},{"@type":"ListItem","position":3,"name":"Tampa plana de alum\u00ednio para gastr\u00f3nomo PG6800 \/ PG8850 \/ PG11450 50 unid."}]},{"@type":"WebSite","@id":"https:\/\/www.csj-emballages.com\/pt-pt\/#website","url":"https:\/\/www.csj-emballages.com\/pt-pt\/","name":"CSJ Emballages","description":"","publisher":{"@id":"https:\/\/www.csj-emballages.com\/pt-pt\/#organization"},"potentialAction":[{"@type":"SearchAction","target":{"@type":"EntryPoint","urlTemplate":"https:\/\/www.csj-emballages.com\/pt-pt\/?s={search_term_string}"},"query-input":{"@type":"PropertyValueSpecification","valueRequired":true,"valueName":"search_term_string"}}],"inLanguage":"pt-PT"},{"@type":"Organization","@id":"https:\/\/www.csj-emballages.com\/pt-pt\/#Organization\/","name":"CSJ Emballages","url":"https:\/\/www.csj-emballages.com\/pt-pt\/","logo":{"@type":"ImageObject","inLanguage":"pt-PT","@id":"https:\/\/www.csj-emballages.com\/pt-pt\/#\/schema\/logo\/image\/","url":"https:\/\/www.csj-emballages.com\/wp-content\/uploads\/2023\/10\/logo_csj.webp","contentUrl":"https:\/\/www.csj-emballages.com\/wp-content\/uploads\/2023\/10\/logo_csj.webp","width":250,"height":95,"caption":"CSJ Emballages"},"image":{"@id":"https:\/\/www.csj-emballages.com\/pt-pt\/#\/schema\/logo\/image\/"},"sameAs":["https:\/\/www.facebook.com\/csjemballages"],"address":{"@type":"PostalAddress","streetAddress":"ZI La Lechere","addressLocality":"Patornay","postalCode":"39130","addressCountry":"FR"},"contactPoint":[{"@type":"ContactPoint","contactType":"Service client","telephone":"0384254272","email":"contact@csj-emballages.com"}]}]}},"df_price":58.08,"df_sale_price":"","df_regular_price":58.08,"df_image_link":"https:\/\/www.csj-emballages.com\/wp-content\/uploads\/2024\/03\/OP-1_1-PG-1-300x300.webp","tiered_pricing_type":"fixed","tiered_pricing_fixed_rules":[],"tiered_pricing_percentage_rules":[],"tiered_pricing_minimum":1,"tiered_pricing_roles_data":[],"_links":{"self":[{"href":"https:\/\/www.csj-emballages.com\/pt-pt\/wp-json\/wp\/v2\/product\/22202","targetHints":{"allow":["GET"]}}],"collection":[{"href":"https:\/\/www.csj-emballages.com\/pt-pt\/wp-json\/wp\/v2\/product"}],"about":[{"href":"https:\/\/www.csj-emballages.com\/pt-pt\/wp-json\/wp\/v2\/types\/product"}],"wp:featuredmedia":[{"embeddable":true,"href":"https:\/\/www.csj-emballages.com\/pt-pt\/wp-json\/wp\/v2\/media\/228969"}],"wp:attachment":[{"href":"https:\/\/www.csj-emballages.com\/pt-pt\/wp-json\/wp\/v2\/media?parent=22202"}],"wp:term":[{"taxonomy":"product_brand","embeddable":true,"href":"https:\/\/www.csj-emballages.com\/pt-pt\/wp-json\/wp\/v2\/product_brand?post=22202"},{"taxonomy":"product_cat","embeddable":true,"href":"https:\/\/www.csj-emballages.com\/pt-pt\/wp-json\/wp\/v2\/product_cat?post=22202"},{"taxonomy":"product_tag","embeddable":true,"href":"https:\/\/www.csj-emballages.com\/pt-pt\/wp-json\/wp\/v2\/product_tag?post=22202"}],"curies":[{"name":"wp","href":"https:\/\/api.w.org\/{rel}","templated":true}]}}