{"id":22199,"date":"2024-03-01T16:51:37","date_gmt":"2024-03-01T15:51:37","guid":{"rendered":"https:\/\/u15jnbdpoq.preview.infomaniak.website\/produit\/toalha-de-mesa-de-papel-damasco-branco-em-rolo-120-x-25-m\/"},"modified":"2026-05-07T16:01:20","modified_gmt":"2026-05-07T14:01:20","slug":"toalha-de-mesa-de-papel-damasco-branco-em-rolo-120-x-25-m","status":"publish","type":"product","link":"https:\/\/www.csj-emballages.com\/pt-pt\/produit\/toalha-de-mesa-de-papel-damasco-branco-em-rolo-120-x-25-m\/","title":{"rendered":"Toalha de mesa de papel damasco branco em rolo 1,20 x 25 m"},"content":{"rendered":"<h2>Toalha de mesa de papel<\/h2>\n<hr>\n<h3>Descri\u00e7\u00e3o da nossa toalha de mesa de papel damasco branco em rolo 1,20 x 25 m<\/h3>\n<p><!--more--><\/p>\n<p>A <strong>toalha de mesa de papel<\/strong> <strong>damasco branco em rolo de 1,20 x 25 m<\/strong> \u00e9 a solu\u00e7\u00e3o ideal para quem procura simultaneamente praticidade e est\u00e9tica. Concebida para dar \u00e0s suas mesas um aspeto limpo e elegante, esta <strong>toalha de mesa damasco<\/strong> combina uma textura agrad\u00e1vel com a facilidade de utiliza\u00e7\u00e3o. \u00c9 particularmente popular para recep\u00e7\u00f5es, refei\u00e7\u00f5es em fam\u00edlia e outros eventos. Al\u00e9m disso, gra\u00e7as ao seu formato em rolo, adapta-se facilmente a mesas de diferentes tamanhos.   <\/p>\n<p>A <strong>toalha de mesa branca<\/strong> \u00e9 uma escolha intemporal que combina perfeitamente com muitos tipos de decora\u00e7\u00e3o. O seu design s\u00f3brio e elegante real\u00e7a a lou\u00e7a, proporcionando um ambiente de refei\u00e7\u00e3o limpo. Pode ser utilizada para refei\u00e7\u00f5es informais ou eventos mais sofisticados. F\u00e1cil de cortar, cria a cobertura perfeita para o tamanho da mesa. \u00c9 um produto simples que facilita a prepara\u00e7\u00e3o das refei\u00e7\u00f5es, dando-lhe um toque de classe.    <\/p>\n<p>&nbsp;<\/p>\n<p><!--more--><\/p>\n<h4><strong>Uma solu\u00e7\u00e3o pr\u00e1tica para todos os tipos de eventos<\/strong><\/h4>\n<p>Uma das principais vantagens desta <strong>toalha de mesa de papel<\/strong> \u00e9 a sua facilidade de utiliza\u00e7\u00e3o. Est\u00e1 pronta a ser utilizada assim que a desenrola, poupando-lhe tempo na prepara\u00e7\u00e3o dos seus eventos. Uma vez colocada, a <strong>toalha de mesa damascena<\/strong> d\u00e1 imediatamente um aspeto requintado \u00e0 mesa, ao mesmo tempo que \u00e9 muito f\u00e1cil de manter. No final do evento, basta deit\u00e1-la fora. Isto elimina a necessidade de limpeza, o que \u00e9 uma vantagem consider\u00e1vel para aqueles que querem simplificar a organiza\u00e7\u00e3o das suas refei\u00e7\u00f5es.    <\/p>\n<p>A sua textura <strong>de damasco<\/strong> tamb\u00e9m acrescenta uma dimens\u00e3o visual agrad\u00e1vel. A <strong>toalha de mesa branca<\/strong> tem um padr\u00e3o subtil, que lhe confere um ligeiro relevo e um toque de eleg\u00e2ncia. Ao contr\u00e1rio das toalhas de mesa comuns, tem um aspeto requintado mas funcional. Este produto \u00e9 t\u00e3o adequado para jantares em casa como para recep\u00e7\u00f5es maiores, como casamentos, anivers\u00e1rios ou festas de neg\u00f3cios.   <\/p>\n<p>Al\u00e9m disso, o <strong>rolo de 25 metros<\/strong> permite-lhe cobrir uma grande \u00e1rea. Pode ser utilizado para v\u00e1rios eventos ou para uma mesa grande. O formato em rolo garante tamb\u00e9m uma arruma\u00e7\u00e3o pr\u00e1tica, evitando desperd\u00edcios. Pode cortar a quantidade necess\u00e1ria para cada evento, tornando-o econ\u00f3mico.   <\/p>\n<p>&nbsp;<\/p>\n<p><!--more--><\/p>\n<h4><strong>Uma toalha de mesa f\u00e1cil de utilizar e manter<\/strong><\/h4>\n<p>Esta <strong>toalha de mesa de papel<\/strong> \u00e9 muito f\u00e1cil de utilizar. N\u00e3o requer qualquer prepara\u00e7\u00e3o especial. Basta desenrol\u00e1-la e coloc\u00e1-la sobre a mesa. Gra\u00e7as \u00e0 sua textura agrad\u00e1vel e \u00e0s suas dimens\u00f5es generosas, cobre a superf\u00edcie da mesa sem esfor\u00e7o. No que respeita \u00e0 manuten\u00e7\u00e3o, n\u00e3o podia ser mais simples. Ao contr\u00e1rio das toalhas de mesa em tecido, n\u00e3o \u00e9 necess\u00e1rio lavar esta <strong>toalha de mesa branca<\/strong>. Uma vez terminado o evento, basta deit\u00e1-la fora. Isto permite-lhe poupar tempo e o stress da limpeza das toalhas de mesa tradicionais. Este produto \u00e9 a op\u00e7\u00e3o ideal para quem procura uma solu\u00e7\u00e3o pr\u00e1tica e elegante.        <\/p>\n<p>Em suma, a <strong>toalha de mesa de papel<\/strong> <strong>damasco branco em rolo de 1,20 x 25 m<\/strong> \u00e9 uma solu\u00e7\u00e3o simples, pr\u00e1tica e econ\u00f3mica para decorar as suas mesas em eventos. Combina est\u00e9tica e facilidade de utiliza\u00e7\u00e3o, com a vantagem de n\u00e3o necessitar de manuten\u00e7\u00e3o ap\u00f3s o evento. <\/p>\n<p>&nbsp;<\/p>\n<p><!--more--><\/p>\n<h4><strong>Vantagens:<\/strong><\/h4>\n<ul>\n<li><strong>Pr\u00e1tico<\/strong>: f\u00e1cil de desenrolar e instalar, adapta-se a todos os tamanhos de mesa.<\/li>\n<li><strong>Poupa tempo<\/strong>: n\u00e3o \u00e9 necess\u00e1rio lavar ou passar a ferro, basta deit\u00e1-lo fora quando o evento terminar.<\/li>\n<li><strong>Econ\u00f3mico<\/strong>: O formato de rolo de 25 metros permite-lhe utilizar a quantidade necess\u00e1ria sem desperd\u00edcio.<\/li>\n<li><strong>Design simples e elegante<\/strong>: O design em damasco confere um toque de requinte.<\/li>\n<\/ul>\n<p>&nbsp;<\/p>\n<p><!--more--><\/p>\n<h4>Outras informa\u00e7\u00f5es :<\/h4>\n<ul>\n<li><strong>Embalagem<\/strong>: Por unidade<\/li>\n<li><strong>Dimens\u00f5es<\/strong>: 1,20 x 25 m (L x C)<\/li>\n<li><strong>Cor<\/strong>: Branco<\/li>\n<li><strong>Material<\/strong>: Papel<\/li>\n<li><strong>Categoria<\/strong>: Damask<\/li>\n<li><strong>Utiliza\u00e7\u00e3o<\/strong>: Descart\u00e1vel<\/li>\n<\/ul>\n<p>&nbsp;<\/p>\n<p><!--more--><\/p>\n<p><span style=\"color: #d12727;\"><span style=\"color: #000000;\">Produto dispon\u00edvel em v\u00e1rias cores: <a style=\"color: #d12727;\" href=\"https:\/\/www.csj-emballages.com\/pt-pt\/produit\/toalha-de-mesa-de-papel-damasco-chocolate-em-rolo-118-x-25-m\/\">Chocolate<\/a> \/ <a style=\"color: #d12727;\" href=\"https:\/\/www.csj-emballages.com\/pt-pt\/produit\/toalha-de-mesa-de-papel-damasco-rosa-pastel-em-rolo-120-x-25-m\/\">Rosa pastel<\/a> \/ <a style=\"color: #d12727;\" href=\"https:\/\/www.csj-emballages.com\/pt-pt\/produit\/toalha-de-mesa-de-papel-damasco-preto-em-rolo-120-x-25-m\/\">Preto<\/a> \/ <a style=\"color: #d12727;\" href=\"https:\/\/www.csj-emballages.com\/pt-pt\/produit\/toalha-de-mesa-de-papel-damasco-vermelho-em-rolo-120-x-25-m\/\">Vermelho<\/a> \/ <a style=\"color: #d12727;\" href=\"https:\/\/www.csj-emballages.com\/pt-pt\/produit\/toalha-de-mesa-de-papel-damasco-azul-pastel-em-rolo-120-x-25-m\/\">Azul pastel<\/a> \/ <a style=\"color: #d12727;\" href=\"https:\/\/www.csj-emballages.com\/pt-pt\/produit\/toalha-de-mesa-em-papel-damasco-cinzento-em-rolo-120-x-25-m\/\">Cinzento<\/a> \/ <a style=\"color: #d12727;\" href=\"https:\/\/www.csj-emballages.com\/pt-pt\/produit\/toalha-de-mesa-de-papel-damasco-bordeaux-em-rolo-120-x-25-m\/\">Bordeaux<\/a> \/ <a style=\"color: #d12727;\" href=\"https:\/\/www.csj-emballages.com\/pt-pt\/produit\/toalha-de-mesa-de-papel-damasco-marfim-em-rolo-120-x-25-m\/\">Marfim<\/a> \/ <a style=\"color: #d12727;\" href=\"https:\/\/www.csj-emballages.com\/pt-pt\/produit\/toalha-de-mesa-de-papel-damasco-verde-abeto-em-rolo-120-x-25-m\/\">Verde abeto<\/a> \/ <a style=\"color: #d12727;\" href=\"https:\/\/www.csj-emballages.com\/pt-pt\/produit\/toalha-de-mesa-de-papel-damasco-papel-verde-anis-em-rolo-120-x-25-m\/\">Verde anis<\/a><\/span><\/span><\/p>\n<p>&nbsp;<\/p>\n<p><!--more--><\/p>\n<p><a href=\"https:\/\/www.csj-emballages.com\/pt-pt\/categorie-produit\/embalagem-de-alimentos\/restauracao\/guardanapos-jogos-americanos-toalhas-de-mesa\/toalhas-de-mesa\/toalhas-de-mesa-em-damasco\/\">Ver o resto da nossa gama de toalhas de mesa em damasco<\/a><\/p>\n","protected":false},"excerpt":{"rendered":"<p>Toalha de mesa de papel Descri\u00e7\u00e3o da nossa toalha de mesa de papel damasco branco em rolo 1,20 x 25 m<\/p>\n","protected":false},"featured_media":200412,"template":"","meta":{"_acf_changed":false},"product_brand":[],"product_cat":[1141,1138,1139,2903,2912],"product_tag":[],"class_list":{"0":"post-22199","1":"product","2":"type-product","3":"status-publish","4":"has-post-thumbnail","6":"product_cat-embalagem-de-alimentos","7":"product_cat-restauracao","8":"product_cat-guardanapos-jogos-americanos-toalhas-de-mesa","9":"product_cat-toalhas-de-mesa","10":"product_cat-toalhas-de-mesa-em-damasco","11":"product_shipping_class-nao-e-permitido-em-reles","13":"first","14":"instock","15":"taxable","16":"shipping-taxable","17":"purchasable","18":"product-type-simple"},"acf":[],"yoast_head":"<!-- This site is optimized with the Yoast SEO Premium plugin v26.6 (Yoast SEO v26.6) - https:\/\/yoast.com\/wordpress\/plugins\/seo\/ -->\n<title>Toalha de mesa de papel branco - 1,20 x 25 m<\/title>\n<meta name=\"description\" content=\"Toalha de mesa de papel damasco branco em rolo, com 1,20 x 25 m, pr\u00e1tica, elegante e f\u00e1cil de utilizar para os seus eventos.\" \/>\n<meta name=\"robots\" content=\"index, follow, max-snippet:-1, max-image-preview:large, max-video-preview:-1\" \/>\n<link rel=\"canonical\" href=\"https:\/\/www.csj-emballages.com\/pt-pt\/produit\/toalha-de-mesa-de-papel-damasco-branco-em-rolo-120-x-25-m\/\" \/>\n<meta property=\"og:locale\" content=\"pt_PT\" \/>\n<meta property=\"og:type\" content=\"article\" \/>\n<meta property=\"og:title\" content=\"Toalha de mesa de papel damasco branco em rolo 1,20 x 25 m\" \/>\n<meta property=\"og:description\" content=\"Toalha de mesa de papel damasco branco em rolo, com 1,20 x 25 m, pr\u00e1tica, elegante e f\u00e1cil de utilizar para os seus eventos.\" \/>\n<meta property=\"og:url\" content=\"https:\/\/www.csj-emballages.com\/pt-pt\/produit\/toalha-de-mesa-de-papel-damasco-branco-em-rolo-120-x-25-m\/\" \/>\n<meta property=\"og:site_name\" content=\"CSJ Emballages\" \/>\n<meta property=\"article:publisher\" content=\"https:\/\/www.facebook.com\/csjemballages\" \/>\n<meta property=\"article:modified_time\" content=\"2026-05-07T14:01:20+00:00\" \/>\n<meta property=\"og:image\" content=\"https:\/\/www.csj-emballages.com\/wp-content\/uploads\/2024\/03\/Nappe-damasse-blanche.webp\" \/>\n\t<meta property=\"og:image:width\" content=\"800\" \/>\n\t<meta property=\"og:image:height\" content=\"800\" \/>\n\t<meta property=\"og:image:type\" content=\"image\/webp\" \/>\n<meta name=\"twitter:card\" content=\"summary_large_image\" \/>\n<meta name=\"twitter:label1\" content=\"Tempo estimado de leitura\" \/>\n\t<meta name=\"twitter:data1\" content=\"4 minutos\" \/>\n<script type=\"application\/ld+json\" class=\"yoast-schema-graph\">{\"@context\":\"https:\/\/schema.org\",\"@graph\":[{\"@type\":\"WebPage\",\"@id\":\"https:\/\/www.csj-emballages.com\/pt-pt\/produit\/toalha-de-mesa-de-papel-damasco-branco-em-rolo-120-x-25-m\/\",\"url\":\"https:\/\/www.csj-emballages.com\/pt-pt\/produit\/toalha-de-mesa-de-papel-damasco-branco-em-rolo-120-x-25-m\/\",\"name\":\"Toalha de mesa de papel branco - 1,20 x 25 m\",\"isPartOf\":{\"@id\":\"https:\/\/www.csj-emballages.com\/pt-pt\/#website\"},\"primaryImageOfPage\":{\"@id\":\"https:\/\/www.csj-emballages.com\/pt-pt\/produit\/toalha-de-mesa-de-papel-damasco-branco-em-rolo-120-x-25-m\/#primaryimage\"},\"image\":{\"@id\":\"https:\/\/www.csj-emballages.com\/pt-pt\/produit\/toalha-de-mesa-de-papel-damasco-branco-em-rolo-120-x-25-m\/#primaryimage\"},\"thumbnailUrl\":\"https:\/\/www.csj-emballages.com\/wp-content\/uploads\/2024\/03\/Nappe-damasse-blanche.webp\",\"datePublished\":\"2024-03-01T15:51:37+00:00\",\"dateModified\":\"2026-05-07T14:01:20+00:00\",\"description\":\"Toalha de mesa de papel damasco branco em rolo, com 1,20 x 25 m, pr\u00e1tica, elegante e f\u00e1cil de utilizar para os seus eventos.\",\"breadcrumb\":{\"@id\":\"https:\/\/www.csj-emballages.com\/pt-pt\/produit\/toalha-de-mesa-de-papel-damasco-branco-em-rolo-120-x-25-m\/#breadcrumb\"},\"inLanguage\":\"pt-PT\",\"potentialAction\":[{\"@type\":\"ReadAction\",\"target\":[\"https:\/\/www.csj-emballages.com\/pt-pt\/produit\/toalha-de-mesa-de-papel-damasco-branco-em-rolo-120-x-25-m\/\"]}]},{\"@type\":\"ImageObject\",\"inLanguage\":\"pt-PT\",\"@id\":\"https:\/\/www.csj-emballages.com\/pt-pt\/produit\/toalha-de-mesa-de-papel-damasco-branco-em-rolo-120-x-25-m\/#primaryimage\",\"url\":\"https:\/\/www.csj-emballages.com\/wp-content\/uploads\/2024\/03\/Nappe-damasse-blanche.webp\",\"contentUrl\":\"https:\/\/www.csj-emballages.com\/wp-content\/uploads\/2024\/03\/Nappe-damasse-blanche.webp\",\"width\":800,\"height\":800,\"caption\":\"Nappe damass\u00e9\"},{\"@type\":\"BreadcrumbList\",\"@id\":\"https:\/\/www.csj-emballages.com\/pt-pt\/produit\/toalha-de-mesa-de-papel-damasco-branco-em-rolo-120-x-25-m\/#breadcrumb\",\"itemListElement\":[{\"@type\":\"ListItem\",\"position\":1,\"name\":\"Acolhimento\",\"item\":\"https:\/\/www.csj-emballages.com\/pt-pt\/universo-das-embalagens-alimentares\/\"},{\"@type\":\"ListItem\",\"position\":2,\"name\":\"Shop\",\"item\":\"https:\/\/www.csj-emballages.com\/shop\/\"},{\"@type\":\"ListItem\",\"position\":3,\"name\":\"Toalha de mesa de papel damasco branco em rolo 1,20 x 25 m\"}]},{\"@type\":\"WebSite\",\"@id\":\"https:\/\/www.csj-emballages.com\/pt-pt\/#website\",\"url\":\"https:\/\/www.csj-emballages.com\/pt-pt\/\",\"name\":\"CSJ Emballages\",\"description\":\"\",\"publisher\":{\"@id\":\"https:\/\/www.csj-emballages.com\/pt-pt\/#organization\"},\"potentialAction\":[{\"@type\":\"SearchAction\",\"target\":{\"@type\":\"EntryPoint\",\"urlTemplate\":\"https:\/\/www.csj-emballages.com\/pt-pt\/?s={search_term_string}\"},\"query-input\":{\"@type\":\"PropertyValueSpecification\",\"valueRequired\":true,\"valueName\":\"search_term_string\"}}],\"inLanguage\":\"pt-PT\"},{\"@type\":\"Organization\",\"@id\":\"https:\/\/www.csj-emballages.com\/pt-pt\/#Organization\/\",\"name\":\"CSJ Emballages\",\"url\":\"https:\/\/www.csj-emballages.com\/pt-pt\/\",\"logo\":{\"@type\":\"ImageObject\",\"inLanguage\":\"pt-PT\",\"@id\":\"https:\/\/www.csj-emballages.com\/pt-pt\/#\/schema\/logo\/image\/\",\"url\":\"https:\/\/www.csj-emballages.com\/wp-content\/uploads\/2023\/10\/logo_csj.webp\",\"contentUrl\":\"https:\/\/www.csj-emballages.com\/wp-content\/uploads\/2023\/10\/logo_csj.webp\",\"width\":250,\"height\":95,\"caption\":\"CSJ Emballages\"},\"image\":{\"@id\":\"https:\/\/www.csj-emballages.com\/pt-pt\/#\/schema\/logo\/image\/\"},\"sameAs\":[\"https:\/\/www.facebook.com\/csjemballages\"],\"address\":{\"@type\":\"PostalAddress\",\"streetAddress\":\"ZI La Lechere\",\"addressLocality\":\"Patornay\",\"postalCode\":\"39130\",\"addressCountry\":\"FR\"},\"contactPoint\":[{\"@type\":\"ContactPoint\",\"contactType\":\"Service client\",\"telephone\":\"0384254272\",\"email\":\"contact@csj-emballages.com\"}]}]}<\/script>\n<!-- \/ Yoast SEO Premium plugin. -->","yoast_head_json":{"title":"Toalha de mesa de papel branco - 1,20 x 25 m","description":"Toalha de mesa de papel damasco branco em rolo, com 1,20 x 25 m, pr\u00e1tica, elegante e f\u00e1cil de utilizar para os seus eventos.","robots":{"index":"index","follow":"follow","max-snippet":"max-snippet:-1","max-image-preview":"max-image-preview:large","max-video-preview":"max-video-preview:-1"},"canonical":"https:\/\/www.csj-emballages.com\/pt-pt\/produit\/toalha-de-mesa-de-papel-damasco-branco-em-rolo-120-x-25-m\/","og_locale":"pt_PT","og_type":"article","og_title":"Toalha de mesa de papel damasco branco em rolo 1,20 x 25 m","og_description":"Toalha de mesa de papel damasco branco em rolo, com 1,20 x 25 m, pr\u00e1tica, elegante e f\u00e1cil de utilizar para os seus eventos.","og_url":"https:\/\/www.csj-emballages.com\/pt-pt\/produit\/toalha-de-mesa-de-papel-damasco-branco-em-rolo-120-x-25-m\/","og_site_name":"CSJ Emballages","article_publisher":"https:\/\/www.facebook.com\/csjemballages","article_modified_time":"2026-05-07T14:01:20+00:00","og_image":[{"width":800,"height":800,"url":"https:\/\/www.csj-emballages.com\/wp-content\/uploads\/2024\/03\/Nappe-damasse-blanche.webp","type":"image\/webp"}],"twitter_card":"summary_large_image","twitter_misc":{"Tempo estimado de leitura":"4 minutos"},"schema":{"@context":"https:\/\/schema.org","@graph":[{"@type":"WebPage","@id":"https:\/\/www.csj-emballages.com\/pt-pt\/produit\/toalha-de-mesa-de-papel-damasco-branco-em-rolo-120-x-25-m\/","url":"https:\/\/www.csj-emballages.com\/pt-pt\/produit\/toalha-de-mesa-de-papel-damasco-branco-em-rolo-120-x-25-m\/","name":"Toalha de mesa de papel branco - 1,20 x 25 m","isPartOf":{"@id":"https:\/\/www.csj-emballages.com\/pt-pt\/#website"},"primaryImageOfPage":{"@id":"https:\/\/www.csj-emballages.com\/pt-pt\/produit\/toalha-de-mesa-de-papel-damasco-branco-em-rolo-120-x-25-m\/#primaryimage"},"image":{"@id":"https:\/\/www.csj-emballages.com\/pt-pt\/produit\/toalha-de-mesa-de-papel-damasco-branco-em-rolo-120-x-25-m\/#primaryimage"},"thumbnailUrl":"https:\/\/www.csj-emballages.com\/wp-content\/uploads\/2024\/03\/Nappe-damasse-blanche.webp","datePublished":"2024-03-01T15:51:37+00:00","dateModified":"2026-05-07T14:01:20+00:00","description":"Toalha de mesa de papel damasco branco em rolo, com 1,20 x 25 m, pr\u00e1tica, elegante e f\u00e1cil de utilizar para os seus eventos.","breadcrumb":{"@id":"https:\/\/www.csj-emballages.com\/pt-pt\/produit\/toalha-de-mesa-de-papel-damasco-branco-em-rolo-120-x-25-m\/#breadcrumb"},"inLanguage":"pt-PT","potentialAction":[{"@type":"ReadAction","target":["https:\/\/www.csj-emballages.com\/pt-pt\/produit\/toalha-de-mesa-de-papel-damasco-branco-em-rolo-120-x-25-m\/"]}]},{"@type":"ImageObject","inLanguage":"pt-PT","@id":"https:\/\/www.csj-emballages.com\/pt-pt\/produit\/toalha-de-mesa-de-papel-damasco-branco-em-rolo-120-x-25-m\/#primaryimage","url":"https:\/\/www.csj-emballages.com\/wp-content\/uploads\/2024\/03\/Nappe-damasse-blanche.webp","contentUrl":"https:\/\/www.csj-emballages.com\/wp-content\/uploads\/2024\/03\/Nappe-damasse-blanche.webp","width":800,"height":800,"caption":"Nappe damass\u00e9"},{"@type":"BreadcrumbList","@id":"https:\/\/www.csj-emballages.com\/pt-pt\/produit\/toalha-de-mesa-de-papel-damasco-branco-em-rolo-120-x-25-m\/#breadcrumb","itemListElement":[{"@type":"ListItem","position":1,"name":"Acolhimento","item":"https:\/\/www.csj-emballages.com\/pt-pt\/universo-das-embalagens-alimentares\/"},{"@type":"ListItem","position":2,"name":"Shop","item":"https:\/\/www.csj-emballages.com\/shop\/"},{"@type":"ListItem","position":3,"name":"Toalha de mesa de papel damasco branco em rolo 1,20 x 25 m"}]},{"@type":"WebSite","@id":"https:\/\/www.csj-emballages.com\/pt-pt\/#website","url":"https:\/\/www.csj-emballages.com\/pt-pt\/","name":"CSJ Emballages","description":"","publisher":{"@id":"https:\/\/www.csj-emballages.com\/pt-pt\/#organization"},"potentialAction":[{"@type":"SearchAction","target":{"@type":"EntryPoint","urlTemplate":"https:\/\/www.csj-emballages.com\/pt-pt\/?s={search_term_string}"},"query-input":{"@type":"PropertyValueSpecification","valueRequired":true,"valueName":"search_term_string"}}],"inLanguage":"pt-PT"},{"@type":"Organization","@id":"https:\/\/www.csj-emballages.com\/pt-pt\/#Organization\/","name":"CSJ Emballages","url":"https:\/\/www.csj-emballages.com\/pt-pt\/","logo":{"@type":"ImageObject","inLanguage":"pt-PT","@id":"https:\/\/www.csj-emballages.com\/pt-pt\/#\/schema\/logo\/image\/","url":"https:\/\/www.csj-emballages.com\/wp-content\/uploads\/2023\/10\/logo_csj.webp","contentUrl":"https:\/\/www.csj-emballages.com\/wp-content\/uploads\/2023\/10\/logo_csj.webp","width":250,"height":95,"caption":"CSJ Emballages"},"image":{"@id":"https:\/\/www.csj-emballages.com\/pt-pt\/#\/schema\/logo\/image\/"},"sameAs":["https:\/\/www.facebook.com\/csjemballages"],"address":{"@type":"PostalAddress","streetAddress":"ZI La Lechere","addressLocality":"Patornay","postalCode":"39130","addressCountry":"FR"},"contactPoint":[{"@type":"ContactPoint","contactType":"Service client","telephone":"0384254272","email":"contact@csj-emballages.com"}]}]}},"df_price":8.44,"df_sale_price":"","df_regular_price":8.44,"df_image_link":"https:\/\/www.csj-emballages.com\/wp-content\/uploads\/2024\/03\/Nappe-damasse-blanche-300x300.webp","tiered_pricing_type":"fixed","tiered_pricing_fixed_rules":[],"tiered_pricing_percentage_rules":[],"tiered_pricing_minimum":1,"tiered_pricing_roles_data":[],"_links":{"self":[{"href":"https:\/\/www.csj-emballages.com\/pt-pt\/wp-json\/wp\/v2\/product\/22199","targetHints":{"allow":["GET"]}}],"collection":[{"href":"https:\/\/www.csj-emballages.com\/pt-pt\/wp-json\/wp\/v2\/product"}],"about":[{"href":"https:\/\/www.csj-emballages.com\/pt-pt\/wp-json\/wp\/v2\/types\/product"}],"wp:featuredmedia":[{"embeddable":true,"href":"https:\/\/www.csj-emballages.com\/pt-pt\/wp-json\/wp\/v2\/media\/200412"}],"wp:attachment":[{"href":"https:\/\/www.csj-emballages.com\/pt-pt\/wp-json\/wp\/v2\/media?parent=22199"}],"wp:term":[{"taxonomy":"product_brand","embeddable":true,"href":"https:\/\/www.csj-emballages.com\/pt-pt\/wp-json\/wp\/v2\/product_brand?post=22199"},{"taxonomy":"product_cat","embeddable":true,"href":"https:\/\/www.csj-emballages.com\/pt-pt\/wp-json\/wp\/v2\/product_cat?post=22199"},{"taxonomy":"product_tag","embeddable":true,"href":"https:\/\/www.csj-emballages.com\/pt-pt\/wp-json\/wp\/v2\/product_tag?post=22199"}],"curies":[{"name":"wp","href":"https:\/\/api.w.org\/{rel}","templated":true}]}}