{"id":22102,"date":"2024-03-01T16:51:43","date_gmt":"2024-03-01T15:51:43","guid":{"rendered":"https:\/\/u15jnbdpoq.preview.infomaniak.website\/produit\/100-lencos-de-papel-brancos-em-caixa-de-2-folhas-com-rotulo-ecologico\/"},"modified":"2026-04-24T02:14:50","modified_gmt":"2026-04-24T00:14:50","slug":"100-lencos-de-papel-brancos-em-caixa-de-2-folhas-com-rotulo-ecologico","status":"publish","type":"product","link":"https:\/\/www.csj-emballages.com\/pt-pt\/produit\/100-lencos-de-papel-brancos-em-caixa-de-2-folhas-com-rotulo-ecologico\/","title":{"rendered":"Caixa de len\u00e7os de papel branca de 2 folhas com r\u00f3tulo ecol\u00f3gico por 100"},"content":{"rendered":"<h2>Caixa de len\u00e7os de papel<\/h2>\n<hr>\n<h3>Descri\u00e7\u00e3o da nossa caixa de len\u00e7os de papel branca de 2 folhas com r\u00f3tulo ecol\u00f3gico por 100<\/h3>\n<p><!--more--><\/p>\n<div class=\"flex max-w-full flex-col flex-grow\">\n<div class=\"min-h-8 text-message flex w-full flex-col items-end gap-2 whitespace-normal break-words text-start [.text-message+&amp;]:mt-5\" dir=\"auto\" data-message-author-role=\"assistant\" data-message-id=\"266ca6f3-5e07-4948-bd20-80ac5e6da4a5\" data-message-model-slug=\"gpt-4o\">\n<div class=\"flex w-full flex-col gap-1 empty:hidden first:pt-[3px]\">\n<div class=\"markdown prose w-full break-words dark:prose-invert dark\">\n<p data-start=\"274\" data-end=\"642\">A <strong data-start=\"277\" data-end=\"312\">caixa de len\u00e7os Wepa Prestige<\/strong> alia conforto, praticidade e qualidade superior, mantendo-se discreta e elegante. Com as suas <strong data-start=\"413\" data-end=\"423\">2 folhas<\/strong>, estes <strong>len\u00e7os cosm\u00e9ticos<\/strong> oferecem uma <strong>suavidade agrad\u00e1vel ao contacto com a pele<\/strong>, garantindo simultaneamente uma boa resist\u00eancia \u00e0 utiliza\u00e7\u00e3o. S\u00e3o perfeitos para ambientes onde o conforto \u00e9 t\u00e3o importante quanto a higiene.  <\/p>\n<p data-start=\"644\" data-end=\"997\">A <strong>caixa<\/strong>, com um design elegante, integra-se facilmente em todos os espa\u00e7os: <strong>escrit\u00f3rios, instala\u00e7\u00f5es sanit\u00e1rias, quartos de hotel, coletividades ou estabelecimentos de sa\u00fade<\/strong>. O seu sistema de <strong data-start=\"820\" data-end=\"861\">distribui\u00e7\u00e3o na frente e na parte de tr\u00e1s<\/strong> permite um acesso f\u00e1cil aos len\u00e7os, independentemente da posi\u00e7\u00e3o da caixa. \u00c9 um detalhe simples, mas muito pr\u00e1tico no dia a dia.  <\/p>\n<p data-start=\"999\" data-end=\"1312\">Outro ponto inteligente: a <strong data-start=\"1022\" data-end=\"1044\">fenda transparente<\/strong> integrada na <strong>caixa<\/strong>. Permite visualizar rapidamente o n\u00edvel de enchimento e antecipar a substitui\u00e7\u00e3o, sem ter de abrir a caixa ou esperar pela \u00faltima folha. Isto facilita a gest\u00e3o dos consum\u00edveis, especialmente em locais com muita frequ\u00eancia.  <\/p>\n<p data-start=\"1314\" data-end=\"1531\">Certificados com o <strong data-start=\"1324\" data-end=\"1336\">r\u00f3tulo ecol\u00f3gico<\/strong>, estes <strong>len\u00e7os<\/strong> tamb\u00e9m respondem a uma abordagem mais respons\u00e1vel, sem comprometer a qualidade. S\u00e3o adequados para uma utiliza\u00e7\u00e3o frequente, respeitando simultaneamente crit\u00e9rios ambientais reconhecidos. <\/p>\n<p data-start=\"1533\" data-end=\"1802\">Vendidos <strong data-start=\"1540\" data-end=\"1568\">em embalagens de 100 len\u00e7os<\/strong>, oferecem uma solu\u00e7\u00e3o pr\u00e1tica, fi\u00e1vel e confort\u00e1vel para a utiliza\u00e7\u00e3o di\u00e1ria. Em resumo, esta caixa de len\u00e7os combina eleg\u00e2ncia, funcionalidade e suavidade, para satisfazer as exig\u00eancias de profissionais e particulares. <\/p>\n<p data-start=\"1533\" data-end=\"1802\">\n<\/div>\n<\/div>\n<\/div>\n<\/div>\n<p><!--more--><\/p>\n<h4>Vantagens :<\/h4>\n<ul>\n<li data-start=\"1830\" data-end=\"1869\"><strong>Len\u00e7os de 2 folhas<\/strong>, suaves e resistentes.<\/li>\n<li data-start=\"1872\" data-end=\"1910\">Qualidade superior <strong>Wepa Prestige<\/strong>.<\/li>\n<li data-start=\"1913\" data-end=\"1965\">Distribui\u00e7\u00e3o na frente e na parte de tr\u00e1s da caixa.<\/li>\n<li data-start=\"1968\" data-end=\"2017\">Janela transparente para visualizar o n\u00edvel.<\/li>\n<li data-start=\"2020\" data-end=\"2045\"><strong>Certifica\u00e7\u00e3o R\u00f3tulo Ecol\u00f3gico<\/strong>.<\/li>\n<li data-start=\"2048\" data-end=\"2086\">Design branco discreto e profissional.<\/li>\n<\/ul>\n<p>&nbsp;<\/p>\n<p><!--more--><\/p>\n<h4>Outras informa\u00e7\u00f5es :<\/h4>\n<ul>\n<li><strong>N\u00famero de len\u00e7os de papel<\/strong>: 100<\/li>\n<li><strong>Material<\/strong>: Pasta de papel pura<\/li>\n<li><strong>Dimens\u00f5es<\/strong>: 21,0 x 20,5<\/li>\n<li><strong>N\u00famero de folhas<\/strong>: 2<\/li>\n<li><strong>Tipo<\/strong>: Waffle<\/li>\n<li><strong>R\u00f3tulo Ecol\u00f3gico<\/strong>: Sim<\/li>\n<li><strong>Cor<\/strong>: Branco<\/li>\n<\/ul>\n<p>&nbsp;<\/p>\n<p><!--more--><\/p>\n<p><a href=\"https:\/\/www.csj-emballages.com\/pt-pt\/categorie-produit\/higiene-e-manutencao\/limpar\/papel-higienico\/\">Consulte o resto da nossa gama de pap\u00e9is higi\u00e9nicos<\/a><\/p>\n","protected":false},"excerpt":{"rendered":"<p>Caixa de len\u00e7os de papel Descri\u00e7\u00e3o da nossa caixa de len\u00e7os de papel branca de 2 folhas com r\u00f3tulo ecol\u00f3gico por 100<\/p>\n","protected":false},"featured_media":263193,"template":"","meta":{"_acf_changed":false},"product_brand":[],"product_cat":[1222,1382,1383],"product_tag":[],"class_list":{"0":"post-22102","1":"product","2":"type-product","3":"status-publish","4":"has-post-thumbnail","6":"product_cat-higiene-e-manutencao","7":"product_cat-limpar","8":"product_cat-papel-higienico","10":"first","11":"instock","12":"taxable","13":"shipping-taxable","14":"purchasable","15":"product-type-simple"},"acf":[],"yoast_head":"<!-- This site is optimized with the Yoast SEO Premium plugin v26.6 (Yoast SEO v26.6) - https:\/\/yoast.com\/wordpress\/plugins\/seo\/ -->\n<title>Caixa de Len\u00e7os de Papel Branca de 2 folhas com R\u00f3tulo Ecol\u00f3gico por 100<\/title>\n<meta name=\"description\" content=\"Descubra a nossa caixa de len\u00e7os de papel de 2 folhas com R\u00f3tulo Ecol\u00f3gico por 100. Suaves, resistentes e amigos do ambiente, len\u00e7os de papel perfeitos para uso di\u00e1rio.\" \/>\n<meta name=\"robots\" content=\"index, follow, max-snippet:-1, max-image-preview:large, max-video-preview:-1\" \/>\n<link rel=\"canonical\" href=\"https:\/\/www.csj-emballages.com\/pt-pt\/produit\/100-lencos-de-papel-brancos-em-caixa-de-2-folhas-com-rotulo-ecologico\/\" \/>\n<meta property=\"og:locale\" content=\"pt_PT\" \/>\n<meta property=\"og:type\" content=\"article\" \/>\n<meta property=\"og:title\" content=\"Caixa de len\u00e7os de papel branca de 2 folhas com r\u00f3tulo ecol\u00f3gico por 100\" \/>\n<meta property=\"og:description\" content=\"Descubra a nossa caixa de len\u00e7os de papel de 2 folhas com R\u00f3tulo Ecol\u00f3gico por 100. Suaves, resistentes e amigos do ambiente, len\u00e7os de papel perfeitos para uso di\u00e1rio.\" \/>\n<meta property=\"og:url\" content=\"https:\/\/www.csj-emballages.com\/pt-pt\/produit\/100-lencos-de-papel-brancos-em-caixa-de-2-folhas-com-rotulo-ecologico\/\" \/>\n<meta property=\"og:site_name\" content=\"CSJ Emballages\" \/>\n<meta property=\"article:publisher\" content=\"https:\/\/www.facebook.com\/csjemballages\" \/>\n<meta property=\"article:modified_time\" content=\"2026-04-24T00:14:50+00:00\" \/>\n<meta property=\"og:image\" content=\"https:\/\/www.csj-emballages.com\/wp-content\/uploads\/2024\/03\/Boite-a-mouchoir.webp\" \/>\n\t<meta property=\"og:image:width\" content=\"800\" \/>\n\t<meta property=\"og:image:height\" content=\"800\" \/>\n\t<meta property=\"og:image:type\" content=\"image\/webp\" \/>\n<meta name=\"twitter:card\" content=\"summary_large_image\" \/>\n<meta name=\"twitter:label1\" content=\"Tempo estimado de leitura\" \/>\n\t<meta name=\"twitter:data1\" content=\"2 minutos\" \/>\n<script type=\"application\/ld+json\" class=\"yoast-schema-graph\">{\"@context\":\"https:\/\/schema.org\",\"@graph\":[{\"@type\":\"WebPage\",\"@id\":\"https:\/\/www.csj-emballages.com\/pt-pt\/produit\/100-lencos-de-papel-brancos-em-caixa-de-2-folhas-com-rotulo-ecologico\/\",\"url\":\"https:\/\/www.csj-emballages.com\/pt-pt\/produit\/100-lencos-de-papel-brancos-em-caixa-de-2-folhas-com-rotulo-ecologico\/\",\"name\":\"Caixa de Len\u00e7os de Papel Branca de 2 folhas com R\u00f3tulo Ecol\u00f3gico por 100\",\"isPartOf\":{\"@id\":\"https:\/\/www.csj-emballages.com\/pt-pt\/#website\"},\"primaryImageOfPage\":{\"@id\":\"https:\/\/www.csj-emballages.com\/pt-pt\/produit\/100-lencos-de-papel-brancos-em-caixa-de-2-folhas-com-rotulo-ecologico\/#primaryimage\"},\"image\":{\"@id\":\"https:\/\/www.csj-emballages.com\/pt-pt\/produit\/100-lencos-de-papel-brancos-em-caixa-de-2-folhas-com-rotulo-ecologico\/#primaryimage\"},\"thumbnailUrl\":\"https:\/\/www.csj-emballages.com\/wp-content\/uploads\/2024\/03\/Boite-a-mouchoir.webp\",\"datePublished\":\"2024-03-01T15:51:43+00:00\",\"dateModified\":\"2026-04-24T00:14:50+00:00\",\"description\":\"Descubra a nossa caixa de len\u00e7os de papel de 2 folhas com R\u00f3tulo Ecol\u00f3gico por 100. Suaves, resistentes e amigos do ambiente, len\u00e7os de papel perfeitos para uso di\u00e1rio.\",\"breadcrumb\":{\"@id\":\"https:\/\/www.csj-emballages.com\/pt-pt\/produit\/100-lencos-de-papel-brancos-em-caixa-de-2-folhas-com-rotulo-ecologico\/#breadcrumb\"},\"inLanguage\":\"pt-PT\",\"potentialAction\":[{\"@type\":\"ReadAction\",\"target\":[\"https:\/\/www.csj-emballages.com\/pt-pt\/produit\/100-lencos-de-papel-brancos-em-caixa-de-2-folhas-com-rotulo-ecologico\/\"]}]},{\"@type\":\"ImageObject\",\"inLanguage\":\"pt-PT\",\"@id\":\"https:\/\/www.csj-emballages.com\/pt-pt\/produit\/100-lencos-de-papel-brancos-em-caixa-de-2-folhas-com-rotulo-ecologico\/#primaryimage\",\"url\":\"https:\/\/www.csj-emballages.com\/wp-content\/uploads\/2024\/03\/Boite-a-mouchoir.webp\",\"contentUrl\":\"https:\/\/www.csj-emballages.com\/wp-content\/uploads\/2024\/03\/Boite-a-mouchoir.webp\",\"width\":800,\"height\":800,\"caption\":\"Boite \u00e0 mouchoir\"},{\"@type\":\"BreadcrumbList\",\"@id\":\"https:\/\/www.csj-emballages.com\/pt-pt\/produit\/100-lencos-de-papel-brancos-em-caixa-de-2-folhas-com-rotulo-ecologico\/#breadcrumb\",\"itemListElement\":[{\"@type\":\"ListItem\",\"position\":1,\"name\":\"Acolhimento\",\"item\":\"https:\/\/www.csj-emballages.com\/pt-pt\/universo-das-embalagens-alimentares\/\"},{\"@type\":\"ListItem\",\"position\":2,\"name\":\"Shop\",\"item\":\"https:\/\/www.csj-emballages.com\/shop\/\"},{\"@type\":\"ListItem\",\"position\":3,\"name\":\"Caixa de len\u00e7os de papel branca de 2 folhas com r\u00f3tulo ecol\u00f3gico por 100\"}]},{\"@type\":\"WebSite\",\"@id\":\"https:\/\/www.csj-emballages.com\/pt-pt\/#website\",\"url\":\"https:\/\/www.csj-emballages.com\/pt-pt\/\",\"name\":\"CSJ Emballages\",\"description\":\"\",\"publisher\":{\"@id\":\"https:\/\/www.csj-emballages.com\/pt-pt\/#organization\"},\"potentialAction\":[{\"@type\":\"SearchAction\",\"target\":{\"@type\":\"EntryPoint\",\"urlTemplate\":\"https:\/\/www.csj-emballages.com\/pt-pt\/?s={search_term_string}\"},\"query-input\":{\"@type\":\"PropertyValueSpecification\",\"valueRequired\":true,\"valueName\":\"search_term_string\"}}],\"inLanguage\":\"pt-PT\"},{\"@type\":\"Organization\",\"@id\":\"https:\/\/www.csj-emballages.com\/pt-pt\/#Organization\/\",\"name\":\"CSJ Emballages\",\"url\":\"https:\/\/www.csj-emballages.com\/pt-pt\/\",\"logo\":{\"@type\":\"ImageObject\",\"inLanguage\":\"pt-PT\",\"@id\":\"https:\/\/www.csj-emballages.com\/pt-pt\/#\/schema\/logo\/image\/\",\"url\":\"https:\/\/www.csj-emballages.com\/wp-content\/uploads\/2023\/10\/logo_csj.webp\",\"contentUrl\":\"https:\/\/www.csj-emballages.com\/wp-content\/uploads\/2023\/10\/logo_csj.webp\",\"width\":250,\"height\":95,\"caption\":\"CSJ Emballages\"},\"image\":{\"@id\":\"https:\/\/www.csj-emballages.com\/pt-pt\/#\/schema\/logo\/image\/\"},\"sameAs\":[\"https:\/\/www.facebook.com\/csjemballages\"],\"address\":{\"@type\":\"PostalAddress\",\"streetAddress\":\"ZI La Lechere\",\"addressLocality\":\"Patornay\",\"postalCode\":\"39130\",\"addressCountry\":\"FR\"},\"contactPoint\":[{\"@type\":\"ContactPoint\",\"contactType\":\"Service client\",\"telephone\":\"0384254272\",\"email\":\"contact@csj-emballages.com\"}]}]}<\/script>\n<!-- \/ Yoast SEO Premium plugin. -->","yoast_head_json":{"title":"Caixa de Len\u00e7os de Papel Branca de 2 folhas com R\u00f3tulo Ecol\u00f3gico por 100","description":"Descubra a nossa caixa de len\u00e7os de papel de 2 folhas com R\u00f3tulo Ecol\u00f3gico por 100. Suaves, resistentes e amigos do ambiente, len\u00e7os de papel perfeitos para uso di\u00e1rio.","robots":{"index":"index","follow":"follow","max-snippet":"max-snippet:-1","max-image-preview":"max-image-preview:large","max-video-preview":"max-video-preview:-1"},"canonical":"https:\/\/www.csj-emballages.com\/pt-pt\/produit\/100-lencos-de-papel-brancos-em-caixa-de-2-folhas-com-rotulo-ecologico\/","og_locale":"pt_PT","og_type":"article","og_title":"Caixa de len\u00e7os de papel branca de 2 folhas com r\u00f3tulo ecol\u00f3gico por 100","og_description":"Descubra a nossa caixa de len\u00e7os de papel de 2 folhas com R\u00f3tulo Ecol\u00f3gico por 100. Suaves, resistentes e amigos do ambiente, len\u00e7os de papel perfeitos para uso di\u00e1rio.","og_url":"https:\/\/www.csj-emballages.com\/pt-pt\/produit\/100-lencos-de-papel-brancos-em-caixa-de-2-folhas-com-rotulo-ecologico\/","og_site_name":"CSJ Emballages","article_publisher":"https:\/\/www.facebook.com\/csjemballages","article_modified_time":"2026-04-24T00:14:50+00:00","og_image":[{"width":800,"height":800,"url":"https:\/\/www.csj-emballages.com\/wp-content\/uploads\/2024\/03\/Boite-a-mouchoir.webp","type":"image\/webp"}],"twitter_card":"summary_large_image","twitter_misc":{"Tempo estimado de leitura":"2 minutos"},"schema":{"@context":"https:\/\/schema.org","@graph":[{"@type":"WebPage","@id":"https:\/\/www.csj-emballages.com\/pt-pt\/produit\/100-lencos-de-papel-brancos-em-caixa-de-2-folhas-com-rotulo-ecologico\/","url":"https:\/\/www.csj-emballages.com\/pt-pt\/produit\/100-lencos-de-papel-brancos-em-caixa-de-2-folhas-com-rotulo-ecologico\/","name":"Caixa de Len\u00e7os de Papel Branca de 2 folhas com R\u00f3tulo Ecol\u00f3gico por 100","isPartOf":{"@id":"https:\/\/www.csj-emballages.com\/pt-pt\/#website"},"primaryImageOfPage":{"@id":"https:\/\/www.csj-emballages.com\/pt-pt\/produit\/100-lencos-de-papel-brancos-em-caixa-de-2-folhas-com-rotulo-ecologico\/#primaryimage"},"image":{"@id":"https:\/\/www.csj-emballages.com\/pt-pt\/produit\/100-lencos-de-papel-brancos-em-caixa-de-2-folhas-com-rotulo-ecologico\/#primaryimage"},"thumbnailUrl":"https:\/\/www.csj-emballages.com\/wp-content\/uploads\/2024\/03\/Boite-a-mouchoir.webp","datePublished":"2024-03-01T15:51:43+00:00","dateModified":"2026-04-24T00:14:50+00:00","description":"Descubra a nossa caixa de len\u00e7os de papel de 2 folhas com R\u00f3tulo Ecol\u00f3gico por 100. Suaves, resistentes e amigos do ambiente, len\u00e7os de papel perfeitos para uso di\u00e1rio.","breadcrumb":{"@id":"https:\/\/www.csj-emballages.com\/pt-pt\/produit\/100-lencos-de-papel-brancos-em-caixa-de-2-folhas-com-rotulo-ecologico\/#breadcrumb"},"inLanguage":"pt-PT","potentialAction":[{"@type":"ReadAction","target":["https:\/\/www.csj-emballages.com\/pt-pt\/produit\/100-lencos-de-papel-brancos-em-caixa-de-2-folhas-com-rotulo-ecologico\/"]}]},{"@type":"ImageObject","inLanguage":"pt-PT","@id":"https:\/\/www.csj-emballages.com\/pt-pt\/produit\/100-lencos-de-papel-brancos-em-caixa-de-2-folhas-com-rotulo-ecologico\/#primaryimage","url":"https:\/\/www.csj-emballages.com\/wp-content\/uploads\/2024\/03\/Boite-a-mouchoir.webp","contentUrl":"https:\/\/www.csj-emballages.com\/wp-content\/uploads\/2024\/03\/Boite-a-mouchoir.webp","width":800,"height":800,"caption":"Boite \u00e0 mouchoir"},{"@type":"BreadcrumbList","@id":"https:\/\/www.csj-emballages.com\/pt-pt\/produit\/100-lencos-de-papel-brancos-em-caixa-de-2-folhas-com-rotulo-ecologico\/#breadcrumb","itemListElement":[{"@type":"ListItem","position":1,"name":"Acolhimento","item":"https:\/\/www.csj-emballages.com\/pt-pt\/universo-das-embalagens-alimentares\/"},{"@type":"ListItem","position":2,"name":"Shop","item":"https:\/\/www.csj-emballages.com\/shop\/"},{"@type":"ListItem","position":3,"name":"Caixa de len\u00e7os de papel branca de 2 folhas com r\u00f3tulo ecol\u00f3gico por 100"}]},{"@type":"WebSite","@id":"https:\/\/www.csj-emballages.com\/pt-pt\/#website","url":"https:\/\/www.csj-emballages.com\/pt-pt\/","name":"CSJ Emballages","description":"","publisher":{"@id":"https:\/\/www.csj-emballages.com\/pt-pt\/#organization"},"potentialAction":[{"@type":"SearchAction","target":{"@type":"EntryPoint","urlTemplate":"https:\/\/www.csj-emballages.com\/pt-pt\/?s={search_term_string}"},"query-input":{"@type":"PropertyValueSpecification","valueRequired":true,"valueName":"search_term_string"}}],"inLanguage":"pt-PT"},{"@type":"Organization","@id":"https:\/\/www.csj-emballages.com\/pt-pt\/#Organization\/","name":"CSJ Emballages","url":"https:\/\/www.csj-emballages.com\/pt-pt\/","logo":{"@type":"ImageObject","inLanguage":"pt-PT","@id":"https:\/\/www.csj-emballages.com\/pt-pt\/#\/schema\/logo\/image\/","url":"https:\/\/www.csj-emballages.com\/wp-content\/uploads\/2023\/10\/logo_csj.webp","contentUrl":"https:\/\/www.csj-emballages.com\/wp-content\/uploads\/2023\/10\/logo_csj.webp","width":250,"height":95,"caption":"CSJ Emballages"},"image":{"@id":"https:\/\/www.csj-emballages.com\/pt-pt\/#\/schema\/logo\/image\/"},"sameAs":["https:\/\/www.facebook.com\/csjemballages"],"address":{"@type":"PostalAddress","streetAddress":"ZI La Lechere","addressLocality":"Patornay","postalCode":"39130","addressCountry":"FR"},"contactPoint":[{"@type":"ContactPoint","contactType":"Service client","telephone":"0384254272","email":"contact@csj-emballages.com"}]}]}},"df_price":1.19,"df_sale_price":"","df_regular_price":1.19,"df_image_link":"https:\/\/www.csj-emballages.com\/wp-content\/uploads\/2024\/03\/Boite-a-mouchoir-300x300.webp","tiered_pricing_type":"fixed","tiered_pricing_fixed_rules":[],"tiered_pricing_percentage_rules":[],"tiered_pricing_minimum":1,"tiered_pricing_roles_data":[],"_links":{"self":[{"href":"https:\/\/www.csj-emballages.com\/pt-pt\/wp-json\/wp\/v2\/product\/22102","targetHints":{"allow":["GET"]}}],"collection":[{"href":"https:\/\/www.csj-emballages.com\/pt-pt\/wp-json\/wp\/v2\/product"}],"about":[{"href":"https:\/\/www.csj-emballages.com\/pt-pt\/wp-json\/wp\/v2\/types\/product"}],"wp:featuredmedia":[{"embeddable":true,"href":"https:\/\/www.csj-emballages.com\/pt-pt\/wp-json\/wp\/v2\/media\/263193"}],"wp:attachment":[{"href":"https:\/\/www.csj-emballages.com\/pt-pt\/wp-json\/wp\/v2\/media?parent=22102"}],"wp:term":[{"taxonomy":"product_brand","embeddable":true,"href":"https:\/\/www.csj-emballages.com\/pt-pt\/wp-json\/wp\/v2\/product_brand?post=22102"},{"taxonomy":"product_cat","embeddable":true,"href":"https:\/\/www.csj-emballages.com\/pt-pt\/wp-json\/wp\/v2\/product_cat?post=22102"},{"taxonomy":"product_tag","embeddable":true,"href":"https:\/\/www.csj-emballages.com\/pt-pt\/wp-json\/wp\/v2\/product_tag?post=22102"}],"curies":[{"name":"wp","href":"https:\/\/api.w.org\/{rel}","templated":true}]}}