{"id":22088,"date":"2024-03-01T16:51:42","date_gmt":"2024-03-01T15:51:42","guid":{"rendered":"https:\/\/u15jnbdpoq.preview.infomaniak.website\/produit\/moldura-para-vassoura-de-coco-29-cm\/"},"modified":"2026-04-14T02:18:09","modified_gmt":"2026-04-14T00:18:09","slug":"moldura-para-vassoura-de-coco-29-cm","status":"publish","type":"product","link":"https:\/\/www.csj-emballages.com\/pt-pt\/produit\/moldura-para-vassoura-de-coco-29-cm\/","title":{"rendered":"Moldura para vassoura de coco 29 cm"},"content":{"rendered":"<h2>Suporte para vassoura de coco<\/h2>\n<hr>\n<h3>Descubra o nosso suporte para vassoura de coco de 29 cm<\/h3>\n<p><!--more--><\/p>\n<p data-start=\"213\" data-end=\"613\">O <strong>suporte para vassoura de coco<\/strong> <strong data-start=\"235\" data-end=\"244\">29 cm<\/strong> \u00e9 o tipo de ferramenta simples, mas indispens\u00e1vel, aquela que se pega sem pensar quando \u00e9 preciso limpar eficazmente. Com as suas <strong>fibras naturais de coco<\/strong>, garante uma varredura regular e precisa, mesmo em pisos um pouco rugosos. Capta facilmente <strong>p\u00f3, sujidade e pequenos detritos<\/strong>, sem os dispersar, o que torna a limpeza mais r\u00e1pida e agrad\u00e1vel.  <\/p>\n<p data-start=\"615\" data-end=\"982\">Gra\u00e7as \u00e0 sua <strong>largura de 29 cm<\/strong>, este suporte oferece um bom equil\u00edbrio entre manobrabilidade e efic\u00e1cia. Passa facilmente em \u00e1reas estreitas, cobrindo uma superf\u00edcie suficiente para evitar multiplicar as passagens. Seja num armaz\u00e9m, numa oficina, num terra\u00e7o, numa garagem ou em \u00e1reas exteriores, adapta-se sem problemas aos usos di\u00e1rios.  <\/p>\n<p data-start=\"984\" data-end=\"1360\">A sua estrutura robusta permite-lhe resistir a uma utiliza\u00e7\u00e3o regular, mesmo em ambientes exigentes. As <strong>fibras de coco<\/strong> conservam a sua resist\u00eancia ao longo do tempo e mant\u00eam uma boa rigidez, ideal para remover a sujidade sem danificar o piso. Al\u00e9m disso, a sua rosca padr\u00e3o permite associ\u00e1-la facilmente a um cabo compat\u00edvel, para uma pega confort\u00e1vel.  <\/p>\n<p data-start=\"1362\" data-end=\"1694\">Ao escolher este <strong>suporte para vassoura de coco<\/strong>, est\u00e1 a optar por uma ferramenta simples, dur\u00e1vel e eficaz, sem sup\u00e9rfluos. Faz exatamente o que se espera dela: varrer de forma limpa, sem esfor\u00e7o in\u00fatil. Uma escolha segura para profissionais e particulares que querem material fi\u00e1vel, f\u00e1cil de usar e pensado para durar.  <\/p>\n<p data-start=\"1362\" data-end=\"1694\">\n<p data-start=\"1570\" data-end=\"1680\"><!--more--><\/p>\n<h4 data-start=\"1570\" data-end=\"1680\">Vantagens :<\/h4>\n<ul>\n<li data-start=\"123\" data-end=\"177\"><strong>Fibras naturais de coco<\/strong> para uma varredura eficaz.<\/li>\n<li data-start=\"180\" data-end=\"223\">Boa ader\u00eancia ao p\u00f3 e \u00e0 sujidade.<\/li>\n<li data-start=\"226\" data-end=\"277\"><strong>Largura de 29 cm<\/strong> ideal para uma limpeza precisa.<\/li>\n<li data-start=\"280\" data-end=\"323\">S\u00f3lida e resistente ao uso di\u00e1rio.<\/li>\n<li data-start=\"326\" data-end=\"371\">Adequado para pisos interiores e exteriores.<\/li>\n<li data-start=\"374\" data-end=\"426\">Compat\u00edvel com cabos com rosca padr\u00e3o.<\/li>\n<\/ul>\n<p>&nbsp;<\/p>\n<p><!--more--><\/p>\n<h4>Outras informa\u00e7\u00f5es :<\/h4>\n<ul>\n<li><strong>Embalagem<\/strong>: Por unidade<\/li>\n<li><strong>Comprimento<\/strong>: 29 cm<\/li>\n<li><strong>Material<\/strong>: Madeira \/ Fibra de coco<\/li>\n<\/ul>\n<p>&nbsp;<\/p>\n<p><!--more--><\/p>\n<p>Encontre aqui a nossa vassoura de coco em madeira: <span style=\"color: #d12727;\"><a style=\"color: #d12727;\" href=\"https:\/\/www.csj-emballages.com\/es\/produit\/escoba-de-madera-de-coco\/\">46142<\/a><\/span><\/p>\n<p>&nbsp;<\/p>\n<p><!--more--><\/p>\n<p><a href=\"\/?product_cat=balai-brosse-plumeau\">Consulte o resto da nossa gama de vassouras \/ escovas \/ espanadores<\/a><\/p>\n","protected":false},"excerpt":{"rendered":"<p>Suporte para vassoura de coco Descubra o nosso suporte para vassoura de coco de 29 cm<\/p>\n","protected":false},"featured_media":7676,"template":"","meta":{"_acf_changed":false},"product_brand":[],"product_cat":[1222,1456,1821,1829],"product_tag":[],"class_list":{"0":"post-22088","1":"product","2":"type-product","3":"status-publish","4":"has-post-thumbnail","6":"product_cat-higiene-e-manutencao","7":"product_cat-escovas-e-vassouras","8":"product_cat-vassoura-escova-espanador-de-penas","9":"product_cat-vassouras-vassouras-de-chao-espanadores","11":"first","12":"instock","13":"taxable","14":"shipping-taxable","15":"purchasable","16":"product-type-simple"},"acf":[],"yoast_head":"<!-- This site is optimized with the Yoast SEO Premium plugin v26.6 (Yoast SEO v26.6) - https:\/\/yoast.com\/wordpress\/plugins\/seo\/ -->\n<title>Suporte para Vassoura de Coco 29 cm<\/title>\n<meta name=\"description\" content=\"Suporte para vassoura de coco 29 cm em fibras naturais. Eficaz e resistente, ideal para a limpeza di\u00e1ria de pisos interiores e exteriores.\" \/>\n<meta name=\"robots\" content=\"index, follow, max-snippet:-1, max-image-preview:large, max-video-preview:-1\" \/>\n<link rel=\"canonical\" href=\"https:\/\/www.csj-emballages.com\/pt-pt\/produit\/moldura-para-vassoura-de-coco-29-cm\/\" \/>\n<meta property=\"og:locale\" content=\"pt_PT\" \/>\n<meta property=\"og:type\" content=\"article\" \/>\n<meta property=\"og:title\" content=\"Moldura para vassoura de coco 29 cm\" \/>\n<meta property=\"og:description\" content=\"Suporte para vassoura de coco 29 cm em fibras naturais. Eficaz e resistente, ideal para a limpeza di\u00e1ria de pisos interiores e exteriores.\" \/>\n<meta property=\"og:url\" content=\"https:\/\/www.csj-emballages.com\/pt-pt\/produit\/moldura-para-vassoura-de-coco-29-cm\/\" \/>\n<meta property=\"og:site_name\" content=\"CSJ Emballages\" \/>\n<meta property=\"article:publisher\" content=\"https:\/\/www.facebook.com\/csjemballages\" \/>\n<meta property=\"article:modified_time\" content=\"2026-04-14T00:18:09+00:00\" \/>\n<meta property=\"og:image\" content=\"https:\/\/www.csj-emballages.com\/wp-content\/uploads\/2024\/03\/balai-coco-zoom-jpg.webp\" \/>\n\t<meta property=\"og:image:width\" content=\"700\" \/>\n\t<meta property=\"og:image:height\" content=\"700\" \/>\n\t<meta property=\"og:image:type\" content=\"image\/jpeg\" \/>\n<meta name=\"twitter:card\" content=\"summary_large_image\" \/>\n<meta name=\"twitter:label1\" content=\"Tempo estimado de leitura\" \/>\n\t<meta name=\"twitter:data1\" content=\"2 minutos\" \/>\n<script type=\"application\/ld+json\" class=\"yoast-schema-graph\">{\"@context\":\"https:\/\/schema.org\",\"@graph\":[{\"@type\":\"WebPage\",\"@id\":\"https:\/\/www.csj-emballages.com\/pt-pt\/produit\/moldura-para-vassoura-de-coco-29-cm\/\",\"url\":\"https:\/\/www.csj-emballages.com\/pt-pt\/produit\/moldura-para-vassoura-de-coco-29-cm\/\",\"name\":\"Suporte para Vassoura de Coco 29 cm\",\"isPartOf\":{\"@id\":\"https:\/\/www.csj-emballages.com\/pt-pt\/#website\"},\"primaryImageOfPage\":{\"@id\":\"https:\/\/www.csj-emballages.com\/pt-pt\/produit\/moldura-para-vassoura-de-coco-29-cm\/#primaryimage\"},\"image\":{\"@id\":\"https:\/\/www.csj-emballages.com\/pt-pt\/produit\/moldura-para-vassoura-de-coco-29-cm\/#primaryimage\"},\"thumbnailUrl\":\"https:\/\/www.csj-emballages.com\/wp-content\/uploads\/2024\/03\/balai-coco-zoom-jpg.webp\",\"datePublished\":\"2024-03-01T15:51:42+00:00\",\"dateModified\":\"2026-04-14T00:18:09+00:00\",\"description\":\"Suporte para vassoura de coco 29 cm em fibras naturais. Eficaz e resistente, ideal para a limpeza di\u00e1ria de pisos interiores e exteriores.\",\"breadcrumb\":{\"@id\":\"https:\/\/www.csj-emballages.com\/pt-pt\/produit\/moldura-para-vassoura-de-coco-29-cm\/#breadcrumb\"},\"inLanguage\":\"pt-PT\",\"potentialAction\":[{\"@type\":\"ReadAction\",\"target\":[\"https:\/\/www.csj-emballages.com\/pt-pt\/produit\/moldura-para-vassoura-de-coco-29-cm\/\"]}]},{\"@type\":\"ImageObject\",\"inLanguage\":\"pt-PT\",\"@id\":\"https:\/\/www.csj-emballages.com\/pt-pt\/produit\/moldura-para-vassoura-de-coco-29-cm\/#primaryimage\",\"url\":\"https:\/\/www.csj-emballages.com\/wp-content\/uploads\/2024\/03\/balai-coco-zoom-jpg.webp\",\"contentUrl\":\"https:\/\/www.csj-emballages.com\/wp-content\/uploads\/2024\/03\/balai-coco-zoom-jpg.webp\",\"width\":700,\"height\":700},{\"@type\":\"BreadcrumbList\",\"@id\":\"https:\/\/www.csj-emballages.com\/pt-pt\/produit\/moldura-para-vassoura-de-coco-29-cm\/#breadcrumb\",\"itemListElement\":[{\"@type\":\"ListItem\",\"position\":1,\"name\":\"Acolhimento\",\"item\":\"https:\/\/www.csj-emballages.com\/pt-pt\/universo-das-embalagens-alimentares\/\"},{\"@type\":\"ListItem\",\"position\":2,\"name\":\"Shop\",\"item\":\"https:\/\/www.csj-emballages.com\/shop\/\"},{\"@type\":\"ListItem\",\"position\":3,\"name\":\"Moldura para vassoura de coco 29 cm\"}]},{\"@type\":\"WebSite\",\"@id\":\"https:\/\/www.csj-emballages.com\/pt-pt\/#website\",\"url\":\"https:\/\/www.csj-emballages.com\/pt-pt\/\",\"name\":\"CSJ Emballages\",\"description\":\"\",\"publisher\":{\"@id\":\"https:\/\/www.csj-emballages.com\/pt-pt\/#organization\"},\"potentialAction\":[{\"@type\":\"SearchAction\",\"target\":{\"@type\":\"EntryPoint\",\"urlTemplate\":\"https:\/\/www.csj-emballages.com\/pt-pt\/?s={search_term_string}\"},\"query-input\":{\"@type\":\"PropertyValueSpecification\",\"valueRequired\":true,\"valueName\":\"search_term_string\"}}],\"inLanguage\":\"pt-PT\"},{\"@type\":\"Organization\",\"@id\":\"https:\/\/www.csj-emballages.com\/pt-pt\/#Organization\/\",\"name\":\"CSJ Emballages\",\"url\":\"https:\/\/www.csj-emballages.com\/pt-pt\/\",\"logo\":{\"@type\":\"ImageObject\",\"inLanguage\":\"pt-PT\",\"@id\":\"https:\/\/www.csj-emballages.com\/pt-pt\/#\/schema\/logo\/image\/\",\"url\":\"https:\/\/www.csj-emballages.com\/wp-content\/uploads\/2023\/10\/logo_csj.webp\",\"contentUrl\":\"https:\/\/www.csj-emballages.com\/wp-content\/uploads\/2023\/10\/logo_csj.webp\",\"width\":250,\"height\":95,\"caption\":\"CSJ Emballages\"},\"image\":{\"@id\":\"https:\/\/www.csj-emballages.com\/pt-pt\/#\/schema\/logo\/image\/\"},\"sameAs\":[\"https:\/\/www.facebook.com\/csjemballages\"],\"address\":{\"@type\":\"PostalAddress\",\"streetAddress\":\"ZI La Lechere\",\"addressLocality\":\"Patornay\",\"postalCode\":\"39130\",\"addressCountry\":\"FR\"},\"contactPoint\":[{\"@type\":\"ContactPoint\",\"contactType\":\"Service client\",\"telephone\":\"0384254272\",\"email\":\"contact@csj-emballages.com\"}]}]}<\/script>\n<!-- \/ Yoast SEO Premium plugin. -->","yoast_head_json":{"title":"Suporte para Vassoura de Coco 29 cm","description":"Suporte para vassoura de coco 29 cm em fibras naturais. Eficaz e resistente, ideal para a limpeza di\u00e1ria de pisos interiores e exteriores.","robots":{"index":"index","follow":"follow","max-snippet":"max-snippet:-1","max-image-preview":"max-image-preview:large","max-video-preview":"max-video-preview:-1"},"canonical":"https:\/\/www.csj-emballages.com\/pt-pt\/produit\/moldura-para-vassoura-de-coco-29-cm\/","og_locale":"pt_PT","og_type":"article","og_title":"Moldura para vassoura de coco 29 cm","og_description":"Suporte para vassoura de coco 29 cm em fibras naturais. Eficaz e resistente, ideal para a limpeza di\u00e1ria de pisos interiores e exteriores.","og_url":"https:\/\/www.csj-emballages.com\/pt-pt\/produit\/moldura-para-vassoura-de-coco-29-cm\/","og_site_name":"CSJ Emballages","article_publisher":"https:\/\/www.facebook.com\/csjemballages","article_modified_time":"2026-04-14T00:18:09+00:00","og_image":[{"width":700,"height":700,"url":"https:\/\/www.csj-emballages.com\/wp-content\/uploads\/2024\/03\/balai-coco-zoom-jpg.webp","type":"image\/jpeg"}],"twitter_card":"summary_large_image","twitter_misc":{"Tempo estimado de leitura":"2 minutos"},"schema":{"@context":"https:\/\/schema.org","@graph":[{"@type":"WebPage","@id":"https:\/\/www.csj-emballages.com\/pt-pt\/produit\/moldura-para-vassoura-de-coco-29-cm\/","url":"https:\/\/www.csj-emballages.com\/pt-pt\/produit\/moldura-para-vassoura-de-coco-29-cm\/","name":"Suporte para Vassoura de Coco 29 cm","isPartOf":{"@id":"https:\/\/www.csj-emballages.com\/pt-pt\/#website"},"primaryImageOfPage":{"@id":"https:\/\/www.csj-emballages.com\/pt-pt\/produit\/moldura-para-vassoura-de-coco-29-cm\/#primaryimage"},"image":{"@id":"https:\/\/www.csj-emballages.com\/pt-pt\/produit\/moldura-para-vassoura-de-coco-29-cm\/#primaryimage"},"thumbnailUrl":"https:\/\/www.csj-emballages.com\/wp-content\/uploads\/2024\/03\/balai-coco-zoom-jpg.webp","datePublished":"2024-03-01T15:51:42+00:00","dateModified":"2026-04-14T00:18:09+00:00","description":"Suporte para vassoura de coco 29 cm em fibras naturais. Eficaz e resistente, ideal para a limpeza di\u00e1ria de pisos interiores e exteriores.","breadcrumb":{"@id":"https:\/\/www.csj-emballages.com\/pt-pt\/produit\/moldura-para-vassoura-de-coco-29-cm\/#breadcrumb"},"inLanguage":"pt-PT","potentialAction":[{"@type":"ReadAction","target":["https:\/\/www.csj-emballages.com\/pt-pt\/produit\/moldura-para-vassoura-de-coco-29-cm\/"]}]},{"@type":"ImageObject","inLanguage":"pt-PT","@id":"https:\/\/www.csj-emballages.com\/pt-pt\/produit\/moldura-para-vassoura-de-coco-29-cm\/#primaryimage","url":"https:\/\/www.csj-emballages.com\/wp-content\/uploads\/2024\/03\/balai-coco-zoom-jpg.webp","contentUrl":"https:\/\/www.csj-emballages.com\/wp-content\/uploads\/2024\/03\/balai-coco-zoom-jpg.webp","width":700,"height":700},{"@type":"BreadcrumbList","@id":"https:\/\/www.csj-emballages.com\/pt-pt\/produit\/moldura-para-vassoura-de-coco-29-cm\/#breadcrumb","itemListElement":[{"@type":"ListItem","position":1,"name":"Acolhimento","item":"https:\/\/www.csj-emballages.com\/pt-pt\/universo-das-embalagens-alimentares\/"},{"@type":"ListItem","position":2,"name":"Shop","item":"https:\/\/www.csj-emballages.com\/shop\/"},{"@type":"ListItem","position":3,"name":"Moldura para vassoura de coco 29 cm"}]},{"@type":"WebSite","@id":"https:\/\/www.csj-emballages.com\/pt-pt\/#website","url":"https:\/\/www.csj-emballages.com\/pt-pt\/","name":"CSJ Emballages","description":"","publisher":{"@id":"https:\/\/www.csj-emballages.com\/pt-pt\/#organization"},"potentialAction":[{"@type":"SearchAction","target":{"@type":"EntryPoint","urlTemplate":"https:\/\/www.csj-emballages.com\/pt-pt\/?s={search_term_string}"},"query-input":{"@type":"PropertyValueSpecification","valueRequired":true,"valueName":"search_term_string"}}],"inLanguage":"pt-PT"},{"@type":"Organization","@id":"https:\/\/www.csj-emballages.com\/pt-pt\/#Organization\/","name":"CSJ Emballages","url":"https:\/\/www.csj-emballages.com\/pt-pt\/","logo":{"@type":"ImageObject","inLanguage":"pt-PT","@id":"https:\/\/www.csj-emballages.com\/pt-pt\/#\/schema\/logo\/image\/","url":"https:\/\/www.csj-emballages.com\/wp-content\/uploads\/2023\/10\/logo_csj.webp","contentUrl":"https:\/\/www.csj-emballages.com\/wp-content\/uploads\/2023\/10\/logo_csj.webp","width":250,"height":95,"caption":"CSJ Emballages"},"image":{"@id":"https:\/\/www.csj-emballages.com\/pt-pt\/#\/schema\/logo\/image\/"},"sameAs":["https:\/\/www.facebook.com\/csjemballages"],"address":{"@type":"PostalAddress","streetAddress":"ZI La Lechere","addressLocality":"Patornay","postalCode":"39130","addressCountry":"FR"},"contactPoint":[{"@type":"ContactPoint","contactType":"Service client","telephone":"0384254272","email":"contact@csj-emballages.com"}]}]}},"df_price":2.77,"df_sale_price":"","df_regular_price":2.77,"df_image_link":"https:\/\/www.csj-emballages.com\/wp-content\/uploads\/2024\/03\/balai-coco-zoom-300x300.webp","tiered_pricing_type":"fixed","tiered_pricing_fixed_rules":[],"tiered_pricing_percentage_rules":[],"tiered_pricing_minimum":1,"tiered_pricing_roles_data":[],"_links":{"self":[{"href":"https:\/\/www.csj-emballages.com\/pt-pt\/wp-json\/wp\/v2\/product\/22088","targetHints":{"allow":["GET"]}}],"collection":[{"href":"https:\/\/www.csj-emballages.com\/pt-pt\/wp-json\/wp\/v2\/product"}],"about":[{"href":"https:\/\/www.csj-emballages.com\/pt-pt\/wp-json\/wp\/v2\/types\/product"}],"wp:featuredmedia":[{"embeddable":true,"href":"https:\/\/www.csj-emballages.com\/pt-pt\/wp-json\/wp\/v2\/media\/7676"}],"wp:attachment":[{"href":"https:\/\/www.csj-emballages.com\/pt-pt\/wp-json\/wp\/v2\/media?parent=22088"}],"wp:term":[{"taxonomy":"product_brand","embeddable":true,"href":"https:\/\/www.csj-emballages.com\/pt-pt\/wp-json\/wp\/v2\/product_brand?post=22088"},{"taxonomy":"product_cat","embeddable":true,"href":"https:\/\/www.csj-emballages.com\/pt-pt\/wp-json\/wp\/v2\/product_cat?post=22088"},{"taxonomy":"product_tag","embeddable":true,"href":"https:\/\/www.csj-emballages.com\/pt-pt\/wp-json\/wp\/v2\/product_tag?post=22088"}],"curies":[{"name":"wp","href":"https:\/\/api.w.org\/{rel}","templated":true}]}}