{"id":22081,"date":"2024-03-01T16:51:42","date_gmt":"2024-03-01T15:51:42","guid":{"rendered":"https:\/\/u15jnbdpoq.preview.infomaniak.website\/produit\/moldura-magnetica-de-40-cm-com-aba-e-bolso\/"},"modified":"2026-05-01T02:13:37","modified_gmt":"2026-05-01T00:13:37","slug":"moldura-magnetica-de-40-cm-com-aba-e-bolso","status":"publish","type":"product","link":"https:\/\/www.csj-emballages.com\/pt-pt\/produit\/moldura-magnetica-de-40-cm-com-aba-e-bolso\/","title":{"rendered":"Suporte magn\u00e9tico de 40 cm com abas e bolsas"},"content":{"rendered":"<h2>Suporte magn\u00e9tico<\/h2>\n<hr>\n<h3>Descubra o nosso suporte magn\u00e9tico de 40 cm com abas e bolsas<\/h3>\n<p><!--more--><\/p>\n<p data-start=\"310\" data-end=\"696\">Este <strong data-start=\"316\" data-end=\"344\">suporte magn\u00e9tico de 40 cm<\/strong> foi concebido para tornar a limpeza mais simples, mais r\u00e1pida e, sobretudo, menos exigente no dia a dia. Desde a primeira utiliza\u00e7\u00e3o, compreende-se rapidamente o seu interesse: tudo foi concebido para poupar tempo sem sacrificar a efic\u00e1cia. Gra\u00e7as ao seu sistema magn\u00e9tico, a fixa\u00e7\u00e3o das esfregonas \u00e9 feita num s\u00f3 gesto, sem for\u00e7ar e sem manipula\u00e7\u00e3o complicada.  <\/p>\n<p data-start=\"698\" data-end=\"1082\">A <strong data-start=\"701\" data-end=\"723\">aba integrada<\/strong> permite <strong>retirar a esfregona<\/strong> facilmente, sem ter de a tocar. \u00c9 uma mais-valia em termos de higiene, especialmente em ambientes profissionais onde os gestos devem ser r\u00e1pidos e limpos. Al\u00e9m disso, a <strong data-start=\"937\" data-end=\"955\">bolsa central<\/strong> mant\u00e9m a esfregona perfeitamente no lugar durante a utiliza\u00e7\u00e3o, evitando que esta escorregue ou se solte durante o trabalho.  <\/p>\n<p data-start=\"1084\" data-end=\"1431\">Com os seus <strong data-start=\"1093\" data-end=\"1102\">40 cm<\/strong>, este suporte oferece uma boa superf\u00edcie de limpeza. Cobre eficazmente os pavimentos, mantendo-se manobr\u00e1vel, mesmo em zonas mais estreitas. O seu design robusto suporta uma utiliza\u00e7\u00e3o intensiva, o que o torna perfeitamente adequado para coletividades, empresas de limpeza, cozinhas profissionais ou estabelecimentos de sa\u00fade.  <\/p>\n<p data-start=\"1433\" data-end=\"1644\">Al\u00e9m disso, o seu <strong>c\u00f3digo de cores azul e vermelho<\/strong> permite uma organiza\u00e7\u00e3o mais clara do material, nomeadamente para respeitar os protocolos de limpeza por zona. Desta forma, limitam-se os erros e ganha-se em efic\u00e1cia. <\/p>\n<p data-start=\"1646\" data-end=\"1802\">Em resumo, este <strong>suporte magn\u00e9tico<\/strong> n\u00e3o \u00e9 apenas um suporte: \u00e9 uma ferramenta fi\u00e1vel, pr\u00e1tica e concebida para facilitar o trabalho dos profissionais dia ap\u00f3s dia.<\/p>\n<p data-start=\"1646\" data-end=\"1802\">\n<p data-start=\"1570\" data-end=\"1680\"><!--more--><\/p>\n<h4 data-start=\"1570\" data-end=\"1680\">Vantagens :<\/h4>\n<ul>\n<li data-start=\"1830\" data-end=\"1871\">Fixa\u00e7\u00e3o magn\u00e9tica r\u00e1pida e segura.<\/li>\n<li data-start=\"1874\" data-end=\"1923\"><strong>Aba pr\u00e1tica<\/strong> para uma remo\u00e7\u00e3o sem contacto.<\/li>\n<li data-start=\"1926\" data-end=\"1976\">Bolsa central para uma boa fixa\u00e7\u00e3o da esfregona.<\/li>\n<li data-start=\"1979\" data-end=\"2021\"><strong>Largura de 40 cm<\/strong> para uma limpeza eficaz.<\/li>\n<li data-start=\"2024\" data-end=\"2063\">S\u00f3lido e adequado para uma utiliza\u00e7\u00e3o intensiva.<\/li>\n<li data-start=\"2066\" data-end=\"2113\">Ideal para ambientes profissionais.<\/li>\n<\/ul>\n<p>&nbsp;<\/p>\n<p><!--more--><\/p>\n<h4>Outras informa\u00e7\u00f5es :<\/h4>\n<ul>\n<li><strong>Embalagem<\/strong>: Por unidade<\/li>\n<li><strong>Comprimento<\/strong>: 40 cm<\/li>\n<li><strong>Material<\/strong>: Pl\u00e1stico<\/li>\n<\/ul>\n<p>&nbsp;<\/p>\n<p><!--more--><\/p>\n<p>Encontre aqui a nossa esfregona de microfibra azul com bolsas e abas: <span style=\"color: #d12727;\"><a style=\"color: #d12727;\" href=\"https:\/\/www.csj-emballages.com\/es\/produit\/flecos-de-microfibra-azul-de-40-cm-con-bolsillos-y-lengueta-con-agujero\/\">6363<\/a><\/span><\/p>\n<p>&nbsp;<\/p>\n<p><!--more--><\/p>\n<p><a href=\"\/?product_cat=balai-brosse-plumeau\">Consulte o resto da nossa gama de vassouras \/ escovas \/ espanadores<\/a><\/p>\n","protected":false},"excerpt":{"rendered":"<p>Suporte magn\u00e9tico Descubra o nosso suporte magn\u00e9tico de 40 cm com abas e bolsas<\/p>\n","protected":false},"featured_media":7688,"template":"","meta":{"_acf_changed":false},"product_brand":[],"product_cat":[1222,1456,1821,1907],"product_tag":[],"class_list":{"0":"post-22081","1":"product","2":"type-product","3":"status-publish","4":"has-post-thumbnail","6":"product_cat-higiene-e-manutencao","7":"product_cat-escovas-e-vassouras","8":"product_cat-vassoura-escova-espanador-de-penas","9":"product_cat-gama-speedy","11":"first","12":"instock","13":"taxable","14":"shipping-taxable","15":"purchasable","16":"product-type-simple"},"acf":[],"yoast_head":"<!-- This site is optimized with the Yoast SEO Premium plugin v26.6 (Yoast SEO v26.6) - https:\/\/yoast.com\/wordpress\/plugins\/seo\/ -->\n<title>Suporte Magn\u00e9tico de 40 cm com Abas e Bolsas<\/title>\n<meta name=\"description\" content=\"Suporte magn\u00e9tico de 40 cm com aba e bolsa, ideal para limpeza profissional. Fixa\u00e7\u00e3o r\u00e1pida, higi\u00e9nica e utiliza\u00e7\u00e3o simples no dia a dia.\" \/>\n<meta name=\"robots\" content=\"index, follow, max-snippet:-1, max-image-preview:large, max-video-preview:-1\" \/>\n<link rel=\"canonical\" href=\"https:\/\/www.csj-emballages.com\/pt-pt\/produit\/moldura-magnetica-de-40-cm-com-aba-e-bolso\/\" \/>\n<meta property=\"og:locale\" content=\"pt_PT\" \/>\n<meta property=\"og:type\" content=\"article\" \/>\n<meta property=\"og:title\" content=\"Suporte magn\u00e9tico de 40 cm com abas e bolsas\" \/>\n<meta property=\"og:description\" content=\"Suporte magn\u00e9tico de 40 cm com aba e bolsa, ideal para limpeza profissional. Fixa\u00e7\u00e3o r\u00e1pida, higi\u00e9nica e utiliza\u00e7\u00e3o simples no dia a dia.\" \/>\n<meta property=\"og:url\" content=\"https:\/\/www.csj-emballages.com\/pt-pt\/produit\/moldura-magnetica-de-40-cm-com-aba-e-bolso\/\" \/>\n<meta property=\"og:site_name\" content=\"CSJ Emballages\" \/>\n<meta property=\"article:publisher\" content=\"https:\/\/www.facebook.com\/csjemballages\" \/>\n<meta property=\"article:modified_time\" content=\"2026-05-01T00:13:37+00:00\" \/>\n<meta property=\"og:image\" content=\"https:\/\/www.csj-emballages.com\/wp-content\/uploads\/2024\/03\/monture-speedy-plastique-poche-languette-grossiste-csj-emballages-zoom-jpg-e1711549375808.webp\" \/>\n\t<meta property=\"og:image:width\" content=\"300\" \/>\n\t<meta property=\"og:image:height\" content=\"300\" \/>\n\t<meta property=\"og:image:type\" content=\"image\/jpeg\" \/>\n<meta name=\"twitter:card\" content=\"summary_large_image\" \/>\n<meta name=\"twitter:label1\" content=\"Tempo estimado de leitura\" \/>\n\t<meta name=\"twitter:data1\" content=\"2 minutos\" \/>\n<script type=\"application\/ld+json\" class=\"yoast-schema-graph\">{\"@context\":\"https:\/\/schema.org\",\"@graph\":[{\"@type\":\"WebPage\",\"@id\":\"https:\/\/www.csj-emballages.com\/pt-pt\/produit\/moldura-magnetica-de-40-cm-com-aba-e-bolso\/\",\"url\":\"https:\/\/www.csj-emballages.com\/pt-pt\/produit\/moldura-magnetica-de-40-cm-com-aba-e-bolso\/\",\"name\":\"Suporte Magn\u00e9tico de 40 cm com Abas e Bolsas\",\"isPartOf\":{\"@id\":\"https:\/\/www.csj-emballages.com\/pt-pt\/#website\"},\"primaryImageOfPage\":{\"@id\":\"https:\/\/www.csj-emballages.com\/pt-pt\/produit\/moldura-magnetica-de-40-cm-com-aba-e-bolso\/#primaryimage\"},\"image\":{\"@id\":\"https:\/\/www.csj-emballages.com\/pt-pt\/produit\/moldura-magnetica-de-40-cm-com-aba-e-bolso\/#primaryimage\"},\"thumbnailUrl\":\"https:\/\/www.csj-emballages.com\/wp-content\/uploads\/2024\/03\/monture-speedy-plastique-poche-languette-grossiste-csj-emballages-zoom-jpg-e1711549375808.webp\",\"datePublished\":\"2024-03-01T15:51:42+00:00\",\"dateModified\":\"2026-05-01T00:13:37+00:00\",\"description\":\"Suporte magn\u00e9tico de 40 cm com aba e bolsa, ideal para limpeza profissional. Fixa\u00e7\u00e3o r\u00e1pida, higi\u00e9nica e utiliza\u00e7\u00e3o simples no dia a dia.\",\"breadcrumb\":{\"@id\":\"https:\/\/www.csj-emballages.com\/pt-pt\/produit\/moldura-magnetica-de-40-cm-com-aba-e-bolso\/#breadcrumb\"},\"inLanguage\":\"pt-PT\",\"potentialAction\":[{\"@type\":\"ReadAction\",\"target\":[\"https:\/\/www.csj-emballages.com\/pt-pt\/produit\/moldura-magnetica-de-40-cm-com-aba-e-bolso\/\"]}]},{\"@type\":\"ImageObject\",\"inLanguage\":\"pt-PT\",\"@id\":\"https:\/\/www.csj-emballages.com\/pt-pt\/produit\/moldura-magnetica-de-40-cm-com-aba-e-bolso\/#primaryimage\",\"url\":\"https:\/\/www.csj-emballages.com\/wp-content\/uploads\/2024\/03\/monture-speedy-plastique-poche-languette-grossiste-csj-emballages-zoom-jpg-e1711549375808.webp\",\"contentUrl\":\"https:\/\/www.csj-emballages.com\/wp-content\/uploads\/2024\/03\/monture-speedy-plastique-poche-languette-grossiste-csj-emballages-zoom-jpg-e1711549375808.webp\",\"width\":300,\"height\":300,\"caption\":\"Monture magnet\"},{\"@type\":\"BreadcrumbList\",\"@id\":\"https:\/\/www.csj-emballages.com\/pt-pt\/produit\/moldura-magnetica-de-40-cm-com-aba-e-bolso\/#breadcrumb\",\"itemListElement\":[{\"@type\":\"ListItem\",\"position\":1,\"name\":\"Acolhimento\",\"item\":\"https:\/\/www.csj-emballages.com\/pt-pt\/universo-das-embalagens-alimentares\/\"},{\"@type\":\"ListItem\",\"position\":2,\"name\":\"Shop\",\"item\":\"https:\/\/www.csj-emballages.com\/shop\/\"},{\"@type\":\"ListItem\",\"position\":3,\"name\":\"Suporte magn\u00e9tico de 40 cm com abas e bolsas\"}]},{\"@type\":\"WebSite\",\"@id\":\"https:\/\/www.csj-emballages.com\/pt-pt\/#website\",\"url\":\"https:\/\/www.csj-emballages.com\/pt-pt\/\",\"name\":\"CSJ Emballages\",\"description\":\"\",\"publisher\":{\"@id\":\"https:\/\/www.csj-emballages.com\/pt-pt\/#organization\"},\"potentialAction\":[{\"@type\":\"SearchAction\",\"target\":{\"@type\":\"EntryPoint\",\"urlTemplate\":\"https:\/\/www.csj-emballages.com\/pt-pt\/?s={search_term_string}\"},\"query-input\":{\"@type\":\"PropertyValueSpecification\",\"valueRequired\":true,\"valueName\":\"search_term_string\"}}],\"inLanguage\":\"pt-PT\"},{\"@type\":\"Organization\",\"@id\":\"https:\/\/www.csj-emballages.com\/pt-pt\/#Organization\/\",\"name\":\"CSJ Emballages\",\"url\":\"https:\/\/www.csj-emballages.com\/pt-pt\/\",\"logo\":{\"@type\":\"ImageObject\",\"inLanguage\":\"pt-PT\",\"@id\":\"https:\/\/www.csj-emballages.com\/pt-pt\/#\/schema\/logo\/image\/\",\"url\":\"https:\/\/www.csj-emballages.com\/wp-content\/uploads\/2023\/10\/logo_csj.webp\",\"contentUrl\":\"https:\/\/www.csj-emballages.com\/wp-content\/uploads\/2023\/10\/logo_csj.webp\",\"width\":250,\"height\":95,\"caption\":\"CSJ Emballages\"},\"image\":{\"@id\":\"https:\/\/www.csj-emballages.com\/pt-pt\/#\/schema\/logo\/image\/\"},\"sameAs\":[\"https:\/\/www.facebook.com\/csjemballages\"],\"address\":{\"@type\":\"PostalAddress\",\"streetAddress\":\"ZI La Lechere\",\"addressLocality\":\"Patornay\",\"postalCode\":\"39130\",\"addressCountry\":\"FR\"},\"contactPoint\":[{\"@type\":\"ContactPoint\",\"contactType\":\"Service client\",\"telephone\":\"0384254272\",\"email\":\"contact@csj-emballages.com\"}]}]}<\/script>\n<!-- \/ Yoast SEO Premium plugin. -->","yoast_head_json":{"title":"Suporte Magn\u00e9tico de 40 cm com Abas e Bolsas","description":"Suporte magn\u00e9tico de 40 cm com aba e bolsa, ideal para limpeza profissional. Fixa\u00e7\u00e3o r\u00e1pida, higi\u00e9nica e utiliza\u00e7\u00e3o simples no dia a dia.","robots":{"index":"index","follow":"follow","max-snippet":"max-snippet:-1","max-image-preview":"max-image-preview:large","max-video-preview":"max-video-preview:-1"},"canonical":"https:\/\/www.csj-emballages.com\/pt-pt\/produit\/moldura-magnetica-de-40-cm-com-aba-e-bolso\/","og_locale":"pt_PT","og_type":"article","og_title":"Suporte magn\u00e9tico de 40 cm com abas e bolsas","og_description":"Suporte magn\u00e9tico de 40 cm com aba e bolsa, ideal para limpeza profissional. Fixa\u00e7\u00e3o r\u00e1pida, higi\u00e9nica e utiliza\u00e7\u00e3o simples no dia a dia.","og_url":"https:\/\/www.csj-emballages.com\/pt-pt\/produit\/moldura-magnetica-de-40-cm-com-aba-e-bolso\/","og_site_name":"CSJ Emballages","article_publisher":"https:\/\/www.facebook.com\/csjemballages","article_modified_time":"2026-05-01T00:13:37+00:00","og_image":[{"width":300,"height":300,"url":"https:\/\/www.csj-emballages.com\/wp-content\/uploads\/2024\/03\/monture-speedy-plastique-poche-languette-grossiste-csj-emballages-zoom-jpg-e1711549375808.webp","type":"image\/jpeg"}],"twitter_card":"summary_large_image","twitter_misc":{"Tempo estimado de leitura":"2 minutos"},"schema":{"@context":"https:\/\/schema.org","@graph":[{"@type":"WebPage","@id":"https:\/\/www.csj-emballages.com\/pt-pt\/produit\/moldura-magnetica-de-40-cm-com-aba-e-bolso\/","url":"https:\/\/www.csj-emballages.com\/pt-pt\/produit\/moldura-magnetica-de-40-cm-com-aba-e-bolso\/","name":"Suporte Magn\u00e9tico de 40 cm com Abas e Bolsas","isPartOf":{"@id":"https:\/\/www.csj-emballages.com\/pt-pt\/#website"},"primaryImageOfPage":{"@id":"https:\/\/www.csj-emballages.com\/pt-pt\/produit\/moldura-magnetica-de-40-cm-com-aba-e-bolso\/#primaryimage"},"image":{"@id":"https:\/\/www.csj-emballages.com\/pt-pt\/produit\/moldura-magnetica-de-40-cm-com-aba-e-bolso\/#primaryimage"},"thumbnailUrl":"https:\/\/www.csj-emballages.com\/wp-content\/uploads\/2024\/03\/monture-speedy-plastique-poche-languette-grossiste-csj-emballages-zoom-jpg-e1711549375808.webp","datePublished":"2024-03-01T15:51:42+00:00","dateModified":"2026-05-01T00:13:37+00:00","description":"Suporte magn\u00e9tico de 40 cm com aba e bolsa, ideal para limpeza profissional. Fixa\u00e7\u00e3o r\u00e1pida, higi\u00e9nica e utiliza\u00e7\u00e3o simples no dia a dia.","breadcrumb":{"@id":"https:\/\/www.csj-emballages.com\/pt-pt\/produit\/moldura-magnetica-de-40-cm-com-aba-e-bolso\/#breadcrumb"},"inLanguage":"pt-PT","potentialAction":[{"@type":"ReadAction","target":["https:\/\/www.csj-emballages.com\/pt-pt\/produit\/moldura-magnetica-de-40-cm-com-aba-e-bolso\/"]}]},{"@type":"ImageObject","inLanguage":"pt-PT","@id":"https:\/\/www.csj-emballages.com\/pt-pt\/produit\/moldura-magnetica-de-40-cm-com-aba-e-bolso\/#primaryimage","url":"https:\/\/www.csj-emballages.com\/wp-content\/uploads\/2024\/03\/monture-speedy-plastique-poche-languette-grossiste-csj-emballages-zoom-jpg-e1711549375808.webp","contentUrl":"https:\/\/www.csj-emballages.com\/wp-content\/uploads\/2024\/03\/monture-speedy-plastique-poche-languette-grossiste-csj-emballages-zoom-jpg-e1711549375808.webp","width":300,"height":300,"caption":"Monture magnet"},{"@type":"BreadcrumbList","@id":"https:\/\/www.csj-emballages.com\/pt-pt\/produit\/moldura-magnetica-de-40-cm-com-aba-e-bolso\/#breadcrumb","itemListElement":[{"@type":"ListItem","position":1,"name":"Acolhimento","item":"https:\/\/www.csj-emballages.com\/pt-pt\/universo-das-embalagens-alimentares\/"},{"@type":"ListItem","position":2,"name":"Shop","item":"https:\/\/www.csj-emballages.com\/shop\/"},{"@type":"ListItem","position":3,"name":"Suporte magn\u00e9tico de 40 cm com abas e bolsas"}]},{"@type":"WebSite","@id":"https:\/\/www.csj-emballages.com\/pt-pt\/#website","url":"https:\/\/www.csj-emballages.com\/pt-pt\/","name":"CSJ Emballages","description":"","publisher":{"@id":"https:\/\/www.csj-emballages.com\/pt-pt\/#organization"},"potentialAction":[{"@type":"SearchAction","target":{"@type":"EntryPoint","urlTemplate":"https:\/\/www.csj-emballages.com\/pt-pt\/?s={search_term_string}"},"query-input":{"@type":"PropertyValueSpecification","valueRequired":true,"valueName":"search_term_string"}}],"inLanguage":"pt-PT"},{"@type":"Organization","@id":"https:\/\/www.csj-emballages.com\/pt-pt\/#Organization\/","name":"CSJ Emballages","url":"https:\/\/www.csj-emballages.com\/pt-pt\/","logo":{"@type":"ImageObject","inLanguage":"pt-PT","@id":"https:\/\/www.csj-emballages.com\/pt-pt\/#\/schema\/logo\/image\/","url":"https:\/\/www.csj-emballages.com\/wp-content\/uploads\/2023\/10\/logo_csj.webp","contentUrl":"https:\/\/www.csj-emballages.com\/wp-content\/uploads\/2023\/10\/logo_csj.webp","width":250,"height":95,"caption":"CSJ Emballages"},"image":{"@id":"https:\/\/www.csj-emballages.com\/pt-pt\/#\/schema\/logo\/image\/"},"sameAs":["https:\/\/www.facebook.com\/csjemballages"],"address":{"@type":"PostalAddress","streetAddress":"ZI La Lechere","addressLocality":"Patornay","postalCode":"39130","addressCountry":"FR"},"contactPoint":[{"@type":"ContactPoint","contactType":"Service client","telephone":"0384254272","email":"contact@csj-emballages.com"}]}]}},"df_price":12.56,"df_sale_price":"","df_regular_price":12.56,"df_image_link":"https:\/\/www.csj-emballages.com\/wp-content\/uploads\/2024\/03\/monture-speedy-plastique-poche-languette-grossiste-csj-emballages-zoom-300x300.webp","tiered_pricing_type":"fixed","tiered_pricing_fixed_rules":[],"tiered_pricing_percentage_rules":[],"tiered_pricing_minimum":1,"tiered_pricing_roles_data":[],"_links":{"self":[{"href":"https:\/\/www.csj-emballages.com\/pt-pt\/wp-json\/wp\/v2\/product\/22081","targetHints":{"allow":["GET"]}}],"collection":[{"href":"https:\/\/www.csj-emballages.com\/pt-pt\/wp-json\/wp\/v2\/product"}],"about":[{"href":"https:\/\/www.csj-emballages.com\/pt-pt\/wp-json\/wp\/v2\/types\/product"}],"wp:featuredmedia":[{"embeddable":true,"href":"https:\/\/www.csj-emballages.com\/pt-pt\/wp-json\/wp\/v2\/media\/7688"}],"wp:attachment":[{"href":"https:\/\/www.csj-emballages.com\/pt-pt\/wp-json\/wp\/v2\/media?parent=22081"}],"wp:term":[{"taxonomy":"product_brand","embeddable":true,"href":"https:\/\/www.csj-emballages.com\/pt-pt\/wp-json\/wp\/v2\/product_brand?post=22081"},{"taxonomy":"product_cat","embeddable":true,"href":"https:\/\/www.csj-emballages.com\/pt-pt\/wp-json\/wp\/v2\/product_cat?post=22081"},{"taxonomy":"product_tag","embeddable":true,"href":"https:\/\/www.csj-emballages.com\/pt-pt\/wp-json\/wp\/v2\/product_tag?post=22081"}],"curies":[{"name":"wp","href":"https:\/\/api.w.org\/{rel}","templated":true}]}}