{"id":22072,"date":"2024-03-01T16:51:42","date_gmt":"2024-03-01T15:51:42","guid":{"rendered":"https:\/\/u15jnbdpoq.preview.infomaniak.website\/produit\/papel-de-seda-33x40cm-10-kg\/"},"modified":"2026-04-10T02:14:15","modified_gmt":"2026-04-10T00:14:15","slug":"papel-de-seda-33x40cm-10-kg","status":"publish","type":"product","link":"https:\/\/www.csj-emballages.com\/pt-pt\/produit\/papel-de-seda-33x40cm-10-kg\/","title":{"rendered":"Papel de seda 33x40cm 10 kg"},"content":{"rendered":"<h2>Folha de papel de seda<\/h2>\n<hr>\n<h3>Descri\u00e7\u00e3o do nosso papel de musselina 33 x 40 cm 10 kg<\/h3>\n<p><!--more--><\/p>\n<p data-start=\"231\" data-end=\"453\">Procura uma embalagem <strong data-start=\"268\" data-end=\"279\">elegante<\/strong>, <strong data-start=\"281\" data-end=\"295\">vers\u00e1til<\/strong> e <strong data-start=\"299\" data-end=\"311\">pr\u00e1tica<\/strong> para as suas prepara\u00e7\u00f5es alimentares? As nossas <strong data-start=\"353\" data-end=\"407\">folhas de tecido impressas de 33 x 40 cm<\/strong> em embalagens <strong>de 10 kg<\/strong> s\u00e3o a solu\u00e7\u00e3o ideal. <\/p>\n<p data-start=\"455\" data-end=\"912\"><strong>O papel de seda<\/strong> \u00e9 conhecido pela sua <strong data-start=\"506\" data-end=\"518\">leveza<\/strong> e <strong data-start=\"525\" data-end=\"536\">finura<\/strong>, o que significa que pode proteger os seus produtos enquanto proporciona uma apresenta\u00e7\u00e3o cuidada. Gra\u00e7as ao seu formato de <strong data-start=\"642\" data-end=\"656\">33 x 40 cm<\/strong>, \u00e9 f\u00e1cil de adaptar a diferentes tipos de alimentos: sandes, pastelaria, queijo, carnes frias ou mesmo takeaway. Al\u00e9m disso, a impress\u00e3o confere um toque <strong data-start=\"832\" data-end=\"851\">profissional<\/strong> e <strong data-start=\"855\" data-end=\"869\">atrativo<\/strong> que refor\u00e7a a imagem da sua marca.  <\/p>\n<p data-start=\"914\" data-end=\"1305\">Mas isso n\u00e3o \u00e9 tudo. <strong>O papel de seda<\/strong> tamb\u00e9m se destaca pela sua <strong data-start=\"989\" data-end=\"1004\">versatilidade<\/strong>. Ele pode ser usado tanto para embrulhar quanto para separar os pratos, evitando que os alimentos grudem uns nos outros. A sua textura suave e resistente torna-o um aliado indispens\u00e1vel no dia a dia de <strong data-start=\"1225\" data-end=\"1241\">padarias<\/strong>, <strong data-start=\"1243\" data-end=\"1253\">snack-bares<\/strong>, <strong data-start=\"1255\" data-end=\"1278\">restaurantes de fast-food<\/strong> e <strong data-start=\"1289\" data-end=\"1302\">catering<\/strong>.   <\/p>\n<p data-start=\"1307\" data-end=\"1606\">Ao escolher esta embalagem <strong data-start=\"1344\" data-end=\"1353\">de 10 kg<\/strong>, est\u00e1 a optar por um stock generoso, o que lhe permite poupar tempo e reduzir o reabastecimento. \u00c9 uma solu\u00e7\u00e3o econ\u00f3mica, mas tamb\u00e9m pr\u00e1tica, porque tem sempre \u00e0 m\u00e3o o papel necess\u00e1rio para satisfazer as suas necessidades. <\/p>\n<p data-start=\"1608\" data-end=\"1835\">Em suma, este <strong data-start=\"1622\" data-end=\"1651\">papel tissue impresso<\/strong> alia <strong data-start=\"1670\" data-end=\"1684\">est\u00e9tica<\/strong>, <strong data-start=\"1686\" data-end=\"1699\">praticidade<\/strong> e <strong data-start=\"1703\" data-end=\"1717\">efic\u00e1cia<\/strong>. \u00c9 um must-have para quem quer oferecer aos seus clientes embalagens com a mesma qualidade dos seus produtos. <\/p>\n<p data-start=\"1608\" data-end=\"1835\">\n<p data-start=\"1506\" data-end=\"1740\"><!--more--><\/p>\n<h4 data-start=\"1506\" data-end=\"1740\">Vantagens :<\/h4>\n<ul>\n<li data-start=\"1506\" data-end=\"1740\">Formato de <strong data-start=\"2072\" data-end=\"2086\">33 x 40 cm<\/strong> adequado para uma vasta gama de utiliza\u00e7\u00f5es alimentares.<\/li>\n<li data-start=\"1506\" data-end=\"1740\">Papel <strong data-start=\"2139\" data-end=\"2166\">leve, fino e resistente.<\/strong><\/li>\n<li data-start=\"1506\" data-end=\"1740\">Uma apresenta\u00e7\u00e3o <strong data-start=\"2196\" data-end=\"2226\">profissional e polida.<\/strong><\/li>\n<li data-start=\"1506\" data-end=\"1740\">Embalagem econ\u00f3mica de <strong data-start=\"2261\" data-end=\"2270\">10 kg.<\/strong><\/li>\n<li data-start=\"1506\" data-end=\"1740\">Ideal para padarias, snack-bares, catering e estabelecimentos de fast food.<\/li>\n<\/ul>\n<p>&nbsp;<\/p>\n<p><!--more--><\/p>\n<h4>Outras informa\u00e7\u00f5es :<\/h4>\n<ul>\n<li><strong>Embalagem<\/strong>: caixa de 10 kg<\/li>\n<li><strong>Material<\/strong>: Papel<\/li>\n<li><strong>Dimens\u00f5es<\/strong>: <span style=\"caret-color: #212529; background-color: #ffffff;\">33 x 40 cm<\/span><\/li>\n<li><strong>Cor<\/strong>: Branco \/ Amarelo<\/li>\n<\/ul>\n<p>&nbsp;<\/p>\n<p><!--more--><\/p>\n<p><a href=\"https:\/\/www.csj-emballages.com\/pt-pt\/categorie-produit\/embalagem-de-alimentos\/padaria-e-pastelaria\/sacos-saquetas-e-papel\/papel-de-seda\/\">Ver o resto da nossa gama de pap\u00e9is tissue<\/a><\/p>\n","protected":false},"excerpt":{"rendered":"<p>Folha de papel de seda Descri\u00e7\u00e3o do nosso papel de musselina 33 x 40 cm 10 kg<\/p>\n","protected":false},"featured_media":6784,"template":"","meta":{"_acf_changed":false},"product_brand":[],"product_cat":[1177,3919,2888],"product_tag":[],"class_list":{"0":"post-22072","1":"product","2":"type-product","3":"status-publish","4":"has-post-thumbnail","6":"product_cat-padaria-e-pastelaria","7":"product_cat-sacos-saquetas-e-papel","8":"product_cat-papel-de-seda","10":"first","11":"instock","12":"taxable","13":"shipping-taxable","14":"purchasable","15":"product-type-simple"},"acf":[],"yoast_head":"<!-- This site is optimized with the Yoast SEO Premium plugin v26.6 (Yoast SEO v26.6) - https:\/\/yoast.com\/wordpress\/plugins\/seo\/ -->\n<title>Folha de papel de musselina 33 x 40 cm 10 kg<\/title>\n<meta name=\"description\" content=\"Papel tissue impresso 33x40 cm - 10 kg. Pr\u00e1tico, elegante e vers\u00e1til para embrulhar e proteger os seus alimentos com estilo.\" \/>\n<meta name=\"robots\" content=\"index, follow, max-snippet:-1, max-image-preview:large, max-video-preview:-1\" \/>\n<link rel=\"canonical\" href=\"https:\/\/www.csj-emballages.com\/pt-pt\/produit\/papel-de-seda-33x40cm-10-kg\/\" \/>\n<meta property=\"og:locale\" content=\"pt_PT\" \/>\n<meta property=\"og:type\" content=\"article\" \/>\n<meta property=\"og:title\" content=\"Papel de seda 33x40cm 10 kg\" \/>\n<meta property=\"og:description\" content=\"Papel tissue impresso 33x40 cm - 10 kg. Pr\u00e1tico, elegante e vers\u00e1til para embrulhar e proteger os seus alimentos com estilo.\" \/>\n<meta property=\"og:url\" content=\"https:\/\/www.csj-emballages.com\/pt-pt\/produit\/papel-de-seda-33x40cm-10-kg\/\" \/>\n<meta property=\"og:site_name\" content=\"CSJ Emballages\" \/>\n<meta property=\"article:publisher\" content=\"https:\/\/www.facebook.com\/csjemballages\" \/>\n<meta property=\"article:modified_time\" content=\"2026-04-10T00:14:15+00:00\" \/>\n<meta property=\"og:image\" content=\"https:\/\/www.csj-emballages.com\/wp-content\/uploads\/2024\/03\/mousseline-avec-decor-37x60-cm-x-1-firplast-014967003-product-zoom-zoom-jpg.webp\" \/>\n\t<meta property=\"og:image:width\" content=\"640\" \/>\n\t<meta property=\"og:image:height\" content=\"480\" \/>\n\t<meta property=\"og:image:type\" content=\"image\/jpeg\" \/>\n<meta name=\"twitter:card\" content=\"summary_large_image\" \/>\n<meta name=\"twitter:label1\" content=\"Tempo estimado de leitura\" \/>\n\t<meta name=\"twitter:data1\" content=\"2 minutos\" \/>\n<script type=\"application\/ld+json\" class=\"yoast-schema-graph\">{\"@context\":\"https:\/\/schema.org\",\"@graph\":[{\"@type\":\"WebPage\",\"@id\":\"https:\/\/www.csj-emballages.com\/pt-pt\/produit\/papel-de-seda-33x40cm-10-kg\/\",\"url\":\"https:\/\/www.csj-emballages.com\/pt-pt\/produit\/papel-de-seda-33x40cm-10-kg\/\",\"name\":\"Folha de papel de musselina 33 x 40 cm 10 kg\",\"isPartOf\":{\"@id\":\"https:\/\/www.csj-emballages.com\/pt-pt\/#website\"},\"primaryImageOfPage\":{\"@id\":\"https:\/\/www.csj-emballages.com\/pt-pt\/produit\/papel-de-seda-33x40cm-10-kg\/#primaryimage\"},\"image\":{\"@id\":\"https:\/\/www.csj-emballages.com\/pt-pt\/produit\/papel-de-seda-33x40cm-10-kg\/#primaryimage\"},\"thumbnailUrl\":\"https:\/\/www.csj-emballages.com\/wp-content\/uploads\/2024\/03\/mousseline-avec-decor-37x60-cm-x-1-firplast-014967003-product-zoom-zoom-jpg.webp\",\"datePublished\":\"2024-03-01T15:51:42+00:00\",\"dateModified\":\"2026-04-10T00:14:15+00:00\",\"description\":\"Papel tissue impresso 33x40 cm - 10 kg. Pr\u00e1tico, elegante e vers\u00e1til para embrulhar e proteger os seus alimentos com estilo.\",\"breadcrumb\":{\"@id\":\"https:\/\/www.csj-emballages.com\/pt-pt\/produit\/papel-de-seda-33x40cm-10-kg\/#breadcrumb\"},\"inLanguage\":\"pt-PT\",\"potentialAction\":[{\"@type\":\"ReadAction\",\"target\":[\"https:\/\/www.csj-emballages.com\/pt-pt\/produit\/papel-de-seda-33x40cm-10-kg\/\"]}]},{\"@type\":\"ImageObject\",\"inLanguage\":\"pt-PT\",\"@id\":\"https:\/\/www.csj-emballages.com\/pt-pt\/produit\/papel-de-seda-33x40cm-10-kg\/#primaryimage\",\"url\":\"https:\/\/www.csj-emballages.com\/wp-content\/uploads\/2024\/03\/mousseline-avec-decor-37x60-cm-x-1-firplast-014967003-product-zoom-zoom-jpg.webp\",\"contentUrl\":\"https:\/\/www.csj-emballages.com\/wp-content\/uploads\/2024\/03\/mousseline-avec-decor-37x60-cm-x-1-firplast-014967003-product-zoom-zoom-jpg.webp\",\"width\":640,\"height\":480,\"caption\":\"Feuille de papier mousseline\u00a0\"},{\"@type\":\"BreadcrumbList\",\"@id\":\"https:\/\/www.csj-emballages.com\/pt-pt\/produit\/papel-de-seda-33x40cm-10-kg\/#breadcrumb\",\"itemListElement\":[{\"@type\":\"ListItem\",\"position\":1,\"name\":\"Acolhimento\",\"item\":\"https:\/\/www.csj-emballages.com\/pt-pt\/universo-das-embalagens-alimentares\/\"},{\"@type\":\"ListItem\",\"position\":2,\"name\":\"Shop\",\"item\":\"https:\/\/www.csj-emballages.com\/shop\/\"},{\"@type\":\"ListItem\",\"position\":3,\"name\":\"Papel de seda 33x40cm 10 kg\"}]},{\"@type\":\"WebSite\",\"@id\":\"https:\/\/www.csj-emballages.com\/pt-pt\/#website\",\"url\":\"https:\/\/www.csj-emballages.com\/pt-pt\/\",\"name\":\"CSJ Emballages\",\"description\":\"\",\"publisher\":{\"@id\":\"https:\/\/www.csj-emballages.com\/pt-pt\/#organization\"},\"potentialAction\":[{\"@type\":\"SearchAction\",\"target\":{\"@type\":\"EntryPoint\",\"urlTemplate\":\"https:\/\/www.csj-emballages.com\/pt-pt\/?s={search_term_string}\"},\"query-input\":{\"@type\":\"PropertyValueSpecification\",\"valueRequired\":true,\"valueName\":\"search_term_string\"}}],\"inLanguage\":\"pt-PT\"},{\"@type\":\"Organization\",\"@id\":\"https:\/\/www.csj-emballages.com\/pt-pt\/#Organization\/\",\"name\":\"CSJ Emballages\",\"url\":\"https:\/\/www.csj-emballages.com\/pt-pt\/\",\"logo\":{\"@type\":\"ImageObject\",\"inLanguage\":\"pt-PT\",\"@id\":\"https:\/\/www.csj-emballages.com\/pt-pt\/#\/schema\/logo\/image\/\",\"url\":\"https:\/\/www.csj-emballages.com\/wp-content\/uploads\/2023\/10\/logo_csj.webp\",\"contentUrl\":\"https:\/\/www.csj-emballages.com\/wp-content\/uploads\/2023\/10\/logo_csj.webp\",\"width\":250,\"height\":95,\"caption\":\"CSJ Emballages\"},\"image\":{\"@id\":\"https:\/\/www.csj-emballages.com\/pt-pt\/#\/schema\/logo\/image\/\"},\"sameAs\":[\"https:\/\/www.facebook.com\/csjemballages\"],\"address\":{\"@type\":\"PostalAddress\",\"streetAddress\":\"ZI La Lechere\",\"addressLocality\":\"Patornay\",\"postalCode\":\"39130\",\"addressCountry\":\"FR\"},\"contactPoint\":[{\"@type\":\"ContactPoint\",\"contactType\":\"Service client\",\"telephone\":\"0384254272\",\"email\":\"contact@csj-emballages.com\"}]}]}<\/script>\n<!-- \/ Yoast SEO Premium plugin. -->","yoast_head_json":{"title":"Folha de papel de musselina 33 x 40 cm 10 kg","description":"Papel tissue impresso 33x40 cm - 10 kg. Pr\u00e1tico, elegante e vers\u00e1til para embrulhar e proteger os seus alimentos com estilo.","robots":{"index":"index","follow":"follow","max-snippet":"max-snippet:-1","max-image-preview":"max-image-preview:large","max-video-preview":"max-video-preview:-1"},"canonical":"https:\/\/www.csj-emballages.com\/pt-pt\/produit\/papel-de-seda-33x40cm-10-kg\/","og_locale":"pt_PT","og_type":"article","og_title":"Papel de seda 33x40cm 10 kg","og_description":"Papel tissue impresso 33x40 cm - 10 kg. Pr\u00e1tico, elegante e vers\u00e1til para embrulhar e proteger os seus alimentos com estilo.","og_url":"https:\/\/www.csj-emballages.com\/pt-pt\/produit\/papel-de-seda-33x40cm-10-kg\/","og_site_name":"CSJ Emballages","article_publisher":"https:\/\/www.facebook.com\/csjemballages","article_modified_time":"2026-04-10T00:14:15+00:00","og_image":[{"width":640,"height":480,"url":"https:\/\/www.csj-emballages.com\/wp-content\/uploads\/2024\/03\/mousseline-avec-decor-37x60-cm-x-1-firplast-014967003-product-zoom-zoom-jpg.webp","type":"image\/jpeg"}],"twitter_card":"summary_large_image","twitter_misc":{"Tempo estimado de leitura":"2 minutos"},"schema":{"@context":"https:\/\/schema.org","@graph":[{"@type":"WebPage","@id":"https:\/\/www.csj-emballages.com\/pt-pt\/produit\/papel-de-seda-33x40cm-10-kg\/","url":"https:\/\/www.csj-emballages.com\/pt-pt\/produit\/papel-de-seda-33x40cm-10-kg\/","name":"Folha de papel de musselina 33 x 40 cm 10 kg","isPartOf":{"@id":"https:\/\/www.csj-emballages.com\/pt-pt\/#website"},"primaryImageOfPage":{"@id":"https:\/\/www.csj-emballages.com\/pt-pt\/produit\/papel-de-seda-33x40cm-10-kg\/#primaryimage"},"image":{"@id":"https:\/\/www.csj-emballages.com\/pt-pt\/produit\/papel-de-seda-33x40cm-10-kg\/#primaryimage"},"thumbnailUrl":"https:\/\/www.csj-emballages.com\/wp-content\/uploads\/2024\/03\/mousseline-avec-decor-37x60-cm-x-1-firplast-014967003-product-zoom-zoom-jpg.webp","datePublished":"2024-03-01T15:51:42+00:00","dateModified":"2026-04-10T00:14:15+00:00","description":"Papel tissue impresso 33x40 cm - 10 kg. Pr\u00e1tico, elegante e vers\u00e1til para embrulhar e proteger os seus alimentos com estilo.","breadcrumb":{"@id":"https:\/\/www.csj-emballages.com\/pt-pt\/produit\/papel-de-seda-33x40cm-10-kg\/#breadcrumb"},"inLanguage":"pt-PT","potentialAction":[{"@type":"ReadAction","target":["https:\/\/www.csj-emballages.com\/pt-pt\/produit\/papel-de-seda-33x40cm-10-kg\/"]}]},{"@type":"ImageObject","inLanguage":"pt-PT","@id":"https:\/\/www.csj-emballages.com\/pt-pt\/produit\/papel-de-seda-33x40cm-10-kg\/#primaryimage","url":"https:\/\/www.csj-emballages.com\/wp-content\/uploads\/2024\/03\/mousseline-avec-decor-37x60-cm-x-1-firplast-014967003-product-zoom-zoom-jpg.webp","contentUrl":"https:\/\/www.csj-emballages.com\/wp-content\/uploads\/2024\/03\/mousseline-avec-decor-37x60-cm-x-1-firplast-014967003-product-zoom-zoom-jpg.webp","width":640,"height":480,"caption":"Feuille de papier mousseline\u00a0"},{"@type":"BreadcrumbList","@id":"https:\/\/www.csj-emballages.com\/pt-pt\/produit\/papel-de-seda-33x40cm-10-kg\/#breadcrumb","itemListElement":[{"@type":"ListItem","position":1,"name":"Acolhimento","item":"https:\/\/www.csj-emballages.com\/pt-pt\/universo-das-embalagens-alimentares\/"},{"@type":"ListItem","position":2,"name":"Shop","item":"https:\/\/www.csj-emballages.com\/shop\/"},{"@type":"ListItem","position":3,"name":"Papel de seda 33x40cm 10 kg"}]},{"@type":"WebSite","@id":"https:\/\/www.csj-emballages.com\/pt-pt\/#website","url":"https:\/\/www.csj-emballages.com\/pt-pt\/","name":"CSJ Emballages","description":"","publisher":{"@id":"https:\/\/www.csj-emballages.com\/pt-pt\/#organization"},"potentialAction":[{"@type":"SearchAction","target":{"@type":"EntryPoint","urlTemplate":"https:\/\/www.csj-emballages.com\/pt-pt\/?s={search_term_string}"},"query-input":{"@type":"PropertyValueSpecification","valueRequired":true,"valueName":"search_term_string"}}],"inLanguage":"pt-PT"},{"@type":"Organization","@id":"https:\/\/www.csj-emballages.com\/pt-pt\/#Organization\/","name":"CSJ Emballages","url":"https:\/\/www.csj-emballages.com\/pt-pt\/","logo":{"@type":"ImageObject","inLanguage":"pt-PT","@id":"https:\/\/www.csj-emballages.com\/pt-pt\/#\/schema\/logo\/image\/","url":"https:\/\/www.csj-emballages.com\/wp-content\/uploads\/2023\/10\/logo_csj.webp","contentUrl":"https:\/\/www.csj-emballages.com\/wp-content\/uploads\/2023\/10\/logo_csj.webp","width":250,"height":95,"caption":"CSJ Emballages"},"image":{"@id":"https:\/\/www.csj-emballages.com\/pt-pt\/#\/schema\/logo\/image\/"},"sameAs":["https:\/\/www.facebook.com\/csjemballages"],"address":{"@type":"PostalAddress","streetAddress":"ZI La Lechere","addressLocality":"Patornay","postalCode":"39130","addressCountry":"FR"},"contactPoint":[{"@type":"ContactPoint","contactType":"Service client","telephone":"0384254272","email":"contact@csj-emballages.com"}]}]}},"df_price":42,"df_sale_price":"","df_regular_price":42,"df_image_link":"https:\/\/www.csj-emballages.com\/wp-content\/uploads\/2024\/03\/mousseline-avec-decor-37x60-cm-x-1-firplast-014967003-product-zoom-zoom-300x225.webp","tiered_pricing_type":"fixed","tiered_pricing_fixed_rules":[],"tiered_pricing_percentage_rules":[],"tiered_pricing_minimum":1,"tiered_pricing_roles_data":[],"_links":{"self":[{"href":"https:\/\/www.csj-emballages.com\/pt-pt\/wp-json\/wp\/v2\/product\/22072","targetHints":{"allow":["GET"]}}],"collection":[{"href":"https:\/\/www.csj-emballages.com\/pt-pt\/wp-json\/wp\/v2\/product"}],"about":[{"href":"https:\/\/www.csj-emballages.com\/pt-pt\/wp-json\/wp\/v2\/types\/product"}],"wp:featuredmedia":[{"embeddable":true,"href":"https:\/\/www.csj-emballages.com\/pt-pt\/wp-json\/wp\/v2\/media\/6784"}],"wp:attachment":[{"href":"https:\/\/www.csj-emballages.com\/pt-pt\/wp-json\/wp\/v2\/media?parent=22072"}],"wp:term":[{"taxonomy":"product_brand","embeddable":true,"href":"https:\/\/www.csj-emballages.com\/pt-pt\/wp-json\/wp\/v2\/product_brand?post=22072"},{"taxonomy":"product_cat","embeddable":true,"href":"https:\/\/www.csj-emballages.com\/pt-pt\/wp-json\/wp\/v2\/product_cat?post=22072"},{"taxonomy":"product_tag","embeddable":true,"href":"https:\/\/www.csj-emballages.com\/pt-pt\/wp-json\/wp\/v2\/product_tag?post=22072"}],"curies":[{"name":"wp","href":"https:\/\/api.w.org\/{rel}","templated":true}]}}