{"id":22066,"date":"2024-03-01T16:51:43","date_gmt":"2024-03-01T15:51:43","guid":{"rendered":"https:\/\/u15jnbdpoq.preview.infomaniak.website\/produit\/100-formas-de-aluminio-descartaveis-para-bolos-de-595-ml\/"},"modified":"2026-04-03T02:17:45","modified_gmt":"2026-04-03T00:17:45","slug":"100-formas-de-aluminio-descartaveis-para-bolos-de-595-ml","status":"publish","type":"product","link":"https:\/\/www.csj-emballages.com\/pt-pt\/produit\/100-formas-de-aluminio-descartaveis-para-bolos-de-595-ml\/","title":{"rendered":"Forma de bolo ingl\u00eas em alum\u00ednio 540 ml, pack de 100"},"content":{"rendered":"<h2>Forma de bolo<\/h2>\n<hr>\n<h3>Descri\u00e7\u00e3o da nossa forma de alum\u00ednio para bolos 595 ml por 100<\/h3>\n<p><!--more--><\/p>\n<p data-start=\"28\" data-end=\"413\">A <strong data-start=\"31\" data-end=\"68\">forma de bolo ingl\u00eas em alum\u00ednio de 595 ml<\/strong> \u00e9 indispens\u00e1vel para <strong data-start=\"99\" data-end=\"157\">padarias, empresas de catering, restaurantes e particulares<\/strong> que desejam preparar e cozinhar os seus bolos, p\u00e3es e outras prepara\u00e7\u00f5es doces ou salgadas com toda a simplicidade. Gra\u00e7as ao seu material de alum\u00ednio, oferece uma excelente condu\u00e7\u00e3o de calor, garantindo uma cozedura uniforme e homog\u00e9nea das suas receitas. Concebida para ser resistente e pr\u00e1tica, esta <strong>forma de alum\u00ednio<\/strong> \u00e9 ideal para refei\u00e7\u00f5es para levar, eventos ou utiliza\u00e7\u00e3o profissional em grande escala. Al\u00e9m disso, o seu formato de <strong>595 ml<\/strong> \u00e9 perfeitamente adequado para por\u00e7\u00f5es generosas e permite uma apresenta\u00e7\u00e3o cuidada dos pratos.<\/p>\n<p data-start=\"722\" data-end=\"970\">O seu design robusto mant\u00e9m bem a forma dos alimentos, mas \u00e9 leve e f\u00e1cil de manusear. Em resumo, esta <strong>forma de bolo ingl\u00eas<\/strong> \u00e9 <strong data-start=\"838\" data-end=\"858\">recicl\u00e1vel<\/strong>, oferecendo uma solu\u00e7\u00e3o pr\u00e1tica e ecol\u00f3gica para a cozedura e transporte das suas cria\u00e7\u00f5es culin\u00e1rias.<\/p>\n<p><!--more--><\/p>\n<p><strong>As suas vantagens:<\/strong><\/p>\n<ul>\n<li data-start=\"990\" data-end=\"1077\"><strong data-start=\"992\" data-end=\"1012\">Cozedura homog\u00e9nea<\/strong>: excelente condu\u00e7\u00e3o de calor para resultados \u00f3ptimos.<\/li>\n<li data-start=\"1078\" data-end=\"1155\"><strong data-start=\"1080\" data-end=\"1099\">Tamanho generoso<\/strong>: 595 ml de capacidade, ideal para bolos e p\u00e3es.<\/li>\n<li data-start=\"1156\" data-end=\"1240\"><strong data-start=\"1158\" data-end=\"1183\">Pr\u00e1tico e resistente<\/strong>: Mant\u00e9m as prepara\u00e7\u00f5es em forma sem distor\u00e7\u00e3o.<\/li>\n<li data-start=\"1241\" data-end=\"1325\"><strong data-start=\"1243\" data-end=\"1268\">Descart\u00e1vel e recicl\u00e1vel<\/strong>: f\u00e1cil de utilizar e amigo do ambiente.<\/li>\n<li data-start=\"1326\" data-end=\"1401\"><strong data-start=\"1328\" data-end=\"1348\">Utiliza\u00e7\u00e3o vers\u00e1til<\/strong>: Esta forma para bolos \u00e9 adequada tanto para uso profissional como privado.<\/li>\n<\/ul>\n<p>&nbsp;<\/p>\n<p><!--more--><\/p>\n<h4>Outras informa\u00e7\u00f5es :<\/h4>\n<ul>\n<li><strong>Embalagem<\/strong>: Pacote de 100<\/li>\n<li><strong>Dimens\u00f5es interiores<\/strong>: 165 x 70 mm<\/li>\n<li><strong>Dimens\u00f5es exteriores<\/strong>: 200 x 90 mm<\/li>\n<li><strong>Altura<\/strong>: 50 mm<\/li>\n<li><strong>Volume<\/strong>: 595 ml<\/li>\n<li><strong>Material<\/strong>: Alum\u00ednio<\/li>\n<li><b>Temperatura de funcionamento <\/b>: -40\u00b0C \/ +350\u00b0C<\/li>\n<\/ul>\n<p>&nbsp;<\/p>\n<p><!--more--><\/p>\n<p>Este produto est\u00e1 dispon\u00edvel em v\u00e1rios tamanhos: <span style=\"color: #d12727\"><a style=\"color: #d12727\" href=\"https:\/\/www.csj-emballages.com\/produit\/100-moules-a-cake-jetables-aluminium-600-ml\/\">600 ml<\/a> <span style=\"color: #000000\">\/ <\/span><a style=\"color: #d12727\" href=\"https:\/\/www.csj-emballages.com\/es\/produit\/100-moldes-desechables-de-aluminio-para-tartas-1050-ml\/\">1050 ml<\/a> <span style=\"color: #000000\">\/ <\/span><a style=\"color: #d12727\" href=\"https:\/\/www.csj-emballages.com\/produit\/50-moules-a-cake-jetables-aluminium-1640-ml\/\">1640 ml<\/a> <\/span>\/ <span style=\"color: #d12727\"><a style=\"color: #d12727\" href=\"https:\/\/www.csj-emballages.com\/es\/produit\/50-moldes-desechables-de-aluminio-para-tartas-2270-ml\/\">2270 ml<\/a><\/span><\/p>\n<p>&nbsp;<\/p>\n<p><!--more--><\/p>\n<p><a href=\"https:\/\/www.csj-emballages.com\/pt-pt\/categorie-produit\/embalagem-de-alimentos\/talho-e-charcutaria\/tabuleiros-latas-e-frascos\/tabuleiros-de-aluminio-pratos-formas-tabuleiros-de-refeicao-copos-ramequins-empadas-de-carne\/formas-para-bolos\/\">Ver o resto da nossa gama de formas para bolos<\/a><\/p>\n","protected":false},"excerpt":{"rendered":"<p>Forma de bolo Descri\u00e7\u00e3o da nossa forma de alum\u00ednio para bolos 595 ml por 100<\/p>\n","protected":false},"featured_media":228053,"template":"","meta":{"_acf_changed":false},"product_brand":[],"product_cat":[1141,1176,2001,2884],"product_tag":[],"class_list":{"0":"post-22066","1":"product","2":"type-product","3":"status-publish","4":"has-post-thumbnail","6":"product_cat-embalagem-de-alimentos","7":"product_cat-talho-e-charcutaria","8":"product_cat-tabuleiros-de-aluminio-pratos-formas-tabuleiros-de-refeicao-copos-ramequins-empadas-de-carne","9":"product_cat-formas-para-bolos","11":"first","12":"instock","13":"taxable","14":"shipping-taxable","15":"purchasable","16":"product-type-simple"},"acf":[],"yoast_head":"<!-- This site is optimized with the Yoast SEO Premium plugin v26.6 (Yoast SEO v26.6) - https:\/\/yoast.com\/wordpress\/plugins\/seo\/ -->\n<title>Forma para bolos em alum\u00ednio 595 ml por 100<\/title>\n<meta name=\"description\" content=\"Forma de alum\u00ednio para bolos de 595 ml, embalagem de 100, ideal para uma cozedura homog\u00e9nea e um transporte seguro. Pr\u00e1ticas, recicl\u00e1veis e resistentes.\" \/>\n<meta name=\"robots\" content=\"index, follow, max-snippet:-1, max-image-preview:large, max-video-preview:-1\" \/>\n<link rel=\"canonical\" href=\"https:\/\/www.csj-emballages.com\/pt-pt\/produit\/100-formas-de-aluminio-descartaveis-para-bolos-de-595-ml\/\" \/>\n<meta property=\"og:locale\" content=\"pt_PT\" \/>\n<meta property=\"og:type\" content=\"article\" \/>\n<meta property=\"og:title\" content=\"Forma de bolo ingl\u00eas em alum\u00ednio 540 ml, pack de 100\" \/>\n<meta property=\"og:description\" content=\"Forma de alum\u00ednio para bolos de 595 ml, embalagem de 100, ideal para uma cozedura homog\u00e9nea e um transporte seguro. Pr\u00e1ticas, recicl\u00e1veis e resistentes.\" \/>\n<meta property=\"og:url\" content=\"https:\/\/www.csj-emballages.com\/pt-pt\/produit\/100-formas-de-aluminio-descartaveis-para-bolos-de-595-ml\/\" \/>\n<meta property=\"og:site_name\" content=\"CSJ Emballages\" \/>\n<meta property=\"article:publisher\" content=\"https:\/\/www.facebook.com\/csjemballages\" \/>\n<meta property=\"article:modified_time\" content=\"2026-04-03T00:17:45+00:00\" \/>\n<meta property=\"og:image\" content=\"https:\/\/www.csj-emballages.com\/wp-content\/uploads\/2024\/03\/MO-600-X-60.webp\" \/>\n\t<meta property=\"og:image:width\" content=\"800\" \/>\n\t<meta property=\"og:image:height\" content=\"800\" \/>\n\t<meta property=\"og:image:type\" content=\"image\/webp\" \/>\n<meta name=\"twitter:card\" content=\"summary_large_image\" \/>\n<meta name=\"twitter:label1\" content=\"Tempo estimado de leitura\" \/>\n\t<meta name=\"twitter:data1\" content=\"2 minutos\" \/>\n<script type=\"application\/ld+json\" class=\"yoast-schema-graph\">{\"@context\":\"https:\/\/schema.org\",\"@graph\":[{\"@type\":\"WebPage\",\"@id\":\"https:\/\/www.csj-emballages.com\/pt-pt\/produit\/100-formas-de-aluminio-descartaveis-para-bolos-de-595-ml\/\",\"url\":\"https:\/\/www.csj-emballages.com\/pt-pt\/produit\/100-formas-de-aluminio-descartaveis-para-bolos-de-595-ml\/\",\"name\":\"Forma para bolos em alum\u00ednio 595 ml por 100\",\"isPartOf\":{\"@id\":\"https:\/\/www.csj-emballages.com\/pt-pt\/#website\"},\"primaryImageOfPage\":{\"@id\":\"https:\/\/www.csj-emballages.com\/pt-pt\/produit\/100-formas-de-aluminio-descartaveis-para-bolos-de-595-ml\/#primaryimage\"},\"image\":{\"@id\":\"https:\/\/www.csj-emballages.com\/pt-pt\/produit\/100-formas-de-aluminio-descartaveis-para-bolos-de-595-ml\/#primaryimage\"},\"thumbnailUrl\":\"https:\/\/www.csj-emballages.com\/wp-content\/uploads\/2024\/03\/MO-600-X-60.webp\",\"datePublished\":\"2024-03-01T15:51:43+00:00\",\"dateModified\":\"2026-04-03T00:17:45+00:00\",\"description\":\"Forma de alum\u00ednio para bolos de 595 ml, embalagem de 100, ideal para uma cozedura homog\u00e9nea e um transporte seguro. Pr\u00e1ticas, recicl\u00e1veis e resistentes.\",\"breadcrumb\":{\"@id\":\"https:\/\/www.csj-emballages.com\/pt-pt\/produit\/100-formas-de-aluminio-descartaveis-para-bolos-de-595-ml\/#breadcrumb\"},\"inLanguage\":\"pt-PT\",\"potentialAction\":[{\"@type\":\"ReadAction\",\"target\":[\"https:\/\/www.csj-emballages.com\/pt-pt\/produit\/100-formas-de-aluminio-descartaveis-para-bolos-de-595-ml\/\"]}]},{\"@type\":\"ImageObject\",\"inLanguage\":\"pt-PT\",\"@id\":\"https:\/\/www.csj-emballages.com\/pt-pt\/produit\/100-formas-de-aluminio-descartaveis-para-bolos-de-595-ml\/#primaryimage\",\"url\":\"https:\/\/www.csj-emballages.com\/wp-content\/uploads\/2024\/03\/MO-600-X-60.webp\",\"contentUrl\":\"https:\/\/www.csj-emballages.com\/wp-content\/uploads\/2024\/03\/MO-600-X-60.webp\",\"width\":800,\"height\":800,\"caption\":\"Moule \u00e0 cake\"},{\"@type\":\"BreadcrumbList\",\"@id\":\"https:\/\/www.csj-emballages.com\/pt-pt\/produit\/100-formas-de-aluminio-descartaveis-para-bolos-de-595-ml\/#breadcrumb\",\"itemListElement\":[{\"@type\":\"ListItem\",\"position\":1,\"name\":\"Acolhimento\",\"item\":\"https:\/\/www.csj-emballages.com\/pt-pt\/universo-das-embalagens-alimentares\/\"},{\"@type\":\"ListItem\",\"position\":2,\"name\":\"Shop\",\"item\":\"https:\/\/www.csj-emballages.com\/shop\/\"},{\"@type\":\"ListItem\",\"position\":3,\"name\":\"Forma de bolo ingl\u00eas em alum\u00ednio 540 ml, pack de 100\"}]},{\"@type\":\"WebSite\",\"@id\":\"https:\/\/www.csj-emballages.com\/pt-pt\/#website\",\"url\":\"https:\/\/www.csj-emballages.com\/pt-pt\/\",\"name\":\"CSJ Emballages\",\"description\":\"\",\"publisher\":{\"@id\":\"https:\/\/www.csj-emballages.com\/pt-pt\/#organization\"},\"potentialAction\":[{\"@type\":\"SearchAction\",\"target\":{\"@type\":\"EntryPoint\",\"urlTemplate\":\"https:\/\/www.csj-emballages.com\/pt-pt\/?s={search_term_string}\"},\"query-input\":{\"@type\":\"PropertyValueSpecification\",\"valueRequired\":true,\"valueName\":\"search_term_string\"}}],\"inLanguage\":\"pt-PT\"},{\"@type\":\"Organization\",\"@id\":\"https:\/\/www.csj-emballages.com\/pt-pt\/#Organization\/\",\"name\":\"CSJ Emballages\",\"url\":\"https:\/\/www.csj-emballages.com\/pt-pt\/\",\"logo\":{\"@type\":\"ImageObject\",\"inLanguage\":\"pt-PT\",\"@id\":\"https:\/\/www.csj-emballages.com\/pt-pt\/#\/schema\/logo\/image\/\",\"url\":\"https:\/\/www.csj-emballages.com\/wp-content\/uploads\/2023\/10\/logo_csj.webp\",\"contentUrl\":\"https:\/\/www.csj-emballages.com\/wp-content\/uploads\/2023\/10\/logo_csj.webp\",\"width\":250,\"height\":95,\"caption\":\"CSJ Emballages\"},\"image\":{\"@id\":\"https:\/\/www.csj-emballages.com\/pt-pt\/#\/schema\/logo\/image\/\"},\"sameAs\":[\"https:\/\/www.facebook.com\/csjemballages\"],\"address\":{\"@type\":\"PostalAddress\",\"streetAddress\":\"ZI La Lechere\",\"addressLocality\":\"Patornay\",\"postalCode\":\"39130\",\"addressCountry\":\"FR\"},\"contactPoint\":[{\"@type\":\"ContactPoint\",\"contactType\":\"Service client\",\"telephone\":\"0384254272\",\"email\":\"contact@csj-emballages.com\"}]}]}<\/script>\n<!-- \/ Yoast SEO Premium plugin. -->","yoast_head_json":{"title":"Forma para bolos em alum\u00ednio 595 ml por 100","description":"Forma de alum\u00ednio para bolos de 595 ml, embalagem de 100, ideal para uma cozedura homog\u00e9nea e um transporte seguro. Pr\u00e1ticas, recicl\u00e1veis e resistentes.","robots":{"index":"index","follow":"follow","max-snippet":"max-snippet:-1","max-image-preview":"max-image-preview:large","max-video-preview":"max-video-preview:-1"},"canonical":"https:\/\/www.csj-emballages.com\/pt-pt\/produit\/100-formas-de-aluminio-descartaveis-para-bolos-de-595-ml\/","og_locale":"pt_PT","og_type":"article","og_title":"Forma de bolo ingl\u00eas em alum\u00ednio 540 ml, pack de 100","og_description":"Forma de alum\u00ednio para bolos de 595 ml, embalagem de 100, ideal para uma cozedura homog\u00e9nea e um transporte seguro. Pr\u00e1ticas, recicl\u00e1veis e resistentes.","og_url":"https:\/\/www.csj-emballages.com\/pt-pt\/produit\/100-formas-de-aluminio-descartaveis-para-bolos-de-595-ml\/","og_site_name":"CSJ Emballages","article_publisher":"https:\/\/www.facebook.com\/csjemballages","article_modified_time":"2026-04-03T00:17:45+00:00","og_image":[{"width":800,"height":800,"url":"https:\/\/www.csj-emballages.com\/wp-content\/uploads\/2024\/03\/MO-600-X-60.webp","type":"image\/webp"}],"twitter_card":"summary_large_image","twitter_misc":{"Tempo estimado de leitura":"2 minutos"},"schema":{"@context":"https:\/\/schema.org","@graph":[{"@type":"WebPage","@id":"https:\/\/www.csj-emballages.com\/pt-pt\/produit\/100-formas-de-aluminio-descartaveis-para-bolos-de-595-ml\/","url":"https:\/\/www.csj-emballages.com\/pt-pt\/produit\/100-formas-de-aluminio-descartaveis-para-bolos-de-595-ml\/","name":"Forma para bolos em alum\u00ednio 595 ml por 100","isPartOf":{"@id":"https:\/\/www.csj-emballages.com\/pt-pt\/#website"},"primaryImageOfPage":{"@id":"https:\/\/www.csj-emballages.com\/pt-pt\/produit\/100-formas-de-aluminio-descartaveis-para-bolos-de-595-ml\/#primaryimage"},"image":{"@id":"https:\/\/www.csj-emballages.com\/pt-pt\/produit\/100-formas-de-aluminio-descartaveis-para-bolos-de-595-ml\/#primaryimage"},"thumbnailUrl":"https:\/\/www.csj-emballages.com\/wp-content\/uploads\/2024\/03\/MO-600-X-60.webp","datePublished":"2024-03-01T15:51:43+00:00","dateModified":"2026-04-03T00:17:45+00:00","description":"Forma de alum\u00ednio para bolos de 595 ml, embalagem de 100, ideal para uma cozedura homog\u00e9nea e um transporte seguro. Pr\u00e1ticas, recicl\u00e1veis e resistentes.","breadcrumb":{"@id":"https:\/\/www.csj-emballages.com\/pt-pt\/produit\/100-formas-de-aluminio-descartaveis-para-bolos-de-595-ml\/#breadcrumb"},"inLanguage":"pt-PT","potentialAction":[{"@type":"ReadAction","target":["https:\/\/www.csj-emballages.com\/pt-pt\/produit\/100-formas-de-aluminio-descartaveis-para-bolos-de-595-ml\/"]}]},{"@type":"ImageObject","inLanguage":"pt-PT","@id":"https:\/\/www.csj-emballages.com\/pt-pt\/produit\/100-formas-de-aluminio-descartaveis-para-bolos-de-595-ml\/#primaryimage","url":"https:\/\/www.csj-emballages.com\/wp-content\/uploads\/2024\/03\/MO-600-X-60.webp","contentUrl":"https:\/\/www.csj-emballages.com\/wp-content\/uploads\/2024\/03\/MO-600-X-60.webp","width":800,"height":800,"caption":"Moule \u00e0 cake"},{"@type":"BreadcrumbList","@id":"https:\/\/www.csj-emballages.com\/pt-pt\/produit\/100-formas-de-aluminio-descartaveis-para-bolos-de-595-ml\/#breadcrumb","itemListElement":[{"@type":"ListItem","position":1,"name":"Acolhimento","item":"https:\/\/www.csj-emballages.com\/pt-pt\/universo-das-embalagens-alimentares\/"},{"@type":"ListItem","position":2,"name":"Shop","item":"https:\/\/www.csj-emballages.com\/shop\/"},{"@type":"ListItem","position":3,"name":"Forma de bolo ingl\u00eas em alum\u00ednio 540 ml, pack de 100"}]},{"@type":"WebSite","@id":"https:\/\/www.csj-emballages.com\/pt-pt\/#website","url":"https:\/\/www.csj-emballages.com\/pt-pt\/","name":"CSJ Emballages","description":"","publisher":{"@id":"https:\/\/www.csj-emballages.com\/pt-pt\/#organization"},"potentialAction":[{"@type":"SearchAction","target":{"@type":"EntryPoint","urlTemplate":"https:\/\/www.csj-emballages.com\/pt-pt\/?s={search_term_string}"},"query-input":{"@type":"PropertyValueSpecification","valueRequired":true,"valueName":"search_term_string"}}],"inLanguage":"pt-PT"},{"@type":"Organization","@id":"https:\/\/www.csj-emballages.com\/pt-pt\/#Organization\/","name":"CSJ Emballages","url":"https:\/\/www.csj-emballages.com\/pt-pt\/","logo":{"@type":"ImageObject","inLanguage":"pt-PT","@id":"https:\/\/www.csj-emballages.com\/pt-pt\/#\/schema\/logo\/image\/","url":"https:\/\/www.csj-emballages.com\/wp-content\/uploads\/2023\/10\/logo_csj.webp","contentUrl":"https:\/\/www.csj-emballages.com\/wp-content\/uploads\/2023\/10\/logo_csj.webp","width":250,"height":95,"caption":"CSJ Emballages"},"image":{"@id":"https:\/\/www.csj-emballages.com\/pt-pt\/#\/schema\/logo\/image\/"},"sameAs":["https:\/\/www.facebook.com\/csjemballages"],"address":{"@type":"PostalAddress","streetAddress":"ZI La Lechere","addressLocality":"Patornay","postalCode":"39130","addressCountry":"FR"},"contactPoint":[{"@type":"ContactPoint","contactType":"Service client","telephone":"0384254272","email":"contact@csj-emballages.com"}]}]}},"df_price":16.78,"df_sale_price":"","df_regular_price":16.78,"df_image_link":"https:\/\/www.csj-emballages.com\/wp-content\/uploads\/2024\/03\/MO-600-X-60-300x300.webp","tiered_pricing_type":"fixed","tiered_pricing_fixed_rules":[],"tiered_pricing_percentage_rules":[],"tiered_pricing_minimum":1,"tiered_pricing_roles_data":[],"_links":{"self":[{"href":"https:\/\/www.csj-emballages.com\/pt-pt\/wp-json\/wp\/v2\/product\/22066","targetHints":{"allow":["GET"]}}],"collection":[{"href":"https:\/\/www.csj-emballages.com\/pt-pt\/wp-json\/wp\/v2\/product"}],"about":[{"href":"https:\/\/www.csj-emballages.com\/pt-pt\/wp-json\/wp\/v2\/types\/product"}],"wp:featuredmedia":[{"embeddable":true,"href":"https:\/\/www.csj-emballages.com\/pt-pt\/wp-json\/wp\/v2\/media\/228053"}],"wp:attachment":[{"href":"https:\/\/www.csj-emballages.com\/pt-pt\/wp-json\/wp\/v2\/media?parent=22066"}],"wp:term":[{"taxonomy":"product_brand","embeddable":true,"href":"https:\/\/www.csj-emballages.com\/pt-pt\/wp-json\/wp\/v2\/product_brand?post=22066"},{"taxonomy":"product_cat","embeddable":true,"href":"https:\/\/www.csj-emballages.com\/pt-pt\/wp-json\/wp\/v2\/product_cat?post=22066"},{"taxonomy":"product_tag","embeddable":true,"href":"https:\/\/www.csj-emballages.com\/pt-pt\/wp-json\/wp\/v2\/product_tag?post=22066"}],"curies":[{"name":"wp","href":"https:\/\/api.w.org\/{rel}","templated":true}]}}