{"id":22025,"date":"2024-03-01T16:51:48","date_gmt":"2024-03-01T15:51:48","guid":{"rendered":"https:\/\/u15jnbdpoq.preview.infomaniak.website\/produit\/1-mascara-branca-tipo-modelo-kn95\/"},"modified":"2026-03-25T02:14:38","modified_gmt":"2026-03-25T01:14:38","slug":"1-mascara-branca-tipo-modelo-kn95","status":"publish","type":"product","link":"https:\/\/www.csj-emballages.com\/pt-pt\/produit\/1-mascara-branca-tipo-modelo-kn95\/","title":{"rendered":"M\u00e1scara FFP2 filtrante branca com estrutura sem v\u00e1lvula NR D &#8211; Tamanho \u00fanico"},"content":{"rendered":"<h2 class=\"p1\">M\u00e1scara cir\u00fargica<\/h2>\n<hr>\n<h3>Descubra a nossa m\u00e1scara cir\u00fargica azul de 3 camadas de alta filtra\u00e7\u00e3o com el\u00e1sticos, embalagem de 50 unidades<\/h3>\n<p><!--more--><\/p>\n<p data-start=\"235\" data-end=\"546\">Esta <strong data-start=\"238\" data-end=\"270\">m\u00e1scara FFP2 filtrante com estrutura<\/strong> foi concebida para oferecer um <strong>elevado n\u00edvel de prote\u00e7\u00e3o<\/strong>, mantendo-se confort\u00e1vel de usar. A sua estrutura r\u00edgida em forma de concha permite manter a m\u00e1scara bem assente, sem se esmagar contra o rosto. Resultado: a respira\u00e7\u00e3o torna-se mais agrad\u00e1vel, mesmo durante uma utiliza\u00e7\u00e3o prolongada.  <\/p>\n<p data-start=\"548\" data-end=\"911\">Gra\u00e7as \u00e0 sua <strong data-start=\"559\" data-end=\"585\">filtragem eficiente<\/strong>, esta m\u00e1scara limita eficazmente a inala\u00e7\u00e3o de part\u00edculas finas. A aus\u00eancia de v\u00e1lvula garante prote\u00e7\u00e3o nos dois sentidos, o que a torna perfeitamente adequada para ambientes onde a seguran\u00e7a coletiva \u00e9 essencial. A sua cor branca, s\u00f3bria e discreta, integra-se facilmente em todos os contextos profissionais.  <\/p>\n<p data-start=\"913\" data-end=\"1265\">O <strong data-start=\"916\" data-end=\"933\">tamanho \u00fanico<\/strong> adapta-se \u00e0 <strong>maioria dos rostos<\/strong> gra\u00e7as a uma fixa\u00e7\u00e3o fi\u00e1vel e a uma boa ergonomia. A m\u00e1scara assenta corretamente sem exercer press\u00e3o excessiva, o que melhora o conforto ao longo das horas. Al\u00e9m disso, a sua conce\u00e7\u00e3o <strong data-start=\"1154\" data-end=\"1162\">NR D<\/strong> indica que se destina a uma utiliza\u00e7\u00e3o \u00fanica e que resiste \u00e0 obstru\u00e7\u00e3o, mesmo em ambientes poeirentos.  <\/p>\n<p data-start=\"1267\" data-end=\"1548\">Este modelo \u00e9 adequado tanto para profissionais como para particulares que necessitem de prote\u00e7\u00e3o refor\u00e7ada: <strong>setores m\u00e9dicos, industriais, estaleiros, coletividades ou ambientes frequentados<\/strong>. Coloca-se facilmente e permanece est\u00e1vel durante todo o per\u00edodo de utiliza\u00e7\u00e3o. <\/p>\n<p data-start=\"1550\" data-end=\"1752\">Em resumo, esta <strong>m\u00e1scara FFP2 com estrutura sem v\u00e1lvula<\/strong> combina elevada prote\u00e7\u00e3o, conforto e simplicidade. \u00c9 uma solu\u00e7\u00e3o fi\u00e1vel para se proteger eficazmente, sem comprometer o conforto ou a respirabilidade. <\/p>\n<p data-start=\"1550\" data-end=\"1752\">\n<p data-start=\"1568\" data-end=\"1745\"><!--more--><\/p>\n<h4 data-start=\"1568\" data-end=\"1745\">Vantagens :<\/h4>\n<ul>\n<li data-start=\"1780\" data-end=\"1813\"><strong>M\u00e1scara FFP2<\/strong> com alta filtra\u00e7\u00e3o.<\/li>\n<li data-start=\"1816\" data-end=\"1856\">Forma de estrutura para uma melhor fixa\u00e7\u00e3o.<\/li>\n<li data-start=\"1859\" data-end=\"1901\"><strong>Sem v\u00e1lvula<\/strong> para uma prote\u00e7\u00e3o completa.<\/li>\n<li data-start=\"1904\" data-end=\"1936\">Resistente \u00e0 obstru\u00e7\u00e3o (<strong>NR D<\/strong>).<\/li>\n<li data-start=\"1939\" data-end=\"1973\">Tamanho \u00fanico, f\u00e1cil de ajustar.<\/li>\n<li data-start=\"1976\" data-end=\"2014\">Confort\u00e1vel mesmo durante longos per\u00edodos.<\/li>\n<\/ul>\n<p>&nbsp;<\/p>\n<p><!--more--><\/p>\n<h4>Outras informa\u00e7\u00f5es :<\/h4>\n<ul>\n<li><strong>Embalagem<\/strong>: Por unidade<\/li>\n<li><strong>Dimens\u00f5es<\/strong>: 139 x 127 x 54 mm<\/li>\n<li><strong>Material<\/strong>: Polipropileno<\/li>\n<\/ul>\n<p>&nbsp;<\/p>\n<p><!--more--><\/p>\n<p>Encontre aqui a nossa m\u00e1scara cir\u00fargica azul: <span style=\"color: #d12727;\"><a style=\"color: #d12727;\" href=\"https:\/\/www.csj-emballages.com\/produit\/50-masques-chirurgical-bleu-3-plis-de-chirurgie-haute-filtration-a-elastiques\/?_gl=1*otih6i*_up*MQ..*_ga*MTc1MDkwOTk4Ny4xNzY5Njk1NTI5*_ga_YNVJLRSSZT*czE3Njk2OTU1MjgkbzEkZzAkdDE3Njk2OTU4NzEkajUzJGwwJGg3NjE0ODY1Njg.\">MASQ2<\/a><\/span><\/p>\n<p>&nbsp;<\/p>\n<p><!--more--><\/p>\n<p><a href=\"https:\/\/www.csj-emballages.com\/categorie-produit\/hygiene-et-entretiens\/equipements-individuels\/masques\/?_gl=1*v3bgse*_up*MQ..*_ga*MTk4MDE3NTE0Ny4xNzY5NjkzMzEz*_ga_YNVJLRSSZT*czE3Njk2OTMzMTIkbzEkZzAkdDE3Njk2OTMzNjYkajYkbDAkaDE3Nzc1ODQ4ODQ.\">Consulte o resto da nossa gama de m\u00e1scaras<\/a><\/p>\n<p>&nbsp;<\/p>\n","protected":false},"excerpt":{"rendered":"<p>M\u00e1scara cir\u00fargica Descubra a nossa m\u00e1scara cir\u00fargica azul de 3 camadas de alta filtra\u00e7\u00e3o com el\u00e1sticos, embalagem de 50 unidades<\/p>\n","protected":false},"featured_media":262794,"template":"","meta":{"_acf_changed":false},"product_brand":[],"product_cat":[1141,1222,2326,2868,10271],"product_tag":[],"class_list":{"0":"post-22025","1":"product","2":"type-product","3":"status-publish","4":"has-post-thumbnail","6":"product_cat-embalagem-de-alimentos","7":"product_cat-higiene-e-manutencao","8":"product_cat-equipamento-individual","9":"product_cat-mascaras","10":"product_cat-apuramento","12":"first","13":"instock","14":"sale","15":"taxable","16":"shipping-taxable","17":"purchasable","18":"product-type-simple"},"acf":[],"yoast_head":"<!-- This site is optimized with the Yoast SEO Premium plugin v26.6 (Yoast SEO v26.6) - https:\/\/yoast.com\/wordpress\/plugins\/seo\/ -->\n<title>M\u00e1scara FFP2 Filtrante Branca com Estrutura sem V\u00e1lvula - Tamanho \u00fanico<\/title>\n<meta name=\"description\" content=\"M\u00e1scara FFP2 branca com estrutura sem v\u00e1lvula NR D. Alta filtra\u00e7\u00e3o, tamanho \u00fanico e fixa\u00e7\u00e3o confort\u00e1vel para uma prote\u00e7\u00e3o refor\u00e7ada no dia a dia.\" \/>\n<meta name=\"robots\" content=\"index, follow, max-snippet:-1, max-image-preview:large, max-video-preview:-1\" \/>\n<link rel=\"canonical\" href=\"https:\/\/www.csj-emballages.com\/pt-pt\/produit\/1-mascara-branca-tipo-modelo-kn95\/\" \/>\n<meta property=\"og:locale\" content=\"pt_PT\" \/>\n<meta property=\"og:type\" content=\"article\" \/>\n<meta property=\"og:title\" content=\"M\u00e1scara FFP2 filtrante branca com estrutura sem v\u00e1lvula NR D - Tamanho \u00fanico\" \/>\n<meta property=\"og:description\" content=\"M\u00e1scara FFP2 branca com estrutura sem v\u00e1lvula NR D. Alta filtra\u00e7\u00e3o, tamanho \u00fanico e fixa\u00e7\u00e3o confort\u00e1vel para uma prote\u00e7\u00e3o refor\u00e7ada no dia a dia.\" \/>\n<meta property=\"og:url\" content=\"https:\/\/www.csj-emballages.com\/pt-pt\/produit\/1-mascara-branca-tipo-modelo-kn95\/\" \/>\n<meta property=\"og:site_name\" content=\"CSJ Emballages\" \/>\n<meta property=\"article:publisher\" content=\"https:\/\/www.facebook.com\/csjemballages\" \/>\n<meta property=\"article:modified_time\" content=\"2026-03-25T01:14:38+00:00\" \/>\n<meta property=\"og:image\" content=\"https:\/\/www.csj-emballages.com\/wp-content\/uploads\/2024\/03\/masque-FFP2.webp\" \/>\n\t<meta property=\"og:image:width\" content=\"800\" \/>\n\t<meta property=\"og:image:height\" content=\"800\" \/>\n\t<meta property=\"og:image:type\" content=\"image\/webp\" \/>\n<meta name=\"twitter:card\" content=\"summary_large_image\" \/>\n<script type=\"application\/ld+json\" class=\"yoast-schema-graph\">{\"@context\":\"https:\/\/schema.org\",\"@graph\":[{\"@type\":\"WebPage\",\"@id\":\"https:\/\/www.csj-emballages.com\/pt-pt\/produit\/1-mascara-branca-tipo-modelo-kn95\/\",\"url\":\"https:\/\/www.csj-emballages.com\/pt-pt\/produit\/1-mascara-branca-tipo-modelo-kn95\/\",\"name\":\"M\u00e1scara FFP2 Filtrante Branca com Estrutura sem V\u00e1lvula - Tamanho \u00fanico\",\"isPartOf\":{\"@id\":\"https:\/\/www.csj-emballages.com\/pt-pt\/#website\"},\"primaryImageOfPage\":{\"@id\":\"https:\/\/www.csj-emballages.com\/pt-pt\/produit\/1-mascara-branca-tipo-modelo-kn95\/#primaryimage\"},\"image\":{\"@id\":\"https:\/\/www.csj-emballages.com\/pt-pt\/produit\/1-mascara-branca-tipo-modelo-kn95\/#primaryimage\"},\"thumbnailUrl\":\"https:\/\/www.csj-emballages.com\/wp-content\/uploads\/2024\/03\/masque-FFP2.webp\",\"datePublished\":\"2024-03-01T15:51:48+00:00\",\"dateModified\":\"2026-03-25T01:14:38+00:00\",\"description\":\"M\u00e1scara FFP2 branca com estrutura sem v\u00e1lvula NR D. Alta filtra\u00e7\u00e3o, tamanho \u00fanico e fixa\u00e7\u00e3o confort\u00e1vel para uma prote\u00e7\u00e3o refor\u00e7ada no dia a dia.\",\"breadcrumb\":{\"@id\":\"https:\/\/www.csj-emballages.com\/pt-pt\/produit\/1-mascara-branca-tipo-modelo-kn95\/#breadcrumb\"},\"inLanguage\":\"pt-PT\",\"potentialAction\":[{\"@type\":\"ReadAction\",\"target\":[\"https:\/\/www.csj-emballages.com\/pt-pt\/produit\/1-mascara-branca-tipo-modelo-kn95\/\"]}]},{\"@type\":\"ImageObject\",\"inLanguage\":\"pt-PT\",\"@id\":\"https:\/\/www.csj-emballages.com\/pt-pt\/produit\/1-mascara-branca-tipo-modelo-kn95\/#primaryimage\",\"url\":\"https:\/\/www.csj-emballages.com\/wp-content\/uploads\/2024\/03\/masque-FFP2.webp\",\"contentUrl\":\"https:\/\/www.csj-emballages.com\/wp-content\/uploads\/2024\/03\/masque-FFP2.webp\",\"width\":800,\"height\":800,\"caption\":\"Masque FFP2\"},{\"@type\":\"BreadcrumbList\",\"@id\":\"https:\/\/www.csj-emballages.com\/pt-pt\/produit\/1-mascara-branca-tipo-modelo-kn95\/#breadcrumb\",\"itemListElement\":[{\"@type\":\"ListItem\",\"position\":1,\"name\":\"Acolhimento\",\"item\":\"https:\/\/www.csj-emballages.com\/pt-pt\/universo-das-embalagens-alimentares\/\"},{\"@type\":\"ListItem\",\"position\":2,\"name\":\"Shop\",\"item\":\"https:\/\/www.csj-emballages.com\/shop\/\"},{\"@type\":\"ListItem\",\"position\":3,\"name\":\"M\u00e1scara FFP2 filtrante branca com estrutura sem v\u00e1lvula NR D &#8211; Tamanho \u00fanico\"}]},{\"@type\":\"WebSite\",\"@id\":\"https:\/\/www.csj-emballages.com\/pt-pt\/#website\",\"url\":\"https:\/\/www.csj-emballages.com\/pt-pt\/\",\"name\":\"CSJ Emballages\",\"description\":\"\",\"publisher\":{\"@id\":\"https:\/\/www.csj-emballages.com\/pt-pt\/#organization\"},\"potentialAction\":[{\"@type\":\"SearchAction\",\"target\":{\"@type\":\"EntryPoint\",\"urlTemplate\":\"https:\/\/www.csj-emballages.com\/pt-pt\/?s={search_term_string}\"},\"query-input\":{\"@type\":\"PropertyValueSpecification\",\"valueRequired\":true,\"valueName\":\"search_term_string\"}}],\"inLanguage\":\"pt-PT\"},{\"@type\":\"Organization\",\"@id\":\"https:\/\/www.csj-emballages.com\/pt-pt\/#Organization\/\",\"name\":\"CSJ Emballages\",\"url\":\"https:\/\/www.csj-emballages.com\/pt-pt\/\",\"logo\":{\"@type\":\"ImageObject\",\"inLanguage\":\"pt-PT\",\"@id\":\"https:\/\/www.csj-emballages.com\/pt-pt\/#\/schema\/logo\/image\/\",\"url\":\"https:\/\/www.csj-emballages.com\/wp-content\/uploads\/2023\/10\/logo_csj.webp\",\"contentUrl\":\"https:\/\/www.csj-emballages.com\/wp-content\/uploads\/2023\/10\/logo_csj.webp\",\"width\":250,\"height\":95,\"caption\":\"CSJ Emballages\"},\"image\":{\"@id\":\"https:\/\/www.csj-emballages.com\/pt-pt\/#\/schema\/logo\/image\/\"},\"sameAs\":[\"https:\/\/www.facebook.com\/csjemballages\"],\"address\":{\"@type\":\"PostalAddress\",\"streetAddress\":\"ZI La Lechere\",\"addressLocality\":\"Patornay\",\"postalCode\":\"39130\",\"addressCountry\":\"FR\"},\"contactPoint\":[{\"@type\":\"ContactPoint\",\"contactType\":\"Service client\",\"telephone\":\"0384254272\",\"email\":\"contact@csj-emballages.com\"}]}]}<\/script>\n<!-- \/ Yoast SEO Premium plugin. -->","yoast_head_json":{"title":"M\u00e1scara FFP2 Filtrante Branca com Estrutura sem V\u00e1lvula - Tamanho \u00fanico","description":"M\u00e1scara FFP2 branca com estrutura sem v\u00e1lvula NR D. Alta filtra\u00e7\u00e3o, tamanho \u00fanico e fixa\u00e7\u00e3o confort\u00e1vel para uma prote\u00e7\u00e3o refor\u00e7ada no dia a dia.","robots":{"index":"index","follow":"follow","max-snippet":"max-snippet:-1","max-image-preview":"max-image-preview:large","max-video-preview":"max-video-preview:-1"},"canonical":"https:\/\/www.csj-emballages.com\/pt-pt\/produit\/1-mascara-branca-tipo-modelo-kn95\/","og_locale":"pt_PT","og_type":"article","og_title":"M\u00e1scara FFP2 filtrante branca com estrutura sem v\u00e1lvula NR D - Tamanho \u00fanico","og_description":"M\u00e1scara FFP2 branca com estrutura sem v\u00e1lvula NR D. Alta filtra\u00e7\u00e3o, tamanho \u00fanico e fixa\u00e7\u00e3o confort\u00e1vel para uma prote\u00e7\u00e3o refor\u00e7ada no dia a dia.","og_url":"https:\/\/www.csj-emballages.com\/pt-pt\/produit\/1-mascara-branca-tipo-modelo-kn95\/","og_site_name":"CSJ Emballages","article_publisher":"https:\/\/www.facebook.com\/csjemballages","article_modified_time":"2026-03-25T01:14:38+00:00","og_image":[{"width":800,"height":800,"url":"https:\/\/www.csj-emballages.com\/wp-content\/uploads\/2024\/03\/masque-FFP2.webp","type":"image\/webp"}],"twitter_card":"summary_large_image","schema":{"@context":"https:\/\/schema.org","@graph":[{"@type":"WebPage","@id":"https:\/\/www.csj-emballages.com\/pt-pt\/produit\/1-mascara-branca-tipo-modelo-kn95\/","url":"https:\/\/www.csj-emballages.com\/pt-pt\/produit\/1-mascara-branca-tipo-modelo-kn95\/","name":"M\u00e1scara FFP2 Filtrante Branca com Estrutura sem V\u00e1lvula - Tamanho \u00fanico","isPartOf":{"@id":"https:\/\/www.csj-emballages.com\/pt-pt\/#website"},"primaryImageOfPage":{"@id":"https:\/\/www.csj-emballages.com\/pt-pt\/produit\/1-mascara-branca-tipo-modelo-kn95\/#primaryimage"},"image":{"@id":"https:\/\/www.csj-emballages.com\/pt-pt\/produit\/1-mascara-branca-tipo-modelo-kn95\/#primaryimage"},"thumbnailUrl":"https:\/\/www.csj-emballages.com\/wp-content\/uploads\/2024\/03\/masque-FFP2.webp","datePublished":"2024-03-01T15:51:48+00:00","dateModified":"2026-03-25T01:14:38+00:00","description":"M\u00e1scara FFP2 branca com estrutura sem v\u00e1lvula NR D. Alta filtra\u00e7\u00e3o, tamanho \u00fanico e fixa\u00e7\u00e3o confort\u00e1vel para uma prote\u00e7\u00e3o refor\u00e7ada no dia a dia.","breadcrumb":{"@id":"https:\/\/www.csj-emballages.com\/pt-pt\/produit\/1-mascara-branca-tipo-modelo-kn95\/#breadcrumb"},"inLanguage":"pt-PT","potentialAction":[{"@type":"ReadAction","target":["https:\/\/www.csj-emballages.com\/pt-pt\/produit\/1-mascara-branca-tipo-modelo-kn95\/"]}]},{"@type":"ImageObject","inLanguage":"pt-PT","@id":"https:\/\/www.csj-emballages.com\/pt-pt\/produit\/1-mascara-branca-tipo-modelo-kn95\/#primaryimage","url":"https:\/\/www.csj-emballages.com\/wp-content\/uploads\/2024\/03\/masque-FFP2.webp","contentUrl":"https:\/\/www.csj-emballages.com\/wp-content\/uploads\/2024\/03\/masque-FFP2.webp","width":800,"height":800,"caption":"Masque FFP2"},{"@type":"BreadcrumbList","@id":"https:\/\/www.csj-emballages.com\/pt-pt\/produit\/1-mascara-branca-tipo-modelo-kn95\/#breadcrumb","itemListElement":[{"@type":"ListItem","position":1,"name":"Acolhimento","item":"https:\/\/www.csj-emballages.com\/pt-pt\/universo-das-embalagens-alimentares\/"},{"@type":"ListItem","position":2,"name":"Shop","item":"https:\/\/www.csj-emballages.com\/shop\/"},{"@type":"ListItem","position":3,"name":"M\u00e1scara FFP2 filtrante branca com estrutura sem v\u00e1lvula NR D &#8211; Tamanho \u00fanico"}]},{"@type":"WebSite","@id":"https:\/\/www.csj-emballages.com\/pt-pt\/#website","url":"https:\/\/www.csj-emballages.com\/pt-pt\/","name":"CSJ Emballages","description":"","publisher":{"@id":"https:\/\/www.csj-emballages.com\/pt-pt\/#organization"},"potentialAction":[{"@type":"SearchAction","target":{"@type":"EntryPoint","urlTemplate":"https:\/\/www.csj-emballages.com\/pt-pt\/?s={search_term_string}"},"query-input":{"@type":"PropertyValueSpecification","valueRequired":true,"valueName":"search_term_string"}}],"inLanguage":"pt-PT"},{"@type":"Organization","@id":"https:\/\/www.csj-emballages.com\/pt-pt\/#Organization\/","name":"CSJ Emballages","url":"https:\/\/www.csj-emballages.com\/pt-pt\/","logo":{"@type":"ImageObject","inLanguage":"pt-PT","@id":"https:\/\/www.csj-emballages.com\/pt-pt\/#\/schema\/logo\/image\/","url":"https:\/\/www.csj-emballages.com\/wp-content\/uploads\/2023\/10\/logo_csj.webp","contentUrl":"https:\/\/www.csj-emballages.com\/wp-content\/uploads\/2023\/10\/logo_csj.webp","width":250,"height":95,"caption":"CSJ Emballages"},"image":{"@id":"https:\/\/www.csj-emballages.com\/pt-pt\/#\/schema\/logo\/image\/"},"sameAs":["https:\/\/www.facebook.com\/csjemballages"],"address":{"@type":"PostalAddress","streetAddress":"ZI La Lechere","addressLocality":"Patornay","postalCode":"39130","addressCountry":"FR"},"contactPoint":[{"@type":"ContactPoint","contactType":"Service client","telephone":"0384254272","email":"contact@csj-emballages.com"}]}]}},"df_price":0.93,"df_sale_price":0.93,"df_regular_price":1.16,"df_image_link":"https:\/\/www.csj-emballages.com\/wp-content\/uploads\/2024\/03\/masque-FFP2-300x300.webp","tiered_pricing_type":"fixed","tiered_pricing_fixed_rules":[],"tiered_pricing_percentage_rules":[],"tiered_pricing_minimum":1,"tiered_pricing_roles_data":[],"_links":{"self":[{"href":"https:\/\/www.csj-emballages.com\/pt-pt\/wp-json\/wp\/v2\/product\/22025","targetHints":{"allow":["GET"]}}],"collection":[{"href":"https:\/\/www.csj-emballages.com\/pt-pt\/wp-json\/wp\/v2\/product"}],"about":[{"href":"https:\/\/www.csj-emballages.com\/pt-pt\/wp-json\/wp\/v2\/types\/product"}],"wp:featuredmedia":[{"embeddable":true,"href":"https:\/\/www.csj-emballages.com\/pt-pt\/wp-json\/wp\/v2\/media\/262794"}],"wp:attachment":[{"href":"https:\/\/www.csj-emballages.com\/pt-pt\/wp-json\/wp\/v2\/media?parent=22025"}],"wp:term":[{"taxonomy":"product_brand","embeddable":true,"href":"https:\/\/www.csj-emballages.com\/pt-pt\/wp-json\/wp\/v2\/product_brand?post=22025"},{"taxonomy":"product_cat","embeddable":true,"href":"https:\/\/www.csj-emballages.com\/pt-pt\/wp-json\/wp\/v2\/product_cat?post=22025"},{"taxonomy":"product_tag","embeddable":true,"href":"https:\/\/www.csj-emballages.com\/pt-pt\/wp-json\/wp\/v2\/product_tag?post=22025"}],"curies":[{"name":"wp","href":"https:\/\/api.w.org\/{rel}","templated":true}]}}