{"id":22019,"date":"2024-03-01T16:51:48","date_gmt":"2024-03-01T15:51:48","guid":{"rendered":"https:\/\/u15jnbdpoq.preview.infomaniak.website\/produit\/250-formas-de-plastico-para-cones-de-gelatina\/"},"modified":"2026-03-28T02:13:54","modified_gmt":"2026-03-28T01:13:54","slug":"250-formas-de-plastico-para-cones-de-gelatina","status":"publish","type":"product","link":"https:\/\/www.csj-emballages.com\/pt-pt\/produit\/250-formas-de-plastico-para-cones-de-gelatina\/","title":{"rendered":"Molde para cone de fiambre, pl\u00e1stico, 250 unid."},"content":{"rendered":"<h2>Forma de gelatina<\/h2>\n<hr>\n<h3>Descri\u00e7\u00e3o do nosso molde de aspic cone de presunto de pl\u00e1stico por 250<\/h3>\n<p><!--more--><\/p>\n<div class=\"flex max-w-full flex-col flex-grow\">\n<div class=\"min-h-8 text-message flex w-full flex-col items-end gap-2 whitespace-normal break-words text-start [.text-message+&amp;]:mt-5\" dir=\"auto\" data-message-author-role=\"assistant\" data-message-id=\"266ca6f3-5e07-4948-bd20-80ac5e6da4a5\" data-message-model-slug=\"gpt-4o\">\n<div class=\"flex w-full flex-col gap-1 empty:hidden first:pt-[3px]\">\n<div class=\"markdown prose w-full break-words dark:prose-invert dark\">\n<p data-start=\"211\" data-end=\"619\">O <strong>molde para aspique cone de fiambre<\/strong> de <strong>pl\u00e1stico<\/strong> foi especialmente concebido para a confe\u00e7\u00e3o e apresenta\u00e7\u00e3o cuidada de prepara\u00e7\u00f5es frias, como <strong>aspique, cones de fiambre, entradas de catering ou amuse-bouches individuais<\/strong>. Em primeiro lugar, a sua <strong>forma c\u00f3nica<\/strong> permite criar apresenta\u00e7\u00f5es elegantes e uniformes, ideais para valorizar as prepara\u00e7\u00f5es em vitrines, em buffets ou em eventos profissionais. <\/p>\n<p data-start=\"621\" data-end=\"1085\">Fabricado em pl\u00e1stico r\u00edgido de qualidade alimentar, este molde garante uma boa consist\u00eancia das prepara\u00e7\u00f5es durante todo o processo de <strong>enchimento, arrefecimento e desenformar<\/strong>. Al\u00e9m disso, a sua <strong>transpar\u00eancia real\u00e7a os ingredientes<\/strong> e as camadas da receita, oferecendo um resultado <strong>visual atraente e profissional<\/strong>. \u00c9 particularmente apreciado por <strong>empresas de catering, charcuteiros, restauradores e organizadores de eventos<\/strong> que procuram uma solu\u00e7\u00e3o pr\u00e1tica e est\u00e9tica.  <\/p>\n<p data-start=\"1087\" data-end=\"1368\">De facto, o formato de <strong>cone<\/strong> \u00e9 perfeitamente adequado para prepara\u00e7\u00f5es \u00e0 base de <strong>fiambre, queijo fresco, mousse, legumes ou gelatina<\/strong>, permitindo uma dosagem precisa e homog\u00e9nea. F\u00e1cil de manusear, este <strong>molde<\/strong> simplifica o trabalho na cozinha e garante um resultado uniforme, mesmo em produ\u00e7\u00e3o em s\u00e9rie. <\/p>\n<p data-start=\"1370\" data-end=\"1628\">Embalado em <strong>lotes de 250 unidades<\/strong>, o <strong>molde para aspique cone de fiambre<\/strong> \u00e9 ideal para uso profissional intensivo. Em resumo, permite uma poupan\u00e7a de tempo consider\u00e1vel, garantindo uma apresenta\u00e7\u00e3o cuidada e higi\u00e9nica, em conformidade com as exig\u00eancias do setor alimentar. <\/p>\n<p data-start=\"1370\" data-end=\"1628\">\n<\/div>\n<\/div>\n<\/div>\n<\/div>\n<p><!--more--><\/p>\n<h4>Vantagens :<\/h4>\n<ul>\n<li>O pl\u00e1stico liso permite remover as prepara\u00e7\u00f5es sem esfor\u00e7o ou risco de quebra, garantindo uma apresenta\u00e7\u00e3o impec\u00e1vel.<\/li>\n<li>Cada molde oferece dimens\u00f5es id\u00eanticas, perfeitas para uma apresenta\u00e7\u00e3o profissional e harmoniosa.<\/li>\n<li>Suporta prepara\u00e7\u00f5es frias ou temperadas sem deforma\u00e7\u00e3o.<\/li>\n<li>Gra\u00e7as \u00e0 sua embalagem de 250 unidades, \u00e9 ideal para grandes produ\u00e7\u00f5es ou eventos.<\/li>\n<li>Os aspique ou outras prepara\u00e7\u00f5es permanecem intactos, gra\u00e7as \u00e0 solidez dos moldes.<\/li>\n<\/ul>\n<p>&nbsp;<\/p>\n<p><!--more--><\/p>\n<h4>Outras informa\u00e7\u00f5es :<\/h4>\n<ul>\n<li><strong>Embalagem<\/strong>: 250 unidades<\/li>\n<li><strong>Dimens\u00f5es<\/strong>: 67 x 83 (\u00d8 x H em mm)<\/li>\n<li><strong>Material<\/strong>: Tereftalato de polietileno (PET)<\/li>\n<li><strong>Utiliza\u00e7\u00e3o<\/strong>: Frio<\/li>\n<li><strong>Formato<\/strong>: Cornet \/ Smooth<\/li>\n<li><strong>Temperatura de funcionamento<\/strong>: -40\u00b0C\/+70\u00b0C<\/li>\n<\/ul>\n<p>&nbsp;<\/p>\n<p><!--more--><\/p>\n<p>Produto dispon\u00edvel em diferentes formatos: <span style=\"color: #d12727;\"><a style=\"color: #d12727;\" href=\"https:\/\/www.csj-emballages.com\/es\/produit\/150-moldes-ovalados-para-aspic-70-ml\/\">Oval<\/a><\/span> \/ <span style=\"color: #d12727;\"><a style=\"color: #d12727;\" href=\"https:\/\/www.csj-emballages.com\/es\/produit\/250-moldes-de-aspic-medallon-70-ml\/\">Medalh\u00e3o<\/a><\/span> \/ <span style=\"color: #d12727;\"><a style=\"color: #d12727;\" href=\"https:\/\/www.csj-emballages.com\/es\/produit\/100-moldes-de-plastico-para-agujas-de-gelatina\/\">Agulha<\/a><\/span><\/p>\n<p>&nbsp;<\/p>\n<p><!--more--><\/p>\n<p><a href=\"https:\/\/www.csj-emballages.com\/pt-pt\/categorie-produit\/embalagem-de-alimentos\/talho-e-charcutaria\/tabuleiros-latas-e-frascos\/tabuleiros-latas-frascos-para-alimentos\/moldes-de-gelatina\/\">V\u00ea o resto da nossa gama de moldes de gelatina<\/a><\/p>\n","protected":false},"excerpt":{"rendered":"<p>Forma de gelatina Descri\u00e7\u00e3o do nosso molde de aspic cone de presunto de pl\u00e1stico por 250<\/p>\n","protected":false},"featured_media":220984,"template":"","meta":{"_acf_changed":false},"product_brand":[],"product_cat":[1141,1176,1525,2862],"product_tag":[],"class_list":{"0":"post-22019","1":"product","2":"type-product","3":"status-publish","4":"has-post-thumbnail","6":"product_cat-embalagem-de-alimentos","7":"product_cat-talho-e-charcutaria","8":"product_cat-tabuleiros-latas-frascos-para-alimentos","9":"product_cat-moldes-de-gelatina","11":"first","12":"instock","13":"taxable","14":"shipping-taxable","15":"purchasable","16":"product-type-simple"},"acf":[],"yoast_head":"<!-- This site is optimized with the Yoast SEO Premium plugin v26.6 (Yoast SEO v26.6) - https:\/\/yoast.com\/wordpress\/plugins\/seo\/ -->\n<title>Molde Aspic Cone Ham, pl\u00e1stico, 250 unid.<\/title>\n<meta name=\"description\" content=\"Molde para aspique cone de fiambre de pl\u00e1stico, por 250 \u2013 Ideal para empresas de catering e particulares. Por\u00e7\u00f5es uniformes, f\u00e1cil de desenformar, higi\u00e9nico e pr\u00e1tico.\" \/>\n<meta name=\"robots\" content=\"index, follow, max-snippet:-1, max-image-preview:large, max-video-preview:-1\" \/>\n<link rel=\"canonical\" href=\"https:\/\/www.csj-emballages.com\/pt-pt\/produit\/250-formas-de-plastico-para-cones-de-gelatina\/\" \/>\n<meta property=\"og:locale\" content=\"pt_PT\" \/>\n<meta property=\"og:type\" content=\"article\" \/>\n<meta property=\"og:title\" content=\"Molde para cone de fiambre, pl\u00e1stico, 250 unid.\" \/>\n<meta property=\"og:description\" content=\"Molde para aspique cone de fiambre de pl\u00e1stico, por 250 \u2013 Ideal para empresas de catering e particulares. Por\u00e7\u00f5es uniformes, f\u00e1cil de desenformar, higi\u00e9nico e pr\u00e1tico.\" \/>\n<meta property=\"og:url\" content=\"https:\/\/www.csj-emballages.com\/pt-pt\/produit\/250-formas-de-plastico-para-cones-de-gelatina\/\" \/>\n<meta property=\"og:site_name\" content=\"CSJ Emballages\" \/>\n<meta property=\"article:publisher\" content=\"https:\/\/www.facebook.com\/csjemballages\" \/>\n<meta property=\"article:modified_time\" content=\"2026-03-28T01:13:54+00:00\" \/>\n<meta property=\"og:image\" content=\"https:\/\/www.csj-emballages.com\/wp-content\/uploads\/2024\/03\/cornet-jambon.webp\" \/>\n\t<meta property=\"og:image:width\" content=\"800\" \/>\n\t<meta property=\"og:image:height\" content=\"800\" \/>\n\t<meta property=\"og:image:type\" content=\"image\/webp\" \/>\n<meta name=\"twitter:card\" content=\"summary_large_image\" \/>\n<meta name=\"twitter:label1\" content=\"Tempo estimado de leitura\" \/>\n\t<meta name=\"twitter:data1\" content=\"2 minutos\" \/>\n<script type=\"application\/ld+json\" class=\"yoast-schema-graph\">{\"@context\":\"https:\/\/schema.org\",\"@graph\":[{\"@type\":\"WebPage\",\"@id\":\"https:\/\/www.csj-emballages.com\/pt-pt\/produit\/250-formas-de-plastico-para-cones-de-gelatina\/\",\"url\":\"https:\/\/www.csj-emballages.com\/pt-pt\/produit\/250-formas-de-plastico-para-cones-de-gelatina\/\",\"name\":\"Molde Aspic Cone Ham, pl\u00e1stico, 250 unid.\",\"isPartOf\":{\"@id\":\"https:\/\/www.csj-emballages.com\/pt-pt\/#website\"},\"primaryImageOfPage\":{\"@id\":\"https:\/\/www.csj-emballages.com\/pt-pt\/produit\/250-formas-de-plastico-para-cones-de-gelatina\/#primaryimage\"},\"image\":{\"@id\":\"https:\/\/www.csj-emballages.com\/pt-pt\/produit\/250-formas-de-plastico-para-cones-de-gelatina\/#primaryimage\"},\"thumbnailUrl\":\"https:\/\/www.csj-emballages.com\/wp-content\/uploads\/2024\/03\/cornet-jambon.webp\",\"datePublished\":\"2024-03-01T15:51:48+00:00\",\"dateModified\":\"2026-03-28T01:13:54+00:00\",\"description\":\"Molde para aspique cone de fiambre de pl\u00e1stico, por 250 \u2013 Ideal para empresas de catering e particulares. Por\u00e7\u00f5es uniformes, f\u00e1cil de desenformar, higi\u00e9nico e pr\u00e1tico.\",\"breadcrumb\":{\"@id\":\"https:\/\/www.csj-emballages.com\/pt-pt\/produit\/250-formas-de-plastico-para-cones-de-gelatina\/#breadcrumb\"},\"inLanguage\":\"pt-PT\",\"potentialAction\":[{\"@type\":\"ReadAction\",\"target\":[\"https:\/\/www.csj-emballages.com\/pt-pt\/produit\/250-formas-de-plastico-para-cones-de-gelatina\/\"]}]},{\"@type\":\"ImageObject\",\"inLanguage\":\"pt-PT\",\"@id\":\"https:\/\/www.csj-emballages.com\/pt-pt\/produit\/250-formas-de-plastico-para-cones-de-gelatina\/#primaryimage\",\"url\":\"https:\/\/www.csj-emballages.com\/wp-content\/uploads\/2024\/03\/cornet-jambon.webp\",\"contentUrl\":\"https:\/\/www.csj-emballages.com\/wp-content\/uploads\/2024\/03\/cornet-jambon.webp\",\"width\":800,\"height\":800,\"caption\":\"Moule \u00e0 aspic\"},{\"@type\":\"BreadcrumbList\",\"@id\":\"https:\/\/www.csj-emballages.com\/pt-pt\/produit\/250-formas-de-plastico-para-cones-de-gelatina\/#breadcrumb\",\"itemListElement\":[{\"@type\":\"ListItem\",\"position\":1,\"name\":\"Acolhimento\",\"item\":\"https:\/\/www.csj-emballages.com\/pt-pt\/universo-das-embalagens-alimentares\/\"},{\"@type\":\"ListItem\",\"position\":2,\"name\":\"Shop\",\"item\":\"https:\/\/www.csj-emballages.com\/shop\/\"},{\"@type\":\"ListItem\",\"position\":3,\"name\":\"Molde para cone de fiambre, pl\u00e1stico, 250 unid.\"}]},{\"@type\":\"WebSite\",\"@id\":\"https:\/\/www.csj-emballages.com\/pt-pt\/#website\",\"url\":\"https:\/\/www.csj-emballages.com\/pt-pt\/\",\"name\":\"CSJ Emballages\",\"description\":\"\",\"publisher\":{\"@id\":\"https:\/\/www.csj-emballages.com\/pt-pt\/#organization\"},\"potentialAction\":[{\"@type\":\"SearchAction\",\"target\":{\"@type\":\"EntryPoint\",\"urlTemplate\":\"https:\/\/www.csj-emballages.com\/pt-pt\/?s={search_term_string}\"},\"query-input\":{\"@type\":\"PropertyValueSpecification\",\"valueRequired\":true,\"valueName\":\"search_term_string\"}}],\"inLanguage\":\"pt-PT\"},{\"@type\":\"Organization\",\"@id\":\"https:\/\/www.csj-emballages.com\/pt-pt\/#Organization\/\",\"name\":\"CSJ Emballages\",\"url\":\"https:\/\/www.csj-emballages.com\/pt-pt\/\",\"logo\":{\"@type\":\"ImageObject\",\"inLanguage\":\"pt-PT\",\"@id\":\"https:\/\/www.csj-emballages.com\/pt-pt\/#\/schema\/logo\/image\/\",\"url\":\"https:\/\/www.csj-emballages.com\/wp-content\/uploads\/2023\/10\/logo_csj.webp\",\"contentUrl\":\"https:\/\/www.csj-emballages.com\/wp-content\/uploads\/2023\/10\/logo_csj.webp\",\"width\":250,\"height\":95,\"caption\":\"CSJ Emballages\"},\"image\":{\"@id\":\"https:\/\/www.csj-emballages.com\/pt-pt\/#\/schema\/logo\/image\/\"},\"sameAs\":[\"https:\/\/www.facebook.com\/csjemballages\"],\"address\":{\"@type\":\"PostalAddress\",\"streetAddress\":\"ZI La Lechere\",\"addressLocality\":\"Patornay\",\"postalCode\":\"39130\",\"addressCountry\":\"FR\"},\"contactPoint\":[{\"@type\":\"ContactPoint\",\"contactType\":\"Service client\",\"telephone\":\"0384254272\",\"email\":\"contact@csj-emballages.com\"}]}]}<\/script>\n<!-- \/ Yoast SEO Premium plugin. -->","yoast_head_json":{"title":"Molde Aspic Cone Ham, pl\u00e1stico, 250 unid.","description":"Molde para aspique cone de fiambre de pl\u00e1stico, por 250 \u2013 Ideal para empresas de catering e particulares. Por\u00e7\u00f5es uniformes, f\u00e1cil de desenformar, higi\u00e9nico e pr\u00e1tico.","robots":{"index":"index","follow":"follow","max-snippet":"max-snippet:-1","max-image-preview":"max-image-preview:large","max-video-preview":"max-video-preview:-1"},"canonical":"https:\/\/www.csj-emballages.com\/pt-pt\/produit\/250-formas-de-plastico-para-cones-de-gelatina\/","og_locale":"pt_PT","og_type":"article","og_title":"Molde para cone de fiambre, pl\u00e1stico, 250 unid.","og_description":"Molde para aspique cone de fiambre de pl\u00e1stico, por 250 \u2013 Ideal para empresas de catering e particulares. Por\u00e7\u00f5es uniformes, f\u00e1cil de desenformar, higi\u00e9nico e pr\u00e1tico.","og_url":"https:\/\/www.csj-emballages.com\/pt-pt\/produit\/250-formas-de-plastico-para-cones-de-gelatina\/","og_site_name":"CSJ Emballages","article_publisher":"https:\/\/www.facebook.com\/csjemballages","article_modified_time":"2026-03-28T01:13:54+00:00","og_image":[{"width":800,"height":800,"url":"https:\/\/www.csj-emballages.com\/wp-content\/uploads\/2024\/03\/cornet-jambon.webp","type":"image\/webp"}],"twitter_card":"summary_large_image","twitter_misc":{"Tempo estimado de leitura":"2 minutos"},"schema":{"@context":"https:\/\/schema.org","@graph":[{"@type":"WebPage","@id":"https:\/\/www.csj-emballages.com\/pt-pt\/produit\/250-formas-de-plastico-para-cones-de-gelatina\/","url":"https:\/\/www.csj-emballages.com\/pt-pt\/produit\/250-formas-de-plastico-para-cones-de-gelatina\/","name":"Molde Aspic Cone Ham, pl\u00e1stico, 250 unid.","isPartOf":{"@id":"https:\/\/www.csj-emballages.com\/pt-pt\/#website"},"primaryImageOfPage":{"@id":"https:\/\/www.csj-emballages.com\/pt-pt\/produit\/250-formas-de-plastico-para-cones-de-gelatina\/#primaryimage"},"image":{"@id":"https:\/\/www.csj-emballages.com\/pt-pt\/produit\/250-formas-de-plastico-para-cones-de-gelatina\/#primaryimage"},"thumbnailUrl":"https:\/\/www.csj-emballages.com\/wp-content\/uploads\/2024\/03\/cornet-jambon.webp","datePublished":"2024-03-01T15:51:48+00:00","dateModified":"2026-03-28T01:13:54+00:00","description":"Molde para aspique cone de fiambre de pl\u00e1stico, por 250 \u2013 Ideal para empresas de catering e particulares. Por\u00e7\u00f5es uniformes, f\u00e1cil de desenformar, higi\u00e9nico e pr\u00e1tico.","breadcrumb":{"@id":"https:\/\/www.csj-emballages.com\/pt-pt\/produit\/250-formas-de-plastico-para-cones-de-gelatina\/#breadcrumb"},"inLanguage":"pt-PT","potentialAction":[{"@type":"ReadAction","target":["https:\/\/www.csj-emballages.com\/pt-pt\/produit\/250-formas-de-plastico-para-cones-de-gelatina\/"]}]},{"@type":"ImageObject","inLanguage":"pt-PT","@id":"https:\/\/www.csj-emballages.com\/pt-pt\/produit\/250-formas-de-plastico-para-cones-de-gelatina\/#primaryimage","url":"https:\/\/www.csj-emballages.com\/wp-content\/uploads\/2024\/03\/cornet-jambon.webp","contentUrl":"https:\/\/www.csj-emballages.com\/wp-content\/uploads\/2024\/03\/cornet-jambon.webp","width":800,"height":800,"caption":"Moule \u00e0 aspic"},{"@type":"BreadcrumbList","@id":"https:\/\/www.csj-emballages.com\/pt-pt\/produit\/250-formas-de-plastico-para-cones-de-gelatina\/#breadcrumb","itemListElement":[{"@type":"ListItem","position":1,"name":"Acolhimento","item":"https:\/\/www.csj-emballages.com\/pt-pt\/universo-das-embalagens-alimentares\/"},{"@type":"ListItem","position":2,"name":"Shop","item":"https:\/\/www.csj-emballages.com\/shop\/"},{"@type":"ListItem","position":3,"name":"Molde para cone de fiambre, pl\u00e1stico, 250 unid."}]},{"@type":"WebSite","@id":"https:\/\/www.csj-emballages.com\/pt-pt\/#website","url":"https:\/\/www.csj-emballages.com\/pt-pt\/","name":"CSJ Emballages","description":"","publisher":{"@id":"https:\/\/www.csj-emballages.com\/pt-pt\/#organization"},"potentialAction":[{"@type":"SearchAction","target":{"@type":"EntryPoint","urlTemplate":"https:\/\/www.csj-emballages.com\/pt-pt\/?s={search_term_string}"},"query-input":{"@type":"PropertyValueSpecification","valueRequired":true,"valueName":"search_term_string"}}],"inLanguage":"pt-PT"},{"@type":"Organization","@id":"https:\/\/www.csj-emballages.com\/pt-pt\/#Organization\/","name":"CSJ Emballages","url":"https:\/\/www.csj-emballages.com\/pt-pt\/","logo":{"@type":"ImageObject","inLanguage":"pt-PT","@id":"https:\/\/www.csj-emballages.com\/pt-pt\/#\/schema\/logo\/image\/","url":"https:\/\/www.csj-emballages.com\/wp-content\/uploads\/2023\/10\/logo_csj.webp","contentUrl":"https:\/\/www.csj-emballages.com\/wp-content\/uploads\/2023\/10\/logo_csj.webp","width":250,"height":95,"caption":"CSJ Emballages"},"image":{"@id":"https:\/\/www.csj-emballages.com\/pt-pt\/#\/schema\/logo\/image\/"},"sameAs":["https:\/\/www.facebook.com\/csjemballages"],"address":{"@type":"PostalAddress","streetAddress":"ZI La Lechere","addressLocality":"Patornay","postalCode":"39130","addressCountry":"FR"},"contactPoint":[{"@type":"ContactPoint","contactType":"Service client","telephone":"0384254272","email":"contact@csj-emballages.com"}]}]}},"df_price":28.63,"df_sale_price":"","df_regular_price":28.63,"df_image_link":"https:\/\/www.csj-emballages.com\/wp-content\/uploads\/2024\/03\/cornet-jambon-300x300.webp","tiered_pricing_type":"fixed","tiered_pricing_fixed_rules":[],"tiered_pricing_percentage_rules":[],"tiered_pricing_minimum":1,"tiered_pricing_roles_data":[],"_links":{"self":[{"href":"https:\/\/www.csj-emballages.com\/pt-pt\/wp-json\/wp\/v2\/product\/22019","targetHints":{"allow":["GET"]}}],"collection":[{"href":"https:\/\/www.csj-emballages.com\/pt-pt\/wp-json\/wp\/v2\/product"}],"about":[{"href":"https:\/\/www.csj-emballages.com\/pt-pt\/wp-json\/wp\/v2\/types\/product"}],"wp:featuredmedia":[{"embeddable":true,"href":"https:\/\/www.csj-emballages.com\/pt-pt\/wp-json\/wp\/v2\/media\/220984"}],"wp:attachment":[{"href":"https:\/\/www.csj-emballages.com\/pt-pt\/wp-json\/wp\/v2\/media?parent=22019"}],"wp:term":[{"taxonomy":"product_brand","embeddable":true,"href":"https:\/\/www.csj-emballages.com\/pt-pt\/wp-json\/wp\/v2\/product_brand?post=22019"},{"taxonomy":"product_cat","embeddable":true,"href":"https:\/\/www.csj-emballages.com\/pt-pt\/wp-json\/wp\/v2\/product_cat?post=22019"},{"taxonomy":"product_tag","embeddable":true,"href":"https:\/\/www.csj-emballages.com\/pt-pt\/wp-json\/wp\/v2\/product_tag?post=22019"}],"curies":[{"name":"wp","href":"https:\/\/api.w.org\/{rel}","templated":true}]}}