{"id":21994,"date":"2024-03-01T16:51:48","date_gmt":"2024-03-01T15:51:48","guid":{"rendered":"https:\/\/u15jnbdpoq.preview.infomaniak.website\/produit\/50-mascaras-cirurgicas-azuis-de-alta-filtracao-de-3-camadas-com-elasticos\/"},"modified":"2026-03-18T02:14:35","modified_gmt":"2026-03-18T01:14:35","slug":"50-mascaras-cirurgicas-azuis-de-alta-filtracao-de-3-camadas-com-elasticos","status":"publish","type":"product","link":"https:\/\/www.csj-emballages.com\/pt-pt\/produit\/50-mascaras-cirurgicas-azuis-de-alta-filtracao-de-3-camadas-com-elasticos\/","title":{"rendered":"M\u00e1scara cir\u00fargica azul de 3 camadas de alta filtra\u00e7\u00e3o com el\u00e1sticos, embalagem de 50 unidades"},"content":{"rendered":"<h2 class=\"p1\">M\u00e1scara cir\u00fargica<\/h2>\n<hr>\n<h3>Descubra a nossa m\u00e1scara cir\u00fargica azul de 3 camadas de alta filtra\u00e7\u00e3o com el\u00e1sticos, embalagem de 50 unidades<\/h3>\n<p><!--more--><\/p>\n<p data-start=\"216\" data-end=\"583\">Esta <strong data-start=\"219\" data-end=\"255\">m\u00e1scara cir\u00fargica azul de 3 camadas<\/strong> foi concebida para oferecer uma prote\u00e7\u00e3o eficaz, mantendo-se confort\u00e1vel para uso di\u00e1rio. Gra\u00e7as \u00e0 sua <strong data-start=\"364\" data-end=\"396\">alta capacidade de filtra\u00e7\u00e3o<\/strong>, limita a transmiss\u00e3o de part\u00edculas, permitindo respirar normalmente. \u00c9 o equil\u00edbrio certo entre seguran\u00e7a e conforto, especialmente quando usada durante v\u00e1rias horas seguidas.  <\/p>\n<p data-start=\"585\" data-end=\"965\">A sua estrutura em <strong data-start=\"601\" data-end=\"615\">tr\u00eas camadas<\/strong> permite uma melhor adapta\u00e7\u00e3o ao rosto. A <strong>m\u00e1scara cir\u00fargica<\/strong> adapta-se bem aos contornos do nariz e da boca, o que reduz as entradas de ar nas laterais. Al\u00e9m disso, os seus <strong data-start=\"778\" data-end=\"800\">el\u00e1sticos suaves<\/strong> garantem uma fixa\u00e7\u00e3o fi\u00e1vel sem comprimir as orelhas. Quase nos esquecemos que a estamos a usar, o que faz toda a diferen\u00e7a num ambiente profissional.   <\/p>\n<p data-start=\"967\" data-end=\"1344\">Al\u00e9m disso, a sua <strong>cor azul cl\u00e1ssica<\/strong> transmite imediatamente uma imagem limpa e profissional. \u00c9 adequada tanto para ambientes m\u00e9dicos como para os setores da higiene, restaura\u00e7\u00e3o, coletividades ou mesmo para utiliza\u00e7\u00f5es di\u00e1rias que exigem uma prote\u00e7\u00e3o refor\u00e7ada. F\u00e1cil de colocar e retirar, permite respeitar as medidas de prote\u00e7\u00e3o sem perder tempo.  <\/p>\n<p data-start=\"1346\" data-end=\"1617\">Vendida em <strong data-start=\"1352\" data-end=\"1369\">embalagens de 50 unidades<\/strong>, esta m\u00e1scara \u00e9 ideal para gerir as necessidades regulares sem multiplicar as encomendas. \u00c9 f\u00e1cil de armazenar e est\u00e1 sempre pronta a usar. Quer seja para uso pontual ou repetido, integra-se naturalmente nos h\u00e1bitos de trabalho.  <\/p>\n<p data-start=\"1619\" data-end=\"1795\">Em resumo, esta <strong>m\u00e1scara cir\u00fargica<\/strong> combina simplicidade, efic\u00e1cia e conforto. Protege sem restringir e responde \u00e0s exig\u00eancias atuais em mat\u00e9ria de higiene e preven\u00e7\u00e3o. <\/p>\n<p data-start=\"1568\" data-end=\"1745\"><!--more--><\/p>\n<h4 data-start=\"1568\" data-end=\"1745\">Vantagens :<\/h4>\n<ul>\n<li data-start=\"1823\" data-end=\"1853\">M\u00e1scara cir\u00fargica de <strong>3 camadas<\/strong>.<\/li>\n<li data-start=\"1856\" data-end=\"1875\">Alta filtra\u00e7\u00e3o.<\/li>\n<li data-start=\"1878\" data-end=\"1904\"><strong>El\u00e1sticos<\/strong> confort\u00e1veis.<\/li>\n<li data-start=\"1907\" data-end=\"1935\">Boa fixa\u00e7\u00e3o no rosto.<\/li>\n<li data-start=\"1938\" data-end=\"1972\">Adequado para uso profissional.<\/li>\n<li data-start=\"1975\" data-end=\"2002\">Embalagem pr\u00e1tica de <strong>50 m\u00e1scaras<\/strong>.<\/li>\n<\/ul>\n<p>&nbsp;<\/p>\n<p><!--more--><\/p>\n<h4>Outras informa\u00e7\u00f5es :<\/h4>\n<ul>\n<li><strong>Embalagem<\/strong>: Pacote de 50<\/li>\n<li><strong>N\u00famero de camadas<\/strong>: 3<\/li>\n<li><strong>Dimens\u00f5es<\/strong>: 95 x 175 mm<\/li>\n<li><strong>Material<\/strong>: Polipropileno n\u00e3o tecido<\/li>\n<\/ul>\n<p>&nbsp;<\/p>\n<p><!--more--><\/p>\n<p>Encontre aqui a nossa semi-m\u00e1scara filtrante branca com estrutura: <span style=\"color: #d12727;\"><a style=\"color: #d12727;\" href=\"https:\/\/www.csj-emballages.com\/produit\/1-masque-blanc-type-modele-kn95\/?_gl=1*1om9m9x*_up*MQ..*_ga*MTk4MDE3NTE0Ny4xNzY5NjkzMzEz*_ga_YNVJLRSSZT*czE3Njk2OTMzMTIkbzEkZzAkdDE3Njk2OTQwMzkkajYwJGwwJGgxNzc3NTg0ODg0\"><span style=\"color: #d12727;\">MASQFFP2<\/span><\/a><\/span><\/p>\n<p>&nbsp;<\/p>\n<p><!--more--><\/p>\n<p><a href=\"https:\/\/www.csj-emballages.com\/categorie-produit\/hygiene-et-entretiens\/equipements-individuels\/masques\/?_gl=1*v3bgse*_up*MQ..*_ga*MTk4MDE3NTE0Ny4xNzY5NjkzMzEz*_ga_YNVJLRSSZT*czE3Njk2OTMzMTIkbzEkZzAkdDE3Njk2OTMzNjYkajYkbDAkaDE3Nzc1ODQ4ODQ.\">Consulte o resto da nossa gama de m\u00e1scaras<\/a><\/p>\n<p>&nbsp;<\/p>\n","protected":false},"excerpt":{"rendered":"<p>M\u00e1scara cir\u00fargica Descubra a nossa m\u00e1scara cir\u00fargica azul de 3 camadas de alta filtra\u00e7\u00e3o com el\u00e1sticos, embalagem de 50 unidades<\/p>\n","protected":false},"featured_media":262788,"template":"","meta":{"_acf_changed":false},"product_brand":[],"product_cat":[1222,2326,2868],"product_tag":[],"class_list":{"0":"post-21994","1":"product","2":"type-product","3":"status-publish","4":"has-post-thumbnail","6":"product_cat-higiene-e-manutencao","7":"product_cat-equipamento-individual","8":"product_cat-mascaras","10":"first","11":"outofstock","12":"taxable","13":"shipping-taxable","14":"purchasable","15":"product-type-simple"},"acf":[],"yoast_head":"<!-- This site is optimized with the Yoast SEO Premium plugin v26.6 (Yoast SEO v26.6) - https:\/\/yoast.com\/wordpress\/plugins\/seo\/ -->\n<title>M\u00e1scara Cir\u00fargica Azul de 3 Camadas de Alta Filtra\u00e7\u00e3o com El\u00e1sticos, embalagem de 50 unidades<\/title>\n<meta name=\"description\" content=\"M\u00e1scara cir\u00fargica azul de 3 camadas de alta filtra\u00e7\u00e3o, com el\u00e1sticos confort\u00e1veis. Vendida em embalagens de 50 unidades, ideal para higiene e prote\u00e7\u00e3o di\u00e1ria.\" \/>\n<meta name=\"robots\" content=\"index, follow, max-snippet:-1, max-image-preview:large, max-video-preview:-1\" \/>\n<link rel=\"canonical\" href=\"https:\/\/www.csj-emballages.com\/pt-pt\/produit\/50-mascaras-cirurgicas-azuis-de-alta-filtracao-de-3-camadas-com-elasticos\/\" \/>\n<meta property=\"og:locale\" content=\"pt_PT\" \/>\n<meta property=\"og:type\" content=\"article\" \/>\n<meta property=\"og:title\" content=\"M\u00e1scara cir\u00fargica azul de 3 camadas de alta filtra\u00e7\u00e3o com el\u00e1sticos, embalagem de 50 unidades\" \/>\n<meta property=\"og:description\" content=\"M\u00e1scara cir\u00fargica azul de 3 camadas de alta filtra\u00e7\u00e3o, com el\u00e1sticos confort\u00e1veis. Vendida em embalagens de 50 unidades, ideal para higiene e prote\u00e7\u00e3o di\u00e1ria.\" \/>\n<meta property=\"og:url\" content=\"https:\/\/www.csj-emballages.com\/pt-pt\/produit\/50-mascaras-cirurgicas-azuis-de-alta-filtracao-de-3-camadas-com-elasticos\/\" \/>\n<meta property=\"og:site_name\" content=\"CSJ Emballages\" \/>\n<meta property=\"article:publisher\" content=\"https:\/\/www.facebook.com\/csjemballages\" \/>\n<meta property=\"article:modified_time\" content=\"2026-03-18T01:14:35+00:00\" \/>\n<meta property=\"og:image\" content=\"https:\/\/www.csj-emballages.com\/wp-content\/uploads\/2024\/03\/masque-chirurgical.webp\" \/>\n\t<meta property=\"og:image:width\" content=\"800\" \/>\n\t<meta property=\"og:image:height\" content=\"800\" \/>\n\t<meta property=\"og:image:type\" content=\"image\/webp\" \/>\n<meta name=\"twitter:card\" content=\"summary_large_image\" \/>\n<meta name=\"twitter:label1\" content=\"Tempo estimado de leitura\" \/>\n\t<meta name=\"twitter:data1\" content=\"2 minutos\" \/>\n<script type=\"application\/ld+json\" class=\"yoast-schema-graph\">{\"@context\":\"https:\/\/schema.org\",\"@graph\":[{\"@type\":\"WebPage\",\"@id\":\"https:\/\/www.csj-emballages.com\/pt-pt\/produit\/50-mascaras-cirurgicas-azuis-de-alta-filtracao-de-3-camadas-com-elasticos\/\",\"url\":\"https:\/\/www.csj-emballages.com\/pt-pt\/produit\/50-mascaras-cirurgicas-azuis-de-alta-filtracao-de-3-camadas-com-elasticos\/\",\"name\":\"M\u00e1scara Cir\u00fargica Azul de 3 Camadas de Alta Filtra\u00e7\u00e3o com El\u00e1sticos, embalagem de 50 unidades\",\"isPartOf\":{\"@id\":\"https:\/\/www.csj-emballages.com\/pt-pt\/#website\"},\"primaryImageOfPage\":{\"@id\":\"https:\/\/www.csj-emballages.com\/pt-pt\/produit\/50-mascaras-cirurgicas-azuis-de-alta-filtracao-de-3-camadas-com-elasticos\/#primaryimage\"},\"image\":{\"@id\":\"https:\/\/www.csj-emballages.com\/pt-pt\/produit\/50-mascaras-cirurgicas-azuis-de-alta-filtracao-de-3-camadas-com-elasticos\/#primaryimage\"},\"thumbnailUrl\":\"https:\/\/www.csj-emballages.com\/wp-content\/uploads\/2024\/03\/masque-chirurgical.webp\",\"datePublished\":\"2024-03-01T15:51:48+00:00\",\"dateModified\":\"2026-03-18T01:14:35+00:00\",\"description\":\"M\u00e1scara cir\u00fargica azul de 3 camadas de alta filtra\u00e7\u00e3o, com el\u00e1sticos confort\u00e1veis. Vendida em embalagens de 50 unidades, ideal para higiene e prote\u00e7\u00e3o di\u00e1ria.\",\"breadcrumb\":{\"@id\":\"https:\/\/www.csj-emballages.com\/pt-pt\/produit\/50-mascaras-cirurgicas-azuis-de-alta-filtracao-de-3-camadas-com-elasticos\/#breadcrumb\"},\"inLanguage\":\"pt-PT\",\"potentialAction\":[{\"@type\":\"ReadAction\",\"target\":[\"https:\/\/www.csj-emballages.com\/pt-pt\/produit\/50-mascaras-cirurgicas-azuis-de-alta-filtracao-de-3-camadas-com-elasticos\/\"]}]},{\"@type\":\"ImageObject\",\"inLanguage\":\"pt-PT\",\"@id\":\"https:\/\/www.csj-emballages.com\/pt-pt\/produit\/50-mascaras-cirurgicas-azuis-de-alta-filtracao-de-3-camadas-com-elasticos\/#primaryimage\",\"url\":\"https:\/\/www.csj-emballages.com\/wp-content\/uploads\/2024\/03\/masque-chirurgical.webp\",\"contentUrl\":\"https:\/\/www.csj-emballages.com\/wp-content\/uploads\/2024\/03\/masque-chirurgical.webp\",\"width\":800,\"height\":800,\"caption\":\"Masque chirurgical\"},{\"@type\":\"BreadcrumbList\",\"@id\":\"https:\/\/www.csj-emballages.com\/pt-pt\/produit\/50-mascaras-cirurgicas-azuis-de-alta-filtracao-de-3-camadas-com-elasticos\/#breadcrumb\",\"itemListElement\":[{\"@type\":\"ListItem\",\"position\":1,\"name\":\"Acolhimento\",\"item\":\"https:\/\/www.csj-emballages.com\/pt-pt\/universo-das-embalagens-alimentares\/\"},{\"@type\":\"ListItem\",\"position\":2,\"name\":\"Shop\",\"item\":\"https:\/\/www.csj-emballages.com\/shop\/\"},{\"@type\":\"ListItem\",\"position\":3,\"name\":\"M\u00e1scara cir\u00fargica azul de 3 camadas de alta filtra\u00e7\u00e3o com el\u00e1sticos, embalagem de 50 unidades\"}]},{\"@type\":\"WebSite\",\"@id\":\"https:\/\/www.csj-emballages.com\/pt-pt\/#website\",\"url\":\"https:\/\/www.csj-emballages.com\/pt-pt\/\",\"name\":\"CSJ Emballages\",\"description\":\"\",\"publisher\":{\"@id\":\"https:\/\/www.csj-emballages.com\/pt-pt\/#organization\"},\"potentialAction\":[{\"@type\":\"SearchAction\",\"target\":{\"@type\":\"EntryPoint\",\"urlTemplate\":\"https:\/\/www.csj-emballages.com\/pt-pt\/?s={search_term_string}\"},\"query-input\":{\"@type\":\"PropertyValueSpecification\",\"valueRequired\":true,\"valueName\":\"search_term_string\"}}],\"inLanguage\":\"pt-PT\"},{\"@type\":\"Organization\",\"@id\":\"https:\/\/www.csj-emballages.com\/pt-pt\/#Organization\/\",\"name\":\"CSJ Emballages\",\"url\":\"https:\/\/www.csj-emballages.com\/pt-pt\/\",\"logo\":{\"@type\":\"ImageObject\",\"inLanguage\":\"pt-PT\",\"@id\":\"https:\/\/www.csj-emballages.com\/pt-pt\/#\/schema\/logo\/image\/\",\"url\":\"https:\/\/www.csj-emballages.com\/wp-content\/uploads\/2023\/10\/logo_csj.webp\",\"contentUrl\":\"https:\/\/www.csj-emballages.com\/wp-content\/uploads\/2023\/10\/logo_csj.webp\",\"width\":250,\"height\":95,\"caption\":\"CSJ Emballages\"},\"image\":{\"@id\":\"https:\/\/www.csj-emballages.com\/pt-pt\/#\/schema\/logo\/image\/\"},\"sameAs\":[\"https:\/\/www.facebook.com\/csjemballages\"],\"address\":{\"@type\":\"PostalAddress\",\"streetAddress\":\"ZI La Lechere\",\"addressLocality\":\"Patornay\",\"postalCode\":\"39130\",\"addressCountry\":\"FR\"},\"contactPoint\":[{\"@type\":\"ContactPoint\",\"contactType\":\"Service client\",\"telephone\":\"0384254272\",\"email\":\"contact@csj-emballages.com\"}]}]}<\/script>\n<!-- \/ Yoast SEO Premium plugin. -->","yoast_head_json":{"title":"M\u00e1scara Cir\u00fargica Azul de 3 Camadas de Alta Filtra\u00e7\u00e3o com El\u00e1sticos, embalagem de 50 unidades","description":"M\u00e1scara cir\u00fargica azul de 3 camadas de alta filtra\u00e7\u00e3o, com el\u00e1sticos confort\u00e1veis. Vendida em embalagens de 50 unidades, ideal para higiene e prote\u00e7\u00e3o di\u00e1ria.","robots":{"index":"index","follow":"follow","max-snippet":"max-snippet:-1","max-image-preview":"max-image-preview:large","max-video-preview":"max-video-preview:-1"},"canonical":"https:\/\/www.csj-emballages.com\/pt-pt\/produit\/50-mascaras-cirurgicas-azuis-de-alta-filtracao-de-3-camadas-com-elasticos\/","og_locale":"pt_PT","og_type":"article","og_title":"M\u00e1scara cir\u00fargica azul de 3 camadas de alta filtra\u00e7\u00e3o com el\u00e1sticos, embalagem de 50 unidades","og_description":"M\u00e1scara cir\u00fargica azul de 3 camadas de alta filtra\u00e7\u00e3o, com el\u00e1sticos confort\u00e1veis. Vendida em embalagens de 50 unidades, ideal para higiene e prote\u00e7\u00e3o di\u00e1ria.","og_url":"https:\/\/www.csj-emballages.com\/pt-pt\/produit\/50-mascaras-cirurgicas-azuis-de-alta-filtracao-de-3-camadas-com-elasticos\/","og_site_name":"CSJ Emballages","article_publisher":"https:\/\/www.facebook.com\/csjemballages","article_modified_time":"2026-03-18T01:14:35+00:00","og_image":[{"width":800,"height":800,"url":"https:\/\/www.csj-emballages.com\/wp-content\/uploads\/2024\/03\/masque-chirurgical.webp","type":"image\/webp"}],"twitter_card":"summary_large_image","twitter_misc":{"Tempo estimado de leitura":"2 minutos"},"schema":{"@context":"https:\/\/schema.org","@graph":[{"@type":"WebPage","@id":"https:\/\/www.csj-emballages.com\/pt-pt\/produit\/50-mascaras-cirurgicas-azuis-de-alta-filtracao-de-3-camadas-com-elasticos\/","url":"https:\/\/www.csj-emballages.com\/pt-pt\/produit\/50-mascaras-cirurgicas-azuis-de-alta-filtracao-de-3-camadas-com-elasticos\/","name":"M\u00e1scara Cir\u00fargica Azul de 3 Camadas de Alta Filtra\u00e7\u00e3o com El\u00e1sticos, embalagem de 50 unidades","isPartOf":{"@id":"https:\/\/www.csj-emballages.com\/pt-pt\/#website"},"primaryImageOfPage":{"@id":"https:\/\/www.csj-emballages.com\/pt-pt\/produit\/50-mascaras-cirurgicas-azuis-de-alta-filtracao-de-3-camadas-com-elasticos\/#primaryimage"},"image":{"@id":"https:\/\/www.csj-emballages.com\/pt-pt\/produit\/50-mascaras-cirurgicas-azuis-de-alta-filtracao-de-3-camadas-com-elasticos\/#primaryimage"},"thumbnailUrl":"https:\/\/www.csj-emballages.com\/wp-content\/uploads\/2024\/03\/masque-chirurgical.webp","datePublished":"2024-03-01T15:51:48+00:00","dateModified":"2026-03-18T01:14:35+00:00","description":"M\u00e1scara cir\u00fargica azul de 3 camadas de alta filtra\u00e7\u00e3o, com el\u00e1sticos confort\u00e1veis. Vendida em embalagens de 50 unidades, ideal para higiene e prote\u00e7\u00e3o di\u00e1ria.","breadcrumb":{"@id":"https:\/\/www.csj-emballages.com\/pt-pt\/produit\/50-mascaras-cirurgicas-azuis-de-alta-filtracao-de-3-camadas-com-elasticos\/#breadcrumb"},"inLanguage":"pt-PT","potentialAction":[{"@type":"ReadAction","target":["https:\/\/www.csj-emballages.com\/pt-pt\/produit\/50-mascaras-cirurgicas-azuis-de-alta-filtracao-de-3-camadas-com-elasticos\/"]}]},{"@type":"ImageObject","inLanguage":"pt-PT","@id":"https:\/\/www.csj-emballages.com\/pt-pt\/produit\/50-mascaras-cirurgicas-azuis-de-alta-filtracao-de-3-camadas-com-elasticos\/#primaryimage","url":"https:\/\/www.csj-emballages.com\/wp-content\/uploads\/2024\/03\/masque-chirurgical.webp","contentUrl":"https:\/\/www.csj-emballages.com\/wp-content\/uploads\/2024\/03\/masque-chirurgical.webp","width":800,"height":800,"caption":"Masque chirurgical"},{"@type":"BreadcrumbList","@id":"https:\/\/www.csj-emballages.com\/pt-pt\/produit\/50-mascaras-cirurgicas-azuis-de-alta-filtracao-de-3-camadas-com-elasticos\/#breadcrumb","itemListElement":[{"@type":"ListItem","position":1,"name":"Acolhimento","item":"https:\/\/www.csj-emballages.com\/pt-pt\/universo-das-embalagens-alimentares\/"},{"@type":"ListItem","position":2,"name":"Shop","item":"https:\/\/www.csj-emballages.com\/shop\/"},{"@type":"ListItem","position":3,"name":"M\u00e1scara cir\u00fargica azul de 3 camadas de alta filtra\u00e7\u00e3o com el\u00e1sticos, embalagem de 50 unidades"}]},{"@type":"WebSite","@id":"https:\/\/www.csj-emballages.com\/pt-pt\/#website","url":"https:\/\/www.csj-emballages.com\/pt-pt\/","name":"CSJ Emballages","description":"","publisher":{"@id":"https:\/\/www.csj-emballages.com\/pt-pt\/#organization"},"potentialAction":[{"@type":"SearchAction","target":{"@type":"EntryPoint","urlTemplate":"https:\/\/www.csj-emballages.com\/pt-pt\/?s={search_term_string}"},"query-input":{"@type":"PropertyValueSpecification","valueRequired":true,"valueName":"search_term_string"}}],"inLanguage":"pt-PT"},{"@type":"Organization","@id":"https:\/\/www.csj-emballages.com\/pt-pt\/#Organization\/","name":"CSJ Emballages","url":"https:\/\/www.csj-emballages.com\/pt-pt\/","logo":{"@type":"ImageObject","inLanguage":"pt-PT","@id":"https:\/\/www.csj-emballages.com\/pt-pt\/#\/schema\/logo\/image\/","url":"https:\/\/www.csj-emballages.com\/wp-content\/uploads\/2023\/10\/logo_csj.webp","contentUrl":"https:\/\/www.csj-emballages.com\/wp-content\/uploads\/2023\/10\/logo_csj.webp","width":250,"height":95,"caption":"CSJ Emballages"},"image":{"@id":"https:\/\/www.csj-emballages.com\/pt-pt\/#\/schema\/logo\/image\/"},"sameAs":["https:\/\/www.facebook.com\/csjemballages"],"address":{"@type":"PostalAddress","streetAddress":"ZI La Lechere","addressLocality":"Patornay","postalCode":"39130","addressCountry":"FR"},"contactPoint":[{"@type":"ContactPoint","contactType":"Service client","telephone":"0384254272","email":"contact@csj-emballages.com"}]}]}},"df_price":1.5,"df_sale_price":"","df_regular_price":1.5,"df_image_link":"https:\/\/www.csj-emballages.com\/wp-content\/uploads\/2024\/03\/masque-chirurgical-300x300.webp","tiered_pricing_type":"fixed","tiered_pricing_fixed_rules":[],"tiered_pricing_percentage_rules":[],"tiered_pricing_minimum":1,"tiered_pricing_roles_data":[],"_links":{"self":[{"href":"https:\/\/www.csj-emballages.com\/pt-pt\/wp-json\/wp\/v2\/product\/21994","targetHints":{"allow":["GET"]}}],"collection":[{"href":"https:\/\/www.csj-emballages.com\/pt-pt\/wp-json\/wp\/v2\/product"}],"about":[{"href":"https:\/\/www.csj-emballages.com\/pt-pt\/wp-json\/wp\/v2\/types\/product"}],"wp:featuredmedia":[{"embeddable":true,"href":"https:\/\/www.csj-emballages.com\/pt-pt\/wp-json\/wp\/v2\/media\/262788"}],"wp:attachment":[{"href":"https:\/\/www.csj-emballages.com\/pt-pt\/wp-json\/wp\/v2\/media?parent=21994"}],"wp:term":[{"taxonomy":"product_brand","embeddable":true,"href":"https:\/\/www.csj-emballages.com\/pt-pt\/wp-json\/wp\/v2\/product_brand?post=21994"},{"taxonomy":"product_cat","embeddable":true,"href":"https:\/\/www.csj-emballages.com\/pt-pt\/wp-json\/wp\/v2\/product_cat?post=21994"},{"taxonomy":"product_tag","embeddable":true,"href":"https:\/\/www.csj-emballages.com\/pt-pt\/wp-json\/wp\/v2\/product_tag?post=21994"}],"curies":[{"name":"wp","href":"https:\/\/api.w.org\/{rel}","templated":true}]}}