{"id":21911,"date":"2024-03-01T16:51:53","date_gmt":"2024-03-01T15:51:53","guid":{"rendered":"https:\/\/u15jnbdpoq.preview.infomaniak.website\/produit\/240-tabuleiros-de-cartao-kraft-18-x-18-cm\/"},"modified":"2026-03-12T16:28:55","modified_gmt":"2026-03-12T15:28:55","slug":"240-tabuleiros-de-cartao-kraft-18-x-18-cm","status":"publish","type":"product","link":"https:\/\/www.csj-emballages.com\/pt-pt\/produit\/240-tabuleiros-de-cartao-kraft-18-x-18-cm\/","title":{"rendered":"Tabuleiro de cart\u00e3o Kraft 18 x 18 cm por 240"},"content":{"rendered":"<h2>Tabuleiro de cart\u00e3o<\/h2>\n<hr>\n<h3>Descobre o nosso tabuleiro de cart\u00e3o kraft de 18 x 18 cm por 240<\/h3>\n<p><!--more--><\/p>\n<p>O <strong>tabuleiro de cart\u00e3o kraft 18 x 18 cm<\/strong> faz parte da nossa <strong>gama Luxipack<\/strong>, sin\u00f3nimo de praticidade e simplicidade. Concebido para responder \u00e0s necessidades dos profissionais, garante um transporte e uma apresenta\u00e7\u00e3o impec\u00e1veis dos seus produtos. Ideal para as pastelarias, os fornecedores de refei\u00e7\u00f5es e outras empresas do sector alimentar, este <strong>tabuleiro de cart\u00e3o<\/strong> \u00e9 uma solu\u00e7\u00e3o fi\u00e1vel e atraente.  <\/p>\n<p>\u00c9 fabricado com materiais <strong>kraft<\/strong> conhecidos pela sua resist\u00eancia e durabilidade. O seu formato quadrado de <strong>18 x 18<\/strong><strong> cm<\/strong> oferece uma capacidade adequada a uma vasta gama de utiliza\u00e7\u00f5es. Al\u00e9m disso, \u00e9 totalmente recicl\u00e1vel, o que o torna parte de uma abordagem amiga do ambiente. Optar pela <strong>gama Luxipack<\/strong> significa escolher uma qualidade superior e limitar o teu impacto ecol\u00f3gico.   <\/p>\n<p>Gra\u00e7as \u00e0 sua cor <strong>kraft<\/strong> natural, o <strong>tabuleiro vision<\/strong> \u00e9 perfeito para todas as tuas apresenta\u00e7\u00f5es. Real\u00e7a as suas cria\u00e7\u00f5es culin\u00e1rias, mantendo-se discreto e requintado. Este <strong>tabuleiro em cart\u00e3o<\/strong> \u00e9 a op\u00e7\u00e3o ideal para valorizar os teus produtos e refletir uma imagem profissional. A <strong>gama Luxipack<\/strong> foi concebida para responder \u00e0s expectativas dos clientes mais exigentes.   <\/p>\n<p>&nbsp;<\/p>\n<p><!--more--><\/p>\n<h4>Versatilidade sem igual<\/h4>\n<p>O <strong>tabuleiro vision<\/strong> \u00e9 adequado para uma vasta gama de utiliza\u00e7\u00f5es, desde a apresenta\u00e7\u00e3o de bolos a tabuleiros de refei\u00e7\u00f5es. O seu design elegante torna-o perfeito para eventos empresariais ou takeaways. Al\u00e9m disso, este <strong>tabuleiro de cart\u00e3o<\/strong> \u00e9 empilh\u00e1vel, o que facilita a sua arruma\u00e7\u00e3o e o seu transporte. A <strong>gama Luxipack<\/strong> garante uma praticidade \u00f3ptima para todas as tuas opera\u00e7\u00f5es.   <\/p>\n<p>Vendido em embalagens de <strong>240<\/strong> unidades, este <strong>tabuleiro de cart\u00e3o<\/strong> oferece uma excelente rela\u00e7\u00e3o qualidade\/pre\u00e7o. Esta embalagem a granel permite-te gerir eficazmente os teus stocks e antecipar as tuas necessidades. Este <strong>tabuleiro de cart\u00e3o kraft<\/strong> re\u00fane todas as vantagens de um produto profissional: resist\u00eancia, est\u00e9tica e respeito pelo ambiente. Ao optar pela <strong>gama Luxipack<\/strong>, escolhe um produto fi\u00e1vel, econ\u00f3mico e elegante. Com o <strong>tabuleiro vision<\/strong>, podes mostrar as tuas cria\u00e7\u00f5es e oferecer um servi\u00e7o impec\u00e1vel.    <\/p>\n<p>&nbsp;<\/p>\n<p><!--more--><\/p>\n<p><strong><span style=\"color: #ff0000;\">*Tem em aten\u00e7\u00e3o que estes tabuleiros s\u00e3o vendidos isoladamente e n\u00e3o com as respectivas tampas.<\/span><\/strong><\/p>\n<p>&nbsp;<\/p>\n<p><!--more--><\/p>\n<h4>As vantagens:<\/h4>\n<ul>\n<li><strong>Versatilidade<\/strong>: Ideal para uma variedade de utiliza\u00e7\u00f5es, como pastelaria, pratos de catering ou tabuleiros de refei\u00e7\u00e3o.<\/li>\n<li><strong>Formato pr\u00e1tico<\/strong>: <strong>18 x 18 cm<\/strong>, ideal para expor uma variedade de produtos.<\/li>\n<li><strong>Robustez<\/strong>: Fabricado em <strong>cart\u00e3o kraft<\/strong> resistente, suporta o manuseamento e as cargas frequentes.<\/li>\n<li><strong>Recicl\u00e1vel<\/strong>: Concebido num material amigo do ambiente, faz parte de uma abordagem eco-respons\u00e1vel.<\/li>\n<\/ul>\n<p>&nbsp;<\/p>\n<p><!--more--><\/p>\n<h4>Outras informa\u00e7\u00f5es :<\/h4>\n<ul>\n<li><strong>Embalagem<\/strong>: Pacote de 240<\/li>\n<li><strong>Material<\/strong>: Cart\u00e3o<\/li>\n<li><strong>Dimens\u00f5es<\/strong>: 180 x 180 x 22 mm<\/li>\n<\/ul>\n<p>&nbsp;<\/p>\n<p><!--more--><\/p>\n<p>Encontra aqui as tampas compat\u00edveis com este produto: <span style=\"color: #d12727;\"><a style=\"color: #d12727;\" href=\"https:\/\/www.csj-emballages.com\/produit\/240-cloches-cristal-180-x-180-x-65-mm\/\">180 x 180 x 65 mm<\/a><\/span> \/ <span style=\"color: #d12727;\"><a style=\"color: #d12727;\" href=\"https:\/\/www.csj-emballages.com\/produit\/240-cloches-cristal-180-x-180-x-85-mm\/\">180 x 180 x 85 mm<\/a><\/span><\/p>\n","protected":false},"excerpt":{"rendered":"<p>Tabuleiro de cart\u00e3o Descobre o nosso tabuleiro de cart\u00e3o kraft de 18 x 18 cm por 240<\/p>\n","protected":false},"featured_media":200785,"template":"","meta":{"_acf_changed":false},"product_brand":[],"product_cat":[1141,1176,1287,2582,1177,1138,1301,2583],"product_tag":[],"class_list":{"0":"post-21911","1":"product","2":"type-product","3":"status-publish","4":"has-post-thumbnail","6":"product_cat-embalagem-de-alimentos","7":"product_cat-talho-e-charcutaria","8":"product_cat-tabuleiros","9":"product_cat-tabuleiros-de-visao","10":"product_cat-padaria-e-pastelaria","11":"product_cat-restauracao","12":"product_cat-tabuleiros-pt-pt","13":"product_cat-tabuleiros-de-visao-pt-pt","15":"first","16":"instock","17":"taxable","18":"shipping-taxable","19":"purchasable","20":"product-type-simple"},"acf":[],"yoast_head":"<!-- This site is optimized with the Yoast SEO Premium plugin v26.6 (Yoast SEO v26.6) - https:\/\/yoast.com\/wordpress\/plugins\/seo\/ -->\n<title>Tabuleiro de cart\u00e3o Kraft - 18 x 18 cm<\/title>\n<meta name=\"description\" content=\"Descobre o nosso tabuleiro de cart\u00e3o kraft 18 x 18 cm da gama Luxipack: atraente, robusto, vers\u00e1til e amigo do ambiente.\" \/>\n<meta name=\"robots\" content=\"index, follow, max-snippet:-1, max-image-preview:large, max-video-preview:-1\" \/>\n<link rel=\"canonical\" href=\"https:\/\/www.csj-emballages.com\/pt-pt\/produit\/240-tabuleiros-de-cartao-kraft-18-x-18-cm\/\" \/>\n<meta property=\"og:locale\" content=\"pt_PT\" \/>\n<meta property=\"og:type\" content=\"article\" \/>\n<meta property=\"og:title\" content=\"Tabuleiro de cart\u00e3o Kraft 18 x 18 cm por 240\" \/>\n<meta property=\"og:description\" content=\"Descobre o nosso tabuleiro de cart\u00e3o kraft 18 x 18 cm da gama Luxipack: atraente, robusto, vers\u00e1til e amigo do ambiente.\" \/>\n<meta property=\"og:url\" content=\"https:\/\/www.csj-emballages.com\/pt-pt\/produit\/240-tabuleiros-de-cartao-kraft-18-x-18-cm\/\" \/>\n<meta property=\"og:site_name\" content=\"CSJ Emballages\" \/>\n<meta property=\"article:publisher\" content=\"https:\/\/www.facebook.com\/csjemballages\" \/>\n<meta property=\"article:modified_time\" content=\"2026-03-12T15:28:55+00:00\" \/>\n<meta property=\"og:image\" content=\"https:\/\/www.csj-emballages.com\/wp-content\/uploads\/2024\/03\/Plateau-luxipack-P.webp\" \/>\n\t<meta property=\"og:image:width\" content=\"800\" \/>\n\t<meta property=\"og:image:height\" content=\"799\" \/>\n\t<meta property=\"og:image:type\" content=\"image\/webp\" \/>\n<meta name=\"twitter:card\" content=\"summary_large_image\" \/>\n<meta name=\"twitter:label1\" content=\"Tempo estimado de leitura\" \/>\n\t<meta name=\"twitter:data1\" content=\"2 minutos\" \/>\n<script type=\"application\/ld+json\" class=\"yoast-schema-graph\">{\"@context\":\"https:\/\/schema.org\",\"@graph\":[{\"@type\":\"WebPage\",\"@id\":\"https:\/\/www.csj-emballages.com\/pt-pt\/produit\/240-tabuleiros-de-cartao-kraft-18-x-18-cm\/\",\"url\":\"https:\/\/www.csj-emballages.com\/pt-pt\/produit\/240-tabuleiros-de-cartao-kraft-18-x-18-cm\/\",\"name\":\"Tabuleiro de cart\u00e3o Kraft - 18 x 18 cm\",\"isPartOf\":{\"@id\":\"https:\/\/www.csj-emballages.com\/pt-pt\/#website\"},\"primaryImageOfPage\":{\"@id\":\"https:\/\/www.csj-emballages.com\/pt-pt\/produit\/240-tabuleiros-de-cartao-kraft-18-x-18-cm\/#primaryimage\"},\"image\":{\"@id\":\"https:\/\/www.csj-emballages.com\/pt-pt\/produit\/240-tabuleiros-de-cartao-kraft-18-x-18-cm\/#primaryimage\"},\"thumbnailUrl\":\"https:\/\/www.csj-emballages.com\/wp-content\/uploads\/2024\/03\/Plateau-luxipack-P.webp\",\"datePublished\":\"2024-03-01T15:51:53+00:00\",\"dateModified\":\"2026-03-12T15:28:55+00:00\",\"description\":\"Descobre o nosso tabuleiro de cart\u00e3o kraft 18 x 18 cm da gama Luxipack: atraente, robusto, vers\u00e1til e amigo do ambiente.\",\"breadcrumb\":{\"@id\":\"https:\/\/www.csj-emballages.com\/pt-pt\/produit\/240-tabuleiros-de-cartao-kraft-18-x-18-cm\/#breadcrumb\"},\"inLanguage\":\"pt-PT\",\"potentialAction\":[{\"@type\":\"ReadAction\",\"target\":[\"https:\/\/www.csj-emballages.com\/pt-pt\/produit\/240-tabuleiros-de-cartao-kraft-18-x-18-cm\/\"]}]},{\"@type\":\"ImageObject\",\"inLanguage\":\"pt-PT\",\"@id\":\"https:\/\/www.csj-emballages.com\/pt-pt\/produit\/240-tabuleiros-de-cartao-kraft-18-x-18-cm\/#primaryimage\",\"url\":\"https:\/\/www.csj-emballages.com\/wp-content\/uploads\/2024\/03\/Plateau-luxipack-P.webp\",\"contentUrl\":\"https:\/\/www.csj-emballages.com\/wp-content\/uploads\/2024\/03\/Plateau-luxipack-P.webp\",\"width\":800,\"height\":799,\"caption\":\"Plateau carton\"},{\"@type\":\"BreadcrumbList\",\"@id\":\"https:\/\/www.csj-emballages.com\/pt-pt\/produit\/240-tabuleiros-de-cartao-kraft-18-x-18-cm\/#breadcrumb\",\"itemListElement\":[{\"@type\":\"ListItem\",\"position\":1,\"name\":\"Acolhimento\",\"item\":\"https:\/\/www.csj-emballages.com\/pt-pt\/universo-das-embalagens-alimentares\/\"},{\"@type\":\"ListItem\",\"position\":2,\"name\":\"Shop\",\"item\":\"https:\/\/www.csj-emballages.com\/shop\/\"},{\"@type\":\"ListItem\",\"position\":3,\"name\":\"Tabuleiro de cart\u00e3o Kraft 18 x 18 cm por 240\"}]},{\"@type\":\"WebSite\",\"@id\":\"https:\/\/www.csj-emballages.com\/pt-pt\/#website\",\"url\":\"https:\/\/www.csj-emballages.com\/pt-pt\/\",\"name\":\"CSJ Emballages\",\"description\":\"\",\"publisher\":{\"@id\":\"https:\/\/www.csj-emballages.com\/pt-pt\/#organization\"},\"potentialAction\":[{\"@type\":\"SearchAction\",\"target\":{\"@type\":\"EntryPoint\",\"urlTemplate\":\"https:\/\/www.csj-emballages.com\/pt-pt\/?s={search_term_string}\"},\"query-input\":{\"@type\":\"PropertyValueSpecification\",\"valueRequired\":true,\"valueName\":\"search_term_string\"}}],\"inLanguage\":\"pt-PT\"},{\"@type\":\"Organization\",\"@id\":\"https:\/\/www.csj-emballages.com\/pt-pt\/#Organization\/\",\"name\":\"CSJ Emballages\",\"url\":\"https:\/\/www.csj-emballages.com\/pt-pt\/\",\"logo\":{\"@type\":\"ImageObject\",\"inLanguage\":\"pt-PT\",\"@id\":\"https:\/\/www.csj-emballages.com\/pt-pt\/#\/schema\/logo\/image\/\",\"url\":\"https:\/\/www.csj-emballages.com\/wp-content\/uploads\/2023\/10\/logo_csj.webp\",\"contentUrl\":\"https:\/\/www.csj-emballages.com\/wp-content\/uploads\/2023\/10\/logo_csj.webp\",\"width\":250,\"height\":95,\"caption\":\"CSJ Emballages\"},\"image\":{\"@id\":\"https:\/\/www.csj-emballages.com\/pt-pt\/#\/schema\/logo\/image\/\"},\"sameAs\":[\"https:\/\/www.facebook.com\/csjemballages\"],\"address\":{\"@type\":\"PostalAddress\",\"streetAddress\":\"ZI La Lechere\",\"addressLocality\":\"Patornay\",\"postalCode\":\"39130\",\"addressCountry\":\"FR\"},\"contactPoint\":[{\"@type\":\"ContactPoint\",\"contactType\":\"Service client\",\"telephone\":\"0384254272\",\"email\":\"contact@csj-emballages.com\"}]}]}<\/script>\n<!-- \/ Yoast SEO Premium plugin. -->","yoast_head_json":{"title":"Tabuleiro de cart\u00e3o Kraft - 18 x 18 cm","description":"Descobre o nosso tabuleiro de cart\u00e3o kraft 18 x 18 cm da gama Luxipack: atraente, robusto, vers\u00e1til e amigo do ambiente.","robots":{"index":"index","follow":"follow","max-snippet":"max-snippet:-1","max-image-preview":"max-image-preview:large","max-video-preview":"max-video-preview:-1"},"canonical":"https:\/\/www.csj-emballages.com\/pt-pt\/produit\/240-tabuleiros-de-cartao-kraft-18-x-18-cm\/","og_locale":"pt_PT","og_type":"article","og_title":"Tabuleiro de cart\u00e3o Kraft 18 x 18 cm por 240","og_description":"Descobre o nosso tabuleiro de cart\u00e3o kraft 18 x 18 cm da gama Luxipack: atraente, robusto, vers\u00e1til e amigo do ambiente.","og_url":"https:\/\/www.csj-emballages.com\/pt-pt\/produit\/240-tabuleiros-de-cartao-kraft-18-x-18-cm\/","og_site_name":"CSJ Emballages","article_publisher":"https:\/\/www.facebook.com\/csjemballages","article_modified_time":"2026-03-12T15:28:55+00:00","og_image":[{"width":800,"height":799,"url":"https:\/\/www.csj-emballages.com\/wp-content\/uploads\/2024\/03\/Plateau-luxipack-P.webp","type":"image\/webp"}],"twitter_card":"summary_large_image","twitter_misc":{"Tempo estimado de leitura":"2 minutos"},"schema":{"@context":"https:\/\/schema.org","@graph":[{"@type":"WebPage","@id":"https:\/\/www.csj-emballages.com\/pt-pt\/produit\/240-tabuleiros-de-cartao-kraft-18-x-18-cm\/","url":"https:\/\/www.csj-emballages.com\/pt-pt\/produit\/240-tabuleiros-de-cartao-kraft-18-x-18-cm\/","name":"Tabuleiro de cart\u00e3o Kraft - 18 x 18 cm","isPartOf":{"@id":"https:\/\/www.csj-emballages.com\/pt-pt\/#website"},"primaryImageOfPage":{"@id":"https:\/\/www.csj-emballages.com\/pt-pt\/produit\/240-tabuleiros-de-cartao-kraft-18-x-18-cm\/#primaryimage"},"image":{"@id":"https:\/\/www.csj-emballages.com\/pt-pt\/produit\/240-tabuleiros-de-cartao-kraft-18-x-18-cm\/#primaryimage"},"thumbnailUrl":"https:\/\/www.csj-emballages.com\/wp-content\/uploads\/2024\/03\/Plateau-luxipack-P.webp","datePublished":"2024-03-01T15:51:53+00:00","dateModified":"2026-03-12T15:28:55+00:00","description":"Descobre o nosso tabuleiro de cart\u00e3o kraft 18 x 18 cm da gama Luxipack: atraente, robusto, vers\u00e1til e amigo do ambiente.","breadcrumb":{"@id":"https:\/\/www.csj-emballages.com\/pt-pt\/produit\/240-tabuleiros-de-cartao-kraft-18-x-18-cm\/#breadcrumb"},"inLanguage":"pt-PT","potentialAction":[{"@type":"ReadAction","target":["https:\/\/www.csj-emballages.com\/pt-pt\/produit\/240-tabuleiros-de-cartao-kraft-18-x-18-cm\/"]}]},{"@type":"ImageObject","inLanguage":"pt-PT","@id":"https:\/\/www.csj-emballages.com\/pt-pt\/produit\/240-tabuleiros-de-cartao-kraft-18-x-18-cm\/#primaryimage","url":"https:\/\/www.csj-emballages.com\/wp-content\/uploads\/2024\/03\/Plateau-luxipack-P.webp","contentUrl":"https:\/\/www.csj-emballages.com\/wp-content\/uploads\/2024\/03\/Plateau-luxipack-P.webp","width":800,"height":799,"caption":"Plateau carton"},{"@type":"BreadcrumbList","@id":"https:\/\/www.csj-emballages.com\/pt-pt\/produit\/240-tabuleiros-de-cartao-kraft-18-x-18-cm\/#breadcrumb","itemListElement":[{"@type":"ListItem","position":1,"name":"Acolhimento","item":"https:\/\/www.csj-emballages.com\/pt-pt\/universo-das-embalagens-alimentares\/"},{"@type":"ListItem","position":2,"name":"Shop","item":"https:\/\/www.csj-emballages.com\/shop\/"},{"@type":"ListItem","position":3,"name":"Tabuleiro de cart\u00e3o Kraft 18 x 18 cm por 240"}]},{"@type":"WebSite","@id":"https:\/\/www.csj-emballages.com\/pt-pt\/#website","url":"https:\/\/www.csj-emballages.com\/pt-pt\/","name":"CSJ Emballages","description":"","publisher":{"@id":"https:\/\/www.csj-emballages.com\/pt-pt\/#organization"},"potentialAction":[{"@type":"SearchAction","target":{"@type":"EntryPoint","urlTemplate":"https:\/\/www.csj-emballages.com\/pt-pt\/?s={search_term_string}"},"query-input":{"@type":"PropertyValueSpecification","valueRequired":true,"valueName":"search_term_string"}}],"inLanguage":"pt-PT"},{"@type":"Organization","@id":"https:\/\/www.csj-emballages.com\/pt-pt\/#Organization\/","name":"CSJ Emballages","url":"https:\/\/www.csj-emballages.com\/pt-pt\/","logo":{"@type":"ImageObject","inLanguage":"pt-PT","@id":"https:\/\/www.csj-emballages.com\/pt-pt\/#\/schema\/logo\/image\/","url":"https:\/\/www.csj-emballages.com\/wp-content\/uploads\/2023\/10\/logo_csj.webp","contentUrl":"https:\/\/www.csj-emballages.com\/wp-content\/uploads\/2023\/10\/logo_csj.webp","width":250,"height":95,"caption":"CSJ Emballages"},"image":{"@id":"https:\/\/www.csj-emballages.com\/pt-pt\/#\/schema\/logo\/image\/"},"sameAs":["https:\/\/www.facebook.com\/csjemballages"],"address":{"@type":"PostalAddress","streetAddress":"ZI La Lechere","addressLocality":"Patornay","postalCode":"39130","addressCountry":"FR"},"contactPoint":[{"@type":"ContactPoint","contactType":"Service client","telephone":"0384254272","email":"contact@csj-emballages.com"}]}]}},"df_price":130.06,"df_sale_price":"","df_regular_price":130.06,"df_image_link":"https:\/\/www.csj-emballages.com\/wp-content\/uploads\/2024\/03\/Plateau-luxipack-P-300x300.webp","tiered_pricing_type":"fixed","tiered_pricing_fixed_rules":[],"tiered_pricing_percentage_rules":[],"tiered_pricing_minimum":1,"tiered_pricing_roles_data":[],"_links":{"self":[{"href":"https:\/\/www.csj-emballages.com\/pt-pt\/wp-json\/wp\/v2\/product\/21911","targetHints":{"allow":["GET"]}}],"collection":[{"href":"https:\/\/www.csj-emballages.com\/pt-pt\/wp-json\/wp\/v2\/product"}],"about":[{"href":"https:\/\/www.csj-emballages.com\/pt-pt\/wp-json\/wp\/v2\/types\/product"}],"wp:featuredmedia":[{"embeddable":true,"href":"https:\/\/www.csj-emballages.com\/pt-pt\/wp-json\/wp\/v2\/media\/200785"}],"wp:attachment":[{"href":"https:\/\/www.csj-emballages.com\/pt-pt\/wp-json\/wp\/v2\/media?parent=21911"}],"wp:term":[{"taxonomy":"product_brand","embeddable":true,"href":"https:\/\/www.csj-emballages.com\/pt-pt\/wp-json\/wp\/v2\/product_brand?post=21911"},{"taxonomy":"product_cat","embeddable":true,"href":"https:\/\/www.csj-emballages.com\/pt-pt\/wp-json\/wp\/v2\/product_cat?post=21911"},{"taxonomy":"product_tag","embeddable":true,"href":"https:\/\/www.csj-emballages.com\/pt-pt\/wp-json\/wp\/v2\/product_tag?post=21911"}],"curies":[{"name":"wp","href":"https:\/\/api.w.org\/{rel}","templated":true}]}}