{"id":21894,"date":"2024-03-01T16:51:55","date_gmt":"2024-03-01T15:51:55","guid":{"rendered":"https:\/\/u15jnbdpoq.preview.infomaniak.website\/produit\/2000-gravatas-douradas\/"},"modified":"2026-04-14T17:00:48","modified_gmt":"2026-04-14T15:00:48","slug":"2000-gravatas-douradas","status":"publish","type":"product","link":"https:\/\/www.csj-emballages.com\/pt-pt\/produit\/2000-gravatas-douradas\/","title":{"rendered":"Bra\u00e7adeira met\u00e1lica dourada por 2000"},"content":{"rendered":"<h2 class=\"p1\">Bra\u00e7o de fixa\u00e7\u00e3o<\/h2>\n<hr>\n<h3>Descri\u00e7\u00e3o da nossa bra\u00e7adeira met\u00e1lica dourada por 2000<\/h3>\n<p><!--more--><\/p>\n<p data-start=\"0\" data-end=\"453\">D\u00ea um toque de <strong data-start=\"53\" data-end=\"64\">requinte<\/strong> e <strong data-start=\"71\" data-end=\"84\">praticidade<\/strong> \u00e0s suas embalagens com o <strong data-start=\"110\" data-end=\"149\">la\u00e7o met\u00e1lico dourado TWIST<\/strong>. Concebido para proporcionar um <strong data-start=\"173\" data-end=\"195\">fecho de alta qualidade<\/strong>, este pequeno acess\u00f3rio \u00e9 o aliado ideal para os profissionais dos sectores da restaura\u00e7\u00e3o, da confeitaria e dos eventos. Gra\u00e7as ao seu <strong data-start=\"325\" data-end=\"347\">fio integrado<\/strong>, pode ser torcido num \u00fanico movimento para um <strong data-start=\"381\" data-end=\"404\">fecho seguro<\/strong>, mantendo-se r\u00e1pido e f\u00e1cil de utilizar.  <\/p>\n<p data-start=\"455\" data-end=\"919\">Quer se trate de fechar <strong data-start=\"485\" data-end=\"519\">sacos de bolachas estaladi\u00e7as<\/strong>, sacos de <strong data-start=\"536\" data-end=\"555\">rebu\u00e7ados coloridos<\/strong> ou de embrulhar <strong data-start=\"577\" data-end=\"598\">torr\u00f5es gourmet<\/strong>, este <strong>la\u00e7o dourado<\/strong> combina <strong data-start=\"621\" data-end=\"633\">eleg\u00e2ncia<\/strong> e <strong data-start=\"637\" data-end=\"650\">fiabilidade<\/strong>. A sua cor <strong data-start=\"664\" data-end=\"679\">dourada brilhante<\/strong> d\u00e1 imediatamente um toque festivo \u00e0s suas cria\u00e7\u00f5es ou prepara\u00e7\u00f5es caseiras. Em apenas alguns segundos, ter\u00e1 uma apresenta\u00e7\u00e3o profissional que agrada aos seus clientes e protege os seus produtos.  <\/p>\n<p data-start=\"921\" data-end=\"1256\">Para al\u00e9m disso, o <strong data-start=\"933\" data-end=\"947\">la\u00e7o TWIST<\/strong> distingue-se pela sua <strong data-start=\"967\" data-end=\"982\">versatilidade<\/strong>. Pode ser utilizado para uma grande variedade de fins: sacos de oferta, embalagens de alimentos, decora\u00e7\u00f5es de mesa ou arranjos florais. A sua <strong data-start=\"1112\" data-end=\"1125\">flexibilidade<\/strong> permite-lhe adaptar-se perfeitamente, enquanto a sua <strong data-start=\"1170\" data-end=\"1184\">resist\u00eancia<\/strong> garante que se mant\u00e9m no lugar, mesmo durante o transporte ou a armazenagem.  <\/p>\n<p data-start=\"1258\" data-end=\"1623\">Como \u00e9 vendida em <strong data-start=\"1283\" data-end=\"1307\">caixas de 2000<\/strong>, obt\u00e9m <strong data-start=\"1330\" data-end=\"1364\">uma excelente rela\u00e7\u00e3o qualidade\/pre\u00e7o<\/strong>, ideal para retalhistas de grande volume ou oficinas de produ\u00e7\u00e3o. Para al\u00e9m de ser <strong data-start=\"1454\" data-end=\"1467\">pr\u00e1tica<\/strong>, esta <strong>gravata met\u00e1lica dourada<\/strong> reduz o desperd\u00edcio: n\u00e3o \u00e9 necess\u00e1rio usar fita adesiva ou n\u00f3s complicados, basta uma simples <strong data-start=\"1572\" data-end=\"1581\">tor\u00e7\u00e3o<\/strong> para obter um resultado limpo e elegante. <\/p>\n<p data-start=\"1625\" data-end=\"1898\">Em suma, este <strong data-start=\"1639\" data-end=\"1672\">la\u00e7o met\u00e1lico dourado<\/strong> combina <strong data-start=\"1679\" data-end=\"1693\">efic\u00e1cia<\/strong>, <strong data-start=\"1695\" data-end=\"1707\">rapidez<\/strong> e <strong data-start=\"1711\" data-end=\"1725\">est\u00e9tica<\/strong>. Transforma cada embalagem num verdadeiro trunfo de marketing, garantindo ao mesmo tempo um fecho <strong data-start=\"1826\" data-end=\"1836\">fi\u00e1vel<\/strong> e <strong data-start=\"1840\" data-end=\"1850\">f\u00e1cil<\/strong> para os seus produtos alimentares ou decorativos. <\/p>\n<p data-start=\"1367\" data-end=\"1669\"><!--more--><\/p>\n<h4 data-start=\"1367\" data-end=\"1669\">Vantagens :<\/h4>\n<ul>\n<li data-start=\"1367\" data-end=\"1669\"><strong data-start=\"2115\" data-end=\"2138\">Fecho seguro<\/strong> gra\u00e7as ao fio torcido.<\/li>\n<li data-start=\"1367\" data-end=\"1669\"><strong data-start=\"2174\" data-end=\"2197\">Est\u00e9tica refinada<\/strong> em ouro brilhante.<\/li>\n<li data-start=\"1367\" data-end=\"1669\"><strong data-start=\"2017\" data-end=\"2030\">Pr\u00e1tico<\/strong>: 90 mm de comprimento, f\u00e1cil de manusear.<\/li>\n<li data-start=\"1367\" data-end=\"1669\"><strong data-start=\"2296\" data-end=\"2310\">Vers\u00e1til<\/strong>: bolachas, produtos de confeitaria, sacos de oferta, decora\u00e7\u00e3o.<\/li>\n<\/ul>\n<p>&nbsp;<\/p>\n<p><!--more--><\/p>\n<h4>Outras informa\u00e7\u00f5es :<\/h4>\n<ul>\n<li><strong>Embalagem<\/strong>: Embalagem de 2000<\/li>\n<li><strong>Comprimento<\/strong>: 9 cm<\/li>\n<li><strong>Cor<\/strong>: dourado<\/li>\n<li><strong>Material<\/strong>: Metal<\/li>\n<\/ul>\n<p>&nbsp;<\/p>\n<p><!--more--><\/p>\n<p>Este link tamb\u00e9m est\u00e1 dispon\u00edvel em embalagens de 100 : <span style=\"color: #d12727;\"><a style=\"color: #d12727;\" href=\"https:\/\/www.csj-emballages.com\/pt-pt\/produit\/100-elos-dourados-metalicos-95-mm\/\">LIENMET<\/a><\/span><\/p>\n<p>&nbsp;<\/p>\n<p><!--more--><\/p>\n<p>Tamb\u00e9m o pode encontrar em transparente : <span style=\"color: #d12727;\"><a style=\"color: #d12727;\" href=\"https:\/\/www.csj-emballages.com\/produit\/2000-liens-de-serrage-transparents\/\">LIENSTRAN<\/a><\/span><\/p>\n<p>&nbsp;<\/p>\n<p><!--more--><\/p>\n<p><a href=\"https:\/\/www.csj-emballages.com\/pt-pt\/categorie-produit\/embalagem-de-alimentos\/padaria-e-pastelaria\/sacos-saquetas-e-papel\/sacos-de-confeitaria\/ligacoes-de-aperto-pt-pt\/\">Ver o resto da nossa gama de abra\u00e7adeiras  <\/a><\/p>\n","protected":false},"excerpt":{"rendered":"<p>Bra\u00e7o de fixa\u00e7\u00e3o Descri\u00e7\u00e3o da nossa bra\u00e7adeira met\u00e1lica dourada por 2000<\/p>\n","protected":false},"featured_media":243418,"template":"","meta":{"_acf_changed":false},"product_brand":[],"product_cat":[1141,1177,1796,2843,1655,2844,1482,1805,2845],"product_tag":[],"class_list":{"0":"post-21894","1":"product","2":"type-product","3":"status-publish","4":"has-post-thumbnail","6":"product_cat-embalagem-de-alimentos","7":"product_cat-padaria-e-pastelaria","8":"product_cat-acessorios-decorativos","9":"product_cat-ligacoes-de-aperto","10":"product_cat-sacos-de-confeitaria","11":"product_cat-ligacoes-de-aperto-pt-pt","12":"product_cat-loja-e-armazem","13":"product_cat-acessorios-decorativos-pt-pt","14":"product_cat-ligacoes-de-aperto-pt-pt-2","16":"first","17":"instock","18":"taxable","19":"shipping-taxable","20":"purchasable","21":"product-type-simple"},"acf":[],"yoast_head":"<!-- This site is optimized with the Yoast SEO Premium plugin v26.6 (Yoast SEO v26.6) - https:\/\/yoast.com\/wordpress\/plugins\/seo\/ -->\n<title>Elo de fixa\u00e7\u00e3o met\u00e1lico dourado por 2000<\/title>\n<meta name=\"description\" content=\"La\u00e7o TWIST dourado met\u00e1lico: fecho r\u00e1pido, fi\u00e1vel e elegante para sacos de comida ou de oferta. Caixa de 2000 unidades.\" \/>\n<meta name=\"robots\" content=\"index, follow, max-snippet:-1, max-image-preview:large, max-video-preview:-1\" \/>\n<link rel=\"canonical\" href=\"https:\/\/www.csj-emballages.com\/pt-pt\/produit\/2000-gravatas-douradas\/\" \/>\n<meta property=\"og:locale\" content=\"pt_PT\" \/>\n<meta property=\"og:type\" content=\"article\" \/>\n<meta property=\"og:title\" content=\"Bra\u00e7adeira met\u00e1lica dourada por 2000\" \/>\n<meta property=\"og:description\" content=\"La\u00e7o TWIST dourado met\u00e1lico: fecho r\u00e1pido, fi\u00e1vel e elegante para sacos de comida ou de oferta. Caixa de 2000 unidades.\" \/>\n<meta property=\"og:url\" content=\"https:\/\/www.csj-emballages.com\/pt-pt\/produit\/2000-gravatas-douradas\/\" \/>\n<meta property=\"og:site_name\" content=\"CSJ Emballages\" \/>\n<meta property=\"article:publisher\" content=\"https:\/\/www.facebook.com\/csjemballages\" \/>\n<meta property=\"article:modified_time\" content=\"2026-04-14T15:00:48+00:00\" \/>\n<meta property=\"og:image\" content=\"https:\/\/www.csj-emballages.com\/wp-content\/uploads\/2024\/03\/LIENSOR.webp\" \/>\n\t<meta property=\"og:image:width\" content=\"800\" \/>\n\t<meta property=\"og:image:height\" content=\"800\" \/>\n\t<meta property=\"og:image:type\" content=\"image\/webp\" \/>\n<meta name=\"twitter:card\" content=\"summary_large_image\" \/>\n<meta name=\"twitter:label1\" content=\"Tempo estimado de leitura\" \/>\n\t<meta name=\"twitter:data1\" content=\"2 minutos\" \/>\n<script type=\"application\/ld+json\" class=\"yoast-schema-graph\">{\"@context\":\"https:\/\/schema.org\",\"@graph\":[{\"@type\":\"WebPage\",\"@id\":\"https:\/\/www.csj-emballages.com\/pt-pt\/produit\/2000-gravatas-douradas\/\",\"url\":\"https:\/\/www.csj-emballages.com\/pt-pt\/produit\/2000-gravatas-douradas\/\",\"name\":\"Elo de fixa\u00e7\u00e3o met\u00e1lico dourado por 2000\",\"isPartOf\":{\"@id\":\"https:\/\/www.csj-emballages.com\/pt-pt\/#website\"},\"primaryImageOfPage\":{\"@id\":\"https:\/\/www.csj-emballages.com\/pt-pt\/produit\/2000-gravatas-douradas\/#primaryimage\"},\"image\":{\"@id\":\"https:\/\/www.csj-emballages.com\/pt-pt\/produit\/2000-gravatas-douradas\/#primaryimage\"},\"thumbnailUrl\":\"https:\/\/www.csj-emballages.com\/wp-content\/uploads\/2024\/03\/LIENSOR.webp\",\"datePublished\":\"2024-03-01T15:51:55+00:00\",\"dateModified\":\"2026-04-14T15:00:48+00:00\",\"description\":\"La\u00e7o TWIST dourado met\u00e1lico: fecho r\u00e1pido, fi\u00e1vel e elegante para sacos de comida ou de oferta. Caixa de 2000 unidades.\",\"breadcrumb\":{\"@id\":\"https:\/\/www.csj-emballages.com\/pt-pt\/produit\/2000-gravatas-douradas\/#breadcrumb\"},\"inLanguage\":\"pt-PT\",\"potentialAction\":[{\"@type\":\"ReadAction\",\"target\":[\"https:\/\/www.csj-emballages.com\/pt-pt\/produit\/2000-gravatas-douradas\/\"]}]},{\"@type\":\"ImageObject\",\"inLanguage\":\"pt-PT\",\"@id\":\"https:\/\/www.csj-emballages.com\/pt-pt\/produit\/2000-gravatas-douradas\/#primaryimage\",\"url\":\"https:\/\/www.csj-emballages.com\/wp-content\/uploads\/2024\/03\/LIENSOR.webp\",\"contentUrl\":\"https:\/\/www.csj-emballages.com\/wp-content\/uploads\/2024\/03\/LIENSOR.webp\",\"width\":800,\"height\":800,\"caption\":\"Lien de serrage\"},{\"@type\":\"BreadcrumbList\",\"@id\":\"https:\/\/www.csj-emballages.com\/pt-pt\/produit\/2000-gravatas-douradas\/#breadcrumb\",\"itemListElement\":[{\"@type\":\"ListItem\",\"position\":1,\"name\":\"Acolhimento\",\"item\":\"https:\/\/www.csj-emballages.com\/pt-pt\/universo-das-embalagens-alimentares\/\"},{\"@type\":\"ListItem\",\"position\":2,\"name\":\"Shop\",\"item\":\"https:\/\/www.csj-emballages.com\/shop\/\"},{\"@type\":\"ListItem\",\"position\":3,\"name\":\"Bra\u00e7adeira met\u00e1lica dourada por 2000\"}]},{\"@type\":\"WebSite\",\"@id\":\"https:\/\/www.csj-emballages.com\/pt-pt\/#website\",\"url\":\"https:\/\/www.csj-emballages.com\/pt-pt\/\",\"name\":\"CSJ Emballages\",\"description\":\"\",\"publisher\":{\"@id\":\"https:\/\/www.csj-emballages.com\/pt-pt\/#organization\"},\"potentialAction\":[{\"@type\":\"SearchAction\",\"target\":{\"@type\":\"EntryPoint\",\"urlTemplate\":\"https:\/\/www.csj-emballages.com\/pt-pt\/?s={search_term_string}\"},\"query-input\":{\"@type\":\"PropertyValueSpecification\",\"valueRequired\":true,\"valueName\":\"search_term_string\"}}],\"inLanguage\":\"pt-PT\"},{\"@type\":\"Organization\",\"@id\":\"https:\/\/www.csj-emballages.com\/pt-pt\/#Organization\/\",\"name\":\"CSJ Emballages\",\"url\":\"https:\/\/www.csj-emballages.com\/pt-pt\/\",\"logo\":{\"@type\":\"ImageObject\",\"inLanguage\":\"pt-PT\",\"@id\":\"https:\/\/www.csj-emballages.com\/pt-pt\/#\/schema\/logo\/image\/\",\"url\":\"https:\/\/www.csj-emballages.com\/wp-content\/uploads\/2023\/10\/logo_csj.webp\",\"contentUrl\":\"https:\/\/www.csj-emballages.com\/wp-content\/uploads\/2023\/10\/logo_csj.webp\",\"width\":250,\"height\":95,\"caption\":\"CSJ Emballages\"},\"image\":{\"@id\":\"https:\/\/www.csj-emballages.com\/pt-pt\/#\/schema\/logo\/image\/\"},\"sameAs\":[\"https:\/\/www.facebook.com\/csjemballages\"],\"address\":{\"@type\":\"PostalAddress\",\"streetAddress\":\"ZI La Lechere\",\"addressLocality\":\"Patornay\",\"postalCode\":\"39130\",\"addressCountry\":\"FR\"},\"contactPoint\":[{\"@type\":\"ContactPoint\",\"contactType\":\"Service client\",\"telephone\":\"0384254272\",\"email\":\"contact@csj-emballages.com\"}]}]}<\/script>\n<!-- \/ Yoast SEO Premium plugin. -->","yoast_head_json":{"title":"Elo de fixa\u00e7\u00e3o met\u00e1lico dourado por 2000","description":"La\u00e7o TWIST dourado met\u00e1lico: fecho r\u00e1pido, fi\u00e1vel e elegante para sacos de comida ou de oferta. Caixa de 2000 unidades.","robots":{"index":"index","follow":"follow","max-snippet":"max-snippet:-1","max-image-preview":"max-image-preview:large","max-video-preview":"max-video-preview:-1"},"canonical":"https:\/\/www.csj-emballages.com\/pt-pt\/produit\/2000-gravatas-douradas\/","og_locale":"pt_PT","og_type":"article","og_title":"Bra\u00e7adeira met\u00e1lica dourada por 2000","og_description":"La\u00e7o TWIST dourado met\u00e1lico: fecho r\u00e1pido, fi\u00e1vel e elegante para sacos de comida ou de oferta. Caixa de 2000 unidades.","og_url":"https:\/\/www.csj-emballages.com\/pt-pt\/produit\/2000-gravatas-douradas\/","og_site_name":"CSJ Emballages","article_publisher":"https:\/\/www.facebook.com\/csjemballages","article_modified_time":"2026-04-14T15:00:48+00:00","og_image":[{"width":800,"height":800,"url":"https:\/\/www.csj-emballages.com\/wp-content\/uploads\/2024\/03\/LIENSOR.webp","type":"image\/webp"}],"twitter_card":"summary_large_image","twitter_misc":{"Tempo estimado de leitura":"2 minutos"},"schema":{"@context":"https:\/\/schema.org","@graph":[{"@type":"WebPage","@id":"https:\/\/www.csj-emballages.com\/pt-pt\/produit\/2000-gravatas-douradas\/","url":"https:\/\/www.csj-emballages.com\/pt-pt\/produit\/2000-gravatas-douradas\/","name":"Elo de fixa\u00e7\u00e3o met\u00e1lico dourado por 2000","isPartOf":{"@id":"https:\/\/www.csj-emballages.com\/pt-pt\/#website"},"primaryImageOfPage":{"@id":"https:\/\/www.csj-emballages.com\/pt-pt\/produit\/2000-gravatas-douradas\/#primaryimage"},"image":{"@id":"https:\/\/www.csj-emballages.com\/pt-pt\/produit\/2000-gravatas-douradas\/#primaryimage"},"thumbnailUrl":"https:\/\/www.csj-emballages.com\/wp-content\/uploads\/2024\/03\/LIENSOR.webp","datePublished":"2024-03-01T15:51:55+00:00","dateModified":"2026-04-14T15:00:48+00:00","description":"La\u00e7o TWIST dourado met\u00e1lico: fecho r\u00e1pido, fi\u00e1vel e elegante para sacos de comida ou de oferta. Caixa de 2000 unidades.","breadcrumb":{"@id":"https:\/\/www.csj-emballages.com\/pt-pt\/produit\/2000-gravatas-douradas\/#breadcrumb"},"inLanguage":"pt-PT","potentialAction":[{"@type":"ReadAction","target":["https:\/\/www.csj-emballages.com\/pt-pt\/produit\/2000-gravatas-douradas\/"]}]},{"@type":"ImageObject","inLanguage":"pt-PT","@id":"https:\/\/www.csj-emballages.com\/pt-pt\/produit\/2000-gravatas-douradas\/#primaryimage","url":"https:\/\/www.csj-emballages.com\/wp-content\/uploads\/2024\/03\/LIENSOR.webp","contentUrl":"https:\/\/www.csj-emballages.com\/wp-content\/uploads\/2024\/03\/LIENSOR.webp","width":800,"height":800,"caption":"Lien de serrage"},{"@type":"BreadcrumbList","@id":"https:\/\/www.csj-emballages.com\/pt-pt\/produit\/2000-gravatas-douradas\/#breadcrumb","itemListElement":[{"@type":"ListItem","position":1,"name":"Acolhimento","item":"https:\/\/www.csj-emballages.com\/pt-pt\/universo-das-embalagens-alimentares\/"},{"@type":"ListItem","position":2,"name":"Shop","item":"https:\/\/www.csj-emballages.com\/shop\/"},{"@type":"ListItem","position":3,"name":"Bra\u00e7adeira met\u00e1lica dourada por 2000"}]},{"@type":"WebSite","@id":"https:\/\/www.csj-emballages.com\/pt-pt\/#website","url":"https:\/\/www.csj-emballages.com\/pt-pt\/","name":"CSJ Emballages","description":"","publisher":{"@id":"https:\/\/www.csj-emballages.com\/pt-pt\/#organization"},"potentialAction":[{"@type":"SearchAction","target":{"@type":"EntryPoint","urlTemplate":"https:\/\/www.csj-emballages.com\/pt-pt\/?s={search_term_string}"},"query-input":{"@type":"PropertyValueSpecification","valueRequired":true,"valueName":"search_term_string"}}],"inLanguage":"pt-PT"},{"@type":"Organization","@id":"https:\/\/www.csj-emballages.com\/pt-pt\/#Organization\/","name":"CSJ Emballages","url":"https:\/\/www.csj-emballages.com\/pt-pt\/","logo":{"@type":"ImageObject","inLanguage":"pt-PT","@id":"https:\/\/www.csj-emballages.com\/pt-pt\/#\/schema\/logo\/image\/","url":"https:\/\/www.csj-emballages.com\/wp-content\/uploads\/2023\/10\/logo_csj.webp","contentUrl":"https:\/\/www.csj-emballages.com\/wp-content\/uploads\/2023\/10\/logo_csj.webp","width":250,"height":95,"caption":"CSJ Emballages"},"image":{"@id":"https:\/\/www.csj-emballages.com\/pt-pt\/#\/schema\/logo\/image\/"},"sameAs":["https:\/\/www.facebook.com\/csjemballages"],"address":{"@type":"PostalAddress","streetAddress":"ZI La Lechere","addressLocality":"Patornay","postalCode":"39130","addressCountry":"FR"},"contactPoint":[{"@type":"ContactPoint","contactType":"Service client","telephone":"0384254272","email":"contact@csj-emballages.com"}]}]}},"df_price":8.24,"df_sale_price":"","df_regular_price":8.24,"df_image_link":"https:\/\/www.csj-emballages.com\/wp-content\/uploads\/2024\/03\/LIENSOR-300x300.webp","tiered_pricing_type":"fixed","tiered_pricing_fixed_rules":[],"tiered_pricing_percentage_rules":[],"tiered_pricing_minimum":1,"tiered_pricing_roles_data":[],"_links":{"self":[{"href":"https:\/\/www.csj-emballages.com\/pt-pt\/wp-json\/wp\/v2\/product\/21894","targetHints":{"allow":["GET"]}}],"collection":[{"href":"https:\/\/www.csj-emballages.com\/pt-pt\/wp-json\/wp\/v2\/product"}],"about":[{"href":"https:\/\/www.csj-emballages.com\/pt-pt\/wp-json\/wp\/v2\/types\/product"}],"wp:featuredmedia":[{"embeddable":true,"href":"https:\/\/www.csj-emballages.com\/pt-pt\/wp-json\/wp\/v2\/media\/243418"}],"wp:attachment":[{"href":"https:\/\/www.csj-emballages.com\/pt-pt\/wp-json\/wp\/v2\/media?parent=21894"}],"wp:term":[{"taxonomy":"product_brand","embeddable":true,"href":"https:\/\/www.csj-emballages.com\/pt-pt\/wp-json\/wp\/v2\/product_brand?post=21894"},{"taxonomy":"product_cat","embeddable":true,"href":"https:\/\/www.csj-emballages.com\/pt-pt\/wp-json\/wp\/v2\/product_cat?post=21894"},{"taxonomy":"product_tag","embeddable":true,"href":"https:\/\/www.csj-emballages.com\/pt-pt\/wp-json\/wp\/v2\/product_tag?post=21894"}],"curies":[{"name":"wp","href":"https:\/\/api.w.org\/{rel}","templated":true}]}}