{"id":21892,"date":"2024-03-01T16:51:55","date_gmt":"2024-03-01T15:51:55","guid":{"rendered":"https:\/\/u15jnbdpoq.preview.infomaniak.website\/produit\/100-elos-dourados-metalicos-95-mm\/"},"modified":"2026-04-28T02:16:23","modified_gmt":"2026-04-28T00:16:23","slug":"100-elos-dourados-metalicos-95-mm","status":"publish","type":"product","link":"https:\/\/www.csj-emballages.com\/pt-pt\/produit\/100-elos-dourados-metalicos-95-mm\/","title":{"rendered":"Bra\u00e7adeira met\u00e1lica dourada 95 mm por 100"},"content":{"rendered":"<h2 class=\"p1\">Bra\u00e7o de fixa\u00e7\u00e3o<\/h2>\n<hr>\n<h3>Descri\u00e7\u00e3o das nossas abra\u00e7adeiras met\u00e1licas douradas de 95 mm, embalagem de 100<\/h3>\n<p><!--more--><\/p>\n<p data-start=\"0\" data-end=\"540\">D\u00ea um toque de eleg\u00e2ncia e praticidade \u00e0s suas embalagens com os nossos <strong data-start=\"113\" data-end=\"154\">la\u00e7os met\u00e1licos dourados de 95 mm<\/strong>. Perfeitos para fechar os seus <span style=\"color: #d12727;\"><a style=\"color: #d12727;\" href=\"https:\/\/www.csj-emballages.com\/pt-pt\/categorie-produit\/embalagem-de-alimentos\/padaria-e-pastelaria\/sacos-saquetas-e-papel\/sacos-de-confeitaria\/\">sacos de confeitaria<\/a><\/span> ou embalagens de oferta, estes <strong>atilhos met\u00e1licos<\/strong> s\u00e3o a solu\u00e7\u00e3o ideal para combinar <strong data-start=\"275\" data-end=\"289\">est\u00e9tica<\/strong> e <strong data-start=\"293\" data-end=\"311\">funcionalidade<\/strong>. A sua cor <strong data-start=\"336\" data-end=\"345\">dourada<\/strong> chama imediatamente a aten\u00e7\u00e3o, conferindo um acabamento requintado \u00e0s suas apresenta\u00e7\u00f5es, quer se trate de produtos de <strong data-start=\"451\" data-end=\"466\">confeitaria<\/strong>, <strong data-start=\"472\" data-end=\"487\">pastelaria<\/strong> ou sacos de <strong data-start=\"514\" data-end=\"537\" data-is-only-node=\"\">produtos artesanais<\/strong>.  <\/p>\n<p data-start=\"542\" data-end=\"951\">Fabricadas em <strong data-start=\"555\" data-end=\"571\">metal s\u00f3lido<\/strong> revestido com <strong>pel\u00edcula pl\u00e1stica colorida<\/strong>, oferecem <strong data-start=\"626\" data-end=\"649\">uma resist\u00eancia \u00f3ptima<\/strong>, garantindo um fecho seguro mesmo para embalagens mais pesadas. Para al\u00e9m disso, o seu comprimento de <strong data-start=\"752\" data-end=\"761\">95 mm<\/strong> garante uma fixa\u00e7\u00e3o perfeita, mantendo-se f\u00e1cil de manusear. Gra\u00e7as \u00e0 sua <strong data-start=\"836\" data-end=\"849\">flexibilidade<\/strong>, pode torc\u00ea-las e ajust\u00e1-las sem esfor\u00e7o, sem deixar de obter um acabamento limpo e profissional.  <\/p>\n<p data-start=\"953\" data-end=\"1365\">Ao escolher estes <strong>atilhos<\/strong>, n\u00e3o est\u00e1 apenas a optar por um acess\u00f3rio <strong data-start=\"1023\" data-end=\"1037\">vers\u00e1til<\/strong>, mas tamb\u00e9m por uma solu\u00e7\u00e3o <strong data-start=\"1068\" data-end=\"1082\">econ\u00f3mica<\/strong>: cada embalagem cont\u00e9m <strong data-start=\"1105\" data-end=\"1119\">100 pe\u00e7as<\/strong>, ideais para profissionais <strong data-start=\"1157\" data-end=\"1173\">de restaura\u00e7\u00e3o<\/strong>, <strong data-start=\"1179\" data-end=\"1192\">charcutarias<\/strong>, <strong data-start=\"1198\" data-end=\"1214\">padarias<\/strong> ou <strong data-start=\"1223\" data-end=\"1242\">lojas de<\/strong> produtos delicados. Al\u00e9m disso, o seu acabamento brilhante combina facilmente com qualquer tipo de embalagem, seja ela transparente, kraft ou colorida. <\/p>\n<p data-start=\"1367\" data-end=\"1669\">Em suma, <strong>os<\/strong> nossos <strong>atilhos met\u00e1licos dourados de 95 mm<\/strong> s\u00e3o perfeitos para dar um toque de <strong data-start=\"1460\" data-end=\"1475\">requinte<\/strong> e garantir um <strong data-start=\"1497\" data-end=\"1517\">fecho fi\u00e1vel<\/strong>. Pr\u00e1ticos, elegantes e resistentes, tornar-se-\u00e3o rapidamente indispens\u00e1veis para valorizar as suas cria\u00e7\u00f5es e fazer sobressair os seus produtos. <\/p>\n<p data-start=\"1367\" data-end=\"1669\"><!--more--><\/p>\n<h4 data-start=\"1367\" data-end=\"1669\">Vantagens :<\/h4>\n<ul>\n<li data-start=\"1367\" data-end=\"1669\"><strong data-start=\"1885\" data-end=\"1897\">Eleg\u00e2ncia<\/strong>: acabamento dourado para uma apresenta\u00e7\u00e3o topo de gama.<\/li>\n<li data-start=\"1367\" data-end=\"1669\"><strong data-start=\"1956\" data-end=\"1970\">Resist\u00eancia<\/strong>: metal s\u00f3lido para um fecho fi\u00e1vel.<\/li>\n<li data-start=\"1367\" data-end=\"1669\"><strong data-start=\"2017\" data-end=\"2030\">Pr\u00e1tico<\/strong>: 95 mm de comprimento, f\u00e1cil de manusear.<\/li>\n<li data-start=\"1367\" data-end=\"1669\"><strong data-start=\"2073\" data-end=\"2088\">Versatilidade<\/strong>: ideal para embalagens de alimentos, presentes ou artesanato.<\/li>\n<\/ul>\n<p>&nbsp;<\/p>\n<p><!--more--><\/p>\n<h4>Outras informa\u00e7\u00f5es :<\/h4>\n<ul>\n<li><strong>Embalagem<\/strong>: Pacote de 100<\/li>\n<li><strong>Comprimento<\/strong>: 9,5 cm<\/li>\n<li><strong>Cor<\/strong>: dourado<\/li>\n<li><strong>Material<\/strong>: Metal<\/li>\n<\/ul>\n<p>&nbsp;<\/p>\n<p><!--more--><\/p>\n<p>Esta liga\u00e7\u00e3o tamb\u00e9m est\u00e1 dispon\u00edvel em embalagens de 2000: <span style=\"color: #d12727;\"><a style=\"color: #d12727;\" href=\"https:\/\/www.csj-emballages.com\/produit\/2000-liens-de-serrage-or\/\">LIENSOR<\/a><\/span><\/p>\n<p>&nbsp;<\/p>\n<p><!--more--><\/p>\n<p>Tamb\u00e9m o pode encontrar em transparente : <span style=\"color: #d12727;\"><a style=\"color: #d12727;\" href=\"https:\/\/www.csj-emballages.com\/produit\/2000-liens-de-serrage-transparents\/\">LIENSTRAN<\/a><\/span><\/p>\n<p>&nbsp;<\/p>\n<p><!--more--><\/p>\n<p><a href=\"https:\/\/www.csj-emballages.com\/pt-pt\/categorie-produit\/embalagem-de-alimentos\/padaria-e-pastelaria\/sacos-saquetas-e-papel\/sacos-de-confeitaria\/ligacoes-de-aperto-pt-pt\/\">Ver o resto da nossa gama de abra\u00e7adeiras  <\/a><\/p>\n","protected":false},"excerpt":{"rendered":"<p>Bra\u00e7o de fixa\u00e7\u00e3o Descri\u00e7\u00e3o das nossas abra\u00e7adeiras met\u00e1licas douradas de 95 mm, embalagem de 100<\/p>\n","protected":false},"featured_media":243409,"template":"","meta":{"_acf_changed":false},"product_brand":[],"product_cat":[1141,1177,1796,2843,1655,2844,1482,1805,2845],"product_tag":[],"class_list":{"0":"post-21892","1":"product","2":"type-product","3":"status-publish","4":"has-post-thumbnail","6":"product_cat-embalagem-de-alimentos","7":"product_cat-padaria-e-pastelaria","8":"product_cat-acessorios-decorativos","9":"product_cat-ligacoes-de-aperto","10":"product_cat-sacos-de-confeitaria","11":"product_cat-ligacoes-de-aperto-pt-pt","12":"product_cat-loja-e-armazem","13":"product_cat-acessorios-decorativos-pt-pt","14":"product_cat-ligacoes-de-aperto-pt-pt-2","16":"first","17":"instock","18":"taxable","19":"shipping-taxable","20":"purchasable","21":"product-type-simple"},"acf":[],"yoast_head":"<!-- This site is optimized with the Yoast SEO Premium plugin v26.6 (Yoast SEO v26.6) - https:\/\/yoast.com\/wordpress\/plugins\/seo\/ -->\n<title>Bra\u00e7adeira met\u00e1lica dourada 95 mm por 100<\/title>\n<meta name=\"description\" content=\"La\u00e7os met\u00e1licos dourados 95 mm - 100 pcs. Fixa\u00e7\u00e3o pr\u00e1tica e elegante para as suas embalagens de alimentos e presentes.\" \/>\n<meta name=\"robots\" content=\"index, follow, max-snippet:-1, max-image-preview:large, max-video-preview:-1\" \/>\n<link rel=\"canonical\" href=\"https:\/\/www.csj-emballages.com\/pt-pt\/produit\/100-elos-dourados-metalicos-95-mm\/\" \/>\n<meta property=\"og:locale\" content=\"pt_PT\" \/>\n<meta property=\"og:type\" content=\"article\" \/>\n<meta property=\"og:title\" content=\"Bra\u00e7adeira met\u00e1lica dourada 95 mm por 100\" \/>\n<meta property=\"og:description\" content=\"La\u00e7os met\u00e1licos dourados 95 mm - 100 pcs. Fixa\u00e7\u00e3o pr\u00e1tica e elegante para as suas embalagens de alimentos e presentes.\" \/>\n<meta property=\"og:url\" content=\"https:\/\/www.csj-emballages.com\/pt-pt\/produit\/100-elos-dourados-metalicos-95-mm\/\" \/>\n<meta property=\"og:site_name\" content=\"CSJ Emballages\" \/>\n<meta property=\"article:publisher\" content=\"https:\/\/www.facebook.com\/csjemballages\" \/>\n<meta property=\"article:modified_time\" content=\"2026-04-28T00:16:23+00:00\" \/>\n<meta property=\"og:image\" content=\"https:\/\/www.csj-emballages.com\/wp-content\/uploads\/2024\/03\/LIENSMET.webp\" \/>\n\t<meta property=\"og:image:width\" content=\"800\" \/>\n\t<meta property=\"og:image:height\" content=\"800\" \/>\n\t<meta property=\"og:image:type\" content=\"image\/webp\" \/>\n<meta name=\"twitter:card\" content=\"summary_large_image\" \/>\n<meta name=\"twitter:label1\" content=\"Tempo estimado de leitura\" \/>\n\t<meta name=\"twitter:data1\" content=\"2 minutos\" \/>\n<script type=\"application\/ld+json\" class=\"yoast-schema-graph\">{\"@context\":\"https:\/\/schema.org\",\"@graph\":[{\"@type\":\"WebPage\",\"@id\":\"https:\/\/www.csj-emballages.com\/pt-pt\/produit\/100-elos-dourados-metalicos-95-mm\/\",\"url\":\"https:\/\/www.csj-emballages.com\/pt-pt\/produit\/100-elos-dourados-metalicos-95-mm\/\",\"name\":\"Bra\u00e7adeira met\u00e1lica dourada 95 mm por 100\",\"isPartOf\":{\"@id\":\"https:\/\/www.csj-emballages.com\/pt-pt\/#website\"},\"primaryImageOfPage\":{\"@id\":\"https:\/\/www.csj-emballages.com\/pt-pt\/produit\/100-elos-dourados-metalicos-95-mm\/#primaryimage\"},\"image\":{\"@id\":\"https:\/\/www.csj-emballages.com\/pt-pt\/produit\/100-elos-dourados-metalicos-95-mm\/#primaryimage\"},\"thumbnailUrl\":\"https:\/\/www.csj-emballages.com\/wp-content\/uploads\/2024\/03\/LIENSMET.webp\",\"datePublished\":\"2024-03-01T15:51:55+00:00\",\"dateModified\":\"2026-04-28T00:16:23+00:00\",\"description\":\"La\u00e7os met\u00e1licos dourados 95 mm - 100 pcs. Fixa\u00e7\u00e3o pr\u00e1tica e elegante para as suas embalagens de alimentos e presentes.\",\"breadcrumb\":{\"@id\":\"https:\/\/www.csj-emballages.com\/pt-pt\/produit\/100-elos-dourados-metalicos-95-mm\/#breadcrumb\"},\"inLanguage\":\"pt-PT\",\"potentialAction\":[{\"@type\":\"ReadAction\",\"target\":[\"https:\/\/www.csj-emballages.com\/pt-pt\/produit\/100-elos-dourados-metalicos-95-mm\/\"]}]},{\"@type\":\"ImageObject\",\"inLanguage\":\"pt-PT\",\"@id\":\"https:\/\/www.csj-emballages.com\/pt-pt\/produit\/100-elos-dourados-metalicos-95-mm\/#primaryimage\",\"url\":\"https:\/\/www.csj-emballages.com\/wp-content\/uploads\/2024\/03\/LIENSMET.webp\",\"contentUrl\":\"https:\/\/www.csj-emballages.com\/wp-content\/uploads\/2024\/03\/LIENSMET.webp\",\"width\":800,\"height\":800,\"caption\":\"Lien de serrage m\u00e9tallique or 95 mm par 100\"},{\"@type\":\"BreadcrumbList\",\"@id\":\"https:\/\/www.csj-emballages.com\/pt-pt\/produit\/100-elos-dourados-metalicos-95-mm\/#breadcrumb\",\"itemListElement\":[{\"@type\":\"ListItem\",\"position\":1,\"name\":\"Acolhimento\",\"item\":\"https:\/\/www.csj-emballages.com\/pt-pt\/universo-das-embalagens-alimentares\/\"},{\"@type\":\"ListItem\",\"position\":2,\"name\":\"Shop\",\"item\":\"https:\/\/www.csj-emballages.com\/shop\/\"},{\"@type\":\"ListItem\",\"position\":3,\"name\":\"Bra\u00e7adeira met\u00e1lica dourada 95 mm por 100\"}]},{\"@type\":\"WebSite\",\"@id\":\"https:\/\/www.csj-emballages.com\/pt-pt\/#website\",\"url\":\"https:\/\/www.csj-emballages.com\/pt-pt\/\",\"name\":\"CSJ Emballages\",\"description\":\"\",\"publisher\":{\"@id\":\"https:\/\/www.csj-emballages.com\/pt-pt\/#organization\"},\"potentialAction\":[{\"@type\":\"SearchAction\",\"target\":{\"@type\":\"EntryPoint\",\"urlTemplate\":\"https:\/\/www.csj-emballages.com\/pt-pt\/?s={search_term_string}\"},\"query-input\":{\"@type\":\"PropertyValueSpecification\",\"valueRequired\":true,\"valueName\":\"search_term_string\"}}],\"inLanguage\":\"pt-PT\"},{\"@type\":\"Organization\",\"@id\":\"https:\/\/www.csj-emballages.com\/pt-pt\/#Organization\/\",\"name\":\"CSJ Emballages\",\"url\":\"https:\/\/www.csj-emballages.com\/pt-pt\/\",\"logo\":{\"@type\":\"ImageObject\",\"inLanguage\":\"pt-PT\",\"@id\":\"https:\/\/www.csj-emballages.com\/pt-pt\/#\/schema\/logo\/image\/\",\"url\":\"https:\/\/www.csj-emballages.com\/wp-content\/uploads\/2023\/10\/logo_csj.webp\",\"contentUrl\":\"https:\/\/www.csj-emballages.com\/wp-content\/uploads\/2023\/10\/logo_csj.webp\",\"width\":250,\"height\":95,\"caption\":\"CSJ Emballages\"},\"image\":{\"@id\":\"https:\/\/www.csj-emballages.com\/pt-pt\/#\/schema\/logo\/image\/\"},\"sameAs\":[\"https:\/\/www.facebook.com\/csjemballages\"],\"address\":{\"@type\":\"PostalAddress\",\"streetAddress\":\"ZI La Lechere\",\"addressLocality\":\"Patornay\",\"postalCode\":\"39130\",\"addressCountry\":\"FR\"},\"contactPoint\":[{\"@type\":\"ContactPoint\",\"contactType\":\"Service client\",\"telephone\":\"0384254272\",\"email\":\"contact@csj-emballages.com\"}]}]}<\/script>\n<!-- \/ Yoast SEO Premium plugin. -->","yoast_head_json":{"title":"Bra\u00e7adeira met\u00e1lica dourada 95 mm por 100","description":"La\u00e7os met\u00e1licos dourados 95 mm - 100 pcs. Fixa\u00e7\u00e3o pr\u00e1tica e elegante para as suas embalagens de alimentos e presentes.","robots":{"index":"index","follow":"follow","max-snippet":"max-snippet:-1","max-image-preview":"max-image-preview:large","max-video-preview":"max-video-preview:-1"},"canonical":"https:\/\/www.csj-emballages.com\/pt-pt\/produit\/100-elos-dourados-metalicos-95-mm\/","og_locale":"pt_PT","og_type":"article","og_title":"Bra\u00e7adeira met\u00e1lica dourada 95 mm por 100","og_description":"La\u00e7os met\u00e1licos dourados 95 mm - 100 pcs. Fixa\u00e7\u00e3o pr\u00e1tica e elegante para as suas embalagens de alimentos e presentes.","og_url":"https:\/\/www.csj-emballages.com\/pt-pt\/produit\/100-elos-dourados-metalicos-95-mm\/","og_site_name":"CSJ Emballages","article_publisher":"https:\/\/www.facebook.com\/csjemballages","article_modified_time":"2026-04-28T00:16:23+00:00","og_image":[{"width":800,"height":800,"url":"https:\/\/www.csj-emballages.com\/wp-content\/uploads\/2024\/03\/LIENSMET.webp","type":"image\/webp"}],"twitter_card":"summary_large_image","twitter_misc":{"Tempo estimado de leitura":"2 minutos"},"schema":{"@context":"https:\/\/schema.org","@graph":[{"@type":"WebPage","@id":"https:\/\/www.csj-emballages.com\/pt-pt\/produit\/100-elos-dourados-metalicos-95-mm\/","url":"https:\/\/www.csj-emballages.com\/pt-pt\/produit\/100-elos-dourados-metalicos-95-mm\/","name":"Bra\u00e7adeira met\u00e1lica dourada 95 mm por 100","isPartOf":{"@id":"https:\/\/www.csj-emballages.com\/pt-pt\/#website"},"primaryImageOfPage":{"@id":"https:\/\/www.csj-emballages.com\/pt-pt\/produit\/100-elos-dourados-metalicos-95-mm\/#primaryimage"},"image":{"@id":"https:\/\/www.csj-emballages.com\/pt-pt\/produit\/100-elos-dourados-metalicos-95-mm\/#primaryimage"},"thumbnailUrl":"https:\/\/www.csj-emballages.com\/wp-content\/uploads\/2024\/03\/LIENSMET.webp","datePublished":"2024-03-01T15:51:55+00:00","dateModified":"2026-04-28T00:16:23+00:00","description":"La\u00e7os met\u00e1licos dourados 95 mm - 100 pcs. Fixa\u00e7\u00e3o pr\u00e1tica e elegante para as suas embalagens de alimentos e presentes.","breadcrumb":{"@id":"https:\/\/www.csj-emballages.com\/pt-pt\/produit\/100-elos-dourados-metalicos-95-mm\/#breadcrumb"},"inLanguage":"pt-PT","potentialAction":[{"@type":"ReadAction","target":["https:\/\/www.csj-emballages.com\/pt-pt\/produit\/100-elos-dourados-metalicos-95-mm\/"]}]},{"@type":"ImageObject","inLanguage":"pt-PT","@id":"https:\/\/www.csj-emballages.com\/pt-pt\/produit\/100-elos-dourados-metalicos-95-mm\/#primaryimage","url":"https:\/\/www.csj-emballages.com\/wp-content\/uploads\/2024\/03\/LIENSMET.webp","contentUrl":"https:\/\/www.csj-emballages.com\/wp-content\/uploads\/2024\/03\/LIENSMET.webp","width":800,"height":800,"caption":"Lien de serrage m\u00e9tallique or 95 mm par 100"},{"@type":"BreadcrumbList","@id":"https:\/\/www.csj-emballages.com\/pt-pt\/produit\/100-elos-dourados-metalicos-95-mm\/#breadcrumb","itemListElement":[{"@type":"ListItem","position":1,"name":"Acolhimento","item":"https:\/\/www.csj-emballages.com\/pt-pt\/universo-das-embalagens-alimentares\/"},{"@type":"ListItem","position":2,"name":"Shop","item":"https:\/\/www.csj-emballages.com\/shop\/"},{"@type":"ListItem","position":3,"name":"Bra\u00e7adeira met\u00e1lica dourada 95 mm por 100"}]},{"@type":"WebSite","@id":"https:\/\/www.csj-emballages.com\/pt-pt\/#website","url":"https:\/\/www.csj-emballages.com\/pt-pt\/","name":"CSJ Emballages","description":"","publisher":{"@id":"https:\/\/www.csj-emballages.com\/pt-pt\/#organization"},"potentialAction":[{"@type":"SearchAction","target":{"@type":"EntryPoint","urlTemplate":"https:\/\/www.csj-emballages.com\/pt-pt\/?s={search_term_string}"},"query-input":{"@type":"PropertyValueSpecification","valueRequired":true,"valueName":"search_term_string"}}],"inLanguage":"pt-PT"},{"@type":"Organization","@id":"https:\/\/www.csj-emballages.com\/pt-pt\/#Organization\/","name":"CSJ Emballages","url":"https:\/\/www.csj-emballages.com\/pt-pt\/","logo":{"@type":"ImageObject","inLanguage":"pt-PT","@id":"https:\/\/www.csj-emballages.com\/pt-pt\/#\/schema\/logo\/image\/","url":"https:\/\/www.csj-emballages.com\/wp-content\/uploads\/2023\/10\/logo_csj.webp","contentUrl":"https:\/\/www.csj-emballages.com\/wp-content\/uploads\/2023\/10\/logo_csj.webp","width":250,"height":95,"caption":"CSJ Emballages"},"image":{"@id":"https:\/\/www.csj-emballages.com\/pt-pt\/#\/schema\/logo\/image\/"},"sameAs":["https:\/\/www.facebook.com\/csjemballages"],"address":{"@type":"PostalAddress","streetAddress":"ZI La Lechere","addressLocality":"Patornay","postalCode":"39130","addressCountry":"FR"},"contactPoint":[{"@type":"ContactPoint","contactType":"Service client","telephone":"0384254272","email":"contact@csj-emballages.com"}]}]}},"df_price":0.86,"df_sale_price":"","df_regular_price":0.86,"df_image_link":"https:\/\/www.csj-emballages.com\/wp-content\/uploads\/2024\/03\/LIENSMET-300x300.webp","tiered_pricing_type":"fixed","tiered_pricing_fixed_rules":[],"tiered_pricing_percentage_rules":[],"tiered_pricing_minimum":1,"tiered_pricing_roles_data":[],"_links":{"self":[{"href":"https:\/\/www.csj-emballages.com\/pt-pt\/wp-json\/wp\/v2\/product\/21892","targetHints":{"allow":["GET"]}}],"collection":[{"href":"https:\/\/www.csj-emballages.com\/pt-pt\/wp-json\/wp\/v2\/product"}],"about":[{"href":"https:\/\/www.csj-emballages.com\/pt-pt\/wp-json\/wp\/v2\/types\/product"}],"wp:featuredmedia":[{"embeddable":true,"href":"https:\/\/www.csj-emballages.com\/pt-pt\/wp-json\/wp\/v2\/media\/243409"}],"wp:attachment":[{"href":"https:\/\/www.csj-emballages.com\/pt-pt\/wp-json\/wp\/v2\/media?parent=21892"}],"wp:term":[{"taxonomy":"product_brand","embeddable":true,"href":"https:\/\/www.csj-emballages.com\/pt-pt\/wp-json\/wp\/v2\/product_brand?post=21892"},{"taxonomy":"product_cat","embeddable":true,"href":"https:\/\/www.csj-emballages.com\/pt-pt\/wp-json\/wp\/v2\/product_cat?post=21892"},{"taxonomy":"product_tag","embeddable":true,"href":"https:\/\/www.csj-emballages.com\/pt-pt\/wp-json\/wp\/v2\/product_tag?post=21892"}],"curies":[{"name":"wp","href":"https:\/\/api.w.org\/{rel}","templated":true}]}}