{"id":21891,"date":"2024-03-01T16:51:54","date_gmt":"2024-03-01T15:51:54","guid":{"rendered":"https:\/\/u15jnbdpoq.preview.infomaniak.website\/produit\/spray-de-limpeza-de-janelas-750-ml\/"},"modified":"2026-04-29T02:15:50","modified_gmt":"2026-04-29T00:15:50","slug":"spray-de-limpeza-de-janelas-750-ml","status":"publish","type":"product","link":"https:\/\/www.csj-emballages.com\/pt-pt\/produit\/spray-de-limpeza-de-janelas-750-ml\/","title":{"rendered":"Spray de limpeza de janelas 750 ml"},"content":{"rendered":"<div style=\"color: #000000\">\n<div style=\"color: #000000\">\n<div style=\"color: #000000\">\n<div style=\"color: #000000\">\n<div style=\"color: #000000\">\n<div style=\"color: #000000\">\n<h2 class=\"p1 ai-optimize-26 ai-optimize-introduction\">L\u00edquido de limpeza de janelas<\/h2>\n<hr>\n<h3 class=\"ai-optimize-27\">Descri\u00e7\u00e3o do nosso l\u00edquido de limpeza de janelas em pistola de pulveriza\u00e7\u00e3o 750 ml<\/h3>\n<p><!--more--><\/p>\n<p class=\"ai-optimize-44 ai-optimize-introduction\" data-start=\"272\" data-end=\"709\">Concebido tanto para os profissionais como para os propriet\u00e1rios mais exigentes, este <strong>l\u00edquido de limpeza de vidros em spray de 750 ml<\/strong> \u00e9 o seu melhor aliado para uma limpeza r\u00e1pida, eficaz e sem esfor\u00e7o das superf\u00edcies de vidro. Quer se trate de janelas, espelhos, para-brisas ou qualquer outra superf\u00edcie n\u00e3o porosa, a sua f\u00f3rmula especial actua imediatamente para dissolver a sujidade, as impress\u00f5es digitais, o p\u00f3 e os res\u00edduos gordurosos. <\/p>\n<p class=\"ai-optimize-45\" data-start=\"711\" data-end=\"1039\">Gra\u00e7as \u00e0 sua <strong data-start=\"722\" data-end=\"749\">composi\u00e7\u00e3o n\u00e3o detergente<\/strong>, deixa as suas superf\u00edcies perfeitamente limpas, <strong data-start=\"796\" data-end=\"820\">sem riscos nem res\u00edduos<\/strong>. Obt\u00e9m-se um brilho limpo e duradouro, sem ter de esfregar durante horas. O formato da <strong>pistola de<\/strong> pulveriza\u00e7\u00e3o garante uma <strong data-start=\"938\" data-end=\"972\">pulveriza\u00e7\u00e3o fina e uniforme<\/strong>, facilitando a aplica\u00e7\u00e3o do produto e reduzindo o desperd\u00edcio.  <\/p>\n<p class=\"ai-optimize-46\" data-start=\"1041\" data-end=\"1304\">Pr\u00e1tico e pronto a utilizar, este produto \u00e9 ideal para uma utiliza\u00e7\u00e3o quotidiana no local de trabalho (restaurantes, montras, escrit\u00f3rios, hot\u00e9is, etc.) ou em casa. Seca rapidamente e n\u00e3o precisa de ser enxaguado, poupando-lhe tempo precioso. <\/p>\n<p class=\"ai-optimize-47\" data-start=\"1306\" data-end=\"1481\">Tem <strong>janelas<\/strong> que precisam de ser limpas? Este produto \u00e9 uma aposta segura, seja para uma simples manuten\u00e7\u00e3o ou para uma limpeza profunda antes de um evento ou inspe\u00e7\u00e3o. <\/p>\n<p><!--more--><\/p>\n<h4 class=\"ai-optimize-33\">Vantagens:<\/h4>\n<ul>\n<li class=\"ai-optimize-34\">Limpa sem riscos ou res\u00edduos.<\/li>\n<li class=\"ai-optimize-35\">Formato de pistola pr\u00e1tico e econ\u00f3mico.<\/li>\n<li class=\"ai-optimize-37\">Adequado para todos os vidros e superf\u00edcies n\u00e3o porosas.<\/li>\n<li class=\"ai-optimize-31\">Seca rapidamente, sem necessidade de enxaguar.<\/li>\n<\/ul>\n<p>&nbsp;<\/p>\n<p><!--more--><\/p>\n<h4 class=\"ai-optimize-40\">Outras informa\u00e7\u00f5es :<\/h4>\n<\/div>\n<ul>\n<li class=\"ai-optimize-41\"><strong>Embalagem<\/strong>: Por unidade<\/li>\n<li class=\"ai-optimize-45\"><strong>Utiliza\u00e7\u00e3o<\/strong>: Limpa-vidros<\/li>\n<li class=\"ai-optimize-44\"><strong>Volume<\/strong>: 750 ml<\/li>\n<\/ul>\n<p>&nbsp;<\/p>\n<\/div>\n<\/div>\n<\/div>\n<\/div>\n<\/div>\n<p><!--more--><\/p>\n<p class=\"ai-optimize-42\">Tamb\u00e9m pode encontrar o nosso l\u00edquido de limpeza de vidros em 5 L: <span style=\"color: #d12727\"><a style=\"color: #d12727\" href=\"https:\/\/www.csj-emballages.com\/produit\/liquide-nettoyant-vitre-5-l\/\">LVIT<\/a><\/span><\/p>\n<p>&nbsp;<\/p>\n<p><!--more--><\/p>\n<p class=\"ai-optimize-43\"><a href=\"https:\/\/www.csj-emballages.com\/pt-pt\/categorie-produit\/higiene-e-manutencao\/produtos-de-limpeza\/manutencao-de-vidros-paredes\/cuidados-com-as-janelas\/\">Ver o resto da nossa gama de produtos para tratamento de janelas<\/a><\/p>\n","protected":false},"excerpt":{"rendered":"<p>L\u00edquido de limpeza de janelas Descri\u00e7\u00e3o do nosso l\u00edquido de limpeza de janelas em pistola de pulveriza\u00e7\u00e3o 750 ml<\/p>\n","protected":false},"featured_media":235602,"template":"","meta":{"_acf_changed":false},"product_brand":[],"product_cat":[1222,1223,1903,2838],"product_tag":[],"class_list":{"0":"post-21891","1":"product","2":"type-product","3":"status-publish","4":"has-post-thumbnail","6":"product_cat-higiene-e-manutencao","7":"product_cat-produtos-de-limpeza","8":"product_cat-manutencao-de-vidros-paredes","9":"product_cat-cuidados-com-as-janelas","11":"first","12":"instock","13":"taxable","14":"shipping-taxable","15":"purchasable","16":"product-type-simple"},"acf":[],"yoast_head":"<!-- This site is optimized with the Yoast SEO Premium plugin v26.6 (Yoast SEO v26.6) - https:\/\/yoast.com\/wordpress\/plugins\/seo\/ -->\n<title>Spray Gun Window Cleaning Liquid 750 ml<\/title>\n<meta name=\"description\" content=\"Produto de limpeza de vidros em spray 750 ml: limpa vidros e superf\u00edcies n\u00e3o porosas sem deixar marcas. Ideal para utiliza\u00e7\u00e3o profissional ou dom\u00e9stica.\" \/>\n<meta name=\"robots\" content=\"index, follow, max-snippet:-1, max-image-preview:large, max-video-preview:-1\" \/>\n<link rel=\"canonical\" href=\"https:\/\/www.csj-emballages.com\/pt-pt\/produit\/spray-de-limpeza-de-janelas-750-ml\/\" \/>\n<meta property=\"og:locale\" content=\"pt_PT\" \/>\n<meta property=\"og:type\" content=\"article\" \/>\n<meta property=\"og:title\" content=\"Spray de limpeza de janelas 750 ml\" \/>\n<meta property=\"og:description\" content=\"Produto de limpeza de vidros em spray 750 ml: limpa vidros e superf\u00edcies n\u00e3o porosas sem deixar marcas. Ideal para utiliza\u00e7\u00e3o profissional ou dom\u00e9stica.\" \/>\n<meta property=\"og:url\" content=\"https:\/\/www.csj-emballages.com\/pt-pt\/produit\/spray-de-limpeza-de-janelas-750-ml\/\" \/>\n<meta property=\"og:site_name\" content=\"CSJ Emballages\" \/>\n<meta property=\"article:publisher\" content=\"https:\/\/www.facebook.com\/csjemballages\" \/>\n<meta property=\"article:modified_time\" content=\"2026-04-29T00:15:50+00:00\" \/>\n<meta property=\"og:image\" content=\"https:\/\/www.csj-emballages.com\/wp-content\/uploads\/2024\/03\/LVITP.webp\" \/>\n\t<meta property=\"og:image:width\" content=\"800\" \/>\n\t<meta property=\"og:image:height\" content=\"800\" \/>\n\t<meta property=\"og:image:type\" content=\"image\/webp\" \/>\n<meta name=\"twitter:card\" content=\"summary_large_image\" \/>\n<meta name=\"twitter:label1\" content=\"Tempo estimado de leitura\" \/>\n\t<meta name=\"twitter:data1\" content=\"2 minutos\" \/>\n<script type=\"application\/ld+json\" class=\"yoast-schema-graph\">{\"@context\":\"https:\/\/schema.org\",\"@graph\":[{\"@type\":\"WebPage\",\"@id\":\"https:\/\/www.csj-emballages.com\/pt-pt\/produit\/spray-de-limpeza-de-janelas-750-ml\/\",\"url\":\"https:\/\/www.csj-emballages.com\/pt-pt\/produit\/spray-de-limpeza-de-janelas-750-ml\/\",\"name\":\"Spray Gun Window Cleaning Liquid 750 ml\",\"isPartOf\":{\"@id\":\"https:\/\/www.csj-emballages.com\/pt-pt\/#website\"},\"primaryImageOfPage\":{\"@id\":\"https:\/\/www.csj-emballages.com\/pt-pt\/produit\/spray-de-limpeza-de-janelas-750-ml\/#primaryimage\"},\"image\":{\"@id\":\"https:\/\/www.csj-emballages.com\/pt-pt\/produit\/spray-de-limpeza-de-janelas-750-ml\/#primaryimage\"},\"thumbnailUrl\":\"https:\/\/www.csj-emballages.com\/wp-content\/uploads\/2024\/03\/LVITP.webp\",\"datePublished\":\"2024-03-01T15:51:54+00:00\",\"dateModified\":\"2026-04-29T00:15:50+00:00\",\"description\":\"Produto de limpeza de vidros em spray 750 ml: limpa vidros e superf\u00edcies n\u00e3o porosas sem deixar marcas. Ideal para utiliza\u00e7\u00e3o profissional ou dom\u00e9stica.\",\"breadcrumb\":{\"@id\":\"https:\/\/www.csj-emballages.com\/pt-pt\/produit\/spray-de-limpeza-de-janelas-750-ml\/#breadcrumb\"},\"inLanguage\":\"pt-PT\",\"potentialAction\":[{\"@type\":\"ReadAction\",\"target\":[\"https:\/\/www.csj-emballages.com\/pt-pt\/produit\/spray-de-limpeza-de-janelas-750-ml\/\"]}]},{\"@type\":\"ImageObject\",\"inLanguage\":\"pt-PT\",\"@id\":\"https:\/\/www.csj-emballages.com\/pt-pt\/produit\/spray-de-limpeza-de-janelas-750-ml\/#primaryimage\",\"url\":\"https:\/\/www.csj-emballages.com\/wp-content\/uploads\/2024\/03\/LVITP.webp\",\"contentUrl\":\"https:\/\/www.csj-emballages.com\/wp-content\/uploads\/2024\/03\/LVITP.webp\",\"width\":800,\"height\":800,\"caption\":\"Liquide lave vitre\"},{\"@type\":\"BreadcrumbList\",\"@id\":\"https:\/\/www.csj-emballages.com\/pt-pt\/produit\/spray-de-limpeza-de-janelas-750-ml\/#breadcrumb\",\"itemListElement\":[{\"@type\":\"ListItem\",\"position\":1,\"name\":\"Acolhimento\",\"item\":\"https:\/\/www.csj-emballages.com\/pt-pt\/universo-das-embalagens-alimentares\/\"},{\"@type\":\"ListItem\",\"position\":2,\"name\":\"Shop\",\"item\":\"https:\/\/www.csj-emballages.com\/shop\/\"},{\"@type\":\"ListItem\",\"position\":3,\"name\":\"Spray de limpeza de janelas 750 ml\"}]},{\"@type\":\"WebSite\",\"@id\":\"https:\/\/www.csj-emballages.com\/pt-pt\/#website\",\"url\":\"https:\/\/www.csj-emballages.com\/pt-pt\/\",\"name\":\"CSJ Emballages\",\"description\":\"\",\"publisher\":{\"@id\":\"https:\/\/www.csj-emballages.com\/pt-pt\/#organization\"},\"potentialAction\":[{\"@type\":\"SearchAction\",\"target\":{\"@type\":\"EntryPoint\",\"urlTemplate\":\"https:\/\/www.csj-emballages.com\/pt-pt\/?s={search_term_string}\"},\"query-input\":{\"@type\":\"PropertyValueSpecification\",\"valueRequired\":true,\"valueName\":\"search_term_string\"}}],\"inLanguage\":\"pt-PT\"},{\"@type\":\"Organization\",\"@id\":\"https:\/\/www.csj-emballages.com\/pt-pt\/#Organization\/\",\"name\":\"CSJ Emballages\",\"url\":\"https:\/\/www.csj-emballages.com\/pt-pt\/\",\"logo\":{\"@type\":\"ImageObject\",\"inLanguage\":\"pt-PT\",\"@id\":\"https:\/\/www.csj-emballages.com\/pt-pt\/#\/schema\/logo\/image\/\",\"url\":\"https:\/\/www.csj-emballages.com\/wp-content\/uploads\/2023\/10\/logo_csj.webp\",\"contentUrl\":\"https:\/\/www.csj-emballages.com\/wp-content\/uploads\/2023\/10\/logo_csj.webp\",\"width\":250,\"height\":95,\"caption\":\"CSJ Emballages\"},\"image\":{\"@id\":\"https:\/\/www.csj-emballages.com\/pt-pt\/#\/schema\/logo\/image\/\"},\"sameAs\":[\"https:\/\/www.facebook.com\/csjemballages\"],\"address\":{\"@type\":\"PostalAddress\",\"streetAddress\":\"ZI La Lechere\",\"addressLocality\":\"Patornay\",\"postalCode\":\"39130\",\"addressCountry\":\"FR\"},\"contactPoint\":[{\"@type\":\"ContactPoint\",\"contactType\":\"Service client\",\"telephone\":\"0384254272\",\"email\":\"contact@csj-emballages.com\"}]}]}<\/script>\n<!-- \/ Yoast SEO Premium plugin. -->","yoast_head_json":{"title":"Spray Gun Window Cleaning Liquid 750 ml","description":"Produto de limpeza de vidros em spray 750 ml: limpa vidros e superf\u00edcies n\u00e3o porosas sem deixar marcas. Ideal para utiliza\u00e7\u00e3o profissional ou dom\u00e9stica.","robots":{"index":"index","follow":"follow","max-snippet":"max-snippet:-1","max-image-preview":"max-image-preview:large","max-video-preview":"max-video-preview:-1"},"canonical":"https:\/\/www.csj-emballages.com\/pt-pt\/produit\/spray-de-limpeza-de-janelas-750-ml\/","og_locale":"pt_PT","og_type":"article","og_title":"Spray de limpeza de janelas 750 ml","og_description":"Produto de limpeza de vidros em spray 750 ml: limpa vidros e superf\u00edcies n\u00e3o porosas sem deixar marcas. Ideal para utiliza\u00e7\u00e3o profissional ou dom\u00e9stica.","og_url":"https:\/\/www.csj-emballages.com\/pt-pt\/produit\/spray-de-limpeza-de-janelas-750-ml\/","og_site_name":"CSJ Emballages","article_publisher":"https:\/\/www.facebook.com\/csjemballages","article_modified_time":"2026-04-29T00:15:50+00:00","og_image":[{"width":800,"height":800,"url":"https:\/\/www.csj-emballages.com\/wp-content\/uploads\/2024\/03\/LVITP.webp","type":"image\/webp"}],"twitter_card":"summary_large_image","twitter_misc":{"Tempo estimado de leitura":"2 minutos"},"schema":{"@context":"https:\/\/schema.org","@graph":[{"@type":"WebPage","@id":"https:\/\/www.csj-emballages.com\/pt-pt\/produit\/spray-de-limpeza-de-janelas-750-ml\/","url":"https:\/\/www.csj-emballages.com\/pt-pt\/produit\/spray-de-limpeza-de-janelas-750-ml\/","name":"Spray Gun Window Cleaning Liquid 750 ml","isPartOf":{"@id":"https:\/\/www.csj-emballages.com\/pt-pt\/#website"},"primaryImageOfPage":{"@id":"https:\/\/www.csj-emballages.com\/pt-pt\/produit\/spray-de-limpeza-de-janelas-750-ml\/#primaryimage"},"image":{"@id":"https:\/\/www.csj-emballages.com\/pt-pt\/produit\/spray-de-limpeza-de-janelas-750-ml\/#primaryimage"},"thumbnailUrl":"https:\/\/www.csj-emballages.com\/wp-content\/uploads\/2024\/03\/LVITP.webp","datePublished":"2024-03-01T15:51:54+00:00","dateModified":"2026-04-29T00:15:50+00:00","description":"Produto de limpeza de vidros em spray 750 ml: limpa vidros e superf\u00edcies n\u00e3o porosas sem deixar marcas. Ideal para utiliza\u00e7\u00e3o profissional ou dom\u00e9stica.","breadcrumb":{"@id":"https:\/\/www.csj-emballages.com\/pt-pt\/produit\/spray-de-limpeza-de-janelas-750-ml\/#breadcrumb"},"inLanguage":"pt-PT","potentialAction":[{"@type":"ReadAction","target":["https:\/\/www.csj-emballages.com\/pt-pt\/produit\/spray-de-limpeza-de-janelas-750-ml\/"]}]},{"@type":"ImageObject","inLanguage":"pt-PT","@id":"https:\/\/www.csj-emballages.com\/pt-pt\/produit\/spray-de-limpeza-de-janelas-750-ml\/#primaryimage","url":"https:\/\/www.csj-emballages.com\/wp-content\/uploads\/2024\/03\/LVITP.webp","contentUrl":"https:\/\/www.csj-emballages.com\/wp-content\/uploads\/2024\/03\/LVITP.webp","width":800,"height":800,"caption":"Liquide lave vitre"},{"@type":"BreadcrumbList","@id":"https:\/\/www.csj-emballages.com\/pt-pt\/produit\/spray-de-limpeza-de-janelas-750-ml\/#breadcrumb","itemListElement":[{"@type":"ListItem","position":1,"name":"Acolhimento","item":"https:\/\/www.csj-emballages.com\/pt-pt\/universo-das-embalagens-alimentares\/"},{"@type":"ListItem","position":2,"name":"Shop","item":"https:\/\/www.csj-emballages.com\/shop\/"},{"@type":"ListItem","position":3,"name":"Spray de limpeza de janelas 750 ml"}]},{"@type":"WebSite","@id":"https:\/\/www.csj-emballages.com\/pt-pt\/#website","url":"https:\/\/www.csj-emballages.com\/pt-pt\/","name":"CSJ Emballages","description":"","publisher":{"@id":"https:\/\/www.csj-emballages.com\/pt-pt\/#organization"},"potentialAction":[{"@type":"SearchAction","target":{"@type":"EntryPoint","urlTemplate":"https:\/\/www.csj-emballages.com\/pt-pt\/?s={search_term_string}"},"query-input":{"@type":"PropertyValueSpecification","valueRequired":true,"valueName":"search_term_string"}}],"inLanguage":"pt-PT"},{"@type":"Organization","@id":"https:\/\/www.csj-emballages.com\/pt-pt\/#Organization\/","name":"CSJ Emballages","url":"https:\/\/www.csj-emballages.com\/pt-pt\/","logo":{"@type":"ImageObject","inLanguage":"pt-PT","@id":"https:\/\/www.csj-emballages.com\/pt-pt\/#\/schema\/logo\/image\/","url":"https:\/\/www.csj-emballages.com\/wp-content\/uploads\/2023\/10\/logo_csj.webp","contentUrl":"https:\/\/www.csj-emballages.com\/wp-content\/uploads\/2023\/10\/logo_csj.webp","width":250,"height":95,"caption":"CSJ Emballages"},"image":{"@id":"https:\/\/www.csj-emballages.com\/pt-pt\/#\/schema\/logo\/image\/"},"sameAs":["https:\/\/www.facebook.com\/csjemballages"],"address":{"@type":"PostalAddress","streetAddress":"ZI La Lechere","addressLocality":"Patornay","postalCode":"39130","addressCountry":"FR"},"contactPoint":[{"@type":"ContactPoint","contactType":"Service client","telephone":"0384254272","email":"contact@csj-emballages.com"}]}]}},"df_price":2.22,"df_sale_price":"","df_regular_price":2.22,"df_image_link":"https:\/\/www.csj-emballages.com\/wp-content\/uploads\/2024\/03\/LVITP-300x300.webp","tiered_pricing_type":"fixed","tiered_pricing_fixed_rules":[],"tiered_pricing_percentage_rules":[],"tiered_pricing_minimum":1,"tiered_pricing_roles_data":[],"_links":{"self":[{"href":"https:\/\/www.csj-emballages.com\/pt-pt\/wp-json\/wp\/v2\/product\/21891","targetHints":{"allow":["GET"]}}],"collection":[{"href":"https:\/\/www.csj-emballages.com\/pt-pt\/wp-json\/wp\/v2\/product"}],"about":[{"href":"https:\/\/www.csj-emballages.com\/pt-pt\/wp-json\/wp\/v2\/types\/product"}],"wp:featuredmedia":[{"embeddable":true,"href":"https:\/\/www.csj-emballages.com\/pt-pt\/wp-json\/wp\/v2\/media\/235602"}],"wp:attachment":[{"href":"https:\/\/www.csj-emballages.com\/pt-pt\/wp-json\/wp\/v2\/media?parent=21891"}],"wp:term":[{"taxonomy":"product_brand","embeddable":true,"href":"https:\/\/www.csj-emballages.com\/pt-pt\/wp-json\/wp\/v2\/product_brand?post=21891"},{"taxonomy":"product_cat","embeddable":true,"href":"https:\/\/www.csj-emballages.com\/pt-pt\/wp-json\/wp\/v2\/product_cat?post=21891"},{"taxonomy":"product_tag","embeddable":true,"href":"https:\/\/www.csj-emballages.com\/pt-pt\/wp-json\/wp\/v2\/product_tag?post=21891"}],"curies":[{"name":"wp","href":"https:\/\/api.w.org\/{rel}","templated":true}]}}