{"id":21872,"date":"2024-03-01T16:51:55","date_gmt":"2024-03-01T15:51:55","guid":{"rendered":"https:\/\/u15jnbdpoq.preview.infomaniak.website\/produit\/liquido-para-limpeza-de-vidros-5-l\/"},"modified":"2026-04-30T12:00:55","modified_gmt":"2026-04-30T10:00:55","slug":"liquido-para-limpeza-de-vidros-5-l","status":"publish","type":"product","link":"https:\/\/www.csj-emballages.com\/pt-pt\/produit\/liquido-para-limpeza-de-vidros-5-l\/","title":{"rendered":"L\u00edquido de limpeza de janelas 5 L"},"content":{"rendered":"<div style=\"color: #000000\">\n<div style=\"color: #000000\">\n<div style=\"color: #000000\">\n<div style=\"color: #000000\">\n<div style=\"color: #000000\">\n<div style=\"color: #000000\">\n<h2 class=\"p1 ai-optimize-26 ai-optimize-introduction\">L\u00edquido de limpeza de janelas<\/h2>\n<hr>\n<h3 class=\"ai-optimize-27\">Descri\u00e7\u00e3o do nosso l\u00edquido de limpeza de janelas 5L<\/h3>\n<p><!--more--><\/p>\n<p class=\"ai-optimize-56 ai-optimize-introduction\" data-start=\"282\" data-end=\"719\">Este <strong data-start=\"285\" data-end=\"329\">l\u00edquido de limpeza de vidros em lata de 5 litros<\/strong> \u00e9 a solu\u00e7\u00e3o ideal para profissionais ou particulares que procuram um produto eficaz, econ\u00f3mico e fi\u00e1vel para a limpeza de grandes superf\u00edcies de vidro. Quer seja gerente de um restaurante, respons\u00e1vel pela limpeza de uma empresa ou simplesmente preocupado com a manuten\u00e7\u00e3o da sua casa, este produto garante janelas perfeitamente limpas, sem riscos nem <strong data-start=\"692\" data-end=\"718\">res\u00edduos<\/strong>. <\/p>\n<p class=\"ai-optimize-57\" data-start=\"721\" data-end=\"1072\">A sua f\u00f3rmula de alto rendimento permite-lhe <strong data-start=\"754\" data-end=\"774\">limpar rapidamente<\/strong> todas as superf\u00edcies n\u00e3o porosas: vidros, espelhos, vitrinas, para-brisas, cabinas de duche, etc. Gra\u00e7as ao seu <strong data-start=\"904\" data-end=\"927\">poder desengordurante<\/strong>, elimina eficazmente o p\u00f3, as impress\u00f5es digitais, a gordura e a sujidade, <strong data-start=\"1041\" data-end=\"1071\">sem esfregar demasiado<\/strong>. <\/p>\n<p class=\"ai-optimize-58\" data-start=\"1074\" data-end=\"1439\">O formato <strong>de 5L<\/strong> adapta-se perfeitamente a uma utiliza\u00e7\u00e3o regular, com a possibilidade de reabastecer os pulverizadores ou as m\u00e1quinas de limpeza. \u00c9 tamb\u00e9m econ\u00f3mico, reduzindo os custos de aquisi\u00e7\u00e3o e a frequ\u00eancia das recargas. Compat\u00edvel com a maioria dos pulverizadores manuais ou autom\u00e1ticos, este produto \u00e9 f\u00e1cil de integrar na sua rotina de manuten\u00e7\u00e3o.  <\/p>\n<p class=\"ai-optimize-59\" data-start=\"1441\" data-end=\"1549\">Utilizado sem dilui\u00e7\u00e3o, seca rapidamente e n\u00e3o deixa res\u00edduos, para um <strong data-start=\"1506\" data-end=\"1548\">resultado limpo, profissional e duradouro<\/strong>.<\/p>\n<p data-start=\"1441\" data-end=\"1549\">\n<p><!--more--><\/p>\n<h4 class=\"ai-optimize-33\">Vantagens:<\/h4>\n<ul>\n<li class=\"ai-optimize-34\"><strong data-start=\"1580\" data-end=\"1605\">Limpeza sem riscos<\/strong> mesmo em grandes superf\u00edcies.<\/li>\n<li class=\"ai-optimize-35\"><strong data-start=\"1638\" data-end=\"1661\">Poder desengordurante<\/strong>: elimina eficazmente a sujidade.<\/li>\n<li class=\"ai-optimize-37\">Adequado para todos os vidros e superf\u00edcies n\u00e3o porosas.<\/li>\n<li class=\"ai-optimize-31\"><strong data-start=\"1850\" data-end=\"1874\">Formato econ\u00f3mico de 5L<\/strong>: ideal para recargas e utiliza\u00e7\u00e3o intensiva.<\/li>\n<li class=\"ai-optimize-60\"><strong data-start=\"2073\" data-end=\"2100\">Produto pronto a usar<\/strong>, n\u00e3o \u00e9 necess\u00e1rio diluir.<\/li>\n<li class=\"ai-optimize-61\"><strong data-start=\"1702\" data-end=\"1720\">Seca rapidamente<\/strong>, sem necessidade de enxaguar.<\/li>\n<\/ul>\n<p>&nbsp;<\/p>\n<p><!--more--><\/p>\n<h4 class=\"ai-optimize-40\">Outras informa\u00e7\u00f5es :<\/h4>\n<\/div>\n<ul>\n<li class=\"ai-optimize-41\"><strong>Embalagem<\/strong>: Por unidade<\/li>\n<li class=\"ai-optimize-45\"><strong>Utiliza\u00e7\u00e3o<\/strong>: Limpa-vidros<\/li>\n<li class=\"ai-optimize-44\"><strong>Volume<\/strong>: 5 litros<\/li>\n<\/ul>\n<p>&nbsp;<\/p>\n<\/div>\n<\/div>\n<\/div>\n<\/div>\n<\/div>\n<p><!--more--><\/p>\n<p class=\"ai-optimize-42\">Tamb\u00e9m pode encontrar o nosso l\u00edquido de limpeza de vidros em 5 L: <span style=\"color: #d12727\"><a style=\"color: #d12727\" href=\"https:\/\/www.csj-emballages.com\/es\/produit\/limpiacristales-en-spray-750-ml\/\">LVITP<\/a><\/span><\/p>\n<p>&nbsp;<\/p>\n<p><!--more--><\/p>\n<p class=\"ai-optimize-43\"><a href=\"https:\/\/www.csj-emballages.com\/pt-pt\/categorie-produit\/higiene-e-manutencao\/produtos-de-limpeza\/manutencao-de-vidros-paredes\/cuidados-com-as-janelas\/\">Ver o resto da nossa gama de produtos para tratamento de janelas<\/a><\/p>\n","protected":false},"excerpt":{"rendered":"<p>L\u00edquido de limpeza de janelas Descri\u00e7\u00e3o do nosso l\u00edquido de limpeza de janelas 5L<\/p>\n","protected":false},"featured_media":235610,"template":"","meta":{"_acf_changed":false},"product_brand":[],"product_cat":[1222,1223,1903,2838],"product_tag":[],"class_list":{"0":"post-21872","1":"product","2":"type-product","3":"status-publish","4":"has-post-thumbnail","6":"product_cat-higiene-e-manutencao","7":"product_cat-produtos-de-limpeza","8":"product_cat-manutencao-de-vidros-paredes","9":"product_cat-cuidados-com-as-janelas","10":"product_shipping_class-nao-e-permitido-em-reles","12":"first","13":"instock","14":"taxable","15":"shipping-taxable","16":"purchasable","17":"product-type-simple"},"acf":[],"yoast_head":"<!-- This site is optimized with the Yoast SEO Premium plugin v26.6 (Yoast SEO v26.6) - https:\/\/yoast.com\/wordpress\/plugins\/seo\/ -->\n<title>L\u00edquido de limpeza de janelas 5L<\/title>\n<meta name=\"description\" content=\"Limpa-vidros 5L: limpa vidros e superf\u00edcies n\u00e3o porosas sem deixar marcas. Ideal para utiliza\u00e7\u00e3o profissional ou dom\u00e9stica.\" \/>\n<meta name=\"robots\" content=\"index, follow, max-snippet:-1, max-image-preview:large, max-video-preview:-1\" \/>\n<link rel=\"canonical\" href=\"https:\/\/www.csj-emballages.com\/pt-pt\/produit\/liquido-para-limpeza-de-vidros-5-l\/\" \/>\n<meta property=\"og:locale\" content=\"pt_PT\" \/>\n<meta property=\"og:type\" content=\"article\" \/>\n<meta property=\"og:title\" content=\"L\u00edquido de limpeza de janelas 5 L\" \/>\n<meta property=\"og:description\" content=\"Limpa-vidros 5L: limpa vidros e superf\u00edcies n\u00e3o porosas sem deixar marcas. Ideal para utiliza\u00e7\u00e3o profissional ou dom\u00e9stica.\" \/>\n<meta property=\"og:url\" content=\"https:\/\/www.csj-emballages.com\/pt-pt\/produit\/liquido-para-limpeza-de-vidros-5-l\/\" \/>\n<meta property=\"og:site_name\" content=\"CSJ Emballages\" \/>\n<meta property=\"article:publisher\" content=\"https:\/\/www.facebook.com\/csjemballages\" \/>\n<meta property=\"article:modified_time\" content=\"2026-04-30T10:00:55+00:00\" \/>\n<meta property=\"og:image\" content=\"https:\/\/www.csj-emballages.com\/wp-content\/uploads\/2024\/03\/LVIT.webp\" \/>\n\t<meta property=\"og:image:width\" content=\"800\" \/>\n\t<meta property=\"og:image:height\" content=\"800\" \/>\n\t<meta property=\"og:image:type\" content=\"image\/webp\" \/>\n<meta name=\"twitter:card\" content=\"summary_large_image\" \/>\n<meta name=\"twitter:label1\" content=\"Tempo estimado de leitura\" \/>\n\t<meta name=\"twitter:data1\" content=\"2 minutos\" \/>\n<script type=\"application\/ld+json\" class=\"yoast-schema-graph\">{\"@context\":\"https:\/\/schema.org\",\"@graph\":[{\"@type\":\"WebPage\",\"@id\":\"https:\/\/www.csj-emballages.com\/pt-pt\/produit\/liquido-para-limpeza-de-vidros-5-l\/\",\"url\":\"https:\/\/www.csj-emballages.com\/pt-pt\/produit\/liquido-para-limpeza-de-vidros-5-l\/\",\"name\":\"L\u00edquido de limpeza de janelas 5L\",\"isPartOf\":{\"@id\":\"https:\/\/www.csj-emballages.com\/pt-pt\/#website\"},\"primaryImageOfPage\":{\"@id\":\"https:\/\/www.csj-emballages.com\/pt-pt\/produit\/liquido-para-limpeza-de-vidros-5-l\/#primaryimage\"},\"image\":{\"@id\":\"https:\/\/www.csj-emballages.com\/pt-pt\/produit\/liquido-para-limpeza-de-vidros-5-l\/#primaryimage\"},\"thumbnailUrl\":\"https:\/\/www.csj-emballages.com\/wp-content\/uploads\/2024\/03\/LVIT.webp\",\"datePublished\":\"2024-03-01T15:51:55+00:00\",\"dateModified\":\"2026-04-30T10:00:55+00:00\",\"description\":\"Limpa-vidros 5L: limpa vidros e superf\u00edcies n\u00e3o porosas sem deixar marcas. Ideal para utiliza\u00e7\u00e3o profissional ou dom\u00e9stica.\",\"breadcrumb\":{\"@id\":\"https:\/\/www.csj-emballages.com\/pt-pt\/produit\/liquido-para-limpeza-de-vidros-5-l\/#breadcrumb\"},\"inLanguage\":\"pt-PT\",\"potentialAction\":[{\"@type\":\"ReadAction\",\"target\":[\"https:\/\/www.csj-emballages.com\/pt-pt\/produit\/liquido-para-limpeza-de-vidros-5-l\/\"]}]},{\"@type\":\"ImageObject\",\"inLanguage\":\"pt-PT\",\"@id\":\"https:\/\/www.csj-emballages.com\/pt-pt\/produit\/liquido-para-limpeza-de-vidros-5-l\/#primaryimage\",\"url\":\"https:\/\/www.csj-emballages.com\/wp-content\/uploads\/2024\/03\/LVIT.webp\",\"contentUrl\":\"https:\/\/www.csj-emballages.com\/wp-content\/uploads\/2024\/03\/LVIT.webp\",\"width\":800,\"height\":800,\"caption\":\"Liquide lave vitres\"},{\"@type\":\"BreadcrumbList\",\"@id\":\"https:\/\/www.csj-emballages.com\/pt-pt\/produit\/liquido-para-limpeza-de-vidros-5-l\/#breadcrumb\",\"itemListElement\":[{\"@type\":\"ListItem\",\"position\":1,\"name\":\"Acolhimento\",\"item\":\"https:\/\/www.csj-emballages.com\/pt-pt\/universo-das-embalagens-alimentares\/\"},{\"@type\":\"ListItem\",\"position\":2,\"name\":\"Shop\",\"item\":\"https:\/\/www.csj-emballages.com\/shop\/\"},{\"@type\":\"ListItem\",\"position\":3,\"name\":\"L\u00edquido de limpeza de janelas 5 L\"}]},{\"@type\":\"WebSite\",\"@id\":\"https:\/\/www.csj-emballages.com\/pt-pt\/#website\",\"url\":\"https:\/\/www.csj-emballages.com\/pt-pt\/\",\"name\":\"CSJ Emballages\",\"description\":\"\",\"publisher\":{\"@id\":\"https:\/\/www.csj-emballages.com\/pt-pt\/#organization\"},\"potentialAction\":[{\"@type\":\"SearchAction\",\"target\":{\"@type\":\"EntryPoint\",\"urlTemplate\":\"https:\/\/www.csj-emballages.com\/pt-pt\/?s={search_term_string}\"},\"query-input\":{\"@type\":\"PropertyValueSpecification\",\"valueRequired\":true,\"valueName\":\"search_term_string\"}}],\"inLanguage\":\"pt-PT\"},{\"@type\":\"Organization\",\"@id\":\"https:\/\/www.csj-emballages.com\/pt-pt\/#Organization\/\",\"name\":\"CSJ Emballages\",\"url\":\"https:\/\/www.csj-emballages.com\/pt-pt\/\",\"logo\":{\"@type\":\"ImageObject\",\"inLanguage\":\"pt-PT\",\"@id\":\"https:\/\/www.csj-emballages.com\/pt-pt\/#\/schema\/logo\/image\/\",\"url\":\"https:\/\/www.csj-emballages.com\/wp-content\/uploads\/2023\/10\/logo_csj.webp\",\"contentUrl\":\"https:\/\/www.csj-emballages.com\/wp-content\/uploads\/2023\/10\/logo_csj.webp\",\"width\":250,\"height\":95,\"caption\":\"CSJ Emballages\"},\"image\":{\"@id\":\"https:\/\/www.csj-emballages.com\/pt-pt\/#\/schema\/logo\/image\/\"},\"sameAs\":[\"https:\/\/www.facebook.com\/csjemballages\"],\"address\":{\"@type\":\"PostalAddress\",\"streetAddress\":\"ZI La Lechere\",\"addressLocality\":\"Patornay\",\"postalCode\":\"39130\",\"addressCountry\":\"FR\"},\"contactPoint\":[{\"@type\":\"ContactPoint\",\"contactType\":\"Service client\",\"telephone\":\"0384254272\",\"email\":\"contact@csj-emballages.com\"}]}]}<\/script>\n<!-- \/ Yoast SEO Premium plugin. -->","yoast_head_json":{"title":"L\u00edquido de limpeza de janelas 5L","description":"Limpa-vidros 5L: limpa vidros e superf\u00edcies n\u00e3o porosas sem deixar marcas. Ideal para utiliza\u00e7\u00e3o profissional ou dom\u00e9stica.","robots":{"index":"index","follow":"follow","max-snippet":"max-snippet:-1","max-image-preview":"max-image-preview:large","max-video-preview":"max-video-preview:-1"},"canonical":"https:\/\/www.csj-emballages.com\/pt-pt\/produit\/liquido-para-limpeza-de-vidros-5-l\/","og_locale":"pt_PT","og_type":"article","og_title":"L\u00edquido de limpeza de janelas 5 L","og_description":"Limpa-vidros 5L: limpa vidros e superf\u00edcies n\u00e3o porosas sem deixar marcas. Ideal para utiliza\u00e7\u00e3o profissional ou dom\u00e9stica.","og_url":"https:\/\/www.csj-emballages.com\/pt-pt\/produit\/liquido-para-limpeza-de-vidros-5-l\/","og_site_name":"CSJ Emballages","article_publisher":"https:\/\/www.facebook.com\/csjemballages","article_modified_time":"2026-04-30T10:00:55+00:00","og_image":[{"width":800,"height":800,"url":"https:\/\/www.csj-emballages.com\/wp-content\/uploads\/2024\/03\/LVIT.webp","type":"image\/webp"}],"twitter_card":"summary_large_image","twitter_misc":{"Tempo estimado de leitura":"2 minutos"},"schema":{"@context":"https:\/\/schema.org","@graph":[{"@type":"WebPage","@id":"https:\/\/www.csj-emballages.com\/pt-pt\/produit\/liquido-para-limpeza-de-vidros-5-l\/","url":"https:\/\/www.csj-emballages.com\/pt-pt\/produit\/liquido-para-limpeza-de-vidros-5-l\/","name":"L\u00edquido de limpeza de janelas 5L","isPartOf":{"@id":"https:\/\/www.csj-emballages.com\/pt-pt\/#website"},"primaryImageOfPage":{"@id":"https:\/\/www.csj-emballages.com\/pt-pt\/produit\/liquido-para-limpeza-de-vidros-5-l\/#primaryimage"},"image":{"@id":"https:\/\/www.csj-emballages.com\/pt-pt\/produit\/liquido-para-limpeza-de-vidros-5-l\/#primaryimage"},"thumbnailUrl":"https:\/\/www.csj-emballages.com\/wp-content\/uploads\/2024\/03\/LVIT.webp","datePublished":"2024-03-01T15:51:55+00:00","dateModified":"2026-04-30T10:00:55+00:00","description":"Limpa-vidros 5L: limpa vidros e superf\u00edcies n\u00e3o porosas sem deixar marcas. Ideal para utiliza\u00e7\u00e3o profissional ou dom\u00e9stica.","breadcrumb":{"@id":"https:\/\/www.csj-emballages.com\/pt-pt\/produit\/liquido-para-limpeza-de-vidros-5-l\/#breadcrumb"},"inLanguage":"pt-PT","potentialAction":[{"@type":"ReadAction","target":["https:\/\/www.csj-emballages.com\/pt-pt\/produit\/liquido-para-limpeza-de-vidros-5-l\/"]}]},{"@type":"ImageObject","inLanguage":"pt-PT","@id":"https:\/\/www.csj-emballages.com\/pt-pt\/produit\/liquido-para-limpeza-de-vidros-5-l\/#primaryimage","url":"https:\/\/www.csj-emballages.com\/wp-content\/uploads\/2024\/03\/LVIT.webp","contentUrl":"https:\/\/www.csj-emballages.com\/wp-content\/uploads\/2024\/03\/LVIT.webp","width":800,"height":800,"caption":"Liquide lave vitres"},{"@type":"BreadcrumbList","@id":"https:\/\/www.csj-emballages.com\/pt-pt\/produit\/liquido-para-limpeza-de-vidros-5-l\/#breadcrumb","itemListElement":[{"@type":"ListItem","position":1,"name":"Acolhimento","item":"https:\/\/www.csj-emballages.com\/pt-pt\/universo-das-embalagens-alimentares\/"},{"@type":"ListItem","position":2,"name":"Shop","item":"https:\/\/www.csj-emballages.com\/shop\/"},{"@type":"ListItem","position":3,"name":"L\u00edquido de limpeza de janelas 5 L"}]},{"@type":"WebSite","@id":"https:\/\/www.csj-emballages.com\/pt-pt\/#website","url":"https:\/\/www.csj-emballages.com\/pt-pt\/","name":"CSJ Emballages","description":"","publisher":{"@id":"https:\/\/www.csj-emballages.com\/pt-pt\/#organization"},"potentialAction":[{"@type":"SearchAction","target":{"@type":"EntryPoint","urlTemplate":"https:\/\/www.csj-emballages.com\/pt-pt\/?s={search_term_string}"},"query-input":{"@type":"PropertyValueSpecification","valueRequired":true,"valueName":"search_term_string"}}],"inLanguage":"pt-PT"},{"@type":"Organization","@id":"https:\/\/www.csj-emballages.com\/pt-pt\/#Organization\/","name":"CSJ Emballages","url":"https:\/\/www.csj-emballages.com\/pt-pt\/","logo":{"@type":"ImageObject","inLanguage":"pt-PT","@id":"https:\/\/www.csj-emballages.com\/pt-pt\/#\/schema\/logo\/image\/","url":"https:\/\/www.csj-emballages.com\/wp-content\/uploads\/2023\/10\/logo_csj.webp","contentUrl":"https:\/\/www.csj-emballages.com\/wp-content\/uploads\/2023\/10\/logo_csj.webp","width":250,"height":95,"caption":"CSJ Emballages"},"image":{"@id":"https:\/\/www.csj-emballages.com\/pt-pt\/#\/schema\/logo\/image\/"},"sameAs":["https:\/\/www.facebook.com\/csjemballages"],"address":{"@type":"PostalAddress","streetAddress":"ZI La Lechere","addressLocality":"Patornay","postalCode":"39130","addressCountry":"FR"},"contactPoint":[{"@type":"ContactPoint","contactType":"Service client","telephone":"0384254272","email":"contact@csj-emballages.com"}]}]}},"df_price":7.22,"df_sale_price":"","df_regular_price":7.22,"df_image_link":"https:\/\/www.csj-emballages.com\/wp-content\/uploads\/2024\/03\/LVIT-300x300.webp","tiered_pricing_type":"fixed","tiered_pricing_fixed_rules":[],"tiered_pricing_percentage_rules":[],"tiered_pricing_minimum":1,"tiered_pricing_roles_data":[],"_links":{"self":[{"href":"https:\/\/www.csj-emballages.com\/pt-pt\/wp-json\/wp\/v2\/product\/21872","targetHints":{"allow":["GET"]}}],"collection":[{"href":"https:\/\/www.csj-emballages.com\/pt-pt\/wp-json\/wp\/v2\/product"}],"about":[{"href":"https:\/\/www.csj-emballages.com\/pt-pt\/wp-json\/wp\/v2\/types\/product"}],"wp:featuredmedia":[{"embeddable":true,"href":"https:\/\/www.csj-emballages.com\/pt-pt\/wp-json\/wp\/v2\/media\/235610"}],"wp:attachment":[{"href":"https:\/\/www.csj-emballages.com\/pt-pt\/wp-json\/wp\/v2\/media?parent=21872"}],"wp:term":[{"taxonomy":"product_brand","embeddable":true,"href":"https:\/\/www.csj-emballages.com\/pt-pt\/wp-json\/wp\/v2\/product_brand?post=21872"},{"taxonomy":"product_cat","embeddable":true,"href":"https:\/\/www.csj-emballages.com\/pt-pt\/wp-json\/wp\/v2\/product_cat?post=21872"},{"taxonomy":"product_tag","embeddable":true,"href":"https:\/\/www.csj-emballages.com\/pt-pt\/wp-json\/wp\/v2\/product_tag?post=21872"}],"curies":[{"name":"wp","href":"https:\/\/api.w.org\/{rel}","templated":true}]}}