{"id":21854,"date":"2024-03-01T16:51:57","date_gmt":"2024-03-01T15:51:57","guid":{"rendered":"https:\/\/u15jnbdpoq.preview.infomaniak.website\/produit\/20-kits-de-caixas-de-plancha-455-x-19-x-5-cm\/"},"modified":"2026-04-28T02:16:14","modified_gmt":"2026-04-28T00:16:14","slug":"20-kits-de-caixas-de-plancha-455-x-19-x-5-cm","status":"publish","type":"product","link":"https:\/\/www.csj-emballages.com\/pt-pt\/produit\/20-kits-de-caixas-de-plancha-455-x-19-x-5-cm\/","title":{"rendered":"Kit caixa de plancha 45,5 x 19 x 5 cm por 20"},"content":{"rendered":"<div style=\"text-align: center;\">\n<h2 style=\"text-align: left;\">Kit de plancha<\/h2>\n<div style=\"text-align: center;\">\n<div style=\"text-align: left;\">\n<hr>\n<h3>Descri\u00e7\u00e3o do nosso kit de caixa de plancha 45,5 x 19 x 5 cm por 20<!--more--><\/h3>\n<p>O Plancha Box Kit \u00e9 uma solu\u00e7\u00e3o de embalagem inovadora e original, concebida para apresentar os seus sortidos com eleg\u00e2ncia e praticidade. Este kit \u00e9 composto por uma placa de cart\u00e3o r\u00edgido e uma caixa de cart\u00e3o inteligentemente moldada para se adaptar \u00e0 placa com a sua janela de PE (polietileno). O pacote completo \u00e9 apresentado de forma atractiva, permitindo uma visibilidade \u00f3ptima do seu conte\u00fado.<\/p>\n<p>A placa de cart\u00e3o resistente e duradoura serve tamb\u00e9m como uma base s\u00f3lida para organizar os seus sortidos. \u00c9 ideal para expor uma variedade de produtos gourmet, como carnes frias, queijos e at\u00e9 fruta.<\/p>\n<p>A caixa de cart\u00e3o, por sua vez, foi concebida de forma inteligente com um sistema de fecho simples mas eficaz para o transporte. Gra\u00e7as a recortes estrat\u00e9gicos, a caixa permite vislumbrar o que est\u00e1 no interior, incentivando a descoberta e a degusta\u00e7\u00e3o.<\/p>\n<p>O Plancha Box Kit \u00e9 perfeito para ocasi\u00f5es especiais, presentes gourmet ou simplesmente para melhorar as tuas apresenta\u00e7\u00f5es di\u00e1rias. D\u00e1 aos teus produtos uma apresenta\u00e7\u00e3o digna da sua qualidade com esta embalagem \u00fanica, que alia praticidade, est\u00e9tica e inova\u00e7\u00e3o.<\/p>\n<h4>As suas vantagens:<\/h4>\n<ul>\n<li><strong>Visibilidade<\/strong>: Os recortes estrat\u00e9gicos na caixa permitem vislumbrar o conte\u00fado, favorecendo a degusta\u00e7\u00e3o. Isto atrai a aten\u00e7\u00e3o e destaca os produtos apresentados no interior.<\/li>\n<li><strong>Solidez<\/strong>: A placa de cart\u00e3o resistente proporciona uma base s\u00f3lida para os sortidos.<\/li>\n<li><strong>Versatilidade<\/strong>: A Plancha Box Kit \u00e9 ideal para uma variedade de produtos gourmet, como charcutaria, queijo e fruta.<\/li>\n<li><strong>Inova\u00e7\u00e3o<\/strong>: O Plancha Box Kit \u00e9 uma solu\u00e7\u00e3o de embalagem inovadora que se distingue das embalagens tradicionais.<\/li>\n<\/ul>\n<p>&nbsp;<\/p>\n<p><span style=\"font-style: italic; text-decoration: underline;\">Cart\u00e3o :<\/span><\/p>\n<ul>\n<li><span style=\"font-weight: bold; text-decoration: underline;\">Largura<\/span>: 18 cm<\/li>\n<li><span style=\"font-weight: bold; text-decoration: underline;\">Comprimento<\/span>: 28,5 cm + 17 cm (45,5 cm)<\/li>\n<li><span style=\"font-weight: bold; text-decoration: underline;\">Espessura<\/span>: 4 mm<\/li>\n<li><span style=\"font-weight: bold; text-decoration: underline;\">Material<\/span>: cart\u00e3o com pel\u00edcula de polietileno<\/li>\n<\/ul>\n<p>&nbsp;<\/p>\n<p><!--more--><\/p>\n<p><a href=\"https:\/\/u15jnbdpoq.preview.infomaniak.website\/categorie-produit\/emballages\/boucherie-traiteur-primeur\/barquettes-boites-et-pots\/boites-traiteurs-lunchs\/\">V\u00ea o resto da nossa gama de caixas \/ almo\u00e7os de catering<\/a><\/p>\n<\/div>\n<\/div>\n<\/div>\n<p>&nbsp;<\/p>\n","protected":false},"excerpt":{"rendered":"<p>Kit de plancha Descri\u00e7\u00e3o do nosso kit de caixa de plancha 45,5 x 19 x 5 cm por 20<\/p>\n","protected":false},"featured_media":177234,"template":"","meta":{"_acf_changed":false},"product_brand":[],"product_cat":[1141,1176,1174,1287,2828,1138,1301,2829],"product_tag":[],"class_list":{"0":"post-21854","1":"product","2":"type-product","3":"status-publish","4":"has-post-thumbnail","6":"product_cat-embalagem-de-alimentos","7":"product_cat-talho-e-charcutaria","8":"product_cat-caixas-de-catering-almocos","9":"product_cat-tabuleiros","10":"product_cat-tabuleiros-de-catering","11":"product_cat-restauracao","12":"product_cat-tabuleiros-pt-pt","13":"product_cat-tabuleiros-de-catering-pt-pt","15":"first","16":"instock","17":"taxable","18":"shipping-taxable","19":"purchasable","20":"product-type-simple"},"acf":[],"yoast_head":"<!-- This site is optimized with the Yoast SEO Premium plugin v26.6 (Yoast SEO v26.6) - https:\/\/yoast.com\/wordpress\/plugins\/seo\/ -->\n<title>Kit Plancha Box - 45,5 x 19 x 5 cm<\/title>\n<meta name=\"description\" content=\"Descubra o nosso kit de caixa de plancha para aperitivos com carnes frias ou queijos. Dimens\u00f5es: 455 x 190 x 50 mm. Escolha um pacote de caixa + kit de t\u00e1buas.\" \/>\n<meta name=\"robots\" content=\"index, follow, max-snippet:-1, max-image-preview:large, max-video-preview:-1\" \/>\n<link rel=\"canonical\" href=\"https:\/\/www.csj-emballages.com\/pt-pt\/produit\/20-kits-de-caixas-de-plancha-455-x-19-x-5-cm\/\" \/>\n<meta property=\"og:locale\" content=\"pt_PT\" \/>\n<meta property=\"og:type\" content=\"article\" \/>\n<meta property=\"og:title\" content=\"Kit caixa de plancha 45,5 x 19 x 5 cm por 20\" \/>\n<meta property=\"og:description\" content=\"Descubra o nosso kit de caixa de plancha para aperitivos com carnes frias ou queijos. Dimens\u00f5es: 455 x 190 x 50 mm. Escolha um pacote de caixa + kit de t\u00e1buas.\" \/>\n<meta property=\"og:url\" content=\"https:\/\/www.csj-emballages.com\/pt-pt\/produit\/20-kits-de-caixas-de-plancha-455-x-19-x-5-cm\/\" \/>\n<meta property=\"og:site_name\" content=\"CSJ Emballages\" \/>\n<meta property=\"article:publisher\" content=\"https:\/\/www.facebook.com\/csjemballages\" \/>\n<meta property=\"article:modified_time\" content=\"2026-04-28T00:16:14+00:00\" \/>\n<meta property=\"og:image\" content=\"https:\/\/www.csj-emballages.com\/wp-content\/uploads\/2024\/03\/kitplancha.webp\" \/>\n\t<meta property=\"og:image:width\" content=\"809\" \/>\n\t<meta property=\"og:image:height\" content=\"809\" \/>\n\t<meta property=\"og:image:type\" content=\"image\/webp\" \/>\n<meta name=\"twitter:card\" content=\"summary_large_image\" \/>\n<meta name=\"twitter:label1\" content=\"Tempo estimado de leitura\" \/>\n\t<meta name=\"twitter:data1\" content=\"2 minutos\" \/>\n<script type=\"application\/ld+json\" class=\"yoast-schema-graph\">{\"@context\":\"https:\/\/schema.org\",\"@graph\":[{\"@type\":\"WebPage\",\"@id\":\"https:\/\/www.csj-emballages.com\/pt-pt\/produit\/20-kits-de-caixas-de-plancha-455-x-19-x-5-cm\/\",\"url\":\"https:\/\/www.csj-emballages.com\/pt-pt\/produit\/20-kits-de-caixas-de-plancha-455-x-19-x-5-cm\/\",\"name\":\"Kit Plancha Box - 45,5 x 19 x 5 cm\",\"isPartOf\":{\"@id\":\"https:\/\/www.csj-emballages.com\/pt-pt\/#website\"},\"primaryImageOfPage\":{\"@id\":\"https:\/\/www.csj-emballages.com\/pt-pt\/produit\/20-kits-de-caixas-de-plancha-455-x-19-x-5-cm\/#primaryimage\"},\"image\":{\"@id\":\"https:\/\/www.csj-emballages.com\/pt-pt\/produit\/20-kits-de-caixas-de-plancha-455-x-19-x-5-cm\/#primaryimage\"},\"thumbnailUrl\":\"https:\/\/www.csj-emballages.com\/wp-content\/uploads\/2024\/03\/kitplancha.webp\",\"datePublished\":\"2024-03-01T15:51:57+00:00\",\"dateModified\":\"2026-04-28T00:16:14+00:00\",\"description\":\"Descubra o nosso kit de caixa de plancha para aperitivos com carnes frias ou queijos. Dimens\u00f5es: 455 x 190 x 50 mm. Escolha um pacote de caixa + kit de t\u00e1buas.\",\"breadcrumb\":{\"@id\":\"https:\/\/www.csj-emballages.com\/pt-pt\/produit\/20-kits-de-caixas-de-plancha-455-x-19-x-5-cm\/#breadcrumb\"},\"inLanguage\":\"pt-PT\",\"potentialAction\":[{\"@type\":\"ReadAction\",\"target\":[\"https:\/\/www.csj-emballages.com\/pt-pt\/produit\/20-kits-de-caixas-de-plancha-455-x-19-x-5-cm\/\"]}]},{\"@type\":\"ImageObject\",\"inLanguage\":\"pt-PT\",\"@id\":\"https:\/\/www.csj-emballages.com\/pt-pt\/produit\/20-kits-de-caixas-de-plancha-455-x-19-x-5-cm\/#primaryimage\",\"url\":\"https:\/\/www.csj-emballages.com\/wp-content\/uploads\/2024\/03\/kitplancha.webp\",\"contentUrl\":\"https:\/\/www.csj-emballages.com\/wp-content\/uploads\/2024\/03\/kitplancha.webp\",\"width\":809,\"height\":809,\"caption\":\"box 45.5 x 19 x 5 cm par 20\"},{\"@type\":\"BreadcrumbList\",\"@id\":\"https:\/\/www.csj-emballages.com\/pt-pt\/produit\/20-kits-de-caixas-de-plancha-455-x-19-x-5-cm\/#breadcrumb\",\"itemListElement\":[{\"@type\":\"ListItem\",\"position\":1,\"name\":\"Acolhimento\",\"item\":\"https:\/\/www.csj-emballages.com\/pt-pt\/universo-das-embalagens-alimentares\/\"},{\"@type\":\"ListItem\",\"position\":2,\"name\":\"Shop\",\"item\":\"https:\/\/www.csj-emballages.com\/shop\/\"},{\"@type\":\"ListItem\",\"position\":3,\"name\":\"Kit caixa de plancha 45,5 x 19 x 5 cm por 20\"}]},{\"@type\":\"WebSite\",\"@id\":\"https:\/\/www.csj-emballages.com\/pt-pt\/#website\",\"url\":\"https:\/\/www.csj-emballages.com\/pt-pt\/\",\"name\":\"CSJ Emballages\",\"description\":\"\",\"publisher\":{\"@id\":\"https:\/\/www.csj-emballages.com\/pt-pt\/#organization\"},\"potentialAction\":[{\"@type\":\"SearchAction\",\"target\":{\"@type\":\"EntryPoint\",\"urlTemplate\":\"https:\/\/www.csj-emballages.com\/pt-pt\/?s={search_term_string}\"},\"query-input\":{\"@type\":\"PropertyValueSpecification\",\"valueRequired\":true,\"valueName\":\"search_term_string\"}}],\"inLanguage\":\"pt-PT\"},{\"@type\":\"Organization\",\"@id\":\"https:\/\/www.csj-emballages.com\/pt-pt\/#Organization\/\",\"name\":\"CSJ Emballages\",\"url\":\"https:\/\/www.csj-emballages.com\/pt-pt\/\",\"logo\":{\"@type\":\"ImageObject\",\"inLanguage\":\"pt-PT\",\"@id\":\"https:\/\/www.csj-emballages.com\/pt-pt\/#\/schema\/logo\/image\/\",\"url\":\"https:\/\/www.csj-emballages.com\/wp-content\/uploads\/2023\/10\/logo_csj.webp\",\"contentUrl\":\"https:\/\/www.csj-emballages.com\/wp-content\/uploads\/2023\/10\/logo_csj.webp\",\"width\":250,\"height\":95,\"caption\":\"CSJ Emballages\"},\"image\":{\"@id\":\"https:\/\/www.csj-emballages.com\/pt-pt\/#\/schema\/logo\/image\/\"},\"sameAs\":[\"https:\/\/www.facebook.com\/csjemballages\"],\"address\":{\"@type\":\"PostalAddress\",\"streetAddress\":\"ZI La Lechere\",\"addressLocality\":\"Patornay\",\"postalCode\":\"39130\",\"addressCountry\":\"FR\"},\"contactPoint\":[{\"@type\":\"ContactPoint\",\"contactType\":\"Service client\",\"telephone\":\"0384254272\",\"email\":\"contact@csj-emballages.com\"}]}]}<\/script>\n<!-- \/ Yoast SEO Premium plugin. -->","yoast_head_json":{"title":"Kit Plancha Box - 45,5 x 19 x 5 cm","description":"Descubra o nosso kit de caixa de plancha para aperitivos com carnes frias ou queijos. Dimens\u00f5es: 455 x 190 x 50 mm. Escolha um pacote de caixa + kit de t\u00e1buas.","robots":{"index":"index","follow":"follow","max-snippet":"max-snippet:-1","max-image-preview":"max-image-preview:large","max-video-preview":"max-video-preview:-1"},"canonical":"https:\/\/www.csj-emballages.com\/pt-pt\/produit\/20-kits-de-caixas-de-plancha-455-x-19-x-5-cm\/","og_locale":"pt_PT","og_type":"article","og_title":"Kit caixa de plancha 45,5 x 19 x 5 cm por 20","og_description":"Descubra o nosso kit de caixa de plancha para aperitivos com carnes frias ou queijos. Dimens\u00f5es: 455 x 190 x 50 mm. Escolha um pacote de caixa + kit de t\u00e1buas.","og_url":"https:\/\/www.csj-emballages.com\/pt-pt\/produit\/20-kits-de-caixas-de-plancha-455-x-19-x-5-cm\/","og_site_name":"CSJ Emballages","article_publisher":"https:\/\/www.facebook.com\/csjemballages","article_modified_time":"2026-04-28T00:16:14+00:00","og_image":[{"width":809,"height":809,"url":"https:\/\/www.csj-emballages.com\/wp-content\/uploads\/2024\/03\/kitplancha.webp","type":"image\/webp"}],"twitter_card":"summary_large_image","twitter_misc":{"Tempo estimado de leitura":"2 minutos"},"schema":{"@context":"https:\/\/schema.org","@graph":[{"@type":"WebPage","@id":"https:\/\/www.csj-emballages.com\/pt-pt\/produit\/20-kits-de-caixas-de-plancha-455-x-19-x-5-cm\/","url":"https:\/\/www.csj-emballages.com\/pt-pt\/produit\/20-kits-de-caixas-de-plancha-455-x-19-x-5-cm\/","name":"Kit Plancha Box - 45,5 x 19 x 5 cm","isPartOf":{"@id":"https:\/\/www.csj-emballages.com\/pt-pt\/#website"},"primaryImageOfPage":{"@id":"https:\/\/www.csj-emballages.com\/pt-pt\/produit\/20-kits-de-caixas-de-plancha-455-x-19-x-5-cm\/#primaryimage"},"image":{"@id":"https:\/\/www.csj-emballages.com\/pt-pt\/produit\/20-kits-de-caixas-de-plancha-455-x-19-x-5-cm\/#primaryimage"},"thumbnailUrl":"https:\/\/www.csj-emballages.com\/wp-content\/uploads\/2024\/03\/kitplancha.webp","datePublished":"2024-03-01T15:51:57+00:00","dateModified":"2026-04-28T00:16:14+00:00","description":"Descubra o nosso kit de caixa de plancha para aperitivos com carnes frias ou queijos. Dimens\u00f5es: 455 x 190 x 50 mm. Escolha um pacote de caixa + kit de t\u00e1buas.","breadcrumb":{"@id":"https:\/\/www.csj-emballages.com\/pt-pt\/produit\/20-kits-de-caixas-de-plancha-455-x-19-x-5-cm\/#breadcrumb"},"inLanguage":"pt-PT","potentialAction":[{"@type":"ReadAction","target":["https:\/\/www.csj-emballages.com\/pt-pt\/produit\/20-kits-de-caixas-de-plancha-455-x-19-x-5-cm\/"]}]},{"@type":"ImageObject","inLanguage":"pt-PT","@id":"https:\/\/www.csj-emballages.com\/pt-pt\/produit\/20-kits-de-caixas-de-plancha-455-x-19-x-5-cm\/#primaryimage","url":"https:\/\/www.csj-emballages.com\/wp-content\/uploads\/2024\/03\/kitplancha.webp","contentUrl":"https:\/\/www.csj-emballages.com\/wp-content\/uploads\/2024\/03\/kitplancha.webp","width":809,"height":809,"caption":"box 45.5 x 19 x 5 cm par 20"},{"@type":"BreadcrumbList","@id":"https:\/\/www.csj-emballages.com\/pt-pt\/produit\/20-kits-de-caixas-de-plancha-455-x-19-x-5-cm\/#breadcrumb","itemListElement":[{"@type":"ListItem","position":1,"name":"Acolhimento","item":"https:\/\/www.csj-emballages.com\/pt-pt\/universo-das-embalagens-alimentares\/"},{"@type":"ListItem","position":2,"name":"Shop","item":"https:\/\/www.csj-emballages.com\/shop\/"},{"@type":"ListItem","position":3,"name":"Kit caixa de plancha 45,5 x 19 x 5 cm por 20"}]},{"@type":"WebSite","@id":"https:\/\/www.csj-emballages.com\/pt-pt\/#website","url":"https:\/\/www.csj-emballages.com\/pt-pt\/","name":"CSJ Emballages","description":"","publisher":{"@id":"https:\/\/www.csj-emballages.com\/pt-pt\/#organization"},"potentialAction":[{"@type":"SearchAction","target":{"@type":"EntryPoint","urlTemplate":"https:\/\/www.csj-emballages.com\/pt-pt\/?s={search_term_string}"},"query-input":{"@type":"PropertyValueSpecification","valueRequired":true,"valueName":"search_term_string"}}],"inLanguage":"pt-PT"},{"@type":"Organization","@id":"https:\/\/www.csj-emballages.com\/pt-pt\/#Organization\/","name":"CSJ Emballages","url":"https:\/\/www.csj-emballages.com\/pt-pt\/","logo":{"@type":"ImageObject","inLanguage":"pt-PT","@id":"https:\/\/www.csj-emballages.com\/pt-pt\/#\/schema\/logo\/image\/","url":"https:\/\/www.csj-emballages.com\/wp-content\/uploads\/2023\/10\/logo_csj.webp","contentUrl":"https:\/\/www.csj-emballages.com\/wp-content\/uploads\/2023\/10\/logo_csj.webp","width":250,"height":95,"caption":"CSJ Emballages"},"image":{"@id":"https:\/\/www.csj-emballages.com\/pt-pt\/#\/schema\/logo\/image\/"},"sameAs":["https:\/\/www.facebook.com\/csjemballages"],"address":{"@type":"PostalAddress","streetAddress":"ZI La Lechere","addressLocality":"Patornay","postalCode":"39130","addressCountry":"FR"},"contactPoint":[{"@type":"ContactPoint","contactType":"Service client","telephone":"0384254272","email":"contact@csj-emballages.com"}]}]}},"df_price":54,"df_sale_price":"","df_regular_price":54,"df_image_link":"https:\/\/www.csj-emballages.com\/wp-content\/uploads\/2024\/03\/kitplancha-300x300.webp","tiered_pricing_type":"fixed","tiered_pricing_fixed_rules":[],"tiered_pricing_percentage_rules":[],"tiered_pricing_minimum":1,"tiered_pricing_roles_data":[],"_links":{"self":[{"href":"https:\/\/www.csj-emballages.com\/pt-pt\/wp-json\/wp\/v2\/product\/21854","targetHints":{"allow":["GET"]}}],"collection":[{"href":"https:\/\/www.csj-emballages.com\/pt-pt\/wp-json\/wp\/v2\/product"}],"about":[{"href":"https:\/\/www.csj-emballages.com\/pt-pt\/wp-json\/wp\/v2\/types\/product"}],"wp:featuredmedia":[{"embeddable":true,"href":"https:\/\/www.csj-emballages.com\/pt-pt\/wp-json\/wp\/v2\/media\/177234"}],"wp:attachment":[{"href":"https:\/\/www.csj-emballages.com\/pt-pt\/wp-json\/wp\/v2\/media?parent=21854"}],"wp:term":[{"taxonomy":"product_brand","embeddable":true,"href":"https:\/\/www.csj-emballages.com\/pt-pt\/wp-json\/wp\/v2\/product_brand?post=21854"},{"taxonomy":"product_cat","embeddable":true,"href":"https:\/\/www.csj-emballages.com\/pt-pt\/wp-json\/wp\/v2\/product_cat?post=21854"},{"taxonomy":"product_tag","embeddable":true,"href":"https:\/\/www.csj-emballages.com\/pt-pt\/wp-json\/wp\/v2\/product_tag?post=21854"}],"curies":[{"name":"wp","href":"https:\/\/api.w.org\/{rel}","templated":true}]}}