{"id":21850,"date":"2024-03-01T16:51:58","date_gmt":"2024-03-01T15:51:58","guid":{"rendered":"https:\/\/u15jnbdpoq.preview.infomaniak.website\/produit\/250-conjuntos-de-talheres-de-madeira-facas-garfos-guardanapos-colheres\/"},"modified":"2026-04-28T02:16:12","modified_gmt":"2026-04-28T00:16:12","slug":"250-conjuntos-de-talheres-de-madeira-facas-garfos-guardanapos-colheres","status":"publish","type":"product","link":"https:\/\/www.csj-emballages.com\/pt-pt\/produit\/250-conjuntos-de-talheres-de-madeira-facas-garfos-guardanapos-colheres\/","title":{"rendered":"Conjunto de talheres de madeira facas + garfos + guardanapos + colheres 250 pcs."},"content":{"rendered":"<h2>Conjunto de talheres em madeira<\/h2>\n<hr>\n<h3>Descubra o nosso kit de talheres de madeira facas + garfos + guardanapos + colheres por 250<\/h3>\n<p><!--more--><\/p>\n<p data-start=\"267\" data-end=\"710\">Eis uma solu\u00e7\u00e3o simples e eficaz para oferecer uma alternativa realmente limpa e agrad\u00e1vel \u00e0s suas refei\u00e7\u00f5es takeaway: o <strong>conjunto de talheres de madeira<\/strong> com o seu <strong>guardanapo<\/strong>. Cada conjunto cont\u00e9m todos os elementos essenciais &#8211; <strong>faca, garfo, colher e guardanapo &#8211; <\/strong>num formato compacto concebido para ir direto ao assunto. \u00c9 o tipo de <strong>conjunto de talheres<\/strong> de que gostamos porque poupa na embalagem e cabe facilmente em qualquer s\u00edtio.  <\/p>\n<p data-start=\"712\" data-end=\"1153\">A <strong>madeira<\/strong> utilizada d\u00e1-lhe um toque quente e natural que o pl\u00e1stico nunca poder\u00e1 igualar. Adoramos o toque ligeiramente texturado, a leveza e a robustez dos talheres, que s\u00e3o t\u00e3o adequados para um prato frio como para uma receita mais substancial. Quer se trate de um food-truck, de um catering, de uma loja de sandes ou de um evento associativo, este kit simplifica claramente a sua organiza\u00e7\u00e3o, oferecendo uma apresenta\u00e7\u00e3o cuidada.  <\/p>\n<p data-start=\"1155\" data-end=\"1444\">Gra\u00e7as \u00e0 <strong data-start=\"1164\" data-end=\"1191\">embalagem de 250 unidades<\/strong>, tem um stock pronto para departamentos ou per\u00edodos de grande movimento. J\u00e1 n\u00e3o \u00e9 necess\u00e1rio preparar conjuntos um a um: tudo j\u00e1 est\u00e1 agrupado, limpo e f\u00e1cil de distribuir. \u00c9 uma verdadeira poupan\u00e7a de tempo, especialmente quando as encomendas chegam umas a seguir \u00e0s outras.  <\/p>\n<p data-start=\"1446\" data-end=\"1739\">Para al\u00e9m de ser funcional, este kit transmite uma imagem mais respons\u00e1vel. A madeira \u00e9 uma escolha que se dirige aos clientes sens\u00edveis \u00e0s solu\u00e7\u00f5es sustent\u00e1veis e aos esfor\u00e7os para reduzir os res\u00edduos. Ganha em praticidade, e eles desfrutam de uma refei\u00e7\u00e3o agrad\u00e1vel com talheres f\u00e1ceis de utilizar.  <\/p>\n<p data-start=\"1741\" data-end=\"1872\">Em suma, este <strong>kit de talheres de madeira<\/strong> \u00e9 uma pequena aten\u00e7\u00e3o que faz uma grande diferen\u00e7a: pr\u00e1tico, natural e pronto a utilizar.<\/p>\n<p data-start=\"1741\" data-end=\"1872\">\n<p data-start=\"1741\" data-end=\"1872\"><!--more--><\/p>\n<h4>Vantagens :<\/h4>\n<ul>\n<li data-start=\"1973\" data-end=\"2015\">Toque natural e agrad\u00e1vel na m\u00e3o.<\/li>\n<li data-start=\"2018\" data-end=\"2058\">Madeira maci\u00e7a, lisa e n\u00e3o tratada.<\/li>\n<li data-start=\"2061\" data-end=\"2100\"><strong>Kit completo<\/strong>: facas + garfos + colheres + guardanapos.<\/li>\n<li data-start=\"2103\" data-end=\"2134\">Embalagem econ\u00f3mica de <strong>250<\/strong>.<\/li>\n<li data-start=\"2137\" data-end=\"2199\">Ideal para takeaway, eventos e cami\u00f5es de comida.<\/li>\n<li data-start=\"2202\" data-end=\"2240\">Uma imagem mais aut\u00eantica e respons\u00e1vel.<\/li>\n<\/ul>\n<p>&nbsp;<\/p>\n<p><!--more--><\/p>\n<h4>Outras informa\u00e7\u00f5es :<\/h4>\n<ul>\n<li><strong>Embalagem<\/strong>: Embalagem de 250 kits<\/li>\n<li><b>Conte\u00fado <\/b>: Facas + garfos + colheres + guardanapos<\/li>\n<li><strong>Material<\/strong>: Madeira<\/li>\n<\/ul>\n<p>&nbsp;<\/p>\n<p><!--more--><\/p>\n<p><a href=\"https:\/\/www.csj-emballages.com\/pt-pt\/categorie-produit\/embalagem-de-alimentos\/restauracao\/pratos-talheres-descartaveis-palhinhas\/kits-de-talheres\/kits-de-talheres-biologicos\/\">V\u00ea o resto da nossa gama de kits de talheres de madeira<\/a><\/p>\n","protected":false},"excerpt":{"rendered":"<p>Conjunto de talheres em madeira Descubra o nosso kit de talheres de madeira facas + garfos + guardanapos + colheres por 250<\/p>\n","protected":false},"featured_media":256872,"template":"","meta":{"_acf_changed":false},"product_brand":[],"product_cat":[1141,1138,2814,2815,1152,2634],"product_tag":[],"class_list":{"0":"post-21850","1":"product","2":"type-product","3":"status-publish","4":"has-post-thumbnail","6":"product_cat-embalagem-de-alimentos","7":"product_cat-restauracao","8":"product_cat-kits-de-talheres","9":"product_cat-kits-de-talheres-biologicos","10":"product_cat-gama-biologica","11":"product_cat-talheres-organicos","13":"first","14":"instock","15":"taxable","16":"shipping-taxable","17":"purchasable","18":"product-type-simple"},"acf":[],"yoast_head":"<!-- This site is optimized with the Yoast SEO Premium plugin v26.6 (Yoast SEO v26.6) - https:\/\/yoast.com\/wordpress\/plugins\/seo\/ -->\n<title>Kit de talheres de madeira - Garfos \/ Facas \/ Colheres \/ Guardanapos<\/title>\n<meta name=\"description\" content=\"Descubra o nosso conjunto de talheres de madeira de 4 pe\u00e7as: garfos, facas, colheres e guardanapos. Escolha uma caixa de 250 talheres biol\u00f3gicos de qualidade.\" \/>\n<meta name=\"robots\" content=\"index, follow, max-snippet:-1, max-image-preview:large, max-video-preview:-1\" \/>\n<link rel=\"canonical\" href=\"https:\/\/www.csj-emballages.com\/pt-pt\/produit\/250-conjuntos-de-talheres-de-madeira-facas-garfos-guardanapos-colheres\/\" \/>\n<meta property=\"og:locale\" content=\"pt_PT\" \/>\n<meta property=\"og:type\" content=\"article\" \/>\n<meta property=\"og:title\" content=\"Conjunto de talheres de madeira facas + garfos + guardanapos + colheres 250 pcs.\" \/>\n<meta property=\"og:description\" content=\"Descubra o nosso conjunto de talheres de madeira de 4 pe\u00e7as: garfos, facas, colheres e guardanapos. Escolha uma caixa de 250 talheres biol\u00f3gicos de qualidade.\" \/>\n<meta property=\"og:url\" content=\"https:\/\/www.csj-emballages.com\/pt-pt\/produit\/250-conjuntos-de-talheres-de-madeira-facas-garfos-guardanapos-colheres\/\" \/>\n<meta property=\"og:site_name\" content=\"CSJ Emballages\" \/>\n<meta property=\"article:publisher\" content=\"https:\/\/www.facebook.com\/csjemballages\" \/>\n<meta property=\"article:modified_time\" content=\"2026-04-28T00:16:12+00:00\" \/>\n<meta property=\"og:image\" content=\"https:\/\/www.csj-emballages.com\/wp-content\/uploads\/2024\/03\/KIT41BOIS.webp\" \/>\n\t<meta property=\"og:image:width\" content=\"800\" \/>\n\t<meta property=\"og:image:height\" content=\"800\" \/>\n\t<meta property=\"og:image:type\" content=\"image\/webp\" \/>\n<meta name=\"twitter:card\" content=\"summary_large_image\" \/>\n<meta name=\"twitter:label1\" content=\"Tempo estimado de leitura\" \/>\n\t<meta name=\"twitter:data1\" content=\"2 minutos\" \/>\n<script type=\"application\/ld+json\" class=\"yoast-schema-graph\">{\"@context\":\"https:\/\/schema.org\",\"@graph\":[{\"@type\":\"WebPage\",\"@id\":\"https:\/\/www.csj-emballages.com\/pt-pt\/produit\/250-conjuntos-de-talheres-de-madeira-facas-garfos-guardanapos-colheres\/\",\"url\":\"https:\/\/www.csj-emballages.com\/pt-pt\/produit\/250-conjuntos-de-talheres-de-madeira-facas-garfos-guardanapos-colheres\/\",\"name\":\"Kit de talheres de madeira - Garfos \/ Facas \/ Colheres \/ Guardanapos\",\"isPartOf\":{\"@id\":\"https:\/\/www.csj-emballages.com\/pt-pt\/#website\"},\"primaryImageOfPage\":{\"@id\":\"https:\/\/www.csj-emballages.com\/pt-pt\/produit\/250-conjuntos-de-talheres-de-madeira-facas-garfos-guardanapos-colheres\/#primaryimage\"},\"image\":{\"@id\":\"https:\/\/www.csj-emballages.com\/pt-pt\/produit\/250-conjuntos-de-talheres-de-madeira-facas-garfos-guardanapos-colheres\/#primaryimage\"},\"thumbnailUrl\":\"https:\/\/www.csj-emballages.com\/wp-content\/uploads\/2024\/03\/KIT41BOIS.webp\",\"datePublished\":\"2024-03-01T15:51:58+00:00\",\"dateModified\":\"2026-04-28T00:16:12+00:00\",\"description\":\"Descubra o nosso conjunto de talheres de madeira de 4 pe\u00e7as: garfos, facas, colheres e guardanapos. Escolha uma caixa de 250 talheres biol\u00f3gicos de qualidade.\",\"breadcrumb\":{\"@id\":\"https:\/\/www.csj-emballages.com\/pt-pt\/produit\/250-conjuntos-de-talheres-de-madeira-facas-garfos-guardanapos-colheres\/#breadcrumb\"},\"inLanguage\":\"pt-PT\",\"potentialAction\":[{\"@type\":\"ReadAction\",\"target\":[\"https:\/\/www.csj-emballages.com\/pt-pt\/produit\/250-conjuntos-de-talheres-de-madeira-facas-garfos-guardanapos-colheres\/\"]}]},{\"@type\":\"ImageObject\",\"inLanguage\":\"pt-PT\",\"@id\":\"https:\/\/www.csj-emballages.com\/pt-pt\/produit\/250-conjuntos-de-talheres-de-madeira-facas-garfos-guardanapos-colheres\/#primaryimage\",\"url\":\"https:\/\/www.csj-emballages.com\/wp-content\/uploads\/2024\/03\/KIT41BOIS.webp\",\"contentUrl\":\"https:\/\/www.csj-emballages.com\/wp-content\/uploads\/2024\/03\/KIT41BOIS.webp\",\"width\":800,\"height\":800,\"caption\":\"Kit couverts bois\"},{\"@type\":\"BreadcrumbList\",\"@id\":\"https:\/\/www.csj-emballages.com\/pt-pt\/produit\/250-conjuntos-de-talheres-de-madeira-facas-garfos-guardanapos-colheres\/#breadcrumb\",\"itemListElement\":[{\"@type\":\"ListItem\",\"position\":1,\"name\":\"Acolhimento\",\"item\":\"https:\/\/www.csj-emballages.com\/pt-pt\/universo-das-embalagens-alimentares\/\"},{\"@type\":\"ListItem\",\"position\":2,\"name\":\"Shop\",\"item\":\"https:\/\/www.csj-emballages.com\/shop\/\"},{\"@type\":\"ListItem\",\"position\":3,\"name\":\"Conjunto de talheres de madeira facas + garfos + guardanapos + colheres 250 pcs.\"}]},{\"@type\":\"WebSite\",\"@id\":\"https:\/\/www.csj-emballages.com\/pt-pt\/#website\",\"url\":\"https:\/\/www.csj-emballages.com\/pt-pt\/\",\"name\":\"CSJ Emballages\",\"description\":\"\",\"publisher\":{\"@id\":\"https:\/\/www.csj-emballages.com\/pt-pt\/#organization\"},\"potentialAction\":[{\"@type\":\"SearchAction\",\"target\":{\"@type\":\"EntryPoint\",\"urlTemplate\":\"https:\/\/www.csj-emballages.com\/pt-pt\/?s={search_term_string}\"},\"query-input\":{\"@type\":\"PropertyValueSpecification\",\"valueRequired\":true,\"valueName\":\"search_term_string\"}}],\"inLanguage\":\"pt-PT\"},{\"@type\":\"Organization\",\"@id\":\"https:\/\/www.csj-emballages.com\/pt-pt\/#Organization\/\",\"name\":\"CSJ Emballages\",\"url\":\"https:\/\/www.csj-emballages.com\/pt-pt\/\",\"logo\":{\"@type\":\"ImageObject\",\"inLanguage\":\"pt-PT\",\"@id\":\"https:\/\/www.csj-emballages.com\/pt-pt\/#\/schema\/logo\/image\/\",\"url\":\"https:\/\/www.csj-emballages.com\/wp-content\/uploads\/2023\/10\/logo_csj.webp\",\"contentUrl\":\"https:\/\/www.csj-emballages.com\/wp-content\/uploads\/2023\/10\/logo_csj.webp\",\"width\":250,\"height\":95,\"caption\":\"CSJ Emballages\"},\"image\":{\"@id\":\"https:\/\/www.csj-emballages.com\/pt-pt\/#\/schema\/logo\/image\/\"},\"sameAs\":[\"https:\/\/www.facebook.com\/csjemballages\"],\"address\":{\"@type\":\"PostalAddress\",\"streetAddress\":\"ZI La Lechere\",\"addressLocality\":\"Patornay\",\"postalCode\":\"39130\",\"addressCountry\":\"FR\"},\"contactPoint\":[{\"@type\":\"ContactPoint\",\"contactType\":\"Service client\",\"telephone\":\"0384254272\",\"email\":\"contact@csj-emballages.com\"}]}]}<\/script>\n<!-- \/ Yoast SEO Premium plugin. -->","yoast_head_json":{"title":"Kit de talheres de madeira - Garfos \/ Facas \/ Colheres \/ Guardanapos","description":"Descubra o nosso conjunto de talheres de madeira de 4 pe\u00e7as: garfos, facas, colheres e guardanapos. Escolha uma caixa de 250 talheres biol\u00f3gicos de qualidade.","robots":{"index":"index","follow":"follow","max-snippet":"max-snippet:-1","max-image-preview":"max-image-preview:large","max-video-preview":"max-video-preview:-1"},"canonical":"https:\/\/www.csj-emballages.com\/pt-pt\/produit\/250-conjuntos-de-talheres-de-madeira-facas-garfos-guardanapos-colheres\/","og_locale":"pt_PT","og_type":"article","og_title":"Conjunto de talheres de madeira facas + garfos + guardanapos + colheres 250 pcs.","og_description":"Descubra o nosso conjunto de talheres de madeira de 4 pe\u00e7as: garfos, facas, colheres e guardanapos. Escolha uma caixa de 250 talheres biol\u00f3gicos de qualidade.","og_url":"https:\/\/www.csj-emballages.com\/pt-pt\/produit\/250-conjuntos-de-talheres-de-madeira-facas-garfos-guardanapos-colheres\/","og_site_name":"CSJ Emballages","article_publisher":"https:\/\/www.facebook.com\/csjemballages","article_modified_time":"2026-04-28T00:16:12+00:00","og_image":[{"width":800,"height":800,"url":"https:\/\/www.csj-emballages.com\/wp-content\/uploads\/2024\/03\/KIT41BOIS.webp","type":"image\/webp"}],"twitter_card":"summary_large_image","twitter_misc":{"Tempo estimado de leitura":"2 minutos"},"schema":{"@context":"https:\/\/schema.org","@graph":[{"@type":"WebPage","@id":"https:\/\/www.csj-emballages.com\/pt-pt\/produit\/250-conjuntos-de-talheres-de-madeira-facas-garfos-guardanapos-colheres\/","url":"https:\/\/www.csj-emballages.com\/pt-pt\/produit\/250-conjuntos-de-talheres-de-madeira-facas-garfos-guardanapos-colheres\/","name":"Kit de talheres de madeira - Garfos \/ Facas \/ Colheres \/ Guardanapos","isPartOf":{"@id":"https:\/\/www.csj-emballages.com\/pt-pt\/#website"},"primaryImageOfPage":{"@id":"https:\/\/www.csj-emballages.com\/pt-pt\/produit\/250-conjuntos-de-talheres-de-madeira-facas-garfos-guardanapos-colheres\/#primaryimage"},"image":{"@id":"https:\/\/www.csj-emballages.com\/pt-pt\/produit\/250-conjuntos-de-talheres-de-madeira-facas-garfos-guardanapos-colheres\/#primaryimage"},"thumbnailUrl":"https:\/\/www.csj-emballages.com\/wp-content\/uploads\/2024\/03\/KIT41BOIS.webp","datePublished":"2024-03-01T15:51:58+00:00","dateModified":"2026-04-28T00:16:12+00:00","description":"Descubra o nosso conjunto de talheres de madeira de 4 pe\u00e7as: garfos, facas, colheres e guardanapos. Escolha uma caixa de 250 talheres biol\u00f3gicos de qualidade.","breadcrumb":{"@id":"https:\/\/www.csj-emballages.com\/pt-pt\/produit\/250-conjuntos-de-talheres-de-madeira-facas-garfos-guardanapos-colheres\/#breadcrumb"},"inLanguage":"pt-PT","potentialAction":[{"@type":"ReadAction","target":["https:\/\/www.csj-emballages.com\/pt-pt\/produit\/250-conjuntos-de-talheres-de-madeira-facas-garfos-guardanapos-colheres\/"]}]},{"@type":"ImageObject","inLanguage":"pt-PT","@id":"https:\/\/www.csj-emballages.com\/pt-pt\/produit\/250-conjuntos-de-talheres-de-madeira-facas-garfos-guardanapos-colheres\/#primaryimage","url":"https:\/\/www.csj-emballages.com\/wp-content\/uploads\/2024\/03\/KIT41BOIS.webp","contentUrl":"https:\/\/www.csj-emballages.com\/wp-content\/uploads\/2024\/03\/KIT41BOIS.webp","width":800,"height":800,"caption":"Kit couverts bois"},{"@type":"BreadcrumbList","@id":"https:\/\/www.csj-emballages.com\/pt-pt\/produit\/250-conjuntos-de-talheres-de-madeira-facas-garfos-guardanapos-colheres\/#breadcrumb","itemListElement":[{"@type":"ListItem","position":1,"name":"Acolhimento","item":"https:\/\/www.csj-emballages.com\/pt-pt\/universo-das-embalagens-alimentares\/"},{"@type":"ListItem","position":2,"name":"Shop","item":"https:\/\/www.csj-emballages.com\/shop\/"},{"@type":"ListItem","position":3,"name":"Conjunto de talheres de madeira facas + garfos + guardanapos + colheres 250 pcs."}]},{"@type":"WebSite","@id":"https:\/\/www.csj-emballages.com\/pt-pt\/#website","url":"https:\/\/www.csj-emballages.com\/pt-pt\/","name":"CSJ Emballages","description":"","publisher":{"@id":"https:\/\/www.csj-emballages.com\/pt-pt\/#organization"},"potentialAction":[{"@type":"SearchAction","target":{"@type":"EntryPoint","urlTemplate":"https:\/\/www.csj-emballages.com\/pt-pt\/?s={search_term_string}"},"query-input":{"@type":"PropertyValueSpecification","valueRequired":true,"valueName":"search_term_string"}}],"inLanguage":"pt-PT"},{"@type":"Organization","@id":"https:\/\/www.csj-emballages.com\/pt-pt\/#Organization\/","name":"CSJ Emballages","url":"https:\/\/www.csj-emballages.com\/pt-pt\/","logo":{"@type":"ImageObject","inLanguage":"pt-PT","@id":"https:\/\/www.csj-emballages.com\/pt-pt\/#\/schema\/logo\/image\/","url":"https:\/\/www.csj-emballages.com\/wp-content\/uploads\/2023\/10\/logo_csj.webp","contentUrl":"https:\/\/www.csj-emballages.com\/wp-content\/uploads\/2023\/10\/logo_csj.webp","width":250,"height":95,"caption":"CSJ Emballages"},"image":{"@id":"https:\/\/www.csj-emballages.com\/pt-pt\/#\/schema\/logo\/image\/"},"sameAs":["https:\/\/www.facebook.com\/csjemballages"],"address":{"@type":"PostalAddress","streetAddress":"ZI La Lechere","addressLocality":"Patornay","postalCode":"39130","addressCountry":"FR"},"contactPoint":[{"@type":"ContactPoint","contactType":"Service client","telephone":"0384254272","email":"contact@csj-emballages.com"}]}]}},"df_price":23.52,"df_sale_price":"","df_regular_price":23.52,"df_image_link":"https:\/\/www.csj-emballages.com\/wp-content\/uploads\/2024\/03\/KIT41BOIS-300x300.webp","tiered_pricing_type":"fixed","tiered_pricing_fixed_rules":[],"tiered_pricing_percentage_rules":[],"tiered_pricing_minimum":1,"tiered_pricing_roles_data":[],"_links":{"self":[{"href":"https:\/\/www.csj-emballages.com\/pt-pt\/wp-json\/wp\/v2\/product\/21850","targetHints":{"allow":["GET"]}}],"collection":[{"href":"https:\/\/www.csj-emballages.com\/pt-pt\/wp-json\/wp\/v2\/product"}],"about":[{"href":"https:\/\/www.csj-emballages.com\/pt-pt\/wp-json\/wp\/v2\/types\/product"}],"wp:featuredmedia":[{"embeddable":true,"href":"https:\/\/www.csj-emballages.com\/pt-pt\/wp-json\/wp\/v2\/media\/256872"}],"wp:attachment":[{"href":"https:\/\/www.csj-emballages.com\/pt-pt\/wp-json\/wp\/v2\/media?parent=21850"}],"wp:term":[{"taxonomy":"product_brand","embeddable":true,"href":"https:\/\/www.csj-emballages.com\/pt-pt\/wp-json\/wp\/v2\/product_brand?post=21850"},{"taxonomy":"product_cat","embeddable":true,"href":"https:\/\/www.csj-emballages.com\/pt-pt\/wp-json\/wp\/v2\/product_cat?post=21850"},{"taxonomy":"product_tag","embeddable":true,"href":"https:\/\/www.csj-emballages.com\/pt-pt\/wp-json\/wp\/v2\/product_tag?post=21850"}],"curies":[{"name":"wp","href":"https:\/\/api.w.org\/{rel}","templated":true}]}}