{"id":21842,"date":"2024-03-01T16:51:57","date_gmt":"2024-03-01T15:51:57","guid":{"rendered":"https:\/\/u15jnbdpoq.preview.infomaniak.website\/produit\/50-tabuleiros-biodegradaveis-com-tampas-separadas-850-ml\/"},"modified":"2026-04-16T02:14:11","modified_gmt":"2026-04-16T00:14:11","slug":"50-tabuleiros-biodegradaveis-com-tampas-separadas-850-ml","status":"publish","type":"product","link":"https:\/\/www.csj-emballages.com\/pt-pt\/produit\/50-tabuleiros-biodegradaveis-com-tampas-separadas-850-ml\/","title":{"rendered":"Tabuleiro biodegrad\u00e1vel 850 ml x 50"},"content":{"rendered":"<h2 style=\"text-align: left;\">Tabuleiro biodegrad\u00e1vel<\/h2>\n<hr>\n<div style=\"text-align: left;\">\n<h3>Descri\u00e7\u00e3o do nosso tabuleiro biodegrad\u00e1vel 850 ml por 50<\/h3>\n<p><!--more--><\/p>\n<p data-start=\"243\" data-end=\"664\"><strong data-start=\"243\" data-end=\"283\">Pr\u00e1tico, respons\u00e1vel e vers\u00e1til<\/strong>, este <strong>tabuleiro biodegrad\u00e1vel de 850 ml<\/strong> foi concebido para responder \u00e0s necessidades dos profissionais da restaura\u00e7\u00e3o e dos consumidores preocupados com o ambiente. Fabricados a partir de <strong>materiais vegetais compost\u00e1veis<\/strong> (frequentemente fibra de cana ou papel kraft, consoante o modelo), constituem uma excelente alternativa \u00e0s embalagens de pl\u00e1stico tradicionais. <\/p>\n<p data-start=\"666\" data-end=\"1053\">Com a sua capacidade <strong data-start=\"688\" data-end=\"698\">de 850 ml<\/strong>, \u00e9 ideal para por\u00e7\u00f5es generosas: pratos quentes, saladas mistas, refei\u00e7\u00f5es para levar ou mesmo sobremesas para partilhar. \u00c9 suficientemente <strong data-start=\"838\" data-end=\"850\">resistente<\/strong> para suportar alimentos h\u00famidos e gordurosos sem deformar ou verter. <strong>Compat\u00edvel com o micro-ondas<\/strong>, este <strong>tabuleiro biodegrad\u00e1vel<\/strong> tamb\u00e9m \u00e9 f\u00e1cil de reaquecer, sem transfer\u00eancia de sabor ou odor. <\/p>\n<p data-start=\"1055\" data-end=\"1354\">Esta embalagem de <strong>50 tabuleiros<\/strong> \u00e9 perfeita para <strong data-start=\"1100\" data-end=\"1151\">catering, restaurantes, food trucks e cantinas<\/strong>, bem como para eventos privados (anivers\u00e1rios, refei\u00e7\u00f5es com amigos, cozinha em grupo).<br data-start=\"1253\" data-end=\"1256\">\u00c9 uma escolha respons\u00e1vel, simples e eficaz que combina <strong data-start=\"1315\" data-end=\"1353\">praticidade com um compromisso com o ambiente<\/strong>.<\/p>\n<\/div>\n<p>&nbsp;<\/p>\n<p><!--more--><\/p>\n<h4>Vantagens :<\/h4>\n<ul>\n<li>Tabuleiro biodegrad\u00e1vel de utiliza\u00e7\u00e3o \u00fanica, eco-respons\u00e1vel.<\/li>\n<li>Capacidade ideal de 850 ml para pratos quentes ou frios.<\/li>\n<li>Resistente \u00e0 humidade, gordura e micro-ondas.<\/li>\n<li>Vendidas em embalagens de 50 unidades, s\u00e3o pr\u00e1ticas tanto para uso profissional como privado.<\/li>\n<li>Alternativa natural ao pl\u00e1stico, compost\u00e1vel industrialmente.<\/li>\n<\/ul>\n<p>&nbsp;<\/p>\n<div style=\"text-align: left;\">\n<div style=\"text-align: left;\">\n<div style=\"text-align: left;\">\n<div style=\"text-align: left;\">\n<p><!--more--><\/p>\n<h4>Outras informa\u00e7\u00f5es :<\/h4>\n<div style=\"text-align: left;\">\n<ul>\n<li><strong>Embalagem<\/strong>: Pacote de 50<\/li>\n<li><strong>Dimens\u00f5es<\/strong>: 235 x 131 x 46 (C x L x A em mm)<\/li>\n<li><strong>Volume<\/strong>: 850 ml<\/li>\n<li><strong>Material<\/strong>: Polpa de cana de a\u00e7\u00facar (baga\u00e7o)<\/li>\n<li><strong>Cor<\/strong>: Areia<\/li>\n<li><strong>Temperatura de funcionamento<\/strong>: -\u00b018C\/+150\u00b0C<\/li>\n<\/ul>\n<p>&nbsp;<\/p>\n<\/div>\n<\/div>\n<\/div>\n<\/div>\n<\/div>\n<p><!--more--><\/p>\n<p>Encontre aqui a tampa compat\u00edvel com este tabuleiro: <span style=\"color: #d12727;\"><a style=\"color: #d12727;\" href=\"https:\/\/www.csj-emballages.com\/es\/produit\/50-tapas-bajas-de-plastico-para-bandejas-biodegradables-850-ml\/\">COUVKP710BIO<\/a><\/span><\/p>\n<p>&nbsp;<\/p>\n<p><!--more--><\/p>\n<p><a href=\"https:\/\/www.csj-emballages.com\/pt-pt\/categorie-produit\/embalagem-de-alimentos\/gama-biologica\/pratos-tabuleiros-caixas\/tabuleiros-organicos-pt-pt\/\">Ver o resto da nossa gama de tabuleiros biol\u00f3gicos<\/a><\/p>\n","protected":false},"excerpt":{"rendered":"<p>Tabuleiro biodegrad\u00e1vel Descri\u00e7\u00e3o do nosso tabuleiro biodegrad\u00e1vel 850 ml por 50<\/p>\n","protected":false},"featured_media":239750,"template":"","meta":{"_acf_changed":false},"product_brand":[],"product_cat":[1176,1525,2474,1152,2475],"product_tag":[],"class_list":{"0":"post-21842","1":"product","2":"type-product","3":"status-publish","4":"has-post-thumbnail","6":"product_cat-talho-e-charcutaria","7":"product_cat-tabuleiros-latas-frascos-para-alimentos","8":"product_cat-tabuleiros-biodegradaveis","9":"product_cat-gama-biologica","10":"product_cat-tabuleiros-organicos-pt-pt","12":"first","13":"instock","14":"taxable","15":"shipping-taxable","16":"purchasable","17":"product-type-simple"},"acf":[],"yoast_head":"<!-- This site is optimized with the Yoast SEO Premium plugin v26.6 (Yoast SEO v26.6) - https:\/\/yoast.com\/wordpress\/plugins\/seo\/ -->\n<title>Tabuleiro biodegrad\u00e1vel - 850 ml<\/title>\n<meta name=\"description\" content=\"Escolha o tabuleiro de baga\u00e7o biodegrad\u00e1vel, ecol\u00f3gico e pr\u00e1tico, ideal para catering e restaurantes. Dur\u00e1vel e compost\u00e1vel.\" \/>\n<meta name=\"robots\" content=\"index, follow, max-snippet:-1, max-image-preview:large, max-video-preview:-1\" \/>\n<link rel=\"canonical\" href=\"https:\/\/www.csj-emballages.com\/pt-pt\/produit\/50-tabuleiros-biodegradaveis-com-tampas-separadas-850-ml\/\" \/>\n<meta property=\"og:locale\" content=\"pt_PT\" \/>\n<meta property=\"og:type\" content=\"article\" \/>\n<meta property=\"og:title\" content=\"Tabuleiro biodegrad\u00e1vel 850 ml x 50\" \/>\n<meta property=\"og:description\" content=\"Escolha o tabuleiro de baga\u00e7o biodegrad\u00e1vel, ecol\u00f3gico e pr\u00e1tico, ideal para catering e restaurantes. Dur\u00e1vel e compost\u00e1vel.\" \/>\n<meta property=\"og:url\" content=\"https:\/\/www.csj-emballages.com\/pt-pt\/produit\/50-tabuleiros-biodegradaveis-com-tampas-separadas-850-ml\/\" \/>\n<meta property=\"og:site_name\" content=\"CSJ Emballages\" \/>\n<meta property=\"article:publisher\" content=\"https:\/\/www.facebook.com\/csjemballages\" \/>\n<meta property=\"article:modified_time\" content=\"2026-04-16T00:14:11+00:00\" \/>\n<meta property=\"og:image\" content=\"https:\/\/www.csj-emballages.com\/wp-content\/uploads\/2024\/03\/MENU-1.webp\" \/>\n\t<meta property=\"og:image:width\" content=\"800\" \/>\n\t<meta property=\"og:image:height\" content=\"800\" \/>\n\t<meta property=\"og:image:type\" content=\"image\/webp\" \/>\n<meta name=\"twitter:card\" content=\"summary_large_image\" \/>\n<meta name=\"twitter:label1\" content=\"Tempo estimado de leitura\" \/>\n\t<meta name=\"twitter:data1\" content=\"1 minuto\" \/>\n<script type=\"application\/ld+json\" class=\"yoast-schema-graph\">{\"@context\":\"https:\/\/schema.org\",\"@graph\":[{\"@type\":\"WebPage\",\"@id\":\"https:\/\/www.csj-emballages.com\/pt-pt\/produit\/50-tabuleiros-biodegradaveis-com-tampas-separadas-850-ml\/\",\"url\":\"https:\/\/www.csj-emballages.com\/pt-pt\/produit\/50-tabuleiros-biodegradaveis-com-tampas-separadas-850-ml\/\",\"name\":\"Tabuleiro biodegrad\u00e1vel - 850 ml\",\"isPartOf\":{\"@id\":\"https:\/\/www.csj-emballages.com\/pt-pt\/#website\"},\"primaryImageOfPage\":{\"@id\":\"https:\/\/www.csj-emballages.com\/pt-pt\/produit\/50-tabuleiros-biodegradaveis-com-tampas-separadas-850-ml\/#primaryimage\"},\"image\":{\"@id\":\"https:\/\/www.csj-emballages.com\/pt-pt\/produit\/50-tabuleiros-biodegradaveis-com-tampas-separadas-850-ml\/#primaryimage\"},\"thumbnailUrl\":\"https:\/\/www.csj-emballages.com\/wp-content\/uploads\/2024\/03\/KP710BIO-1.webp\",\"datePublished\":\"2024-03-01T15:51:57+00:00\",\"dateModified\":\"2026-04-16T00:14:11+00:00\",\"description\":\"Escolha o tabuleiro de baga\u00e7o biodegrad\u00e1vel, ecol\u00f3gico e pr\u00e1tico, ideal para catering e restaurantes. Dur\u00e1vel e compost\u00e1vel.\",\"breadcrumb\":{\"@id\":\"https:\/\/www.csj-emballages.com\/pt-pt\/produit\/50-tabuleiros-biodegradaveis-com-tampas-separadas-850-ml\/#breadcrumb\"},\"inLanguage\":\"pt-PT\",\"potentialAction\":[{\"@type\":\"ReadAction\",\"target\":[\"https:\/\/www.csj-emballages.com\/pt-pt\/produit\/50-tabuleiros-biodegradaveis-com-tampas-separadas-850-ml\/\"]}]},{\"@type\":\"ImageObject\",\"inLanguage\":\"pt-PT\",\"@id\":\"https:\/\/www.csj-emballages.com\/pt-pt\/produit\/50-tabuleiros-biodegradaveis-com-tampas-separadas-850-ml\/#primaryimage\",\"url\":\"https:\/\/www.csj-emballages.com\/wp-content\/uploads\/2024\/03\/KP710BIO-1.webp\",\"contentUrl\":\"https:\/\/www.csj-emballages.com\/wp-content\/uploads\/2024\/03\/KP710BIO-1.webp\",\"width\":800,\"height\":800,\"caption\":\"barquette bio\"},{\"@type\":\"BreadcrumbList\",\"@id\":\"https:\/\/www.csj-emballages.com\/pt-pt\/produit\/50-tabuleiros-biodegradaveis-com-tampas-separadas-850-ml\/#breadcrumb\",\"itemListElement\":[{\"@type\":\"ListItem\",\"position\":1,\"name\":\"Acolhimento\",\"item\":\"https:\/\/www.csj-emballages.com\/pt-pt\/universo-das-embalagens-alimentares\/\"},{\"@type\":\"ListItem\",\"position\":2,\"name\":\"Shop\",\"item\":\"https:\/\/www.csj-emballages.com\/shop\/\"},{\"@type\":\"ListItem\",\"position\":3,\"name\":\"Tabuleiro biodegrad\u00e1vel 850 ml x 50\"}]},{\"@type\":\"WebSite\",\"@id\":\"https:\/\/www.csj-emballages.com\/pt-pt\/#website\",\"url\":\"https:\/\/www.csj-emballages.com\/pt-pt\/\",\"name\":\"CSJ Emballages\",\"description\":\"\",\"publisher\":{\"@id\":\"https:\/\/www.csj-emballages.com\/pt-pt\/#organization\"},\"potentialAction\":[{\"@type\":\"SearchAction\",\"target\":{\"@type\":\"EntryPoint\",\"urlTemplate\":\"https:\/\/www.csj-emballages.com\/pt-pt\/?s={search_term_string}\"},\"query-input\":{\"@type\":\"PropertyValueSpecification\",\"valueRequired\":true,\"valueName\":\"search_term_string\"}}],\"inLanguage\":\"pt-PT\"},{\"@type\":\"Organization\",\"@id\":\"https:\/\/www.csj-emballages.com\/pt-pt\/#Organization\/\",\"name\":\"CSJ Emballages\",\"url\":\"https:\/\/www.csj-emballages.com\/pt-pt\/\",\"logo\":{\"@type\":\"ImageObject\",\"inLanguage\":\"pt-PT\",\"@id\":\"https:\/\/www.csj-emballages.com\/pt-pt\/#\/schema\/logo\/image\/\",\"url\":\"https:\/\/www.csj-emballages.com\/wp-content\/uploads\/2023\/10\/logo_csj.webp\",\"contentUrl\":\"https:\/\/www.csj-emballages.com\/wp-content\/uploads\/2023\/10\/logo_csj.webp\",\"width\":250,\"height\":95,\"caption\":\"CSJ Emballages\"},\"image\":{\"@id\":\"https:\/\/www.csj-emballages.com\/pt-pt\/#\/schema\/logo\/image\/\"},\"sameAs\":[\"https:\/\/www.facebook.com\/csjemballages\"],\"address\":{\"@type\":\"PostalAddress\",\"streetAddress\":\"ZI La Lechere\",\"addressLocality\":\"Patornay\",\"postalCode\":\"39130\",\"addressCountry\":\"FR\"},\"contactPoint\":[{\"@type\":\"ContactPoint\",\"contactType\":\"Service client\",\"telephone\":\"0384254272\",\"email\":\"contact@csj-emballages.com\"}]}]}<\/script>\n<!-- \/ Yoast SEO Premium plugin. -->","yoast_head_json":{"title":"Tabuleiro biodegrad\u00e1vel - 850 ml","description":"Escolha o tabuleiro de baga\u00e7o biodegrad\u00e1vel, ecol\u00f3gico e pr\u00e1tico, ideal para catering e restaurantes. Dur\u00e1vel e compost\u00e1vel.","robots":{"index":"index","follow":"follow","max-snippet":"max-snippet:-1","max-image-preview":"max-image-preview:large","max-video-preview":"max-video-preview:-1"},"canonical":"https:\/\/www.csj-emballages.com\/pt-pt\/produit\/50-tabuleiros-biodegradaveis-com-tampas-separadas-850-ml\/","og_locale":"pt_PT","og_type":"article","og_title":"Tabuleiro biodegrad\u00e1vel 850 ml x 50","og_description":"Escolha o tabuleiro de baga\u00e7o biodegrad\u00e1vel, ecol\u00f3gico e pr\u00e1tico, ideal para catering e restaurantes. Dur\u00e1vel e compost\u00e1vel.","og_url":"https:\/\/www.csj-emballages.com\/pt-pt\/produit\/50-tabuleiros-biodegradaveis-com-tampas-separadas-850-ml\/","og_site_name":"CSJ Emballages","article_publisher":"https:\/\/www.facebook.com\/csjemballages","article_modified_time":"2026-04-16T00:14:11+00:00","og_image":[{"width":800,"height":800,"url":"https:\/\/www.csj-emballages.com\/wp-content\/uploads\/2024\/03\/MENU-1.webp","type":"image\/webp"}],"twitter_card":"summary_large_image","twitter_misc":{"Tempo estimado de leitura":"1 minuto"},"schema":{"@context":"https:\/\/schema.org","@graph":[{"@type":"WebPage","@id":"https:\/\/www.csj-emballages.com\/pt-pt\/produit\/50-tabuleiros-biodegradaveis-com-tampas-separadas-850-ml\/","url":"https:\/\/www.csj-emballages.com\/pt-pt\/produit\/50-tabuleiros-biodegradaveis-com-tampas-separadas-850-ml\/","name":"Tabuleiro biodegrad\u00e1vel - 850 ml","isPartOf":{"@id":"https:\/\/www.csj-emballages.com\/pt-pt\/#website"},"primaryImageOfPage":{"@id":"https:\/\/www.csj-emballages.com\/pt-pt\/produit\/50-tabuleiros-biodegradaveis-com-tampas-separadas-850-ml\/#primaryimage"},"image":{"@id":"https:\/\/www.csj-emballages.com\/pt-pt\/produit\/50-tabuleiros-biodegradaveis-com-tampas-separadas-850-ml\/#primaryimage"},"thumbnailUrl":"https:\/\/www.csj-emballages.com\/wp-content\/uploads\/2024\/03\/KP710BIO-1.webp","datePublished":"2024-03-01T15:51:57+00:00","dateModified":"2026-04-16T00:14:11+00:00","description":"Escolha o tabuleiro de baga\u00e7o biodegrad\u00e1vel, ecol\u00f3gico e pr\u00e1tico, ideal para catering e restaurantes. Dur\u00e1vel e compost\u00e1vel.","breadcrumb":{"@id":"https:\/\/www.csj-emballages.com\/pt-pt\/produit\/50-tabuleiros-biodegradaveis-com-tampas-separadas-850-ml\/#breadcrumb"},"inLanguage":"pt-PT","potentialAction":[{"@type":"ReadAction","target":["https:\/\/www.csj-emballages.com\/pt-pt\/produit\/50-tabuleiros-biodegradaveis-com-tampas-separadas-850-ml\/"]}]},{"@type":"ImageObject","inLanguage":"pt-PT","@id":"https:\/\/www.csj-emballages.com\/pt-pt\/produit\/50-tabuleiros-biodegradaveis-com-tampas-separadas-850-ml\/#primaryimage","url":"https:\/\/www.csj-emballages.com\/wp-content\/uploads\/2024\/03\/KP710BIO-1.webp","contentUrl":"https:\/\/www.csj-emballages.com\/wp-content\/uploads\/2024\/03\/KP710BIO-1.webp","width":800,"height":800,"caption":"barquette bio"},{"@type":"BreadcrumbList","@id":"https:\/\/www.csj-emballages.com\/pt-pt\/produit\/50-tabuleiros-biodegradaveis-com-tampas-separadas-850-ml\/#breadcrumb","itemListElement":[{"@type":"ListItem","position":1,"name":"Acolhimento","item":"https:\/\/www.csj-emballages.com\/pt-pt\/universo-das-embalagens-alimentares\/"},{"@type":"ListItem","position":2,"name":"Shop","item":"https:\/\/www.csj-emballages.com\/shop\/"},{"@type":"ListItem","position":3,"name":"Tabuleiro biodegrad\u00e1vel 850 ml x 50"}]},{"@type":"WebSite","@id":"https:\/\/www.csj-emballages.com\/pt-pt\/#website","url":"https:\/\/www.csj-emballages.com\/pt-pt\/","name":"CSJ Emballages","description":"","publisher":{"@id":"https:\/\/www.csj-emballages.com\/pt-pt\/#organization"},"potentialAction":[{"@type":"SearchAction","target":{"@type":"EntryPoint","urlTemplate":"https:\/\/www.csj-emballages.com\/pt-pt\/?s={search_term_string}"},"query-input":{"@type":"PropertyValueSpecification","valueRequired":true,"valueName":"search_term_string"}}],"inLanguage":"pt-PT"},{"@type":"Organization","@id":"https:\/\/www.csj-emballages.com\/pt-pt\/#Organization\/","name":"CSJ Emballages","url":"https:\/\/www.csj-emballages.com\/pt-pt\/","logo":{"@type":"ImageObject","inLanguage":"pt-PT","@id":"https:\/\/www.csj-emballages.com\/pt-pt\/#\/schema\/logo\/image\/","url":"https:\/\/www.csj-emballages.com\/wp-content\/uploads\/2023\/10\/logo_csj.webp","contentUrl":"https:\/\/www.csj-emballages.com\/wp-content\/uploads\/2023\/10\/logo_csj.webp","width":250,"height":95,"caption":"CSJ Emballages"},"image":{"@id":"https:\/\/www.csj-emballages.com\/pt-pt\/#\/schema\/logo\/image\/"},"sameAs":["https:\/\/www.facebook.com\/csjemballages"],"address":{"@type":"PostalAddress","streetAddress":"ZI La Lechere","addressLocality":"Patornay","postalCode":"39130","addressCountry":"FR"},"contactPoint":[{"@type":"ContactPoint","contactType":"Service client","telephone":"0384254272","email":"contact@csj-emballages.com"}]}]}},"df_price":10.92,"df_sale_price":"","df_regular_price":10.92,"df_image_link":"https:\/\/www.csj-emballages.com\/wp-content\/uploads\/2024\/03\/KP710BIO-1-300x300.webp","tiered_pricing_type":"fixed","tiered_pricing_fixed_rules":[],"tiered_pricing_percentage_rules":[],"tiered_pricing_minimum":1,"tiered_pricing_roles_data":[],"_links":{"self":[{"href":"https:\/\/www.csj-emballages.com\/pt-pt\/wp-json\/wp\/v2\/product\/21842","targetHints":{"allow":["GET"]}}],"collection":[{"href":"https:\/\/www.csj-emballages.com\/pt-pt\/wp-json\/wp\/v2\/product"}],"about":[{"href":"https:\/\/www.csj-emballages.com\/pt-pt\/wp-json\/wp\/v2\/types\/product"}],"wp:featuredmedia":[{"embeddable":true,"href":"https:\/\/www.csj-emballages.com\/pt-pt\/wp-json\/wp\/v2\/media\/239750"}],"wp:attachment":[{"href":"https:\/\/www.csj-emballages.com\/pt-pt\/wp-json\/wp\/v2\/media?parent=21842"}],"wp:term":[{"taxonomy":"product_brand","embeddable":true,"href":"https:\/\/www.csj-emballages.com\/pt-pt\/wp-json\/wp\/v2\/product_brand?post=21842"},{"taxonomy":"product_cat","embeddable":true,"href":"https:\/\/www.csj-emballages.com\/pt-pt\/wp-json\/wp\/v2\/product_cat?post=21842"},{"taxonomy":"product_tag","embeddable":true,"href":"https:\/\/www.csj-emballages.com\/pt-pt\/wp-json\/wp\/v2\/product_tag?post=21842"}],"curies":[{"name":"wp","href":"https:\/\/api.w.org\/{rel}","templated":true}]}}