{"id":21838,"date":"2024-03-01T16:51:58","date_gmt":"2024-03-01T15:51:58","guid":{"rendered":"https:\/\/u15jnbdpoq.preview.infomaniak.website\/produit\/250-kits-de-talheres-ps-reutilizaveis-facas-garfos-guardanapos-colheres\/"},"modified":"2026-04-09T02:15:54","modified_gmt":"2026-04-09T00:15:54","slug":"250-kits-de-talheres-ps-reutilizaveis-facas-garfos-guardanapos-colheres","status":"publish","type":"product","link":"https:\/\/www.csj-emballages.com\/pt-pt\/produit\/250-kits-de-talheres-ps-reutilizaveis-facas-garfos-guardanapos-colheres\/","title":{"rendered":"Kit de talheres de pl\u00e1stico reutiliz\u00e1veis com facas + garfos + guardanapos + colheres"},"content":{"rendered":"<h2>Conjunto de talheres de pl\u00e1stico<\/h2>\n<hr>\n<h3>Descubra o nosso kit de talheres de pl\u00e1stico reutiliz\u00e1veis &#8211; facas + garfos + guardanapos + colheres &#8211; 250 unidades<\/h3>\n<p><!--more--><\/p>\n<p data-start=\"332\" data-end=\"728\">Se procura uma forma simples de servir comida para levar, mantendo o seu servi\u00e7o limpo e organizado, este <strong>conjunto de talheres de pl\u00e1stico reutiliz\u00e1veis<\/strong> facilitar\u00e1 a sua vida. Cada conjunto cont\u00e9m <g id=\"gid_1\">uma faca, um garfo, uma colher e um guardanapo<\/g>, prontos a distribuir num instante. \u00c9 um kit inteligente que \u00e9 f\u00e1cil de colocar num saco, numa lancheira ou num tabuleiro sem perder tempo.  <\/p>\n<p data-start=\"730\" data-end=\"1224\">Do mesmo modo, <strong>os talheres de pl\u00e1stico reutiliz\u00e1veis<\/strong> constituem uma verdadeira alternativa aos fr\u00e1geis modelos descart\u00e1veis. Agarram-se bem \u00e0 m\u00e3o, n\u00e3o se dobram ao menor esfor\u00e7o e podem ser reutilizados v\u00e1rias vezes, se necess\u00e1rio. Al\u00e9m disso, quer seja para um food-truck, uma cafetaria, um servi\u00e7o de entregas ou um evento, garantem uma experi\u00eancia mais agrad\u00e1vel e fi\u00e1vel ao cliente. A <strong>toalha<\/strong> integrada torna tudo ainda mais pr\u00e1tico: n\u00e3o \u00e9 preciso andar \u00e0 procura, j\u00e1 est\u00e1 tudo agrupado.   <\/p>\n<p data-start=\"1226\" data-end=\"1569\">Permite-lhe tamb\u00e9m ser coerente na sua apresenta\u00e7\u00e3o: cada cliente recebe um conjunto limpo, completo e id\u00eantico, o que refor\u00e7a a imagem profissional do seu estabelecimento.<\/p>\n<p data-start=\"1571\" data-end=\"1884\">Em suma, este <strong>kit de talheres<\/strong> distingue-se pela sua facilidade de utiliza\u00e7\u00e3o. Em suma, preenche todos os requisitos para uma boa organiza\u00e7\u00e3o e um servi\u00e7o mais agrad\u00e1vel, tanto para si como para os seus clientes. <\/p>\n<p data-start=\"1571\" data-end=\"1884\">\n<p data-start=\"1571\" data-end=\"1884\"><!--more--><\/p>\n<h4>Vantagens :<\/h4>\n<ul>\n<li data-start=\"1862\" data-end=\"1897\"><strong>Conjunto completo<\/strong> pronto a utilizar.<\/li>\n<li data-start=\"1900\" data-end=\"1940\">Talheres de pl\u00e1stico resistentes e atractivos.<\/li>\n<li data-start=\"1943\" data-end=\"1977\">Inclui <strong>facas, garfos, colheres e guardanapos<\/strong>.<\/li>\n<li data-start=\"1980\" data-end=\"2007\">Poupa tempo no servi\u00e7o.<\/li>\n<li data-start=\"2010\" data-end=\"2054\"><strong>Lote de 250<\/strong>, ideal para catering profissional.<\/li>\n<li data-start=\"2057\" data-end=\"2084\">Uma imagem natural e moderna.<\/li>\n<\/ul>\n<p>&nbsp;<\/p>\n<p><!--more--><\/p>\n<h4>Outras informa\u00e7\u00f5es :<\/h4>\n<ul>\n<li><strong>Embalagem<\/strong>: Embalagem de 250 kits<\/li>\n<li><b>Conte\u00fado <\/b>: Facas + garfos + colheres + guardanapos<\/li>\n<li><strong>Material<\/strong>: Pl\u00e1stico<\/li>\n<\/ul>\n<p>&nbsp;<\/p>\n<p><!--more--><\/p>\n<p><a href=\"https:\/\/www.csj-emballages.com\/pt-pt\/categorie-produit\/embalagem-de-alimentos\/restauracao\/pratos-talheres-descartaveis-palhinhas\/kits-de-talheres\/kits-de-talheres-de-plastico\/\">Consulte o resto da nossa gama de kits de talheres de pl\u00e1stico<\/a><\/p>\n","protected":false},"excerpt":{"rendered":"<p>Conjunto de talheres de pl\u00e1stico Descubra o nosso kit de talheres de pl\u00e1stico reutiliz\u00e1veis &#8211; facas + garfos + guardanapos + colheres &#8211; 250 unidades<\/p>\n","protected":false},"featured_media":256986,"template":"","meta":{"_acf_changed":false},"product_brand":[],"product_cat":[1138,2814,2819],"product_tag":[],"class_list":{"0":"post-21838","1":"product","2":"type-product","3":"status-publish","4":"has-post-thumbnail","6":"product_cat-restauracao","7":"product_cat-kits-de-talheres","8":"product_cat-kits-de-talheres-de-plastico","10":"first","11":"instock","12":"taxable","13":"shipping-taxable","14":"purchasable","15":"product-type-simple"},"acf":[],"yoast_head":"<!-- This site is optimized with the Yoast SEO Premium plugin v26.6 (Yoast SEO v26.6) - https:\/\/yoast.com\/wordpress\/plugins\/seo\/ -->\n<title>Kit de talheres de pl\u00e1stico reutiliz\u00e1veis - 4 pe\u00e7as por 250<\/title>\n<meta name=\"description\" content=\"Conjunto de talheres reutiliz\u00e1veis com guardanapo, vendido em embalagens de 250 unidades. Pr\u00e1tico, resistente e ideal para refei\u00e7\u00f5es takeaway ou servi\u00e7o r\u00e1pido.\" \/>\n<meta name=\"robots\" content=\"index, follow, max-snippet:-1, max-image-preview:large, max-video-preview:-1\" \/>\n<link rel=\"canonical\" href=\"https:\/\/www.csj-emballages.com\/pt-pt\/produit\/250-kits-de-talheres-ps-reutilizaveis-facas-garfos-guardanapos-colheres\/\" \/>\n<meta property=\"og:locale\" content=\"pt_PT\" \/>\n<meta property=\"og:type\" content=\"article\" \/>\n<meta property=\"og:title\" content=\"Kit de talheres de pl\u00e1stico reutiliz\u00e1veis com facas + garfos + guardanapos + colheres\" \/>\n<meta property=\"og:description\" content=\"Conjunto de talheres reutiliz\u00e1veis com guardanapo, vendido em embalagens de 250 unidades. Pr\u00e1tico, resistente e ideal para refei\u00e7\u00f5es takeaway ou servi\u00e7o r\u00e1pido.\" \/>\n<meta property=\"og:url\" content=\"https:\/\/www.csj-emballages.com\/pt-pt\/produit\/250-kits-de-talheres-ps-reutilizaveis-facas-garfos-guardanapos-colheres\/\" \/>\n<meta property=\"og:site_name\" content=\"CSJ Emballages\" \/>\n<meta property=\"article:publisher\" content=\"https:\/\/www.facebook.com\/csjemballages\" \/>\n<meta property=\"article:modified_time\" content=\"2026-04-09T00:15:54+00:00\" \/>\n<meta property=\"og:image\" content=\"https:\/\/www.csj-emballages.com\/wp-content\/uploads\/2024\/03\/KIT41RLUX.webp\" \/>\n\t<meta property=\"og:image:width\" content=\"800\" \/>\n\t<meta property=\"og:image:height\" content=\"800\" \/>\n\t<meta property=\"og:image:type\" content=\"image\/webp\" \/>\n<meta name=\"twitter:card\" content=\"summary_large_image\" \/>\n<meta name=\"twitter:label1\" content=\"Tempo estimado de leitura\" \/>\n\t<meta name=\"twitter:data1\" content=\"2 minutos\" \/>\n<script type=\"application\/ld+json\" class=\"yoast-schema-graph\">{\"@context\":\"https:\/\/schema.org\",\"@graph\":[{\"@type\":\"WebPage\",\"@id\":\"https:\/\/www.csj-emballages.com\/pt-pt\/produit\/250-kits-de-talheres-ps-reutilizaveis-facas-garfos-guardanapos-colheres\/\",\"url\":\"https:\/\/www.csj-emballages.com\/pt-pt\/produit\/250-kits-de-talheres-ps-reutilizaveis-facas-garfos-guardanapos-colheres\/\",\"name\":\"Kit de talheres de pl\u00e1stico reutiliz\u00e1veis - 4 pe\u00e7as por 250\",\"isPartOf\":{\"@id\":\"https:\/\/www.csj-emballages.com\/pt-pt\/#website\"},\"primaryImageOfPage\":{\"@id\":\"https:\/\/www.csj-emballages.com\/pt-pt\/produit\/250-kits-de-talheres-ps-reutilizaveis-facas-garfos-guardanapos-colheres\/#primaryimage\"},\"image\":{\"@id\":\"https:\/\/www.csj-emballages.com\/pt-pt\/produit\/250-kits-de-talheres-ps-reutilizaveis-facas-garfos-guardanapos-colheres\/#primaryimage\"},\"thumbnailUrl\":\"https:\/\/www.csj-emballages.com\/wp-content\/uploads\/2024\/03\/KIT41RLUX.webp\",\"datePublished\":\"2024-03-01T15:51:58+00:00\",\"dateModified\":\"2026-04-09T00:15:54+00:00\",\"description\":\"Conjunto de talheres reutiliz\u00e1veis com guardanapo, vendido em embalagens de 250 unidades. Pr\u00e1tico, resistente e ideal para refei\u00e7\u00f5es takeaway ou servi\u00e7o r\u00e1pido.\",\"breadcrumb\":{\"@id\":\"https:\/\/www.csj-emballages.com\/pt-pt\/produit\/250-kits-de-talheres-ps-reutilizaveis-facas-garfos-guardanapos-colheres\/#breadcrumb\"},\"inLanguage\":\"pt-PT\",\"potentialAction\":[{\"@type\":\"ReadAction\",\"target\":[\"https:\/\/www.csj-emballages.com\/pt-pt\/produit\/250-kits-de-talheres-ps-reutilizaveis-facas-garfos-guardanapos-colheres\/\"]}]},{\"@type\":\"ImageObject\",\"inLanguage\":\"pt-PT\",\"@id\":\"https:\/\/www.csj-emballages.com\/pt-pt\/produit\/250-kits-de-talheres-ps-reutilizaveis-facas-garfos-guardanapos-colheres\/#primaryimage\",\"url\":\"https:\/\/www.csj-emballages.com\/wp-content\/uploads\/2024\/03\/KIT41RLUX.webp\",\"contentUrl\":\"https:\/\/www.csj-emballages.com\/wp-content\/uploads\/2024\/03\/KIT41RLUX.webp\",\"width\":800,\"height\":800,\"caption\":\"Kit couverts plastique\"},{\"@type\":\"BreadcrumbList\",\"@id\":\"https:\/\/www.csj-emballages.com\/pt-pt\/produit\/250-kits-de-talheres-ps-reutilizaveis-facas-garfos-guardanapos-colheres\/#breadcrumb\",\"itemListElement\":[{\"@type\":\"ListItem\",\"position\":1,\"name\":\"Acolhimento\",\"item\":\"https:\/\/www.csj-emballages.com\/pt-pt\/universo-das-embalagens-alimentares\/\"},{\"@type\":\"ListItem\",\"position\":2,\"name\":\"Shop\",\"item\":\"https:\/\/www.csj-emballages.com\/shop\/\"},{\"@type\":\"ListItem\",\"position\":3,\"name\":\"Kit de talheres de pl\u00e1stico reutiliz\u00e1veis com facas + garfos + guardanapos + colheres\"}]},{\"@type\":\"WebSite\",\"@id\":\"https:\/\/www.csj-emballages.com\/pt-pt\/#website\",\"url\":\"https:\/\/www.csj-emballages.com\/pt-pt\/\",\"name\":\"CSJ Emballages\",\"description\":\"\",\"publisher\":{\"@id\":\"https:\/\/www.csj-emballages.com\/pt-pt\/#organization\"},\"potentialAction\":[{\"@type\":\"SearchAction\",\"target\":{\"@type\":\"EntryPoint\",\"urlTemplate\":\"https:\/\/www.csj-emballages.com\/pt-pt\/?s={search_term_string}\"},\"query-input\":{\"@type\":\"PropertyValueSpecification\",\"valueRequired\":true,\"valueName\":\"search_term_string\"}}],\"inLanguage\":\"pt-PT\"},{\"@type\":\"Organization\",\"@id\":\"https:\/\/www.csj-emballages.com\/pt-pt\/#Organization\/\",\"name\":\"CSJ Emballages\",\"url\":\"https:\/\/www.csj-emballages.com\/pt-pt\/\",\"logo\":{\"@type\":\"ImageObject\",\"inLanguage\":\"pt-PT\",\"@id\":\"https:\/\/www.csj-emballages.com\/pt-pt\/#\/schema\/logo\/image\/\",\"url\":\"https:\/\/www.csj-emballages.com\/wp-content\/uploads\/2023\/10\/logo_csj.webp\",\"contentUrl\":\"https:\/\/www.csj-emballages.com\/wp-content\/uploads\/2023\/10\/logo_csj.webp\",\"width\":250,\"height\":95,\"caption\":\"CSJ Emballages\"},\"image\":{\"@id\":\"https:\/\/www.csj-emballages.com\/pt-pt\/#\/schema\/logo\/image\/\"},\"sameAs\":[\"https:\/\/www.facebook.com\/csjemballages\"],\"address\":{\"@type\":\"PostalAddress\",\"streetAddress\":\"ZI La Lechere\",\"addressLocality\":\"Patornay\",\"postalCode\":\"39130\",\"addressCountry\":\"FR\"},\"contactPoint\":[{\"@type\":\"ContactPoint\",\"contactType\":\"Service client\",\"telephone\":\"0384254272\",\"email\":\"contact@csj-emballages.com\"}]}]}<\/script>\n<!-- \/ Yoast SEO Premium plugin. -->","yoast_head_json":{"title":"Kit de talheres de pl\u00e1stico reutiliz\u00e1veis - 4 pe\u00e7as por 250","description":"Conjunto de talheres reutiliz\u00e1veis com guardanapo, vendido em embalagens de 250 unidades. Pr\u00e1tico, resistente e ideal para refei\u00e7\u00f5es takeaway ou servi\u00e7o r\u00e1pido.","robots":{"index":"index","follow":"follow","max-snippet":"max-snippet:-1","max-image-preview":"max-image-preview:large","max-video-preview":"max-video-preview:-1"},"canonical":"https:\/\/www.csj-emballages.com\/pt-pt\/produit\/250-kits-de-talheres-ps-reutilizaveis-facas-garfos-guardanapos-colheres\/","og_locale":"pt_PT","og_type":"article","og_title":"Kit de talheres de pl\u00e1stico reutiliz\u00e1veis com facas + garfos + guardanapos + colheres","og_description":"Conjunto de talheres reutiliz\u00e1veis com guardanapo, vendido em embalagens de 250 unidades. Pr\u00e1tico, resistente e ideal para refei\u00e7\u00f5es takeaway ou servi\u00e7o r\u00e1pido.","og_url":"https:\/\/www.csj-emballages.com\/pt-pt\/produit\/250-kits-de-talheres-ps-reutilizaveis-facas-garfos-guardanapos-colheres\/","og_site_name":"CSJ Emballages","article_publisher":"https:\/\/www.facebook.com\/csjemballages","article_modified_time":"2026-04-09T00:15:54+00:00","og_image":[{"width":800,"height":800,"url":"https:\/\/www.csj-emballages.com\/wp-content\/uploads\/2024\/03\/KIT41RLUX.webp","type":"image\/webp"}],"twitter_card":"summary_large_image","twitter_misc":{"Tempo estimado de leitura":"2 minutos"},"schema":{"@context":"https:\/\/schema.org","@graph":[{"@type":"WebPage","@id":"https:\/\/www.csj-emballages.com\/pt-pt\/produit\/250-kits-de-talheres-ps-reutilizaveis-facas-garfos-guardanapos-colheres\/","url":"https:\/\/www.csj-emballages.com\/pt-pt\/produit\/250-kits-de-talheres-ps-reutilizaveis-facas-garfos-guardanapos-colheres\/","name":"Kit de talheres de pl\u00e1stico reutiliz\u00e1veis - 4 pe\u00e7as por 250","isPartOf":{"@id":"https:\/\/www.csj-emballages.com\/pt-pt\/#website"},"primaryImageOfPage":{"@id":"https:\/\/www.csj-emballages.com\/pt-pt\/produit\/250-kits-de-talheres-ps-reutilizaveis-facas-garfos-guardanapos-colheres\/#primaryimage"},"image":{"@id":"https:\/\/www.csj-emballages.com\/pt-pt\/produit\/250-kits-de-talheres-ps-reutilizaveis-facas-garfos-guardanapos-colheres\/#primaryimage"},"thumbnailUrl":"https:\/\/www.csj-emballages.com\/wp-content\/uploads\/2024\/03\/KIT41RLUX.webp","datePublished":"2024-03-01T15:51:58+00:00","dateModified":"2026-04-09T00:15:54+00:00","description":"Conjunto de talheres reutiliz\u00e1veis com guardanapo, vendido em embalagens de 250 unidades. Pr\u00e1tico, resistente e ideal para refei\u00e7\u00f5es takeaway ou servi\u00e7o r\u00e1pido.","breadcrumb":{"@id":"https:\/\/www.csj-emballages.com\/pt-pt\/produit\/250-kits-de-talheres-ps-reutilizaveis-facas-garfos-guardanapos-colheres\/#breadcrumb"},"inLanguage":"pt-PT","potentialAction":[{"@type":"ReadAction","target":["https:\/\/www.csj-emballages.com\/pt-pt\/produit\/250-kits-de-talheres-ps-reutilizaveis-facas-garfos-guardanapos-colheres\/"]}]},{"@type":"ImageObject","inLanguage":"pt-PT","@id":"https:\/\/www.csj-emballages.com\/pt-pt\/produit\/250-kits-de-talheres-ps-reutilizaveis-facas-garfos-guardanapos-colheres\/#primaryimage","url":"https:\/\/www.csj-emballages.com\/wp-content\/uploads\/2024\/03\/KIT41RLUX.webp","contentUrl":"https:\/\/www.csj-emballages.com\/wp-content\/uploads\/2024\/03\/KIT41RLUX.webp","width":800,"height":800,"caption":"Kit couverts plastique"},{"@type":"BreadcrumbList","@id":"https:\/\/www.csj-emballages.com\/pt-pt\/produit\/250-kits-de-talheres-ps-reutilizaveis-facas-garfos-guardanapos-colheres\/#breadcrumb","itemListElement":[{"@type":"ListItem","position":1,"name":"Acolhimento","item":"https:\/\/www.csj-emballages.com\/pt-pt\/universo-das-embalagens-alimentares\/"},{"@type":"ListItem","position":2,"name":"Shop","item":"https:\/\/www.csj-emballages.com\/shop\/"},{"@type":"ListItem","position":3,"name":"Kit de talheres de pl\u00e1stico reutiliz\u00e1veis com facas + garfos + guardanapos + colheres"}]},{"@type":"WebSite","@id":"https:\/\/www.csj-emballages.com\/pt-pt\/#website","url":"https:\/\/www.csj-emballages.com\/pt-pt\/","name":"CSJ Emballages","description":"","publisher":{"@id":"https:\/\/www.csj-emballages.com\/pt-pt\/#organization"},"potentialAction":[{"@type":"SearchAction","target":{"@type":"EntryPoint","urlTemplate":"https:\/\/www.csj-emballages.com\/pt-pt\/?s={search_term_string}"},"query-input":{"@type":"PropertyValueSpecification","valueRequired":true,"valueName":"search_term_string"}}],"inLanguage":"pt-PT"},{"@type":"Organization","@id":"https:\/\/www.csj-emballages.com\/pt-pt\/#Organization\/","name":"CSJ Emballages","url":"https:\/\/www.csj-emballages.com\/pt-pt\/","logo":{"@type":"ImageObject","inLanguage":"pt-PT","@id":"https:\/\/www.csj-emballages.com\/pt-pt\/#\/schema\/logo\/image\/","url":"https:\/\/www.csj-emballages.com\/wp-content\/uploads\/2023\/10\/logo_csj.webp","contentUrl":"https:\/\/www.csj-emballages.com\/wp-content\/uploads\/2023\/10\/logo_csj.webp","width":250,"height":95,"caption":"CSJ Emballages"},"image":{"@id":"https:\/\/www.csj-emballages.com\/pt-pt\/#\/schema\/logo\/image\/"},"sameAs":["https:\/\/www.facebook.com\/csjemballages"],"address":{"@type":"PostalAddress","streetAddress":"ZI La Lechere","addressLocality":"Patornay","postalCode":"39130","addressCountry":"FR"},"contactPoint":[{"@type":"ContactPoint","contactType":"Service client","telephone":"0384254272","email":"contact@csj-emballages.com"}]}]}},"df_price":34.5,"df_sale_price":"","df_regular_price":34.5,"df_image_link":"https:\/\/www.csj-emballages.com\/wp-content\/uploads\/2024\/03\/KIT41RLUX-300x300.webp","tiered_pricing_type":"fixed","tiered_pricing_fixed_rules":[],"tiered_pricing_percentage_rules":[],"tiered_pricing_minimum":1,"tiered_pricing_roles_data":[],"_links":{"self":[{"href":"https:\/\/www.csj-emballages.com\/pt-pt\/wp-json\/wp\/v2\/product\/21838","targetHints":{"allow":["GET"]}}],"collection":[{"href":"https:\/\/www.csj-emballages.com\/pt-pt\/wp-json\/wp\/v2\/product"}],"about":[{"href":"https:\/\/www.csj-emballages.com\/pt-pt\/wp-json\/wp\/v2\/types\/product"}],"wp:featuredmedia":[{"embeddable":true,"href":"https:\/\/www.csj-emballages.com\/pt-pt\/wp-json\/wp\/v2\/media\/256986"}],"wp:attachment":[{"href":"https:\/\/www.csj-emballages.com\/pt-pt\/wp-json\/wp\/v2\/media?parent=21838"}],"wp:term":[{"taxonomy":"product_brand","embeddable":true,"href":"https:\/\/www.csj-emballages.com\/pt-pt\/wp-json\/wp\/v2\/product_brand?post=21838"},{"taxonomy":"product_cat","embeddable":true,"href":"https:\/\/www.csj-emballages.com\/pt-pt\/wp-json\/wp\/v2\/product_cat?post=21838"},{"taxonomy":"product_tag","embeddable":true,"href":"https:\/\/www.csj-emballages.com\/pt-pt\/wp-json\/wp\/v2\/product_tag?post=21838"}],"curies":[{"name":"wp","href":"https:\/\/api.w.org\/{rel}","templated":true}]}}