{"id":21817,"date":"2024-03-01T16:51:57","date_gmt":"2024-03-01T15:51:57","guid":{"rendered":"https:\/\/u15jnbdpoq.preview.infomaniak.website\/produit\/kit-de-bomba-doseadora-de-20-ml-para-recipiente-de-5l\/"},"modified":"2026-04-17T02:14:17","modified_gmt":"2026-04-17T00:14:17","slug":"kit-de-bomba-doseadora-de-20-ml-para-recipiente-de-5l","status":"publish","type":"product","link":"https:\/\/www.csj-emballages.com\/pt-pt\/produit\/kit-de-bomba-doseadora-de-20-ml-para-recipiente-de-5l\/","title":{"rendered":"Bomba doseadora manual de 20 ml Lata de 5L"},"content":{"rendered":"<h2 class=\"p1\">Bomba para bid\u00f5es de 5L<\/h2>\n<hr>\n<h3>Descri\u00e7\u00e3o da nossa bomba doseadora manual 5L 20 ml<span class=\"Apple-converted-space\"> <\/span><\/h3>\n<h3><!--more--><\/h3>\n<div class=\"flex max-w-full flex-col flex-grow\">\n<div class=\"min-h-8 text-message flex w-full flex-col items-end gap-2 whitespace-normal break-words text-start [.text-message+&amp;]:mt-5\" dir=\"auto\" data-message-author-role=\"assistant\" data-message-id=\"266ca6f3-5e07-4948-bd20-80ac5e6da4a5\" data-message-model-slug=\"gpt-4o\">\n<div class=\"flex w-full flex-col gap-1 empty:hidden first:pt-[3px]\">\n<div class=\"markdown prose w-full break-words dark:prose-invert dark\">\n<p data-start=\"245\" data-end=\"586\">Facilite o seu trabalho quotidiano com esta <strong>bomba manual<\/strong> para <strong>latas de 20 ml 5L<\/strong>, especialmente concebida para <strong>latas de 5 litros<\/strong>. Pr\u00e1tica, simples e eficaz, fornece precisamente <strong>20 ml<\/strong> de produto de <strong>cada vez que \u00e9 premida<\/strong>, para que n\u00e3o tenha de levantar ou inclinar as suas latas, que s\u00e3o frequentemente pesadas e dif\u00edceis de manusear. <\/p>\n<p data-start=\"588\" data-end=\"937\">Compat\u00edvel com <strong>latas com gargalo de 42 mm<\/strong>, esta <strong>bomba manual<\/strong> adapta-se facilmente e sem esfor\u00e7o e mant\u00e9m-se no lugar, mesmo com uma utiliza\u00e7\u00e3o frequente. \u00c9 ideal para distribuir com precis\u00e3o produtos como sab\u00e3o l\u00edquido, creme, detergentes dilu\u00edveis, solu\u00e7\u00f5es de limpeza e certos produtos alimentares n\u00e3o viscosos. <\/p>\n<p data-start=\"939\" data-end=\"1260\">Seja no local de trabalho &#8211; cozinha, laborat\u00f3rio, oficina, centro comunit\u00e1rio, cabeleireiro ou sal\u00e3o de beleza &#8211; ou em casa, esta <strong>bomba<\/strong> poupa tempo e confus\u00e3o e evita o desperd\u00edcio. Tamb\u00e9m facilita o cumprimento das dosagens recomendadas, especialmente para produtos concentrados que precisam de ser dilu\u00eddos. <\/p>\n<p data-start=\"1262\" data-end=\"1466\">O seu design robusto e resistente garante uma utiliza\u00e7\u00e3o duradoura, mesmo em ambientes exigentes. Basta um aperto para obter a dose certa, sem esfor\u00e7o, sem sujidade e sem se sujar. <\/p>\n<p data-start=\"1468\" data-end=\"1580\">Chega de latas com fugas ou de ter de as manusear com as duas m\u00e3os: esta <strong>bomba manual para bid\u00f5es de 5 L<\/strong> facilita a vida todos os dias.<\/p>\n<h3><\/h3>\n<\/div>\n<\/div>\n<\/div>\n<\/div>\n<p><!--more--><\/p>\n<h4>Vantagens:<\/h4>\n<ul>\n<li>Dosagem exacta de 20 ml por press\u00e3o.<\/li>\n<li>Compat\u00edvel com latas de 5 L &#8211; anel de 42 mm.<\/li>\n<li>Evita o manuseamento pesado ou confuso.<\/li>\n<li>Reduz as perdas e o desperd\u00edcio.<\/li>\n<li>Ideal para produtos de higiene e limpeza.<\/li>\n<\/ul>\n<p>&nbsp;<\/p>\n<p><!--more--><\/p>\n<h4>Outras informa\u00e7\u00f5es :<\/h4>\n<ul>\n<li><strong>Embalagem<\/strong>: Vendido individualmente<\/li>\n<li><strong>Di\u00e2metro do anel<\/strong>: 42 mm<\/li>\n<li><b>Cor: <\/b>Branco<\/li>\n<li><strong>Material<\/strong>: Polipropileno<\/li>\n<li><strong>Compatibilidade<\/strong>: Lata de 5L<\/li>\n<\/ul>\n<p>&nbsp;<\/p>\n<p><!--more--><\/p>\n<p><a href=\"https:\/\/www.csj-emballages.com\/pt-pt\/categorie-produit\/higiene-e-manutencao\/acessorios\/\">V\u00ea o resto da nossa gama de acess\u00f3rios de higiene<\/a><\/p>\n","protected":false},"excerpt":{"rendered":"<p>Bomba para bid\u00f5es de 5L Descri\u00e7\u00e3o da nossa bomba doseadora manual 5L 20 ml<\/p>\n","protected":false},"featured_media":238646,"template":"","meta":{"_acf_changed":false},"product_brand":[],"product_cat":[1222,1709],"product_tag":[],"class_list":{"0":"post-21817","1":"product","2":"type-product","3":"status-publish","4":"has-post-thumbnail","6":"product_cat-higiene-e-manutencao","7":"product_cat-acessorios","9":"first","10":"instock","11":"taxable","12":"shipping-taxable","13":"purchasable","14":"product-type-simple"},"acf":[],"yoast_head":"<!-- This site is optimized with the Yoast SEO Premium plugin v26.6 (Yoast SEO v26.6) - https:\/\/yoast.com\/wordpress\/plugins\/seo\/ -->\n<title>Bomba doseadora manual de 20 ml para recipiente de 5L<\/title>\n<meta name=\"description\" content=\"Bomba doseadora manual de 20 ml para bid\u00e3o de 5L - Pr\u00e1tica e precisa, permite um doseamento controlado sem desperd\u00edcio. Ideal para produtos de limpeza.\" \/>\n<meta name=\"robots\" content=\"index, follow, max-snippet:-1, max-image-preview:large, max-video-preview:-1\" \/>\n<link rel=\"canonical\" href=\"https:\/\/www.csj-emballages.com\/pt-pt\/produit\/kit-de-bomba-doseadora-de-20-ml-para-recipiente-de-5l\/\" \/>\n<meta property=\"og:locale\" content=\"pt_PT\" \/>\n<meta property=\"og:type\" content=\"article\" \/>\n<meta property=\"og:title\" content=\"Bomba doseadora manual de 20 ml Lata de 5L\" \/>\n<meta property=\"og:description\" content=\"Bomba doseadora manual de 20 ml para bid\u00e3o de 5L - Pr\u00e1tica e precisa, permite um doseamento controlado sem desperd\u00edcio. Ideal para produtos de limpeza.\" \/>\n<meta property=\"og:url\" content=\"https:\/\/www.csj-emballages.com\/pt-pt\/produit\/kit-de-bomba-doseadora-de-20-ml-para-recipiente-de-5l\/\" \/>\n<meta property=\"og:site_name\" content=\"CSJ Emballages\" \/>\n<meta property=\"article:publisher\" content=\"https:\/\/www.facebook.com\/csjemballages\" \/>\n<meta property=\"article:modified_time\" content=\"2026-04-17T00:14:17+00:00\" \/>\n<meta property=\"og:image\" content=\"https:\/\/www.csj-emballages.com\/wp-content\/uploads\/2024\/03\/KIT5L.webp\" \/>\n\t<meta property=\"og:image:width\" content=\"800\" \/>\n\t<meta property=\"og:image:height\" content=\"800\" \/>\n\t<meta property=\"og:image:type\" content=\"image\/webp\" \/>\n<meta name=\"twitter:card\" content=\"summary_large_image\" \/>\n<meta name=\"twitter:label1\" content=\"Tempo estimado de leitura\" \/>\n\t<meta name=\"twitter:data1\" content=\"2 minutos\" \/>\n<script type=\"application\/ld+json\" class=\"yoast-schema-graph\">{\"@context\":\"https:\/\/schema.org\",\"@graph\":[{\"@type\":\"WebPage\",\"@id\":\"https:\/\/www.csj-emballages.com\/pt-pt\/produit\/kit-de-bomba-doseadora-de-20-ml-para-recipiente-de-5l\/\",\"url\":\"https:\/\/www.csj-emballages.com\/pt-pt\/produit\/kit-de-bomba-doseadora-de-20-ml-para-recipiente-de-5l\/\",\"name\":\"Bomba doseadora manual de 20 ml para recipiente de 5L\",\"isPartOf\":{\"@id\":\"https:\/\/www.csj-emballages.com\/pt-pt\/#website\"},\"primaryImageOfPage\":{\"@id\":\"https:\/\/www.csj-emballages.com\/pt-pt\/produit\/kit-de-bomba-doseadora-de-20-ml-para-recipiente-de-5l\/#primaryimage\"},\"image\":{\"@id\":\"https:\/\/www.csj-emballages.com\/pt-pt\/produit\/kit-de-bomba-doseadora-de-20-ml-para-recipiente-de-5l\/#primaryimage\"},\"thumbnailUrl\":\"https:\/\/www.csj-emballages.com\/wp-content\/uploads\/2024\/03\/KIT5L.webp\",\"datePublished\":\"2024-03-01T15:51:57+00:00\",\"dateModified\":\"2026-04-17T00:14:17+00:00\",\"description\":\"Bomba doseadora manual de 20 ml para bid\u00e3o de 5L - Pr\u00e1tica e precisa, permite um doseamento controlado sem desperd\u00edcio. Ideal para produtos de limpeza.\",\"breadcrumb\":{\"@id\":\"https:\/\/www.csj-emballages.com\/pt-pt\/produit\/kit-de-bomba-doseadora-de-20-ml-para-recipiente-de-5l\/#breadcrumb\"},\"inLanguage\":\"pt-PT\",\"potentialAction\":[{\"@type\":\"ReadAction\",\"target\":[\"https:\/\/www.csj-emballages.com\/pt-pt\/produit\/kit-de-bomba-doseadora-de-20-ml-para-recipiente-de-5l\/\"]}]},{\"@type\":\"ImageObject\",\"inLanguage\":\"pt-PT\",\"@id\":\"https:\/\/www.csj-emballages.com\/pt-pt\/produit\/kit-de-bomba-doseadora-de-20-ml-para-recipiente-de-5l\/#primaryimage\",\"url\":\"https:\/\/www.csj-emballages.com\/wp-content\/uploads\/2024\/03\/KIT5L.webp\",\"contentUrl\":\"https:\/\/www.csj-emballages.com\/wp-content\/uploads\/2024\/03\/KIT5L.webp\",\"width\":800,\"height\":800,\"caption\":\"Pompe bidon 5L\u00a0\"},{\"@type\":\"BreadcrumbList\",\"@id\":\"https:\/\/www.csj-emballages.com\/pt-pt\/produit\/kit-de-bomba-doseadora-de-20-ml-para-recipiente-de-5l\/#breadcrumb\",\"itemListElement\":[{\"@type\":\"ListItem\",\"position\":1,\"name\":\"Acolhimento\",\"item\":\"https:\/\/www.csj-emballages.com\/pt-pt\/universo-das-embalagens-alimentares\/\"},{\"@type\":\"ListItem\",\"position\":2,\"name\":\"Shop\",\"item\":\"https:\/\/www.csj-emballages.com\/shop\/\"},{\"@type\":\"ListItem\",\"position\":3,\"name\":\"Bomba doseadora manual de 20 ml Lata de 5L\"}]},{\"@type\":\"WebSite\",\"@id\":\"https:\/\/www.csj-emballages.com\/pt-pt\/#website\",\"url\":\"https:\/\/www.csj-emballages.com\/pt-pt\/\",\"name\":\"CSJ Emballages\",\"description\":\"\",\"publisher\":{\"@id\":\"https:\/\/www.csj-emballages.com\/pt-pt\/#organization\"},\"potentialAction\":[{\"@type\":\"SearchAction\",\"target\":{\"@type\":\"EntryPoint\",\"urlTemplate\":\"https:\/\/www.csj-emballages.com\/pt-pt\/?s={search_term_string}\"},\"query-input\":{\"@type\":\"PropertyValueSpecification\",\"valueRequired\":true,\"valueName\":\"search_term_string\"}}],\"inLanguage\":\"pt-PT\"},{\"@type\":\"Organization\",\"@id\":\"https:\/\/www.csj-emballages.com\/pt-pt\/#Organization\/\",\"name\":\"CSJ Emballages\",\"url\":\"https:\/\/www.csj-emballages.com\/pt-pt\/\",\"logo\":{\"@type\":\"ImageObject\",\"inLanguage\":\"pt-PT\",\"@id\":\"https:\/\/www.csj-emballages.com\/pt-pt\/#\/schema\/logo\/image\/\",\"url\":\"https:\/\/www.csj-emballages.com\/wp-content\/uploads\/2023\/10\/logo_csj.webp\",\"contentUrl\":\"https:\/\/www.csj-emballages.com\/wp-content\/uploads\/2023\/10\/logo_csj.webp\",\"width\":250,\"height\":95,\"caption\":\"CSJ Emballages\"},\"image\":{\"@id\":\"https:\/\/www.csj-emballages.com\/pt-pt\/#\/schema\/logo\/image\/\"},\"sameAs\":[\"https:\/\/www.facebook.com\/csjemballages\"],\"address\":{\"@type\":\"PostalAddress\",\"streetAddress\":\"ZI La Lechere\",\"addressLocality\":\"Patornay\",\"postalCode\":\"39130\",\"addressCountry\":\"FR\"},\"contactPoint\":[{\"@type\":\"ContactPoint\",\"contactType\":\"Service client\",\"telephone\":\"0384254272\",\"email\":\"contact@csj-emballages.com\"}]}]}<\/script>\n<!-- \/ Yoast SEO Premium plugin. -->","yoast_head_json":{"title":"Bomba doseadora manual de 20 ml para recipiente de 5L","description":"Bomba doseadora manual de 20 ml para bid\u00e3o de 5L - Pr\u00e1tica e precisa, permite um doseamento controlado sem desperd\u00edcio. Ideal para produtos de limpeza.","robots":{"index":"index","follow":"follow","max-snippet":"max-snippet:-1","max-image-preview":"max-image-preview:large","max-video-preview":"max-video-preview:-1"},"canonical":"https:\/\/www.csj-emballages.com\/pt-pt\/produit\/kit-de-bomba-doseadora-de-20-ml-para-recipiente-de-5l\/","og_locale":"pt_PT","og_type":"article","og_title":"Bomba doseadora manual de 20 ml Lata de 5L","og_description":"Bomba doseadora manual de 20 ml para bid\u00e3o de 5L - Pr\u00e1tica e precisa, permite um doseamento controlado sem desperd\u00edcio. Ideal para produtos de limpeza.","og_url":"https:\/\/www.csj-emballages.com\/pt-pt\/produit\/kit-de-bomba-doseadora-de-20-ml-para-recipiente-de-5l\/","og_site_name":"CSJ Emballages","article_publisher":"https:\/\/www.facebook.com\/csjemballages","article_modified_time":"2026-04-17T00:14:17+00:00","og_image":[{"width":800,"height":800,"url":"https:\/\/www.csj-emballages.com\/wp-content\/uploads\/2024\/03\/KIT5L.webp","type":"image\/webp"}],"twitter_card":"summary_large_image","twitter_misc":{"Tempo estimado de leitura":"2 minutos"},"schema":{"@context":"https:\/\/schema.org","@graph":[{"@type":"WebPage","@id":"https:\/\/www.csj-emballages.com\/pt-pt\/produit\/kit-de-bomba-doseadora-de-20-ml-para-recipiente-de-5l\/","url":"https:\/\/www.csj-emballages.com\/pt-pt\/produit\/kit-de-bomba-doseadora-de-20-ml-para-recipiente-de-5l\/","name":"Bomba doseadora manual de 20 ml para recipiente de 5L","isPartOf":{"@id":"https:\/\/www.csj-emballages.com\/pt-pt\/#website"},"primaryImageOfPage":{"@id":"https:\/\/www.csj-emballages.com\/pt-pt\/produit\/kit-de-bomba-doseadora-de-20-ml-para-recipiente-de-5l\/#primaryimage"},"image":{"@id":"https:\/\/www.csj-emballages.com\/pt-pt\/produit\/kit-de-bomba-doseadora-de-20-ml-para-recipiente-de-5l\/#primaryimage"},"thumbnailUrl":"https:\/\/www.csj-emballages.com\/wp-content\/uploads\/2024\/03\/KIT5L.webp","datePublished":"2024-03-01T15:51:57+00:00","dateModified":"2026-04-17T00:14:17+00:00","description":"Bomba doseadora manual de 20 ml para bid\u00e3o de 5L - Pr\u00e1tica e precisa, permite um doseamento controlado sem desperd\u00edcio. Ideal para produtos de limpeza.","breadcrumb":{"@id":"https:\/\/www.csj-emballages.com\/pt-pt\/produit\/kit-de-bomba-doseadora-de-20-ml-para-recipiente-de-5l\/#breadcrumb"},"inLanguage":"pt-PT","potentialAction":[{"@type":"ReadAction","target":["https:\/\/www.csj-emballages.com\/pt-pt\/produit\/kit-de-bomba-doseadora-de-20-ml-para-recipiente-de-5l\/"]}]},{"@type":"ImageObject","inLanguage":"pt-PT","@id":"https:\/\/www.csj-emballages.com\/pt-pt\/produit\/kit-de-bomba-doseadora-de-20-ml-para-recipiente-de-5l\/#primaryimage","url":"https:\/\/www.csj-emballages.com\/wp-content\/uploads\/2024\/03\/KIT5L.webp","contentUrl":"https:\/\/www.csj-emballages.com\/wp-content\/uploads\/2024\/03\/KIT5L.webp","width":800,"height":800,"caption":"Pompe bidon 5L\u00a0"},{"@type":"BreadcrumbList","@id":"https:\/\/www.csj-emballages.com\/pt-pt\/produit\/kit-de-bomba-doseadora-de-20-ml-para-recipiente-de-5l\/#breadcrumb","itemListElement":[{"@type":"ListItem","position":1,"name":"Acolhimento","item":"https:\/\/www.csj-emballages.com\/pt-pt\/universo-das-embalagens-alimentares\/"},{"@type":"ListItem","position":2,"name":"Shop","item":"https:\/\/www.csj-emballages.com\/shop\/"},{"@type":"ListItem","position":3,"name":"Bomba doseadora manual de 20 ml Lata de 5L"}]},{"@type":"WebSite","@id":"https:\/\/www.csj-emballages.com\/pt-pt\/#website","url":"https:\/\/www.csj-emballages.com\/pt-pt\/","name":"CSJ Emballages","description":"","publisher":{"@id":"https:\/\/www.csj-emballages.com\/pt-pt\/#organization"},"potentialAction":[{"@type":"SearchAction","target":{"@type":"EntryPoint","urlTemplate":"https:\/\/www.csj-emballages.com\/pt-pt\/?s={search_term_string}"},"query-input":{"@type":"PropertyValueSpecification","valueRequired":true,"valueName":"search_term_string"}}],"inLanguage":"pt-PT"},{"@type":"Organization","@id":"https:\/\/www.csj-emballages.com\/pt-pt\/#Organization\/","name":"CSJ Emballages","url":"https:\/\/www.csj-emballages.com\/pt-pt\/","logo":{"@type":"ImageObject","inLanguage":"pt-PT","@id":"https:\/\/www.csj-emballages.com\/pt-pt\/#\/schema\/logo\/image\/","url":"https:\/\/www.csj-emballages.com\/wp-content\/uploads\/2023\/10\/logo_csj.webp","contentUrl":"https:\/\/www.csj-emballages.com\/wp-content\/uploads\/2023\/10\/logo_csj.webp","width":250,"height":95,"caption":"CSJ Emballages"},"image":{"@id":"https:\/\/www.csj-emballages.com\/pt-pt\/#\/schema\/logo\/image\/"},"sameAs":["https:\/\/www.facebook.com\/csjemballages"],"address":{"@type":"PostalAddress","streetAddress":"ZI La Lechere","addressLocality":"Patornay","postalCode":"39130","addressCountry":"FR"},"contactPoint":[{"@type":"ContactPoint","contactType":"Service client","telephone":"0384254272","email":"contact@csj-emballages.com"}]}]}},"df_price":5.89,"df_sale_price":"","df_regular_price":5.89,"df_image_link":"https:\/\/www.csj-emballages.com\/wp-content\/uploads\/2024\/03\/KIT5L-300x300.webp","tiered_pricing_type":"fixed","tiered_pricing_fixed_rules":[],"tiered_pricing_percentage_rules":[],"tiered_pricing_minimum":1,"tiered_pricing_roles_data":[],"_links":{"self":[{"href":"https:\/\/www.csj-emballages.com\/pt-pt\/wp-json\/wp\/v2\/product\/21817","targetHints":{"allow":["GET"]}}],"collection":[{"href":"https:\/\/www.csj-emballages.com\/pt-pt\/wp-json\/wp\/v2\/product"}],"about":[{"href":"https:\/\/www.csj-emballages.com\/pt-pt\/wp-json\/wp\/v2\/types\/product"}],"wp:featuredmedia":[{"embeddable":true,"href":"https:\/\/www.csj-emballages.com\/pt-pt\/wp-json\/wp\/v2\/media\/238646"}],"wp:attachment":[{"href":"https:\/\/www.csj-emballages.com\/pt-pt\/wp-json\/wp\/v2\/media?parent=21817"}],"wp:term":[{"taxonomy":"product_brand","embeddable":true,"href":"https:\/\/www.csj-emballages.com\/pt-pt\/wp-json\/wp\/v2\/product_brand?post=21817"},{"taxonomy":"product_cat","embeddable":true,"href":"https:\/\/www.csj-emballages.com\/pt-pt\/wp-json\/wp\/v2\/product_cat?post=21817"},{"taxonomy":"product_tag","embeddable":true,"href":"https:\/\/www.csj-emballages.com\/pt-pt\/wp-json\/wp\/v2\/product_tag?post=21817"}],"curies":[{"name":"wp","href":"https:\/\/api.w.org\/{rel}","templated":true}]}}