{"id":21812,"date":"2024-03-01T16:51:57","date_gmt":"2024-03-01T15:51:57","guid":{"rendered":"https:\/\/u15jnbdpoq.preview.infomaniak.website\/produit\/250-conjuntos-de-talheres-de-madeira-facas-garfos-guardanapos-colheres-saleiro\/"},"modified":"2026-04-30T02:14:12","modified_gmt":"2026-04-30T00:14:12","slug":"250-conjuntos-de-talheres-de-madeira-facas-garfos-guardanapos-colheres-saleiro","status":"publish","type":"product","link":"https:\/\/www.csj-emballages.com\/pt-pt\/produit\/250-conjuntos-de-talheres-de-madeira-facas-garfos-guardanapos-colheres-saleiro\/","title":{"rendered":"Kit de talheres de madeira facas + garfos + guardanapos + colheres + sal + pimenta"},"content":{"rendered":"<h2>Conjunto de talheres em madeira<\/h2>\n<hr>\n<h3>Descubra o nosso kit de talheres de madeira facas + garfos + guardanapos + colheres + sal + pimenta por 250<\/h3>\n<p><!--more--><\/p>\n<p data-start=\"229\" data-end=\"621\">Se procura uma solu\u00e7\u00e3o simples, limpa e totalmente pronta a utilizar para as suas refei\u00e7\u00f5es takeaway, este <strong>conjunto de talheres de madeira<\/strong> tornar-se-\u00e1 rapidamente o seu melhor aliado. Cada conjunto inclui <strong data-start=\"427\" data-end=\"471\">uma faca, um garfo, uma colher, um guardanapo<\/strong> e um pouco de <strong data-start=\"501\" data-end=\"521\">sal e pimenta<\/strong>. De facto, tudo j\u00e1 est\u00e1 montado, embalado e concebido para facilitar a sua tarefa e a dos seus clientes.  <\/p>\n<p data-start=\"623\" data-end=\"897\">Gra\u00e7as a este <strong>formato completo<\/strong>, j\u00e1 n\u00e3o precisa de escolher entre v\u00e1rias caixas ou recompor kits manualmente: poupa tempo em cada encomenda. \u00c9 o tipo de pequeno pormenor que muda a vida durante as sess\u00f5es de trabalho ou eventos em que tudo tem de ser r\u00e1pido. <\/p>\n<p data-start=\"899\" data-end=\"1306\">Os <strong>talheres<\/strong> s\u00e3o tamb\u00e9m feitos de <strong>madeira macia<\/strong>, agrad\u00e1vel ao tato e suficientemente forte para acompanhar uma salada fresca ou um prato quente mais substancial. Oferecem uma alternativa natural e muito mais gratificante aos talheres descart\u00e1veis tradicionais. Acompanhados de um <strong>guardanapo macio<\/strong> e de condimentos individuais, criam um conjunto limpo, completo e tranquilizador para o cliente.  <\/p>\n<p data-start=\"1308\" data-end=\"1634\">Como o <strong>kit<\/strong> \u00e9 vendido <strong data-start=\"1331\" data-end=\"1342\">por 250<\/strong>, tem um stock confort\u00e1vel para durar v\u00e1rios dias sem reabastecimento. Este formato \u00e9 ideal para restaurantes, food trucks, empresas de catering, cantinas, eventos e todas as estruturas que pretendem oferecer uma solu\u00e7\u00e3o pr\u00e1tica, cuidando ao mesmo tempo da sua imagem eco-respons\u00e1vel.<\/p>\n<p data-start=\"1636\" data-end=\"1834\">Em suma, este <strong>conjunto de talheres de madeira<\/strong> re\u00fane tudo o que precisa num \u00fanico gesto: economia de tempo para si, verdadeiro conforto para os seus clientes e uma apresenta\u00e7\u00e3o cuidada que melhora a experi\u00eancia em torno dos seus pratos.<\/p>\n<p data-start=\"1636\" data-end=\"1834\"><!--more--><\/p>\n<h4>Vantagens :<\/h4>\n<ul>\n<li data-start=\"1862\" data-end=\"1897\"><strong>Conjunto completo<\/strong> pronto a utilizar.<\/li>\n<li data-start=\"1900\" data-end=\"1940\">Talheres de madeira robustos e atractivos.<\/li>\n<li data-start=\"1943\" data-end=\"1977\">Inclui <strong>facas, garfos, colheres<\/strong>, <strong>guardanapos<\/strong> <strong>, sal e pimenta<\/strong>.<\/li>\n<li data-start=\"1980\" data-end=\"2007\">Poupa tempo no servi\u00e7o.<\/li>\n<li data-start=\"2010\" data-end=\"2054\"><strong>Lote de 250<\/strong>, ideal para catering profissional.<\/li>\n<li data-start=\"2057\" data-end=\"2084\">Uma imagem natural e moderna.<\/li>\n<\/ul>\n<p>&nbsp;<\/p>\n<p><!--more--><\/p>\n<h4>Outras informa\u00e7\u00f5es :<\/h4>\n<ul>\n<li><strong>Embalagem<\/strong>: Embalagem de 250 kits<\/li>\n<li><b>Conte\u00fado <\/b>: Facas + garfos + colheres + guardanapos + sal + pimenta<\/li>\n<li><strong>Material<\/strong>: Madeira<\/li>\n<\/ul>\n<p>&nbsp;<\/p>\n<p><!--more--><\/p>\n<p><a href=\"https:\/\/www.csj-emballages.com\/pt-pt\/categorie-produit\/embalagem-de-alimentos\/restauracao\/pratos-talheres-descartaveis-palhinhas\/kits-de-talheres\/kits-de-talheres-biologicos\/\">V\u00ea o resto da nossa gama de kits de talheres de madeira<\/a><\/p>\n","protected":false},"excerpt":{"rendered":"<p>Conjunto de talheres em madeira Descubra o nosso kit de talheres de madeira facas + garfos + guardanapos + colheres + sal + pimenta por 250<\/p>\n","protected":false},"featured_media":256942,"template":"","meta":{"_acf_changed":false},"product_brand":[],"product_cat":[1141,1138,2814,2815,1152,2634],"product_tag":[],"class_list":{"0":"post-21812","1":"product","2":"type-product","3":"status-publish","4":"has-post-thumbnail","6":"product_cat-embalagem-de-alimentos","7":"product_cat-restauracao","8":"product_cat-kits-de-talheres","9":"product_cat-kits-de-talheres-biologicos","10":"product_cat-gama-biologica","11":"product_cat-talheres-organicos","13":"first","14":"instock","15":"taxable","16":"shipping-taxable","17":"purchasable","18":"product-type-simple"},"acf":[],"yoast_head":"<!-- This site is optimized with the Yoast SEO Premium plugin v26.6 (Yoast SEO v26.6) - https:\/\/yoast.com\/wordpress\/plugins\/seo\/ -->\n<title>Conjunto de talheres de madeira - 6 pe\u00e7as<\/title>\n<meta name=\"description\" content=\"Kit de talheres em madeira 250 conjuntos: faca, garfo, colher, guardanapo, sal e pimenta. Prontos a utilizar, pr\u00e1ticos, s\u00f3lidos e perfeitos para a venda de takeaway.\" \/>\n<meta name=\"robots\" content=\"index, follow, max-snippet:-1, max-image-preview:large, max-video-preview:-1\" \/>\n<link rel=\"canonical\" href=\"https:\/\/www.csj-emballages.com\/pt-pt\/produit\/250-conjuntos-de-talheres-de-madeira-facas-garfos-guardanapos-colheres-saleiro\/\" \/>\n<meta property=\"og:locale\" content=\"pt_PT\" \/>\n<meta property=\"og:type\" content=\"article\" \/>\n<meta property=\"og:title\" content=\"Kit de talheres de madeira facas + garfos + guardanapos + colheres + sal + pimenta\" \/>\n<meta property=\"og:description\" content=\"Kit de talheres em madeira 250 conjuntos: faca, garfo, colher, guardanapo, sal e pimenta. Prontos a utilizar, pr\u00e1ticos, s\u00f3lidos e perfeitos para a venda de takeaway.\" \/>\n<meta property=\"og:url\" content=\"https:\/\/www.csj-emballages.com\/pt-pt\/produit\/250-conjuntos-de-talheres-de-madeira-facas-garfos-guardanapos-colheres-saleiro\/\" \/>\n<meta property=\"og:site_name\" content=\"CSJ Emballages\" \/>\n<meta property=\"article:publisher\" content=\"https:\/\/www.facebook.com\/csjemballages\" \/>\n<meta property=\"article:modified_time\" content=\"2026-04-30T00:14:12+00:00\" \/>\n<meta property=\"og:image\" content=\"https:\/\/www.csj-emballages.com\/wp-content\/uploads\/2024\/03\/KIT61BOIS.webp\" \/>\n\t<meta property=\"og:image:width\" content=\"800\" \/>\n\t<meta property=\"og:image:height\" content=\"799\" \/>\n\t<meta property=\"og:image:type\" content=\"image\/webp\" \/>\n<meta name=\"twitter:card\" content=\"summary_large_image\" \/>\n<meta name=\"twitter:label1\" content=\"Tempo estimado de leitura\" \/>\n\t<meta name=\"twitter:data1\" content=\"2 minutos\" \/>\n<script type=\"application\/ld+json\" class=\"yoast-schema-graph\">{\"@context\":\"https:\/\/schema.org\",\"@graph\":[{\"@type\":\"WebPage\",\"@id\":\"https:\/\/www.csj-emballages.com\/pt-pt\/produit\/250-conjuntos-de-talheres-de-madeira-facas-garfos-guardanapos-colheres-saleiro\/\",\"url\":\"https:\/\/www.csj-emballages.com\/pt-pt\/produit\/250-conjuntos-de-talheres-de-madeira-facas-garfos-guardanapos-colheres-saleiro\/\",\"name\":\"Conjunto de talheres de madeira - 6 pe\u00e7as\",\"isPartOf\":{\"@id\":\"https:\/\/www.csj-emballages.com\/pt-pt\/#website\"},\"primaryImageOfPage\":{\"@id\":\"https:\/\/www.csj-emballages.com\/pt-pt\/produit\/250-conjuntos-de-talheres-de-madeira-facas-garfos-guardanapos-colheres-saleiro\/#primaryimage\"},\"image\":{\"@id\":\"https:\/\/www.csj-emballages.com\/pt-pt\/produit\/250-conjuntos-de-talheres-de-madeira-facas-garfos-guardanapos-colheres-saleiro\/#primaryimage\"},\"thumbnailUrl\":\"https:\/\/www.csj-emballages.com\/wp-content\/uploads\/2024\/03\/KIT61BOIS.webp\",\"datePublished\":\"2024-03-01T15:51:57+00:00\",\"dateModified\":\"2026-04-30T00:14:12+00:00\",\"description\":\"Kit de talheres em madeira 250 conjuntos: faca, garfo, colher, guardanapo, sal e pimenta. Prontos a utilizar, pr\u00e1ticos, s\u00f3lidos e perfeitos para a venda de takeaway.\",\"breadcrumb\":{\"@id\":\"https:\/\/www.csj-emballages.com\/pt-pt\/produit\/250-conjuntos-de-talheres-de-madeira-facas-garfos-guardanapos-colheres-saleiro\/#breadcrumb\"},\"inLanguage\":\"pt-PT\",\"potentialAction\":[{\"@type\":\"ReadAction\",\"target\":[\"https:\/\/www.csj-emballages.com\/pt-pt\/produit\/250-conjuntos-de-talheres-de-madeira-facas-garfos-guardanapos-colheres-saleiro\/\"]}]},{\"@type\":\"ImageObject\",\"inLanguage\":\"pt-PT\",\"@id\":\"https:\/\/www.csj-emballages.com\/pt-pt\/produit\/250-conjuntos-de-talheres-de-madeira-facas-garfos-guardanapos-colheres-saleiro\/#primaryimage\",\"url\":\"https:\/\/www.csj-emballages.com\/wp-content\/uploads\/2024\/03\/KIT61BOIS.webp\",\"contentUrl\":\"https:\/\/www.csj-emballages.com\/wp-content\/uploads\/2024\/03\/KIT61BOIS.webp\",\"width\":800,\"height\":799,\"caption\":\"Kit couverts bois\"},{\"@type\":\"BreadcrumbList\",\"@id\":\"https:\/\/www.csj-emballages.com\/pt-pt\/produit\/250-conjuntos-de-talheres-de-madeira-facas-garfos-guardanapos-colheres-saleiro\/#breadcrumb\",\"itemListElement\":[{\"@type\":\"ListItem\",\"position\":1,\"name\":\"Acolhimento\",\"item\":\"https:\/\/www.csj-emballages.com\/pt-pt\/universo-das-embalagens-alimentares\/\"},{\"@type\":\"ListItem\",\"position\":2,\"name\":\"Shop\",\"item\":\"https:\/\/www.csj-emballages.com\/shop\/\"},{\"@type\":\"ListItem\",\"position\":3,\"name\":\"Kit de talheres de madeira facas + garfos + guardanapos + colheres + sal + pimenta\"}]},{\"@type\":\"WebSite\",\"@id\":\"https:\/\/www.csj-emballages.com\/pt-pt\/#website\",\"url\":\"https:\/\/www.csj-emballages.com\/pt-pt\/\",\"name\":\"CSJ Emballages\",\"description\":\"\",\"publisher\":{\"@id\":\"https:\/\/www.csj-emballages.com\/pt-pt\/#organization\"},\"potentialAction\":[{\"@type\":\"SearchAction\",\"target\":{\"@type\":\"EntryPoint\",\"urlTemplate\":\"https:\/\/www.csj-emballages.com\/pt-pt\/?s={search_term_string}\"},\"query-input\":{\"@type\":\"PropertyValueSpecification\",\"valueRequired\":true,\"valueName\":\"search_term_string\"}}],\"inLanguage\":\"pt-PT\"},{\"@type\":\"Organization\",\"@id\":\"https:\/\/www.csj-emballages.com\/pt-pt\/#Organization\/\",\"name\":\"CSJ Emballages\",\"url\":\"https:\/\/www.csj-emballages.com\/pt-pt\/\",\"logo\":{\"@type\":\"ImageObject\",\"inLanguage\":\"pt-PT\",\"@id\":\"https:\/\/www.csj-emballages.com\/pt-pt\/#\/schema\/logo\/image\/\",\"url\":\"https:\/\/www.csj-emballages.com\/wp-content\/uploads\/2023\/10\/logo_csj.webp\",\"contentUrl\":\"https:\/\/www.csj-emballages.com\/wp-content\/uploads\/2023\/10\/logo_csj.webp\",\"width\":250,\"height\":95,\"caption\":\"CSJ Emballages\"},\"image\":{\"@id\":\"https:\/\/www.csj-emballages.com\/pt-pt\/#\/schema\/logo\/image\/\"},\"sameAs\":[\"https:\/\/www.facebook.com\/csjemballages\"],\"address\":{\"@type\":\"PostalAddress\",\"streetAddress\":\"ZI La Lechere\",\"addressLocality\":\"Patornay\",\"postalCode\":\"39130\",\"addressCountry\":\"FR\"},\"contactPoint\":[{\"@type\":\"ContactPoint\",\"contactType\":\"Service client\",\"telephone\":\"0384254272\",\"email\":\"contact@csj-emballages.com\"}]}]}<\/script>\n<!-- \/ Yoast SEO Premium plugin. -->","yoast_head_json":{"title":"Conjunto de talheres de madeira - 6 pe\u00e7as","description":"Kit de talheres em madeira 250 conjuntos: faca, garfo, colher, guardanapo, sal e pimenta. Prontos a utilizar, pr\u00e1ticos, s\u00f3lidos e perfeitos para a venda de takeaway.","robots":{"index":"index","follow":"follow","max-snippet":"max-snippet:-1","max-image-preview":"max-image-preview:large","max-video-preview":"max-video-preview:-1"},"canonical":"https:\/\/www.csj-emballages.com\/pt-pt\/produit\/250-conjuntos-de-talheres-de-madeira-facas-garfos-guardanapos-colheres-saleiro\/","og_locale":"pt_PT","og_type":"article","og_title":"Kit de talheres de madeira facas + garfos + guardanapos + colheres + sal + pimenta","og_description":"Kit de talheres em madeira 250 conjuntos: faca, garfo, colher, guardanapo, sal e pimenta. Prontos a utilizar, pr\u00e1ticos, s\u00f3lidos e perfeitos para a venda de takeaway.","og_url":"https:\/\/www.csj-emballages.com\/pt-pt\/produit\/250-conjuntos-de-talheres-de-madeira-facas-garfos-guardanapos-colheres-saleiro\/","og_site_name":"CSJ Emballages","article_publisher":"https:\/\/www.facebook.com\/csjemballages","article_modified_time":"2026-04-30T00:14:12+00:00","og_image":[{"width":800,"height":799,"url":"https:\/\/www.csj-emballages.com\/wp-content\/uploads\/2024\/03\/KIT61BOIS.webp","type":"image\/webp"}],"twitter_card":"summary_large_image","twitter_misc":{"Tempo estimado de leitura":"2 minutos"},"schema":{"@context":"https:\/\/schema.org","@graph":[{"@type":"WebPage","@id":"https:\/\/www.csj-emballages.com\/pt-pt\/produit\/250-conjuntos-de-talheres-de-madeira-facas-garfos-guardanapos-colheres-saleiro\/","url":"https:\/\/www.csj-emballages.com\/pt-pt\/produit\/250-conjuntos-de-talheres-de-madeira-facas-garfos-guardanapos-colheres-saleiro\/","name":"Conjunto de talheres de madeira - 6 pe\u00e7as","isPartOf":{"@id":"https:\/\/www.csj-emballages.com\/pt-pt\/#website"},"primaryImageOfPage":{"@id":"https:\/\/www.csj-emballages.com\/pt-pt\/produit\/250-conjuntos-de-talheres-de-madeira-facas-garfos-guardanapos-colheres-saleiro\/#primaryimage"},"image":{"@id":"https:\/\/www.csj-emballages.com\/pt-pt\/produit\/250-conjuntos-de-talheres-de-madeira-facas-garfos-guardanapos-colheres-saleiro\/#primaryimage"},"thumbnailUrl":"https:\/\/www.csj-emballages.com\/wp-content\/uploads\/2024\/03\/KIT61BOIS.webp","datePublished":"2024-03-01T15:51:57+00:00","dateModified":"2026-04-30T00:14:12+00:00","description":"Kit de talheres em madeira 250 conjuntos: faca, garfo, colher, guardanapo, sal e pimenta. Prontos a utilizar, pr\u00e1ticos, s\u00f3lidos e perfeitos para a venda de takeaway.","breadcrumb":{"@id":"https:\/\/www.csj-emballages.com\/pt-pt\/produit\/250-conjuntos-de-talheres-de-madeira-facas-garfos-guardanapos-colheres-saleiro\/#breadcrumb"},"inLanguage":"pt-PT","potentialAction":[{"@type":"ReadAction","target":["https:\/\/www.csj-emballages.com\/pt-pt\/produit\/250-conjuntos-de-talheres-de-madeira-facas-garfos-guardanapos-colheres-saleiro\/"]}]},{"@type":"ImageObject","inLanguage":"pt-PT","@id":"https:\/\/www.csj-emballages.com\/pt-pt\/produit\/250-conjuntos-de-talheres-de-madeira-facas-garfos-guardanapos-colheres-saleiro\/#primaryimage","url":"https:\/\/www.csj-emballages.com\/wp-content\/uploads\/2024\/03\/KIT61BOIS.webp","contentUrl":"https:\/\/www.csj-emballages.com\/wp-content\/uploads\/2024\/03\/KIT61BOIS.webp","width":800,"height":799,"caption":"Kit couverts bois"},{"@type":"BreadcrumbList","@id":"https:\/\/www.csj-emballages.com\/pt-pt\/produit\/250-conjuntos-de-talheres-de-madeira-facas-garfos-guardanapos-colheres-saleiro\/#breadcrumb","itemListElement":[{"@type":"ListItem","position":1,"name":"Acolhimento","item":"https:\/\/www.csj-emballages.com\/pt-pt\/universo-das-embalagens-alimentares\/"},{"@type":"ListItem","position":2,"name":"Shop","item":"https:\/\/www.csj-emballages.com\/shop\/"},{"@type":"ListItem","position":3,"name":"Kit de talheres de madeira facas + garfos + guardanapos + colheres + sal + pimenta"}]},{"@type":"WebSite","@id":"https:\/\/www.csj-emballages.com\/pt-pt\/#website","url":"https:\/\/www.csj-emballages.com\/pt-pt\/","name":"CSJ Emballages","description":"","publisher":{"@id":"https:\/\/www.csj-emballages.com\/pt-pt\/#organization"},"potentialAction":[{"@type":"SearchAction","target":{"@type":"EntryPoint","urlTemplate":"https:\/\/www.csj-emballages.com\/pt-pt\/?s={search_term_string}"},"query-input":{"@type":"PropertyValueSpecification","valueRequired":true,"valueName":"search_term_string"}}],"inLanguage":"pt-PT"},{"@type":"Organization","@id":"https:\/\/www.csj-emballages.com\/pt-pt\/#Organization\/","name":"CSJ Emballages","url":"https:\/\/www.csj-emballages.com\/pt-pt\/","logo":{"@type":"ImageObject","inLanguage":"pt-PT","@id":"https:\/\/www.csj-emballages.com\/pt-pt\/#\/schema\/logo\/image\/","url":"https:\/\/www.csj-emballages.com\/wp-content\/uploads\/2023\/10\/logo_csj.webp","contentUrl":"https:\/\/www.csj-emballages.com\/wp-content\/uploads\/2023\/10\/logo_csj.webp","width":250,"height":95,"caption":"CSJ Emballages"},"image":{"@id":"https:\/\/www.csj-emballages.com\/pt-pt\/#\/schema\/logo\/image\/"},"sameAs":["https:\/\/www.facebook.com\/csjemballages"],"address":{"@type":"PostalAddress","streetAddress":"ZI La Lechere","addressLocality":"Patornay","postalCode":"39130","addressCountry":"FR"},"contactPoint":[{"@type":"ContactPoint","contactType":"Service client","telephone":"0384254272","email":"contact@csj-emballages.com"}]}]}},"df_price":29.22,"df_sale_price":"","df_regular_price":29.22,"df_image_link":"https:\/\/www.csj-emballages.com\/wp-content\/uploads\/2024\/03\/KIT61BOIS-300x300.webp","tiered_pricing_type":"fixed","tiered_pricing_fixed_rules":[],"tiered_pricing_percentage_rules":[],"tiered_pricing_minimum":1,"tiered_pricing_roles_data":[],"_links":{"self":[{"href":"https:\/\/www.csj-emballages.com\/pt-pt\/wp-json\/wp\/v2\/product\/21812","targetHints":{"allow":["GET"]}}],"collection":[{"href":"https:\/\/www.csj-emballages.com\/pt-pt\/wp-json\/wp\/v2\/product"}],"about":[{"href":"https:\/\/www.csj-emballages.com\/pt-pt\/wp-json\/wp\/v2\/types\/product"}],"wp:featuredmedia":[{"embeddable":true,"href":"https:\/\/www.csj-emballages.com\/pt-pt\/wp-json\/wp\/v2\/media\/256942"}],"wp:attachment":[{"href":"https:\/\/www.csj-emballages.com\/pt-pt\/wp-json\/wp\/v2\/media?parent=21812"}],"wp:term":[{"taxonomy":"product_brand","embeddable":true,"href":"https:\/\/www.csj-emballages.com\/pt-pt\/wp-json\/wp\/v2\/product_brand?post=21812"},{"taxonomy":"product_cat","embeddable":true,"href":"https:\/\/www.csj-emballages.com\/pt-pt\/wp-json\/wp\/v2\/product_cat?post=21812"},{"taxonomy":"product_tag","embeddable":true,"href":"https:\/\/www.csj-emballages.com\/pt-pt\/wp-json\/wp\/v2\/product_tag?post=21812"}],"curies":[{"name":"wp","href":"https:\/\/api.w.org\/{rel}","templated":true}]}}