{"id":21788,"date":"2024-03-01T16:52:01","date_gmt":"2024-03-01T15:52:01","guid":{"rendered":"https:\/\/u15jnbdpoq.preview.infomaniak.website\/produit\/250-sacos-kraft-com-pegas-planas-32-x-21-x-26-cm\/"},"modified":"2026-04-25T02:13:44","modified_gmt":"2026-04-25T00:13:44","slug":"250-sacos-kraft-com-pegas-planas-32-x-21-x-26-cm","status":"publish","type":"product","link":"https:\/\/www.csj-emballages.com\/pt-pt\/produit\/250-sacos-kraft-com-pegas-planas-32-x-21-x-26-cm\/","title":{"rendered":"Saco de papel castanho com pegas planas 32 x 22 x 24 cm por 250"},"content":{"rendered":"<h2 class=\"p1\">Saco de papel<\/h2>\n<hr>\n<h3>Descri\u00e7\u00e3o do nosso saco de compras de papel castanho com pegas planas 32 x 22 x 24 cm por 250<\/h3>\n<p><!--more--><\/p>\n<p data-start=\"343\" data-end=\"743\">Descubra o nosso <strong data-start=\"356\" data-end=\"415\">saco de compras de papel castanho com pegas planas 32 x 22 x 24 cm<\/strong>, indispens\u00e1vel para profissionais da restaura\u00e7\u00e3o, lojas de conveni\u00eancia e artes\u00e3os. Fabricado em <strong data-start=\"599\" data-end=\"621\">papel kraft<\/strong>, este <strong>saco<\/strong> \u00e9 <strong data-start=\"636\" data-end=\"650\">resistente<\/strong> e afirma o seu compromisso com uma abordagem <strong data-start=\"723\" data-end=\"742\">eco-respons\u00e1vel<\/strong>.<\/p>\n<p data-start=\"745\" data-end=\"1159\">Gra\u00e7as \u00e0s suas <strong data-start=\"757\" data-end=\"787\">pegas planas<\/strong>, \u00e9 confort\u00e1vel e seguro de segurar, mesmo quando o saco est\u00e1 cheio. A sua <strong data-start=\"882\" data-end=\"903\">grande capacidade<\/strong> permite-lhe introduzir facilmente <strong data-start=\"936\" data-end=\"952\">caixas de refei\u00e7\u00f5es<\/strong>, <strong data-start=\"958\" data-end=\"972\">tabuleiros<\/strong> ou mesmo <strong data-start=\"988\" data-end=\"1011\">objectos volumosos<\/strong>, sem o risco de se rasgarem. \u00c9 o saco ideal para <strong data-start=\"1066\" data-end=\"1099\">transportar comida para levar<\/strong>, <strong data-start=\"1104\" data-end=\"1131\">produtos de pastelaria<\/strong> e muito mais.<\/p>\n<p data-start=\"1161\" data-end=\"1472\">A sua <strong data-start=\"1165\" data-end=\"1189\">cor castanha natural<\/strong> confere um toque quente e aut\u00eantico, perfeito para lojas que pretendem promover uma imagem artesanal e amiga do ambiente. Al\u00e9m disso, este <strong>saco de papel<\/strong> \u00e9 <strong data-start=\"1363\" data-end=\"1383\">100% recicl\u00e1vel<\/strong> e biodegrad\u00e1vel, o que faz dele uma solu\u00e7\u00e3o de embalagem pr\u00e1tica e sustent\u00e1vel.<\/p>\n<p data-start=\"1474\" data-end=\"1683\">Al\u00e9m disso, fornecido em <strong data-start=\"1484\" data-end=\"1508\">caixas de 250 unidades<\/strong>, garante uma excelente <strong data-start=\"1535\" data-end=\"1559\">rela\u00e7\u00e3o<\/strong> qualidade\/pre\u00e7o e <strong data-start=\"1567\" data-end=\"1600\">uma grande praticidade no dia a dia<\/strong>. F\u00e1cil de guardar e r\u00e1pido de desdobrar, pode ser adaptado a todas as utiliza\u00e7\u00f5es profissionais.<\/p>\n<p data-start=\"1685\" data-end=\"1924\">Em suma, o <strong data-start=\"1698\" data-end=\"1722\">saco de papel kraft castanho<\/strong> \u00e9 muito mais do que um simples recipiente: \u00e9 um <strong data-start=\"1771\" data-end=\"1787\">aliado fi\u00e1vel<\/strong> para as suas vendas de take-away e uma embalagem ecol\u00f3gica.<\/p>\n<p data-start=\"1378\" data-end=\"1605\"><!--more--><\/p>\n<h4 data-start=\"1378\" data-end=\"1605\">Vantagens :<\/h4>\n<ul>\n<li data-start=\"2179\" data-end=\"2226\"><strong data-start=\"2179\" data-end=\"2192\">Resistente<\/strong> gra\u00e7as ao seu papel kraft espesso.<\/li>\n<li data-start=\"2229\" data-end=\"2286\"><strong data-start=\"2229\" data-end=\"2256\">Pegas fortes e planas<\/strong> para um transporte seguro.<\/li>\n<li data-start=\"2289\" data-end=\"2362\"><strong data-start=\"2289\" data-end=\"2310\">Grande capacidade<\/strong> para pratos, caixas e produtos volumosos.<\/li>\n<li data-start=\"2365\" data-end=\"2412\"><strong data-start=\"2365\" data-end=\"2379\">Amigo do ambiente<\/strong>: Este saco de papel \u00e9 recicl\u00e1vel e biodegrad\u00e1vel.<\/li>\n<li data-start=\"2415\" data-end=\"2472\"><strong data-start=\"2415\" data-end=\"2439\">Est\u00e9tica natural<\/strong> para uma apresenta\u00e7\u00e3o atractiva.<\/li>\n<li data-start=\"2475\" data-end=\"2541\"><strong data-start=\"2475\" data-end=\"2499\">Fornecido em embalagens de 250 unidades<\/strong>: econ\u00f3mico e pr\u00e1tico para os profissionais.<\/li>\n<\/ul>\n<p>&nbsp;<\/p>\n<p><!--more--><\/p>\n<h4>Outras informa\u00e7\u00f5es :<\/h4>\n<ul>\n<li><strong>Embalagem<\/strong>: Caixa de 250<\/li>\n<li><strong>Dimens\u00f5es<\/strong>: 32 x 22 x 24 (C x L x A em cm)<\/li>\n<li><strong>Material<\/strong>: Papel<\/li>\n<li><strong>Capacidade<\/strong>: 17 L<\/li>\n<li><strong>Gramagem<\/strong>: 70 g\/m\u00b2.<\/li>\n<li><strong>Cor<\/strong>: Kraft<\/li>\n<\/ul>\n<p>&nbsp;<\/p>\n<p><!--more--><\/p>\n<p>Este saco de compras de papel est\u00e1 dispon\u00edvel em diferentes tamanhos: <span style=\"color: #d12727;\"><a style=\"color: #d12727;\" href=\"https:\/\/www.csj-emballages.com\/es\/produit\/250-bolsas-de-la-compra-krafts-marrones-con-asas-planas-18-x-8-x-22-cm\/\">18 x 8 x 22 cm<\/a><\/span> \/ <span style=\"color: #d12727;\"><a style=\"color: #d12727;\" href=\"https:\/\/www.csj-emballages.com\/pt-pt\/produit\/250-sacos-de-compras-krafts-castanhos-com-pegas-planas-22-x-10-x-29-cm\/\">22 x 10 x 29 cm<\/a> <\/span>\/ <span style=\"color: #d12727;\"><a style=\"color: #d12727;\" href=\"https:\/\/www.csj-emballages.com\/pt-pt\/produit\/250-sacos-de-compras-krafts-castanhos-com-pegas-planas-26-x-14-x-30-cm\/\">26 x 14 x 30 cm<\/a><\/span> \/ <span style=\"color: #d12727;\"><a style=\"color: #d12727;\" href=\"https:\/\/www.csj-emballages.com\/pt-pt\/produit\/250-sacos-de-compras-krafts-castanhos-com-pegas-planas-26-x-20-x-28-cm\/\">26 x 20 x 28 cm<\/a><\/span> \/ <span style=\"color: #d12727;\"><a style=\"color: #d12727;\" href=\"https:\/\/www.csj-emballages.com\/pt-pt\/produit\/250-sacos-de-compras-krafts-castanhos-com-pegas-planas-26-x-20-x-28-cm\/\">26 x 20 x 28 cm<\/a> <\/span>\/ <span style=\"color: #d12727;\"><a style=\"color: #d12727;\" href=\"https:\/\/www.csj-emballages.com\/pt-pt\/produit\/250-sacos-de-compras-krafts-castanhos-com-pegas-planas-32-x-17-x-38-cm\/\">32 x 16 x 35 cm<\/a> <\/span>\/ <span style=\"color: #d12727;\"><a style=\"color: #d12727;\" href=\"https:\/\/www.csj-emballages.com\/pt-pt\/produit\/saco-de-papel-castanho-com-pegas-planas-32-x-14-x-44-cm-por-250\/\">32 x 14 x 44 cm<\/a><\/span><\/p>\n<p>&nbsp;<\/p>\n<p><!--more--><\/p>\n<p><a href=\"https:\/\/www.csj-emballages.com\/pt-pt\/categorie-produit\/embalagem-de-alimentos\/loja-e-armazem\/sacos-saquetas\/sacos-de-ombro-artesanato\/sacos-de-compras-krafts\/\">Ver o resto da nossa gama de sacos de compras em kraft<\/a><\/p>\n","protected":false},"excerpt":{"rendered":"<p>Saco de papel Descri\u00e7\u00e3o do nosso saco de compras de papel castanho com pegas planas 32 x 22 x 24 cm por 250<\/p>\n","protected":false},"featured_media":205868,"template":"","meta":{"_acf_changed":false},"product_brand":[],"product_cat":[1141,1138,3928,2802,9196,1482,1891,2801],"product_tag":[],"class_list":{"0":"post-21788","1":"product","2":"type-product","3":"status-publish","4":"has-post-thumbnail","6":"product_cat-embalagem-de-alimentos","7":"product_cat-restauracao","8":"product_cat-sacos-e-papel","9":"product_cat-bolsas-de-ombro-artesanato","10":"product_cat-sacos-kraft","11":"product_cat-loja-e-armazem","12":"product_cat-sacos-de-ombro-artesanato","13":"product_cat-sacos-de-compras-krafts","15":"first","16":"instock","17":"taxable","18":"shipping-taxable","19":"purchasable","20":"product-type-simple"},"acf":[],"yoast_head":"<!-- This site is optimized with the Yoast SEO Premium plugin v26.6 (Yoast SEO v26.6) - https:\/\/yoast.com\/wordpress\/plugins\/seo\/ -->\n<title>Saco de compras de papel castanho com pegas planas - 32 x 22 x 24 cm<\/title>\n<meta name=\"description\" content=\"Saco de papel castanho 32 x 22 x 24 cm com pegas planas, dur\u00e1vel e recicl\u00e1vel. Embalagem de 250 unidades, ideal para lojas e empresas eco-respons\u00e1veis\" \/>\n<meta name=\"robots\" content=\"index, follow, max-snippet:-1, max-image-preview:large, max-video-preview:-1\" \/>\n<link rel=\"canonical\" href=\"https:\/\/www.csj-emballages.com\/pt-pt\/produit\/250-sacos-kraft-com-pegas-planas-32-x-21-x-26-cm\/\" \/>\n<meta property=\"og:locale\" content=\"pt_PT\" \/>\n<meta property=\"og:type\" content=\"article\" \/>\n<meta property=\"og:title\" content=\"Saco de papel castanho com pegas planas 32 x 22 x 24 cm por 250\" \/>\n<meta property=\"og:description\" content=\"Saco de papel castanho 32 x 22 x 24 cm com pegas planas, dur\u00e1vel e recicl\u00e1vel. Embalagem de 250 unidades, ideal para lojas e empresas eco-respons\u00e1veis\" \/>\n<meta property=\"og:url\" content=\"https:\/\/www.csj-emballages.com\/pt-pt\/produit\/250-sacos-kraft-com-pegas-planas-32-x-21-x-26-cm\/\" \/>\n<meta property=\"og:site_name\" content=\"CSJ Emballages\" \/>\n<meta property=\"article:publisher\" content=\"https:\/\/www.facebook.com\/csjemballages\" \/>\n<meta property=\"article:modified_time\" content=\"2026-04-25T00:13:44+00:00\" \/>\n<meta property=\"og:image\" content=\"https:\/\/www.csj-emballages.com\/wp-content\/uploads\/2024\/03\/KB322126.webp\" \/>\n\t<meta property=\"og:image:width\" content=\"801\" \/>\n\t<meta property=\"og:image:height\" content=\"801\" \/>\n\t<meta property=\"og:image:type\" content=\"image\/webp\" \/>\n<meta name=\"twitter:card\" content=\"summary_large_image\" \/>\n<meta name=\"twitter:label1\" content=\"Tempo estimado de leitura\" \/>\n\t<meta name=\"twitter:data1\" content=\"2 minutos\" \/>\n<script type=\"application\/ld+json\" class=\"yoast-schema-graph\">{\"@context\":\"https:\/\/schema.org\",\"@graph\":[{\"@type\":\"WebPage\",\"@id\":\"https:\/\/www.csj-emballages.com\/pt-pt\/produit\/250-sacos-kraft-com-pegas-planas-32-x-21-x-26-cm\/\",\"url\":\"https:\/\/www.csj-emballages.com\/pt-pt\/produit\/250-sacos-kraft-com-pegas-planas-32-x-21-x-26-cm\/\",\"name\":\"Saco de compras de papel castanho com pegas planas - 32 x 22 x 24 cm\",\"isPartOf\":{\"@id\":\"https:\/\/www.csj-emballages.com\/pt-pt\/#website\"},\"primaryImageOfPage\":{\"@id\":\"https:\/\/www.csj-emballages.com\/pt-pt\/produit\/250-sacos-kraft-com-pegas-planas-32-x-21-x-26-cm\/#primaryimage\"},\"image\":{\"@id\":\"https:\/\/www.csj-emballages.com\/pt-pt\/produit\/250-sacos-kraft-com-pegas-planas-32-x-21-x-26-cm\/#primaryimage\"},\"thumbnailUrl\":\"https:\/\/www.csj-emballages.com\/wp-content\/uploads\/2024\/03\/KB322126.webp\",\"datePublished\":\"2024-03-01T15:52:01+00:00\",\"dateModified\":\"2026-04-25T00:13:44+00:00\",\"description\":\"Saco de papel castanho 32 x 22 x 24 cm com pegas planas, dur\u00e1vel e recicl\u00e1vel. Embalagem de 250 unidades, ideal para lojas e empresas eco-respons\u00e1veis\",\"breadcrumb\":{\"@id\":\"https:\/\/www.csj-emballages.com\/pt-pt\/produit\/250-sacos-kraft-com-pegas-planas-32-x-21-x-26-cm\/#breadcrumb\"},\"inLanguage\":\"pt-PT\",\"potentialAction\":[{\"@type\":\"ReadAction\",\"target\":[\"https:\/\/www.csj-emballages.com\/pt-pt\/produit\/250-sacos-kraft-com-pegas-planas-32-x-21-x-26-cm\/\"]}]},{\"@type\":\"ImageObject\",\"inLanguage\":\"pt-PT\",\"@id\":\"https:\/\/www.csj-emballages.com\/pt-pt\/produit\/250-sacos-kraft-com-pegas-planas-32-x-21-x-26-cm\/#primaryimage\",\"url\":\"https:\/\/www.csj-emballages.com\/wp-content\/uploads\/2024\/03\/KB322126.webp\",\"contentUrl\":\"https:\/\/www.csj-emballages.com\/wp-content\/uploads\/2024\/03\/KB322126.webp\",\"width\":801,\"height\":801,\"caption\":\"Sac cabas papier\"},{\"@type\":\"BreadcrumbList\",\"@id\":\"https:\/\/www.csj-emballages.com\/pt-pt\/produit\/250-sacos-kraft-com-pegas-planas-32-x-21-x-26-cm\/#breadcrumb\",\"itemListElement\":[{\"@type\":\"ListItem\",\"position\":1,\"name\":\"Acolhimento\",\"item\":\"https:\/\/www.csj-emballages.com\/pt-pt\/universo-das-embalagens-alimentares\/\"},{\"@type\":\"ListItem\",\"position\":2,\"name\":\"Shop\",\"item\":\"https:\/\/www.csj-emballages.com\/shop\/\"},{\"@type\":\"ListItem\",\"position\":3,\"name\":\"Saco de papel castanho com pegas planas 32 x 22 x 24 cm por 250\"}]},{\"@type\":\"WebSite\",\"@id\":\"https:\/\/www.csj-emballages.com\/pt-pt\/#website\",\"url\":\"https:\/\/www.csj-emballages.com\/pt-pt\/\",\"name\":\"CSJ Emballages\",\"description\":\"\",\"publisher\":{\"@id\":\"https:\/\/www.csj-emballages.com\/pt-pt\/#organization\"},\"potentialAction\":[{\"@type\":\"SearchAction\",\"target\":{\"@type\":\"EntryPoint\",\"urlTemplate\":\"https:\/\/www.csj-emballages.com\/pt-pt\/?s={search_term_string}\"},\"query-input\":{\"@type\":\"PropertyValueSpecification\",\"valueRequired\":true,\"valueName\":\"search_term_string\"}}],\"inLanguage\":\"pt-PT\"},{\"@type\":\"Organization\",\"@id\":\"https:\/\/www.csj-emballages.com\/pt-pt\/#Organization\/\",\"name\":\"CSJ Emballages\",\"url\":\"https:\/\/www.csj-emballages.com\/pt-pt\/\",\"logo\":{\"@type\":\"ImageObject\",\"inLanguage\":\"pt-PT\",\"@id\":\"https:\/\/www.csj-emballages.com\/pt-pt\/#\/schema\/logo\/image\/\",\"url\":\"https:\/\/www.csj-emballages.com\/wp-content\/uploads\/2023\/10\/logo_csj.webp\",\"contentUrl\":\"https:\/\/www.csj-emballages.com\/wp-content\/uploads\/2023\/10\/logo_csj.webp\",\"width\":250,\"height\":95,\"caption\":\"CSJ Emballages\"},\"image\":{\"@id\":\"https:\/\/www.csj-emballages.com\/pt-pt\/#\/schema\/logo\/image\/\"},\"sameAs\":[\"https:\/\/www.facebook.com\/csjemballages\"],\"address\":{\"@type\":\"PostalAddress\",\"streetAddress\":\"ZI La Lechere\",\"addressLocality\":\"Patornay\",\"postalCode\":\"39130\",\"addressCountry\":\"FR\"},\"contactPoint\":[{\"@type\":\"ContactPoint\",\"contactType\":\"Service client\",\"telephone\":\"0384254272\",\"email\":\"contact@csj-emballages.com\"}]}]}<\/script>\n<!-- \/ Yoast SEO Premium plugin. -->","yoast_head_json":{"title":"Saco de compras de papel castanho com pegas planas - 32 x 22 x 24 cm","description":"Saco de papel castanho 32 x 22 x 24 cm com pegas planas, dur\u00e1vel e recicl\u00e1vel. Embalagem de 250 unidades, ideal para lojas e empresas eco-respons\u00e1veis","robots":{"index":"index","follow":"follow","max-snippet":"max-snippet:-1","max-image-preview":"max-image-preview:large","max-video-preview":"max-video-preview:-1"},"canonical":"https:\/\/www.csj-emballages.com\/pt-pt\/produit\/250-sacos-kraft-com-pegas-planas-32-x-21-x-26-cm\/","og_locale":"pt_PT","og_type":"article","og_title":"Saco de papel castanho com pegas planas 32 x 22 x 24 cm por 250","og_description":"Saco de papel castanho 32 x 22 x 24 cm com pegas planas, dur\u00e1vel e recicl\u00e1vel. Embalagem de 250 unidades, ideal para lojas e empresas eco-respons\u00e1veis","og_url":"https:\/\/www.csj-emballages.com\/pt-pt\/produit\/250-sacos-kraft-com-pegas-planas-32-x-21-x-26-cm\/","og_site_name":"CSJ Emballages","article_publisher":"https:\/\/www.facebook.com\/csjemballages","article_modified_time":"2026-04-25T00:13:44+00:00","og_image":[{"width":801,"height":801,"url":"https:\/\/www.csj-emballages.com\/wp-content\/uploads\/2024\/03\/KB322126.webp","type":"image\/webp"}],"twitter_card":"summary_large_image","twitter_misc":{"Tempo estimado de leitura":"2 minutos"},"schema":{"@context":"https:\/\/schema.org","@graph":[{"@type":"WebPage","@id":"https:\/\/www.csj-emballages.com\/pt-pt\/produit\/250-sacos-kraft-com-pegas-planas-32-x-21-x-26-cm\/","url":"https:\/\/www.csj-emballages.com\/pt-pt\/produit\/250-sacos-kraft-com-pegas-planas-32-x-21-x-26-cm\/","name":"Saco de compras de papel castanho com pegas planas - 32 x 22 x 24 cm","isPartOf":{"@id":"https:\/\/www.csj-emballages.com\/pt-pt\/#website"},"primaryImageOfPage":{"@id":"https:\/\/www.csj-emballages.com\/pt-pt\/produit\/250-sacos-kraft-com-pegas-planas-32-x-21-x-26-cm\/#primaryimage"},"image":{"@id":"https:\/\/www.csj-emballages.com\/pt-pt\/produit\/250-sacos-kraft-com-pegas-planas-32-x-21-x-26-cm\/#primaryimage"},"thumbnailUrl":"https:\/\/www.csj-emballages.com\/wp-content\/uploads\/2024\/03\/KB322126.webp","datePublished":"2024-03-01T15:52:01+00:00","dateModified":"2026-04-25T00:13:44+00:00","description":"Saco de papel castanho 32 x 22 x 24 cm com pegas planas, dur\u00e1vel e recicl\u00e1vel. Embalagem de 250 unidades, ideal para lojas e empresas eco-respons\u00e1veis","breadcrumb":{"@id":"https:\/\/www.csj-emballages.com\/pt-pt\/produit\/250-sacos-kraft-com-pegas-planas-32-x-21-x-26-cm\/#breadcrumb"},"inLanguage":"pt-PT","potentialAction":[{"@type":"ReadAction","target":["https:\/\/www.csj-emballages.com\/pt-pt\/produit\/250-sacos-kraft-com-pegas-planas-32-x-21-x-26-cm\/"]}]},{"@type":"ImageObject","inLanguage":"pt-PT","@id":"https:\/\/www.csj-emballages.com\/pt-pt\/produit\/250-sacos-kraft-com-pegas-planas-32-x-21-x-26-cm\/#primaryimage","url":"https:\/\/www.csj-emballages.com\/wp-content\/uploads\/2024\/03\/KB322126.webp","contentUrl":"https:\/\/www.csj-emballages.com\/wp-content\/uploads\/2024\/03\/KB322126.webp","width":801,"height":801,"caption":"Sac cabas papier"},{"@type":"BreadcrumbList","@id":"https:\/\/www.csj-emballages.com\/pt-pt\/produit\/250-sacos-kraft-com-pegas-planas-32-x-21-x-26-cm\/#breadcrumb","itemListElement":[{"@type":"ListItem","position":1,"name":"Acolhimento","item":"https:\/\/www.csj-emballages.com\/pt-pt\/universo-das-embalagens-alimentares\/"},{"@type":"ListItem","position":2,"name":"Shop","item":"https:\/\/www.csj-emballages.com\/shop\/"},{"@type":"ListItem","position":3,"name":"Saco de papel castanho com pegas planas 32 x 22 x 24 cm por 250"}]},{"@type":"WebSite","@id":"https:\/\/www.csj-emballages.com\/pt-pt\/#website","url":"https:\/\/www.csj-emballages.com\/pt-pt\/","name":"CSJ Emballages","description":"","publisher":{"@id":"https:\/\/www.csj-emballages.com\/pt-pt\/#organization"},"potentialAction":[{"@type":"SearchAction","target":{"@type":"EntryPoint","urlTemplate":"https:\/\/www.csj-emballages.com\/pt-pt\/?s={search_term_string}"},"query-input":{"@type":"PropertyValueSpecification","valueRequired":true,"valueName":"search_term_string"}}],"inLanguage":"pt-PT"},{"@type":"Organization","@id":"https:\/\/www.csj-emballages.com\/pt-pt\/#Organization\/","name":"CSJ Emballages","url":"https:\/\/www.csj-emballages.com\/pt-pt\/","logo":{"@type":"ImageObject","inLanguage":"pt-PT","@id":"https:\/\/www.csj-emballages.com\/pt-pt\/#\/schema\/logo\/image\/","url":"https:\/\/www.csj-emballages.com\/wp-content\/uploads\/2023\/10\/logo_csj.webp","contentUrl":"https:\/\/www.csj-emballages.com\/wp-content\/uploads\/2023\/10\/logo_csj.webp","width":250,"height":95,"caption":"CSJ Emballages"},"image":{"@id":"https:\/\/www.csj-emballages.com\/pt-pt\/#\/schema\/logo\/image\/"},"sameAs":["https:\/\/www.facebook.com\/csjemballages"],"address":{"@type":"PostalAddress","streetAddress":"ZI La Lechere","addressLocality":"Patornay","postalCode":"39130","addressCountry":"FR"},"contactPoint":[{"@type":"ContactPoint","contactType":"Service client","telephone":"0384254272","email":"contact@csj-emballages.com"}]}]}},"df_price":41.86,"df_sale_price":"","df_regular_price":41.86,"df_image_link":"https:\/\/www.csj-emballages.com\/wp-content\/uploads\/2024\/03\/KB322126-300x300.webp","tiered_pricing_type":"fixed","tiered_pricing_fixed_rules":[],"tiered_pricing_percentage_rules":[],"tiered_pricing_minimum":1,"tiered_pricing_roles_data":[],"_links":{"self":[{"href":"https:\/\/www.csj-emballages.com\/pt-pt\/wp-json\/wp\/v2\/product\/21788","targetHints":{"allow":["GET"]}}],"collection":[{"href":"https:\/\/www.csj-emballages.com\/pt-pt\/wp-json\/wp\/v2\/product"}],"about":[{"href":"https:\/\/www.csj-emballages.com\/pt-pt\/wp-json\/wp\/v2\/types\/product"}],"wp:featuredmedia":[{"embeddable":true,"href":"https:\/\/www.csj-emballages.com\/pt-pt\/wp-json\/wp\/v2\/media\/205868"}],"wp:attachment":[{"href":"https:\/\/www.csj-emballages.com\/pt-pt\/wp-json\/wp\/v2\/media?parent=21788"}],"wp:term":[{"taxonomy":"product_brand","embeddable":true,"href":"https:\/\/www.csj-emballages.com\/pt-pt\/wp-json\/wp\/v2\/product_brand?post=21788"},{"taxonomy":"product_cat","embeddable":true,"href":"https:\/\/www.csj-emballages.com\/pt-pt\/wp-json\/wp\/v2\/product_cat?post=21788"},{"taxonomy":"product_tag","embeddable":true,"href":"https:\/\/www.csj-emballages.com\/pt-pt\/wp-json\/wp\/v2\/product_tag?post=21788"}],"curies":[{"name":"wp","href":"https:\/\/api.w.org\/{rel}","templated":true}]}}