{"id":21753,"date":"2024-03-01T16:52:04","date_gmt":"2024-03-01T15:52:04","guid":{"rendered":"https:\/\/u15jnbdpoq.preview.infomaniak.website\/produit\/100-insercoes-de-plastico-para-diametro-o95\/"},"modified":"2026-04-21T02:14:17","modified_gmt":"2026-04-21T00:14:17","slug":"100-insercoes-de-plastico-para-diametro-o95","status":"publish","type":"product","link":"https:\/\/www.csj-emballages.com\/pt-pt\/produit\/100-insercoes-de-plastico-para-diametro-o95\/","title":{"rendered":"Inser\u00e7\u00e3o de pl\u00e1stico para copo \u00d895 por 100"},"content":{"rendered":"<h2>Inser\u00e7\u00e3o de pl\u00e1stico<\/h2>\n<div style=\"box-sizing: inherit; font-family: Roboto, sans-serif;\">\n<div style=\"box-sizing: inherit; font-family: Roboto, sans-serif;\">\n<div style=\"box-sizing: inherit; font-family: Roboto, sans-serif;\">\n<div style=\"text-align: center;\">\n<div style=\"box-sizing: inherit; font-family: Roboto, sans-serif;\">\n<div style=\"box-sizing: inherit; font-family: Roboto, sans-serif;\">\n<div style=\"box-sizing: inherit; font-family: Roboto, sans-serif;\">\n<div style=\"box-sizing: inherit; font-family: Roboto, sans-serif;\">\n<div style=\"box-sizing: inherit; font-family: Roboto, sans-serif;\">\n<div style=\"box-sizing: inherit; font-family: Roboto, sans-serif; text-align: left;\">\n<hr>\n<h3 style=\"text-align: left;\">Descri\u00e7\u00e3o do nosso inserto para copos de pl\u00e1stico \u00d895 por 100<\/h3>\n<p><!--more--><\/p>\n<p data-start=\"282\" data-end=\"659\">Este <strong>encaixe<\/strong> <strong>para copos<\/strong> <strong>de pl\u00e1stico de<\/strong> <strong data-start=\"316\" data-end=\"326\">\u00d895 mm<\/strong> \u00e9 a solu\u00e7\u00e3o ideal para separar, organizar e apresentar as suas prepara\u00e7\u00f5es sem misturar tudo. Concebido para encaixar diretamente em <span style=\"color: #d12727;\"><a style=\"color: #d12727;\" href=\"https:\/\/www.csj-emballages.com\/categorie-produit\/emballages\/restauration-sur-place-ou-emporter-fastfood-snacks\/gobelet-verre-bouteille\/pots-plastique\/pots-smoothie-o95mm-o78mm\/pots-smoothie-diametre-95mm\/\">copos de \u00d895 mm<\/a><\/span> permite-lhe oferecer v\u00e1rios elementos num \u00fanico recipiente, mantendo cada ingrediente no seu lugar. \u00c9 simples, inteligente e sobretudo pr\u00e1tico para o quotidiano.  <\/p>\n<p data-start=\"661\" data-end=\"992\">Gra\u00e7as \u00e0 sua forma <strong>arredondada e<\/strong> \u00e0 sua <strong>transpar\u00eancia<\/strong>, o<strong>encaixe<\/strong> destaca naturalmente os produtos. <strong>Frutos secos<\/strong>, <strong>coberturas<\/strong>, <strong>molhos<\/strong>, <strong>doces<\/strong>, <strong>frutos frescos<\/strong> ou <strong>acompanhamentos salgados<\/strong>: tudo permanece vis\u00edvel e apetec\u00edvel. Assim, os seus clientes podem ver imediatamente o que est\u00e3o prestes a provar, refor\u00e7ando o desejo e a perce\u00e7\u00e3o de qualidade. <\/p>\n<p data-start=\"994\" data-end=\"1316\">O<strong> encaixe<\/strong> tamb\u00e9m torna o ato de servir muito mais f\u00e1cil. Pode preparar os seus recipientes com anteced\u00eancia, poupando tempo nas horas de ponta e evitando derrames ou misturas n\u00e3o intencionais. A<strong>inser\u00e7\u00e3o<\/strong> \u00e9 f\u00e1cil de manusear, encaixa rapidamente no copo e mant\u00e9m-se no lugar durante o transporte.  <\/p>\n<p data-start=\"1318\" data-end=\"1640\">Vendido <strong data-start=\"1324\" data-end=\"1342\">em embalagens de 100 unidades<\/strong>, \u00e9 perfeito para estabelecimentos de fast food, bares de sobremesas, eventos, empresas de catering ou conceitos modernos de snacks. \u00c9 tamb\u00e9m uma \u00f3ptima adi\u00e7\u00e3o a qualquer esquema de apresenta\u00e7\u00e3o elegante, particularmente para tigelas, aperitivos ou ofertas de takeaway. <\/p>\n<p data-start=\"1642\" data-end=\"1838\">Em suma, esta <strong>inser\u00e7\u00e3o de pl\u00e1stico<\/strong> transforma um simples copo num recipiente mais funcional, mais limpo e mais atrativo. Um pequeno pormenor que faz toda a diferen\u00e7a na experi\u00eancia do cliente. <\/p>\n<p data-start=\"1642\" data-end=\"1838\">\n<\/div>\n<\/div>\n<\/div>\n<\/div>\n<\/div>\n<\/div>\n<\/div>\n<\/div>\n<\/div>\n<\/div>\n<p><!--more--><\/p>\n<h4 style=\"text-align: left;\"><strong>Vantagens :<\/strong><\/h4>\n<ul>\n<li data-start=\"1866\" data-end=\"1900\">Compat\u00edvel com copos de <strong>\u00d895 mm<\/strong>.<\/li>\n<li data-start=\"1903\" data-end=\"1954\">Separa os ingredientes e os acompanhamentos.<\/li>\n<li data-start=\"1957\" data-end=\"1995\">Apresenta\u00e7\u00e3o clara e apetitosa.<\/li>\n<li data-start=\"1998\" data-end=\"2030\">Poupa tempo ao servir.<\/li>\n<li data-start=\"2033\" data-end=\"2076\">Embalagem de <strong>100<\/strong>, adequada para utiliza\u00e7\u00e3o profissional.<\/li>\n<\/ul>\n<p>&nbsp;<\/p>\n<p><!--more--><\/p>\n<h4>Outras informa\u00e7\u00f5es :<\/h4>\n<ul>\n<li><strong>Embalagem<\/strong>: Pacote de 100<\/li>\n<li><strong>Di\u00e2metro<\/strong>: 95 mm<\/li>\n<li><strong>Altura<\/strong>: 26 mm<\/li>\n<li><strong>Volume<\/strong>: 120 ml<\/li>\n<\/ul>\n<div class=\"elementor elementor-175 elementor-location-footer\" data-elementor-type=\"footer\" data-elementor-id=\"175\" data-elementor-post-type=\"elementor_library\">\n<div class=\"elementor-element elementor-element-d413b54 e-flex e-con-boxed e-con e-parent e-lazyloaded\" data-id=\"d413b54\" data-element_type=\"container\">\n<div class=\"e-con-inner\">\n<div class=\"elementor-element elementor-element-9493a3c elementor-widget elementor-widget-shortcode\" data-id=\"9493a3c\" data-element_type=\"widget\" data-widget_type=\"shortcode.default\">\n<div class=\"elementor-widget-container\"><\/div>\n<\/div>\n<\/div>\n<\/div>\n<\/div>\n<p><!--more--><\/p>\n<h4>  Este encaixe \u00e9 compat\u00edvel com estes recipientes de pl\u00e1stico:<\/h4>\n<p><span style=\"color: #d12727;\"><a style=\"color: #d12727;\" href=\"https:\/\/www.csj-emballages.com\/produit\/50-pots-smoothie-diametre-95-mm-en-plastique-260-280-ml\/\">260\/280 ml<\/a><\/span><\/p>\n<p><span style=\"color: #d12727;\"><a style=\"color: #d12727;\" href=\"https:\/\/www.csj-emballages.com\/produit\/50-pots-smoothie-plastique-recycles-95-diametre-300-430-ml\/\">300\/430 ml<\/a><\/span><\/p>\n<p><span style=\"color: #d12727;\"><a style=\"color: #d12727;\" href=\"https:\/\/www.csj-emballages.com\/produit\/50-pots-smoothie-diam-95-rpet-400-550-ml\/\">400\/550 ml<\/a><\/span><\/p>\n<p><span style=\"color: #d12727;\"><a style=\"color: #d12727;\" href=\"https:\/\/www.csj-emballages.com\/produit\/50-pots-smoothie-recycles-95o-rpet-500-650-ml\/\">500\/650 ml<\/a><\/span><\/p>\n<p>&nbsp;<\/p>\n<p style=\"text-align: left;\"><!--more--><\/p>\n<p><a href=\"\/?product_cat=pots-smoothies-diametre-95mm\">V\u00ea o resto da nossa gama de frascos para smoothies em \u00d895 mm<\/a><\/p>\n","protected":false},"excerpt":{"rendered":"<p>Inser\u00e7\u00e3o de pl\u00e1stico Descri\u00e7\u00e3o do nosso inserto para copos de pl\u00e1stico \u00d895 por 100<\/p>\n","protected":false},"featured_media":193452,"template":"","meta":{"_acf_changed":false},"product_brand":[],"product_cat":[1141,1471,1808,2544,2546,1267],"product_tag":[],"class_list":{"0":"post-21753","1":"product","2":"type-product","3":"status-publish","4":"has-post-thumbnail","6":"product_cat-embalagem-de-alimentos","7":"product_cat-chavenas-copos-baldes-garrafas","8":"product_cat-copos-para-bebidas-frias","9":"product_cat-frascos-de-smoothies","10":"product_cat-diametro-dos-frascos-de-smoothie-95-mm","11":"product_cat-descontos-promocoes","13":"first","14":"instock","15":"sale","16":"taxable","17":"shipping-taxable","18":"purchasable","19":"product-type-simple"},"acf":[],"yoast_head":"<!-- This site is optimized with the Yoast SEO Premium plugin v26.6 (Yoast SEO v26.6) - https:\/\/yoast.com\/wordpress\/plugins\/seo\/ -->\n<title>Inserto de pl\u00e1stico para copo com di\u00e2metro \u00d895 por 100<\/title>\n<meta name=\"description\" content=\"Inser\u00e7\u00e3o de pl\u00e1stico para copo de \u00d895 mm vendido em embalagens de 100. Ideal para separar molhos, coberturas ou ingredientes e melhorar a apresenta\u00e7\u00e3o dos seus pratos.\" \/>\n<meta name=\"robots\" content=\"index, follow, max-snippet:-1, max-image-preview:large, max-video-preview:-1\" \/>\n<link rel=\"canonical\" href=\"https:\/\/www.csj-emballages.com\/pt-pt\/produit\/100-insercoes-de-plastico-para-diametro-o95\/\" \/>\n<meta property=\"og:locale\" content=\"pt_PT\" \/>\n<meta property=\"og:type\" content=\"article\" \/>\n<meta property=\"og:title\" content=\"Inser\u00e7\u00e3o de pl\u00e1stico para copo \u00d895 por 100\" \/>\n<meta property=\"og:description\" content=\"Inser\u00e7\u00e3o de pl\u00e1stico para copo de \u00d895 mm vendido em embalagens de 100. Ideal para separar molhos, coberturas ou ingredientes e melhorar a apresenta\u00e7\u00e3o dos seus pratos.\" \/>\n<meta property=\"og:url\" content=\"https:\/\/www.csj-emballages.com\/pt-pt\/produit\/100-insercoes-de-plastico-para-diametro-o95\/\" \/>\n<meta property=\"og:site_name\" content=\"CSJ Emballages\" \/>\n<meta property=\"article:publisher\" content=\"https:\/\/www.facebook.com\/csjemballages\" \/>\n<meta property=\"article:modified_time\" content=\"2026-04-21T00:14:17+00:00\" \/>\n<meta property=\"og:image\" content=\"https:\/\/www.csj-emballages.com\/wp-content\/uploads\/2024\/03\/Insert.webp\" \/>\n\t<meta property=\"og:image:width\" content=\"800\" \/>\n\t<meta property=\"og:image:height\" content=\"800\" \/>\n\t<meta property=\"og:image:type\" content=\"image\/webp\" \/>\n<meta name=\"twitter:card\" content=\"summary_large_image\" \/>\n<meta name=\"twitter:label1\" content=\"Tempo estimado de leitura\" \/>\n\t<meta name=\"twitter:data1\" content=\"2 minutos\" \/>\n<script type=\"application\/ld+json\" class=\"yoast-schema-graph\">{\"@context\":\"https:\/\/schema.org\",\"@graph\":[{\"@type\":\"WebPage\",\"@id\":\"https:\/\/www.csj-emballages.com\/pt-pt\/produit\/100-insercoes-de-plastico-para-diametro-o95\/\",\"url\":\"https:\/\/www.csj-emballages.com\/pt-pt\/produit\/100-insercoes-de-plastico-para-diametro-o95\/\",\"name\":\"Inserto de pl\u00e1stico para copo com di\u00e2metro \u00d895 por 100\",\"isPartOf\":{\"@id\":\"https:\/\/www.csj-emballages.com\/pt-pt\/#website\"},\"primaryImageOfPage\":{\"@id\":\"https:\/\/www.csj-emballages.com\/pt-pt\/produit\/100-insercoes-de-plastico-para-diametro-o95\/#primaryimage\"},\"image\":{\"@id\":\"https:\/\/www.csj-emballages.com\/pt-pt\/produit\/100-insercoes-de-plastico-para-diametro-o95\/#primaryimage\"},\"thumbnailUrl\":\"https:\/\/www.csj-emballages.com\/wp-content\/uploads\/2024\/03\/Insert.webp\",\"datePublished\":\"2024-03-01T15:52:04+00:00\",\"dateModified\":\"2026-04-21T00:14:17+00:00\",\"description\":\"Inser\u00e7\u00e3o de pl\u00e1stico para copo de \u00d895 mm vendido em embalagens de 100. Ideal para separar molhos, coberturas ou ingredientes e melhorar a apresenta\u00e7\u00e3o dos seus pratos.\",\"breadcrumb\":{\"@id\":\"https:\/\/www.csj-emballages.com\/pt-pt\/produit\/100-insercoes-de-plastico-para-diametro-o95\/#breadcrumb\"},\"inLanguage\":\"pt-PT\",\"potentialAction\":[{\"@type\":\"ReadAction\",\"target\":[\"https:\/\/www.csj-emballages.com\/pt-pt\/produit\/100-insercoes-de-plastico-para-diametro-o95\/\"]}]},{\"@type\":\"ImageObject\",\"inLanguage\":\"pt-PT\",\"@id\":\"https:\/\/www.csj-emballages.com\/pt-pt\/produit\/100-insercoes-de-plastico-para-diametro-o95\/#primaryimage\",\"url\":\"https:\/\/www.csj-emballages.com\/wp-content\/uploads\/2024\/03\/Insert.webp\",\"contentUrl\":\"https:\/\/www.csj-emballages.com\/wp-content\/uploads\/2024\/03\/Insert.webp\",\"width\":800,\"height\":800,\"caption\":\"Insert plastique\"},{\"@type\":\"BreadcrumbList\",\"@id\":\"https:\/\/www.csj-emballages.com\/pt-pt\/produit\/100-insercoes-de-plastico-para-diametro-o95\/#breadcrumb\",\"itemListElement\":[{\"@type\":\"ListItem\",\"position\":1,\"name\":\"Acolhimento\",\"item\":\"https:\/\/www.csj-emballages.com\/pt-pt\/universo-das-embalagens-alimentares\/\"},{\"@type\":\"ListItem\",\"position\":2,\"name\":\"Shop\",\"item\":\"https:\/\/www.csj-emballages.com\/shop\/\"},{\"@type\":\"ListItem\",\"position\":3,\"name\":\"Inser\u00e7\u00e3o de pl\u00e1stico para copo \u00d895 por 100\"}]},{\"@type\":\"WebSite\",\"@id\":\"https:\/\/www.csj-emballages.com\/pt-pt\/#website\",\"url\":\"https:\/\/www.csj-emballages.com\/pt-pt\/\",\"name\":\"CSJ Emballages\",\"description\":\"\",\"publisher\":{\"@id\":\"https:\/\/www.csj-emballages.com\/pt-pt\/#organization\"},\"potentialAction\":[{\"@type\":\"SearchAction\",\"target\":{\"@type\":\"EntryPoint\",\"urlTemplate\":\"https:\/\/www.csj-emballages.com\/pt-pt\/?s={search_term_string}\"},\"query-input\":{\"@type\":\"PropertyValueSpecification\",\"valueRequired\":true,\"valueName\":\"search_term_string\"}}],\"inLanguage\":\"pt-PT\"},{\"@type\":\"Organization\",\"@id\":\"https:\/\/www.csj-emballages.com\/pt-pt\/#Organization\/\",\"name\":\"CSJ Emballages\",\"url\":\"https:\/\/www.csj-emballages.com\/pt-pt\/\",\"logo\":{\"@type\":\"ImageObject\",\"inLanguage\":\"pt-PT\",\"@id\":\"https:\/\/www.csj-emballages.com\/pt-pt\/#\/schema\/logo\/image\/\",\"url\":\"https:\/\/www.csj-emballages.com\/wp-content\/uploads\/2023\/10\/logo_csj.webp\",\"contentUrl\":\"https:\/\/www.csj-emballages.com\/wp-content\/uploads\/2023\/10\/logo_csj.webp\",\"width\":250,\"height\":95,\"caption\":\"CSJ Emballages\"},\"image\":{\"@id\":\"https:\/\/www.csj-emballages.com\/pt-pt\/#\/schema\/logo\/image\/\"},\"sameAs\":[\"https:\/\/www.facebook.com\/csjemballages\"],\"address\":{\"@type\":\"PostalAddress\",\"streetAddress\":\"ZI La Lechere\",\"addressLocality\":\"Patornay\",\"postalCode\":\"39130\",\"addressCountry\":\"FR\"},\"contactPoint\":[{\"@type\":\"ContactPoint\",\"contactType\":\"Service client\",\"telephone\":\"0384254272\",\"email\":\"contact@csj-emballages.com\"}]}]}<\/script>\n<!-- \/ Yoast SEO Premium plugin. -->","yoast_head_json":{"title":"Inserto de pl\u00e1stico para copo com di\u00e2metro \u00d895 por 100","description":"Inser\u00e7\u00e3o de pl\u00e1stico para copo de \u00d895 mm vendido em embalagens de 100. Ideal para separar molhos, coberturas ou ingredientes e melhorar a apresenta\u00e7\u00e3o dos seus pratos.","robots":{"index":"index","follow":"follow","max-snippet":"max-snippet:-1","max-image-preview":"max-image-preview:large","max-video-preview":"max-video-preview:-1"},"canonical":"https:\/\/www.csj-emballages.com\/pt-pt\/produit\/100-insercoes-de-plastico-para-diametro-o95\/","og_locale":"pt_PT","og_type":"article","og_title":"Inser\u00e7\u00e3o de pl\u00e1stico para copo \u00d895 por 100","og_description":"Inser\u00e7\u00e3o de pl\u00e1stico para copo de \u00d895 mm vendido em embalagens de 100. Ideal para separar molhos, coberturas ou ingredientes e melhorar a apresenta\u00e7\u00e3o dos seus pratos.","og_url":"https:\/\/www.csj-emballages.com\/pt-pt\/produit\/100-insercoes-de-plastico-para-diametro-o95\/","og_site_name":"CSJ Emballages","article_publisher":"https:\/\/www.facebook.com\/csjemballages","article_modified_time":"2026-04-21T00:14:17+00:00","og_image":[{"width":800,"height":800,"url":"https:\/\/www.csj-emballages.com\/wp-content\/uploads\/2024\/03\/Insert.webp","type":"image\/webp"}],"twitter_card":"summary_large_image","twitter_misc":{"Tempo estimado de leitura":"2 minutos"},"schema":{"@context":"https:\/\/schema.org","@graph":[{"@type":"WebPage","@id":"https:\/\/www.csj-emballages.com\/pt-pt\/produit\/100-insercoes-de-plastico-para-diametro-o95\/","url":"https:\/\/www.csj-emballages.com\/pt-pt\/produit\/100-insercoes-de-plastico-para-diametro-o95\/","name":"Inserto de pl\u00e1stico para copo com di\u00e2metro \u00d895 por 100","isPartOf":{"@id":"https:\/\/www.csj-emballages.com\/pt-pt\/#website"},"primaryImageOfPage":{"@id":"https:\/\/www.csj-emballages.com\/pt-pt\/produit\/100-insercoes-de-plastico-para-diametro-o95\/#primaryimage"},"image":{"@id":"https:\/\/www.csj-emballages.com\/pt-pt\/produit\/100-insercoes-de-plastico-para-diametro-o95\/#primaryimage"},"thumbnailUrl":"https:\/\/www.csj-emballages.com\/wp-content\/uploads\/2024\/03\/Insert.webp","datePublished":"2024-03-01T15:52:04+00:00","dateModified":"2026-04-21T00:14:17+00:00","description":"Inser\u00e7\u00e3o de pl\u00e1stico para copo de \u00d895 mm vendido em embalagens de 100. Ideal para separar molhos, coberturas ou ingredientes e melhorar a apresenta\u00e7\u00e3o dos seus pratos.","breadcrumb":{"@id":"https:\/\/www.csj-emballages.com\/pt-pt\/produit\/100-insercoes-de-plastico-para-diametro-o95\/#breadcrumb"},"inLanguage":"pt-PT","potentialAction":[{"@type":"ReadAction","target":["https:\/\/www.csj-emballages.com\/pt-pt\/produit\/100-insercoes-de-plastico-para-diametro-o95\/"]}]},{"@type":"ImageObject","inLanguage":"pt-PT","@id":"https:\/\/www.csj-emballages.com\/pt-pt\/produit\/100-insercoes-de-plastico-para-diametro-o95\/#primaryimage","url":"https:\/\/www.csj-emballages.com\/wp-content\/uploads\/2024\/03\/Insert.webp","contentUrl":"https:\/\/www.csj-emballages.com\/wp-content\/uploads\/2024\/03\/Insert.webp","width":800,"height":800,"caption":"Insert plastique"},{"@type":"BreadcrumbList","@id":"https:\/\/www.csj-emballages.com\/pt-pt\/produit\/100-insercoes-de-plastico-para-diametro-o95\/#breadcrumb","itemListElement":[{"@type":"ListItem","position":1,"name":"Acolhimento","item":"https:\/\/www.csj-emballages.com\/pt-pt\/universo-das-embalagens-alimentares\/"},{"@type":"ListItem","position":2,"name":"Shop","item":"https:\/\/www.csj-emballages.com\/shop\/"},{"@type":"ListItem","position":3,"name":"Inser\u00e7\u00e3o de pl\u00e1stico para copo \u00d895 por 100"}]},{"@type":"WebSite","@id":"https:\/\/www.csj-emballages.com\/pt-pt\/#website","url":"https:\/\/www.csj-emballages.com\/pt-pt\/","name":"CSJ Emballages","description":"","publisher":{"@id":"https:\/\/www.csj-emballages.com\/pt-pt\/#organization"},"potentialAction":[{"@type":"SearchAction","target":{"@type":"EntryPoint","urlTemplate":"https:\/\/www.csj-emballages.com\/pt-pt\/?s={search_term_string}"},"query-input":{"@type":"PropertyValueSpecification","valueRequired":true,"valueName":"search_term_string"}}],"inLanguage":"pt-PT"},{"@type":"Organization","@id":"https:\/\/www.csj-emballages.com\/pt-pt\/#Organization\/","name":"CSJ Emballages","url":"https:\/\/www.csj-emballages.com\/pt-pt\/","logo":{"@type":"ImageObject","inLanguage":"pt-PT","@id":"https:\/\/www.csj-emballages.com\/pt-pt\/#\/schema\/logo\/image\/","url":"https:\/\/www.csj-emballages.com\/wp-content\/uploads\/2023\/10\/logo_csj.webp","contentUrl":"https:\/\/www.csj-emballages.com\/wp-content\/uploads\/2023\/10\/logo_csj.webp","width":250,"height":95,"caption":"CSJ Emballages"},"image":{"@id":"https:\/\/www.csj-emballages.com\/pt-pt\/#\/schema\/logo\/image\/"},"sameAs":["https:\/\/www.facebook.com\/csjemballages"],"address":{"@type":"PostalAddress","streetAddress":"ZI La Lechere","addressLocality":"Patornay","postalCode":"39130","addressCountry":"FR"},"contactPoint":[{"@type":"ContactPoint","contactType":"Service client","telephone":"0384254272","email":"contact@csj-emballages.com"}]}]}},"df_price":4.1,"df_sale_price":4.1,"df_regular_price":4.56,"df_image_link":"https:\/\/www.csj-emballages.com\/wp-content\/uploads\/2024\/03\/Insert-300x300.webp","tiered_pricing_type":"fixed","tiered_pricing_fixed_rules":[],"tiered_pricing_percentage_rules":[],"tiered_pricing_minimum":1,"tiered_pricing_roles_data":[],"_links":{"self":[{"href":"https:\/\/www.csj-emballages.com\/pt-pt\/wp-json\/wp\/v2\/product\/21753","targetHints":{"allow":["GET"]}}],"collection":[{"href":"https:\/\/www.csj-emballages.com\/pt-pt\/wp-json\/wp\/v2\/product"}],"about":[{"href":"https:\/\/www.csj-emballages.com\/pt-pt\/wp-json\/wp\/v2\/types\/product"}],"wp:featuredmedia":[{"embeddable":true,"href":"https:\/\/www.csj-emballages.com\/pt-pt\/wp-json\/wp\/v2\/media\/193452"}],"wp:attachment":[{"href":"https:\/\/www.csj-emballages.com\/pt-pt\/wp-json\/wp\/v2\/media?parent=21753"}],"wp:term":[{"taxonomy":"product_brand","embeddable":true,"href":"https:\/\/www.csj-emballages.com\/pt-pt\/wp-json\/wp\/v2\/product_brand?post=21753"},{"taxonomy":"product_cat","embeddable":true,"href":"https:\/\/www.csj-emballages.com\/pt-pt\/wp-json\/wp\/v2\/product_cat?post=21753"},{"taxonomy":"product_tag","embeddable":true,"href":"https:\/\/www.csj-emballages.com\/pt-pt\/wp-json\/wp\/v2\/product_tag?post=21753"}],"curies":[{"name":"wp","href":"https:\/\/api.w.org\/{rel}","templated":true}]}}