{"id":21725,"date":"2024-03-01T16:52:06","date_gmt":"2024-03-01T15:52:06","guid":{"rendered":"https:\/\/u15jnbdpoq.preview.infomaniak.website\/produit\/50-caixas-de-hamburguer-duplas-xl-descartaveis-170-x-170-x-80-mm\/"},"modified":"2026-03-12T16:27:30","modified_gmt":"2026-03-12T15:27:30","slug":"50-caixas-de-hamburguer-duplas-xl-descartaveis-170-x-170-x-80-mm","status":"publish","type":"product","link":"https:\/\/www.csj-emballages.com\/pt-pt\/produit\/50-caixas-de-hamburguer-duplas-xl-descartaveis-170-x-170-x-80-mm\/","title":{"rendered":"Caixa de cart\u00e3o XL para hamb\u00fargueres 170 x 170 x 80 mm por 50"},"content":{"rendered":"<h2>Caixa de hamb\u00fargueres<\/h2>\n<div style=\"text-align: center;\">\n<hr>\n<h3 style=\"text-align: left;\">Descri\u00e7\u00e3o da caixa de cart\u00e3o XL para hamb\u00fargueres 170 x 170 x 80 mm por 100<\/h3>\n<p style=\"text-align: left;\"><!--more--><\/p>\n<p style=\"text-align: left;\" data-start=\"175\" data-end=\"635\">A <strong data-start=\"178\" data-end=\"225\">caixa para hamb\u00fargueres em cart\u00e3o XL de 170 x 170 x 80 mm<\/strong> \u00e9 a embalagem perfeita para servir <strong>hamb\u00fargueres generosos<\/strong>, garantindo uma excelente apresenta\u00e7\u00e3o. Concebida para os restauradores que pretendem aumentar a efic\u00e1cia mantendo uma imagem cuidada, oferece um equil\u00edbrio ideal entre praticidade, robustez e est\u00e9tica. Gra\u00e7as ao seu <strong data-start=\"518\" data-end=\"531\">formato XL<\/strong>, pode facilmente acomodar hamb\u00fargueres gourmet, bifes duplos ou cria\u00e7\u00f5es internas de maiores dimens\u00f5es.  <\/p>\n<p style=\"text-align: left;\" data-start=\"637\" data-end=\"1017\">Em primeiro lugar, o seu <strong data-start=\"650\" data-end=\"679\">cart\u00e3o espesso e resistente<\/strong> protege eficazmente os alimentos, mesmo quando est\u00e3o bem cheios. O material tamb\u00e9m resiste muito bem ao <strong>calor<\/strong>, pelo que pode manter um hamb\u00farguer quente durante o transporte. Em segundo lugar, o <strong>fecho integrado<\/strong> garante uma fixa\u00e7\u00e3o segura, impedindo a abertura acidental durante a entrega ou o transporte.  <\/p>\n<p style=\"text-align: left;\" data-start=\"1019\" data-end=\"1402\">A <strong data-start=\"178\" data-end=\"225\">caixa de hamb\u00fargueres<\/strong> \u00e9 tamb\u00e9m <strong data-start=\"1043\" data-end=\"1077\">feita de cart\u00e3o recicl\u00e1vel<\/strong>, o que a torna uma solu\u00e7\u00e3o mais amiga do ambiente. Isto significa que os donos de restaurantes podem promover uma abordagem respons\u00e1vel junto dos seus clientes. Al\u00e9m disso, o seu design simples e natural enquadra-se perfeitamente em qualquer ambiente: street-food, food-trucks, restaurantes tradicionais ou estabelecimentos de fast-food tradicionais.  <\/p>\n<p style=\"text-align: left;\" data-start=\"1404\" data-end=\"1612\">Por fim, gra\u00e7as \u00e0 <strong data-start=\"1420\" data-end=\"1446\">embalagem de 50 unidades<\/strong>, poupa tempo e simplifica a gest\u00e3o do seu stock. Esta quantidade \u00e9 ideal para os estabelecimentos que pretendem aliar economia e praticidade no quotidiano. <\/p>\n<p style=\"text-align: left;\" data-start=\"1614\" data-end=\"1763\">Em suma, esta <strong data-start=\"178\" data-end=\"225\">caixa para hamb\u00fargueres<\/strong> <strong>XL<\/strong> preenche todos os requisitos: s\u00f3lida, pr\u00e1tica, ecol\u00f3gica e perfeitamente adaptada aos profissionais da restaura\u00e7\u00e3o.<\/p>\n<p style=\"text-align: left;\" data-start=\"1614\" data-end=\"1763\">\n<p style=\"text-align: left;\"><!--more--><\/p>\n<p style=\"text-align: left;\"><strong>Vantagens :<\/strong><\/p>\n<ul>\n<li style=\"text-align: left;\" data-start=\"1793\" data-end=\"1836\"><strong>Formato XL<\/strong> ideal para hamb\u00fargueres generosos.<\/li>\n<li style=\"text-align: left;\" data-start=\"1839\" data-end=\"1887\"><strong>Cart\u00e3o<\/strong> resistente que ret\u00e9m bem o calor.<\/li>\n<li style=\"text-align: left;\" data-start=\"1890\" data-end=\"1929\"><strong>Fecho integrado<\/strong> s\u00f3lido e pr\u00e1tico.<\/li>\n<li style=\"text-align: left;\" data-start=\"1932\" data-end=\"1985\">Adequado para entrega e takeaway.<\/li>\n<li style=\"text-align: left;\" data-start=\"1988\" data-end=\"2017\">Design natural e adapt\u00e1vel.<\/li>\n<li style=\"text-align: left;\" data-start=\"2020\" data-end=\"2073\"><strong>Material recicl\u00e1vel<\/strong> e amigo do ambiente.<\/li>\n<li style=\"text-align: left;\" data-start=\"2076\" data-end=\"2123\">Embalados em embalagens pr\u00e1ticas e econ\u00f3micas de <strong>50<\/strong> unidades.<\/li>\n<\/ul>\n<\/div>\n<p>&nbsp;<\/p>\n<p><!--more--><\/p>\n<h4>Outras informa\u00e7\u00f5es :<\/h4>\n<ul>\n<li><strong>Embalagem<\/strong>: Pacote de 50<\/li>\n<li><strong>Dimens\u00f5es<\/strong>: 170 x 170 x 80 mm<\/li>\n<li><strong>Material<\/strong>: Cart\u00e3o<\/li>\n<li><strong>Tipo de tampa<\/strong>: Tampa com dobradi\u00e7as<\/li>\n<\/ul>\n<p>&nbsp;<\/p>\n<p><!--more--><\/p>\n<p>Produto dispon\u00edvel em v\u00e1rios tamanhos:  <span style=\"color: #d12727;\"><a style=\"color: #d12727;\" href=\"https:\/\/www.csj-emballages.com\/es\/produit\/100-cajas-dobles-desechables-para-hamburguesas-120-x-130-x-70-mm\/\">HP1K<\/a><\/span> \/ <span style=\"color: #d12727;\"><a style=\"color: #d12727;\" href=\"https:\/\/www.csj-emballages.com\/es\/produit\/100-cajas-de-chips-desechables-175-x-120-x-70-mm\/\">HP2K<\/a><\/span> \/ <g id=\"gid_4\"><g id=\"gid_5\">HP3K<\/g><\/g> \/ <span style=\"color: #d12727;\"><a style=\"color: #d12727;\" href=\"https:\/\/www.csj-emballages.com\/pt-pt\/produit\/50-caixas-de-cartao-225-x-180-x-90-mm\/\">HP4K<\/a><\/span> \/ <span style=\"color: #d12727;\"><a style=\"color: #d12727;\" href=\"https:\/\/www.csj-emballages.com\/pt-pt\/produit\/100-caixas-de-cartao-descartaveis-para-panini-208-x-70-x-75-mm\/\">HP5K<\/a><\/span> \/ <span style=\"color: #d12727;\"><a style=\"color: #d12727;\" href=\"https:\/\/www.csj-emballages.com\/pt-pt\/produit\/caixa-de-cartao-para-hamburgueres-165-x-150-x-110-mm-por-100\/\">HP6KH<\/a><\/span> \/ <span style=\"color: #d12727;\"><a style=\"color: #d12727;\" href=\"https:\/\/www.csj-emballages.com\/es\/produit\/100-cajas-dobles-desechables-para-hamburguesas-150-x-150-x-70-mm\/\">HP6K<\/a><\/span> \/        <span style=\"color: #d12727;\"><a style=\"color: #d12727;\" href=\"https:\/\/www.csj-emballages.com\/es\/produit\/50-cajas-dobles-desechables-para-hamburguesas-150-x-150-x-70-mm\/\">HP6KGE<\/a> <span style=\"color: #000000;\">\/<\/span> <a style=\"color: #d12727;\" href=\"https:\/\/www.csj-emballages.com\/produit\/50-boite-carton-hot-dog-carton-kraft-23-2-x-9-x-6-3-cm-restauration-snack-emporter\/\">HP8K<\/a><\/span><\/p>\n<p>&nbsp;<\/p>\n<p><!--more--><\/p>\n<p><a href=\"https:\/\/www.csj-emballages.com\/pt-pt\/categorie-produit\/embalagem-de-alimentos\/restauracao\/caixas-tabuleiros-bolsas-cones\/tabuleiros-caixas-de-cartao\/lancheiras\/\">V\u00ea o resto da nossa gama de caixas para hamb\u00fargueres<\/a><\/p>\n","protected":false},"excerpt":{"rendered":"<p>Caixa de hamb\u00fargueres Descri\u00e7\u00e3o da caixa de cart\u00e3o XL para hamb\u00fargueres 170 x 170 x 80 mm por 100<\/p>\n","protected":false},"featured_media":223877,"template":"","meta":{"_acf_changed":false},"product_brand":[],"product_cat":[1141,1138,2793],"product_tag":[],"class_list":{"0":"post-21725","1":"product","2":"type-product","3":"status-publish","4":"has-post-thumbnail","6":"product_cat-embalagem-de-alimentos","7":"product_cat-restauracao","8":"product_cat-lancheiras","10":"first","11":"instock","12":"taxable","13":"shipping-taxable","14":"purchasable","15":"product-type-simple"},"acf":[],"yoast_head":"<!-- This site is optimized with the Yoast SEO Premium plugin v26.6 (Yoast SEO v26.6) - https:\/\/yoast.com\/wordpress\/plugins\/seo\/ -->\n<title>Caixa de hamb\u00farguer XL Caixa de cart\u00e3o 170 x 170 x 80 mm por 50<\/title>\n<meta name=\"description\" content=\"Descobre a nossa caixa de cart\u00e3o XL para hamb\u00fargueres 170 x 170 x 80 mm: resistente, pr\u00e1tica e ecol\u00f3gica, perfeita para transportar os teus hamb\u00fargueres e snacks.\" \/>\n<meta name=\"robots\" content=\"index, follow, max-snippet:-1, max-image-preview:large, max-video-preview:-1\" \/>\n<link rel=\"canonical\" href=\"https:\/\/www.csj-emballages.com\/pt-pt\/produit\/50-caixas-de-hamburguer-duplas-xl-descartaveis-170-x-170-x-80-mm\/\" \/>\n<meta property=\"og:locale\" content=\"pt_PT\" \/>\n<meta property=\"og:type\" content=\"article\" \/>\n<meta property=\"og:title\" content=\"Caixa de cart\u00e3o XL para hamb\u00fargueres 170 x 170 x 80 mm por 50\" \/>\n<meta property=\"og:description\" content=\"Descobre a nossa caixa de cart\u00e3o XL para hamb\u00fargueres 170 x 170 x 80 mm: resistente, pr\u00e1tica e ecol\u00f3gica, perfeita para transportar os teus hamb\u00fargueres e snacks.\" \/>\n<meta property=\"og:url\" content=\"https:\/\/www.csj-emballages.com\/pt-pt\/produit\/50-caixas-de-hamburguer-duplas-xl-descartaveis-170-x-170-x-80-mm\/\" \/>\n<meta property=\"og:site_name\" content=\"CSJ Emballages\" \/>\n<meta property=\"article:publisher\" content=\"https:\/\/www.facebook.com\/csjemballages\" \/>\n<meta property=\"article:modified_time\" content=\"2026-03-12T15:27:30+00:00\" \/>\n<meta property=\"og:image\" content=\"https:\/\/www.csj-emballages.com\/wp-content\/uploads\/2024\/03\/HP6KGEXL.webp\" \/>\n\t<meta property=\"og:image:width\" content=\"800\" \/>\n\t<meta property=\"og:image:height\" content=\"800\" \/>\n\t<meta property=\"og:image:type\" content=\"image\/webp\" \/>\n<meta name=\"twitter:card\" content=\"summary_large_image\" \/>\n<meta name=\"twitter:label1\" content=\"Tempo estimado de leitura\" \/>\n\t<meta name=\"twitter:data1\" content=\"2 minutos\" \/>\n<script type=\"application\/ld+json\" class=\"yoast-schema-graph\">{\"@context\":\"https:\/\/schema.org\",\"@graph\":[{\"@type\":\"WebPage\",\"@id\":\"https:\/\/www.csj-emballages.com\/pt-pt\/produit\/50-caixas-de-hamburguer-duplas-xl-descartaveis-170-x-170-x-80-mm\/\",\"url\":\"https:\/\/www.csj-emballages.com\/pt-pt\/produit\/50-caixas-de-hamburguer-duplas-xl-descartaveis-170-x-170-x-80-mm\/\",\"name\":\"Caixa de hamb\u00farguer XL Caixa de cart\u00e3o 170 x 170 x 80 mm por 50\",\"isPartOf\":{\"@id\":\"https:\/\/www.csj-emballages.com\/pt-pt\/#website\"},\"primaryImageOfPage\":{\"@id\":\"https:\/\/www.csj-emballages.com\/pt-pt\/produit\/50-caixas-de-hamburguer-duplas-xl-descartaveis-170-x-170-x-80-mm\/#primaryimage\"},\"image\":{\"@id\":\"https:\/\/www.csj-emballages.com\/pt-pt\/produit\/50-caixas-de-hamburguer-duplas-xl-descartaveis-170-x-170-x-80-mm\/#primaryimage\"},\"thumbnailUrl\":\"https:\/\/www.csj-emballages.com\/wp-content\/uploads\/2024\/03\/HP6KGEXL.webp\",\"datePublished\":\"2024-03-01T15:52:06+00:00\",\"dateModified\":\"2026-03-12T15:27:30+00:00\",\"description\":\"Descobre a nossa caixa de cart\u00e3o XL para hamb\u00fargueres 170 x 170 x 80 mm: resistente, pr\u00e1tica e ecol\u00f3gica, perfeita para transportar os teus hamb\u00fargueres e snacks.\",\"breadcrumb\":{\"@id\":\"https:\/\/www.csj-emballages.com\/pt-pt\/produit\/50-caixas-de-hamburguer-duplas-xl-descartaveis-170-x-170-x-80-mm\/#breadcrumb\"},\"inLanguage\":\"pt-PT\",\"potentialAction\":[{\"@type\":\"ReadAction\",\"target\":[\"https:\/\/www.csj-emballages.com\/pt-pt\/produit\/50-caixas-de-hamburguer-duplas-xl-descartaveis-170-x-170-x-80-mm\/\"]}]},{\"@type\":\"ImageObject\",\"inLanguage\":\"pt-PT\",\"@id\":\"https:\/\/www.csj-emballages.com\/pt-pt\/produit\/50-caixas-de-hamburguer-duplas-xl-descartaveis-170-x-170-x-80-mm\/#primaryimage\",\"url\":\"https:\/\/www.csj-emballages.com\/wp-content\/uploads\/2024\/03\/HP6KGEXL.webp\",\"contentUrl\":\"https:\/\/www.csj-emballages.com\/wp-content\/uploads\/2024\/03\/HP6KGEXL.webp\",\"width\":800,\"height\":800,\"caption\":\"Boite burger\"},{\"@type\":\"BreadcrumbList\",\"@id\":\"https:\/\/www.csj-emballages.com\/pt-pt\/produit\/50-caixas-de-hamburguer-duplas-xl-descartaveis-170-x-170-x-80-mm\/#breadcrumb\",\"itemListElement\":[{\"@type\":\"ListItem\",\"position\":1,\"name\":\"Acolhimento\",\"item\":\"https:\/\/www.csj-emballages.com\/pt-pt\/universo-das-embalagens-alimentares\/\"},{\"@type\":\"ListItem\",\"position\":2,\"name\":\"Shop\",\"item\":\"https:\/\/www.csj-emballages.com\/shop\/\"},{\"@type\":\"ListItem\",\"position\":3,\"name\":\"Caixa de cart\u00e3o XL para hamb\u00fargueres 170 x 170 x 80 mm por 50\"}]},{\"@type\":\"WebSite\",\"@id\":\"https:\/\/www.csj-emballages.com\/pt-pt\/#website\",\"url\":\"https:\/\/www.csj-emballages.com\/pt-pt\/\",\"name\":\"CSJ Emballages\",\"description\":\"\",\"publisher\":{\"@id\":\"https:\/\/www.csj-emballages.com\/pt-pt\/#organization\"},\"potentialAction\":[{\"@type\":\"SearchAction\",\"target\":{\"@type\":\"EntryPoint\",\"urlTemplate\":\"https:\/\/www.csj-emballages.com\/pt-pt\/?s={search_term_string}\"},\"query-input\":{\"@type\":\"PropertyValueSpecification\",\"valueRequired\":true,\"valueName\":\"search_term_string\"}}],\"inLanguage\":\"pt-PT\"},{\"@type\":\"Organization\",\"@id\":\"https:\/\/www.csj-emballages.com\/pt-pt\/#Organization\/\",\"name\":\"CSJ Emballages\",\"url\":\"https:\/\/www.csj-emballages.com\/pt-pt\/\",\"logo\":{\"@type\":\"ImageObject\",\"inLanguage\":\"pt-PT\",\"@id\":\"https:\/\/www.csj-emballages.com\/pt-pt\/#\/schema\/logo\/image\/\",\"url\":\"https:\/\/www.csj-emballages.com\/wp-content\/uploads\/2023\/10\/logo_csj.webp\",\"contentUrl\":\"https:\/\/www.csj-emballages.com\/wp-content\/uploads\/2023\/10\/logo_csj.webp\",\"width\":250,\"height\":95,\"caption\":\"CSJ Emballages\"},\"image\":{\"@id\":\"https:\/\/www.csj-emballages.com\/pt-pt\/#\/schema\/logo\/image\/\"},\"sameAs\":[\"https:\/\/www.facebook.com\/csjemballages\"],\"address\":{\"@type\":\"PostalAddress\",\"streetAddress\":\"ZI La Lechere\",\"addressLocality\":\"Patornay\",\"postalCode\":\"39130\",\"addressCountry\":\"FR\"},\"contactPoint\":[{\"@type\":\"ContactPoint\",\"contactType\":\"Service client\",\"telephone\":\"0384254272\",\"email\":\"contact@csj-emballages.com\"}]}]}<\/script>\n<!-- \/ Yoast SEO Premium plugin. -->","yoast_head_json":{"title":"Caixa de hamb\u00farguer XL Caixa de cart\u00e3o 170 x 170 x 80 mm por 50","description":"Descobre a nossa caixa de cart\u00e3o XL para hamb\u00fargueres 170 x 170 x 80 mm: resistente, pr\u00e1tica e ecol\u00f3gica, perfeita para transportar os teus hamb\u00fargueres e snacks.","robots":{"index":"index","follow":"follow","max-snippet":"max-snippet:-1","max-image-preview":"max-image-preview:large","max-video-preview":"max-video-preview:-1"},"canonical":"https:\/\/www.csj-emballages.com\/pt-pt\/produit\/50-caixas-de-hamburguer-duplas-xl-descartaveis-170-x-170-x-80-mm\/","og_locale":"pt_PT","og_type":"article","og_title":"Caixa de cart\u00e3o XL para hamb\u00fargueres 170 x 170 x 80 mm por 50","og_description":"Descobre a nossa caixa de cart\u00e3o XL para hamb\u00fargueres 170 x 170 x 80 mm: resistente, pr\u00e1tica e ecol\u00f3gica, perfeita para transportar os teus hamb\u00fargueres e snacks.","og_url":"https:\/\/www.csj-emballages.com\/pt-pt\/produit\/50-caixas-de-hamburguer-duplas-xl-descartaveis-170-x-170-x-80-mm\/","og_site_name":"CSJ Emballages","article_publisher":"https:\/\/www.facebook.com\/csjemballages","article_modified_time":"2026-03-12T15:27:30+00:00","og_image":[{"width":800,"height":800,"url":"https:\/\/www.csj-emballages.com\/wp-content\/uploads\/2024\/03\/HP6KGEXL.webp","type":"image\/webp"}],"twitter_card":"summary_large_image","twitter_misc":{"Tempo estimado de leitura":"2 minutos"},"schema":{"@context":"https:\/\/schema.org","@graph":[{"@type":"WebPage","@id":"https:\/\/www.csj-emballages.com\/pt-pt\/produit\/50-caixas-de-hamburguer-duplas-xl-descartaveis-170-x-170-x-80-mm\/","url":"https:\/\/www.csj-emballages.com\/pt-pt\/produit\/50-caixas-de-hamburguer-duplas-xl-descartaveis-170-x-170-x-80-mm\/","name":"Caixa de hamb\u00farguer XL Caixa de cart\u00e3o 170 x 170 x 80 mm por 50","isPartOf":{"@id":"https:\/\/www.csj-emballages.com\/pt-pt\/#website"},"primaryImageOfPage":{"@id":"https:\/\/www.csj-emballages.com\/pt-pt\/produit\/50-caixas-de-hamburguer-duplas-xl-descartaveis-170-x-170-x-80-mm\/#primaryimage"},"image":{"@id":"https:\/\/www.csj-emballages.com\/pt-pt\/produit\/50-caixas-de-hamburguer-duplas-xl-descartaveis-170-x-170-x-80-mm\/#primaryimage"},"thumbnailUrl":"https:\/\/www.csj-emballages.com\/wp-content\/uploads\/2024\/03\/HP6KGEXL.webp","datePublished":"2024-03-01T15:52:06+00:00","dateModified":"2026-03-12T15:27:30+00:00","description":"Descobre a nossa caixa de cart\u00e3o XL para hamb\u00fargueres 170 x 170 x 80 mm: resistente, pr\u00e1tica e ecol\u00f3gica, perfeita para transportar os teus hamb\u00fargueres e snacks.","breadcrumb":{"@id":"https:\/\/www.csj-emballages.com\/pt-pt\/produit\/50-caixas-de-hamburguer-duplas-xl-descartaveis-170-x-170-x-80-mm\/#breadcrumb"},"inLanguage":"pt-PT","potentialAction":[{"@type":"ReadAction","target":["https:\/\/www.csj-emballages.com\/pt-pt\/produit\/50-caixas-de-hamburguer-duplas-xl-descartaveis-170-x-170-x-80-mm\/"]}]},{"@type":"ImageObject","inLanguage":"pt-PT","@id":"https:\/\/www.csj-emballages.com\/pt-pt\/produit\/50-caixas-de-hamburguer-duplas-xl-descartaveis-170-x-170-x-80-mm\/#primaryimage","url":"https:\/\/www.csj-emballages.com\/wp-content\/uploads\/2024\/03\/HP6KGEXL.webp","contentUrl":"https:\/\/www.csj-emballages.com\/wp-content\/uploads\/2024\/03\/HP6KGEXL.webp","width":800,"height":800,"caption":"Boite burger"},{"@type":"BreadcrumbList","@id":"https:\/\/www.csj-emballages.com\/pt-pt\/produit\/50-caixas-de-hamburguer-duplas-xl-descartaveis-170-x-170-x-80-mm\/#breadcrumb","itemListElement":[{"@type":"ListItem","position":1,"name":"Acolhimento","item":"https:\/\/www.csj-emballages.com\/pt-pt\/universo-das-embalagens-alimentares\/"},{"@type":"ListItem","position":2,"name":"Shop","item":"https:\/\/www.csj-emballages.com\/shop\/"},{"@type":"ListItem","position":3,"name":"Caixa de cart\u00e3o XL para hamb\u00fargueres 170 x 170 x 80 mm por 50"}]},{"@type":"WebSite","@id":"https:\/\/www.csj-emballages.com\/pt-pt\/#website","url":"https:\/\/www.csj-emballages.com\/pt-pt\/","name":"CSJ Emballages","description":"","publisher":{"@id":"https:\/\/www.csj-emballages.com\/pt-pt\/#organization"},"potentialAction":[{"@type":"SearchAction","target":{"@type":"EntryPoint","urlTemplate":"https:\/\/www.csj-emballages.com\/pt-pt\/?s={search_term_string}"},"query-input":{"@type":"PropertyValueSpecification","valueRequired":true,"valueName":"search_term_string"}}],"inLanguage":"pt-PT"},{"@type":"Organization","@id":"https:\/\/www.csj-emballages.com\/pt-pt\/#Organization\/","name":"CSJ Emballages","url":"https:\/\/www.csj-emballages.com\/pt-pt\/","logo":{"@type":"ImageObject","inLanguage":"pt-PT","@id":"https:\/\/www.csj-emballages.com\/pt-pt\/#\/schema\/logo\/image\/","url":"https:\/\/www.csj-emballages.com\/wp-content\/uploads\/2023\/10\/logo_csj.webp","contentUrl":"https:\/\/www.csj-emballages.com\/wp-content\/uploads\/2023\/10\/logo_csj.webp","width":250,"height":95,"caption":"CSJ Emballages"},"image":{"@id":"https:\/\/www.csj-emballages.com\/pt-pt\/#\/schema\/logo\/image\/"},"sameAs":["https:\/\/www.facebook.com\/csjemballages"],"address":{"@type":"PostalAddress","streetAddress":"ZI La Lechere","addressLocality":"Patornay","postalCode":"39130","addressCountry":"FR"},"contactPoint":[{"@type":"ContactPoint","contactType":"Service client","telephone":"0384254272","email":"contact@csj-emballages.com"}]}]}},"df_price":11,"df_sale_price":"","df_regular_price":11,"df_image_link":"https:\/\/www.csj-emballages.com\/wp-content\/uploads\/2024\/03\/HP6KGEXL-300x300.webp","tiered_pricing_type":"fixed","tiered_pricing_fixed_rules":[],"tiered_pricing_percentage_rules":[],"tiered_pricing_minimum":1,"tiered_pricing_roles_data":[],"_links":{"self":[{"href":"https:\/\/www.csj-emballages.com\/pt-pt\/wp-json\/wp\/v2\/product\/21725","targetHints":{"allow":["GET"]}}],"collection":[{"href":"https:\/\/www.csj-emballages.com\/pt-pt\/wp-json\/wp\/v2\/product"}],"about":[{"href":"https:\/\/www.csj-emballages.com\/pt-pt\/wp-json\/wp\/v2\/types\/product"}],"wp:featuredmedia":[{"embeddable":true,"href":"https:\/\/www.csj-emballages.com\/pt-pt\/wp-json\/wp\/v2\/media\/223877"}],"wp:attachment":[{"href":"https:\/\/www.csj-emballages.com\/pt-pt\/wp-json\/wp\/v2\/media?parent=21725"}],"wp:term":[{"taxonomy":"product_brand","embeddable":true,"href":"https:\/\/www.csj-emballages.com\/pt-pt\/wp-json\/wp\/v2\/product_brand?post=21725"},{"taxonomy":"product_cat","embeddable":true,"href":"https:\/\/www.csj-emballages.com\/pt-pt\/wp-json\/wp\/v2\/product_cat?post=21725"},{"taxonomy":"product_tag","embeddable":true,"href":"https:\/\/www.csj-emballages.com\/pt-pt\/wp-json\/wp\/v2\/product_tag?post=21725"}],"curies":[{"name":"wp","href":"https:\/\/api.w.org\/{rel}","templated":true}]}}