{"id":21720,"date":"2024-03-01T16:52:05","date_gmt":"2024-03-01T15:52:05","guid":{"rendered":"https:\/\/u15jnbdpoq.preview.infomaniak.website\/produit\/50-caixas-para-hamburgueres-biodegradaveis-de-bagaco-de-cana-155-x-160-x-80-mm\/"},"modified":"2026-05-04T12:01:27","modified_gmt":"2026-05-04T10:01:27","slug":"50-caixas-para-hamburgueres-biodegradaveis-de-bagaco-de-cana-155-x-160-x-80-mm","status":"publish","type":"product","link":"https:\/\/www.csj-emballages.com\/pt-pt\/produit\/50-caixas-para-hamburgueres-biodegradaveis-de-bagaco-de-cana-155-x-160-x-80-mm\/","title":{"rendered":"Caixa de hamb\u00farguer de baga\u00e7o biodegrad\u00e1vel 155 x 160 x 80 mm x 50"},"content":{"rendered":"<h2>Caixa de hamb\u00fargueres<\/h2>\n<hr>\n<h3>Descri\u00e7\u00e3o da nossa caixa de hamb\u00farguer de baga\u00e7o biodegrad\u00e1vel 150 x 150 x 40\/80 mm por 50<\/h3>\n<p><!--more--><\/p>\n<p data-start=\"221\" data-end=\"679\">Procura uma embalagem pr\u00e1tica, resistente e amiga do ambiente para os seus hamb\u00fargueres? Ent\u00e3o esta <strong data-start=\"357\" data-end=\"384\">caixa de baga\u00e7o para hamb\u00fargueres<\/strong> \u00e9 para si. Fabricada a partir de <strong>res\u00edduos de cana-de-a\u00e7\u00facar<\/strong>, \u00e9 <strong data-start=\"463\" data-end=\"501\">100% biodegrad\u00e1vel e compost\u00e1vel<\/strong>, e <strong data-start=\"523\" data-end=\"547\">surpreendentemente resistente<\/strong>. Ao contr\u00e1rio das embalagens de pl\u00e1stico ou de poliestireno, \u00e9 perfeitamente resistente ao calor, \u00e0 humidade e \u00e0 gordura. Com as suas dimens\u00f5es generosas de <strong>150 x 150 x 40\/80 mm<\/strong>, pode acomodar v\u00e1rios tipos de hamb\u00farguer: cl\u00e1ssico, duplo, gourmet ou mesmo com coberturas generosas. O seu <strong>fecho articulado<\/strong> permite-lhe ser transportado com toda a seguran\u00e7a, sem risco de abertura acidental ou de fugas.     <\/p>\n<p data-start=\"970\" data-end=\"1244\">\u00c9 uma escolha inteligente para <strong data-start=\"1007\" data-end=\"1024\">restaurantes<\/strong>, <strong data-start=\"1026\" data-end=\"1039\">fornecedores de refei\u00e7\u00f5es<\/strong> e <strong data-start=\"1041\" data-end=\"1051\">snack-bares<\/strong>, bem como para <strong data-start=\"1066\" data-end=\"1090\">indiv\u00edduos empenhados numa<\/strong> abordagem eco-respons\u00e1vel. \u00c9 perfeito para levar ou entregar, mantendo a sua comida quente e apetitosa. <\/p>\n<p data-start=\"1246\" data-end=\"1456\">Esta <strong>embalagem de 50 caixas de hamb\u00fargueres<\/strong> \u00e9 ideal para os profissionais que pretendem aliar qualidade, praticidade e ecologia. Uma verdadeira mais-valia para a sua imagem junto de uma clientela cada vez mais sens\u00edvel \u00e0s quest\u00f5es ambientais. <\/p>\n<p data-start=\"1246\" data-end=\"1456\"><!--more--><\/p>\n<h4 data-start=\"1246\" data-end=\"1456\">Vantagens :<\/h4>\n<ul>\n<li>100% biodegrad\u00e1vel, compost\u00e1vel e recicl\u00e1vel.<\/li>\n<li>Resistente ao calor, \u00e0 gordura e \u00e0 humidade.<\/li>\n<li>Formato ideal para todos os tipos de hamb\u00fargueres.<\/li>\n<li>Fecho seguro com dobradi\u00e7as.<\/li>\n<li>Solu\u00e7\u00e3o de takeaway eco-respons\u00e1vel.<\/li>\n<li>Melhoria da imagem junto de clientes preocupados com o ambiente.<\/li>\n<\/ul>\n<p>&nbsp;<\/p>\n<p><!--more--><\/p>\n<h4>Outras informa\u00e7\u00f5es :<\/h4>\n<ul>\n<li><strong>Embalagem<\/strong>: Pacote de 50<\/li>\n<li><strong>Dimens\u00f5es<\/strong>: 150 x 150 x 40\/80 mm<\/li>\n<li><strong>Material<\/strong>: Baga\u00e7o (polpa de cana de a\u00e7\u00facar)<\/li>\n<li><strong>Cor <\/strong>: Branco<\/li>\n<\/ul>\n<p>&nbsp;<\/p>\n<p><!--more--><\/p>\n<p>Encontre aqui a nossa caixa de hamb\u00fargueres de 210 x 200 x 78 mm: <span style=\"color: #d12727;\"><a style=\"color: #d12727;\" href=\"https:\/\/www.csj-emballages.com\/produit\/50-boites-en-bagasse-biodegradables-210-x-200-x-78-mm\/\">HP41BIO<\/a><\/span><\/p>\n<p>&nbsp;<\/p>\n<p><!--more--><\/p>\n<p><a href=\"https:\/\/www.csj-emballages.com\/pt-pt\/categorie-produit\/embalagem-de-alimentos\/gama-biologica\/pratos-tabuleiros-caixas\/caixas-com-dobradicas-bio\/\">Ver o resto da nossa gama de caixas org\u00e2nicas com dobradi\u00e7as<\/a><\/p>\n","protected":false},"excerpt":{"rendered":"<p>Caixa de hamb\u00fargueres Descri\u00e7\u00e3o da nossa caixa de hamb\u00farguer de baga\u00e7o biodegrad\u00e1vel 150 x 150 x 40\/80 mm por 50<\/p>\n","protected":false},"featured_media":239879,"template":"","meta":{"_acf_changed":false},"product_brand":[],"product_cat":[1138,1152,2797],"product_tag":[],"class_list":{"0":"post-21720","1":"product","2":"type-product","3":"status-publish","4":"has-post-thumbnail","6":"product_cat-restauracao","7":"product_cat-gama-biologica","8":"product_cat-caixas-com-dobradicas-bio","10":"first","11":"instock","12":"taxable","13":"shipping-taxable","14":"purchasable","15":"product-type-simple"},"acf":[],"yoast_head":"<!-- This site is optimized with the Yoast SEO Premium plugin v26.6 (Yoast SEO v26.6) - https:\/\/yoast.com\/wordpress\/plugins\/seo\/ -->\n<title>Caixa de hamb\u00farguer de baga\u00e7o biodegrad\u00e1vel 150 x 150 x 40\/80 mm (50 por caixa)<\/title>\n<meta name=\"description\" content=\"Caixa para hamb\u00fargueres em baga\u00e7o biodegrad\u00e1vel 155 x 160 x 80 mm - Embalagem de 50. Resistente, ecol\u00f3gica e pr\u00e1tica para a venda de takeaway.\" \/>\n<meta name=\"robots\" content=\"index, follow, max-snippet:-1, max-image-preview:large, max-video-preview:-1\" \/>\n<link rel=\"canonical\" href=\"https:\/\/www.csj-emballages.com\/pt-pt\/produit\/50-caixas-para-hamburgueres-biodegradaveis-de-bagaco-de-cana-155-x-160-x-80-mm\/\" \/>\n<meta property=\"og:locale\" content=\"pt_PT\" \/>\n<meta property=\"og:type\" content=\"article\" \/>\n<meta property=\"og:title\" content=\"Caixa de hamb\u00farguer de baga\u00e7o biodegrad\u00e1vel 155 x 160 x 80 mm x 50\" \/>\n<meta property=\"og:description\" content=\"Caixa para hamb\u00fargueres em baga\u00e7o biodegrad\u00e1vel 155 x 160 x 80 mm - Embalagem de 50. Resistente, ecol\u00f3gica e pr\u00e1tica para a venda de takeaway.\" \/>\n<meta property=\"og:url\" content=\"https:\/\/www.csj-emballages.com\/pt-pt\/produit\/50-caixas-para-hamburgueres-biodegradaveis-de-bagaco-de-cana-155-x-160-x-80-mm\/\" \/>\n<meta property=\"og:site_name\" content=\"CSJ Emballages\" \/>\n<meta property=\"article:publisher\" content=\"https:\/\/www.facebook.com\/csjemballages\" \/>\n<meta property=\"article:modified_time\" content=\"2026-05-04T10:01:27+00:00\" \/>\n<meta property=\"og:image\" content=\"https:\/\/www.csj-emballages.com\/wp-content\/uploads\/2024\/03\/HP6BIO.webp\" \/>\n\t<meta property=\"og:image:width\" content=\"800\" \/>\n\t<meta property=\"og:image:height\" content=\"800\" \/>\n\t<meta property=\"og:image:type\" content=\"image\/webp\" \/>\n<meta name=\"twitter:card\" content=\"summary_large_image\" \/>\n<meta name=\"twitter:label1\" content=\"Tempo estimado de leitura\" \/>\n\t<meta name=\"twitter:data1\" content=\"1 minuto\" \/>\n<script type=\"application\/ld+json\" class=\"yoast-schema-graph\">{\"@context\":\"https:\/\/schema.org\",\"@graph\":[{\"@type\":\"WebPage\",\"@id\":\"https:\/\/www.csj-emballages.com\/pt-pt\/produit\/50-caixas-para-hamburgueres-biodegradaveis-de-bagaco-de-cana-155-x-160-x-80-mm\/\",\"url\":\"https:\/\/www.csj-emballages.com\/pt-pt\/produit\/50-caixas-para-hamburgueres-biodegradaveis-de-bagaco-de-cana-155-x-160-x-80-mm\/\",\"name\":\"Caixa de hamb\u00farguer de baga\u00e7o biodegrad\u00e1vel 150 x 150 x 40\/80 mm (50 por caixa)\",\"isPartOf\":{\"@id\":\"https:\/\/www.csj-emballages.com\/pt-pt\/#website\"},\"primaryImageOfPage\":{\"@id\":\"https:\/\/www.csj-emballages.com\/pt-pt\/produit\/50-caixas-para-hamburgueres-biodegradaveis-de-bagaco-de-cana-155-x-160-x-80-mm\/#primaryimage\"},\"image\":{\"@id\":\"https:\/\/www.csj-emballages.com\/pt-pt\/produit\/50-caixas-para-hamburgueres-biodegradaveis-de-bagaco-de-cana-155-x-160-x-80-mm\/#primaryimage\"},\"thumbnailUrl\":\"https:\/\/www.csj-emballages.com\/wp-content\/uploads\/2024\/03\/HP6BIO.webp\",\"datePublished\":\"2024-03-01T15:52:05+00:00\",\"dateModified\":\"2026-05-04T10:01:27+00:00\",\"description\":\"Caixa para hamb\u00fargueres em baga\u00e7o biodegrad\u00e1vel 155 x 160 x 80 mm - Embalagem de 50. Resistente, ecol\u00f3gica e pr\u00e1tica para a venda de takeaway.\",\"breadcrumb\":{\"@id\":\"https:\/\/www.csj-emballages.com\/pt-pt\/produit\/50-caixas-para-hamburgueres-biodegradaveis-de-bagaco-de-cana-155-x-160-x-80-mm\/#breadcrumb\"},\"inLanguage\":\"pt-PT\",\"potentialAction\":[{\"@type\":\"ReadAction\",\"target\":[\"https:\/\/www.csj-emballages.com\/pt-pt\/produit\/50-caixas-para-hamburgueres-biodegradaveis-de-bagaco-de-cana-155-x-160-x-80-mm\/\"]}]},{\"@type\":\"ImageObject\",\"inLanguage\":\"pt-PT\",\"@id\":\"https:\/\/www.csj-emballages.com\/pt-pt\/produit\/50-caixas-para-hamburgueres-biodegradaveis-de-bagaco-de-cana-155-x-160-x-80-mm\/#primaryimage\",\"url\":\"https:\/\/www.csj-emballages.com\/wp-content\/uploads\/2024\/03\/HP6BIO.webp\",\"contentUrl\":\"https:\/\/www.csj-emballages.com\/wp-content\/uploads\/2024\/03\/HP6BIO.webp\",\"width\":800,\"height\":800,\"caption\":\"Boite burger\"},{\"@type\":\"BreadcrumbList\",\"@id\":\"https:\/\/www.csj-emballages.com\/pt-pt\/produit\/50-caixas-para-hamburgueres-biodegradaveis-de-bagaco-de-cana-155-x-160-x-80-mm\/#breadcrumb\",\"itemListElement\":[{\"@type\":\"ListItem\",\"position\":1,\"name\":\"Acolhimento\",\"item\":\"https:\/\/www.csj-emballages.com\/pt-pt\/universo-das-embalagens-alimentares\/\"},{\"@type\":\"ListItem\",\"position\":2,\"name\":\"Shop\",\"item\":\"https:\/\/www.csj-emballages.com\/shop\/\"},{\"@type\":\"ListItem\",\"position\":3,\"name\":\"Caixa de hamb\u00farguer de baga\u00e7o biodegrad\u00e1vel 155 x 160 x 80 mm x 50\"}]},{\"@type\":\"WebSite\",\"@id\":\"https:\/\/www.csj-emballages.com\/pt-pt\/#website\",\"url\":\"https:\/\/www.csj-emballages.com\/pt-pt\/\",\"name\":\"CSJ Emballages\",\"description\":\"\",\"publisher\":{\"@id\":\"https:\/\/www.csj-emballages.com\/pt-pt\/#organization\"},\"potentialAction\":[{\"@type\":\"SearchAction\",\"target\":{\"@type\":\"EntryPoint\",\"urlTemplate\":\"https:\/\/www.csj-emballages.com\/pt-pt\/?s={search_term_string}\"},\"query-input\":{\"@type\":\"PropertyValueSpecification\",\"valueRequired\":true,\"valueName\":\"search_term_string\"}}],\"inLanguage\":\"pt-PT\"},{\"@type\":\"Organization\",\"@id\":\"https:\/\/www.csj-emballages.com\/pt-pt\/#Organization\/\",\"name\":\"CSJ Emballages\",\"url\":\"https:\/\/www.csj-emballages.com\/pt-pt\/\",\"logo\":{\"@type\":\"ImageObject\",\"inLanguage\":\"pt-PT\",\"@id\":\"https:\/\/www.csj-emballages.com\/pt-pt\/#\/schema\/logo\/image\/\",\"url\":\"https:\/\/www.csj-emballages.com\/wp-content\/uploads\/2023\/10\/logo_csj.webp\",\"contentUrl\":\"https:\/\/www.csj-emballages.com\/wp-content\/uploads\/2023\/10\/logo_csj.webp\",\"width\":250,\"height\":95,\"caption\":\"CSJ Emballages\"},\"image\":{\"@id\":\"https:\/\/www.csj-emballages.com\/pt-pt\/#\/schema\/logo\/image\/\"},\"sameAs\":[\"https:\/\/www.facebook.com\/csjemballages\"],\"address\":{\"@type\":\"PostalAddress\",\"streetAddress\":\"ZI La Lechere\",\"addressLocality\":\"Patornay\",\"postalCode\":\"39130\",\"addressCountry\":\"FR\"},\"contactPoint\":[{\"@type\":\"ContactPoint\",\"contactType\":\"Service client\",\"telephone\":\"0384254272\",\"email\":\"contact@csj-emballages.com\"}]}]}<\/script>\n<!-- \/ Yoast SEO Premium plugin. -->","yoast_head_json":{"title":"Caixa de hamb\u00farguer de baga\u00e7o biodegrad\u00e1vel 150 x 150 x 40\/80 mm (50 por caixa)","description":"Caixa para hamb\u00fargueres em baga\u00e7o biodegrad\u00e1vel 155 x 160 x 80 mm - Embalagem de 50. Resistente, ecol\u00f3gica e pr\u00e1tica para a venda de takeaway.","robots":{"index":"index","follow":"follow","max-snippet":"max-snippet:-1","max-image-preview":"max-image-preview:large","max-video-preview":"max-video-preview:-1"},"canonical":"https:\/\/www.csj-emballages.com\/pt-pt\/produit\/50-caixas-para-hamburgueres-biodegradaveis-de-bagaco-de-cana-155-x-160-x-80-mm\/","og_locale":"pt_PT","og_type":"article","og_title":"Caixa de hamb\u00farguer de baga\u00e7o biodegrad\u00e1vel 155 x 160 x 80 mm x 50","og_description":"Caixa para hamb\u00fargueres em baga\u00e7o biodegrad\u00e1vel 155 x 160 x 80 mm - Embalagem de 50. Resistente, ecol\u00f3gica e pr\u00e1tica para a venda de takeaway.","og_url":"https:\/\/www.csj-emballages.com\/pt-pt\/produit\/50-caixas-para-hamburgueres-biodegradaveis-de-bagaco-de-cana-155-x-160-x-80-mm\/","og_site_name":"CSJ Emballages","article_publisher":"https:\/\/www.facebook.com\/csjemballages","article_modified_time":"2026-05-04T10:01:27+00:00","og_image":[{"width":800,"height":800,"url":"https:\/\/www.csj-emballages.com\/wp-content\/uploads\/2024\/03\/HP6BIO.webp","type":"image\/webp"}],"twitter_card":"summary_large_image","twitter_misc":{"Tempo estimado de leitura":"1 minuto"},"schema":{"@context":"https:\/\/schema.org","@graph":[{"@type":"WebPage","@id":"https:\/\/www.csj-emballages.com\/pt-pt\/produit\/50-caixas-para-hamburgueres-biodegradaveis-de-bagaco-de-cana-155-x-160-x-80-mm\/","url":"https:\/\/www.csj-emballages.com\/pt-pt\/produit\/50-caixas-para-hamburgueres-biodegradaveis-de-bagaco-de-cana-155-x-160-x-80-mm\/","name":"Caixa de hamb\u00farguer de baga\u00e7o biodegrad\u00e1vel 150 x 150 x 40\/80 mm (50 por caixa)","isPartOf":{"@id":"https:\/\/www.csj-emballages.com\/pt-pt\/#website"},"primaryImageOfPage":{"@id":"https:\/\/www.csj-emballages.com\/pt-pt\/produit\/50-caixas-para-hamburgueres-biodegradaveis-de-bagaco-de-cana-155-x-160-x-80-mm\/#primaryimage"},"image":{"@id":"https:\/\/www.csj-emballages.com\/pt-pt\/produit\/50-caixas-para-hamburgueres-biodegradaveis-de-bagaco-de-cana-155-x-160-x-80-mm\/#primaryimage"},"thumbnailUrl":"https:\/\/www.csj-emballages.com\/wp-content\/uploads\/2024\/03\/HP6BIO.webp","datePublished":"2024-03-01T15:52:05+00:00","dateModified":"2026-05-04T10:01:27+00:00","description":"Caixa para hamb\u00fargueres em baga\u00e7o biodegrad\u00e1vel 155 x 160 x 80 mm - Embalagem de 50. Resistente, ecol\u00f3gica e pr\u00e1tica para a venda de takeaway.","breadcrumb":{"@id":"https:\/\/www.csj-emballages.com\/pt-pt\/produit\/50-caixas-para-hamburgueres-biodegradaveis-de-bagaco-de-cana-155-x-160-x-80-mm\/#breadcrumb"},"inLanguage":"pt-PT","potentialAction":[{"@type":"ReadAction","target":["https:\/\/www.csj-emballages.com\/pt-pt\/produit\/50-caixas-para-hamburgueres-biodegradaveis-de-bagaco-de-cana-155-x-160-x-80-mm\/"]}]},{"@type":"ImageObject","inLanguage":"pt-PT","@id":"https:\/\/www.csj-emballages.com\/pt-pt\/produit\/50-caixas-para-hamburgueres-biodegradaveis-de-bagaco-de-cana-155-x-160-x-80-mm\/#primaryimage","url":"https:\/\/www.csj-emballages.com\/wp-content\/uploads\/2024\/03\/HP6BIO.webp","contentUrl":"https:\/\/www.csj-emballages.com\/wp-content\/uploads\/2024\/03\/HP6BIO.webp","width":800,"height":800,"caption":"Boite burger"},{"@type":"BreadcrumbList","@id":"https:\/\/www.csj-emballages.com\/pt-pt\/produit\/50-caixas-para-hamburgueres-biodegradaveis-de-bagaco-de-cana-155-x-160-x-80-mm\/#breadcrumb","itemListElement":[{"@type":"ListItem","position":1,"name":"Acolhimento","item":"https:\/\/www.csj-emballages.com\/pt-pt\/universo-das-embalagens-alimentares\/"},{"@type":"ListItem","position":2,"name":"Shop","item":"https:\/\/www.csj-emballages.com\/shop\/"},{"@type":"ListItem","position":3,"name":"Caixa de hamb\u00farguer de baga\u00e7o biodegrad\u00e1vel 155 x 160 x 80 mm x 50"}]},{"@type":"WebSite","@id":"https:\/\/www.csj-emballages.com\/pt-pt\/#website","url":"https:\/\/www.csj-emballages.com\/pt-pt\/","name":"CSJ Emballages","description":"","publisher":{"@id":"https:\/\/www.csj-emballages.com\/pt-pt\/#organization"},"potentialAction":[{"@type":"SearchAction","target":{"@type":"EntryPoint","urlTemplate":"https:\/\/www.csj-emballages.com\/pt-pt\/?s={search_term_string}"},"query-input":{"@type":"PropertyValueSpecification","valueRequired":true,"valueName":"search_term_string"}}],"inLanguage":"pt-PT"},{"@type":"Organization","@id":"https:\/\/www.csj-emballages.com\/pt-pt\/#Organization\/","name":"CSJ Emballages","url":"https:\/\/www.csj-emballages.com\/pt-pt\/","logo":{"@type":"ImageObject","inLanguage":"pt-PT","@id":"https:\/\/www.csj-emballages.com\/pt-pt\/#\/schema\/logo\/image\/","url":"https:\/\/www.csj-emballages.com\/wp-content\/uploads\/2023\/10\/logo_csj.webp","contentUrl":"https:\/\/www.csj-emballages.com\/wp-content\/uploads\/2023\/10\/logo_csj.webp","width":250,"height":95,"caption":"CSJ Emballages"},"image":{"@id":"https:\/\/www.csj-emballages.com\/pt-pt\/#\/schema\/logo\/image\/"},"sameAs":["https:\/\/www.facebook.com\/csjemballages"],"address":{"@type":"PostalAddress","streetAddress":"ZI La Lechere","addressLocality":"Patornay","postalCode":"39130","addressCountry":"FR"},"contactPoint":[{"@type":"ContactPoint","contactType":"Service client","telephone":"0384254272","email":"contact@csj-emballages.com"}]}]}},"df_price":6.89,"df_sale_price":"","df_regular_price":6.89,"df_image_link":"https:\/\/www.csj-emballages.com\/wp-content\/uploads\/2024\/03\/HP6BIO-300x300.webp","tiered_pricing_type":"fixed","tiered_pricing_fixed_rules":[],"tiered_pricing_percentage_rules":[],"tiered_pricing_minimum":1,"tiered_pricing_roles_data":[],"_links":{"self":[{"href":"https:\/\/www.csj-emballages.com\/pt-pt\/wp-json\/wp\/v2\/product\/21720","targetHints":{"allow":["GET"]}}],"collection":[{"href":"https:\/\/www.csj-emballages.com\/pt-pt\/wp-json\/wp\/v2\/product"}],"about":[{"href":"https:\/\/www.csj-emballages.com\/pt-pt\/wp-json\/wp\/v2\/types\/product"}],"wp:featuredmedia":[{"embeddable":true,"href":"https:\/\/www.csj-emballages.com\/pt-pt\/wp-json\/wp\/v2\/media\/239879"}],"wp:attachment":[{"href":"https:\/\/www.csj-emballages.com\/pt-pt\/wp-json\/wp\/v2\/media?parent=21720"}],"wp:term":[{"taxonomy":"product_brand","embeddable":true,"href":"https:\/\/www.csj-emballages.com\/pt-pt\/wp-json\/wp\/v2\/product_brand?post=21720"},{"taxonomy":"product_cat","embeddable":true,"href":"https:\/\/www.csj-emballages.com\/pt-pt\/wp-json\/wp\/v2\/product_cat?post=21720"},{"taxonomy":"product_tag","embeddable":true,"href":"https:\/\/www.csj-emballages.com\/pt-pt\/wp-json\/wp\/v2\/product_tag?post=21720"}],"curies":[{"name":"wp","href":"https:\/\/api.w.org\/{rel}","templated":true}]}}