{"id":21704,"date":"2024-03-01T16:52:07","date_gmt":"2024-03-01T15:52:07","guid":{"rendered":"https:\/\/u15jnbdpoq.preview.infomaniak.website\/produit\/50-caixas-de-bagaco-biodegradaveis-2-compartimentos-225-x-164-x-64-mm\/"},"modified":"2026-04-30T02:14:01","modified_gmt":"2026-04-30T00:14:01","slug":"50-caixas-de-bagaco-biodegradaveis-2-compartimentos-225-x-164-x-64-mm","status":"publish","type":"product","link":"https:\/\/www.csj-emballages.com\/pt-pt\/produit\/50-caixas-de-bagaco-biodegradaveis-2-compartimentos-225-x-164-x-64-mm\/","title":{"rendered":"Caixa de refei\u00e7\u00f5es 2 compartimentos baga\u00e7o biodegrad\u00e1vel 245 x 164 x 75 mm por 50"},"content":{"rendered":"<h2>Caixa de refei\u00e7\u00f5es<\/h2>\n<hr>\n<h3>Descri\u00e7\u00e3o da nossa lancheira de baga\u00e7o biodegrad\u00e1vel com 2 compartimentos 245 x 164 x 75 mm, 50 unidades<!--more--><\/h3>\n<div class=\"flex max-w-full flex-col flex-grow\">\n<div class=\"min-h-8 text-message flex w-full flex-col items-end gap-2 whitespace-normal break-words text-start [.text-message+&amp;]:mt-5\" dir=\"auto\" data-message-author-role=\"assistant\" data-message-id=\"266ca6f3-5e07-4948-bd20-80ac5e6da4a5\" data-message-model-slug=\"gpt-4o\">\n<div class=\"flex w-full flex-col gap-1 empty:hidden first:pt-[3px]\">\n<div class=\"markdown prose w-full break-words dark:prose-invert dark\">\n<p data-start=\"146\" data-end=\"516\">Procura uma solu\u00e7\u00e3o pr\u00e1tica, ecol\u00f3gica e profissional para embalar a sua comida para levar? A <strong>lancheira de baga\u00e7o com 2 compartimentos<\/strong> \u00e9 simplesmente um must-have para todos os restauradores, fornecedores de refei\u00e7\u00f5es e organizadores de eventos preocupados com o ambiente&#8230; sem nunca comprometer a praticidade! <\/p>\n<p data-start=\"518\" data-end=\"810\">Fabricada a partir de <strong data-start=\"540\" data-end=\"551\">baga\u00e7o<\/strong>, um <strong>res\u00edduo natural da cana-de-a\u00e7\u00facar<\/strong>, esta <strong>lancheira<\/strong> \u00e9 <strong data-start=\"613\" data-end=\"651\">100% biodegrad\u00e1vel e compost\u00e1vel<\/strong>. Constitui uma alternativa sustent\u00e1vel \u00e0s embalagens de pl\u00e1stico ou de poliestireno, oferecendo simultaneamente uma excelente resist\u00eancia ao calor e \u00e0 humidade. <\/p>\n<p data-start=\"812\" data-end=\"1107\">Com os seus <strong data-start=\"821\" data-end=\"843\">dois compartimentos<\/strong>, facilita <strong data-start=\"860\" data-end=\"895\">a separa\u00e7\u00e3o dos alimentos<\/strong>, quer se trate de um prato quente com acompanhamentos ou de um menu de entradas\/pratos. O seu tamanho generoso de <strong>245 x 164 x 75 mm<\/strong> torna-o ideal para por\u00e7\u00f5es abundantes, mantendo-se empilh\u00e1vel e f\u00e1cil de guardar. <\/p>\n<p data-start=\"1109\" data-end=\"1458\">A estrutura r\u00edgida do baga\u00e7o permite segur\u00e1-la facilmente, n\u00e3o se deforma com os pratos em molho e pode ser colocada no <strong data-start=\"1243\" data-end=\"1258\">micro-ondas<\/strong> ou no <strong data-start=\"1266\" data-end=\"1283\">frigor\u00edfico<\/strong>. Quer se trate de entregas, de servi\u00e7o take-away ou de eventos ao ar livre, esta caixa responde \u00e0s exig\u00eancias dos profissionais&#8230; mas tamb\u00e9m dos particulares exigentes! <\/p>\n<p data-start=\"1460\" data-end=\"1581\">Al\u00e9m disso, a sua imagem ser\u00e1 valorizada: os seus clientes apreciar\u00e3o o esfor\u00e7o eco-respons\u00e1vel e a apresenta\u00e7\u00e3o meticulosa dos seus pratos.<\/p>\n<p>&nbsp;<\/p>\n<\/div>\n<\/div>\n<\/div>\n<\/div>\n<p><!--more--><\/p>\n<h4>Vantagens :<\/h4>\n<ul>\n<li>Embalagens biodegrad\u00e1veis e compost\u00e1veis.<\/li>\n<li>Dois compartimentos para separar os alimentos.<\/li>\n<li>Suporta alimentos quentes, micro-ondas e frigor\u00edficos.<\/li>\n<li>Estrutura r\u00edgida e estanque.<\/li>\n<li>Ideal para levar ou entregar refei\u00e7\u00f5es.<\/li>\n<\/ul>\n<p>&nbsp;<\/p>\n<p><!--more--><\/p>\n<h4>Outras informa\u00e7\u00f5es :<\/h4>\n<ul>\n<li><strong>Embalagem<\/strong>: Pacote de 50<\/li>\n<li><strong>Dimens\u00f5es<\/strong>: 245 x 164 x 75 mm<\/li>\n<li><strong>Material<\/strong>: Baga\u00e7o (fibra de cana-de-a\u00e7\u00facar)<\/li>\n<li><strong>Cor<\/strong>: Branco<\/li>\n<li><b>Capacidade: <\/b>2 compartimentos<\/li>\n<li><strong>Temperatura de funcionamento<\/strong>: -4\u00b0C \/ +100\u00b0C<\/li>\n<\/ul>\n<p>&nbsp;<\/p>\n<p><!--more--><\/p>\n<p>Este produto tamb\u00e9m est\u00e1 dispon\u00edvel em 3 compartimentos: <span style=\"color: #d12727;\"><a style=\"color: #d12727;\" href=\"https:\/\/www.csj-emballages.com\/es\/produit\/50-cajas-biodegradables-de-bagazo-de-3-compartimentos-236-x-229-x-85-mm\/\">HP43BIO<\/a><\/span><\/p>\n<p>&nbsp;<\/p>\n<p><!--more--><\/p>\n<p><a href=\"https:\/\/www.csj-emballages.com\/pt-pt\/categorie-produit\/embalagem-de-alimentos\/gama-biologica\/pratos-tabuleiros-caixas\/caixas-com-dobradicas-bio\/\">V\u00ea o resto da nossa gama de caixas org\u00e2nicas com dobradi\u00e7as<\/a><\/p>\n","protected":false},"excerpt":{"rendered":"<p>Caixa de refei\u00e7\u00f5es Descri\u00e7\u00e3o da nossa lancheira de baga\u00e7o biodegrad\u00e1vel com 2 compartimentos 245 x 164 x 75 mm, 50 unidades<\/p>\n","protected":false},"featured_media":239947,"template":"","meta":{"_acf_changed":false},"product_brand":[],"product_cat":[1138,1152,2797],"product_tag":[],"class_list":{"0":"post-21704","1":"product","2":"type-product","3":"status-publish","4":"has-post-thumbnail","6":"product_cat-restauracao","7":"product_cat-gama-biologica","8":"product_cat-caixas-com-dobradicas-bio","10":"first","11":"instock","12":"taxable","13":"shipping-taxable","14":"purchasable","15":"product-type-simple"},"acf":[],"yoast_head":"<!-- This site is optimized with the Yoast SEO Premium plugin v26.6 (Yoast SEO v26.6) - https:\/\/yoast.com\/wordpress\/plugins\/seo\/ -->\n<title>Lancheira biodegrad\u00e1vel com 2 compartimentos 245 x 164 x 75 mm<\/title>\n<meta name=\"description\" content=\"Lancheira com 2 compartimentos feita de baga\u00e7o biodegrad\u00e1vel - resistente, pr\u00e1tica e amiga do ambiente. Perfeita para catering e restaurantes. Embalagem de 50.\" \/>\n<meta name=\"robots\" content=\"index, follow, max-snippet:-1, max-image-preview:large, max-video-preview:-1\" \/>\n<link rel=\"canonical\" href=\"https:\/\/www.csj-emballages.com\/pt-pt\/produit\/50-caixas-de-bagaco-biodegradaveis-2-compartimentos-225-x-164-x-64-mm\/\" \/>\n<meta property=\"og:locale\" content=\"pt_PT\" \/>\n<meta property=\"og:type\" content=\"article\" \/>\n<meta property=\"og:title\" content=\"Caixa de refei\u00e7\u00f5es 2 compartimentos baga\u00e7o biodegrad\u00e1vel 245 x 164 x 75 mm por 50\" \/>\n<meta property=\"og:description\" content=\"Lancheira com 2 compartimentos feita de baga\u00e7o biodegrad\u00e1vel - resistente, pr\u00e1tica e amiga do ambiente. Perfeita para catering e restaurantes. Embalagem de 50.\" \/>\n<meta property=\"og:url\" content=\"https:\/\/www.csj-emballages.com\/pt-pt\/produit\/50-caixas-de-bagaco-biodegradaveis-2-compartimentos-225-x-164-x-64-mm\/\" \/>\n<meta property=\"og:site_name\" content=\"CSJ Emballages\" \/>\n<meta property=\"article:publisher\" content=\"https:\/\/www.facebook.com\/csjemballages\" \/>\n<meta property=\"article:modified_time\" content=\"2026-04-30T00:14:01+00:00\" \/>\n<meta property=\"og:image\" content=\"https:\/\/www.csj-emballages.com\/wp-content\/uploads\/2024\/03\/HP32BIO-3.webp\" \/>\n\t<meta property=\"og:image:width\" content=\"800\" \/>\n\t<meta property=\"og:image:height\" content=\"800\" \/>\n\t<meta property=\"og:image:type\" content=\"image\/webp\" \/>\n<meta name=\"twitter:card\" content=\"summary_large_image\" \/>\n<meta name=\"twitter:label1\" content=\"Tempo estimado de leitura\" \/>\n\t<meta name=\"twitter:data1\" content=\"2 minutos\" \/>\n<script type=\"application\/ld+json\" class=\"yoast-schema-graph\">{\"@context\":\"https:\/\/schema.org\",\"@graph\":[{\"@type\":\"WebPage\",\"@id\":\"https:\/\/www.csj-emballages.com\/pt-pt\/produit\/50-caixas-de-bagaco-biodegradaveis-2-compartimentos-225-x-164-x-64-mm\/\",\"url\":\"https:\/\/www.csj-emballages.com\/pt-pt\/produit\/50-caixas-de-bagaco-biodegradaveis-2-compartimentos-225-x-164-x-64-mm\/\",\"name\":\"Lancheira biodegrad\u00e1vel com 2 compartimentos 245 x 164 x 75 mm\",\"isPartOf\":{\"@id\":\"https:\/\/www.csj-emballages.com\/pt-pt\/#website\"},\"primaryImageOfPage\":{\"@id\":\"https:\/\/www.csj-emballages.com\/pt-pt\/produit\/50-caixas-de-bagaco-biodegradaveis-2-compartimentos-225-x-164-x-64-mm\/#primaryimage\"},\"image\":{\"@id\":\"https:\/\/www.csj-emballages.com\/pt-pt\/produit\/50-caixas-de-bagaco-biodegradaveis-2-compartimentos-225-x-164-x-64-mm\/#primaryimage\"},\"thumbnailUrl\":\"https:\/\/www.csj-emballages.com\/wp-content\/uploads\/2024\/03\/HP32BIO-3.webp\",\"datePublished\":\"2024-03-01T15:52:07+00:00\",\"dateModified\":\"2026-04-30T00:14:01+00:00\",\"description\":\"Lancheira com 2 compartimentos feita de baga\u00e7o biodegrad\u00e1vel - resistente, pr\u00e1tica e amiga do ambiente. Perfeita para catering e restaurantes. Embalagem de 50.\",\"breadcrumb\":{\"@id\":\"https:\/\/www.csj-emballages.com\/pt-pt\/produit\/50-caixas-de-bagaco-biodegradaveis-2-compartimentos-225-x-164-x-64-mm\/#breadcrumb\"},\"inLanguage\":\"pt-PT\",\"potentialAction\":[{\"@type\":\"ReadAction\",\"target\":[\"https:\/\/www.csj-emballages.com\/pt-pt\/produit\/50-caixas-de-bagaco-biodegradaveis-2-compartimentos-225-x-164-x-64-mm\/\"]}]},{\"@type\":\"ImageObject\",\"inLanguage\":\"pt-PT\",\"@id\":\"https:\/\/www.csj-emballages.com\/pt-pt\/produit\/50-caixas-de-bagaco-biodegradaveis-2-compartimentos-225-x-164-x-64-mm\/#primaryimage\",\"url\":\"https:\/\/www.csj-emballages.com\/wp-content\/uploads\/2024\/03\/HP32BIO-3.webp\",\"contentUrl\":\"https:\/\/www.csj-emballages.com\/wp-content\/uploads\/2024\/03\/HP32BIO-3.webp\",\"width\":800,\"height\":800,\"caption\":\"Boite repas 2 compartiments\"},{\"@type\":\"BreadcrumbList\",\"@id\":\"https:\/\/www.csj-emballages.com\/pt-pt\/produit\/50-caixas-de-bagaco-biodegradaveis-2-compartimentos-225-x-164-x-64-mm\/#breadcrumb\",\"itemListElement\":[{\"@type\":\"ListItem\",\"position\":1,\"name\":\"Acolhimento\",\"item\":\"https:\/\/www.csj-emballages.com\/pt-pt\/universo-das-embalagens-alimentares\/\"},{\"@type\":\"ListItem\",\"position\":2,\"name\":\"Shop\",\"item\":\"https:\/\/www.csj-emballages.com\/shop\/\"},{\"@type\":\"ListItem\",\"position\":3,\"name\":\"Caixa de refei\u00e7\u00f5es 2 compartimentos baga\u00e7o biodegrad\u00e1vel 245 x 164 x 75 mm por 50\"}]},{\"@type\":\"WebSite\",\"@id\":\"https:\/\/www.csj-emballages.com\/pt-pt\/#website\",\"url\":\"https:\/\/www.csj-emballages.com\/pt-pt\/\",\"name\":\"CSJ Emballages\",\"description\":\"\",\"publisher\":{\"@id\":\"https:\/\/www.csj-emballages.com\/pt-pt\/#organization\"},\"potentialAction\":[{\"@type\":\"SearchAction\",\"target\":{\"@type\":\"EntryPoint\",\"urlTemplate\":\"https:\/\/www.csj-emballages.com\/pt-pt\/?s={search_term_string}\"},\"query-input\":{\"@type\":\"PropertyValueSpecification\",\"valueRequired\":true,\"valueName\":\"search_term_string\"}}],\"inLanguage\":\"pt-PT\"},{\"@type\":\"Organization\",\"@id\":\"https:\/\/www.csj-emballages.com\/pt-pt\/#Organization\/\",\"name\":\"CSJ Emballages\",\"url\":\"https:\/\/www.csj-emballages.com\/pt-pt\/\",\"logo\":{\"@type\":\"ImageObject\",\"inLanguage\":\"pt-PT\",\"@id\":\"https:\/\/www.csj-emballages.com\/pt-pt\/#\/schema\/logo\/image\/\",\"url\":\"https:\/\/www.csj-emballages.com\/wp-content\/uploads\/2023\/10\/logo_csj.webp\",\"contentUrl\":\"https:\/\/www.csj-emballages.com\/wp-content\/uploads\/2023\/10\/logo_csj.webp\",\"width\":250,\"height\":95,\"caption\":\"CSJ Emballages\"},\"image\":{\"@id\":\"https:\/\/www.csj-emballages.com\/pt-pt\/#\/schema\/logo\/image\/\"},\"sameAs\":[\"https:\/\/www.facebook.com\/csjemballages\"],\"address\":{\"@type\":\"PostalAddress\",\"streetAddress\":\"ZI La Lechere\",\"addressLocality\":\"Patornay\",\"postalCode\":\"39130\",\"addressCountry\":\"FR\"},\"contactPoint\":[{\"@type\":\"ContactPoint\",\"contactType\":\"Service client\",\"telephone\":\"0384254272\",\"email\":\"contact@csj-emballages.com\"}]}]}<\/script>\n<!-- \/ Yoast SEO Premium plugin. -->","yoast_head_json":{"title":"Lancheira biodegrad\u00e1vel com 2 compartimentos 245 x 164 x 75 mm","description":"Lancheira com 2 compartimentos feita de baga\u00e7o biodegrad\u00e1vel - resistente, pr\u00e1tica e amiga do ambiente. Perfeita para catering e restaurantes. Embalagem de 50.","robots":{"index":"index","follow":"follow","max-snippet":"max-snippet:-1","max-image-preview":"max-image-preview:large","max-video-preview":"max-video-preview:-1"},"canonical":"https:\/\/www.csj-emballages.com\/pt-pt\/produit\/50-caixas-de-bagaco-biodegradaveis-2-compartimentos-225-x-164-x-64-mm\/","og_locale":"pt_PT","og_type":"article","og_title":"Caixa de refei\u00e7\u00f5es 2 compartimentos baga\u00e7o biodegrad\u00e1vel 245 x 164 x 75 mm por 50","og_description":"Lancheira com 2 compartimentos feita de baga\u00e7o biodegrad\u00e1vel - resistente, pr\u00e1tica e amiga do ambiente. Perfeita para catering e restaurantes. Embalagem de 50.","og_url":"https:\/\/www.csj-emballages.com\/pt-pt\/produit\/50-caixas-de-bagaco-biodegradaveis-2-compartimentos-225-x-164-x-64-mm\/","og_site_name":"CSJ Emballages","article_publisher":"https:\/\/www.facebook.com\/csjemballages","article_modified_time":"2026-04-30T00:14:01+00:00","og_image":[{"width":800,"height":800,"url":"https:\/\/www.csj-emballages.com\/wp-content\/uploads\/2024\/03\/HP32BIO-3.webp","type":"image\/webp"}],"twitter_card":"summary_large_image","twitter_misc":{"Tempo estimado de leitura":"2 minutos"},"schema":{"@context":"https:\/\/schema.org","@graph":[{"@type":"WebPage","@id":"https:\/\/www.csj-emballages.com\/pt-pt\/produit\/50-caixas-de-bagaco-biodegradaveis-2-compartimentos-225-x-164-x-64-mm\/","url":"https:\/\/www.csj-emballages.com\/pt-pt\/produit\/50-caixas-de-bagaco-biodegradaveis-2-compartimentos-225-x-164-x-64-mm\/","name":"Lancheira biodegrad\u00e1vel com 2 compartimentos 245 x 164 x 75 mm","isPartOf":{"@id":"https:\/\/www.csj-emballages.com\/pt-pt\/#website"},"primaryImageOfPage":{"@id":"https:\/\/www.csj-emballages.com\/pt-pt\/produit\/50-caixas-de-bagaco-biodegradaveis-2-compartimentos-225-x-164-x-64-mm\/#primaryimage"},"image":{"@id":"https:\/\/www.csj-emballages.com\/pt-pt\/produit\/50-caixas-de-bagaco-biodegradaveis-2-compartimentos-225-x-164-x-64-mm\/#primaryimage"},"thumbnailUrl":"https:\/\/www.csj-emballages.com\/wp-content\/uploads\/2024\/03\/HP32BIO-3.webp","datePublished":"2024-03-01T15:52:07+00:00","dateModified":"2026-04-30T00:14:01+00:00","description":"Lancheira com 2 compartimentos feita de baga\u00e7o biodegrad\u00e1vel - resistente, pr\u00e1tica e amiga do ambiente. Perfeita para catering e restaurantes. Embalagem de 50.","breadcrumb":{"@id":"https:\/\/www.csj-emballages.com\/pt-pt\/produit\/50-caixas-de-bagaco-biodegradaveis-2-compartimentos-225-x-164-x-64-mm\/#breadcrumb"},"inLanguage":"pt-PT","potentialAction":[{"@type":"ReadAction","target":["https:\/\/www.csj-emballages.com\/pt-pt\/produit\/50-caixas-de-bagaco-biodegradaveis-2-compartimentos-225-x-164-x-64-mm\/"]}]},{"@type":"ImageObject","inLanguage":"pt-PT","@id":"https:\/\/www.csj-emballages.com\/pt-pt\/produit\/50-caixas-de-bagaco-biodegradaveis-2-compartimentos-225-x-164-x-64-mm\/#primaryimage","url":"https:\/\/www.csj-emballages.com\/wp-content\/uploads\/2024\/03\/HP32BIO-3.webp","contentUrl":"https:\/\/www.csj-emballages.com\/wp-content\/uploads\/2024\/03\/HP32BIO-3.webp","width":800,"height":800,"caption":"Boite repas 2 compartiments"},{"@type":"BreadcrumbList","@id":"https:\/\/www.csj-emballages.com\/pt-pt\/produit\/50-caixas-de-bagaco-biodegradaveis-2-compartimentos-225-x-164-x-64-mm\/#breadcrumb","itemListElement":[{"@type":"ListItem","position":1,"name":"Acolhimento","item":"https:\/\/www.csj-emballages.com\/pt-pt\/universo-das-embalagens-alimentares\/"},{"@type":"ListItem","position":2,"name":"Shop","item":"https:\/\/www.csj-emballages.com\/shop\/"},{"@type":"ListItem","position":3,"name":"Caixa de refei\u00e7\u00f5es 2 compartimentos baga\u00e7o biodegrad\u00e1vel 245 x 164 x 75 mm por 50"}]},{"@type":"WebSite","@id":"https:\/\/www.csj-emballages.com\/pt-pt\/#website","url":"https:\/\/www.csj-emballages.com\/pt-pt\/","name":"CSJ Emballages","description":"","publisher":{"@id":"https:\/\/www.csj-emballages.com\/pt-pt\/#organization"},"potentialAction":[{"@type":"SearchAction","target":{"@type":"EntryPoint","urlTemplate":"https:\/\/www.csj-emballages.com\/pt-pt\/?s={search_term_string}"},"query-input":{"@type":"PropertyValueSpecification","valueRequired":true,"valueName":"search_term_string"}}],"inLanguage":"pt-PT"},{"@type":"Organization","@id":"https:\/\/www.csj-emballages.com\/pt-pt\/#Organization\/","name":"CSJ Emballages","url":"https:\/\/www.csj-emballages.com\/pt-pt\/","logo":{"@type":"ImageObject","inLanguage":"pt-PT","@id":"https:\/\/www.csj-emballages.com\/pt-pt\/#\/schema\/logo\/image\/","url":"https:\/\/www.csj-emballages.com\/wp-content\/uploads\/2023\/10\/logo_csj.webp","contentUrl":"https:\/\/www.csj-emballages.com\/wp-content\/uploads\/2023\/10\/logo_csj.webp","width":250,"height":95,"caption":"CSJ Emballages"},"image":{"@id":"https:\/\/www.csj-emballages.com\/pt-pt\/#\/schema\/logo\/image\/"},"sameAs":["https:\/\/www.facebook.com\/csjemballages"],"address":{"@type":"PostalAddress","streetAddress":"ZI La Lechere","addressLocality":"Patornay","postalCode":"39130","addressCountry":"FR"},"contactPoint":[{"@type":"ContactPoint","contactType":"Service client","telephone":"0384254272","email":"contact@csj-emballages.com"}]}]}},"df_price":12.04,"df_sale_price":"","df_regular_price":12.04,"df_image_link":"https:\/\/www.csj-emballages.com\/wp-content\/uploads\/2024\/03\/HP32BIO-3-300x300.webp","tiered_pricing_type":"fixed","tiered_pricing_fixed_rules":[],"tiered_pricing_percentage_rules":[],"tiered_pricing_minimum":1,"tiered_pricing_roles_data":[],"_links":{"self":[{"href":"https:\/\/www.csj-emballages.com\/pt-pt\/wp-json\/wp\/v2\/product\/21704","targetHints":{"allow":["GET"]}}],"collection":[{"href":"https:\/\/www.csj-emballages.com\/pt-pt\/wp-json\/wp\/v2\/product"}],"about":[{"href":"https:\/\/www.csj-emballages.com\/pt-pt\/wp-json\/wp\/v2\/types\/product"}],"wp:featuredmedia":[{"embeddable":true,"href":"https:\/\/www.csj-emballages.com\/pt-pt\/wp-json\/wp\/v2\/media\/239947"}],"wp:attachment":[{"href":"https:\/\/www.csj-emballages.com\/pt-pt\/wp-json\/wp\/v2\/media?parent=21704"}],"wp:term":[{"taxonomy":"product_brand","embeddable":true,"href":"https:\/\/www.csj-emballages.com\/pt-pt\/wp-json\/wp\/v2\/product_brand?post=21704"},{"taxonomy":"product_cat","embeddable":true,"href":"https:\/\/www.csj-emballages.com\/pt-pt\/wp-json\/wp\/v2\/product_cat?post=21704"},{"taxonomy":"product_tag","embeddable":true,"href":"https:\/\/www.csj-emballages.com\/pt-pt\/wp-json\/wp\/v2\/product_tag?post=21704"}],"curies":[{"name":"wp","href":"https:\/\/api.w.org\/{rel}","templated":true}]}}