{"id":21697,"date":"2024-03-01T16:52:06","date_gmt":"2024-03-01T15:52:06","guid":{"rendered":"https:\/\/u15jnbdpoq.preview.infomaniak.website\/produit\/50-caixas-biodegradaveis-de-bagaco-com-3-compartimentos-236-x-229-x-85-mm\/"},"modified":"2026-04-30T21:00:23","modified_gmt":"2026-04-30T19:00:23","slug":"50-caixas-biodegradaveis-de-bagaco-com-3-compartimentos-236-x-229-x-85-mm","status":"publish","type":"product","link":"https:\/\/www.csj-emballages.com\/pt-pt\/produit\/50-caixas-biodegradaveis-de-bagaco-com-3-compartimentos-236-x-229-x-85-mm\/","title":{"rendered":"Caixa de refei\u00e7\u00f5es 3 compartimentos baga\u00e7o biodegrad\u00e1vel 236 x 229 x 85 mm por 50"},"content":{"rendered":"<h2>Caixa de refei\u00e7\u00f5es<\/h2>\n<hr>\n<h3>Descri\u00e7\u00e3o da nossa lancheira de baga\u00e7o biodegrad\u00e1vel com 3 compartimentos 236 x 229 x 85 mm, 50 unidades<!--more--><\/h3>\n<div class=\"flex max-w-full flex-col flex-grow\">\n<div class=\"min-h-8 text-message flex w-full flex-col items-end gap-2 whitespace-normal break-words text-start [.text-message+&amp;]:mt-5\" dir=\"auto\" data-message-author-role=\"assistant\" data-message-id=\"266ca6f3-5e07-4948-bd20-80ac5e6da4a5\" data-message-model-slug=\"gpt-4o\">\n<div class=\"flex w-full flex-col gap-1 empty:hidden first:pt-[3px]\">\n<div class=\"markdown prose w-full break-words dark:prose-invert dark\">\n<p data-start=\"318\" data-end=\"735\">Concebida para responder \u00e0s necessidades dos profissionais da restaura\u00e7\u00e3o, <strong data-start=\"390\" data-end=\"440\">esta lancheira de baga\u00e7o com 3 compartimentos<\/strong> \u00e9 uma solu\u00e7\u00e3o pr\u00e1tica, ecol\u00f3gica e elegante para servir comida para levar ou refei\u00e7\u00f5es no local. Fabricada a partir de <strong>fibra de cana-de-a\u00e7\u00facar<\/strong><strong>(baga\u00e7o<\/strong>), \u00e9 <strong>100% biodegrad\u00e1vel<\/strong> e <strong>compost\u00e1vel<\/strong>, o que a torna uma alternativa sustent\u00e1vel \u00e0s embalagens de pl\u00e1stico ou alum\u00ednio. <\/p>\n<p data-start=\"737\" data-end=\"1126\">Com os seus <strong data-start=\"746\" data-end=\"780\">3 compartimentos distintos<\/strong>, permite separar os alimentos (prato principal, acompanhamento, sobremesa ou molho) sem o risco de se misturarem, mantendo os sabores intactos. O seu formato generoso de <strong>236 x 229 x 85 mm<\/strong> \u00e9 perfeito para por\u00e7\u00f5es completas, ideal para almo\u00e7os de empresa, food trucks, cantinas, eventos e festivais. <\/p>\n<p data-start=\"1128\" data-end=\"1340\">Robusto e resistente ao calor e ao frio, pode acomodar pratos quentes sem se deformar, e at\u00e9 pode ser utilizado <strong>no micro-ondas<\/strong>. A <strong>tampa articulada e reutiliz\u00e1vel<\/strong> significa que pode ser transportada em seguran\u00e7a sem derramar ou ser esmagada. <\/p>\n<p data-start=\"1342\" data-end=\"1548\">Ao escolher esta <strong>lancheira biodegrad\u00e1vel com 3 compartimentos<\/strong>, est\u00e1 a mostrar aos seus clientes que <strong data-start=\"1412\" data-end=\"1455\">a praticidade e o respeito pelo ambiente<\/strong> podem andar de m\u00e3os dadas. Uma solu\u00e7\u00e3o profissional concebida para as exig\u00eancias actuais. <\/p>\n<p data-start=\"1342\" data-end=\"1548\">\n<\/div>\n<\/div>\n<\/div>\n<\/div>\n<p><!--more--><\/p>\n<h4>Vantagens :<\/h4>\n<ul>\n<li>Embalagens biodegrad\u00e1veis e compost\u00e1veis.<\/li>\n<li>Tr\u00eas compartimentos para separar os alimentos.<\/li>\n<li>Suporta alimentos quentes, micro-ondas e frigor\u00edficos.<\/li>\n<li>Estrutura r\u00edgida e estanque.<\/li>\n<li>Ideal para levar ou entregar refei\u00e7\u00f5es.<\/li>\n<\/ul>\n<p>&nbsp;<\/p>\n<p><!--more--><\/p>\n<h4>Outras informa\u00e7\u00f5es :<\/h4>\n<ul>\n<li><strong>Embalagem<\/strong>: Pacote de 50<\/li>\n<li><strong>Dimens\u00f5es<\/strong>: 236 x 229 x 85 mm<\/li>\n<li><strong>Material<\/strong>: Baga\u00e7o (fibra de cana-de-a\u00e7\u00facar)<\/li>\n<li><strong>Cor<\/strong>: Branco<\/li>\n<li><b>Capacidade <\/b>: 3 compartimentos<\/li>\n<li><strong>Temperatura de funcionamento<\/strong>: -4\u00b0C \/ +100\u00b0C<\/li>\n<\/ul>\n<p>&nbsp;<\/p>\n<p><!--more--><\/p>\n<p>Este produto tamb\u00e9m est\u00e1 dispon\u00edvel em 2 compartimentos: <span style=\"color: #d12727;\"><a style=\"color: #d12727;\" href=\"https:\/\/www.csj-emballages.com\/pt-pt\/produit\/50-caixas-de-bagaco-biodegradaveis-2-compartimentos-225-x-164-x-64-mm\/\">HP32BIO<\/a><\/span><\/p>\n<p>&nbsp;<\/p>\n<p><!--more--><\/p>\n<p><a href=\"https:\/\/www.csj-emballages.com\/pt-pt\/categorie-produit\/embalagem-de-alimentos\/gama-biologica\/pratos-tabuleiros-caixas\/caixas-com-dobradicas-bio\/\">V\u00ea o resto da nossa gama de caixas org\u00e2nicas com dobradi\u00e7as<\/a><\/p>\n","protected":false},"excerpt":{"rendered":"<p>Caixa de refei\u00e7\u00f5es Descri\u00e7\u00e3o da nossa lancheira de baga\u00e7o biodegrad\u00e1vel com 3 compartimentos 236 x 229 x 85 mm, 50 unidades<\/p>\n","protected":false},"featured_media":239956,"template":"","meta":{"_acf_changed":false},"product_brand":[],"product_cat":[1138,1152,2797],"product_tag":[],"class_list":{"0":"post-21697","1":"product","2":"type-product","3":"status-publish","4":"has-post-thumbnail","6":"product_cat-restauracao","7":"product_cat-gama-biologica","8":"product_cat-caixas-com-dobradicas-bio","10":"first","11":"instock","12":"taxable","13":"shipping-taxable","14":"purchasable","15":"product-type-simple"},"acf":[],"yoast_head":"<!-- This site is optimized with the Yoast SEO Premium plugin v26.6 (Yoast SEO v26.6) - https:\/\/yoast.com\/wordpress\/plugins\/seo\/ -->\n<title>Lancheira biodegrad\u00e1vel com 3 compartimentos 236 x 229 x 85 mm<\/title>\n<meta name=\"description\" content=\"Lancheira biodegrad\u00e1vel de baga\u00e7o com 3 compartimentos - ideal para venda takeaway, resistente e compost\u00e1vel. Tamanho 236 x 229 x 85 mm - Embalagem de 50.\" \/>\n<meta name=\"robots\" content=\"index, follow, max-snippet:-1, max-image-preview:large, max-video-preview:-1\" \/>\n<link rel=\"canonical\" href=\"https:\/\/www.csj-emballages.com\/pt-pt\/produit\/50-caixas-biodegradaveis-de-bagaco-com-3-compartimentos-236-x-229-x-85-mm\/\" \/>\n<meta property=\"og:locale\" content=\"pt_PT\" \/>\n<meta property=\"og:type\" content=\"article\" \/>\n<meta property=\"og:title\" content=\"Caixa de refei\u00e7\u00f5es 3 compartimentos baga\u00e7o biodegrad\u00e1vel 236 x 229 x 85 mm por 50\" \/>\n<meta property=\"og:description\" content=\"Lancheira biodegrad\u00e1vel de baga\u00e7o com 3 compartimentos - ideal para venda takeaway, resistente e compost\u00e1vel. Tamanho 236 x 229 x 85 mm - Embalagem de 50.\" \/>\n<meta property=\"og:url\" content=\"https:\/\/www.csj-emballages.com\/pt-pt\/produit\/50-caixas-biodegradaveis-de-bagaco-com-3-compartimentos-236-x-229-x-85-mm\/\" \/>\n<meta property=\"og:site_name\" content=\"CSJ Emballages\" \/>\n<meta property=\"article:publisher\" content=\"https:\/\/www.facebook.com\/csjemballages\" \/>\n<meta property=\"article:modified_time\" content=\"2026-04-30T19:00:23+00:00\" \/>\n<meta property=\"og:image\" content=\"https:\/\/www.csj-emballages.com\/wp-content\/uploads\/2024\/03\/HP43BIO.webp\" \/>\n\t<meta property=\"og:image:width\" content=\"800\" \/>\n\t<meta property=\"og:image:height\" content=\"800\" \/>\n\t<meta property=\"og:image:type\" content=\"image\/webp\" \/>\n<meta name=\"twitter:card\" content=\"summary_large_image\" \/>\n<meta name=\"twitter:label1\" content=\"Tempo estimado de leitura\" \/>\n\t<meta name=\"twitter:data1\" content=\"2 minutos\" \/>\n<script type=\"application\/ld+json\" class=\"yoast-schema-graph\">{\"@context\":\"https:\/\/schema.org\",\"@graph\":[{\"@type\":\"WebPage\",\"@id\":\"https:\/\/www.csj-emballages.com\/pt-pt\/produit\/50-caixas-biodegradaveis-de-bagaco-com-3-compartimentos-236-x-229-x-85-mm\/\",\"url\":\"https:\/\/www.csj-emballages.com\/pt-pt\/produit\/50-caixas-biodegradaveis-de-bagaco-com-3-compartimentos-236-x-229-x-85-mm\/\",\"name\":\"Lancheira biodegrad\u00e1vel com 3 compartimentos 236 x 229 x 85 mm\",\"isPartOf\":{\"@id\":\"https:\/\/www.csj-emballages.com\/pt-pt\/#website\"},\"primaryImageOfPage\":{\"@id\":\"https:\/\/www.csj-emballages.com\/pt-pt\/produit\/50-caixas-biodegradaveis-de-bagaco-com-3-compartimentos-236-x-229-x-85-mm\/#primaryimage\"},\"image\":{\"@id\":\"https:\/\/www.csj-emballages.com\/pt-pt\/produit\/50-caixas-biodegradaveis-de-bagaco-com-3-compartimentos-236-x-229-x-85-mm\/#primaryimage\"},\"thumbnailUrl\":\"https:\/\/www.csj-emballages.com\/wp-content\/uploads\/2024\/03\/HP43BIO.webp\",\"datePublished\":\"2024-03-01T15:52:06+00:00\",\"dateModified\":\"2026-04-30T19:00:23+00:00\",\"description\":\"Lancheira biodegrad\u00e1vel de baga\u00e7o com 3 compartimentos - ideal para venda takeaway, resistente e compost\u00e1vel. Tamanho 236 x 229 x 85 mm - Embalagem de 50.\",\"breadcrumb\":{\"@id\":\"https:\/\/www.csj-emballages.com\/pt-pt\/produit\/50-caixas-biodegradaveis-de-bagaco-com-3-compartimentos-236-x-229-x-85-mm\/#breadcrumb\"},\"inLanguage\":\"pt-PT\",\"potentialAction\":[{\"@type\":\"ReadAction\",\"target\":[\"https:\/\/www.csj-emballages.com\/pt-pt\/produit\/50-caixas-biodegradaveis-de-bagaco-com-3-compartimentos-236-x-229-x-85-mm\/\"]}]},{\"@type\":\"ImageObject\",\"inLanguage\":\"pt-PT\",\"@id\":\"https:\/\/www.csj-emballages.com\/pt-pt\/produit\/50-caixas-biodegradaveis-de-bagaco-com-3-compartimentos-236-x-229-x-85-mm\/#primaryimage\",\"url\":\"https:\/\/www.csj-emballages.com\/wp-content\/uploads\/2024\/03\/HP43BIO.webp\",\"contentUrl\":\"https:\/\/www.csj-emballages.com\/wp-content\/uploads\/2024\/03\/HP43BIO.webp\",\"width\":800,\"height\":800,\"caption\":\"Boite repas 3 compartiments\"},{\"@type\":\"BreadcrumbList\",\"@id\":\"https:\/\/www.csj-emballages.com\/pt-pt\/produit\/50-caixas-biodegradaveis-de-bagaco-com-3-compartimentos-236-x-229-x-85-mm\/#breadcrumb\",\"itemListElement\":[{\"@type\":\"ListItem\",\"position\":1,\"name\":\"Acolhimento\",\"item\":\"https:\/\/www.csj-emballages.com\/pt-pt\/universo-das-embalagens-alimentares\/\"},{\"@type\":\"ListItem\",\"position\":2,\"name\":\"Shop\",\"item\":\"https:\/\/www.csj-emballages.com\/shop\/\"},{\"@type\":\"ListItem\",\"position\":3,\"name\":\"Caixa de refei\u00e7\u00f5es 3 compartimentos baga\u00e7o biodegrad\u00e1vel 236 x 229 x 85 mm por 50\"}]},{\"@type\":\"WebSite\",\"@id\":\"https:\/\/www.csj-emballages.com\/pt-pt\/#website\",\"url\":\"https:\/\/www.csj-emballages.com\/pt-pt\/\",\"name\":\"CSJ Emballages\",\"description\":\"\",\"publisher\":{\"@id\":\"https:\/\/www.csj-emballages.com\/pt-pt\/#organization\"},\"potentialAction\":[{\"@type\":\"SearchAction\",\"target\":{\"@type\":\"EntryPoint\",\"urlTemplate\":\"https:\/\/www.csj-emballages.com\/pt-pt\/?s={search_term_string}\"},\"query-input\":{\"@type\":\"PropertyValueSpecification\",\"valueRequired\":true,\"valueName\":\"search_term_string\"}}],\"inLanguage\":\"pt-PT\"},{\"@type\":\"Organization\",\"@id\":\"https:\/\/www.csj-emballages.com\/pt-pt\/#Organization\/\",\"name\":\"CSJ Emballages\",\"url\":\"https:\/\/www.csj-emballages.com\/pt-pt\/\",\"logo\":{\"@type\":\"ImageObject\",\"inLanguage\":\"pt-PT\",\"@id\":\"https:\/\/www.csj-emballages.com\/pt-pt\/#\/schema\/logo\/image\/\",\"url\":\"https:\/\/www.csj-emballages.com\/wp-content\/uploads\/2023\/10\/logo_csj.webp\",\"contentUrl\":\"https:\/\/www.csj-emballages.com\/wp-content\/uploads\/2023\/10\/logo_csj.webp\",\"width\":250,\"height\":95,\"caption\":\"CSJ Emballages\"},\"image\":{\"@id\":\"https:\/\/www.csj-emballages.com\/pt-pt\/#\/schema\/logo\/image\/\"},\"sameAs\":[\"https:\/\/www.facebook.com\/csjemballages\"],\"address\":{\"@type\":\"PostalAddress\",\"streetAddress\":\"ZI La Lechere\",\"addressLocality\":\"Patornay\",\"postalCode\":\"39130\",\"addressCountry\":\"FR\"},\"contactPoint\":[{\"@type\":\"ContactPoint\",\"contactType\":\"Service client\",\"telephone\":\"0384254272\",\"email\":\"contact@csj-emballages.com\"}]}]}<\/script>\n<!-- \/ Yoast SEO Premium plugin. -->","yoast_head_json":{"title":"Lancheira biodegrad\u00e1vel com 3 compartimentos 236 x 229 x 85 mm","description":"Lancheira biodegrad\u00e1vel de baga\u00e7o com 3 compartimentos - ideal para venda takeaway, resistente e compost\u00e1vel. Tamanho 236 x 229 x 85 mm - Embalagem de 50.","robots":{"index":"index","follow":"follow","max-snippet":"max-snippet:-1","max-image-preview":"max-image-preview:large","max-video-preview":"max-video-preview:-1"},"canonical":"https:\/\/www.csj-emballages.com\/pt-pt\/produit\/50-caixas-biodegradaveis-de-bagaco-com-3-compartimentos-236-x-229-x-85-mm\/","og_locale":"pt_PT","og_type":"article","og_title":"Caixa de refei\u00e7\u00f5es 3 compartimentos baga\u00e7o biodegrad\u00e1vel 236 x 229 x 85 mm por 50","og_description":"Lancheira biodegrad\u00e1vel de baga\u00e7o com 3 compartimentos - ideal para venda takeaway, resistente e compost\u00e1vel. Tamanho 236 x 229 x 85 mm - Embalagem de 50.","og_url":"https:\/\/www.csj-emballages.com\/pt-pt\/produit\/50-caixas-biodegradaveis-de-bagaco-com-3-compartimentos-236-x-229-x-85-mm\/","og_site_name":"CSJ Emballages","article_publisher":"https:\/\/www.facebook.com\/csjemballages","article_modified_time":"2026-04-30T19:00:23+00:00","og_image":[{"width":800,"height":800,"url":"https:\/\/www.csj-emballages.com\/wp-content\/uploads\/2024\/03\/HP43BIO.webp","type":"image\/webp"}],"twitter_card":"summary_large_image","twitter_misc":{"Tempo estimado de leitura":"2 minutos"},"schema":{"@context":"https:\/\/schema.org","@graph":[{"@type":"WebPage","@id":"https:\/\/www.csj-emballages.com\/pt-pt\/produit\/50-caixas-biodegradaveis-de-bagaco-com-3-compartimentos-236-x-229-x-85-mm\/","url":"https:\/\/www.csj-emballages.com\/pt-pt\/produit\/50-caixas-biodegradaveis-de-bagaco-com-3-compartimentos-236-x-229-x-85-mm\/","name":"Lancheira biodegrad\u00e1vel com 3 compartimentos 236 x 229 x 85 mm","isPartOf":{"@id":"https:\/\/www.csj-emballages.com\/pt-pt\/#website"},"primaryImageOfPage":{"@id":"https:\/\/www.csj-emballages.com\/pt-pt\/produit\/50-caixas-biodegradaveis-de-bagaco-com-3-compartimentos-236-x-229-x-85-mm\/#primaryimage"},"image":{"@id":"https:\/\/www.csj-emballages.com\/pt-pt\/produit\/50-caixas-biodegradaveis-de-bagaco-com-3-compartimentos-236-x-229-x-85-mm\/#primaryimage"},"thumbnailUrl":"https:\/\/www.csj-emballages.com\/wp-content\/uploads\/2024\/03\/HP43BIO.webp","datePublished":"2024-03-01T15:52:06+00:00","dateModified":"2026-04-30T19:00:23+00:00","description":"Lancheira biodegrad\u00e1vel de baga\u00e7o com 3 compartimentos - ideal para venda takeaway, resistente e compost\u00e1vel. Tamanho 236 x 229 x 85 mm - Embalagem de 50.","breadcrumb":{"@id":"https:\/\/www.csj-emballages.com\/pt-pt\/produit\/50-caixas-biodegradaveis-de-bagaco-com-3-compartimentos-236-x-229-x-85-mm\/#breadcrumb"},"inLanguage":"pt-PT","potentialAction":[{"@type":"ReadAction","target":["https:\/\/www.csj-emballages.com\/pt-pt\/produit\/50-caixas-biodegradaveis-de-bagaco-com-3-compartimentos-236-x-229-x-85-mm\/"]}]},{"@type":"ImageObject","inLanguage":"pt-PT","@id":"https:\/\/www.csj-emballages.com\/pt-pt\/produit\/50-caixas-biodegradaveis-de-bagaco-com-3-compartimentos-236-x-229-x-85-mm\/#primaryimage","url":"https:\/\/www.csj-emballages.com\/wp-content\/uploads\/2024\/03\/HP43BIO.webp","contentUrl":"https:\/\/www.csj-emballages.com\/wp-content\/uploads\/2024\/03\/HP43BIO.webp","width":800,"height":800,"caption":"Boite repas 3 compartiments"},{"@type":"BreadcrumbList","@id":"https:\/\/www.csj-emballages.com\/pt-pt\/produit\/50-caixas-biodegradaveis-de-bagaco-com-3-compartimentos-236-x-229-x-85-mm\/#breadcrumb","itemListElement":[{"@type":"ListItem","position":1,"name":"Acolhimento","item":"https:\/\/www.csj-emballages.com\/pt-pt\/universo-das-embalagens-alimentares\/"},{"@type":"ListItem","position":2,"name":"Shop","item":"https:\/\/www.csj-emballages.com\/shop\/"},{"@type":"ListItem","position":3,"name":"Caixa de refei\u00e7\u00f5es 3 compartimentos baga\u00e7o biodegrad\u00e1vel 236 x 229 x 85 mm por 50"}]},{"@type":"WebSite","@id":"https:\/\/www.csj-emballages.com\/pt-pt\/#website","url":"https:\/\/www.csj-emballages.com\/pt-pt\/","name":"CSJ Emballages","description":"","publisher":{"@id":"https:\/\/www.csj-emballages.com\/pt-pt\/#organization"},"potentialAction":[{"@type":"SearchAction","target":{"@type":"EntryPoint","urlTemplate":"https:\/\/www.csj-emballages.com\/pt-pt\/?s={search_term_string}"},"query-input":{"@type":"PropertyValueSpecification","valueRequired":true,"valueName":"search_term_string"}}],"inLanguage":"pt-PT"},{"@type":"Organization","@id":"https:\/\/www.csj-emballages.com\/pt-pt\/#Organization\/","name":"CSJ Emballages","url":"https:\/\/www.csj-emballages.com\/pt-pt\/","logo":{"@type":"ImageObject","inLanguage":"pt-PT","@id":"https:\/\/www.csj-emballages.com\/pt-pt\/#\/schema\/logo\/image\/","url":"https:\/\/www.csj-emballages.com\/wp-content\/uploads\/2023\/10\/logo_csj.webp","contentUrl":"https:\/\/www.csj-emballages.com\/wp-content\/uploads\/2023\/10\/logo_csj.webp","width":250,"height":95,"caption":"CSJ Emballages"},"image":{"@id":"https:\/\/www.csj-emballages.com\/pt-pt\/#\/schema\/logo\/image\/"},"sameAs":["https:\/\/www.facebook.com\/csjemballages"],"address":{"@type":"PostalAddress","streetAddress":"ZI La Lechere","addressLocality":"Patornay","postalCode":"39130","addressCountry":"FR"},"contactPoint":[{"@type":"ContactPoint","contactType":"Service client","telephone":"0384254272","email":"contact@csj-emballages.com"}]}]}},"df_price":15.34,"df_sale_price":"","df_regular_price":15.34,"df_image_link":"https:\/\/www.csj-emballages.com\/wp-content\/uploads\/2024\/03\/HP43BIO-300x300.webp","tiered_pricing_type":"fixed","tiered_pricing_fixed_rules":[],"tiered_pricing_percentage_rules":[],"tiered_pricing_minimum":1,"tiered_pricing_roles_data":[],"_links":{"self":[{"href":"https:\/\/www.csj-emballages.com\/pt-pt\/wp-json\/wp\/v2\/product\/21697","targetHints":{"allow":["GET"]}}],"collection":[{"href":"https:\/\/www.csj-emballages.com\/pt-pt\/wp-json\/wp\/v2\/product"}],"about":[{"href":"https:\/\/www.csj-emballages.com\/pt-pt\/wp-json\/wp\/v2\/types\/product"}],"wp:featuredmedia":[{"embeddable":true,"href":"https:\/\/www.csj-emballages.com\/pt-pt\/wp-json\/wp\/v2\/media\/239956"}],"wp:attachment":[{"href":"https:\/\/www.csj-emballages.com\/pt-pt\/wp-json\/wp\/v2\/media?parent=21697"}],"wp:term":[{"taxonomy":"product_brand","embeddable":true,"href":"https:\/\/www.csj-emballages.com\/pt-pt\/wp-json\/wp\/v2\/product_brand?post=21697"},{"taxonomy":"product_cat","embeddable":true,"href":"https:\/\/www.csj-emballages.com\/pt-pt\/wp-json\/wp\/v2\/product_cat?post=21697"},{"taxonomy":"product_tag","embeddable":true,"href":"https:\/\/www.csj-emballages.com\/pt-pt\/wp-json\/wp\/v2\/product_tag?post=21697"}],"curies":[{"name":"wp","href":"https:\/\/api.w.org\/{rel}","templated":true}]}}