{"id":21692,"date":"2024-03-01T16:52:07","date_gmt":"2024-03-01T15:52:07","guid":{"rendered":"https:\/\/u15jnbdpoq.preview.infomaniak.website\/produit\/50-caixas-de-tacos-de-bagaco-biodegradaveis-descartaveis-220-x-153-x-77-mm\/"},"modified":"2026-04-30T21:00:20","modified_gmt":"2026-04-30T19:00:20","slug":"50-caixas-de-tacos-de-bagaco-biodegradaveis-descartaveis-220-x-153-x-77-mm","status":"publish","type":"product","link":"https:\/\/www.csj-emballages.com\/pt-pt\/produit\/50-caixas-de-tacos-de-bagaco-biodegradaveis-descartaveis-220-x-153-x-77-mm\/","title":{"rendered":"Caixa de tacos com dobradi\u00e7as de baga\u00e7o biodegrad\u00e1vel 220 x 153 x 77 mm por 50"},"content":{"rendered":"<h2>Caixa de kebab<\/h2>\n<hr>\n<h3>Descri\u00e7\u00e3o da nossa caixa de tacos com dobradi\u00e7as de baga\u00e7o biodegrad\u00e1vel 220 x 153 x 77 mm por 50<\/h3>\n<p><!--more--><\/p>\n<p data-start=\"279\" data-end=\"741\">Concebida para satisfazer as necessidades dos profissionais da restaura\u00e7\u00e3o r\u00e1pida, <strong data-start=\"358\" data-end=\"404\">esta lata de tacos de baga\u00e7o com dobradi\u00e7as<\/strong> \u00e9 uma solu\u00e7\u00e3o pr\u00e1tica, ecol\u00f3gica e robusta. Com umas generosas dimens\u00f5es de <strong data-start=\"493\" data-end=\"514\">220 x 153 x 77 mm<\/strong>, \u00e9 perfeita para um ou dois tacos, mas tamb\u00e9m pode ser utilizada para outros pratos quentes, como paninis, kebabs, batatas fritas, hamb\u00fargueres gourmet ou por\u00e7\u00f5es generosas de comida para levar. <\/p>\n<p data-start=\"743\" data-end=\"1092\">Feita de <strong data-start=\"765\" data-end=\"776\">baga\u00e7o<\/strong>, um material natural derivado de res\u00edduos de cana-de-a\u00e7\u00facar, esta caixa \u00e9 <strong data-start=\"848\" data-end=\"886\">100% biodegrad\u00e1vel e compost\u00e1vel<\/strong>, o que a torna uma alternativa ideal \u00e0s embalagens de pl\u00e1stico ou poliestireno. \u00c9 tamb\u00e9m altamente resistente ao calor e \u00e0 humidade, pelo que pode servir alimentos quentes nela sem deformar ou verter. <\/p>\n<p data-start=\"1094\" data-end=\"1381\">A sua <strong data-start=\"1097\" data-end=\"1117\">dobradi\u00e7a s\u00f3lida<\/strong> garante um fecho seguro e facilita a abertura, mesmo no calor do servi\u00e7o. Gra\u00e7as ao seu design s\u00f3brio e natural, enquadra-se perfeitamente numa abordagem eco-respons\u00e1vel, valorizando simultaneamente a imagem do seu estabelecimento aos olhos dos seus clientes. <\/p>\n<p data-start=\"1383\" data-end=\"1568\">\u00c9 ideal para <strong data-start=\"1408\" data-end=\"1423\">food trucks<\/strong>, <strong data-start=\"1429\" data-end=\"1457\">takeaways<\/strong>, <strong data-start=\"1463\" data-end=\"1490\">fornecedores de refei\u00e7\u00f5es para eventos<\/strong> e at\u00e9 mesmo para <strong data-start=\"1503\" data-end=\"1567\">particulares que pretendam reduzir o seu impacto ambiental<\/strong>.<\/p>\n<p data-start=\"1570\" data-end=\"1697\"><strong>Embalada em pacotes de 50 unidades<\/strong>, esta caixa \u00e9 um objeto de uso di\u00e1rio que alia funcionalidade, est\u00e9tica e ecologia.<\/p>\n<p data-start=\"1570\" data-end=\"1697\">\n<p data-start=\"1246\" data-end=\"1456\"><!--more--><\/p>\n<h4 data-start=\"1246\" data-end=\"1456\">Vantagens :<\/h4>\n<ul>\n<li>100% biodegrad\u00e1vel, compost\u00e1vel e recicl\u00e1vel.<\/li>\n<li>Resistente ao calor, \u00e0 gordura e \u00e0 humidade.<\/li>\n<li>Adequado para tacos, paninis, hamb\u00fargueres ou batatas fritas.<\/li>\n<li>Fecho seguro com dobradi\u00e7as.<\/li>\n<li>Esta caixa de hamb\u00fargueres biol\u00f3gicos \u00e9 uma solu\u00e7\u00e3o eco-respons\u00e1vel para os takeaways.<\/li>\n<li>Melhoria da imagem junto de clientes preocupados com o ambiente.<\/li>\n<\/ul>\n<p>&nbsp;<\/p>\n<p><!--more--><\/p>\n<h4>Outras informa\u00e7\u00f5es :<\/h4>\n<ul>\n<li><strong>Embalagem<\/strong>: Pacote de 50<\/li>\n<li><strong>Dimens\u00f5es<\/strong>: 220 x 153 x 77 mm<\/li>\n<li><strong>Material<\/strong>: Baga\u00e7o (polpa de cana de a\u00e7\u00facar)<\/li>\n<li><strong>Cor <\/strong>: Branco<\/li>\n<\/ul>\n<p>&nbsp;<\/p>\n<p><!--more--><\/p>\n<p>Encontre aqui a nossa caixa de hamb\u00farguer de 230 x 230 x 80 mm: <span style=\"color: #d12727;\"><a style=\"color: #d12727;\" href=\"https:\/\/www.csj-emballages.com\/pt-pt\/produit\/50-caixas-biodegradaveis-230-x-230-x-80-mm\/\">HP41BIOXL<\/a><\/span><\/p>\n<p>&nbsp;<\/p>\n<p><!--more--><\/p>\n<p><a href=\"https:\/\/www.csj-emballages.com\/pt-pt\/categorie-produit\/embalagem-de-alimentos\/gama-biologica\/pratos-tabuleiros-caixas\/caixas-com-dobradicas-bio\/\">Ver o resto da nossa gama de caixas org\u00e2nicas com dobradi\u00e7as<\/a><\/p>\n","protected":false},"excerpt":{"rendered":"<p>Caixa de kebab Descri\u00e7\u00e3o da nossa caixa de tacos com dobradi\u00e7as de baga\u00e7o biodegrad\u00e1vel 220 x 153 x 77 mm por 50<\/p>\n","protected":false},"featured_media":239909,"template":"","meta":{"_acf_changed":false},"product_brand":[],"product_cat":[1138,1152,2797],"product_tag":[],"class_list":{"0":"post-21692","1":"product","2":"type-product","3":"status-publish","4":"has-post-thumbnail","6":"product_cat-restauracao","7":"product_cat-gama-biologica","8":"product_cat-caixas-com-dobradicas-bio","10":"first","11":"instock","12":"taxable","13":"shipping-taxable","14":"purchasable","15":"product-type-simple"},"acf":[],"yoast_head":"<!-- This site is optimized with the Yoast SEO Premium plugin v26.6 (Yoast SEO v26.6) - https:\/\/yoast.com\/wordpress\/plugins\/seo\/ -->\n<title>Caixa de tacos com dobradi\u00e7as biodegrad\u00e1vel 220 x 153 x 77 mm<\/title>\n<meta name=\"description\" content=\"Taco de baga\u00e7o biodegrad\u00e1vel com dobradi\u00e7as 220 x 153 x 77 mm - ideal para takeaway, dur\u00e1vel e compost\u00e1vel. Embalagem de 50.\" \/>\n<meta name=\"robots\" content=\"index, follow, max-snippet:-1, max-image-preview:large, max-video-preview:-1\" \/>\n<link rel=\"canonical\" href=\"https:\/\/www.csj-emballages.com\/pt-pt\/produit\/50-caixas-de-tacos-de-bagaco-biodegradaveis-descartaveis-220-x-153-x-77-mm\/\" \/>\n<meta property=\"og:locale\" content=\"pt_PT\" \/>\n<meta property=\"og:type\" content=\"article\" \/>\n<meta property=\"og:title\" content=\"Caixa de tacos com dobradi\u00e7as de baga\u00e7o biodegrad\u00e1vel 220 x 153 x 77 mm por 50\" \/>\n<meta property=\"og:description\" content=\"Taco de baga\u00e7o biodegrad\u00e1vel com dobradi\u00e7as 220 x 153 x 77 mm - ideal para takeaway, dur\u00e1vel e compost\u00e1vel. Embalagem de 50.\" \/>\n<meta property=\"og:url\" content=\"https:\/\/www.csj-emballages.com\/pt-pt\/produit\/50-caixas-de-tacos-de-bagaco-biodegradaveis-descartaveis-220-x-153-x-77-mm\/\" \/>\n<meta property=\"og:site_name\" content=\"CSJ Emballages\" \/>\n<meta property=\"article:publisher\" content=\"https:\/\/www.facebook.com\/csjemballages\" \/>\n<meta property=\"article:modified_time\" content=\"2026-04-30T19:00:20+00:00\" \/>\n<meta property=\"og:image\" content=\"https:\/\/www.csj-emballages.com\/wp-content\/uploads\/2024\/03\/HP3BIO.webp\" \/>\n\t<meta property=\"og:image:width\" content=\"800\" \/>\n\t<meta property=\"og:image:height\" content=\"800\" \/>\n\t<meta property=\"og:image:type\" content=\"image\/webp\" \/>\n<meta name=\"twitter:card\" content=\"summary_large_image\" \/>\n<meta name=\"twitter:label1\" content=\"Tempo estimado de leitura\" \/>\n\t<meta name=\"twitter:data1\" content=\"2 minutos\" \/>\n<script type=\"application\/ld+json\" class=\"yoast-schema-graph\">{\"@context\":\"https:\/\/schema.org\",\"@graph\":[{\"@type\":\"WebPage\",\"@id\":\"https:\/\/www.csj-emballages.com\/pt-pt\/produit\/50-caixas-de-tacos-de-bagaco-biodegradaveis-descartaveis-220-x-153-x-77-mm\/\",\"url\":\"https:\/\/www.csj-emballages.com\/pt-pt\/produit\/50-caixas-de-tacos-de-bagaco-biodegradaveis-descartaveis-220-x-153-x-77-mm\/\",\"name\":\"Caixa de tacos com dobradi\u00e7as biodegrad\u00e1vel 220 x 153 x 77 mm\",\"isPartOf\":{\"@id\":\"https:\/\/www.csj-emballages.com\/pt-pt\/#website\"},\"primaryImageOfPage\":{\"@id\":\"https:\/\/www.csj-emballages.com\/pt-pt\/produit\/50-caixas-de-tacos-de-bagaco-biodegradaveis-descartaveis-220-x-153-x-77-mm\/#primaryimage\"},\"image\":{\"@id\":\"https:\/\/www.csj-emballages.com\/pt-pt\/produit\/50-caixas-de-tacos-de-bagaco-biodegradaveis-descartaveis-220-x-153-x-77-mm\/#primaryimage\"},\"thumbnailUrl\":\"https:\/\/www.csj-emballages.com\/wp-content\/uploads\/2024\/03\/HP3BIO.webp\",\"datePublished\":\"2024-03-01T15:52:07+00:00\",\"dateModified\":\"2026-04-30T19:00:20+00:00\",\"description\":\"Taco de baga\u00e7o biodegrad\u00e1vel com dobradi\u00e7as 220 x 153 x 77 mm - ideal para takeaway, dur\u00e1vel e compost\u00e1vel. Embalagem de 50.\",\"breadcrumb\":{\"@id\":\"https:\/\/www.csj-emballages.com\/pt-pt\/produit\/50-caixas-de-tacos-de-bagaco-biodegradaveis-descartaveis-220-x-153-x-77-mm\/#breadcrumb\"},\"inLanguage\":\"pt-PT\",\"potentialAction\":[{\"@type\":\"ReadAction\",\"target\":[\"https:\/\/www.csj-emballages.com\/pt-pt\/produit\/50-caixas-de-tacos-de-bagaco-biodegradaveis-descartaveis-220-x-153-x-77-mm\/\"]}]},{\"@type\":\"ImageObject\",\"inLanguage\":\"pt-PT\",\"@id\":\"https:\/\/www.csj-emballages.com\/pt-pt\/produit\/50-caixas-de-tacos-de-bagaco-biodegradaveis-descartaveis-220-x-153-x-77-mm\/#primaryimage\",\"url\":\"https:\/\/www.csj-emballages.com\/wp-content\/uploads\/2024\/03\/HP3BIO.webp\",\"contentUrl\":\"https:\/\/www.csj-emballages.com\/wp-content\/uploads\/2024\/03\/HP3BIO.webp\",\"width\":800,\"height\":800,\"caption\":\"Boite tacos\"},{\"@type\":\"BreadcrumbList\",\"@id\":\"https:\/\/www.csj-emballages.com\/pt-pt\/produit\/50-caixas-de-tacos-de-bagaco-biodegradaveis-descartaveis-220-x-153-x-77-mm\/#breadcrumb\",\"itemListElement\":[{\"@type\":\"ListItem\",\"position\":1,\"name\":\"Acolhimento\",\"item\":\"https:\/\/www.csj-emballages.com\/pt-pt\/universo-das-embalagens-alimentares\/\"},{\"@type\":\"ListItem\",\"position\":2,\"name\":\"Shop\",\"item\":\"https:\/\/www.csj-emballages.com\/shop\/\"},{\"@type\":\"ListItem\",\"position\":3,\"name\":\"Caixa de tacos com dobradi\u00e7as de baga\u00e7o biodegrad\u00e1vel 220 x 153 x 77 mm por 50\"}]},{\"@type\":\"WebSite\",\"@id\":\"https:\/\/www.csj-emballages.com\/pt-pt\/#website\",\"url\":\"https:\/\/www.csj-emballages.com\/pt-pt\/\",\"name\":\"CSJ Emballages\",\"description\":\"\",\"publisher\":{\"@id\":\"https:\/\/www.csj-emballages.com\/pt-pt\/#organization\"},\"potentialAction\":[{\"@type\":\"SearchAction\",\"target\":{\"@type\":\"EntryPoint\",\"urlTemplate\":\"https:\/\/www.csj-emballages.com\/pt-pt\/?s={search_term_string}\"},\"query-input\":{\"@type\":\"PropertyValueSpecification\",\"valueRequired\":true,\"valueName\":\"search_term_string\"}}],\"inLanguage\":\"pt-PT\"},{\"@type\":\"Organization\",\"@id\":\"https:\/\/www.csj-emballages.com\/pt-pt\/#Organization\/\",\"name\":\"CSJ Emballages\",\"url\":\"https:\/\/www.csj-emballages.com\/pt-pt\/\",\"logo\":{\"@type\":\"ImageObject\",\"inLanguage\":\"pt-PT\",\"@id\":\"https:\/\/www.csj-emballages.com\/pt-pt\/#\/schema\/logo\/image\/\",\"url\":\"https:\/\/www.csj-emballages.com\/wp-content\/uploads\/2023\/10\/logo_csj.webp\",\"contentUrl\":\"https:\/\/www.csj-emballages.com\/wp-content\/uploads\/2023\/10\/logo_csj.webp\",\"width\":250,\"height\":95,\"caption\":\"CSJ Emballages\"},\"image\":{\"@id\":\"https:\/\/www.csj-emballages.com\/pt-pt\/#\/schema\/logo\/image\/\"},\"sameAs\":[\"https:\/\/www.facebook.com\/csjemballages\"],\"address\":{\"@type\":\"PostalAddress\",\"streetAddress\":\"ZI La Lechere\",\"addressLocality\":\"Patornay\",\"postalCode\":\"39130\",\"addressCountry\":\"FR\"},\"contactPoint\":[{\"@type\":\"ContactPoint\",\"contactType\":\"Service client\",\"telephone\":\"0384254272\",\"email\":\"contact@csj-emballages.com\"}]}]}<\/script>\n<!-- \/ Yoast SEO Premium plugin. -->","yoast_head_json":{"title":"Caixa de tacos com dobradi\u00e7as biodegrad\u00e1vel 220 x 153 x 77 mm","description":"Taco de baga\u00e7o biodegrad\u00e1vel com dobradi\u00e7as 220 x 153 x 77 mm - ideal para takeaway, dur\u00e1vel e compost\u00e1vel. Embalagem de 50.","robots":{"index":"index","follow":"follow","max-snippet":"max-snippet:-1","max-image-preview":"max-image-preview:large","max-video-preview":"max-video-preview:-1"},"canonical":"https:\/\/www.csj-emballages.com\/pt-pt\/produit\/50-caixas-de-tacos-de-bagaco-biodegradaveis-descartaveis-220-x-153-x-77-mm\/","og_locale":"pt_PT","og_type":"article","og_title":"Caixa de tacos com dobradi\u00e7as de baga\u00e7o biodegrad\u00e1vel 220 x 153 x 77 mm por 50","og_description":"Taco de baga\u00e7o biodegrad\u00e1vel com dobradi\u00e7as 220 x 153 x 77 mm - ideal para takeaway, dur\u00e1vel e compost\u00e1vel. Embalagem de 50.","og_url":"https:\/\/www.csj-emballages.com\/pt-pt\/produit\/50-caixas-de-tacos-de-bagaco-biodegradaveis-descartaveis-220-x-153-x-77-mm\/","og_site_name":"CSJ Emballages","article_publisher":"https:\/\/www.facebook.com\/csjemballages","article_modified_time":"2026-04-30T19:00:20+00:00","og_image":[{"width":800,"height":800,"url":"https:\/\/www.csj-emballages.com\/wp-content\/uploads\/2024\/03\/HP3BIO.webp","type":"image\/webp"}],"twitter_card":"summary_large_image","twitter_misc":{"Tempo estimado de leitura":"2 minutos"},"schema":{"@context":"https:\/\/schema.org","@graph":[{"@type":"WebPage","@id":"https:\/\/www.csj-emballages.com\/pt-pt\/produit\/50-caixas-de-tacos-de-bagaco-biodegradaveis-descartaveis-220-x-153-x-77-mm\/","url":"https:\/\/www.csj-emballages.com\/pt-pt\/produit\/50-caixas-de-tacos-de-bagaco-biodegradaveis-descartaveis-220-x-153-x-77-mm\/","name":"Caixa de tacos com dobradi\u00e7as biodegrad\u00e1vel 220 x 153 x 77 mm","isPartOf":{"@id":"https:\/\/www.csj-emballages.com\/pt-pt\/#website"},"primaryImageOfPage":{"@id":"https:\/\/www.csj-emballages.com\/pt-pt\/produit\/50-caixas-de-tacos-de-bagaco-biodegradaveis-descartaveis-220-x-153-x-77-mm\/#primaryimage"},"image":{"@id":"https:\/\/www.csj-emballages.com\/pt-pt\/produit\/50-caixas-de-tacos-de-bagaco-biodegradaveis-descartaveis-220-x-153-x-77-mm\/#primaryimage"},"thumbnailUrl":"https:\/\/www.csj-emballages.com\/wp-content\/uploads\/2024\/03\/HP3BIO.webp","datePublished":"2024-03-01T15:52:07+00:00","dateModified":"2026-04-30T19:00:20+00:00","description":"Taco de baga\u00e7o biodegrad\u00e1vel com dobradi\u00e7as 220 x 153 x 77 mm - ideal para takeaway, dur\u00e1vel e compost\u00e1vel. Embalagem de 50.","breadcrumb":{"@id":"https:\/\/www.csj-emballages.com\/pt-pt\/produit\/50-caixas-de-tacos-de-bagaco-biodegradaveis-descartaveis-220-x-153-x-77-mm\/#breadcrumb"},"inLanguage":"pt-PT","potentialAction":[{"@type":"ReadAction","target":["https:\/\/www.csj-emballages.com\/pt-pt\/produit\/50-caixas-de-tacos-de-bagaco-biodegradaveis-descartaveis-220-x-153-x-77-mm\/"]}]},{"@type":"ImageObject","inLanguage":"pt-PT","@id":"https:\/\/www.csj-emballages.com\/pt-pt\/produit\/50-caixas-de-tacos-de-bagaco-biodegradaveis-descartaveis-220-x-153-x-77-mm\/#primaryimage","url":"https:\/\/www.csj-emballages.com\/wp-content\/uploads\/2024\/03\/HP3BIO.webp","contentUrl":"https:\/\/www.csj-emballages.com\/wp-content\/uploads\/2024\/03\/HP3BIO.webp","width":800,"height":800,"caption":"Boite tacos"},{"@type":"BreadcrumbList","@id":"https:\/\/www.csj-emballages.com\/pt-pt\/produit\/50-caixas-de-tacos-de-bagaco-biodegradaveis-descartaveis-220-x-153-x-77-mm\/#breadcrumb","itemListElement":[{"@type":"ListItem","position":1,"name":"Acolhimento","item":"https:\/\/www.csj-emballages.com\/pt-pt\/universo-das-embalagens-alimentares\/"},{"@type":"ListItem","position":2,"name":"Shop","item":"https:\/\/www.csj-emballages.com\/shop\/"},{"@type":"ListItem","position":3,"name":"Caixa de tacos com dobradi\u00e7as de baga\u00e7o biodegrad\u00e1vel 220 x 153 x 77 mm por 50"}]},{"@type":"WebSite","@id":"https:\/\/www.csj-emballages.com\/pt-pt\/#website","url":"https:\/\/www.csj-emballages.com\/pt-pt\/","name":"CSJ Emballages","description":"","publisher":{"@id":"https:\/\/www.csj-emballages.com\/pt-pt\/#organization"},"potentialAction":[{"@type":"SearchAction","target":{"@type":"EntryPoint","urlTemplate":"https:\/\/www.csj-emballages.com\/pt-pt\/?s={search_term_string}"},"query-input":{"@type":"PropertyValueSpecification","valueRequired":true,"valueName":"search_term_string"}}],"inLanguage":"pt-PT"},{"@type":"Organization","@id":"https:\/\/www.csj-emballages.com\/pt-pt\/#Organization\/","name":"CSJ Emballages","url":"https:\/\/www.csj-emballages.com\/pt-pt\/","logo":{"@type":"ImageObject","inLanguage":"pt-PT","@id":"https:\/\/www.csj-emballages.com\/pt-pt\/#\/schema\/logo\/image\/","url":"https:\/\/www.csj-emballages.com\/wp-content\/uploads\/2023\/10\/logo_csj.webp","contentUrl":"https:\/\/www.csj-emballages.com\/wp-content\/uploads\/2023\/10\/logo_csj.webp","width":250,"height":95,"caption":"CSJ Emballages"},"image":{"@id":"https:\/\/www.csj-emballages.com\/pt-pt\/#\/schema\/logo\/image\/"},"sameAs":["https:\/\/www.facebook.com\/csjemballages"],"address":{"@type":"PostalAddress","streetAddress":"ZI La Lechere","addressLocality":"Patornay","postalCode":"39130","addressCountry":"FR"},"contactPoint":[{"@type":"ContactPoint","contactType":"Service client","telephone":"0384254272","email":"contact@csj-emballages.com"}]}]}},"df_price":8.7,"df_sale_price":"","df_regular_price":8.7,"df_image_link":"https:\/\/www.csj-emballages.com\/wp-content\/uploads\/2024\/03\/HP3BIO-300x300.webp","tiered_pricing_type":"fixed","tiered_pricing_fixed_rules":[],"tiered_pricing_percentage_rules":[],"tiered_pricing_minimum":1,"tiered_pricing_roles_data":[],"_links":{"self":[{"href":"https:\/\/www.csj-emballages.com\/pt-pt\/wp-json\/wp\/v2\/product\/21692","targetHints":{"allow":["GET"]}}],"collection":[{"href":"https:\/\/www.csj-emballages.com\/pt-pt\/wp-json\/wp\/v2\/product"}],"about":[{"href":"https:\/\/www.csj-emballages.com\/pt-pt\/wp-json\/wp\/v2\/types\/product"}],"wp:featuredmedia":[{"embeddable":true,"href":"https:\/\/www.csj-emballages.com\/pt-pt\/wp-json\/wp\/v2\/media\/239909"}],"wp:attachment":[{"href":"https:\/\/www.csj-emballages.com\/pt-pt\/wp-json\/wp\/v2\/media?parent=21692"}],"wp:term":[{"taxonomy":"product_brand","embeddable":true,"href":"https:\/\/www.csj-emballages.com\/pt-pt\/wp-json\/wp\/v2\/product_brand?post=21692"},{"taxonomy":"product_cat","embeddable":true,"href":"https:\/\/www.csj-emballages.com\/pt-pt\/wp-json\/wp\/v2\/product_cat?post=21692"},{"taxonomy":"product_tag","embeddable":true,"href":"https:\/\/www.csj-emballages.com\/pt-pt\/wp-json\/wp\/v2\/product_tag?post=21692"}],"curies":[{"name":"wp","href":"https:\/\/api.w.org\/{rel}","templated":true}]}}