{"id":21686,"date":"2024-03-01T16:52:06","date_gmt":"2024-03-01T15:52:06","guid":{"rendered":"https:\/\/u15jnbdpoq.preview.infomaniak.website\/produit\/100-caixas-de-cartao-descartaveis-para-panini-208-x-70-x-75-mm\/"},"modified":"2026-04-21T02:14:11","modified_gmt":"2026-04-21T00:14:11","slug":"100-caixas-de-cartao-descartaveis-para-panini-208-x-70-x-75-mm","status":"publish","type":"product","link":"https:\/\/www.csj-emballages.com\/pt-pt\/produit\/100-caixas-de-cartao-descartaveis-para-panini-208-x-70-x-75-mm\/","title":{"rendered":"Caixa de cart\u00e3o para cachorros-quentes 208 x 70 x 75 mm por 100"},"content":{"rendered":"<h2>Caixa para cachorros quentes<\/h2>\n<div style=\"text-align: center;\">\n<hr>\n<h3 style=\"text-align: left;\">Descri\u00e7\u00e3o da embalagem de cart\u00e3o para cachorros-quentes 208 x 70 x 75 mm por 100<\/h3>\n<p style=\"text-align: left;\"><!--more--><\/p>\n<p style=\"text-align: left;\" data-start=\"236\" data-end=\"657\">Se procura uma embalagem simples, pr\u00e1tica e perfeitamente adaptada aos seus cachorros-quentes, esta <strong data-start=\"328\" data-end=\"372\">caixa de cart\u00e3o para cachorros-quentes de 208 x 70 x 75 mm<\/strong> responde claramente \u00e0s suas necessidades. Assim que a segurar na m\u00e3o, vai notar que foi concebida para oferecer um suporte impec\u00e1vel. Gra\u00e7as \u00e0 sua forma alongada, o seu <strong>cachorro-quente<\/strong> mant\u00e9m-se no lugar, sem escorregar ou ser esmagado, garantindo uma apresenta\u00e7\u00e3o limpa e apetitosa. A sua estrutura <g id=\"gid_2\">r\u00edgida em cart\u00e3o<\/g> confere-lhe tamb\u00e9m uma verdadeira estabilidade. Quer sirva os seus <g id=\"gid_3\">cachorros-quentes<\/g> no local, num food truck ou em entregas, pode contar com uma embalagem fi\u00e1vel e resistente. Al\u00e9m disso, \u00e9 f\u00e1cil de abrir, para que os seus clientes possam saborear o seu cachorro-quente sem se sujarem ou terem dificuldade em segurar a caixa.     <\/p>\n<p style=\"text-align: left;\" data-start=\"1010\" data-end=\"1289\">Al\u00e9m disso, as suas dimens\u00f5es de <strong data-start=\"1042\" data-end=\"1062\">208 x 70 x 75 mm<\/strong> s\u00e3o ideais para a maioria dos tamanhos de <strong>cachorro-quente<\/strong>, mesmo os mais generosos. Poder\u00e1 oferecer uma grande variedade de receitas, com bastante recheio, mantendo uma ader\u00eancia agrad\u00e1vel e segura. <\/p>\n<p style=\"text-align: left;\" data-start=\"1291\" data-end=\"1586\">Al\u00e9m disso, a <strong data-start=\"328\" data-end=\"372\">caixa de<\/strong> <strong>cart\u00e3o<\/strong> <strong data-start=\"328\" data-end=\"372\">para cachorros-quentes<\/strong> d\u00e1 um toque profissional ao seu servi\u00e7o. Refor\u00e7a a imagem do seu estabelecimento, mostrando que utiliza embalagens limpas, modernas e adaptadas ao snacking. Isto tranquiliza os seus clientes e torna a encomenda ainda mais agrad\u00e1vel.  <\/p>\n<p style=\"text-align: left;\" data-start=\"1588\" data-end=\"1967\">Finalmente, vendido <strong data-start=\"1602\" data-end=\"1620\">em embalagens de 100 unidades<\/strong>, permite-lhe gerir grandes volumes, optimizando o seu stock. Poupar\u00e1 tempo, ser\u00e1 mais eficaz e evitar\u00e1 rupturas de stock em per\u00edodos de grande procura. Em suma, esta <strong data-start=\"328\" data-end=\"372\">caixa para cachorros-quentes<\/strong> \u00e9 uma escolha pr\u00e1tica, fi\u00e1vel e indispens\u00e1vel para todos os profissionais que pretendem servir cachorros-quentes de forma limpa e organizada.  <\/p>\n<p style=\"text-align: left;\" data-start=\"1588\" data-end=\"1967\">\n<p style=\"text-align: left;\"><!--more--><\/p>\n<p style=\"text-align: left;\"><strong>Vantagens :<\/strong><\/p>\n<ul>\n<li style=\"text-align: left;\" data-start=\"1996\" data-end=\"2038\">Formato ideal para todos os tipos de <strong>cachorro-quente<\/strong>.<\/li>\n<li style=\"text-align: left;\" data-start=\"2041\" data-end=\"2075\"><strong>Cart\u00e3o r\u00edgido<\/strong>: fixa\u00e7\u00e3o perfeita.<\/li>\n<li style=\"text-align: left;\" data-start=\"2078\" data-end=\"2110\">F\u00e1cil de abrir e manusear.<\/li>\n<li style=\"text-align: left;\" data-start=\"2113\" data-end=\"2160\">Adequado para vendas no local, takeaway ou entrega.<\/li>\n<li style=\"text-align: left;\" data-start=\"2163\" data-end=\"2193\">Aspeto limpo e profissional.<\/li>\n<li style=\"text-align: left;\" data-start=\"2196\" data-end=\"2233\"><strong>Embalagem de 100 unidades<\/strong>: econ\u00f3mica e pr\u00e1tica.<\/li>\n<\/ul>\n<\/div>\n<p>&nbsp;<\/p>\n<p><!--more--><\/p>\n<h4>Outras informa\u00e7\u00f5es :<\/h4>\n<ul>\n<li><strong>Embalagem<\/strong>: Pacote de 100<\/li>\n<li><strong>Dimens\u00f5es<\/strong>: 208 x 70 x 75 mm<\/li>\n<li><strong>Material<\/strong>: Cart\u00e3o<\/li>\n<li><strong>Tipo de tampa<\/strong>: Tampa com dobradi\u00e7as<\/li>\n<\/ul>\n<p>&nbsp;<\/p>\n<p><!--more--><\/p>\n<p>Produto dispon\u00edvel em v\u00e1rios tamanhos:  <span style=\"color: #d12727;\"><a style=\"color: #d12727;\" href=\"https:\/\/www.csj-emballages.com\/es\/produit\/100-cajas-dobles-desechables-para-hamburguesas-120-x-130-x-70-mm\/\">HP1K<\/a><\/span> \/ <span style=\"color: #d12727;\"><a style=\"color: #d12727;\" href=\"https:\/\/www.csj-emballages.com\/es\/produit\/100-cajas-de-chips-desechables-175-x-120-x-70-mm\/\">HP2K<\/a><\/span> \/ <span style=\"color: #d12727;\"><a style=\"color: #d12727;\" href=\"https:\/\/www.csj-emballages.com\/pt-pt\/produit\/100-caixas-de-tacos-de-cartao-kraft-240-x-137-x-70-mm\/\">HP3K<\/a><\/span> \/ <span style=\"color: #d12727;\"><a style=\"color: #d12727;\" href=\"https:\/\/www.csj-emballages.com\/pt-pt\/produit\/50-caixas-de-cartao-225-x-180-x-90-mm\/\">HP4K<\/a><\/span> \/ <span style=\"color: #d12727;\"><a style=\"color: #d12727;\" href=\"https:\/\/www.csj-emballages.com\/produit\/boite-carton-burger-jetable-carton-150-x-150-x-70-mm\/\">HP6K<\/a><\/span> \/ <span style=\"color: #d12727;\"><a style=\"color: #d12727;\" href=\"https:\/\/www.csj-emballages.com\/es\/produit\/caja-de-carton-para-hamburguesas-165-x-150-x-110-mm-por-100\/\">HP6KH<\/a><\/span> \/ <span style=\"color: #d12727;\"><a style=\"color: #d12727;\" href=\"https:\/\/www.csj-emballages.com\/produit\/50-boite-carton-burgers-jetables-carton-150-x-150-x-70-mm\/\">HP6KGE<\/a><\/span> \/        <span style=\"color: #d12727;\"><a style=\"color: #d12727;\" href=\"https:\/\/www.csj-emballages.com\/produit\/50-boites-doubles-burgers-xl-jetables-carton-170-x-170-x-80-mm\/\">HP6KXL<\/a> <span style=\"color: #000000;\">\/<\/span> <a style=\"color: #d12727;\" href=\"https:\/\/www.csj-emballages.com\/produit\/50-boite-carton-hot-dog-carton-kraft-23-2-x-9-x-6-3-cm-restauration-snack-emporter\/\">HP8K<\/a><\/span><\/p>\n<p>&nbsp;<\/p>\n<p><!--more--><\/p>\n<p><a href=\"https:\/\/www.csj-emballages.com\/pt-pt\/categorie-produit\/embalagem-de-alimentos\/restauracao\/caixas-tabuleiros-bolsas-cones\/tabuleiros-caixas-de-cartao\/lancheiras\/\">V\u00ea o resto da nossa gama de caixas para hamb\u00fargueres<\/a><\/p>\n","protected":false},"excerpt":{"rendered":"<p>Caixa para cachorros quentes Descri\u00e7\u00e3o da embalagem de cart\u00e3o para cachorros-quentes 208 x 70 x 75 mm por 100<\/p>\n","protected":false},"featured_media":224583,"template":"","meta":{"_acf_changed":false},"product_brand":[],"product_cat":[1141,1138,2793],"product_tag":[],"class_list":{"0":"post-21686","1":"product","2":"type-product","3":"status-publish","4":"has-post-thumbnail","6":"product_cat-embalagem-de-alimentos","7":"product_cat-restauracao","8":"product_cat-lancheiras","10":"first","11":"instock","12":"taxable","13":"shipping-taxable","14":"purchasable","15":"product-type-simple"},"acf":[],"yoast_head":"<!-- This site is optimized with the Yoast SEO Premium plugin v26.6 (Yoast SEO v26.6) - https:\/\/yoast.com\/wordpress\/plugins\/seo\/ -->\n<title>Caixa para cachorros quentes 208 x 70 x 75 mm por 100<\/title>\n<meta name=\"description\" content=\"Opta pela nossa embalagem de cart\u00e3o para cachorros-quentes, pr\u00e1tica e ecol\u00f3gica, que garante que as tuas refei\u00e7\u00f5es para levar est\u00e3o bem conservadas e bem apresentadas.\" \/>\n<meta name=\"robots\" content=\"index, follow, max-snippet:-1, max-image-preview:large, max-video-preview:-1\" \/>\n<link rel=\"canonical\" href=\"https:\/\/www.csj-emballages.com\/pt-pt\/produit\/100-caixas-de-cartao-descartaveis-para-panini-208-x-70-x-75-mm\/\" \/>\n<meta property=\"og:locale\" content=\"pt_PT\" \/>\n<meta property=\"og:type\" content=\"article\" \/>\n<meta property=\"og:title\" content=\"Caixa de cart\u00e3o para cachorros-quentes 208 x 70 x 75 mm por 100\" \/>\n<meta property=\"og:description\" content=\"Opta pela nossa embalagem de cart\u00e3o para cachorros-quentes, pr\u00e1tica e ecol\u00f3gica, que garante que as tuas refei\u00e7\u00f5es para levar est\u00e3o bem conservadas e bem apresentadas.\" \/>\n<meta property=\"og:url\" content=\"https:\/\/www.csj-emballages.com\/pt-pt\/produit\/100-caixas-de-cartao-descartaveis-para-panini-208-x-70-x-75-mm\/\" \/>\n<meta property=\"og:site_name\" content=\"CSJ Emballages\" \/>\n<meta property=\"article:publisher\" content=\"https:\/\/www.facebook.com\/csjemballages\" \/>\n<meta property=\"article:modified_time\" content=\"2026-04-21T00:14:11+00:00\" \/>\n<meta property=\"og:image\" content=\"https:\/\/www.csj-emballages.com\/wp-content\/uploads\/2024\/03\/HP5K-1-png.webp\" \/>\n\t<meta property=\"og:image:width\" content=\"800\" \/>\n\t<meta property=\"og:image:height\" content=\"800\" \/>\n\t<meta property=\"og:image:type\" content=\"image\/png\" \/>\n<meta name=\"twitter:card\" content=\"summary_large_image\" \/>\n<meta name=\"twitter:label1\" content=\"Tempo estimado de leitura\" \/>\n\t<meta name=\"twitter:data1\" content=\"2 minutos\" \/>\n<script type=\"application\/ld+json\" class=\"yoast-schema-graph\">{\"@context\":\"https:\/\/schema.org\",\"@graph\":[{\"@type\":\"WebPage\",\"@id\":\"https:\/\/www.csj-emballages.com\/pt-pt\/produit\/100-caixas-de-cartao-descartaveis-para-panini-208-x-70-x-75-mm\/\",\"url\":\"https:\/\/www.csj-emballages.com\/pt-pt\/produit\/100-caixas-de-cartao-descartaveis-para-panini-208-x-70-x-75-mm\/\",\"name\":\"Caixa para cachorros quentes 208 x 70 x 75 mm por 100\",\"isPartOf\":{\"@id\":\"https:\/\/www.csj-emballages.com\/pt-pt\/#website\"},\"primaryImageOfPage\":{\"@id\":\"https:\/\/www.csj-emballages.com\/pt-pt\/produit\/100-caixas-de-cartao-descartaveis-para-panini-208-x-70-x-75-mm\/#primaryimage\"},\"image\":{\"@id\":\"https:\/\/www.csj-emballages.com\/pt-pt\/produit\/100-caixas-de-cartao-descartaveis-para-panini-208-x-70-x-75-mm\/#primaryimage\"},\"thumbnailUrl\":\"https:\/\/www.csj-emballages.com\/wp-content\/uploads\/2024\/03\/HP5K-1-png.webp\",\"datePublished\":\"2024-03-01T15:52:06+00:00\",\"dateModified\":\"2026-04-21T00:14:11+00:00\",\"description\":\"Opta pela nossa embalagem de cart\u00e3o para cachorros-quentes, pr\u00e1tica e ecol\u00f3gica, que garante que as tuas refei\u00e7\u00f5es para levar est\u00e3o bem conservadas e bem apresentadas.\",\"breadcrumb\":{\"@id\":\"https:\/\/www.csj-emballages.com\/pt-pt\/produit\/100-caixas-de-cartao-descartaveis-para-panini-208-x-70-x-75-mm\/#breadcrumb\"},\"inLanguage\":\"pt-PT\",\"potentialAction\":[{\"@type\":\"ReadAction\",\"target\":[\"https:\/\/www.csj-emballages.com\/pt-pt\/produit\/100-caixas-de-cartao-descartaveis-para-panini-208-x-70-x-75-mm\/\"]}]},{\"@type\":\"ImageObject\",\"inLanguage\":\"pt-PT\",\"@id\":\"https:\/\/www.csj-emballages.com\/pt-pt\/produit\/100-caixas-de-cartao-descartaveis-para-panini-208-x-70-x-75-mm\/#primaryimage\",\"url\":\"https:\/\/www.csj-emballages.com\/wp-content\/uploads\/2024\/03\/HP5K-1-png.webp\",\"contentUrl\":\"https:\/\/www.csj-emballages.com\/wp-content\/uploads\/2024\/03\/HP5K-1-png.webp\",\"width\":800,\"height\":800,\"caption\":\"Boite hot dog\"},{\"@type\":\"BreadcrumbList\",\"@id\":\"https:\/\/www.csj-emballages.com\/pt-pt\/produit\/100-caixas-de-cartao-descartaveis-para-panini-208-x-70-x-75-mm\/#breadcrumb\",\"itemListElement\":[{\"@type\":\"ListItem\",\"position\":1,\"name\":\"Acolhimento\",\"item\":\"https:\/\/www.csj-emballages.com\/pt-pt\/universo-das-embalagens-alimentares\/\"},{\"@type\":\"ListItem\",\"position\":2,\"name\":\"Shop\",\"item\":\"https:\/\/www.csj-emballages.com\/shop\/\"},{\"@type\":\"ListItem\",\"position\":3,\"name\":\"Caixa de cart\u00e3o para cachorros-quentes 208 x 70 x 75 mm por 100\"}]},{\"@type\":\"WebSite\",\"@id\":\"https:\/\/www.csj-emballages.com\/pt-pt\/#website\",\"url\":\"https:\/\/www.csj-emballages.com\/pt-pt\/\",\"name\":\"CSJ Emballages\",\"description\":\"\",\"publisher\":{\"@id\":\"https:\/\/www.csj-emballages.com\/pt-pt\/#organization\"},\"potentialAction\":[{\"@type\":\"SearchAction\",\"target\":{\"@type\":\"EntryPoint\",\"urlTemplate\":\"https:\/\/www.csj-emballages.com\/pt-pt\/?s={search_term_string}\"},\"query-input\":{\"@type\":\"PropertyValueSpecification\",\"valueRequired\":true,\"valueName\":\"search_term_string\"}}],\"inLanguage\":\"pt-PT\"},{\"@type\":\"Organization\",\"@id\":\"https:\/\/www.csj-emballages.com\/pt-pt\/#Organization\/\",\"name\":\"CSJ Emballages\",\"url\":\"https:\/\/www.csj-emballages.com\/pt-pt\/\",\"logo\":{\"@type\":\"ImageObject\",\"inLanguage\":\"pt-PT\",\"@id\":\"https:\/\/www.csj-emballages.com\/pt-pt\/#\/schema\/logo\/image\/\",\"url\":\"https:\/\/www.csj-emballages.com\/wp-content\/uploads\/2023\/10\/logo_csj.webp\",\"contentUrl\":\"https:\/\/www.csj-emballages.com\/wp-content\/uploads\/2023\/10\/logo_csj.webp\",\"width\":250,\"height\":95,\"caption\":\"CSJ Emballages\"},\"image\":{\"@id\":\"https:\/\/www.csj-emballages.com\/pt-pt\/#\/schema\/logo\/image\/\"},\"sameAs\":[\"https:\/\/www.facebook.com\/csjemballages\"],\"address\":{\"@type\":\"PostalAddress\",\"streetAddress\":\"ZI La Lechere\",\"addressLocality\":\"Patornay\",\"postalCode\":\"39130\",\"addressCountry\":\"FR\"},\"contactPoint\":[{\"@type\":\"ContactPoint\",\"contactType\":\"Service client\",\"telephone\":\"0384254272\",\"email\":\"contact@csj-emballages.com\"}]}]}<\/script>\n<!-- \/ Yoast SEO Premium plugin. -->","yoast_head_json":{"title":"Caixa para cachorros quentes 208 x 70 x 75 mm por 100","description":"Opta pela nossa embalagem de cart\u00e3o para cachorros-quentes, pr\u00e1tica e ecol\u00f3gica, que garante que as tuas refei\u00e7\u00f5es para levar est\u00e3o bem conservadas e bem apresentadas.","robots":{"index":"index","follow":"follow","max-snippet":"max-snippet:-1","max-image-preview":"max-image-preview:large","max-video-preview":"max-video-preview:-1"},"canonical":"https:\/\/www.csj-emballages.com\/pt-pt\/produit\/100-caixas-de-cartao-descartaveis-para-panini-208-x-70-x-75-mm\/","og_locale":"pt_PT","og_type":"article","og_title":"Caixa de cart\u00e3o para cachorros-quentes 208 x 70 x 75 mm por 100","og_description":"Opta pela nossa embalagem de cart\u00e3o para cachorros-quentes, pr\u00e1tica e ecol\u00f3gica, que garante que as tuas refei\u00e7\u00f5es para levar est\u00e3o bem conservadas e bem apresentadas.","og_url":"https:\/\/www.csj-emballages.com\/pt-pt\/produit\/100-caixas-de-cartao-descartaveis-para-panini-208-x-70-x-75-mm\/","og_site_name":"CSJ Emballages","article_publisher":"https:\/\/www.facebook.com\/csjemballages","article_modified_time":"2026-04-21T00:14:11+00:00","og_image":[{"width":800,"height":800,"url":"https:\/\/www.csj-emballages.com\/wp-content\/uploads\/2024\/03\/HP5K-1-png.webp","type":"image\/png"}],"twitter_card":"summary_large_image","twitter_misc":{"Tempo estimado de leitura":"2 minutos"},"schema":{"@context":"https:\/\/schema.org","@graph":[{"@type":"WebPage","@id":"https:\/\/www.csj-emballages.com\/pt-pt\/produit\/100-caixas-de-cartao-descartaveis-para-panini-208-x-70-x-75-mm\/","url":"https:\/\/www.csj-emballages.com\/pt-pt\/produit\/100-caixas-de-cartao-descartaveis-para-panini-208-x-70-x-75-mm\/","name":"Caixa para cachorros quentes 208 x 70 x 75 mm por 100","isPartOf":{"@id":"https:\/\/www.csj-emballages.com\/pt-pt\/#website"},"primaryImageOfPage":{"@id":"https:\/\/www.csj-emballages.com\/pt-pt\/produit\/100-caixas-de-cartao-descartaveis-para-panini-208-x-70-x-75-mm\/#primaryimage"},"image":{"@id":"https:\/\/www.csj-emballages.com\/pt-pt\/produit\/100-caixas-de-cartao-descartaveis-para-panini-208-x-70-x-75-mm\/#primaryimage"},"thumbnailUrl":"https:\/\/www.csj-emballages.com\/wp-content\/uploads\/2024\/03\/HP5K-1-png.webp","datePublished":"2024-03-01T15:52:06+00:00","dateModified":"2026-04-21T00:14:11+00:00","description":"Opta pela nossa embalagem de cart\u00e3o para cachorros-quentes, pr\u00e1tica e ecol\u00f3gica, que garante que as tuas refei\u00e7\u00f5es para levar est\u00e3o bem conservadas e bem apresentadas.","breadcrumb":{"@id":"https:\/\/www.csj-emballages.com\/pt-pt\/produit\/100-caixas-de-cartao-descartaveis-para-panini-208-x-70-x-75-mm\/#breadcrumb"},"inLanguage":"pt-PT","potentialAction":[{"@type":"ReadAction","target":["https:\/\/www.csj-emballages.com\/pt-pt\/produit\/100-caixas-de-cartao-descartaveis-para-panini-208-x-70-x-75-mm\/"]}]},{"@type":"ImageObject","inLanguage":"pt-PT","@id":"https:\/\/www.csj-emballages.com\/pt-pt\/produit\/100-caixas-de-cartao-descartaveis-para-panini-208-x-70-x-75-mm\/#primaryimage","url":"https:\/\/www.csj-emballages.com\/wp-content\/uploads\/2024\/03\/HP5K-1-png.webp","contentUrl":"https:\/\/www.csj-emballages.com\/wp-content\/uploads\/2024\/03\/HP5K-1-png.webp","width":800,"height":800,"caption":"Boite hot dog"},{"@type":"BreadcrumbList","@id":"https:\/\/www.csj-emballages.com\/pt-pt\/produit\/100-caixas-de-cartao-descartaveis-para-panini-208-x-70-x-75-mm\/#breadcrumb","itemListElement":[{"@type":"ListItem","position":1,"name":"Acolhimento","item":"https:\/\/www.csj-emballages.com\/pt-pt\/universo-das-embalagens-alimentares\/"},{"@type":"ListItem","position":2,"name":"Shop","item":"https:\/\/www.csj-emballages.com\/shop\/"},{"@type":"ListItem","position":3,"name":"Caixa de cart\u00e3o para cachorros-quentes 208 x 70 x 75 mm por 100"}]},{"@type":"WebSite","@id":"https:\/\/www.csj-emballages.com\/pt-pt\/#website","url":"https:\/\/www.csj-emballages.com\/pt-pt\/","name":"CSJ Emballages","description":"","publisher":{"@id":"https:\/\/www.csj-emballages.com\/pt-pt\/#organization"},"potentialAction":[{"@type":"SearchAction","target":{"@type":"EntryPoint","urlTemplate":"https:\/\/www.csj-emballages.com\/pt-pt\/?s={search_term_string}"},"query-input":{"@type":"PropertyValueSpecification","valueRequired":true,"valueName":"search_term_string"}}],"inLanguage":"pt-PT"},{"@type":"Organization","@id":"https:\/\/www.csj-emballages.com\/pt-pt\/#Organization\/","name":"CSJ Emballages","url":"https:\/\/www.csj-emballages.com\/pt-pt\/","logo":{"@type":"ImageObject","inLanguage":"pt-PT","@id":"https:\/\/www.csj-emballages.com\/pt-pt\/#\/schema\/logo\/image\/","url":"https:\/\/www.csj-emballages.com\/wp-content\/uploads\/2023\/10\/logo_csj.webp","contentUrl":"https:\/\/www.csj-emballages.com\/wp-content\/uploads\/2023\/10\/logo_csj.webp","width":250,"height":95,"caption":"CSJ Emballages"},"image":{"@id":"https:\/\/www.csj-emballages.com\/pt-pt\/#\/schema\/logo\/image\/"},"sameAs":["https:\/\/www.facebook.com\/csjemballages"],"address":{"@type":"PostalAddress","streetAddress":"ZI La Lechere","addressLocality":"Patornay","postalCode":"39130","addressCountry":"FR"},"contactPoint":[{"@type":"ContactPoint","contactType":"Service client","telephone":"0384254272","email":"contact@csj-emballages.com"}]}]}},"df_price":19.14,"df_sale_price":"","df_regular_price":19.14,"df_image_link":"https:\/\/www.csj-emballages.com\/wp-content\/uploads\/2024\/03\/HP5K-1-300x300.webp","tiered_pricing_type":"fixed","tiered_pricing_fixed_rules":[],"tiered_pricing_percentage_rules":[],"tiered_pricing_minimum":1,"tiered_pricing_roles_data":[],"_links":{"self":[{"href":"https:\/\/www.csj-emballages.com\/pt-pt\/wp-json\/wp\/v2\/product\/21686","targetHints":{"allow":["GET"]}}],"collection":[{"href":"https:\/\/www.csj-emballages.com\/pt-pt\/wp-json\/wp\/v2\/product"}],"about":[{"href":"https:\/\/www.csj-emballages.com\/pt-pt\/wp-json\/wp\/v2\/types\/product"}],"wp:featuredmedia":[{"embeddable":true,"href":"https:\/\/www.csj-emballages.com\/pt-pt\/wp-json\/wp\/v2\/media\/224583"}],"wp:attachment":[{"href":"https:\/\/www.csj-emballages.com\/pt-pt\/wp-json\/wp\/v2\/media?parent=21686"}],"wp:term":[{"taxonomy":"product_brand","embeddable":true,"href":"https:\/\/www.csj-emballages.com\/pt-pt\/wp-json\/wp\/v2\/product_brand?post=21686"},{"taxonomy":"product_cat","embeddable":true,"href":"https:\/\/www.csj-emballages.com\/pt-pt\/wp-json\/wp\/v2\/product_cat?post=21686"},{"taxonomy":"product_tag","embeddable":true,"href":"https:\/\/www.csj-emballages.com\/pt-pt\/wp-json\/wp\/v2\/product_tag?post=21686"}],"curies":[{"name":"wp","href":"https:\/\/api.w.org\/{rel}","templated":true}]}}