{"id":21680,"date":"2024-03-01T16:52:07","date_gmt":"2024-03-01T15:52:07","guid":{"rendered":"https:\/\/u15jnbdpoq.preview.infomaniak.website\/produit\/100-caixas-de-tacos-de-cartao-kraft-240-x-137-x-70-mm\/"},"modified":"2026-04-30T11:00:30","modified_gmt":"2026-04-30T09:00:30","slug":"100-caixas-de-tacos-de-cartao-kraft-240-x-137-x-70-mm","status":"publish","type":"product","link":"https:\/\/www.csj-emballages.com\/pt-pt\/produit\/100-caixas-de-tacos-de-cartao-kraft-240-x-137-x-70-mm\/","title":{"rendered":"Caixa Taco 240 x 137 x 70 mm por 100"},"content":{"rendered":"<h2>Caixa de hamb\u00fargueres<\/h2>\n<div style=\"text-align: center;\">\n<hr>\n<h3 style=\"text-align: left;\">Descri\u00e7\u00e3o da caixa de cart\u00e3o para hamb\u00fargueres 240 x 137 x 70 mm por 100<\/h3>\n<p style=\"text-align: left;\"><!--more--><\/p>\n<p style=\"text-align: left;\" data-start=\"297\" data-end=\"679\">Se procura uma embalagem pr\u00e1tica e resistente, realmente concebida para a venda de comida para levar, a <strong data-start=\"391\" data-end=\"434\">caixa de cart\u00e3o para tacos de 240 x 137 x 70 mm<\/strong> satisfaz claramente as suas necessidades. Assim que a pegar, vai notar a sua rigidez e resist\u00eancia. Gra\u00e7as ao seu <strong>cart\u00e3o espesso<\/strong>, pode suportar perfeitamente <strong>tacos generosos<\/strong>, bem recheados e muitas vezes quentes, sem se deformar.  <\/p>\n<p style=\"text-align: left;\" data-start=\"681\" data-end=\"1132\">As suas dimens\u00f5es tamb\u00e9m foram concebidas para se adaptarem \u00e0 maioria dos formatos <strong>de tacos<\/strong>, para que possa trabalhar com toda a tranquilidade. Pode encher, voltar a fechar e devolver o produto ao cliente sem qualquer dificuldade. Al\u00e9m disso, a sua forma simples e o seu fecho eficaz garantem que se mant\u00e9m perfeitamente no lugar durante o transporte. As suas prepara\u00e7\u00f5es mant\u00eam-se no lugar, n\u00e3o vazam e chegam ao cliente em perfeitas condi\u00e7\u00f5es.   <\/p>\n<p style=\"text-align: left;\" data-start=\"1134\" data-end=\"1451\">Al\u00e9m disso, esta <strong data-start=\"391\" data-end=\"434\">lata de tacos<\/strong> <strong>de cart\u00e3o<\/strong> \u00e9 muito f\u00e1cil de utilizar. \u00c9 f\u00e1cil de montar, o que lhe permite poupar tempo nas horas de ponta. Al\u00e9m disso, \u00e9 altamente resistente ao calor e \u00e0 humidade gerados pelos alimentos quentes, o que \u00e9 essencial para preservar a qualidade dos seus tacos.  <\/p>\n<p style=\"text-align: left;\" data-start=\"1453\" data-end=\"1832\">O seu design neutro e moderno adapta-se a todos os estilos de restaurante: <strong>snack, food truck, kebab, fast food<\/strong>, etc. Tamb\u00e9m pode personaliz\u00e1-lo com uma <strong>etiqueta, um carimbo ou qualquer outro elemento que reflicta a imagem do seu estabelecimento<\/strong>. Isto n\u00e3o s\u00f3 melhora a sua apresenta\u00e7\u00e3o, como tamb\u00e9m refor\u00e7a a sua identidade junto dos seus clientes.  <\/p>\n<p style=\"text-align: left;\" data-start=\"1834\" data-end=\"2054\">Por \u00faltimo, mas n\u00e3o menos importante, a <strong data-start=\"391\" data-end=\"434\">caixa de tacos<\/strong> est\u00e1 dispon\u00edvel <strong data-start=\"1863\" data-end=\"1881\">em embalagens de 100 unidades<\/strong>, pelo que pode ter a certeza de um stock confort\u00e1vel e evitar rupturas de stock. Pode trabalhar com mais calma e efici\u00eancia e oferecer aos seus clientes uma melhor experi\u00eancia. <\/p>\n<p style=\"text-align: left;\" data-start=\"1834\" data-end=\"2054\">\n<p style=\"text-align: left;\"><!--more--><\/p>\n<p style=\"text-align: left;\"><strong>Vantagens :<\/strong><\/p>\n<ul>\n<li style=\"text-align: left;\" data-start=\"2083\" data-end=\"2117\"><strong>Cart\u00e3o<\/strong> r\u00edgido, resistente e duradouro.<\/li>\n<li style=\"text-align: left;\" data-start=\"2120\" data-end=\"2166\">Tamanho ideal para a maioria dos tacos.<\/li>\n<li style=\"text-align: left;\" data-start=\"2169\" data-end=\"2202\">F\u00e1cil de montar e fechar.<\/li>\n<li style=\"text-align: left;\" data-start=\"2205\" data-end=\"2243\">Resistente ao calor e \u00e0 humidade.<\/li>\n<li style=\"text-align: left;\" data-start=\"2246\" data-end=\"2277\">Design neutro personaliz\u00e1vel.<\/li>\n<li style=\"text-align: left;\" data-start=\"2280\" data-end=\"2317\"><strong>Embalagem de 100 unidades<\/strong>: econ\u00f3mica e pr\u00e1tica.<\/li>\n<\/ul>\n<\/div>\n<p>&nbsp;<\/p>\n<p><!--more--><\/p>\n<h4>Outras informa\u00e7\u00f5es :<\/h4>\n<ul>\n<li><strong>Embalagem<\/strong>: Pacote de 100<\/li>\n<li><strong>Dimens\u00f5es<\/strong>: 240 x 137 x 70 mm<\/li>\n<li><strong>Material<\/strong>: Cart\u00e3o<\/li>\n<li><strong>Tipo de tampa<\/strong>: Tampa com dobradi\u00e7as<\/li>\n<\/ul>\n<p>&nbsp;<\/p>\n<p><!--more--><\/p>\n<p>Produto dispon\u00edvel em v\u00e1rios tamanhos:  <span style=\"color: #d12727;\"><a style=\"color: #d12727;\" href=\"https:\/\/www.csj-emballages.com\/es\/produit\/100-cajas-dobles-desechables-para-hamburguesas-120-x-130-x-70-mm\/\">HP1K<\/a><\/span> \/ <span style=\"color: #d12727;\"><a style=\"color: #d12727;\" href=\"https:\/\/www.csj-emballages.com\/es\/produit\/100-cajas-de-chips-desechables-175-x-120-x-70-mm\/\">HP2K<\/a><\/span> \/ <span style=\"color: #d12727;\"><a style=\"color: #d12727;\" href=\"https:\/\/www.csj-emballages.com\/es\/produit\/50-cajas-de-carton-225-x-180-x-90-mm\/\">HP4K<\/a><\/span> \/ <span style=\"color: #d12727;\"><a style=\"color: #d12727;\" href=\"https:\/\/www.csj-emballages.com\/produit\/100-boite-carton-a-panini-208-x-70-x-75-mm-restauration-snack-hot-dog-emporter\/\">HP5K<\/a><\/span> \/ <span style=\"color: #d12727;\"><a style=\"color: #d12727;\" href=\"https:\/\/www.csj-emballages.com\/produit\/boite-carton-burger-jetable-carton-150-x-150-x-70-mm\/\">HP6K<\/a><\/span> \/ <span style=\"color: #d12727;\"><a style=\"color: #d12727;\" href=\"https:\/\/www.csj-emballages.com\/es\/produit\/caja-de-carton-para-hamburguesas-165-x-150-x-110-mm-por-100\/\">HP6KH<\/a><\/span> \/ <span style=\"color: #d12727;\"><a style=\"color: #d12727;\" href=\"https:\/\/www.csj-emballages.com\/produit\/50-boite-carton-burgers-jetables-carton-150-x-150-x-70-mm\/\">HP6KGE<\/a><\/span> \/        <span style=\"color: #d12727;\"><a style=\"color: #d12727;\" href=\"https:\/\/www.csj-emballages.com\/produit\/50-boites-doubles-burgers-xl-jetables-carton-170-x-170-x-80-mm\/\">HP6KXL<\/a> <span style=\"color: #000000;\">\/<\/span> <a style=\"color: #d12727;\" href=\"https:\/\/www.csj-emballages.com\/produit\/50-boite-carton-hot-dog-carton-kraft-23-2-x-9-x-6-3-cm-restauration-snack-emporter\/\">HP8K<\/a><\/span><\/p>\n<p>&nbsp;<\/p>\n<p><!--more--><\/p>\n<p><a href=\"https:\/\/www.csj-emballages.com\/pt-pt\/categorie-produit\/embalagem-de-alimentos\/restauracao\/caixas-tabuleiros-bolsas-cones\/tabuleiros-caixas-de-cartao\/lancheiras\/\">V\u00ea o resto da nossa gama de caixas para hamb\u00fargueres<\/a><\/p>\n","protected":false},"excerpt":{"rendered":"<p>Caixa de hamb\u00fargueres Descri\u00e7\u00e3o da caixa de cart\u00e3o para hamb\u00fargueres 240 x 137 x 70 mm por 100<\/p>\n","protected":false},"featured_media":224564,"template":"","meta":{"_acf_changed":false},"product_brand":[],"product_cat":[1141,1138,2793],"product_tag":[],"class_list":{"0":"post-21680","1":"product","2":"type-product","3":"status-publish","4":"has-post-thumbnail","6":"product_cat-embalagem-de-alimentos","7":"product_cat-restauracao","8":"product_cat-lancheiras","10":"first","11":"instock","12":"taxable","13":"shipping-taxable","14":"purchasable","15":"product-type-simple"},"acf":[],"yoast_head":"<!-- This site is optimized with the Yoast SEO Premium plugin v26.6 (Yoast SEO v26.6) - https:\/\/yoast.com\/wordpress\/plugins\/seo\/ -->\n<title>Caixa de cart\u00e3o Tacos 240 x 137 x 70 mm por 100<\/title>\n<meta name=\"description\" content=\"Opta pela nossa caixa de tacos pr\u00e1tica e ecol\u00f3gica, que garante uma boa arruma\u00e7\u00e3o e apresenta\u00e7\u00e3o das tuas refei\u00e7\u00f5es para levar.\" \/>\n<meta name=\"robots\" content=\"index, follow, max-snippet:-1, max-image-preview:large, max-video-preview:-1\" \/>\n<link rel=\"canonical\" href=\"https:\/\/www.csj-emballages.com\/pt-pt\/produit\/100-caixas-de-tacos-de-cartao-kraft-240-x-137-x-70-mm\/\" \/>\n<meta property=\"og:locale\" content=\"pt_PT\" \/>\n<meta property=\"og:type\" content=\"article\" \/>\n<meta property=\"og:title\" content=\"Caixa Taco 240 x 137 x 70 mm por 100\" \/>\n<meta property=\"og:description\" content=\"Opta pela nossa caixa de tacos pr\u00e1tica e ecol\u00f3gica, que garante uma boa arruma\u00e7\u00e3o e apresenta\u00e7\u00e3o das tuas refei\u00e7\u00f5es para levar.\" \/>\n<meta property=\"og:url\" content=\"https:\/\/www.csj-emballages.com\/pt-pt\/produit\/100-caixas-de-tacos-de-cartao-kraft-240-x-137-x-70-mm\/\" \/>\n<meta property=\"og:site_name\" content=\"CSJ Emballages\" \/>\n<meta property=\"article:publisher\" content=\"https:\/\/www.facebook.com\/csjemballages\" \/>\n<meta property=\"article:modified_time\" content=\"2026-04-30T09:00:30+00:00\" \/>\n<meta property=\"og:image\" content=\"https:\/\/www.csj-emballages.com\/wp-content\/uploads\/2024\/03\/HP3K.webp\" \/>\n\t<meta property=\"og:image:width\" content=\"800\" \/>\n\t<meta property=\"og:image:height\" content=\"800\" \/>\n\t<meta property=\"og:image:type\" content=\"image\/webp\" \/>\n<meta name=\"twitter:card\" content=\"summary_large_image\" \/>\n<meta name=\"twitter:label1\" content=\"Tempo estimado de leitura\" \/>\n\t<meta name=\"twitter:data1\" content=\"2 minutos\" \/>\n<script type=\"application\/ld+json\" class=\"yoast-schema-graph\">{\"@context\":\"https:\/\/schema.org\",\"@graph\":[{\"@type\":\"WebPage\",\"@id\":\"https:\/\/www.csj-emballages.com\/pt-pt\/produit\/100-caixas-de-tacos-de-cartao-kraft-240-x-137-x-70-mm\/\",\"url\":\"https:\/\/www.csj-emballages.com\/pt-pt\/produit\/100-caixas-de-tacos-de-cartao-kraft-240-x-137-x-70-mm\/\",\"name\":\"Caixa de cart\u00e3o Tacos 240 x 137 x 70 mm por 100\",\"isPartOf\":{\"@id\":\"https:\/\/www.csj-emballages.com\/pt-pt\/#website\"},\"primaryImageOfPage\":{\"@id\":\"https:\/\/www.csj-emballages.com\/pt-pt\/produit\/100-caixas-de-tacos-de-cartao-kraft-240-x-137-x-70-mm\/#primaryimage\"},\"image\":{\"@id\":\"https:\/\/www.csj-emballages.com\/pt-pt\/produit\/100-caixas-de-tacos-de-cartao-kraft-240-x-137-x-70-mm\/#primaryimage\"},\"thumbnailUrl\":\"https:\/\/www.csj-emballages.com\/wp-content\/uploads\/2024\/03\/HP3K.webp\",\"datePublished\":\"2024-03-01T15:52:07+00:00\",\"dateModified\":\"2026-04-30T09:00:30+00:00\",\"description\":\"Opta pela nossa caixa de tacos pr\u00e1tica e ecol\u00f3gica, que garante uma boa arruma\u00e7\u00e3o e apresenta\u00e7\u00e3o das tuas refei\u00e7\u00f5es para levar.\",\"breadcrumb\":{\"@id\":\"https:\/\/www.csj-emballages.com\/pt-pt\/produit\/100-caixas-de-tacos-de-cartao-kraft-240-x-137-x-70-mm\/#breadcrumb\"},\"inLanguage\":\"pt-PT\",\"potentialAction\":[{\"@type\":\"ReadAction\",\"target\":[\"https:\/\/www.csj-emballages.com\/pt-pt\/produit\/100-caixas-de-tacos-de-cartao-kraft-240-x-137-x-70-mm\/\"]}]},{\"@type\":\"ImageObject\",\"inLanguage\":\"pt-PT\",\"@id\":\"https:\/\/www.csj-emballages.com\/pt-pt\/produit\/100-caixas-de-tacos-de-cartao-kraft-240-x-137-x-70-mm\/#primaryimage\",\"url\":\"https:\/\/www.csj-emballages.com\/wp-content\/uploads\/2024\/03\/HP3K.webp\",\"contentUrl\":\"https:\/\/www.csj-emballages.com\/wp-content\/uploads\/2024\/03\/HP3K.webp\",\"width\":800,\"height\":800,\"caption\":\"Boite tacos\"},{\"@type\":\"BreadcrumbList\",\"@id\":\"https:\/\/www.csj-emballages.com\/pt-pt\/produit\/100-caixas-de-tacos-de-cartao-kraft-240-x-137-x-70-mm\/#breadcrumb\",\"itemListElement\":[{\"@type\":\"ListItem\",\"position\":1,\"name\":\"Acolhimento\",\"item\":\"https:\/\/www.csj-emballages.com\/pt-pt\/universo-das-embalagens-alimentares\/\"},{\"@type\":\"ListItem\",\"position\":2,\"name\":\"Shop\",\"item\":\"https:\/\/www.csj-emballages.com\/shop\/\"},{\"@type\":\"ListItem\",\"position\":3,\"name\":\"Caixa Taco 240 x 137 x 70 mm por 100\"}]},{\"@type\":\"WebSite\",\"@id\":\"https:\/\/www.csj-emballages.com\/pt-pt\/#website\",\"url\":\"https:\/\/www.csj-emballages.com\/pt-pt\/\",\"name\":\"CSJ Emballages\",\"description\":\"\",\"publisher\":{\"@id\":\"https:\/\/www.csj-emballages.com\/pt-pt\/#organization\"},\"potentialAction\":[{\"@type\":\"SearchAction\",\"target\":{\"@type\":\"EntryPoint\",\"urlTemplate\":\"https:\/\/www.csj-emballages.com\/pt-pt\/?s={search_term_string}\"},\"query-input\":{\"@type\":\"PropertyValueSpecification\",\"valueRequired\":true,\"valueName\":\"search_term_string\"}}],\"inLanguage\":\"pt-PT\"},{\"@type\":\"Organization\",\"@id\":\"https:\/\/www.csj-emballages.com\/pt-pt\/#Organization\/\",\"name\":\"CSJ Emballages\",\"url\":\"https:\/\/www.csj-emballages.com\/pt-pt\/\",\"logo\":{\"@type\":\"ImageObject\",\"inLanguage\":\"pt-PT\",\"@id\":\"https:\/\/www.csj-emballages.com\/pt-pt\/#\/schema\/logo\/image\/\",\"url\":\"https:\/\/www.csj-emballages.com\/wp-content\/uploads\/2023\/10\/logo_csj.webp\",\"contentUrl\":\"https:\/\/www.csj-emballages.com\/wp-content\/uploads\/2023\/10\/logo_csj.webp\",\"width\":250,\"height\":95,\"caption\":\"CSJ Emballages\"},\"image\":{\"@id\":\"https:\/\/www.csj-emballages.com\/pt-pt\/#\/schema\/logo\/image\/\"},\"sameAs\":[\"https:\/\/www.facebook.com\/csjemballages\"],\"address\":{\"@type\":\"PostalAddress\",\"streetAddress\":\"ZI La Lechere\",\"addressLocality\":\"Patornay\",\"postalCode\":\"39130\",\"addressCountry\":\"FR\"},\"contactPoint\":[{\"@type\":\"ContactPoint\",\"contactType\":\"Service client\",\"telephone\":\"0384254272\",\"email\":\"contact@csj-emballages.com\"}]}]}<\/script>\n<!-- \/ Yoast SEO Premium plugin. -->","yoast_head_json":{"title":"Caixa de cart\u00e3o Tacos 240 x 137 x 70 mm por 100","description":"Opta pela nossa caixa de tacos pr\u00e1tica e ecol\u00f3gica, que garante uma boa arruma\u00e7\u00e3o e apresenta\u00e7\u00e3o das tuas refei\u00e7\u00f5es para levar.","robots":{"index":"index","follow":"follow","max-snippet":"max-snippet:-1","max-image-preview":"max-image-preview:large","max-video-preview":"max-video-preview:-1"},"canonical":"https:\/\/www.csj-emballages.com\/pt-pt\/produit\/100-caixas-de-tacos-de-cartao-kraft-240-x-137-x-70-mm\/","og_locale":"pt_PT","og_type":"article","og_title":"Caixa Taco 240 x 137 x 70 mm por 100","og_description":"Opta pela nossa caixa de tacos pr\u00e1tica e ecol\u00f3gica, que garante uma boa arruma\u00e7\u00e3o e apresenta\u00e7\u00e3o das tuas refei\u00e7\u00f5es para levar.","og_url":"https:\/\/www.csj-emballages.com\/pt-pt\/produit\/100-caixas-de-tacos-de-cartao-kraft-240-x-137-x-70-mm\/","og_site_name":"CSJ Emballages","article_publisher":"https:\/\/www.facebook.com\/csjemballages","article_modified_time":"2026-04-30T09:00:30+00:00","og_image":[{"width":800,"height":800,"url":"https:\/\/www.csj-emballages.com\/wp-content\/uploads\/2024\/03\/HP3K.webp","type":"image\/webp"}],"twitter_card":"summary_large_image","twitter_misc":{"Tempo estimado de leitura":"2 minutos"},"schema":{"@context":"https:\/\/schema.org","@graph":[{"@type":"WebPage","@id":"https:\/\/www.csj-emballages.com\/pt-pt\/produit\/100-caixas-de-tacos-de-cartao-kraft-240-x-137-x-70-mm\/","url":"https:\/\/www.csj-emballages.com\/pt-pt\/produit\/100-caixas-de-tacos-de-cartao-kraft-240-x-137-x-70-mm\/","name":"Caixa de cart\u00e3o Tacos 240 x 137 x 70 mm por 100","isPartOf":{"@id":"https:\/\/www.csj-emballages.com\/pt-pt\/#website"},"primaryImageOfPage":{"@id":"https:\/\/www.csj-emballages.com\/pt-pt\/produit\/100-caixas-de-tacos-de-cartao-kraft-240-x-137-x-70-mm\/#primaryimage"},"image":{"@id":"https:\/\/www.csj-emballages.com\/pt-pt\/produit\/100-caixas-de-tacos-de-cartao-kraft-240-x-137-x-70-mm\/#primaryimage"},"thumbnailUrl":"https:\/\/www.csj-emballages.com\/wp-content\/uploads\/2024\/03\/HP3K.webp","datePublished":"2024-03-01T15:52:07+00:00","dateModified":"2026-04-30T09:00:30+00:00","description":"Opta pela nossa caixa de tacos pr\u00e1tica e ecol\u00f3gica, que garante uma boa arruma\u00e7\u00e3o e apresenta\u00e7\u00e3o das tuas refei\u00e7\u00f5es para levar.","breadcrumb":{"@id":"https:\/\/www.csj-emballages.com\/pt-pt\/produit\/100-caixas-de-tacos-de-cartao-kraft-240-x-137-x-70-mm\/#breadcrumb"},"inLanguage":"pt-PT","potentialAction":[{"@type":"ReadAction","target":["https:\/\/www.csj-emballages.com\/pt-pt\/produit\/100-caixas-de-tacos-de-cartao-kraft-240-x-137-x-70-mm\/"]}]},{"@type":"ImageObject","inLanguage":"pt-PT","@id":"https:\/\/www.csj-emballages.com\/pt-pt\/produit\/100-caixas-de-tacos-de-cartao-kraft-240-x-137-x-70-mm\/#primaryimage","url":"https:\/\/www.csj-emballages.com\/wp-content\/uploads\/2024\/03\/HP3K.webp","contentUrl":"https:\/\/www.csj-emballages.com\/wp-content\/uploads\/2024\/03\/HP3K.webp","width":800,"height":800,"caption":"Boite tacos"},{"@type":"BreadcrumbList","@id":"https:\/\/www.csj-emballages.com\/pt-pt\/produit\/100-caixas-de-tacos-de-cartao-kraft-240-x-137-x-70-mm\/#breadcrumb","itemListElement":[{"@type":"ListItem","position":1,"name":"Acolhimento","item":"https:\/\/www.csj-emballages.com\/pt-pt\/universo-das-embalagens-alimentares\/"},{"@type":"ListItem","position":2,"name":"Shop","item":"https:\/\/www.csj-emballages.com\/shop\/"},{"@type":"ListItem","position":3,"name":"Caixa Taco 240 x 137 x 70 mm por 100"}]},{"@type":"WebSite","@id":"https:\/\/www.csj-emballages.com\/pt-pt\/#website","url":"https:\/\/www.csj-emballages.com\/pt-pt\/","name":"CSJ Emballages","description":"","publisher":{"@id":"https:\/\/www.csj-emballages.com\/pt-pt\/#organization"},"potentialAction":[{"@type":"SearchAction","target":{"@type":"EntryPoint","urlTemplate":"https:\/\/www.csj-emballages.com\/pt-pt\/?s={search_term_string}"},"query-input":{"@type":"PropertyValueSpecification","valueRequired":true,"valueName":"search_term_string"}}],"inLanguage":"pt-PT"},{"@type":"Organization","@id":"https:\/\/www.csj-emballages.com\/pt-pt\/#Organization\/","name":"CSJ Emballages","url":"https:\/\/www.csj-emballages.com\/pt-pt\/","logo":{"@type":"ImageObject","inLanguage":"pt-PT","@id":"https:\/\/www.csj-emballages.com\/pt-pt\/#\/schema\/logo\/image\/","url":"https:\/\/www.csj-emballages.com\/wp-content\/uploads\/2023\/10\/logo_csj.webp","contentUrl":"https:\/\/www.csj-emballages.com\/wp-content\/uploads\/2023\/10\/logo_csj.webp","width":250,"height":95,"caption":"CSJ Emballages"},"image":{"@id":"https:\/\/www.csj-emballages.com\/pt-pt\/#\/schema\/logo\/image\/"},"sameAs":["https:\/\/www.facebook.com\/csjemballages"],"address":{"@type":"PostalAddress","streetAddress":"ZI La Lechere","addressLocality":"Patornay","postalCode":"39130","addressCountry":"FR"},"contactPoint":[{"@type":"ContactPoint","contactType":"Service client","telephone":"0384254272","email":"contact@csj-emballages.com"}]}]}},"df_price":22.32,"df_sale_price":"","df_regular_price":22.32,"df_image_link":"https:\/\/www.csj-emballages.com\/wp-content\/uploads\/2024\/03\/HP3K-300x300.webp","tiered_pricing_type":"fixed","tiered_pricing_fixed_rules":[],"tiered_pricing_percentage_rules":[],"tiered_pricing_minimum":1,"tiered_pricing_roles_data":[],"_links":{"self":[{"href":"https:\/\/www.csj-emballages.com\/pt-pt\/wp-json\/wp\/v2\/product\/21680","targetHints":{"allow":["GET"]}}],"collection":[{"href":"https:\/\/www.csj-emballages.com\/pt-pt\/wp-json\/wp\/v2\/product"}],"about":[{"href":"https:\/\/www.csj-emballages.com\/pt-pt\/wp-json\/wp\/v2\/types\/product"}],"wp:featuredmedia":[{"embeddable":true,"href":"https:\/\/www.csj-emballages.com\/pt-pt\/wp-json\/wp\/v2\/media\/224564"}],"wp:attachment":[{"href":"https:\/\/www.csj-emballages.com\/pt-pt\/wp-json\/wp\/v2\/media?parent=21680"}],"wp:term":[{"taxonomy":"product_brand","embeddable":true,"href":"https:\/\/www.csj-emballages.com\/pt-pt\/wp-json\/wp\/v2\/product_brand?post=21680"},{"taxonomy":"product_cat","embeddable":true,"href":"https:\/\/www.csj-emballages.com\/pt-pt\/wp-json\/wp\/v2\/product_cat?post=21680"},{"taxonomy":"product_tag","embeddable":true,"href":"https:\/\/www.csj-emballages.com\/pt-pt\/wp-json\/wp\/v2\/product_tag?post=21680"}],"curies":[{"name":"wp","href":"https:\/\/api.w.org\/{rel}","templated":true}]}}