{"id":21664,"date":"2024-03-01T16:52:07","date_gmt":"2024-03-01T15:52:07","guid":{"rendered":"https:\/\/u15jnbdpoq.preview.infomaniak.website\/produit\/100-caixas-de-chips-descartaveis-175-x-120-x-70-mm\/"},"modified":"2026-05-01T02:13:11","modified_gmt":"2026-05-01T00:13:11","slug":"100-caixas-de-chips-descartaveis-175-x-120-x-70-mm","status":"publish","type":"product","link":"https:\/\/www.csj-emballages.com\/pt-pt\/produit\/100-caixas-de-chips-descartaveis-175-x-120-x-70-mm\/","title":{"rendered":"Caixa para hamb\u00fargueres 175 x 120 x 70 mm por 100"},"content":{"rendered":"<h2>Caixa de hamb\u00fargueres<\/h2>\n<div style=\"text-align: center;\">\n<hr>\n<h3 style=\"text-align: left;\">Descri\u00e7\u00e3o da caixa de cart\u00e3o para hamb\u00fargueres 175 x 120 x 70 mm por 100<\/h3>\n<p style=\"text-align: left;\"><!--more--><\/p>\n<p style=\"text-align: left;\" data-start=\"228\" data-end=\"606\">Se procura uma caixa de <strong>hamb\u00fargueres<\/strong> simples, fi\u00e1vel e f\u00e1cil de utilizar, esta <strong data-start=\"317\" data-end=\"361\">caixa de hamb\u00fargueres em cart\u00e3o de 175 x 120 x 70 mm<\/strong> \u00e9 a solu\u00e7\u00e3o ideal. Assim que a pegar, sentir\u00e1 imediatamente que foi concebida para resistir aos rigores da utiliza\u00e7\u00e3o: o seu <strong>cart\u00e3o espesso<\/strong> mant\u00e9m o calor, conserva a forma do hamb\u00farguer e evita que este seja esmagado durante o transporte. <\/p>\n<p style=\"text-align: left;\" data-start=\"608\" data-end=\"1035\">Gra\u00e7as \u00e0s suas dimens\u00f5es bem pensadas, pode ser utilizada tanto para hamb\u00fargueres cl\u00e1ssicos como para receitas mais generosas. Tamb\u00e9m pode ser utilizada para sandu\u00edches, bagels ou mesmo por\u00e7\u00f5es de batatas fritas, o que a torna particularmente vers\u00e1til. Al\u00e9m disso, fecha-se de forma r\u00e1pida e segura, poupando-lhe tempo quando est\u00e1 com pressa. Basta dobrar, prender e est\u00e1 pronto a usar.   <\/p>\n<p style=\"text-align: left;\" data-start=\"1037\" data-end=\"1466\">Al\u00e9m disso, esta <strong data-start=\"317\" data-end=\"361\">caixa para hamb\u00fargueres<\/strong> \u00e9 ideal para levar, entregar ou servir no local. Mant\u00e9m os seus preparados no lugar, permitindo a circula\u00e7\u00e3o de uma quantidade m\u00ednima de ar para evitar que o p\u00e3o fique encharcado. Isto garante que os seus clientes desfrutem ainda mais do seu p\u00e3o. Al\u00e9m disso, como \u00e9 feito de <strong>cart\u00e3o<\/strong>, oferece um aspeto natural e profissional que \u00e9 sempre apreciado no sector da restaura\u00e7\u00e3o.   <\/p>\n<p style=\"text-align: left;\" data-start=\"1468\" data-end=\"1795\">Al\u00e9m disso, \u00e9 vendido <strong data-start=\"1494\" data-end=\"1512\">em embalagens de 100 unidades<\/strong>, pelo que ter\u00e1 stock suficiente para trabalhar com tranquilidade. Pode gerir um grande volume sem ter de fazer recomenda\u00e7\u00f5es com demasiada frequ\u00eancia. Este formato econ\u00f3mico \u00e9 perfeito para restaurantes, snack-bares, food trucks ou qualquer outra empresa que sirva hamb\u00fargueres com regularidade.  <\/p>\n<p style=\"text-align: left;\" data-start=\"1797\" data-end=\"1931\">Em suma, esta <strong data-start=\"317\" data-end=\"361\">caixa para hamb\u00fargueres<\/strong> combina praticidade, robustez e facilidade de utiliza\u00e7\u00e3o para o ajudar a fazer o trabalho todos os dias.<\/p>\n<p style=\"text-align: left;\"><!--more--><\/p>\n<p style=\"text-align: left;\"><strong>Vantagens :<\/strong><\/p>\n<ul>\n<li style=\"text-align: left;\" data-start=\"1960\" data-end=\"2007\"><strong>Cart\u00e3o<\/strong> s\u00f3lido que protege e ret\u00e9m o calor.<\/li>\n<li style=\"text-align: left;\" data-start=\"2010\" data-end=\"2067\">Tamanho ideal para hamb\u00fargueres cl\u00e1ssicos e gourmet.<\/li>\n<li style=\"text-align: left;\" data-start=\"2070\" data-end=\"2101\">Fecho r\u00e1pido e seguro.<\/li>\n<li style=\"text-align: left;\" data-start=\"2104\" data-end=\"2146\"><strong>Polivalente<\/strong>: hamb\u00fargueres, sandes, batatas fritas.<\/li>\n<li style=\"text-align: left;\" data-start=\"2149\" data-end=\"2182\">Aspeto natural e profissional.<\/li>\n<li style=\"text-align: left;\" data-start=\"2185\" data-end=\"2222\"><strong>Embalagem de 100 unidades<\/strong>: pr\u00e1tico e econ\u00f3mico.<\/li>\n<\/ul>\n<\/div>\n<p>&nbsp;<\/p>\n<p><!--more--><\/p>\n<h4>Outras informa\u00e7\u00f5es :<\/h4>\n<ul>\n<li><strong>Embalagem<\/strong>: Pacote de 100<\/li>\n<li><strong>Dimens\u00f5es<\/strong>: 175 x 120 x 70 mm<\/li>\n<li><strong>Material<\/strong>: Cart\u00e3o<\/li>\n<li><strong>Tipo de tampa<\/strong>: Tampa com dobradi\u00e7as<\/li>\n<\/ul>\n<p>&nbsp;<\/p>\n<p><!--more--><\/p>\n<p>Produto dispon\u00edvel em v\u00e1rios tamanhos:  <span style=\"color: #d12727;\"><a style=\"color: #d12727;\" href=\"https:\/\/www.csj-emballages.com\/es\/produit\/100-cajas-dobles-desechables-para-hamburguesas-120-x-130-x-70-mm\/\">HP1K<\/a><\/span> \/ <g id=\"gid_2\"><g id=\"gid_3\">HP3K<\/g><\/g> \/ <span style=\"color: #d12727;\"><a style=\"color: #d12727;\" href=\"https:\/\/www.csj-emballages.com\/pt-pt\/produit\/50-caixas-de-cartao-225-x-180-x-90-mm\/\">HP4K<\/a><\/span> \/ <span style=\"color: #d12727;\"><a style=\"color: #d12727;\" href=\"https:\/\/www.csj-emballages.com\/produit\/100-boite-carton-a-panini-208-x-70-x-75-mm-restauration-snack-hot-dog-emporter\/\">HP5K<\/a><\/span> \/ <g id=\"gid_8\"><g id=\"gid_9\">HP6K<\/g><\/g> \/ <g id=\"gid_10\"><g id=\"gid_11\">HP6KH<\/g><\/g> \/ <span style=\"color: #d12727;\"><a style=\"color: #d12727;\" href=\"https:\/\/www.csj-emballages.com\/produit\/50-boite-carton-burgers-jetables-carton-150-x-150-x-70-mm\/\">HP6KGE<\/a><\/span> \/        <span style=\"color: #d12727;\"><a style=\"color: #d12727;\" href=\"https:\/\/www.csj-emballages.com\/produit\/50-boites-doubles-burgers-xl-jetables-carton-170-x-170-x-80-mm\/\">HP6KXL<\/a><\/span><\/p>\n<p>&nbsp;<\/p>\n<p><!--more--><\/p>\n<p><a href=\"https:\/\/www.csj-emballages.com\/pt-pt\/categorie-produit\/embalagem-de-alimentos\/restauracao\/caixas-tabuleiros-bolsas-cones\/tabuleiros-caixas-de-cartao\/lancheiras\/\">V\u00ea o resto da nossa gama de caixas para hamb\u00fargueres<\/a><\/p>\n","protected":false},"excerpt":{"rendered":"<p>Caixa de hamb\u00fargueres Descri\u00e7\u00e3o da caixa de cart\u00e3o para hamb\u00fargueres 175 x 120 x 70 mm por 100<\/p>\n","protected":false},"featured_media":224558,"template":"","meta":{"_acf_changed":false},"product_brand":[],"product_cat":[1141,1138,2793],"product_tag":[],"class_list":{"0":"post-21664","1":"product","2":"type-product","3":"status-publish","4":"has-post-thumbnail","6":"product_cat-embalagem-de-alimentos","7":"product_cat-restauracao","8":"product_cat-lancheiras","10":"first","11":"instock","12":"taxable","13":"shipping-taxable","14":"purchasable","15":"product-type-simple"},"acf":[],"yoast_head":"<!-- This site is optimized with the Yoast SEO Premium plugin v26.6 (Yoast SEO v26.6) - https:\/\/yoast.com\/wordpress\/plugins\/seo\/ -->\n<title>Caixa de cart\u00e3o Burger 175 x 120 x 70 mm por 100<\/title>\n<meta name=\"description\" content=\"Opta pela nossa Burger Box, pr\u00e1tica e ecol\u00f3gica, que garante uma boa arruma\u00e7\u00e3o e apresenta\u00e7\u00e3o das tuas refei\u00e7\u00f5es para levar.\" \/>\n<meta name=\"robots\" content=\"index, follow, max-snippet:-1, max-image-preview:large, max-video-preview:-1\" \/>\n<link rel=\"canonical\" href=\"https:\/\/www.csj-emballages.com\/pt-pt\/produit\/100-caixas-de-chips-descartaveis-175-x-120-x-70-mm\/\" \/>\n<meta property=\"og:locale\" content=\"pt_PT\" \/>\n<meta property=\"og:type\" content=\"article\" \/>\n<meta property=\"og:title\" content=\"Caixa para hamb\u00fargueres 175 x 120 x 70 mm por 100\" \/>\n<meta property=\"og:description\" content=\"Opta pela nossa Burger Box, pr\u00e1tica e ecol\u00f3gica, que garante uma boa arruma\u00e7\u00e3o e apresenta\u00e7\u00e3o das tuas refei\u00e7\u00f5es para levar.\" \/>\n<meta property=\"og:url\" content=\"https:\/\/www.csj-emballages.com\/pt-pt\/produit\/100-caixas-de-chips-descartaveis-175-x-120-x-70-mm\/\" \/>\n<meta property=\"og:site_name\" content=\"CSJ Emballages\" \/>\n<meta property=\"article:publisher\" content=\"https:\/\/www.facebook.com\/csjemballages\" \/>\n<meta property=\"article:modified_time\" content=\"2026-05-01T00:13:11+00:00\" \/>\n<meta property=\"og:image\" content=\"https:\/\/www.csj-emballages.com\/wp-content\/uploads\/2024\/03\/HP2K.webp\" \/>\n\t<meta property=\"og:image:width\" content=\"800\" \/>\n\t<meta property=\"og:image:height\" content=\"800\" \/>\n\t<meta property=\"og:image:type\" content=\"image\/webp\" \/>\n<meta name=\"twitter:card\" content=\"summary_large_image\" \/>\n<meta name=\"twitter:label1\" content=\"Tempo estimado de leitura\" \/>\n\t<meta name=\"twitter:data1\" content=\"2 minutos\" \/>\n<script type=\"application\/ld+json\" class=\"yoast-schema-graph\">{\"@context\":\"https:\/\/schema.org\",\"@graph\":[{\"@type\":\"WebPage\",\"@id\":\"https:\/\/www.csj-emballages.com\/pt-pt\/produit\/100-caixas-de-chips-descartaveis-175-x-120-x-70-mm\/\",\"url\":\"https:\/\/www.csj-emballages.com\/pt-pt\/produit\/100-caixas-de-chips-descartaveis-175-x-120-x-70-mm\/\",\"name\":\"Caixa de cart\u00e3o Burger 175 x 120 x 70 mm por 100\",\"isPartOf\":{\"@id\":\"https:\/\/www.csj-emballages.com\/pt-pt\/#website\"},\"primaryImageOfPage\":{\"@id\":\"https:\/\/www.csj-emballages.com\/pt-pt\/produit\/100-caixas-de-chips-descartaveis-175-x-120-x-70-mm\/#primaryimage\"},\"image\":{\"@id\":\"https:\/\/www.csj-emballages.com\/pt-pt\/produit\/100-caixas-de-chips-descartaveis-175-x-120-x-70-mm\/#primaryimage\"},\"thumbnailUrl\":\"https:\/\/www.csj-emballages.com\/wp-content\/uploads\/2024\/03\/HP2K.webp\",\"datePublished\":\"2024-03-01T15:52:07+00:00\",\"dateModified\":\"2026-05-01T00:13:11+00:00\",\"description\":\"Opta pela nossa Burger Box, pr\u00e1tica e ecol\u00f3gica, que garante uma boa arruma\u00e7\u00e3o e apresenta\u00e7\u00e3o das tuas refei\u00e7\u00f5es para levar.\",\"breadcrumb\":{\"@id\":\"https:\/\/www.csj-emballages.com\/pt-pt\/produit\/100-caixas-de-chips-descartaveis-175-x-120-x-70-mm\/#breadcrumb\"},\"inLanguage\":\"pt-PT\",\"potentialAction\":[{\"@type\":\"ReadAction\",\"target\":[\"https:\/\/www.csj-emballages.com\/pt-pt\/produit\/100-caixas-de-chips-descartaveis-175-x-120-x-70-mm\/\"]}]},{\"@type\":\"ImageObject\",\"inLanguage\":\"pt-PT\",\"@id\":\"https:\/\/www.csj-emballages.com\/pt-pt\/produit\/100-caixas-de-chips-descartaveis-175-x-120-x-70-mm\/#primaryimage\",\"url\":\"https:\/\/www.csj-emballages.com\/wp-content\/uploads\/2024\/03\/HP2K.webp\",\"contentUrl\":\"https:\/\/www.csj-emballages.com\/wp-content\/uploads\/2024\/03\/HP2K.webp\",\"width\":800,\"height\":800,\"caption\":\"Boite burger\"},{\"@type\":\"BreadcrumbList\",\"@id\":\"https:\/\/www.csj-emballages.com\/pt-pt\/produit\/100-caixas-de-chips-descartaveis-175-x-120-x-70-mm\/#breadcrumb\",\"itemListElement\":[{\"@type\":\"ListItem\",\"position\":1,\"name\":\"Acolhimento\",\"item\":\"https:\/\/www.csj-emballages.com\/pt-pt\/universo-das-embalagens-alimentares\/\"},{\"@type\":\"ListItem\",\"position\":2,\"name\":\"Shop\",\"item\":\"https:\/\/www.csj-emballages.com\/shop\/\"},{\"@type\":\"ListItem\",\"position\":3,\"name\":\"Caixa para hamb\u00fargueres 175 x 120 x 70 mm por 100\"}]},{\"@type\":\"WebSite\",\"@id\":\"https:\/\/www.csj-emballages.com\/pt-pt\/#website\",\"url\":\"https:\/\/www.csj-emballages.com\/pt-pt\/\",\"name\":\"CSJ Emballages\",\"description\":\"\",\"publisher\":{\"@id\":\"https:\/\/www.csj-emballages.com\/pt-pt\/#organization\"},\"potentialAction\":[{\"@type\":\"SearchAction\",\"target\":{\"@type\":\"EntryPoint\",\"urlTemplate\":\"https:\/\/www.csj-emballages.com\/pt-pt\/?s={search_term_string}\"},\"query-input\":{\"@type\":\"PropertyValueSpecification\",\"valueRequired\":true,\"valueName\":\"search_term_string\"}}],\"inLanguage\":\"pt-PT\"},{\"@type\":\"Organization\",\"@id\":\"https:\/\/www.csj-emballages.com\/pt-pt\/#Organization\/\",\"name\":\"CSJ Emballages\",\"url\":\"https:\/\/www.csj-emballages.com\/pt-pt\/\",\"logo\":{\"@type\":\"ImageObject\",\"inLanguage\":\"pt-PT\",\"@id\":\"https:\/\/www.csj-emballages.com\/pt-pt\/#\/schema\/logo\/image\/\",\"url\":\"https:\/\/www.csj-emballages.com\/wp-content\/uploads\/2023\/10\/logo_csj.webp\",\"contentUrl\":\"https:\/\/www.csj-emballages.com\/wp-content\/uploads\/2023\/10\/logo_csj.webp\",\"width\":250,\"height\":95,\"caption\":\"CSJ Emballages\"},\"image\":{\"@id\":\"https:\/\/www.csj-emballages.com\/pt-pt\/#\/schema\/logo\/image\/\"},\"sameAs\":[\"https:\/\/www.facebook.com\/csjemballages\"],\"address\":{\"@type\":\"PostalAddress\",\"streetAddress\":\"ZI La Lechere\",\"addressLocality\":\"Patornay\",\"postalCode\":\"39130\",\"addressCountry\":\"FR\"},\"contactPoint\":[{\"@type\":\"ContactPoint\",\"contactType\":\"Service client\",\"telephone\":\"0384254272\",\"email\":\"contact@csj-emballages.com\"}]}]}<\/script>\n<!-- \/ Yoast SEO Premium plugin. -->","yoast_head_json":{"title":"Caixa de cart\u00e3o Burger 175 x 120 x 70 mm por 100","description":"Opta pela nossa Burger Box, pr\u00e1tica e ecol\u00f3gica, que garante uma boa arruma\u00e7\u00e3o e apresenta\u00e7\u00e3o das tuas refei\u00e7\u00f5es para levar.","robots":{"index":"index","follow":"follow","max-snippet":"max-snippet:-1","max-image-preview":"max-image-preview:large","max-video-preview":"max-video-preview:-1"},"canonical":"https:\/\/www.csj-emballages.com\/pt-pt\/produit\/100-caixas-de-chips-descartaveis-175-x-120-x-70-mm\/","og_locale":"pt_PT","og_type":"article","og_title":"Caixa para hamb\u00fargueres 175 x 120 x 70 mm por 100","og_description":"Opta pela nossa Burger Box, pr\u00e1tica e ecol\u00f3gica, que garante uma boa arruma\u00e7\u00e3o e apresenta\u00e7\u00e3o das tuas refei\u00e7\u00f5es para levar.","og_url":"https:\/\/www.csj-emballages.com\/pt-pt\/produit\/100-caixas-de-chips-descartaveis-175-x-120-x-70-mm\/","og_site_name":"CSJ Emballages","article_publisher":"https:\/\/www.facebook.com\/csjemballages","article_modified_time":"2026-05-01T00:13:11+00:00","og_image":[{"width":800,"height":800,"url":"https:\/\/www.csj-emballages.com\/wp-content\/uploads\/2024\/03\/HP2K.webp","type":"image\/webp"}],"twitter_card":"summary_large_image","twitter_misc":{"Tempo estimado de leitura":"2 minutos"},"schema":{"@context":"https:\/\/schema.org","@graph":[{"@type":"WebPage","@id":"https:\/\/www.csj-emballages.com\/pt-pt\/produit\/100-caixas-de-chips-descartaveis-175-x-120-x-70-mm\/","url":"https:\/\/www.csj-emballages.com\/pt-pt\/produit\/100-caixas-de-chips-descartaveis-175-x-120-x-70-mm\/","name":"Caixa de cart\u00e3o Burger 175 x 120 x 70 mm por 100","isPartOf":{"@id":"https:\/\/www.csj-emballages.com\/pt-pt\/#website"},"primaryImageOfPage":{"@id":"https:\/\/www.csj-emballages.com\/pt-pt\/produit\/100-caixas-de-chips-descartaveis-175-x-120-x-70-mm\/#primaryimage"},"image":{"@id":"https:\/\/www.csj-emballages.com\/pt-pt\/produit\/100-caixas-de-chips-descartaveis-175-x-120-x-70-mm\/#primaryimage"},"thumbnailUrl":"https:\/\/www.csj-emballages.com\/wp-content\/uploads\/2024\/03\/HP2K.webp","datePublished":"2024-03-01T15:52:07+00:00","dateModified":"2026-05-01T00:13:11+00:00","description":"Opta pela nossa Burger Box, pr\u00e1tica e ecol\u00f3gica, que garante uma boa arruma\u00e7\u00e3o e apresenta\u00e7\u00e3o das tuas refei\u00e7\u00f5es para levar.","breadcrumb":{"@id":"https:\/\/www.csj-emballages.com\/pt-pt\/produit\/100-caixas-de-chips-descartaveis-175-x-120-x-70-mm\/#breadcrumb"},"inLanguage":"pt-PT","potentialAction":[{"@type":"ReadAction","target":["https:\/\/www.csj-emballages.com\/pt-pt\/produit\/100-caixas-de-chips-descartaveis-175-x-120-x-70-mm\/"]}]},{"@type":"ImageObject","inLanguage":"pt-PT","@id":"https:\/\/www.csj-emballages.com\/pt-pt\/produit\/100-caixas-de-chips-descartaveis-175-x-120-x-70-mm\/#primaryimage","url":"https:\/\/www.csj-emballages.com\/wp-content\/uploads\/2024\/03\/HP2K.webp","contentUrl":"https:\/\/www.csj-emballages.com\/wp-content\/uploads\/2024\/03\/HP2K.webp","width":800,"height":800,"caption":"Boite burger"},{"@type":"BreadcrumbList","@id":"https:\/\/www.csj-emballages.com\/pt-pt\/produit\/100-caixas-de-chips-descartaveis-175-x-120-x-70-mm\/#breadcrumb","itemListElement":[{"@type":"ListItem","position":1,"name":"Acolhimento","item":"https:\/\/www.csj-emballages.com\/pt-pt\/universo-das-embalagens-alimentares\/"},{"@type":"ListItem","position":2,"name":"Shop","item":"https:\/\/www.csj-emballages.com\/shop\/"},{"@type":"ListItem","position":3,"name":"Caixa para hamb\u00fargueres 175 x 120 x 70 mm por 100"}]},{"@type":"WebSite","@id":"https:\/\/www.csj-emballages.com\/pt-pt\/#website","url":"https:\/\/www.csj-emballages.com\/pt-pt\/","name":"CSJ Emballages","description":"","publisher":{"@id":"https:\/\/www.csj-emballages.com\/pt-pt\/#organization"},"potentialAction":[{"@type":"SearchAction","target":{"@type":"EntryPoint","urlTemplate":"https:\/\/www.csj-emballages.com\/pt-pt\/?s={search_term_string}"},"query-input":{"@type":"PropertyValueSpecification","valueRequired":true,"valueName":"search_term_string"}}],"inLanguage":"pt-PT"},{"@type":"Organization","@id":"https:\/\/www.csj-emballages.com\/pt-pt\/#Organization\/","name":"CSJ Emballages","url":"https:\/\/www.csj-emballages.com\/pt-pt\/","logo":{"@type":"ImageObject","inLanguage":"pt-PT","@id":"https:\/\/www.csj-emballages.com\/pt-pt\/#\/schema\/logo\/image\/","url":"https:\/\/www.csj-emballages.com\/wp-content\/uploads\/2023\/10\/logo_csj.webp","contentUrl":"https:\/\/www.csj-emballages.com\/wp-content\/uploads\/2023\/10\/logo_csj.webp","width":250,"height":95,"caption":"CSJ Emballages"},"image":{"@id":"https:\/\/www.csj-emballages.com\/pt-pt\/#\/schema\/logo\/image\/"},"sameAs":["https:\/\/www.facebook.com\/csjemballages"],"address":{"@type":"PostalAddress","streetAddress":"ZI La Lechere","addressLocality":"Patornay","postalCode":"39130","addressCountry":"FR"},"contactPoint":[{"@type":"ContactPoint","contactType":"Service client","telephone":"0384254272","email":"contact@csj-emballages.com"}]}]}},"df_price":19.69,"df_sale_price":"","df_regular_price":19.69,"df_image_link":"https:\/\/www.csj-emballages.com\/wp-content\/uploads\/2024\/03\/HP2K-300x300.webp","tiered_pricing_type":"fixed","tiered_pricing_fixed_rules":[],"tiered_pricing_percentage_rules":[],"tiered_pricing_minimum":1,"tiered_pricing_roles_data":[],"_links":{"self":[{"href":"https:\/\/www.csj-emballages.com\/pt-pt\/wp-json\/wp\/v2\/product\/21664","targetHints":{"allow":["GET"]}}],"collection":[{"href":"https:\/\/www.csj-emballages.com\/pt-pt\/wp-json\/wp\/v2\/product"}],"about":[{"href":"https:\/\/www.csj-emballages.com\/pt-pt\/wp-json\/wp\/v2\/types\/product"}],"wp:featuredmedia":[{"embeddable":true,"href":"https:\/\/www.csj-emballages.com\/pt-pt\/wp-json\/wp\/v2\/media\/224558"}],"wp:attachment":[{"href":"https:\/\/www.csj-emballages.com\/pt-pt\/wp-json\/wp\/v2\/media?parent=21664"}],"wp:term":[{"taxonomy":"product_brand","embeddable":true,"href":"https:\/\/www.csj-emballages.com\/pt-pt\/wp-json\/wp\/v2\/product_brand?post=21664"},{"taxonomy":"product_cat","embeddable":true,"href":"https:\/\/www.csj-emballages.com\/pt-pt\/wp-json\/wp\/v2\/product_cat?post=21664"},{"taxonomy":"product_tag","embeddable":true,"href":"https:\/\/www.csj-emballages.com\/pt-pt\/wp-json\/wp\/v2\/product_tag?post=21664"}],"curies":[{"name":"wp","href":"https:\/\/api.w.org\/{rel}","templated":true}]}}