{"id":21616,"date":"2024-03-01T16:53:03","date_gmt":"2024-03-01T15:53:03","guid":{"rendered":"https:\/\/u15jnbdpoq.preview.infomaniak.website\/produit\/200-luvas-de-politeno-sem-po-extra-grandes-9-10\/"},"modified":"2026-04-17T02:13:55","modified_gmt":"2026-04-17T00:13:55","slug":"200-luvas-de-politeno-sem-po-extra-grandes-9-10","status":"publish","type":"product","link":"https:\/\/www.csj-emballages.com\/pt-pt\/produit\/200-luvas-de-politeno-sem-po-extra-grandes-9-10\/","title":{"rendered":"Luva de politeno sem p\u00f3 extra grande 9-10 por 200"},"content":{"rendered":"<h2 data-start=\"233\" data-end=\"653\">Luva de politeno<\/h2>\n<hr>\n<h3 data-start=\"233\" data-end=\"653\">Descubra a nossa luva de politeno sem p\u00f3 extra grande 9-10 por 200<\/h3>\n<p data-start=\"233\" data-end=\"653\"><!--more--><\/p>\n<p data-start=\"233\" data-end=\"653\">Estas <strong data-start=\"237\" data-end=\"274\">luvas de polietileno sem p\u00f3<\/strong>, tamanho <strong>extra grande 9-10<\/strong>, foram concebidas para todas as situa\u00e7\u00f5es em que a higiene tem de ser r\u00e1pida e simples. Fabricadas a partir de um <strong data-start=\"408\" data-end=\"463\">composto de materiais sint\u00e9ticos e polietileno<\/strong>, oferecem uma barreira eficaz, mantendo-se leves e agrad\u00e1veis de usar. S\u00e3o f\u00e1ceis de colocar, <strong>sem p\u00f3<\/strong>, o que evita res\u00edduos nas m\u00e3os, nos alimentos ou nas superf\u00edcies.  <\/p>\n<p data-start=\"655\" data-end=\"1036\">Gra\u00e7as ao seu design <strong data-start=\"679\" data-end=\"693\">ambidextro<\/strong>, n\u00e3o \u00e9 preciso procurar o lado certo: uma luva serve tanto para a m\u00e3o direita como para a esquerda. Isto permite poupar tempo, especialmente em ambientes onde os gestos t\u00eam de ser r\u00e1pidos e repetitivos. A sua finura garante uma boa liberdade de movimentos, ideal para tarefas curtas, precisas ou em contacto direto com os produtos.  <\/p>\n<p data-start=\"1038\" data-end=\"1403\">Estas <strong>luvas<\/strong> s\u00e3o perfeitas para os setores da restaura\u00e7\u00e3o, laborat\u00f3rios, talhos, mas tamb\u00e9m para uso dom\u00e9stico ou pontual. Protegem as m\u00e3os, respeitando as regras de higiene, sem sensa\u00e7\u00e3o de desconforto. Al\u00e9m disso, o seu formato <strong data-start=\"1305\" data-end=\"1319\">lote de 200<\/strong> permite ter sempre algumas \u00e0 m\u00e3o, mesmo durante os per\u00edodos de maior atividade.  <\/p>\n<p data-start=\"1405\" data-end=\"1623\">Em resumo, estas <strong>luvas de politeno<\/strong> s\u00e3o uma solu\u00e7\u00e3o simples, pr\u00e1tica e eficaz para trabalhar de forma limpa, sem restri\u00e7\u00f5es. Fazem o trabalho, discretamente, e integram-se facilmente no dia a dia profissional e pessoal. <\/p>\n<p data-start=\"1405\" data-end=\"1623\">\n<p data-start=\"1405\" data-end=\"1623\"><!--more--><\/p>\n<p data-start=\"1405\" data-end=\"1623\"><strong><span style=\"color: #ff0000;\">Expirado em 11\/2025<\/span><\/strong><\/p>\n<p data-start=\"1405\" data-end=\"1623\">\n<p data-start=\"1405\" data-end=\"1623\"><!--more--><\/p>\n<h4 data-start=\"1405\" data-end=\"1623\">Vantagens :<\/h4>\n<ul>\n<li data-start=\"1651\" data-end=\"1704\">Fabricadas em <strong>polietileno<\/strong> e materiais sint\u00e9ticos.<\/li>\n<li data-start=\"1707\" data-end=\"1735\"><strong>Sem p\u00f3<\/strong>, sem res\u00edduos.<\/li>\n<li data-start=\"1738\" data-end=\"1772\"><strong>Ambidextras<\/strong>, f\u00e1ceis de usar.<\/li>\n<li data-start=\"1775\" data-end=\"1800\">Leves e confort\u00e1veis.<\/li>\n<li data-start=\"1803\" data-end=\"1837\">Formato econ\u00f3mico de <strong>200 unidades<\/strong>.<\/li>\n<li data-start=\"1840\" data-end=\"1883\">Ideais para higiene e usos curtos.<\/li>\n<\/ul>\n<p>&nbsp;<\/p>\n<p><!--more--><\/p>\n<h4>Outras informa\u00e7\u00f5es :<\/h4>\n<ul>\n<li><strong>Embalagem<\/strong>: Embalagem de 200<\/li>\n<li><strong>Tamanho<\/strong>: XL<\/li>\n<li><strong>Comprimento<\/strong>: 270 mm<\/li>\n<li><strong>Largura da palma<\/strong>: 119 mm<\/li>\n<li><strong>Peso<\/strong>: 2,3 g<\/li>\n<li><strong>Material<\/strong>: Politeno (sem p\u00f3)<\/li>\n<\/ul>\n<p>&nbsp;<\/p>\n<p><!--more--><\/p>\n<p>Estas luvas de politeno tamanho XL est\u00e3o dispon\u00edveis em v\u00e1rios tamanhos: <span style=\"color: #d12727;\"><a style=\"color: #d12727;\" href=\"https:\/\/www.csj-emballages.com\/produit\/200-gants-polytene-non-poudres-small-6-7\/?_gl=1*1nqecl1*_up*MQ..*_ga*NTY4Njc3MjMzLjE3Njk2Nzg1MTY.*_ga_YNVJLRSSZT*czE3Njk2Nzg1MTUkbzEkZzAkdDE3Njk2Nzg1MTUkajYwJGwwJGgxMzI4NzE1NTYz\">Small<\/a><\/span> \/ <span style=\"color: #d12727;\"><a style=\"color: #d12727;\" href=\"https:\/\/www.csj-emballages.com\/produit\/200-gants-polytene-non-poudres-medium-7-8\/?_gl=1*sfnxtm*_up*MQ..*_ga*NTY4Njc3MjMzLjE3Njk2Nzg1MTY.*_ga_YNVJLRSSZT*czE3Njk2Nzg1MTUkbzEkZzAkdDE3Njk2Nzg1MTUkajYwJGwwJGgxMzI4NzE1NTYz\">Medium<\/a><\/span> \/ <span style=\"color: #d12727;\"><a style=\"color: #d12727;\" href=\"https:\/\/www.csj-emballages.com\/produit\/200-gants-polytene-non-poudres-large-8-9\/?_gl=1*u255bi*_up*MQ..*_ga*NTY4Njc3MjMzLjE3Njk2Nzg1MTY.*_ga_YNVJLRSSZT*czE3Njk2Nzg1MTUkbzEkZzAkdDE3Njk2Nzg1MTUkajYwJGwwJGgxMzI4NzE1NTYz\">Large<\/a><\/span><\/p>\n<p>&nbsp;<\/p>\n<p><!--more--><\/p>\n<p><a href=\"https:\/\/www.csj-emballages.com\/categorie-produit\/hygiene-et-entretiens\/equipements-individuels\/gants\/gants-polytene\/?_gl=1*i8nak2*_up*MQ..*_ga*MTA1OTA4NzE4Ny4xNzY5NjczNDM5*_ga_YNVJLRSSZT*czE3Njk2NzY1MjgkbzIkZzAkdDE3Njk2NzY1MzckajUxJGwwJGgxMTI0MDk1Mjg4\">Consulte o resto da nossa gama de luvas de polietileno<\/a><\/p>\n","protected":false},"excerpt":{"rendered":"<p>Luva de politeno Descubra a nossa luva de politeno sem p\u00f3 extra grande 9-10 por 200<\/p>\n","protected":false},"featured_media":262254,"template":"","meta":{"_acf_changed":false},"product_brand":[],"product_cat":[1141,1222,2326,2698,2742,10271],"product_tag":[],"class_list":{"0":"post-21616","1":"product","2":"type-product","3":"status-publish","4":"has-post-thumbnail","6":"product_cat-embalagem-de-alimentos","7":"product_cat-higiene-e-manutencao","8":"product_cat-equipamento-individual","9":"product_cat-luvas","10":"product_cat-luvas-de-politeno","11":"product_cat-apuramento","13":"first","14":"instock","15":"sale","16":"taxable","17":"shipping-taxable","18":"purchasable","19":"product-type-simple"},"acf":[],"yoast_head":"<!-- This site is optimized with the Yoast SEO Premium plugin v26.6 (Yoast SEO v26.6) - https:\/\/yoast.com\/wordpress\/plugins\/seo\/ -->\n<title>Luva de Politeno sem P\u00f3 Extra Grande 9-10 por 200<\/title>\n<meta name=\"description\" content=\"Luva de politeno sem p\u00f3 extra grande 9\/10 vendidas por 200. Ambidestras, leves e pr\u00e1ticas, perfeitas para a higiene em ambiente profissional.\" \/>\n<meta name=\"robots\" content=\"index, follow, max-snippet:-1, max-image-preview:large, max-video-preview:-1\" \/>\n<link rel=\"canonical\" href=\"https:\/\/www.csj-emballages.com\/pt-pt\/produit\/200-luvas-de-politeno-sem-po-extra-grandes-9-10\/\" \/>\n<meta property=\"og:locale\" content=\"pt_PT\" \/>\n<meta property=\"og:type\" content=\"article\" \/>\n<meta property=\"og:title\" content=\"Luva de politeno sem p\u00f3 extra grande 9-10 por 200\" \/>\n<meta property=\"og:description\" content=\"Luva de politeno sem p\u00f3 extra grande 9\/10 vendidas por 200. Ambidestras, leves e pr\u00e1ticas, perfeitas para a higiene em ambiente profissional.\" \/>\n<meta property=\"og:url\" content=\"https:\/\/www.csj-emballages.com\/pt-pt\/produit\/200-luvas-de-politeno-sem-po-extra-grandes-9-10\/\" \/>\n<meta property=\"og:site_name\" content=\"CSJ Emballages\" \/>\n<meta property=\"article:publisher\" content=\"https:\/\/www.facebook.com\/csjemballages\" \/>\n<meta property=\"article:modified_time\" content=\"2026-04-17T00:13:55+00:00\" \/>\n<meta property=\"og:image\" content=\"https:\/\/www.csj-emballages.com\/wp-content\/uploads\/2024\/03\/Gant-polytene.webp\" \/>\n\t<meta property=\"og:image:width\" content=\"800\" \/>\n\t<meta property=\"og:image:height\" content=\"799\" \/>\n\t<meta property=\"og:image:type\" content=\"image\/webp\" \/>\n<meta name=\"twitter:card\" content=\"summary_large_image\" \/>\n<meta name=\"twitter:label1\" content=\"Tempo estimado de leitura\" \/>\n\t<meta name=\"twitter:data1\" content=\"2 minutos\" \/>\n<script type=\"application\/ld+json\" class=\"yoast-schema-graph\">{\"@context\":\"https:\/\/schema.org\",\"@graph\":[{\"@type\":\"WebPage\",\"@id\":\"https:\/\/www.csj-emballages.com\/pt-pt\/produit\/200-luvas-de-politeno-sem-po-extra-grandes-9-10\/\",\"url\":\"https:\/\/www.csj-emballages.com\/pt-pt\/produit\/200-luvas-de-politeno-sem-po-extra-grandes-9-10\/\",\"name\":\"Luva de Politeno sem P\u00f3 Extra Grande 9-10 por 200\",\"isPartOf\":{\"@id\":\"https:\/\/www.csj-emballages.com\/pt-pt\/#website\"},\"primaryImageOfPage\":{\"@id\":\"https:\/\/www.csj-emballages.com\/pt-pt\/produit\/200-luvas-de-politeno-sem-po-extra-grandes-9-10\/#primaryimage\"},\"image\":{\"@id\":\"https:\/\/www.csj-emballages.com\/pt-pt\/produit\/200-luvas-de-politeno-sem-po-extra-grandes-9-10\/#primaryimage\"},\"thumbnailUrl\":\"https:\/\/www.csj-emballages.com\/wp-content\/uploads\/2024\/03\/Gant-polytene.webp\",\"datePublished\":\"2024-03-01T15:53:03+00:00\",\"dateModified\":\"2026-04-17T00:13:55+00:00\",\"description\":\"Luva de politeno sem p\u00f3 extra grande 9\/10 vendidas por 200. Ambidestras, leves e pr\u00e1ticas, perfeitas para a higiene em ambiente profissional.\",\"breadcrumb\":{\"@id\":\"https:\/\/www.csj-emballages.com\/pt-pt\/produit\/200-luvas-de-politeno-sem-po-extra-grandes-9-10\/#breadcrumb\"},\"inLanguage\":\"pt-PT\",\"potentialAction\":[{\"@type\":\"ReadAction\",\"target\":[\"https:\/\/www.csj-emballages.com\/pt-pt\/produit\/200-luvas-de-politeno-sem-po-extra-grandes-9-10\/\"]}]},{\"@type\":\"ImageObject\",\"inLanguage\":\"pt-PT\",\"@id\":\"https:\/\/www.csj-emballages.com\/pt-pt\/produit\/200-luvas-de-politeno-sem-po-extra-grandes-9-10\/#primaryimage\",\"url\":\"https:\/\/www.csj-emballages.com\/wp-content\/uploads\/2024\/03\/Gant-polytene.webp\",\"contentUrl\":\"https:\/\/www.csj-emballages.com\/wp-content\/uploads\/2024\/03\/Gant-polytene.webp\",\"width\":800,\"height\":799,\"caption\":\"Gant polyt\u00e8ne\"},{\"@type\":\"BreadcrumbList\",\"@id\":\"https:\/\/www.csj-emballages.com\/pt-pt\/produit\/200-luvas-de-politeno-sem-po-extra-grandes-9-10\/#breadcrumb\",\"itemListElement\":[{\"@type\":\"ListItem\",\"position\":1,\"name\":\"Acolhimento\",\"item\":\"https:\/\/www.csj-emballages.com\/pt-pt\/universo-das-embalagens-alimentares\/\"},{\"@type\":\"ListItem\",\"position\":2,\"name\":\"Shop\",\"item\":\"https:\/\/www.csj-emballages.com\/shop\/\"},{\"@type\":\"ListItem\",\"position\":3,\"name\":\"Luva de politeno sem p\u00f3 extra grande 9-10 por 200\"}]},{\"@type\":\"WebSite\",\"@id\":\"https:\/\/www.csj-emballages.com\/pt-pt\/#website\",\"url\":\"https:\/\/www.csj-emballages.com\/pt-pt\/\",\"name\":\"CSJ Emballages\",\"description\":\"\",\"publisher\":{\"@id\":\"https:\/\/www.csj-emballages.com\/pt-pt\/#organization\"},\"potentialAction\":[{\"@type\":\"SearchAction\",\"target\":{\"@type\":\"EntryPoint\",\"urlTemplate\":\"https:\/\/www.csj-emballages.com\/pt-pt\/?s={search_term_string}\"},\"query-input\":{\"@type\":\"PropertyValueSpecification\",\"valueRequired\":true,\"valueName\":\"search_term_string\"}}],\"inLanguage\":\"pt-PT\"},{\"@type\":\"Organization\",\"@id\":\"https:\/\/www.csj-emballages.com\/pt-pt\/#Organization\/\",\"name\":\"CSJ Emballages\",\"url\":\"https:\/\/www.csj-emballages.com\/pt-pt\/\",\"logo\":{\"@type\":\"ImageObject\",\"inLanguage\":\"pt-PT\",\"@id\":\"https:\/\/www.csj-emballages.com\/pt-pt\/#\/schema\/logo\/image\/\",\"url\":\"https:\/\/www.csj-emballages.com\/wp-content\/uploads\/2023\/10\/logo_csj.webp\",\"contentUrl\":\"https:\/\/www.csj-emballages.com\/wp-content\/uploads\/2023\/10\/logo_csj.webp\",\"width\":250,\"height\":95,\"caption\":\"CSJ Emballages\"},\"image\":{\"@id\":\"https:\/\/www.csj-emballages.com\/pt-pt\/#\/schema\/logo\/image\/\"},\"sameAs\":[\"https:\/\/www.facebook.com\/csjemballages\"],\"address\":{\"@type\":\"PostalAddress\",\"streetAddress\":\"ZI La Lechere\",\"addressLocality\":\"Patornay\",\"postalCode\":\"39130\",\"addressCountry\":\"FR\"},\"contactPoint\":[{\"@type\":\"ContactPoint\",\"contactType\":\"Service client\",\"telephone\":\"0384254272\",\"email\":\"contact@csj-emballages.com\"}]}]}<\/script>\n<!-- \/ Yoast SEO Premium plugin. -->","yoast_head_json":{"title":"Luva de Politeno sem P\u00f3 Extra Grande 9-10 por 200","description":"Luva de politeno sem p\u00f3 extra grande 9\/10 vendidas por 200. Ambidestras, leves e pr\u00e1ticas, perfeitas para a higiene em ambiente profissional.","robots":{"index":"index","follow":"follow","max-snippet":"max-snippet:-1","max-image-preview":"max-image-preview:large","max-video-preview":"max-video-preview:-1"},"canonical":"https:\/\/www.csj-emballages.com\/pt-pt\/produit\/200-luvas-de-politeno-sem-po-extra-grandes-9-10\/","og_locale":"pt_PT","og_type":"article","og_title":"Luva de politeno sem p\u00f3 extra grande 9-10 por 200","og_description":"Luva de politeno sem p\u00f3 extra grande 9\/10 vendidas por 200. Ambidestras, leves e pr\u00e1ticas, perfeitas para a higiene em ambiente profissional.","og_url":"https:\/\/www.csj-emballages.com\/pt-pt\/produit\/200-luvas-de-politeno-sem-po-extra-grandes-9-10\/","og_site_name":"CSJ Emballages","article_publisher":"https:\/\/www.facebook.com\/csjemballages","article_modified_time":"2026-04-17T00:13:55+00:00","og_image":[{"width":800,"height":799,"url":"https:\/\/www.csj-emballages.com\/wp-content\/uploads\/2024\/03\/Gant-polytene.webp","type":"image\/webp"}],"twitter_card":"summary_large_image","twitter_misc":{"Tempo estimado de leitura":"2 minutos"},"schema":{"@context":"https:\/\/schema.org","@graph":[{"@type":"WebPage","@id":"https:\/\/www.csj-emballages.com\/pt-pt\/produit\/200-luvas-de-politeno-sem-po-extra-grandes-9-10\/","url":"https:\/\/www.csj-emballages.com\/pt-pt\/produit\/200-luvas-de-politeno-sem-po-extra-grandes-9-10\/","name":"Luva de Politeno sem P\u00f3 Extra Grande 9-10 por 200","isPartOf":{"@id":"https:\/\/www.csj-emballages.com\/pt-pt\/#website"},"primaryImageOfPage":{"@id":"https:\/\/www.csj-emballages.com\/pt-pt\/produit\/200-luvas-de-politeno-sem-po-extra-grandes-9-10\/#primaryimage"},"image":{"@id":"https:\/\/www.csj-emballages.com\/pt-pt\/produit\/200-luvas-de-politeno-sem-po-extra-grandes-9-10\/#primaryimage"},"thumbnailUrl":"https:\/\/www.csj-emballages.com\/wp-content\/uploads\/2024\/03\/Gant-polytene.webp","datePublished":"2024-03-01T15:53:03+00:00","dateModified":"2026-04-17T00:13:55+00:00","description":"Luva de politeno sem p\u00f3 extra grande 9\/10 vendidas por 200. Ambidestras, leves e pr\u00e1ticas, perfeitas para a higiene em ambiente profissional.","breadcrumb":{"@id":"https:\/\/www.csj-emballages.com\/pt-pt\/produit\/200-luvas-de-politeno-sem-po-extra-grandes-9-10\/#breadcrumb"},"inLanguage":"pt-PT","potentialAction":[{"@type":"ReadAction","target":["https:\/\/www.csj-emballages.com\/pt-pt\/produit\/200-luvas-de-politeno-sem-po-extra-grandes-9-10\/"]}]},{"@type":"ImageObject","inLanguage":"pt-PT","@id":"https:\/\/www.csj-emballages.com\/pt-pt\/produit\/200-luvas-de-politeno-sem-po-extra-grandes-9-10\/#primaryimage","url":"https:\/\/www.csj-emballages.com\/wp-content\/uploads\/2024\/03\/Gant-polytene.webp","contentUrl":"https:\/\/www.csj-emballages.com\/wp-content\/uploads\/2024\/03\/Gant-polytene.webp","width":800,"height":799,"caption":"Gant polyt\u00e8ne"},{"@type":"BreadcrumbList","@id":"https:\/\/www.csj-emballages.com\/pt-pt\/produit\/200-luvas-de-politeno-sem-po-extra-grandes-9-10\/#breadcrumb","itemListElement":[{"@type":"ListItem","position":1,"name":"Acolhimento","item":"https:\/\/www.csj-emballages.com\/pt-pt\/universo-das-embalagens-alimentares\/"},{"@type":"ListItem","position":2,"name":"Shop","item":"https:\/\/www.csj-emballages.com\/shop\/"},{"@type":"ListItem","position":3,"name":"Luva de politeno sem p\u00f3 extra grande 9-10 por 200"}]},{"@type":"WebSite","@id":"https:\/\/www.csj-emballages.com\/pt-pt\/#website","url":"https:\/\/www.csj-emballages.com\/pt-pt\/","name":"CSJ Emballages","description":"","publisher":{"@id":"https:\/\/www.csj-emballages.com\/pt-pt\/#organization"},"potentialAction":[{"@type":"SearchAction","target":{"@type":"EntryPoint","urlTemplate":"https:\/\/www.csj-emballages.com\/pt-pt\/?s={search_term_string}"},"query-input":{"@type":"PropertyValueSpecification","valueRequired":true,"valueName":"search_term_string"}}],"inLanguage":"pt-PT"},{"@type":"Organization","@id":"https:\/\/www.csj-emballages.com\/pt-pt\/#Organization\/","name":"CSJ Emballages","url":"https:\/\/www.csj-emballages.com\/pt-pt\/","logo":{"@type":"ImageObject","inLanguage":"pt-PT","@id":"https:\/\/www.csj-emballages.com\/pt-pt\/#\/schema\/logo\/image\/","url":"https:\/\/www.csj-emballages.com\/wp-content\/uploads\/2023\/10\/logo_csj.webp","contentUrl":"https:\/\/www.csj-emballages.com\/wp-content\/uploads\/2023\/10\/logo_csj.webp","width":250,"height":95,"caption":"CSJ Emballages"},"image":{"@id":"https:\/\/www.csj-emballages.com\/pt-pt\/#\/schema\/logo\/image\/"},"sameAs":["https:\/\/www.facebook.com\/csjemballages"],"address":{"@type":"PostalAddress","streetAddress":"ZI La Lechere","addressLocality":"Patornay","postalCode":"39130","addressCountry":"FR"},"contactPoint":[{"@type":"ContactPoint","contactType":"Service client","telephone":"0384254272","email":"contact@csj-emballages.com"}]}]}},"df_price":4.42,"df_sale_price":4.42,"df_regular_price":5.52,"df_image_link":"https:\/\/www.csj-emballages.com\/wp-content\/uploads\/2024\/03\/Gant-polytene-300x300.webp","tiered_pricing_type":"fixed","tiered_pricing_fixed_rules":[],"tiered_pricing_percentage_rules":[],"tiered_pricing_minimum":1,"tiered_pricing_roles_data":[],"_links":{"self":[{"href":"https:\/\/www.csj-emballages.com\/pt-pt\/wp-json\/wp\/v2\/product\/21616","targetHints":{"allow":["GET"]}}],"collection":[{"href":"https:\/\/www.csj-emballages.com\/pt-pt\/wp-json\/wp\/v2\/product"}],"about":[{"href":"https:\/\/www.csj-emballages.com\/pt-pt\/wp-json\/wp\/v2\/types\/product"}],"wp:featuredmedia":[{"embeddable":true,"href":"https:\/\/www.csj-emballages.com\/pt-pt\/wp-json\/wp\/v2\/media\/262254"}],"wp:attachment":[{"href":"https:\/\/www.csj-emballages.com\/pt-pt\/wp-json\/wp\/v2\/media?parent=21616"}],"wp:term":[{"taxonomy":"product_brand","embeddable":true,"href":"https:\/\/www.csj-emballages.com\/pt-pt\/wp-json\/wp\/v2\/product_brand?post=21616"},{"taxonomy":"product_cat","embeddable":true,"href":"https:\/\/www.csj-emballages.com\/pt-pt\/wp-json\/wp\/v2\/product_cat?post=21616"},{"taxonomy":"product_tag","embeddable":true,"href":"https:\/\/www.csj-emballages.com\/pt-pt\/wp-json\/wp\/v2\/product_tag?post=21616"}],"curies":[{"name":"wp","href":"https:\/\/api.w.org\/{rel}","templated":true}]}}