{"id":21612,"date":"2024-03-01T16:53:02","date_gmt":"2024-03-01T15:53:02","guid":{"rendered":"https:\/\/u15jnbdpoq.preview.infomaniak.website\/produit\/100-luvas-de-vinil-descartaveis-com-po-extra-grande-10\/"},"modified":"2026-04-17T02:13:57","modified_gmt":"2026-04-17T00:13:57","slug":"100-luvas-de-vinil-descartaveis-com-po-extra-grande-10","status":"publish","type":"product","link":"https:\/\/www.csj-emballages.com\/pt-pt\/produit\/100-luvas-de-vinil-descartaveis-com-po-extra-grande-10\/","title":{"rendered":"Luva de vinil descart\u00e1vel com p\u00f3 \/ extragrande 10 x 100"},"content":{"rendered":"<h2 data-start=\"233\" data-end=\"653\">Luva de vinil<\/h2>\n<hr>\n<h3 data-start=\"233\" data-end=\"653\">Descubra a nossa luva de vinil descart\u00e1vel com p\u00f3 \/ extragrande 10 x 100<\/h3>\n<p data-start=\"233\" data-end=\"653\"><!--more--><\/p>\n<p data-start=\"234\" data-end=\"688\">Estas <strong data-start=\"238\" data-end=\"277\">luvas de vinil com p\u00f3 descart\u00e1veis<\/strong>, no tamanho <strong>10 (XL)<\/strong>, foram concebidas para oferecer uma prote\u00e7\u00e3o eficaz, mantendo-se simples e agrad\u00e1veis de usar no dia a dia. Fabricadas em <strong data-start=\"421\" data-end=\"447\">cloreto de polivinilo<\/strong>, garantem uma boa fixa\u00e7\u00e3o na m\u00e3o e s\u00e3o perfeitas para gestos precisos, bem como para manipula\u00e7\u00f5es r\u00e1pidas. A sua <strong data-start=\"574\" data-end=\"591\">tonalidade neutra<\/strong> permite uma utiliza\u00e7\u00e3o discreta, tanto em ambiente m\u00e9dico como em ambiente profissional.  <\/p>\n<p data-start=\"690\" data-end=\"1028\">Gra\u00e7as ao seu <strong data-start=\"703\" data-end=\"739\">p\u00f3 \u00e0 base de amido de milho<\/strong>, a coloca\u00e7\u00e3o \u00e9 feita sem esfor\u00e7o. Mesmo quando as m\u00e3os est\u00e3o ligeiramente h\u00famidas, a luva desliza facilmente, o que permite poupar tempo precioso durante as mudan\u00e7as frequentes. Al\u00e9m disso, o seu design <strong data-start=\"942\" data-end=\"956\">ambidestro<\/strong> evita qualquer perda de tempo: um \u00fanico modelo \u00e9 suficiente para ambas as m\u00e3os.  <\/p>\n<p data-start=\"1030\" data-end=\"1421\">O <strong data-start=\"1033\" data-end=\"1047\">rebordo<\/strong> proporciona um verdadeiro conforto na utiliza\u00e7\u00e3o. Refor\u00e7a a solidez da luva e facilita a remo\u00e7\u00e3o, limitando os riscos de rasgo. Este detalhe faz a diferen\u00e7a durante uma utiliza\u00e7\u00e3o intensiva. Al\u00e9m disso, a sua <strong data-start=\"1262\" data-end=\"1282\">qualidade m\u00e9dica<\/strong> garante um n\u00edvel de fiabilidade adequado \u00e0s exig\u00eancias dos profissionais de sa\u00fade, higiene, restaura\u00e7\u00e3o ou laborat\u00f3rios.   <\/p>\n<p data-start=\"1423\" data-end=\"1673\">Vendidas <strong data-start=\"1430\" data-end=\"1448\">em lote de 100<\/strong>, estas <strong>luvas<\/strong> representam uma solu\u00e7\u00e3o pr\u00e1tica e econ\u00f3mica para garantir uma prote\u00e7\u00e3o constante sem sobrecarregar os stocks. Integram-se facilmente no dia a dia, quer seja para uma utiliza\u00e7\u00e3o profissional ou pontual. <\/p>\n<p data-start=\"1675\" data-end=\"1860\">Em resumo, estas <strong>luvas de vinil com p\u00f3<\/strong> combinam conforto, facilidade de utiliza\u00e7\u00e3o e fiabilidade, mantendo-se simples e eficazes para todas as situa\u00e7\u00f5es em que a higiene \u00e9 essencial.<\/p>\n<p data-start=\"1405\" data-end=\"1623\"><!--more--><\/p>\n<h4 data-start=\"1405\" data-end=\"1623\">Vantagens :<\/h4>\n<ul>\n<li data-start=\"1888\" data-end=\"1922\">Luvas em <strong>cloreto de polivinilo<\/strong>.<\/li>\n<li data-start=\"1925\" data-end=\"1978\"><strong>Com p\u00f3<\/strong> de amido de milho para uma coloca\u00e7\u00e3o r\u00e1pida.<\/li>\n<li data-start=\"1981\" data-end=\"2017\"><strong>Ambidestras<\/strong> e f\u00e1ceis de usar.<\/li>\n<li data-start=\"2020\" data-end=\"2071\">Rebordo para maior conforto e resist\u00eancia.<\/li>\n<li data-start=\"2074\" data-end=\"2093\">Qualidade m\u00e9dica.<\/li>\n<li data-start=\"2096\" data-end=\"2123\">Embalagem pr\u00e1tica de <strong>100 unidades<\/strong>.<\/li>\n<\/ul>\n<p>&nbsp;<\/p>\n<p><!--more--><\/p>\n<h4>Outras informa\u00e7\u00f5es :<\/h4>\n<ul>\n<li><strong>Embalagem<\/strong>: Pacote de 100<\/li>\n<li><strong>Tamanho<\/strong>: XL<\/li>\n<li><strong>Comprimento<\/strong>: 240 mm<\/li>\n<li><strong>Largura da palma da m\u00e3o<\/strong>: 115 mm<\/li>\n<li><strong>Peso<\/strong>: 6,0 g<\/li>\n<li><strong>Material<\/strong>: Vinil (com p\u00f3)<\/li>\n<\/ul>\n<p>&nbsp;<\/p>\n<p><!--more--><\/p>\n<p>Estas luvas de politeno tamanho XL est\u00e3o dispon\u00edveis em diferentes tamanhos: <span style=\"color: #d12727;\"><a style=\"color: #d12727;\" href=\"https:\/\/www.csj-emballages.com\/produit\/100-gants-vinyles-a-usage-unique-poudre-petit-6-5\/?_gl=1*12v5qh6*_up*MQ..*_ga*MTYxMDc4OTg4MC4xNzY5NjkwODYz*_ga_YNVJLRSSZT*czE3Njk2OTA4NjIkbzEkZzAkdDE3Njk2OTA4NjIkajYwJGwwJGgxOTU5OTU1MjU0\">Pequeno<\/a><\/span> \/ <span style=\"color: #d12727;\"><a style=\"color: #d12727;\" href=\"https:\/\/www.csj-emballages.com\/produit\/100-gants-vinyles-a-usage-unique-poudre-medium-7-5\/?_gl=1*ilngec*_up*MQ..*_ga*MTYxMDc4OTg4MC4xNzY5NjkwODYz*_ga_YNVJLRSSZT*czE3Njk2OTA4NjIkbzEkZzAkdDE3Njk2OTA4NjIkajYwJGwwJGgxOTU5OTU1MjU0\">M\u00e9dio<\/a><\/span> \/<span style=\"color: #d12727;\"> <a style=\"color: #d12727;\" href=\"https:\/\/www.csj-emballages.com\/produit\/100-gant-vinyle-a-usage-unique-poudre-large-9\/?_gl=1*q867k9*_up*MQ..*_ga*MTE3MjI0Nzk2MS4xNzY5NjkxMjA0*_ga_YNVJLRSSZT*czE3Njk2OTEyMDQkbzEkZzAkdDE3Njk2OTEyMDQkajYwJGwwJGg2OTc1MTg5Ng..\">Grande<\/a><\/span><\/p>\n<p>&nbsp;<\/p>\n<p><!--more--><\/p>\n<p><a href=\"https:\/\/www.csj-emballages.com\/categorie-produit\/hygiene-et-entretiens\/equipements-individuels\/gants\/gants-vinyle\/?_gl=1*1wjzl6g*_up*MQ..*_ga*Nzk5OTQzODkwLjE3Njk2Nzk2MzQ.*_ga_YNVJLRSSZT*czE3Njk2Nzk2MzMkbzEkZzAkdDE3Njk2Nzk2MzYkajU3JGwwJGg2OTE4MjA1NjQ.\">Ver o resto da nossa gama de luvas de vinil<\/a><\/p>\n","protected":false},"excerpt":{"rendered":"<p>Luva de vinil Descubra a nossa luva de vinil descart\u00e1vel com p\u00f3 \/ extragrande 10 x 100<\/p>\n","protected":false},"featured_media":262743,"template":"","meta":{"_acf_changed":false},"product_brand":[],"product_cat":[1222,2326,2698,2753],"product_tag":[],"class_list":{"0":"post-21612","1":"product","2":"type-product","3":"status-publish","4":"has-post-thumbnail","6":"product_cat-higiene-e-manutencao","7":"product_cat-equipamento-individual","8":"product_cat-luvas","9":"product_cat-luvas-de-vinil","11":"first","12":"instock","13":"taxable","14":"shipping-taxable","15":"purchasable","16":"product-type-simple"},"acf":[],"yoast_head":"<!-- This site is optimized with the Yoast SEO Premium plugin v26.6 (Yoast SEO v26.6) - https:\/\/yoast.com\/wordpress\/plugins\/seo\/ -->\n<title>Luva de Vinil Descart\u00e1vel com P\u00f3 \/ Extragrande 10 x 100<\/title>\n<meta name=\"description\" content=\"Luvas de vinil com p\u00f3 tamanho 10 vendidas em embalagens de 100 unidades. Ambidestras, rebordo enrolado e qualidade m\u00e9dica para uma utiliza\u00e7\u00e3o profissional simples e eficaz.\" \/>\n<meta name=\"robots\" content=\"index, follow, max-snippet:-1, max-image-preview:large, max-video-preview:-1\" \/>\n<link rel=\"canonical\" href=\"https:\/\/www.csj-emballages.com\/pt-pt\/produit\/100-luvas-de-vinil-descartaveis-com-po-extra-grande-10\/\" \/>\n<meta property=\"og:locale\" content=\"pt_PT\" \/>\n<meta property=\"og:type\" content=\"article\" \/>\n<meta property=\"og:title\" content=\"Luva de vinil descart\u00e1vel com p\u00f3 \/ extragrande 10 x 100\" \/>\n<meta property=\"og:description\" content=\"Luvas de vinil com p\u00f3 tamanho 10 vendidas em embalagens de 100 unidades. Ambidestras, rebordo enrolado e qualidade m\u00e9dica para uma utiliza\u00e7\u00e3o profissional simples e eficaz.\" \/>\n<meta property=\"og:url\" content=\"https:\/\/www.csj-emballages.com\/pt-pt\/produit\/100-luvas-de-vinil-descartaveis-com-po-extra-grande-10\/\" \/>\n<meta property=\"og:site_name\" content=\"CSJ Emballages\" \/>\n<meta property=\"article:publisher\" content=\"https:\/\/www.facebook.com\/csjemballages\" \/>\n<meta property=\"article:modified_time\" content=\"2026-04-17T00:13:57+00:00\" \/>\n<meta property=\"og:image\" content=\"https:\/\/www.csj-emballages.com\/wp-content\/uploads\/2024\/03\/Gant-vinyle.webp\" \/>\n\t<meta property=\"og:image:width\" content=\"800\" \/>\n\t<meta property=\"og:image:height\" content=\"800\" \/>\n\t<meta property=\"og:image:type\" content=\"image\/webp\" \/>\n<meta name=\"twitter:card\" content=\"summary_large_image\" \/>\n<meta name=\"twitter:label1\" content=\"Tempo estimado de leitura\" \/>\n\t<meta name=\"twitter:data1\" content=\"2 minutos\" \/>\n<script type=\"application\/ld+json\" class=\"yoast-schema-graph\">{\"@context\":\"https:\/\/schema.org\",\"@graph\":[{\"@type\":\"WebPage\",\"@id\":\"https:\/\/www.csj-emballages.com\/pt-pt\/produit\/100-luvas-de-vinil-descartaveis-com-po-extra-grande-10\/\",\"url\":\"https:\/\/www.csj-emballages.com\/pt-pt\/produit\/100-luvas-de-vinil-descartaveis-com-po-extra-grande-10\/\",\"name\":\"Luva de Vinil Descart\u00e1vel com P\u00f3 \/ Extragrande 10 x 100\",\"isPartOf\":{\"@id\":\"https:\/\/www.csj-emballages.com\/pt-pt\/#website\"},\"primaryImageOfPage\":{\"@id\":\"https:\/\/www.csj-emballages.com\/pt-pt\/produit\/100-luvas-de-vinil-descartaveis-com-po-extra-grande-10\/#primaryimage\"},\"image\":{\"@id\":\"https:\/\/www.csj-emballages.com\/pt-pt\/produit\/100-luvas-de-vinil-descartaveis-com-po-extra-grande-10\/#primaryimage\"},\"thumbnailUrl\":\"https:\/\/www.csj-emballages.com\/wp-content\/uploads\/2024\/03\/Gant-vinyle.webp\",\"datePublished\":\"2024-03-01T15:53:02+00:00\",\"dateModified\":\"2026-04-17T00:13:57+00:00\",\"description\":\"Luvas de vinil com p\u00f3 tamanho 10 vendidas em embalagens de 100 unidades. Ambidestras, rebordo enrolado e qualidade m\u00e9dica para uma utiliza\u00e7\u00e3o profissional simples e eficaz.\",\"breadcrumb\":{\"@id\":\"https:\/\/www.csj-emballages.com\/pt-pt\/produit\/100-luvas-de-vinil-descartaveis-com-po-extra-grande-10\/#breadcrumb\"},\"inLanguage\":\"pt-PT\",\"potentialAction\":[{\"@type\":\"ReadAction\",\"target\":[\"https:\/\/www.csj-emballages.com\/pt-pt\/produit\/100-luvas-de-vinil-descartaveis-com-po-extra-grande-10\/\"]}]},{\"@type\":\"ImageObject\",\"inLanguage\":\"pt-PT\",\"@id\":\"https:\/\/www.csj-emballages.com\/pt-pt\/produit\/100-luvas-de-vinil-descartaveis-com-po-extra-grande-10\/#primaryimage\",\"url\":\"https:\/\/www.csj-emballages.com\/wp-content\/uploads\/2024\/03\/Gant-vinyle.webp\",\"contentUrl\":\"https:\/\/www.csj-emballages.com\/wp-content\/uploads\/2024\/03\/Gant-vinyle.webp\",\"width\":800,\"height\":800,\"caption\":\"Gant vinyle\"},{\"@type\":\"BreadcrumbList\",\"@id\":\"https:\/\/www.csj-emballages.com\/pt-pt\/produit\/100-luvas-de-vinil-descartaveis-com-po-extra-grande-10\/#breadcrumb\",\"itemListElement\":[{\"@type\":\"ListItem\",\"position\":1,\"name\":\"Acolhimento\",\"item\":\"https:\/\/www.csj-emballages.com\/pt-pt\/universo-das-embalagens-alimentares\/\"},{\"@type\":\"ListItem\",\"position\":2,\"name\":\"Shop\",\"item\":\"https:\/\/www.csj-emballages.com\/shop\/\"},{\"@type\":\"ListItem\",\"position\":3,\"name\":\"Luva de vinil descart\u00e1vel com p\u00f3 \/ extragrande 10 x 100\"}]},{\"@type\":\"WebSite\",\"@id\":\"https:\/\/www.csj-emballages.com\/pt-pt\/#website\",\"url\":\"https:\/\/www.csj-emballages.com\/pt-pt\/\",\"name\":\"CSJ Emballages\",\"description\":\"\",\"publisher\":{\"@id\":\"https:\/\/www.csj-emballages.com\/pt-pt\/#organization\"},\"potentialAction\":[{\"@type\":\"SearchAction\",\"target\":{\"@type\":\"EntryPoint\",\"urlTemplate\":\"https:\/\/www.csj-emballages.com\/pt-pt\/?s={search_term_string}\"},\"query-input\":{\"@type\":\"PropertyValueSpecification\",\"valueRequired\":true,\"valueName\":\"search_term_string\"}}],\"inLanguage\":\"pt-PT\"},{\"@type\":\"Organization\",\"@id\":\"https:\/\/www.csj-emballages.com\/pt-pt\/#Organization\/\",\"name\":\"CSJ Emballages\",\"url\":\"https:\/\/www.csj-emballages.com\/pt-pt\/\",\"logo\":{\"@type\":\"ImageObject\",\"inLanguage\":\"pt-PT\",\"@id\":\"https:\/\/www.csj-emballages.com\/pt-pt\/#\/schema\/logo\/image\/\",\"url\":\"https:\/\/www.csj-emballages.com\/wp-content\/uploads\/2023\/10\/logo_csj.webp\",\"contentUrl\":\"https:\/\/www.csj-emballages.com\/wp-content\/uploads\/2023\/10\/logo_csj.webp\",\"width\":250,\"height\":95,\"caption\":\"CSJ Emballages\"},\"image\":{\"@id\":\"https:\/\/www.csj-emballages.com\/pt-pt\/#\/schema\/logo\/image\/\"},\"sameAs\":[\"https:\/\/www.facebook.com\/csjemballages\"],\"address\":{\"@type\":\"PostalAddress\",\"streetAddress\":\"ZI La Lechere\",\"addressLocality\":\"Patornay\",\"postalCode\":\"39130\",\"addressCountry\":\"FR\"},\"contactPoint\":[{\"@type\":\"ContactPoint\",\"contactType\":\"Service client\",\"telephone\":\"0384254272\",\"email\":\"contact@csj-emballages.com\"}]}]}<\/script>\n<!-- \/ Yoast SEO Premium plugin. -->","yoast_head_json":{"title":"Luva de Vinil Descart\u00e1vel com P\u00f3 \/ Extragrande 10 x 100","description":"Luvas de vinil com p\u00f3 tamanho 10 vendidas em embalagens de 100 unidades. Ambidestras, rebordo enrolado e qualidade m\u00e9dica para uma utiliza\u00e7\u00e3o profissional simples e eficaz.","robots":{"index":"index","follow":"follow","max-snippet":"max-snippet:-1","max-image-preview":"max-image-preview:large","max-video-preview":"max-video-preview:-1"},"canonical":"https:\/\/www.csj-emballages.com\/pt-pt\/produit\/100-luvas-de-vinil-descartaveis-com-po-extra-grande-10\/","og_locale":"pt_PT","og_type":"article","og_title":"Luva de vinil descart\u00e1vel com p\u00f3 \/ extragrande 10 x 100","og_description":"Luvas de vinil com p\u00f3 tamanho 10 vendidas em embalagens de 100 unidades. Ambidestras, rebordo enrolado e qualidade m\u00e9dica para uma utiliza\u00e7\u00e3o profissional simples e eficaz.","og_url":"https:\/\/www.csj-emballages.com\/pt-pt\/produit\/100-luvas-de-vinil-descartaveis-com-po-extra-grande-10\/","og_site_name":"CSJ Emballages","article_publisher":"https:\/\/www.facebook.com\/csjemballages","article_modified_time":"2026-04-17T00:13:57+00:00","og_image":[{"width":800,"height":800,"url":"https:\/\/www.csj-emballages.com\/wp-content\/uploads\/2024\/03\/Gant-vinyle.webp","type":"image\/webp"}],"twitter_card":"summary_large_image","twitter_misc":{"Tempo estimado de leitura":"2 minutos"},"schema":{"@context":"https:\/\/schema.org","@graph":[{"@type":"WebPage","@id":"https:\/\/www.csj-emballages.com\/pt-pt\/produit\/100-luvas-de-vinil-descartaveis-com-po-extra-grande-10\/","url":"https:\/\/www.csj-emballages.com\/pt-pt\/produit\/100-luvas-de-vinil-descartaveis-com-po-extra-grande-10\/","name":"Luva de Vinil Descart\u00e1vel com P\u00f3 \/ Extragrande 10 x 100","isPartOf":{"@id":"https:\/\/www.csj-emballages.com\/pt-pt\/#website"},"primaryImageOfPage":{"@id":"https:\/\/www.csj-emballages.com\/pt-pt\/produit\/100-luvas-de-vinil-descartaveis-com-po-extra-grande-10\/#primaryimage"},"image":{"@id":"https:\/\/www.csj-emballages.com\/pt-pt\/produit\/100-luvas-de-vinil-descartaveis-com-po-extra-grande-10\/#primaryimage"},"thumbnailUrl":"https:\/\/www.csj-emballages.com\/wp-content\/uploads\/2024\/03\/Gant-vinyle.webp","datePublished":"2024-03-01T15:53:02+00:00","dateModified":"2026-04-17T00:13:57+00:00","description":"Luvas de vinil com p\u00f3 tamanho 10 vendidas em embalagens de 100 unidades. Ambidestras, rebordo enrolado e qualidade m\u00e9dica para uma utiliza\u00e7\u00e3o profissional simples e eficaz.","breadcrumb":{"@id":"https:\/\/www.csj-emballages.com\/pt-pt\/produit\/100-luvas-de-vinil-descartaveis-com-po-extra-grande-10\/#breadcrumb"},"inLanguage":"pt-PT","potentialAction":[{"@type":"ReadAction","target":["https:\/\/www.csj-emballages.com\/pt-pt\/produit\/100-luvas-de-vinil-descartaveis-com-po-extra-grande-10\/"]}]},{"@type":"ImageObject","inLanguage":"pt-PT","@id":"https:\/\/www.csj-emballages.com\/pt-pt\/produit\/100-luvas-de-vinil-descartaveis-com-po-extra-grande-10\/#primaryimage","url":"https:\/\/www.csj-emballages.com\/wp-content\/uploads\/2024\/03\/Gant-vinyle.webp","contentUrl":"https:\/\/www.csj-emballages.com\/wp-content\/uploads\/2024\/03\/Gant-vinyle.webp","width":800,"height":800,"caption":"Gant vinyle"},{"@type":"BreadcrumbList","@id":"https:\/\/www.csj-emballages.com\/pt-pt\/produit\/100-luvas-de-vinil-descartaveis-com-po-extra-grande-10\/#breadcrumb","itemListElement":[{"@type":"ListItem","position":1,"name":"Acolhimento","item":"https:\/\/www.csj-emballages.com\/pt-pt\/universo-das-embalagens-alimentares\/"},{"@type":"ListItem","position":2,"name":"Shop","item":"https:\/\/www.csj-emballages.com\/shop\/"},{"@type":"ListItem","position":3,"name":"Luva de vinil descart\u00e1vel com p\u00f3 \/ extragrande 10 x 100"}]},{"@type":"WebSite","@id":"https:\/\/www.csj-emballages.com\/pt-pt\/#website","url":"https:\/\/www.csj-emballages.com\/pt-pt\/","name":"CSJ Emballages","description":"","publisher":{"@id":"https:\/\/www.csj-emballages.com\/pt-pt\/#organization"},"potentialAction":[{"@type":"SearchAction","target":{"@type":"EntryPoint","urlTemplate":"https:\/\/www.csj-emballages.com\/pt-pt\/?s={search_term_string}"},"query-input":{"@type":"PropertyValueSpecification","valueRequired":true,"valueName":"search_term_string"}}],"inLanguage":"pt-PT"},{"@type":"Organization","@id":"https:\/\/www.csj-emballages.com\/pt-pt\/#Organization\/","name":"CSJ Emballages","url":"https:\/\/www.csj-emballages.com\/pt-pt\/","logo":{"@type":"ImageObject","inLanguage":"pt-PT","@id":"https:\/\/www.csj-emballages.com\/pt-pt\/#\/schema\/logo\/image\/","url":"https:\/\/www.csj-emballages.com\/wp-content\/uploads\/2023\/10\/logo_csj.webp","contentUrl":"https:\/\/www.csj-emballages.com\/wp-content\/uploads\/2023\/10\/logo_csj.webp","width":250,"height":95,"caption":"CSJ Emballages"},"image":{"@id":"https:\/\/www.csj-emballages.com\/pt-pt\/#\/schema\/logo\/image\/"},"sameAs":["https:\/\/www.facebook.com\/csjemballages"],"address":{"@type":"PostalAddress","streetAddress":"ZI La Lechere","addressLocality":"Patornay","postalCode":"39130","addressCountry":"FR"},"contactPoint":[{"@type":"ContactPoint","contactType":"Service client","telephone":"0384254272","email":"contact@csj-emballages.com"}]}]}},"df_price":2.77,"df_sale_price":"","df_regular_price":2.77,"df_image_link":"https:\/\/www.csj-emballages.com\/wp-content\/uploads\/2024\/03\/Gant-vinyle-300x300.webp","tiered_pricing_type":"fixed","tiered_pricing_fixed_rules":[],"tiered_pricing_percentage_rules":[],"tiered_pricing_minimum":1,"tiered_pricing_roles_data":[],"_links":{"self":[{"href":"https:\/\/www.csj-emballages.com\/pt-pt\/wp-json\/wp\/v2\/product\/21612","targetHints":{"allow":["GET"]}}],"collection":[{"href":"https:\/\/www.csj-emballages.com\/pt-pt\/wp-json\/wp\/v2\/product"}],"about":[{"href":"https:\/\/www.csj-emballages.com\/pt-pt\/wp-json\/wp\/v2\/types\/product"}],"wp:featuredmedia":[{"embeddable":true,"href":"https:\/\/www.csj-emballages.com\/pt-pt\/wp-json\/wp\/v2\/media\/262743"}],"wp:attachment":[{"href":"https:\/\/www.csj-emballages.com\/pt-pt\/wp-json\/wp\/v2\/media?parent=21612"}],"wp:term":[{"taxonomy":"product_brand","embeddable":true,"href":"https:\/\/www.csj-emballages.com\/pt-pt\/wp-json\/wp\/v2\/product_brand?post=21612"},{"taxonomy":"product_cat","embeddable":true,"href":"https:\/\/www.csj-emballages.com\/pt-pt\/wp-json\/wp\/v2\/product_cat?post=21612"},{"taxonomy":"product_tag","embeddable":true,"href":"https:\/\/www.csj-emballages.com\/pt-pt\/wp-json\/wp\/v2\/product_tag?post=21612"}],"curies":[{"name":"wp","href":"https:\/\/api.w.org\/{rel}","templated":true}]}}