{"id":21601,"date":"2024-03-01T16:53:05","date_gmt":"2024-03-01T15:53:05","guid":{"rendered":"https:\/\/u15jnbdpoq.preview.infomaniak.website\/produit\/100-luvas-de-nitrilo-sem-po-rosa-medio-7-8\/"},"modified":"2026-03-12T16:26:33","modified_gmt":"2026-03-12T15:26:33","slug":"100-luvas-de-nitrilo-sem-po-rosa-medio-7-8","status":"publish","type":"product","link":"https:\/\/www.csj-emballages.com\/pt-pt\/produit\/100-luvas-de-nitrilo-sem-po-rosa-medio-7-8\/","title":{"rendered":"Luva de nitrilo sem p\u00f3 rosa m\u00e9dio 7\/8 por 100"},"content":{"rendered":"<h2>Luva de nitrilo<\/h2>\n<hr>\n<h3>Descubra a nossa luva de nitrilo sem p\u00f3 rosa m\u00e9dio 7\/8 por 100<\/h3>\n<p><!--more--><\/p>\n<p data-start=\"234\" data-end=\"606\">Estas <strong data-start=\"238\" data-end=\"273\">luvas de nitrilo sem p\u00f3 rosas<\/strong> no tamanho <strong>m\u00e9dio 7\/8<\/strong> foram concebidas para oferecer conforto, precis\u00e3o e seguran\u00e7a, mesmo durante uma utiliza\u00e7\u00e3o intensiva. O seu material <strong>flex\u00edvel adapta-se perfeitamente \u00e0 m\u00e3o<\/strong>, o que permite manter uma excelente liberdade de movimento sem sensa\u00e7\u00e3o de desconforto. S\u00e3o f\u00e1ceis de colocar e, uma vez colocadas, quase nos esquecemos delas.  <\/p>\n<p data-start=\"608\" data-end=\"1027\">Gra\u00e7as ao seu design <strong data-start=\"632\" data-end=\"646\">ambidextro<\/strong>, poupa tempo no dia a dia: n\u00e3o precisa de procurar uma luva direita ou esquerda. A <strong data-start=\"735\" data-end=\"749\">borda enrolada<\/strong> refor\u00e7a a fixa\u00e7\u00e3o ao n\u00edvel do pulso e limita o risco de rasg\u00f5es ao colocar. Al\u00e9m disso, a superf\u00edcie <strong data-start=\"864\" data-end=\"881\">n\u00e3o deslizante<\/strong> associada \u00e0s <strong data-start=\"895\" data-end=\"924\">pontas dos dedos texturadas<\/strong> melhora significativamente a preens\u00e3o, mesmo quando manipula <strong>objetos finos, h\u00famidos ou delicados<\/strong>.  <\/p>\n<p data-start=\"1029\" data-end=\"1327\"><strong>Sem p\u00f3<\/strong>, estas <strong>luvas<\/strong> reduzem o risco de irrita\u00e7\u00e3o e s\u00e3o perfeitas para peles sens\u00edveis. A sua <strong data-start=\"1141\" data-end=\"1161\">qualidade m\u00e9dica<\/strong> garante um elevado n\u00edvel de prote\u00e7\u00e3o, o que as torna adequadas para setores exigentes como o m\u00e9dico, a est\u00e9tica, a higiene, a restaura\u00e7\u00e3o ou os laborat\u00f3rios. <\/p>\n<p data-start=\"1329\" data-end=\"1534\">Para a remo\u00e7\u00e3o, o gesto permanece simples e seguro: basta dobrar a extremidade do punho e retirar a luva, virando-a sobre si mesma, para evitar qualquer contacto com a parte exterior.<\/p>\n<p data-start=\"1536\" data-end=\"1677\">Em resumo, estas <strong>luvas de nitrilo rosas<\/strong> combinam efic\u00e1cia, conforto e fiabilidade, ao mesmo tempo que trazem um toque de cor que muda dos padr\u00f5es cl\u00e1ssicos.<\/p>\n<p data-start=\"1624\" data-end=\"1834\"><!--more--><\/p>\n<h4 data-start=\"1624\" data-end=\"1834\">Vantagens :<\/h4>\n<ul>\n<li data-start=\"1707\" data-end=\"1746\"><strong>Nitrilo sem p\u00f3<\/strong>, suave para a pele.<\/li>\n<li data-start=\"1749\" data-end=\"1783\"><strong>Tamanho M 7\/8<\/strong>, ajuste preciso.<\/li>\n<li data-start=\"1786\" data-end=\"1820\">Ambidextras e f\u00e1ceis de colocar.<\/li>\n<li data-start=\"1823\" data-end=\"1869\">Dedos texturizados para uma melhor ader\u00eancia.<\/li>\n<li data-start=\"1872\" data-end=\"1908\"><strong>Borda enrolada<\/strong> para maior resist\u00eancia.<\/li>\n<li data-start=\"1911\" data-end=\"1929\">Qualidade m\u00e9dica.<\/li>\n<li data-start=\"1932\" data-end=\"1973\">Embalagem pr\u00e1tica por 100 unidades.<\/li>\n<\/ul>\n<p>&nbsp;<\/p>\n<p><!--more--><\/p>\n<h4>Outras informa\u00e7\u00f5es :<\/h4>\n<ul>\n<li><strong>Embalagem<\/strong>: Pacote de 100<\/li>\n<li><strong>Tamanho<\/strong>: M<\/li>\n<li><strong>Comprimento<\/strong>: 240 mm<\/li>\n<li><strong>Largura da palma<\/strong>: 95 mm<\/li>\n<li><strong>Peso<\/strong>: 3,5 g<\/li>\n<li><strong>Material<\/strong>: Nitrilo (sem p\u00f3)<\/li>\n<\/ul>\n<p>&nbsp;<\/p>\n<p><!--more--><\/p>\n<p>Estas luvas de nitrilo rosas tamanho M est\u00e3o dispon\u00edveis em diferentes tamanhos: <span style=\"color: #d12727;\"><a style=\"color: #d12727;\" href=\"https:\/\/www.csj-emballages.com\/produit\/100-gants-nitriles-non-poudre-rose-extra-small-5-6\/?_gl=1*1pgvss9*_up*MQ..*_ga*MjUyOTI1LjE3NjkxNzkwNzI.*_ga_YNVJLRSSZT*czE3NjkxNzkwNzIkbzEkZzAkdDE3NjkxNzkwNzIkajYwJGwwJGgxMDM5ODg1NDc3\">Extra small<\/a><\/span> \/<span style=\"color: #d12727;\"> <a style=\"color: #d12727;\" href=\"https:\/\/www.csj-emballages.com\/produit\/100-gants-nitriles-non-poudre-rose-large-8-9\/?_gl=1*a4q0fw*_up*MQ..*_ga*MjUyOTI1LjE3NjkxNzkwNzI.*_ga_YNVJLRSSZT*czE3NjkxNzkwNzIkbzEkZzAkdDE3NjkxNzkwNzIkajYwJGwwJGgxMDM5ODg1NDc3\">Large<\/a><\/span><\/p>\n<p>&nbsp;<\/p>\n<p><!--more--><\/p>\n<p><a href=\"https:\/\/www.csj-emballages.com\/categorie-produit\/hygiene-et-entretiens\/equipements-individuels\/gants\/gants-nitrile\/?_gl=1*61uc40*_up*MQ..*_ga*MTQ3Nzg2NjAwNy4xNzY5MTc1NTE0*_ga_YNVJLRSSZT*czE3NjkxNzU1MTMkbzEkZzAkdDE3NjkxNzU1MTMkajYwJGwwJGgyMDczNzc3MTA.\">Consulte o resto da nossa gama de luvas de nitrilo<\/a><\/p>\n","protected":false},"excerpt":{"rendered":"<p>Luva de nitrilo Descubra a nossa luva de nitrilo sem p\u00f3 rosa m\u00e9dio 7\/8 por 100<\/p>\n","protected":false},"featured_media":262243,"template":"","meta":{"_acf_changed":false},"product_brand":[],"product_cat":[1222,2326,2698,2741],"product_tag":[],"class_list":{"0":"post-21601","1":"product","2":"type-product","3":"status-publish","4":"has-post-thumbnail","6":"product_cat-higiene-e-manutencao","7":"product_cat-equipamento-individual","8":"product_cat-luvas","9":"product_cat-luvas-de-nitrilo","11":"first","12":"instock","13":"taxable","14":"shipping-taxable","15":"purchasable","16":"product-type-simple"},"acf":[],"yoast_head":"<!-- This site is optimized with the Yoast SEO Premium plugin v26.6 (Yoast SEO v26.6) - https:\/\/yoast.com\/wordpress\/plugins\/seo\/ -->\n<title>Luva de Nitrilo sem P\u00f3 Rosa M\u00e9dio 7\/8 por 100<\/title>\n<meta name=\"description\" content=\"Luvas de nitrilo sem p\u00f3 rosas M 7\/8, ambidestras e com qualidade m\u00e9dica. Conforto, precis\u00e3o e ader\u00eancia ideal. Caixa de 100 luvas.\" \/>\n<meta name=\"robots\" content=\"index, follow, max-snippet:-1, max-image-preview:large, max-video-preview:-1\" \/>\n<link rel=\"canonical\" href=\"https:\/\/www.csj-emballages.com\/pt-pt\/produit\/100-luvas-de-nitrilo-sem-po-rosa-medio-7-8\/\" \/>\n<meta property=\"og:locale\" content=\"pt_PT\" \/>\n<meta property=\"og:type\" content=\"article\" \/>\n<meta property=\"og:title\" content=\"Luva de nitrilo sem p\u00f3 rosa m\u00e9dio 7\/8 por 100\" \/>\n<meta property=\"og:description\" content=\"Luvas de nitrilo sem p\u00f3 rosas M 7\/8, ambidestras e com qualidade m\u00e9dica. Conforto, precis\u00e3o e ader\u00eancia ideal. Caixa de 100 luvas.\" \/>\n<meta property=\"og:url\" content=\"https:\/\/www.csj-emballages.com\/pt-pt\/produit\/100-luvas-de-nitrilo-sem-po-rosa-medio-7-8\/\" \/>\n<meta property=\"og:site_name\" content=\"CSJ Emballages\" \/>\n<meta property=\"article:publisher\" content=\"https:\/\/www.facebook.com\/csjemballages\" \/>\n<meta property=\"article:modified_time\" content=\"2026-03-12T15:26:33+00:00\" \/>\n<meta property=\"og:image\" content=\"https:\/\/www.csj-emballages.com\/wp-content\/uploads\/2024\/03\/Gant-nitrile-rose.webp\" \/>\n\t<meta property=\"og:image:width\" content=\"800\" \/>\n\t<meta property=\"og:image:height\" content=\"800\" \/>\n\t<meta property=\"og:image:type\" content=\"image\/webp\" \/>\n<meta name=\"twitter:card\" content=\"summary_large_image\" \/>\n<meta name=\"twitter:label1\" content=\"Tempo estimado de leitura\" \/>\n\t<meta name=\"twitter:data1\" content=\"2 minutos\" \/>\n<script type=\"application\/ld+json\" class=\"yoast-schema-graph\">{\"@context\":\"https:\/\/schema.org\",\"@graph\":[{\"@type\":\"WebPage\",\"@id\":\"https:\/\/www.csj-emballages.com\/pt-pt\/produit\/100-luvas-de-nitrilo-sem-po-rosa-medio-7-8\/\",\"url\":\"https:\/\/www.csj-emballages.com\/pt-pt\/produit\/100-luvas-de-nitrilo-sem-po-rosa-medio-7-8\/\",\"name\":\"Luva de Nitrilo sem P\u00f3 Rosa M\u00e9dio 7\/8 por 100\",\"isPartOf\":{\"@id\":\"https:\/\/www.csj-emballages.com\/pt-pt\/#website\"},\"primaryImageOfPage\":{\"@id\":\"https:\/\/www.csj-emballages.com\/pt-pt\/produit\/100-luvas-de-nitrilo-sem-po-rosa-medio-7-8\/#primaryimage\"},\"image\":{\"@id\":\"https:\/\/www.csj-emballages.com\/pt-pt\/produit\/100-luvas-de-nitrilo-sem-po-rosa-medio-7-8\/#primaryimage\"},\"thumbnailUrl\":\"https:\/\/www.csj-emballages.com\/wp-content\/uploads\/2024\/03\/Gant-nitrile-rose.webp\",\"datePublished\":\"2024-03-01T15:53:05+00:00\",\"dateModified\":\"2026-03-12T15:26:33+00:00\",\"description\":\"Luvas de nitrilo sem p\u00f3 rosas M 7\/8, ambidestras e com qualidade m\u00e9dica. Conforto, precis\u00e3o e ader\u00eancia ideal. Caixa de 100 luvas.\",\"breadcrumb\":{\"@id\":\"https:\/\/www.csj-emballages.com\/pt-pt\/produit\/100-luvas-de-nitrilo-sem-po-rosa-medio-7-8\/#breadcrumb\"},\"inLanguage\":\"pt-PT\",\"potentialAction\":[{\"@type\":\"ReadAction\",\"target\":[\"https:\/\/www.csj-emballages.com\/pt-pt\/produit\/100-luvas-de-nitrilo-sem-po-rosa-medio-7-8\/\"]}]},{\"@type\":\"ImageObject\",\"inLanguage\":\"pt-PT\",\"@id\":\"https:\/\/www.csj-emballages.com\/pt-pt\/produit\/100-luvas-de-nitrilo-sem-po-rosa-medio-7-8\/#primaryimage\",\"url\":\"https:\/\/www.csj-emballages.com\/wp-content\/uploads\/2024\/03\/Gant-nitrile-rose.webp\",\"contentUrl\":\"https:\/\/www.csj-emballages.com\/wp-content\/uploads\/2024\/03\/Gant-nitrile-rose.webp\",\"width\":800,\"height\":800,\"caption\":\"Gant nitrile\"},{\"@type\":\"BreadcrumbList\",\"@id\":\"https:\/\/www.csj-emballages.com\/pt-pt\/produit\/100-luvas-de-nitrilo-sem-po-rosa-medio-7-8\/#breadcrumb\",\"itemListElement\":[{\"@type\":\"ListItem\",\"position\":1,\"name\":\"Acolhimento\",\"item\":\"https:\/\/www.csj-emballages.com\/pt-pt\/universo-das-embalagens-alimentares\/\"},{\"@type\":\"ListItem\",\"position\":2,\"name\":\"Shop\",\"item\":\"https:\/\/www.csj-emballages.com\/shop\/\"},{\"@type\":\"ListItem\",\"position\":3,\"name\":\"Luva de nitrilo sem p\u00f3 rosa m\u00e9dio 7\/8 por 100\"}]},{\"@type\":\"WebSite\",\"@id\":\"https:\/\/www.csj-emballages.com\/pt-pt\/#website\",\"url\":\"https:\/\/www.csj-emballages.com\/pt-pt\/\",\"name\":\"CSJ Emballages\",\"description\":\"\",\"publisher\":{\"@id\":\"https:\/\/www.csj-emballages.com\/pt-pt\/#organization\"},\"potentialAction\":[{\"@type\":\"SearchAction\",\"target\":{\"@type\":\"EntryPoint\",\"urlTemplate\":\"https:\/\/www.csj-emballages.com\/pt-pt\/?s={search_term_string}\"},\"query-input\":{\"@type\":\"PropertyValueSpecification\",\"valueRequired\":true,\"valueName\":\"search_term_string\"}}],\"inLanguage\":\"pt-PT\"},{\"@type\":\"Organization\",\"@id\":\"https:\/\/www.csj-emballages.com\/pt-pt\/#Organization\/\",\"name\":\"CSJ Emballages\",\"url\":\"https:\/\/www.csj-emballages.com\/pt-pt\/\",\"logo\":{\"@type\":\"ImageObject\",\"inLanguage\":\"pt-PT\",\"@id\":\"https:\/\/www.csj-emballages.com\/pt-pt\/#\/schema\/logo\/image\/\",\"url\":\"https:\/\/www.csj-emballages.com\/wp-content\/uploads\/2023\/10\/logo_csj.webp\",\"contentUrl\":\"https:\/\/www.csj-emballages.com\/wp-content\/uploads\/2023\/10\/logo_csj.webp\",\"width\":250,\"height\":95,\"caption\":\"CSJ Emballages\"},\"image\":{\"@id\":\"https:\/\/www.csj-emballages.com\/pt-pt\/#\/schema\/logo\/image\/\"},\"sameAs\":[\"https:\/\/www.facebook.com\/csjemballages\"],\"address\":{\"@type\":\"PostalAddress\",\"streetAddress\":\"ZI La Lechere\",\"addressLocality\":\"Patornay\",\"postalCode\":\"39130\",\"addressCountry\":\"FR\"},\"contactPoint\":[{\"@type\":\"ContactPoint\",\"contactType\":\"Service client\",\"telephone\":\"0384254272\",\"email\":\"contact@csj-emballages.com\"}]}]}<\/script>\n<!-- \/ Yoast SEO Premium plugin. -->","yoast_head_json":{"title":"Luva de Nitrilo sem P\u00f3 Rosa M\u00e9dio 7\/8 por 100","description":"Luvas de nitrilo sem p\u00f3 rosas M 7\/8, ambidestras e com qualidade m\u00e9dica. Conforto, precis\u00e3o e ader\u00eancia ideal. Caixa de 100 luvas.","robots":{"index":"index","follow":"follow","max-snippet":"max-snippet:-1","max-image-preview":"max-image-preview:large","max-video-preview":"max-video-preview:-1"},"canonical":"https:\/\/www.csj-emballages.com\/pt-pt\/produit\/100-luvas-de-nitrilo-sem-po-rosa-medio-7-8\/","og_locale":"pt_PT","og_type":"article","og_title":"Luva de nitrilo sem p\u00f3 rosa m\u00e9dio 7\/8 por 100","og_description":"Luvas de nitrilo sem p\u00f3 rosas M 7\/8, ambidestras e com qualidade m\u00e9dica. Conforto, precis\u00e3o e ader\u00eancia ideal. Caixa de 100 luvas.","og_url":"https:\/\/www.csj-emballages.com\/pt-pt\/produit\/100-luvas-de-nitrilo-sem-po-rosa-medio-7-8\/","og_site_name":"CSJ Emballages","article_publisher":"https:\/\/www.facebook.com\/csjemballages","article_modified_time":"2026-03-12T15:26:33+00:00","og_image":[{"width":800,"height":800,"url":"https:\/\/www.csj-emballages.com\/wp-content\/uploads\/2024\/03\/Gant-nitrile-rose.webp","type":"image\/webp"}],"twitter_card":"summary_large_image","twitter_misc":{"Tempo estimado de leitura":"2 minutos"},"schema":{"@context":"https:\/\/schema.org","@graph":[{"@type":"WebPage","@id":"https:\/\/www.csj-emballages.com\/pt-pt\/produit\/100-luvas-de-nitrilo-sem-po-rosa-medio-7-8\/","url":"https:\/\/www.csj-emballages.com\/pt-pt\/produit\/100-luvas-de-nitrilo-sem-po-rosa-medio-7-8\/","name":"Luva de Nitrilo sem P\u00f3 Rosa M\u00e9dio 7\/8 por 100","isPartOf":{"@id":"https:\/\/www.csj-emballages.com\/pt-pt\/#website"},"primaryImageOfPage":{"@id":"https:\/\/www.csj-emballages.com\/pt-pt\/produit\/100-luvas-de-nitrilo-sem-po-rosa-medio-7-8\/#primaryimage"},"image":{"@id":"https:\/\/www.csj-emballages.com\/pt-pt\/produit\/100-luvas-de-nitrilo-sem-po-rosa-medio-7-8\/#primaryimage"},"thumbnailUrl":"https:\/\/www.csj-emballages.com\/wp-content\/uploads\/2024\/03\/Gant-nitrile-rose.webp","datePublished":"2024-03-01T15:53:05+00:00","dateModified":"2026-03-12T15:26:33+00:00","description":"Luvas de nitrilo sem p\u00f3 rosas M 7\/8, ambidestras e com qualidade m\u00e9dica. Conforto, precis\u00e3o e ader\u00eancia ideal. Caixa de 100 luvas.","breadcrumb":{"@id":"https:\/\/www.csj-emballages.com\/pt-pt\/produit\/100-luvas-de-nitrilo-sem-po-rosa-medio-7-8\/#breadcrumb"},"inLanguage":"pt-PT","potentialAction":[{"@type":"ReadAction","target":["https:\/\/www.csj-emballages.com\/pt-pt\/produit\/100-luvas-de-nitrilo-sem-po-rosa-medio-7-8\/"]}]},{"@type":"ImageObject","inLanguage":"pt-PT","@id":"https:\/\/www.csj-emballages.com\/pt-pt\/produit\/100-luvas-de-nitrilo-sem-po-rosa-medio-7-8\/#primaryimage","url":"https:\/\/www.csj-emballages.com\/wp-content\/uploads\/2024\/03\/Gant-nitrile-rose.webp","contentUrl":"https:\/\/www.csj-emballages.com\/wp-content\/uploads\/2024\/03\/Gant-nitrile-rose.webp","width":800,"height":800,"caption":"Gant nitrile"},{"@type":"BreadcrumbList","@id":"https:\/\/www.csj-emballages.com\/pt-pt\/produit\/100-luvas-de-nitrilo-sem-po-rosa-medio-7-8\/#breadcrumb","itemListElement":[{"@type":"ListItem","position":1,"name":"Acolhimento","item":"https:\/\/www.csj-emballages.com\/pt-pt\/universo-das-embalagens-alimentares\/"},{"@type":"ListItem","position":2,"name":"Shop","item":"https:\/\/www.csj-emballages.com\/shop\/"},{"@type":"ListItem","position":3,"name":"Luva de nitrilo sem p\u00f3 rosa m\u00e9dio 7\/8 por 100"}]},{"@type":"WebSite","@id":"https:\/\/www.csj-emballages.com\/pt-pt\/#website","url":"https:\/\/www.csj-emballages.com\/pt-pt\/","name":"CSJ Emballages","description":"","publisher":{"@id":"https:\/\/www.csj-emballages.com\/pt-pt\/#organization"},"potentialAction":[{"@type":"SearchAction","target":{"@type":"EntryPoint","urlTemplate":"https:\/\/www.csj-emballages.com\/pt-pt\/?s={search_term_string}"},"query-input":{"@type":"PropertyValueSpecification","valueRequired":true,"valueName":"search_term_string"}}],"inLanguage":"pt-PT"},{"@type":"Organization","@id":"https:\/\/www.csj-emballages.com\/pt-pt\/#Organization\/","name":"CSJ Emballages","url":"https:\/\/www.csj-emballages.com\/pt-pt\/","logo":{"@type":"ImageObject","inLanguage":"pt-PT","@id":"https:\/\/www.csj-emballages.com\/pt-pt\/#\/schema\/logo\/image\/","url":"https:\/\/www.csj-emballages.com\/wp-content\/uploads\/2023\/10\/logo_csj.webp","contentUrl":"https:\/\/www.csj-emballages.com\/wp-content\/uploads\/2023\/10\/logo_csj.webp","width":250,"height":95,"caption":"CSJ Emballages"},"image":{"@id":"https:\/\/www.csj-emballages.com\/pt-pt\/#\/schema\/logo\/image\/"},"sameAs":["https:\/\/www.facebook.com\/csjemballages"],"address":{"@type":"PostalAddress","streetAddress":"ZI La Lechere","addressLocality":"Patornay","postalCode":"39130","addressCountry":"FR"},"contactPoint":[{"@type":"ContactPoint","contactType":"Service client","telephone":"0384254272","email":"contact@csj-emballages.com"}]}]}},"df_price":5.32,"df_sale_price":"","df_regular_price":5.32,"df_image_link":"https:\/\/www.csj-emballages.com\/wp-content\/uploads\/2024\/03\/Gant-nitrile-rose-300x300.webp","tiered_pricing_type":"fixed","tiered_pricing_fixed_rules":[],"tiered_pricing_percentage_rules":[],"tiered_pricing_minimum":1,"tiered_pricing_roles_data":[],"_links":{"self":[{"href":"https:\/\/www.csj-emballages.com\/pt-pt\/wp-json\/wp\/v2\/product\/21601","targetHints":{"allow":["GET"]}}],"collection":[{"href":"https:\/\/www.csj-emballages.com\/pt-pt\/wp-json\/wp\/v2\/product"}],"about":[{"href":"https:\/\/www.csj-emballages.com\/pt-pt\/wp-json\/wp\/v2\/types\/product"}],"wp:featuredmedia":[{"embeddable":true,"href":"https:\/\/www.csj-emballages.com\/pt-pt\/wp-json\/wp\/v2\/media\/262243"}],"wp:attachment":[{"href":"https:\/\/www.csj-emballages.com\/pt-pt\/wp-json\/wp\/v2\/media?parent=21601"}],"wp:term":[{"taxonomy":"product_brand","embeddable":true,"href":"https:\/\/www.csj-emballages.com\/pt-pt\/wp-json\/wp\/v2\/product_brand?post=21601"},{"taxonomy":"product_cat","embeddable":true,"href":"https:\/\/www.csj-emballages.com\/pt-pt\/wp-json\/wp\/v2\/product_cat?post=21601"},{"taxonomy":"product_tag","embeddable":true,"href":"https:\/\/www.csj-emballages.com\/pt-pt\/wp-json\/wp\/v2\/product_tag?post=21601"}],"curies":[{"name":"wp","href":"https:\/\/api.w.org\/{rel}","templated":true}]}}