{"id":21593,"date":"2024-03-01T16:53:04","date_gmt":"2024-03-01T15:53:04","guid":{"rendered":"https:\/\/u15jnbdpoq.preview.infomaniak.website\/produit\/100-copos-de-aluminio-descartaveis-109-ml\/"},"modified":"2026-04-15T17:00:50","modified_gmt":"2026-04-15T15:00:50","slug":"100-copos-de-aluminio-descartaveis-109-ml","status":"publish","type":"product","link":"https:\/\/www.csj-emballages.com\/pt-pt\/produit\/100-copos-de-aluminio-descartaveis-109-ml\/","title":{"rendered":"Copo de alum\u00ednio 105 ml por 100"},"content":{"rendered":"<h2>Balde de alum\u00ednio<\/h2>\n<hr>\n<h3>Descri\u00e7\u00e3o do nosso copo de alum\u00ednio 105 ml por 100<\/h3>\n<p><!--more--><\/p>\n<p data-start=\"177\" data-end=\"492\">O <strong>copo de alum\u00ednio 105 ml<\/strong> \u00e9 ideal para a cozedura, apresenta\u00e7\u00e3o e acondicionamento de prepara\u00e7\u00f5es individuais doces ou salgadas. Pr\u00e1tico e vers\u00e1til, \u00e9 perfeito para profissionais de restaura\u00e7\u00e3o, catering, pastelaria e setor alimentar que procuram uma solu\u00e7\u00e3o fi\u00e1vel e eficaz. <\/p>\n<p data-start=\"494\" data-end=\"800\">Gra\u00e7as \u00e0 sua <strong>capacidade de 105 ml<\/strong>, este <strong>copo<\/strong> adapta-se perfeitamente a por\u00e7\u00f5es individuais como leite-creme, pudins, fondants, muffins, molhos, terrinas ou prepara\u00e7\u00f5es de catering. A sua estrutura em <strong>alum\u00ednio<\/strong> garante uma excelente condutividade t\u00e9rmica, permitindo uma cozedura homog\u00e9nea e controlada. <\/p>\n<p data-start=\"802\" data-end=\"1051\">Resistente ao calor, o <strong>copo de alum\u00ednio<\/strong> pode ser utilizado em forno tradicional. Garante uma boa estabilidade durante a cozedura, facilitando o manuseamento. Leve e empilh\u00e1vel, otimiza tamb\u00e9m o armazenamento em laborat\u00f3rio ou armaz\u00e9m.  <\/p>\n<p data-start=\"1053\" data-end=\"1339\">O seu <strong>aspeto de alum\u00ednio<\/strong> confere uma apresenta\u00e7\u00e3o simples e profissional, adequada tanto para take-away como para servi\u00e7o de restaura\u00e7\u00e3o. Acondicionado em <strong>lotes de 100<\/strong> unidades, constitui uma solu\u00e7\u00e3o pr\u00e1tica e econ\u00f3mica para uma utiliza\u00e7\u00e3o regular ou produ\u00e7\u00e3o em s\u00e9rie. <\/p>\n<p data-start=\"1053\" data-end=\"1339\">\n<p><!--more--><\/p>\n<p><strong>Vantagens :<\/strong><\/p>\n<ul>\n<li data-start=\"918\" data-end=\"1004\">Cozedura, congela\u00e7\u00e3o e transporte.<\/li>\n<li data-start=\"918\" data-end=\"1004\">Suporta temperaturas altas e baixas.<\/li>\n<li data-start=\"918\" data-end=\"1004\">Alum\u00ednio de qualidade para preservar a frescura e o sabor.<\/li>\n<li data-start=\"918\" data-end=\"1004\">F\u00e1cil de armazenar e manusear.<\/li>\n<li data-start=\"918\" data-end=\"1004\"><strong>Lote de 100<\/strong> para uso profissional ou dom\u00e9stico.<\/li>\n<\/ul>\n<p>&nbsp;<\/p>\n<p><!--more--><\/p>\n<h4>Outras informa\u00e7\u00f5es :<\/h4>\n<ul>\n<li><strong>Embalagem<\/strong>: Pacote de 100<\/li>\n<li><strong>Dimens\u00f5es<\/strong>: \u00d865 x 48 mm (\u00d8 x h)<\/li>\n<li><strong>Volume<\/strong>: 105 ml<\/li>\n<li><strong>Material<\/strong>: Alum\u00ednio<\/li>\n<li><b>Temperatura de funcionamento <\/b>: -20\u00b0C \/ +350\u00b0C<\/li>\n<\/ul>\n<p>&nbsp;<\/p>\n<p><!--more--><\/p>\n<p>Este produto est\u00e1 dispon\u00edvel em v\u00e1rios tamanhos: <span style=\"color: #d12727;\"><a style=\"color: #d12727;\" href=\"https:\/\/www.csj-emballages.com\/es\/produit\/250-vasos-de-aluminio-desechables-14-ml\/\">14 ml<\/a> <span style=\"color: #000000;\">\/<\/span> <a style=\"color: #d12727;\" href=\"https:\/\/www.csj-emballages.com\/es\/produit\/100-vasos-de-aluminio-desechables-de-90-ml\/\">90 ml<\/a> <span style=\"color: #000000;\">\/<\/span> <a style=\"color: #d12727;\" href=\"https:\/\/www.csj-emballages.com\/es\/produit\/100-vasos-de-aluminio-desechables-150-ml\/\">150 ml<\/a><\/span><\/p>\n<p>&nbsp;<\/p>\n<p><!--more--><\/p>\n<p><a href=\"https:\/\/www.csj-emballages.com\/pt-pt\/categorie-produit\/embalagem-de-alimentos\/talho-e-charcutaria\/tabuleiros-latas-e-frascos\/tabuleiros-de-aluminio-pratos-formas-tabuleiros-de-refeicao-copos-ramequins-empadas-de-carne\/baldes-pt-pt\/\">Ver o resto da nossa gama de baldes de alum\u00ednio<\/a><\/p>\n","protected":false},"excerpt":{"rendered":"<p>Balde de alum\u00ednio Descri\u00e7\u00e3o do nosso copo de alum\u00ednio 105 ml por 100<\/p>\n","protected":false},"featured_media":228003,"template":"","meta":{"_acf_changed":false},"product_brand":[],"product_cat":[1176,2001,2419],"product_tag":[],"class_list":{"0":"post-21593","1":"product","2":"type-product","3":"status-publish","4":"has-post-thumbnail","6":"product_cat-talho-e-charcutaria","7":"product_cat-tabuleiros-de-aluminio-pratos-formas-tabuleiros-de-refeicao-copos-ramequins-empadas-de-carne","8":"product_cat-baldes-pt-pt","10":"first","11":"instock","12":"taxable","13":"shipping-taxable","14":"purchasable","15":"product-type-simple"},"acf":[],"yoast_head":"<!-- This site is optimized with the Yoast SEO Premium plugin v26.6 (Yoast SEO v26.6) - https:\/\/yoast.com\/wordpress\/plugins\/seo\/ -->\n<title>Copo de alum\u00ednio 105 ml por 100<\/title>\n<meta name=\"description\" content=\"Copo de alum\u00ednio 105 ml - Lote de 100. Ideal para molhos ou sobremesas. Resistente, recicl\u00e1vel e pr\u00e1tico para restaura\u00e7\u00e3o e take-away.\" \/>\n<meta name=\"robots\" content=\"index, follow, max-snippet:-1, max-image-preview:large, max-video-preview:-1\" \/>\n<link rel=\"canonical\" href=\"https:\/\/www.csj-emballages.com\/pt-pt\/produit\/100-copos-de-aluminio-descartaveis-109-ml\/\" \/>\n<meta property=\"og:locale\" content=\"pt_PT\" \/>\n<meta property=\"og:type\" content=\"article\" \/>\n<meta property=\"og:title\" content=\"Copo de alum\u00ednio 105 ml por 100\" \/>\n<meta property=\"og:description\" content=\"Copo de alum\u00ednio 105 ml - Lote de 100. Ideal para molhos ou sobremesas. Resistente, recicl\u00e1vel e pr\u00e1tico para restaura\u00e7\u00e3o e take-away.\" \/>\n<meta property=\"og:url\" content=\"https:\/\/www.csj-emballages.com\/pt-pt\/produit\/100-copos-de-aluminio-descartaveis-109-ml\/\" \/>\n<meta property=\"og:site_name\" content=\"CSJ Emballages\" \/>\n<meta property=\"article:publisher\" content=\"https:\/\/www.facebook.com\/csjemballages\" \/>\n<meta property=\"article:modified_time\" content=\"2026-04-15T15:00:50+00:00\" \/>\n<meta property=\"og:image\" content=\"https:\/\/www.csj-emballages.com\/wp-content\/uploads\/2024\/03\/GO105.webp\" \/>\n\t<meta property=\"og:image:width\" content=\"800\" \/>\n\t<meta property=\"og:image:height\" content=\"799\" \/>\n\t<meta property=\"og:image:type\" content=\"image\/webp\" \/>\n<meta name=\"twitter:card\" content=\"summary_large_image\" \/>\n<meta name=\"twitter:label1\" content=\"Tempo estimado de leitura\" \/>\n\t<meta name=\"twitter:data1\" content=\"1 minuto\" \/>\n<script type=\"application\/ld+json\" class=\"yoast-schema-graph\">{\"@context\":\"https:\/\/schema.org\",\"@graph\":[{\"@type\":\"WebPage\",\"@id\":\"https:\/\/www.csj-emballages.com\/pt-pt\/produit\/100-copos-de-aluminio-descartaveis-109-ml\/\",\"url\":\"https:\/\/www.csj-emballages.com\/pt-pt\/produit\/100-copos-de-aluminio-descartaveis-109-ml\/\",\"name\":\"Copo de alum\u00ednio 105 ml por 100\",\"isPartOf\":{\"@id\":\"https:\/\/www.csj-emballages.com\/pt-pt\/#website\"},\"primaryImageOfPage\":{\"@id\":\"https:\/\/www.csj-emballages.com\/pt-pt\/produit\/100-copos-de-aluminio-descartaveis-109-ml\/#primaryimage\"},\"image\":{\"@id\":\"https:\/\/www.csj-emballages.com\/pt-pt\/produit\/100-copos-de-aluminio-descartaveis-109-ml\/#primaryimage\"},\"thumbnailUrl\":\"https:\/\/www.csj-emballages.com\/wp-content\/uploads\/2024\/03\/GO105.webp\",\"datePublished\":\"2024-03-01T15:53:04+00:00\",\"dateModified\":\"2026-04-15T15:00:50+00:00\",\"description\":\"Copo de alum\u00ednio 105 ml - Lote de 100. Ideal para molhos ou sobremesas. Resistente, recicl\u00e1vel e pr\u00e1tico para restaura\u00e7\u00e3o e take-away.\",\"breadcrumb\":{\"@id\":\"https:\/\/www.csj-emballages.com\/pt-pt\/produit\/100-copos-de-aluminio-descartaveis-109-ml\/#breadcrumb\"},\"inLanguage\":\"pt-PT\",\"potentialAction\":[{\"@type\":\"ReadAction\",\"target\":[\"https:\/\/www.csj-emballages.com\/pt-pt\/produit\/100-copos-de-aluminio-descartaveis-109-ml\/\"]}]},{\"@type\":\"ImageObject\",\"inLanguage\":\"pt-PT\",\"@id\":\"https:\/\/www.csj-emballages.com\/pt-pt\/produit\/100-copos-de-aluminio-descartaveis-109-ml\/#primaryimage\",\"url\":\"https:\/\/www.csj-emballages.com\/wp-content\/uploads\/2024\/03\/GO105.webp\",\"contentUrl\":\"https:\/\/www.csj-emballages.com\/wp-content\/uploads\/2024\/03\/GO105.webp\",\"width\":800,\"height\":799,\"caption\":\"Godet aluminium\"},{\"@type\":\"BreadcrumbList\",\"@id\":\"https:\/\/www.csj-emballages.com\/pt-pt\/produit\/100-copos-de-aluminio-descartaveis-109-ml\/#breadcrumb\",\"itemListElement\":[{\"@type\":\"ListItem\",\"position\":1,\"name\":\"Acolhimento\",\"item\":\"https:\/\/www.csj-emballages.com\/pt-pt\/universo-das-embalagens-alimentares\/\"},{\"@type\":\"ListItem\",\"position\":2,\"name\":\"Shop\",\"item\":\"https:\/\/www.csj-emballages.com\/shop\/\"},{\"@type\":\"ListItem\",\"position\":3,\"name\":\"Copo de alum\u00ednio 105 ml por 100\"}]},{\"@type\":\"WebSite\",\"@id\":\"https:\/\/www.csj-emballages.com\/pt-pt\/#website\",\"url\":\"https:\/\/www.csj-emballages.com\/pt-pt\/\",\"name\":\"CSJ Emballages\",\"description\":\"\",\"publisher\":{\"@id\":\"https:\/\/www.csj-emballages.com\/pt-pt\/#organization\"},\"potentialAction\":[{\"@type\":\"SearchAction\",\"target\":{\"@type\":\"EntryPoint\",\"urlTemplate\":\"https:\/\/www.csj-emballages.com\/pt-pt\/?s={search_term_string}\"},\"query-input\":{\"@type\":\"PropertyValueSpecification\",\"valueRequired\":true,\"valueName\":\"search_term_string\"}}],\"inLanguage\":\"pt-PT\"},{\"@type\":\"Organization\",\"@id\":\"https:\/\/www.csj-emballages.com\/pt-pt\/#Organization\/\",\"name\":\"CSJ Emballages\",\"url\":\"https:\/\/www.csj-emballages.com\/pt-pt\/\",\"logo\":{\"@type\":\"ImageObject\",\"inLanguage\":\"pt-PT\",\"@id\":\"https:\/\/www.csj-emballages.com\/pt-pt\/#\/schema\/logo\/image\/\",\"url\":\"https:\/\/www.csj-emballages.com\/wp-content\/uploads\/2023\/10\/logo_csj.webp\",\"contentUrl\":\"https:\/\/www.csj-emballages.com\/wp-content\/uploads\/2023\/10\/logo_csj.webp\",\"width\":250,\"height\":95,\"caption\":\"CSJ Emballages\"},\"image\":{\"@id\":\"https:\/\/www.csj-emballages.com\/pt-pt\/#\/schema\/logo\/image\/\"},\"sameAs\":[\"https:\/\/www.facebook.com\/csjemballages\"],\"address\":{\"@type\":\"PostalAddress\",\"streetAddress\":\"ZI La Lechere\",\"addressLocality\":\"Patornay\",\"postalCode\":\"39130\",\"addressCountry\":\"FR\"},\"contactPoint\":[{\"@type\":\"ContactPoint\",\"contactType\":\"Service client\",\"telephone\":\"0384254272\",\"email\":\"contact@csj-emballages.com\"}]}]}<\/script>\n<!-- \/ Yoast SEO Premium plugin. -->","yoast_head_json":{"title":"Copo de alum\u00ednio 105 ml por 100","description":"Copo de alum\u00ednio 105 ml - Lote de 100. Ideal para molhos ou sobremesas. Resistente, recicl\u00e1vel e pr\u00e1tico para restaura\u00e7\u00e3o e take-away.","robots":{"index":"index","follow":"follow","max-snippet":"max-snippet:-1","max-image-preview":"max-image-preview:large","max-video-preview":"max-video-preview:-1"},"canonical":"https:\/\/www.csj-emballages.com\/pt-pt\/produit\/100-copos-de-aluminio-descartaveis-109-ml\/","og_locale":"pt_PT","og_type":"article","og_title":"Copo de alum\u00ednio 105 ml por 100","og_description":"Copo de alum\u00ednio 105 ml - Lote de 100. Ideal para molhos ou sobremesas. Resistente, recicl\u00e1vel e pr\u00e1tico para restaura\u00e7\u00e3o e take-away.","og_url":"https:\/\/www.csj-emballages.com\/pt-pt\/produit\/100-copos-de-aluminio-descartaveis-109-ml\/","og_site_name":"CSJ Emballages","article_publisher":"https:\/\/www.facebook.com\/csjemballages","article_modified_time":"2026-04-15T15:00:50+00:00","og_image":[{"width":800,"height":799,"url":"https:\/\/www.csj-emballages.com\/wp-content\/uploads\/2024\/03\/GO105.webp","type":"image\/webp"}],"twitter_card":"summary_large_image","twitter_misc":{"Tempo estimado de leitura":"1 minuto"},"schema":{"@context":"https:\/\/schema.org","@graph":[{"@type":"WebPage","@id":"https:\/\/www.csj-emballages.com\/pt-pt\/produit\/100-copos-de-aluminio-descartaveis-109-ml\/","url":"https:\/\/www.csj-emballages.com\/pt-pt\/produit\/100-copos-de-aluminio-descartaveis-109-ml\/","name":"Copo de alum\u00ednio 105 ml por 100","isPartOf":{"@id":"https:\/\/www.csj-emballages.com\/pt-pt\/#website"},"primaryImageOfPage":{"@id":"https:\/\/www.csj-emballages.com\/pt-pt\/produit\/100-copos-de-aluminio-descartaveis-109-ml\/#primaryimage"},"image":{"@id":"https:\/\/www.csj-emballages.com\/pt-pt\/produit\/100-copos-de-aluminio-descartaveis-109-ml\/#primaryimage"},"thumbnailUrl":"https:\/\/www.csj-emballages.com\/wp-content\/uploads\/2024\/03\/GO105.webp","datePublished":"2024-03-01T15:53:04+00:00","dateModified":"2026-04-15T15:00:50+00:00","description":"Copo de alum\u00ednio 105 ml - Lote de 100. Ideal para molhos ou sobremesas. Resistente, recicl\u00e1vel e pr\u00e1tico para restaura\u00e7\u00e3o e take-away.","breadcrumb":{"@id":"https:\/\/www.csj-emballages.com\/pt-pt\/produit\/100-copos-de-aluminio-descartaveis-109-ml\/#breadcrumb"},"inLanguage":"pt-PT","potentialAction":[{"@type":"ReadAction","target":["https:\/\/www.csj-emballages.com\/pt-pt\/produit\/100-copos-de-aluminio-descartaveis-109-ml\/"]}]},{"@type":"ImageObject","inLanguage":"pt-PT","@id":"https:\/\/www.csj-emballages.com\/pt-pt\/produit\/100-copos-de-aluminio-descartaveis-109-ml\/#primaryimage","url":"https:\/\/www.csj-emballages.com\/wp-content\/uploads\/2024\/03\/GO105.webp","contentUrl":"https:\/\/www.csj-emballages.com\/wp-content\/uploads\/2024\/03\/GO105.webp","width":800,"height":799,"caption":"Godet aluminium"},{"@type":"BreadcrumbList","@id":"https:\/\/www.csj-emballages.com\/pt-pt\/produit\/100-copos-de-aluminio-descartaveis-109-ml\/#breadcrumb","itemListElement":[{"@type":"ListItem","position":1,"name":"Acolhimento","item":"https:\/\/www.csj-emballages.com\/pt-pt\/universo-das-embalagens-alimentares\/"},{"@type":"ListItem","position":2,"name":"Shop","item":"https:\/\/www.csj-emballages.com\/shop\/"},{"@type":"ListItem","position":3,"name":"Copo de alum\u00ednio 105 ml por 100"}]},{"@type":"WebSite","@id":"https:\/\/www.csj-emballages.com\/pt-pt\/#website","url":"https:\/\/www.csj-emballages.com\/pt-pt\/","name":"CSJ Emballages","description":"","publisher":{"@id":"https:\/\/www.csj-emballages.com\/pt-pt\/#organization"},"potentialAction":[{"@type":"SearchAction","target":{"@type":"EntryPoint","urlTemplate":"https:\/\/www.csj-emballages.com\/pt-pt\/?s={search_term_string}"},"query-input":{"@type":"PropertyValueSpecification","valueRequired":true,"valueName":"search_term_string"}}],"inLanguage":"pt-PT"},{"@type":"Organization","@id":"https:\/\/www.csj-emballages.com\/pt-pt\/#Organization\/","name":"CSJ Emballages","url":"https:\/\/www.csj-emballages.com\/pt-pt\/","logo":{"@type":"ImageObject","inLanguage":"pt-PT","@id":"https:\/\/www.csj-emballages.com\/pt-pt\/#\/schema\/logo\/image\/","url":"https:\/\/www.csj-emballages.com\/wp-content\/uploads\/2023\/10\/logo_csj.webp","contentUrl":"https:\/\/www.csj-emballages.com\/wp-content\/uploads\/2023\/10\/logo_csj.webp","width":250,"height":95,"caption":"CSJ Emballages"},"image":{"@id":"https:\/\/www.csj-emballages.com\/pt-pt\/#\/schema\/logo\/image\/"},"sameAs":["https:\/\/www.facebook.com\/csjemballages"],"address":{"@type":"PostalAddress","streetAddress":"ZI La Lechere","addressLocality":"Patornay","postalCode":"39130","addressCountry":"FR"},"contactPoint":[{"@type":"ContactPoint","contactType":"Service client","telephone":"0384254272","email":"contact@csj-emballages.com"}]}]}},"df_price":4.26,"df_sale_price":"","df_regular_price":4.26,"df_image_link":"https:\/\/www.csj-emballages.com\/wp-content\/uploads\/2024\/03\/GO105-300x300.webp","tiered_pricing_type":"fixed","tiered_pricing_fixed_rules":[],"tiered_pricing_percentage_rules":[],"tiered_pricing_minimum":1,"tiered_pricing_roles_data":[],"_links":{"self":[{"href":"https:\/\/www.csj-emballages.com\/pt-pt\/wp-json\/wp\/v2\/product\/21593","targetHints":{"allow":["GET"]}}],"collection":[{"href":"https:\/\/www.csj-emballages.com\/pt-pt\/wp-json\/wp\/v2\/product"}],"about":[{"href":"https:\/\/www.csj-emballages.com\/pt-pt\/wp-json\/wp\/v2\/types\/product"}],"wp:featuredmedia":[{"embeddable":true,"href":"https:\/\/www.csj-emballages.com\/pt-pt\/wp-json\/wp\/v2\/media\/228003"}],"wp:attachment":[{"href":"https:\/\/www.csj-emballages.com\/pt-pt\/wp-json\/wp\/v2\/media?parent=21593"}],"wp:term":[{"taxonomy":"product_brand","embeddable":true,"href":"https:\/\/www.csj-emballages.com\/pt-pt\/wp-json\/wp\/v2\/product_brand?post=21593"},{"taxonomy":"product_cat","embeddable":true,"href":"https:\/\/www.csj-emballages.com\/pt-pt\/wp-json\/wp\/v2\/product_cat?post=21593"},{"taxonomy":"product_tag","embeddable":true,"href":"https:\/\/www.csj-emballages.com\/pt-pt\/wp-json\/wp\/v2\/product_tag?post=21593"}],"curies":[{"name":"wp","href":"https:\/\/api.w.org\/{rel}","templated":true}]}}