{"id":21563,"date":"2024-03-01T16:53:05","date_gmt":"2024-03-01T15:53:05","guid":{"rendered":"https:\/\/u15jnbdpoq.preview.infomaniak.website\/produit\/100-luvas-de-nitrilo-sem-po-preto-medio-8\/"},"modified":"2026-04-30T02:13:48","modified_gmt":"2026-04-30T00:13:48","slug":"100-luvas-de-nitrilo-sem-po-preto-medio-8","status":"publish","type":"product","link":"https:\/\/www.csj-emballages.com\/pt-pt\/produit\/100-luvas-de-nitrilo-sem-po-preto-medio-8\/","title":{"rendered":"Luva de nitrilo sem p\u00f3 preta m\u00e9dia 8 por 100"},"content":{"rendered":"<h2>Luva de nitrilo<\/h2>\n<hr>\n<h3>Descubra a nossa luva de nitrilo sem p\u00f3 preta m\u00e9dia 8 por 100<\/h3>\n<p><!--more--><\/p>\n<p data-start=\"254\" data-end=\"654\">Estas <strong data-start=\"258\" data-end=\"296\">luvas de nitrilo pretas sem p\u00f3<\/strong>, tamanho <strong>m\u00e9dio 8<\/strong>, foram concebidas para quem procura precis\u00e3o, conforto e fiabilidade no dia a dia. Assim que as veste, <strong>moldam-se naturalmente \u00e0 m\u00e3o<\/strong> e oferecem uma sensa\u00e7\u00e3o de controlo imediato. Gra\u00e7as ao seu design <strong data-start=\"545\" data-end=\"559\">ambidextro<\/strong>, poupa tempo: n\u00e3o precisa de procurar o lado certo, cada luva adapta-se perfeitamente.  <\/p>\n<p data-start=\"656\" data-end=\"1095\">A <strong data-start=\"659\" data-end=\"673\">borda enrolada<\/strong> facilita a coloca\u00e7\u00e3o, limitando os riscos de rasgo. Al\u00e9m disso, refor\u00e7a a fixa\u00e7\u00e3o da <strong>luva no pulso<\/strong>, mesmo durante uma utiliza\u00e7\u00e3o prolongada. Os <strong data-start=\"830\" data-end=\"849\">dedos texturados<\/strong>, por sua vez, proporcionam uma excelente ader\u00eancia. Desta forma, manuseia os objetos com precis\u00e3o, mesmo em ambientes h\u00famidos ou gordurosos. A <strong data-start=\"988\" data-end=\"1013\">textura antiderrapante<\/strong> melhora o controlo dos movimentos e reduz a fadiga durante tarefas repetitivas.    <\/p>\n<p data-start=\"1097\" data-end=\"1403\">Outro ponto importante: estas <strong>luvas<\/strong> s\u00e3o <strong data-start=\"1136\" data-end=\"1151\">sem p\u00f3<\/strong>, o que limita os riscos de irrita\u00e7\u00e3o e evita a contamina\u00e7\u00e3o de superf\u00edcies ou produtos manuseados. S\u00e3o, portanto, perfeitas para \u00e1reas exigentes como a restaura\u00e7\u00e3o, a \u00e1rea m\u00e9dica, a limpeza profissional ou a est\u00e9tica. <\/p>\n<p data-start=\"1405\" data-end=\"1672\">Para a remo\u00e7\u00e3o, recomenda-se um m\u00e9todo simples e higi\u00e9nico: dobre a extremidade do punho e retire a luva, virando-a do avesso para evitar o contacto com a parte exterior. Este gesto limita eficazmente os riscos de contamina\u00e7\u00e3o. <\/p>\n<p data-start=\"1674\" data-end=\"1901\">Por fim, a sua <strong data-start=\"1686\" data-end=\"1706\">qualidade m\u00e9dica<\/strong> garante uma prote\u00e7\u00e3o fi\u00e1vel e em conformidade com as utiliza\u00e7\u00f5es profissionais. Vendidas em <strong data-start=\"1788\" data-end=\"1804\">caixas de 100<\/strong>, estas <strong>luvas de nitrilo<\/strong> representam uma solu\u00e7\u00e3o pr\u00e1tica, econ\u00f3mica e segura para uma utiliza\u00e7\u00e3o regular. <\/p>\n<p data-start=\"1624\" data-end=\"1834\"><!--more--><\/p>\n<h4 data-start=\"1624\" data-end=\"1834\">Vantagens :<\/h4>\n<ul>\n<li data-start=\"1929\" data-end=\"1968\"><strong>Nitrilo preto<\/strong> resistente e confort\u00e1vel.<\/li>\n<li data-start=\"1971\" data-end=\"2007\">Sem p\u00f3, limita as irrita\u00e7\u00f5es.<\/li>\n<li data-start=\"2010\" data-end=\"2041\"><strong>Ambidextra<\/strong>, r\u00e1pida de usar.<\/li>\n<li data-start=\"2044\" data-end=\"2090\"><strong>Dedos texturados<\/strong> para uma melhor precis\u00e3o.<\/li>\n<li data-start=\"2093\" data-end=\"2127\"><strong>Borda enrolada<\/strong> para maior solidez.<\/li>\n<li data-start=\"2130\" data-end=\"2164\">Qualidade m\u00e9dica profissional.<\/li>\n<\/ul>\n<p>&nbsp;<\/p>\n<p><!--more--><\/p>\n<h4>Outras informa\u00e7\u00f5es :<\/h4>\n<ul>\n<li><strong>Embalagem<\/strong>: Pacote de 100<\/li>\n<li><strong>Tamanho<\/strong>: M<\/li>\n<li><strong>Comprimento<\/strong>: 240 mm<\/li>\n<li><strong>Largura da palma<\/strong>: 95 mm<\/li>\n<li><strong>Peso<\/strong>: 3,5 g<\/li>\n<li><strong>Material<\/strong>: Nitrilo (sem p\u00f3)<\/li>\n<\/ul>\n<p>&nbsp;<\/p>\n<p><!--more--><\/p>\n<p>Estas luvas de nitrilo tamanho M est\u00e3o dispon\u00edveis em diferentes tamanhos: <span style=\"color: #d12727;\"><a style=\"color: #d12727;\" href=\"https:\/\/www.csj-emballages.com\/produit\/100-gants-nitriles-non-poudre-noir-small-7\/?_gl=1*yjrk72*_up*MQ..*_ga*NTU1MDIwOTMwLjE3NjkxNzgwNTE.*_ga_YNVJLRSSZT*czE3NjkxNzgwNTAkbzEkZzAkdDE3NjkxNzgwNTAkajYwJGwwJGgxOTk3ODQxOTI0\">Small<\/a><\/span> \/ <span style=\"color: #d12727;\"><a style=\"color: #d12727;\" href=\"https:\/\/www.csj-emballages.com\/produit\/100-gants-nitriles-non-poudre-noir-large-9-l\/?_gl=1*y0uche*_up*MQ..*_ga*NTU1MDIwOTMwLjE3NjkxNzgwNTE.*_ga_YNVJLRSSZT*czE3NjkxNzgwNTAkbzEkZzAkdDE3NjkxNzgwNTAkajYwJGwwJGgxOTk3ODQxOTI0\">Large<\/a><\/span> \/ <span style=\"color: #d12727;\"><a style=\"color: #d12727;\" href=\"https:\/\/www.csj-emballages.com\/produit\/100-gants-nitriles-noir-non-poudre-extra-large-10\/?_gl=1*1l2uey9*_up*MQ..*_ga*NTU1MDIwOTMwLjE3NjkxNzgwNTE.*_ga_YNVJLRSSZT*czE3NjkxNzgwNTAkbzEkZzAkdDE3NjkxNzgwNTAkajYwJGwwJGgxOTk3ODQxOTI0\">Extra large<\/a><\/span><\/p>\n<p>&nbsp;<\/p>\n<p><!--more--><\/p>\n<p><a href=\"https:\/\/www.csj-emballages.com\/categorie-produit\/hygiene-et-entretiens\/equipements-individuels\/gants\/gants-nitrile\/?_gl=1*61uc40*_up*MQ..*_ga*MTQ3Nzg2NjAwNy4xNzY5MTc1NTE0*_ga_YNVJLRSSZT*czE3NjkxNzU1MTMkbzEkZzAkdDE3NjkxNzU1MTMkajYwJGwwJGgyMDczNzc3MTA.\">Consulte o resto da nossa gama de luvas de nitrilo<\/a><\/p>\n","protected":false},"excerpt":{"rendered":"<p>Luva de nitrilo Descubra a nossa luva de nitrilo sem p\u00f3 preta m\u00e9dia 8 por 100<\/p>\n","protected":false},"featured_media":262233,"template":"","meta":{"_acf_changed":false},"product_brand":[],"product_cat":[1222,2326,2698,2741],"product_tag":[],"class_list":{"0":"post-21563","1":"product","2":"type-product","3":"status-publish","4":"has-post-thumbnail","6":"product_cat-higiene-e-manutencao","7":"product_cat-equipamento-individual","8":"product_cat-luvas","9":"product_cat-luvas-de-nitrilo","11":"first","12":"instock","13":"taxable","14":"shipping-taxable","15":"purchasable","16":"product-type-simple"},"acf":[],"yoast_head":"<!-- This site is optimized with the Yoast SEO Premium plugin v26.6 (Yoast SEO v26.6) - https:\/\/yoast.com\/wordpress\/plugins\/seo\/ -->\n<title>Luva de Nitrilo sem P\u00f3 Preta M\u00e9dia 8 por 100<\/title>\n<meta name=\"description\" content=\"Luvas de nitrilo pretas sem p\u00f3 tamanho M, ambidextras e de qualidade m\u00e9dica. Caixa de 100, dedos texturados e excelente ader\u00eancia.\" \/>\n<meta name=\"robots\" content=\"index, follow, max-snippet:-1, max-image-preview:large, max-video-preview:-1\" \/>\n<link rel=\"canonical\" href=\"https:\/\/www.csj-emballages.com\/pt-pt\/produit\/100-luvas-de-nitrilo-sem-po-preto-medio-8\/\" \/>\n<meta property=\"og:locale\" content=\"pt_PT\" \/>\n<meta property=\"og:type\" content=\"article\" \/>\n<meta property=\"og:title\" content=\"Luva de nitrilo sem p\u00f3 preta m\u00e9dia 8 por 100\" \/>\n<meta property=\"og:description\" content=\"Luvas de nitrilo pretas sem p\u00f3 tamanho M, ambidextras e de qualidade m\u00e9dica. Caixa de 100, dedos texturados e excelente ader\u00eancia.\" \/>\n<meta property=\"og:url\" content=\"https:\/\/www.csj-emballages.com\/pt-pt\/produit\/100-luvas-de-nitrilo-sem-po-preto-medio-8\/\" \/>\n<meta property=\"og:site_name\" content=\"CSJ Emballages\" \/>\n<meta property=\"article:publisher\" content=\"https:\/\/www.facebook.com\/csjemballages\" \/>\n<meta property=\"article:modified_time\" content=\"2026-04-30T00:13:48+00:00\" \/>\n<meta property=\"og:image\" content=\"https:\/\/www.csj-emballages.com\/wp-content\/uploads\/2024\/03\/Gants-nitrile-noir.webp\" \/>\n\t<meta property=\"og:image:width\" content=\"800\" \/>\n\t<meta property=\"og:image:height\" content=\"800\" \/>\n\t<meta property=\"og:image:type\" content=\"image\/webp\" \/>\n<meta name=\"twitter:card\" content=\"summary_large_image\" \/>\n<meta name=\"twitter:label1\" content=\"Tempo estimado de leitura\" \/>\n\t<meta name=\"twitter:data1\" content=\"2 minutos\" \/>\n<script type=\"application\/ld+json\" class=\"yoast-schema-graph\">{\"@context\":\"https:\/\/schema.org\",\"@graph\":[{\"@type\":\"WebPage\",\"@id\":\"https:\/\/www.csj-emballages.com\/pt-pt\/produit\/100-luvas-de-nitrilo-sem-po-preto-medio-8\/\",\"url\":\"https:\/\/www.csj-emballages.com\/pt-pt\/produit\/100-luvas-de-nitrilo-sem-po-preto-medio-8\/\",\"name\":\"Luva de Nitrilo sem P\u00f3 Preta M\u00e9dia 8 por 100\",\"isPartOf\":{\"@id\":\"https:\/\/www.csj-emballages.com\/pt-pt\/#website\"},\"primaryImageOfPage\":{\"@id\":\"https:\/\/www.csj-emballages.com\/pt-pt\/produit\/100-luvas-de-nitrilo-sem-po-preto-medio-8\/#primaryimage\"},\"image\":{\"@id\":\"https:\/\/www.csj-emballages.com\/pt-pt\/produit\/100-luvas-de-nitrilo-sem-po-preto-medio-8\/#primaryimage\"},\"thumbnailUrl\":\"https:\/\/www.csj-emballages.com\/wp-content\/uploads\/2024\/03\/Gants-nitrile-noir.webp\",\"datePublished\":\"2024-03-01T15:53:05+00:00\",\"dateModified\":\"2026-04-30T00:13:48+00:00\",\"description\":\"Luvas de nitrilo pretas sem p\u00f3 tamanho M, ambidextras e de qualidade m\u00e9dica. Caixa de 100, dedos texturados e excelente ader\u00eancia.\",\"breadcrumb\":{\"@id\":\"https:\/\/www.csj-emballages.com\/pt-pt\/produit\/100-luvas-de-nitrilo-sem-po-preto-medio-8\/#breadcrumb\"},\"inLanguage\":\"pt-PT\",\"potentialAction\":[{\"@type\":\"ReadAction\",\"target\":[\"https:\/\/www.csj-emballages.com\/pt-pt\/produit\/100-luvas-de-nitrilo-sem-po-preto-medio-8\/\"]}]},{\"@type\":\"ImageObject\",\"inLanguage\":\"pt-PT\",\"@id\":\"https:\/\/www.csj-emballages.com\/pt-pt\/produit\/100-luvas-de-nitrilo-sem-po-preto-medio-8\/#primaryimage\",\"url\":\"https:\/\/www.csj-emballages.com\/wp-content\/uploads\/2024\/03\/Gants-nitrile-noir.webp\",\"contentUrl\":\"https:\/\/www.csj-emballages.com\/wp-content\/uploads\/2024\/03\/Gants-nitrile-noir.webp\",\"width\":800,\"height\":800,\"caption\":\"Gant nitrile\"},{\"@type\":\"BreadcrumbList\",\"@id\":\"https:\/\/www.csj-emballages.com\/pt-pt\/produit\/100-luvas-de-nitrilo-sem-po-preto-medio-8\/#breadcrumb\",\"itemListElement\":[{\"@type\":\"ListItem\",\"position\":1,\"name\":\"Acolhimento\",\"item\":\"https:\/\/www.csj-emballages.com\/pt-pt\/universo-das-embalagens-alimentares\/\"},{\"@type\":\"ListItem\",\"position\":2,\"name\":\"Shop\",\"item\":\"https:\/\/www.csj-emballages.com\/shop\/\"},{\"@type\":\"ListItem\",\"position\":3,\"name\":\"Luva de nitrilo sem p\u00f3 preta m\u00e9dia 8 por 100\"}]},{\"@type\":\"WebSite\",\"@id\":\"https:\/\/www.csj-emballages.com\/pt-pt\/#website\",\"url\":\"https:\/\/www.csj-emballages.com\/pt-pt\/\",\"name\":\"CSJ Emballages\",\"description\":\"\",\"publisher\":{\"@id\":\"https:\/\/www.csj-emballages.com\/pt-pt\/#organization\"},\"potentialAction\":[{\"@type\":\"SearchAction\",\"target\":{\"@type\":\"EntryPoint\",\"urlTemplate\":\"https:\/\/www.csj-emballages.com\/pt-pt\/?s={search_term_string}\"},\"query-input\":{\"@type\":\"PropertyValueSpecification\",\"valueRequired\":true,\"valueName\":\"search_term_string\"}}],\"inLanguage\":\"pt-PT\"},{\"@type\":\"Organization\",\"@id\":\"https:\/\/www.csj-emballages.com\/pt-pt\/#Organization\/\",\"name\":\"CSJ Emballages\",\"url\":\"https:\/\/www.csj-emballages.com\/pt-pt\/\",\"logo\":{\"@type\":\"ImageObject\",\"inLanguage\":\"pt-PT\",\"@id\":\"https:\/\/www.csj-emballages.com\/pt-pt\/#\/schema\/logo\/image\/\",\"url\":\"https:\/\/www.csj-emballages.com\/wp-content\/uploads\/2023\/10\/logo_csj.webp\",\"contentUrl\":\"https:\/\/www.csj-emballages.com\/wp-content\/uploads\/2023\/10\/logo_csj.webp\",\"width\":250,\"height\":95,\"caption\":\"CSJ Emballages\"},\"image\":{\"@id\":\"https:\/\/www.csj-emballages.com\/pt-pt\/#\/schema\/logo\/image\/\"},\"sameAs\":[\"https:\/\/www.facebook.com\/csjemballages\"],\"address\":{\"@type\":\"PostalAddress\",\"streetAddress\":\"ZI La Lechere\",\"addressLocality\":\"Patornay\",\"postalCode\":\"39130\",\"addressCountry\":\"FR\"},\"contactPoint\":[{\"@type\":\"ContactPoint\",\"contactType\":\"Service client\",\"telephone\":\"0384254272\",\"email\":\"contact@csj-emballages.com\"}]}]}<\/script>\n<!-- \/ Yoast SEO Premium plugin. -->","yoast_head_json":{"title":"Luva de Nitrilo sem P\u00f3 Preta M\u00e9dia 8 por 100","description":"Luvas de nitrilo pretas sem p\u00f3 tamanho M, ambidextras e de qualidade m\u00e9dica. Caixa de 100, dedos texturados e excelente ader\u00eancia.","robots":{"index":"index","follow":"follow","max-snippet":"max-snippet:-1","max-image-preview":"max-image-preview:large","max-video-preview":"max-video-preview:-1"},"canonical":"https:\/\/www.csj-emballages.com\/pt-pt\/produit\/100-luvas-de-nitrilo-sem-po-preto-medio-8\/","og_locale":"pt_PT","og_type":"article","og_title":"Luva de nitrilo sem p\u00f3 preta m\u00e9dia 8 por 100","og_description":"Luvas de nitrilo pretas sem p\u00f3 tamanho M, ambidextras e de qualidade m\u00e9dica. Caixa de 100, dedos texturados e excelente ader\u00eancia.","og_url":"https:\/\/www.csj-emballages.com\/pt-pt\/produit\/100-luvas-de-nitrilo-sem-po-preto-medio-8\/","og_site_name":"CSJ Emballages","article_publisher":"https:\/\/www.facebook.com\/csjemballages","article_modified_time":"2026-04-30T00:13:48+00:00","og_image":[{"width":800,"height":800,"url":"https:\/\/www.csj-emballages.com\/wp-content\/uploads\/2024\/03\/Gants-nitrile-noir.webp","type":"image\/webp"}],"twitter_card":"summary_large_image","twitter_misc":{"Tempo estimado de leitura":"2 minutos"},"schema":{"@context":"https:\/\/schema.org","@graph":[{"@type":"WebPage","@id":"https:\/\/www.csj-emballages.com\/pt-pt\/produit\/100-luvas-de-nitrilo-sem-po-preto-medio-8\/","url":"https:\/\/www.csj-emballages.com\/pt-pt\/produit\/100-luvas-de-nitrilo-sem-po-preto-medio-8\/","name":"Luva de Nitrilo sem P\u00f3 Preta M\u00e9dia 8 por 100","isPartOf":{"@id":"https:\/\/www.csj-emballages.com\/pt-pt\/#website"},"primaryImageOfPage":{"@id":"https:\/\/www.csj-emballages.com\/pt-pt\/produit\/100-luvas-de-nitrilo-sem-po-preto-medio-8\/#primaryimage"},"image":{"@id":"https:\/\/www.csj-emballages.com\/pt-pt\/produit\/100-luvas-de-nitrilo-sem-po-preto-medio-8\/#primaryimage"},"thumbnailUrl":"https:\/\/www.csj-emballages.com\/wp-content\/uploads\/2024\/03\/Gants-nitrile-noir.webp","datePublished":"2024-03-01T15:53:05+00:00","dateModified":"2026-04-30T00:13:48+00:00","description":"Luvas de nitrilo pretas sem p\u00f3 tamanho M, ambidextras e de qualidade m\u00e9dica. Caixa de 100, dedos texturados e excelente ader\u00eancia.","breadcrumb":{"@id":"https:\/\/www.csj-emballages.com\/pt-pt\/produit\/100-luvas-de-nitrilo-sem-po-preto-medio-8\/#breadcrumb"},"inLanguage":"pt-PT","potentialAction":[{"@type":"ReadAction","target":["https:\/\/www.csj-emballages.com\/pt-pt\/produit\/100-luvas-de-nitrilo-sem-po-preto-medio-8\/"]}]},{"@type":"ImageObject","inLanguage":"pt-PT","@id":"https:\/\/www.csj-emballages.com\/pt-pt\/produit\/100-luvas-de-nitrilo-sem-po-preto-medio-8\/#primaryimage","url":"https:\/\/www.csj-emballages.com\/wp-content\/uploads\/2024\/03\/Gants-nitrile-noir.webp","contentUrl":"https:\/\/www.csj-emballages.com\/wp-content\/uploads\/2024\/03\/Gants-nitrile-noir.webp","width":800,"height":800,"caption":"Gant nitrile"},{"@type":"BreadcrumbList","@id":"https:\/\/www.csj-emballages.com\/pt-pt\/produit\/100-luvas-de-nitrilo-sem-po-preto-medio-8\/#breadcrumb","itemListElement":[{"@type":"ListItem","position":1,"name":"Acolhimento","item":"https:\/\/www.csj-emballages.com\/pt-pt\/universo-das-embalagens-alimentares\/"},{"@type":"ListItem","position":2,"name":"Shop","item":"https:\/\/www.csj-emballages.com\/shop\/"},{"@type":"ListItem","position":3,"name":"Luva de nitrilo sem p\u00f3 preta m\u00e9dia 8 por 100"}]},{"@type":"WebSite","@id":"https:\/\/www.csj-emballages.com\/pt-pt\/#website","url":"https:\/\/www.csj-emballages.com\/pt-pt\/","name":"CSJ Emballages","description":"","publisher":{"@id":"https:\/\/www.csj-emballages.com\/pt-pt\/#organization"},"potentialAction":[{"@type":"SearchAction","target":{"@type":"EntryPoint","urlTemplate":"https:\/\/www.csj-emballages.com\/pt-pt\/?s={search_term_string}"},"query-input":{"@type":"PropertyValueSpecification","valueRequired":true,"valueName":"search_term_string"}}],"inLanguage":"pt-PT"},{"@type":"Organization","@id":"https:\/\/www.csj-emballages.com\/pt-pt\/#Organization\/","name":"CSJ Emballages","url":"https:\/\/www.csj-emballages.com\/pt-pt\/","logo":{"@type":"ImageObject","inLanguage":"pt-PT","@id":"https:\/\/www.csj-emballages.com\/pt-pt\/#\/schema\/logo\/image\/","url":"https:\/\/www.csj-emballages.com\/wp-content\/uploads\/2023\/10\/logo_csj.webp","contentUrl":"https:\/\/www.csj-emballages.com\/wp-content\/uploads\/2023\/10\/logo_csj.webp","width":250,"height":95,"caption":"CSJ Emballages"},"image":{"@id":"https:\/\/www.csj-emballages.com\/pt-pt\/#\/schema\/logo\/image\/"},"sameAs":["https:\/\/www.facebook.com\/csjemballages"],"address":{"@type":"PostalAddress","streetAddress":"ZI La Lechere","addressLocality":"Patornay","postalCode":"39130","addressCountry":"FR"},"contactPoint":[{"@type":"ContactPoint","contactType":"Service client","telephone":"0384254272","email":"contact@csj-emballages.com"}]}]}},"df_price":4.78,"df_sale_price":"","df_regular_price":4.78,"df_image_link":"https:\/\/www.csj-emballages.com\/wp-content\/uploads\/2024\/03\/Gants-nitrile-noir-300x300.webp","tiered_pricing_type":"fixed","tiered_pricing_fixed_rules":[],"tiered_pricing_percentage_rules":[],"tiered_pricing_minimum":1,"tiered_pricing_roles_data":[],"_links":{"self":[{"href":"https:\/\/www.csj-emballages.com\/pt-pt\/wp-json\/wp\/v2\/product\/21563","targetHints":{"allow":["GET"]}}],"collection":[{"href":"https:\/\/www.csj-emballages.com\/pt-pt\/wp-json\/wp\/v2\/product"}],"about":[{"href":"https:\/\/www.csj-emballages.com\/pt-pt\/wp-json\/wp\/v2\/types\/product"}],"wp:featuredmedia":[{"embeddable":true,"href":"https:\/\/www.csj-emballages.com\/pt-pt\/wp-json\/wp\/v2\/media\/262233"}],"wp:attachment":[{"href":"https:\/\/www.csj-emballages.com\/pt-pt\/wp-json\/wp\/v2\/media?parent=21563"}],"wp:term":[{"taxonomy":"product_brand","embeddable":true,"href":"https:\/\/www.csj-emballages.com\/pt-pt\/wp-json\/wp\/v2\/product_brand?post=21563"},{"taxonomy":"product_cat","embeddable":true,"href":"https:\/\/www.csj-emballages.com\/pt-pt\/wp-json\/wp\/v2\/product_cat?post=21563"},{"taxonomy":"product_tag","embeddable":true,"href":"https:\/\/www.csj-emballages.com\/pt-pt\/wp-json\/wp\/v2\/product_tag?post=21563"}],"curies":[{"name":"wp","href":"https:\/\/api.w.org\/{rel}","templated":true}]}}